{"id":2309,"date":"2024-09-18T02:00:25","date_gmt":"2024-09-18T00:00:25","guid":{"rendered":"https:\/\/gardenersfriend.eu\/politik-for-tilbagebetaling\/"},"modified":"2024-11-12T03:18:37","modified_gmt":"2024-11-12T02:18:37","slug":"politik-for-tilbagebetaling","status":"publish","type":"page","link":"https:\/\/gardenersfriend.eu\/da\/politik-for-tilbagebetaling\/","title":{"rendered":"Politik for tilbagebetaling"},"content":{"rendered":"\n<h2 class=\"wp-block-heading has-text-align-center\">Politik for tilbagebetaling<\/h2>\n\n<h4 class=\"wp-block-heading\">Oversigt<\/h4>\n\n<p>Vi har 60 dages returret, hvilket betyder, at du har 60 dage efter modtagelsen af din vare til at anmode om returnering.<br\/><br\/>For at v\u00e6re berettiget til at returnere skal din vare v\u00e6re i samme stand, som du modtog den, ubrugt eller ubrugt, med m\u00e6rker og i den originale emballage.\nDu skal ogs\u00e5 bruge kvittering eller k\u00f8bsbevis. <br\/><br\/>For at starte en returnering kan du kontakte os p\u00e5 <a href=\"mailto:friendofgardeners@gmail.com\">store@gardenersfriend.eu <\/a> Bem\u00e6rk venligst, at returneringer skal sendes til f\u00f8lgende adresse:  <br\/><br\/>Gardeners Friend<br\/>ul.\nPrzegali\u0144ska 163\/6<br\/>80-680 Gda\u0144sk<br\/> Polen <\/p>\n\n<p>Hvis din returnering accepteres, sender vi dig en returforsendelseslabel samt instruktioner om, hvordan og hvor du skal sende din pakke.\nVarer, der sendes tilbage til os uden f\u00f8rst at anmode om returnering, vil ikke blive accepteret. <br\/><br\/>Du kan altid kontakte os for eventuelle sp\u00f8rgsm\u00e5l om returnering p\u00e5 <a href=\"mailto:friendofgardeners@gmail.com\">store@gardenersfriend.eu<\/a><\/p>\n\n<h4 class=\"wp-block-heading\"><strong>Skader og problemer<\/strong><\/h4>\n\n<p>Unders\u00f8g venligst din ordre ved modtagelsen, og kontakt os straks, hvis varen er defekt, beskadiget, eller hvis du modtager den forkerte vare, s\u00e5 vi kan vurdere problemet og rette op p\u00e5 det.<\/p>\n\n<h4 class=\"wp-block-heading\"><strong>Undtagelser\/ikke-returnerbare varer<\/strong><\/h4>\n\n<p>Visse typer varer kan ikke returneres, f.eks. letford\u00e6rvelige varer (s\u00e5som mad, blomster eller planter), specialfremstillede produkter (s\u00e5som specialbestillinger eller personlige varer) og varer til personlig pleje (s\u00e5som sk\u00f8nhedsprodukter).\nVi accepterer heller ikke returnering af farlige materialer, brandfarlige v\u00e6sker eller gasser.\nKontakt os, hvis du har sp\u00f8rgsm\u00e5l eller bekymringer om din specifikke vare.  <\/p>\n\n<p>Vi kan desv\u00e6rre ikke tage udsalgsvarer eller gavekort retur.<\/p>\n\n<h4 class=\"wp-block-heading\"><strong>Udvekslinger<\/strong><\/h4>\n\n<p>Den hurtigste m\u00e5de at sikre, at du f\u00e5r, hvad du vil have, er at returnere den vare, du har, og n\u00e5r returneringen er accepteret, skal du foretage et separat k\u00f8b af den nye vare.<\/p>\n\n<h4 class=\"wp-block-heading\"><strong>Den Europ\u00e6iske Union 14 dages afk\u00f8lingsperiode<\/strong><\/h4>\n\n<p>Uanset ovenst\u00e5ende har du ret til at annullere eller returnere din ordre inden for 14 dage, uanset \u00e5rsag og uden begrundelse, hvis varen sendes til Den Europ\u00e6iske Union.\nSom ovenfor skal din vare v\u00e6re i samme stand, som du modtog den, ubrugt eller ubrugt, med m\u00e6rker og i den originale emballage.\nDu skal ogs\u00e5 bruge kvitteringen eller k\u00f8bsbeviset.  <\/p>\n\n<h4 class=\"wp-block-heading\"><strong>Tilbagebetaling<\/strong><\/h4>\n\n<p>Vi giver dig besked, n\u00e5r vi har modtaget og kontrolleret din returnering, og fort\u00e6ller dig, om refusionen er godkendt eller ej.\nHvis den godkendes, f\u00e5r du automatisk pengene tilbage p\u00e5 din oprindelige betalingsmetode inden for 10 arbejdsdage.\nHusk, at det ogs\u00e5 kan tage lidt tid for din bank eller dit kreditkortselskab at behandle og bogf\u00f8re tilbagebetalingen.<br\/>Hvis der er g\u00e5et mere end 15 hverdage, efter at vi har godkendt din returnering, bedes du kontakte os p\u00e5 <a href=\"mailto:friendofgardeners@gmail.com\">store@gardenersfriend.eu.<\/a>  <\/p>\n\n<p><\/p>\n","protected":false},"excerpt":{"rendered":"<p>Politik for tilbagebetaling Oversigt Vi har 60 dages returret, hvilket betyder, at du har 60 dage efter modtagelsen af din vare til at anmode om returnering. For at v\u00e6re berettiget til at returnere skal din vare v\u00e6re i samme stand, som du modtog den, ubrugt eller ubrugt, med m\u00e6rker og i den originale emballage. Du [&hellip;]<\/p>\n","protected":false},"author":1,"featured_media":0,"parent":0,"menu_order":0,"comment_status":"closed","ping_status":"closed","template":"","meta":{"_uag_custom_page_level_css":"","site-sidebar-layout":"default","site-content-layout":"","ast-site-content-layout":"default","site-content-style":"default","site-sidebar-style":"default","ast-global-header-display":"","ast-banner-title-visibility":"","ast-main-header-display":"","ast-hfb-above-header-display":"","ast-hfb-below-header-display":"","ast-hfb-mobile-header-display":"","site-post-title":"disabled","ast-breadcrumbs-content":"","ast-featured-img":"","footer-sml-layout":"","ast-disable-related-posts":"","theme-transparent-header-meta":"","adv-header-id-meta":"","stick-header-meta":"","header-above-stick-meta":"","header-main-stick-meta":"","header-below-stick-meta":"","astra-migrate-meta-layouts":"default","ast-page-background-enabled":"default","ast-page-background-meta":{"desktop":{"background-color":"var(--ast-global-color-4)","background-image":"","background-repeat":"repeat","background-position":"center center","background-size":"auto","background-attachment":"scroll","background-type":"","background-media":"","overlay-type":"","overlay-color":"","overlay-opacity":"","overlay-gradient":""},"tablet":{"background-color":"","background-image":"","background-repeat":"repeat","background-position":"center center","background-size":"auto","background-attachment":"scroll","background-type":"","background-media":"","overlay-type":"","overlay-color":"","overlay-opacity":"","overlay-gradient":""},"mobile":{"background-color":"","background-image":"","background-repeat":"repeat","background-position":"center center","background-size":"auto","background-attachment":"scroll","background-type":"","background-media":"","overlay-type":"","overlay-color":"","overlay-opacity":"","overlay-gradient":""}},"ast-content-background-meta":{"desktop":{"background-color":"var(--ast-global-color-5)","background-image":"","background-repeat":"repeat","background-position":"center center","background-size":"auto","background-attachment":"scroll","background-type":"","background-media":"","overlay-type":"","overlay-color":"","overlay-opacity":"","overlay-gradient":""},"tablet":{"background-color":"var(--ast-global-color-5)","background-image":"","background-repeat":"repeat","background-position":"center center","background-size":"auto","background-attachment":"scroll","background-type":"","background-media":"","overlay-type":"","overlay-color":"","overlay-opacity":"","overlay-gradient":""},"mobile":{"background-color":"var(--ast-global-color-5)","background-image":"","background-repeat":"repeat","background-position":"center center","background-size":"auto","background-attachment":"scroll","background-type":"","background-media":"","overlay-type":"","overlay-color":"","overlay-opacity":"","overlay-gradient":""}},"footnotes":""},"class_list":["post-2309","page","type-page","status-publish","hentry"],"yoast_head":"<!-- This site is optimized with the Yoast SEO plugin v27.4 - https:\/\/yoast.com\/product\/yoast-seo-wordpress\/ -->\n<title>Politik for tilbagebetaling - Gardeners Friend<\/title>\n<meta name=\"robots\" content=\"index, follow, max-snippet:-1, max-image-preview:large, max-video-preview:-1\" \/>\n<link rel=\"canonical\" href=\"https:\/\/gardenersfriend.eu\/da\/politik-for-tilbagebetaling\/\" \/>\n<meta property=\"og:locale\" content=\"da_DK\" \/>\n<meta property=\"og:type\" content=\"article\" \/>\n<meta property=\"og:title\" content=\"Politik for tilbagebetaling - Gardeners Friend\" \/>\n<meta property=\"og:description\" content=\"Politik for tilbagebetaling Oversigt Vi har 60 dages returret, hvilket betyder, at du har 60 dage efter modtagelsen af din vare til at anmode om returnering. For at v\u00e6re berettiget til at returnere skal din vare v\u00e6re i samme stand, som du modtog den, ubrugt eller ubrugt, med m\u00e6rker og i den originale emballage. Du [&hellip;]\" \/>\n<meta property=\"og:url\" content=\"https:\/\/gardenersfriend.eu\/da\/politik-for-tilbagebetaling\/\" \/>\n<meta property=\"og:site_name\" content=\"Gardeners Friend\" \/>\n<meta property=\"article:publisher\" content=\"https:\/\/www.facebook.com\/people\/Gardeners-Friend-Store\/61566268054378\/\" \/>\n<meta property=\"article:modified_time\" content=\"2024-11-12T02:18:37+00:00\" \/>\n<meta name=\"twitter:card\" content=\"summary_large_image\" \/>\n<meta name=\"twitter:label1\" content=\"Estimeret l\u00e6setid\" \/>\n\t<meta name=\"twitter:data1\" content=\"2 minutter\" \/>\n<script type=\"application\/ld+json\" class=\"yoast-schema-graph\">{\"@context\":\"https:\\\/\\\/schema.org\",\"@graph\":[{\"@type\":\"WebPage\",\"@id\":\"https:\\\/\\\/gardenersfriend.eu\\\/da\\\/politik-for-tilbagebetaling\\\/\",\"url\":\"https:\\\/\\\/gardenersfriend.eu\\\/da\\\/politik-for-tilbagebetaling\\\/\",\"name\":\"Politik for tilbagebetaling - Gardeners Friend\",\"isPartOf\":{\"@id\":\"https:\\\/\\\/gardenersfriend.eu\\\/da\\\/#website\"},\"datePublished\":\"2024-09-18T00:00:25+00:00\",\"dateModified\":\"2024-11-12T02:18:37+00:00\",\"breadcrumb\":{\"@id\":\"https:\\\/\\\/gardenersfriend.eu\\\/da\\\/politik-for-tilbagebetaling\\\/#breadcrumb\"},\"inLanguage\":\"da-DK\",\"potentialAction\":[{\"@type\":\"ReadAction\",\"target\":[\"https:\\\/\\\/gardenersfriend.eu\\\/da\\\/politik-for-tilbagebetaling\\\/\"]}]},{\"@type\":\"BreadcrumbList\",\"@id\":\"https:\\\/\\\/gardenersfriend.eu\\\/da\\\/politik-for-tilbagebetaling\\\/#breadcrumb\",\"itemListElement\":[{\"@type\":\"ListItem\",\"position\":1,\"name\":\"Strona g\u0142\u00f3wna\",\"item\":\"https:\\\/\\\/gardenersfriend.eu\\\/da\\\/\"},{\"@type\":\"ListItem\",\"position\":2,\"name\":\"Politik for tilbagebetaling\"}]},{\"@type\":\"WebSite\",\"@id\":\"https:\\\/\\\/gardenersfriend.eu\\\/da\\\/#website\",\"url\":\"https:\\\/\\\/gardenersfriend.eu\\\/da\\\/\",\"name\":\"Gardeners Friend\",\"description\":\"herbicides, fertilisers, roundup\",\"publisher\":{\"@id\":\"https:\\\/\\\/gardenersfriend.eu\\\/da\\\/#organization\"},\"potentialAction\":[{\"@type\":\"SearchAction\",\"target\":{\"@type\":\"EntryPoint\",\"urlTemplate\":\"https:\\\/\\\/gardenersfriend.eu\\\/da\\\/?s={search_term_string}\"},\"query-input\":{\"@type\":\"PropertyValueSpecification\",\"valueRequired\":true,\"valueName\":\"search_term_string\"}}],\"inLanguage\":\"da-DK\"},{\"@type\":\"Organization\",\"@id\":\"https:\\\/\\\/gardenersfriend.eu\\\/da\\\/#organization\",\"name\":\"Gardeners Friend\",\"url\":\"https:\\\/\\\/gardenersfriend.eu\\\/da\\\/\",\"logo\":{\"@type\":\"ImageObject\",\"inLanguage\":\"da-DK\",\"@id\":\"https:\\\/\\\/gardenersfriend.eu\\\/da\\\/#\\\/schema\\\/logo\\\/image\\\/\",\"url\":\"https:\\\/\\\/gardenersfriend.eu\\\/wp-content\\\/uploads\\\/2025\\\/09\\\/gf_accepted_big_logo.png\",\"contentUrl\":\"https:\\\/\\\/gardenersfriend.eu\\\/wp-content\\\/uploads\\\/2025\\\/09\\\/gf_accepted_big_logo.png\",\"width\":2000,\"height\":1000,\"caption\":\"Gardeners Friend\"},\"image\":{\"@id\":\"https:\\\/\\\/gardenersfriend.eu\\\/da\\\/#\\\/schema\\\/logo\\\/image\\\/\"},\"sameAs\":[\"https:\\\/\\\/www.facebook.com\\\/people\\\/Gardeners-Friend-Store\\\/61566268054378\\\/\",\"https:\\\/\\\/www.instagram.com\\\/gardeners_friend_store\\\/\"]}]}<\/script>\n<!-- \/ Yoast SEO plugin. -->","yoast_head_json":{"title":"Politik for tilbagebetaling - Gardeners Friend","robots":{"index":"index","follow":"follow","max-snippet":"max-snippet:-1","max-image-preview":"max-image-preview:large","max-video-preview":"max-video-preview:-1"},"canonical":"https:\/\/gardenersfriend.eu\/da\/politik-for-tilbagebetaling\/","og_locale":"da_DK","og_type":"article","og_title":"Politik for tilbagebetaling - Gardeners Friend","og_description":"Politik for tilbagebetaling Oversigt Vi har 60 dages returret, hvilket betyder, at du har 60 dage efter modtagelsen af din vare til at anmode om returnering. For at v\u00e6re berettiget til at returnere skal din vare v\u00e6re i samme stand, som du modtog den, ubrugt eller ubrugt, med m\u00e6rker og i den originale emballage. Du [&hellip;]","og_url":"https:\/\/gardenersfriend.eu\/da\/politik-for-tilbagebetaling\/","og_site_name":"Gardeners Friend","article_publisher":"https:\/\/www.facebook.com\/people\/Gardeners-Friend-Store\/61566268054378\/","article_modified_time":"2024-11-12T02:18:37+00:00","twitter_card":"summary_large_image","twitter_misc":{"Estimeret l\u00e6setid":"2 minutter"},"schema":{"@context":"https:\/\/schema.org","@graph":[{"@type":"WebPage","@id":"https:\/\/gardenersfriend.eu\/da\/politik-for-tilbagebetaling\/","url":"https:\/\/gardenersfriend.eu\/da\/politik-for-tilbagebetaling\/","name":"Politik for tilbagebetaling - Gardeners Friend","isPartOf":{"@id":"https:\/\/gardenersfriend.eu\/da\/#website"},"datePublished":"2024-09-18T00:00:25+00:00","dateModified":"2024-11-12T02:18:37+00:00","breadcrumb":{"@id":"https:\/\/gardenersfriend.eu\/da\/politik-for-tilbagebetaling\/#breadcrumb"},"inLanguage":"da-DK","potentialAction":[{"@type":"ReadAction","target":["https:\/\/gardenersfriend.eu\/da\/politik-for-tilbagebetaling\/"]}]},{"@type":"BreadcrumbList","@id":"https:\/\/gardenersfriend.eu\/da\/politik-for-tilbagebetaling\/#breadcrumb","itemListElement":[{"@type":"ListItem","position":1,"name":"Strona g\u0142\u00f3wna","item":"https:\/\/gardenersfriend.eu\/da\/"},{"@type":"ListItem","position":2,"name":"Politik for tilbagebetaling"}]},{"@type":"WebSite","@id":"https:\/\/gardenersfriend.eu\/da\/#website","url":"https:\/\/gardenersfriend.eu\/da\/","name":"Gardeners Friend","description":"herbicides, fertilisers, roundup","publisher":{"@id":"https:\/\/gardenersfriend.eu\/da\/#organization"},"potentialAction":[{"@type":"SearchAction","target":{"@type":"EntryPoint","urlTemplate":"https:\/\/gardenersfriend.eu\/da\/?s={search_term_string}"},"query-input":{"@type":"PropertyValueSpecification","valueRequired":true,"valueName":"search_term_string"}}],"inLanguage":"da-DK"},{"@type":"Organization","@id":"https:\/\/gardenersfriend.eu\/da\/#organization","name":"Gardeners Friend","url":"https:\/\/gardenersfriend.eu\/da\/","logo":{"@type":"ImageObject","inLanguage":"da-DK","@id":"https:\/\/gardenersfriend.eu\/da\/#\/schema\/logo\/image\/","url":"https:\/\/gardenersfriend.eu\/wp-content\/uploads\/2025\/09\/gf_accepted_big_logo.png","contentUrl":"https:\/\/gardenersfriend.eu\/wp-content\/uploads\/2025\/09\/gf_accepted_big_logo.png","width":2000,"height":1000,"caption":"Gardeners Friend"},"image":{"@id":"https:\/\/gardenersfriend.eu\/da\/#\/schema\/logo\/image\/"},"sameAs":["https:\/\/www.facebook.com\/people\/Gardeners-Friend-Store\/61566268054378\/","https:\/\/www.instagram.com\/gardeners_friend_store\/"]}]}},"uagb_featured_image_src":{"full":false,"thumbnail":false,"medium":false,"medium_large":false,"large":false,"1536x1536":false,"2048x2048":false,"woocommerce_thumbnail":false,"woocommerce_single":false,"woocommerce_gallery_thumbnail":false},"uagb_author_info":{"display_name":"admin","author_link":"https:\/\/gardenersfriend.eu\/da\/author\/admin\/"},"uagb_comment_info":0,"uagb_excerpt":"Politik for tilbagebetaling Oversigt Vi har 60 dages returret, hvilket betyder, at du har 60 dage efter modtagelsen af din vare til at anmode om returnering. For at v\u00e6re berettiget til at returnere skal din vare v\u00e6re i samme stand, som du modtog den, ubrugt eller ubrugt, med m\u00e6rker og i den originale emballage. Du&hellip;","jetpack_sharing_enabled":true,"_links":{"self":[{"href":"https:\/\/gardenersfriend.eu\/da\/wp-json\/wp\/v2\/pages\/2309","targetHints":{"allow":["GET"]}}],"collection":[{"href":"https:\/\/gardenersfriend.eu\/da\/wp-json\/wp\/v2\/pages"}],"about":[{"href":"https:\/\/gardenersfriend.eu\/da\/wp-json\/wp\/v2\/types\/page"}],"author":[{"embeddable":true,"href":"https:\/\/gardenersfriend.eu\/da\/wp-json\/wp\/v2\/users\/1"}],"replies":[{"embeddable":true,"href":"https:\/\/gardenersfriend.eu\/da\/wp-json\/wp\/v2\/comments?post=2309"}],"version-history":[{"count":0,"href":"https:\/\/gardenersfriend.eu\/da\/wp-json\/wp\/v2\/pages\/2309\/revisions"}],"wp:attachment":[{"href":"https:\/\/gardenersfriend.eu\/da\/wp-json\/wp\/v2\/media?parent=2309"}],"curies":[{"name":"wp","href":"https:\/\/api.w.org\/{rel}","templated":true}]}}