{"id":2335,"date":"2024-09-18T02:13:52","date_gmt":"2024-09-18T00:13:52","guid":{"rendered":"https:\/\/gardenersfriend.eu\/forsendelsespolitik\/"},"modified":"2025-08-21T16:08:49","modified_gmt":"2025-08-21T14:08:49","slug":"forsendelsespolitik","status":"publish","type":"page","link":"https:\/\/gardenersfriend.eu\/da\/forsendelsespolitik\/","title":{"rendered":"Forsendelsespolitik"},"content":{"rendered":"\n<h2 class=\"wp-block-heading has-text-align-center\">Forsendelsespolitik<\/h2>\n\n<p>Tak, fordi du bes\u00f8ger og handler hos gardenersfriend.eu F\u00f8lgende er de vilk\u00e5r og betingelser, der udg\u00f8r vores forsendelsespolitik.<\/p>\n\n<h4 class=\"wp-block-heading\"><strong>Forsendelsens behandlingstid<\/strong><\/h4>\n\n<p>Alle ordrer behandles inden for 1-3 arbejdsdage. Ordrer afsendes eller leveres ikke i weekender eller p\u00e5 helligdage. Hvis vi oplever en stor m\u00e6ngde ordrer, kan forsendelserne blive forsinket med et par dage. Tillad venligst yderligere dage i transit til levering. Hvis der er en v\u00e6sentlig forsinkelse i forsendelsen af din ordre, kontakter vi dig via e-mail.    <\/p>\n\n<h4 class=\"wp-block-heading\"><strong>Forsendelsespriser og leveringsestimater<\/strong><\/h4>\n\n<p>Vi sender via GLS, lejlighedsvis DPD og tilbyder gratis levering.<br\/>Ansl\u00e5et leveringstid er 1-4 arbejdsdage. <br\/>Leveringsforsinkelser kan lejlighedsvis forekomme.<\/p>\n\n<h4 class=\"wp-block-heading\"><strong>Forsendelsesbekr\u00e6ftelse og ordresporing<\/strong><\/h4>\n\n<p>Du modtager en e-mail med forsendelsesbekr\u00e6ftelse, n\u00e5r din ordre er afsendt, med dit\/dine sporingsnummer(e).  <\/p>\n\n<h4 class=\"wp-block-heading\"><strong>Skadeserstatning<\/strong><\/h4>\n\n<p>gardenersfriend.eu er ikke ansvarlig for produkter, der er beskadiget eller g\u00e5et tabt under forsendelsen. Hvis du bem\u00e6rker nogen skader, mens du modtager leveringen, bedes du rapportere det til leveringsmanden. Hvis du har modtaget din ordre beskadiget, bedes du kontakte os via e-mail og beskrive situationen. Vi vil indgive et krav til kurerfirmaet.   <br\/><\/p>\n\n<p><\/p>\n","protected":false},"excerpt":{"rendered":"<p>Forsendelsespolitik Tak, fordi du bes\u00f8ger og handler hos gardenersfriend.eu F\u00f8lgende er de vilk\u00e5r og betingelser, der udg\u00f8r vores forsendelsespolitik. Forsendelsens behandlingstid Alle ordrer behandles inden for 1-3 arbejdsdage. Ordrer afsendes eller leveres ikke i weekender eller p\u00e5 helligdage. Hvis vi oplever en stor m\u00e6ngde ordrer, kan forsendelserne blive forsinket med et par dage. Tillad venligst [&hellip;]<\/p>\n","protected":false},"author":1,"featured_media":0,"parent":0,"menu_order":0,"comment_status":"closed","ping_status":"closed","template":"","meta":{"_uag_custom_page_level_css":"","site-sidebar-layout":"default","site-content-layout":"","ast-site-content-layout":"default","site-content-style":"default","site-sidebar-style":"default","ast-global-header-display":"","ast-banner-title-visibility":"","ast-main-header-display":"","ast-hfb-above-header-display":"","ast-hfb-below-header-display":"","ast-hfb-mobile-header-display":"","site-post-title":"disabled","ast-breadcrumbs-content":"","ast-featured-img":"","footer-sml-layout":"","ast-disable-related-posts":"","theme-transparent-header-meta":"","adv-header-id-meta":"","stick-header-meta":"","header-above-stick-meta":"","header-main-stick-meta":"","header-below-stick-meta":"","astra-migrate-meta-layouts":"default","ast-page-background-enabled":"default","ast-page-background-meta":{"desktop":{"background-color":"var(--ast-global-color-4)","background-image":"","background-repeat":"repeat","background-position":"center center","background-size":"auto","background-attachment":"scroll","background-type":"","background-media":"","overlay-type":"","overlay-color":"","overlay-opacity":"","overlay-gradient":""},"tablet":{"background-color":"","background-image":"","background-repeat":"repeat","background-position":"center center","background-size":"auto","background-attachment":"scroll","background-type":"","background-media":"","overlay-type":"","overlay-color":"","overlay-opacity":"","overlay-gradient":""},"mobile":{"background-color":"","background-image":"","background-repeat":"repeat","background-position":"center center","background-size":"auto","background-attachment":"scroll","background-type":"","background-media":"","overlay-type":"","overlay-color":"","overlay-opacity":"","overlay-gradient":""}},"ast-content-background-meta":{"desktop":{"background-color":"var(--ast-global-color-5)","background-image":"","background-repeat":"repeat","background-position":"center center","background-size":"auto","background-attachment":"scroll","background-type":"","background-media":"","overlay-type":"","overlay-color":"","overlay-opacity":"","overlay-gradient":""},"tablet":{"background-color":"var(--ast-global-color-5)","background-image":"","background-repeat":"repeat","background-position":"center center","background-size":"auto","background-attachment":"scroll","background-type":"","background-media":"","overlay-type":"","overlay-color":"","overlay-opacity":"","overlay-gradient":""},"mobile":{"background-color":"var(--ast-global-color-5)","background-image":"","background-repeat":"repeat","background-position":"center center","background-size":"auto","background-attachment":"scroll","background-type":"","background-media":"","overlay-type":"","overlay-color":"","overlay-opacity":"","overlay-gradient":""}},"footnotes":""},"class_list":["post-2335","page","type-page","status-publish","hentry"],"yoast_head":"<!-- This site is optimized with the Yoast SEO plugin v27.4 - https:\/\/yoast.com\/product\/yoast-seo-wordpress\/ -->\n<title>Forsendelsespolitik - Gardeners Friend<\/title>\n<meta name=\"robots\" content=\"index, follow, max-snippet:-1, max-image-preview:large, max-video-preview:-1\" \/>\n<link rel=\"canonical\" href=\"https:\/\/gardenersfriend.eu\/da\/forsendelsespolitik\/\" \/>\n<meta property=\"og:locale\" content=\"da_DK\" \/>\n<meta property=\"og:type\" content=\"article\" \/>\n<meta property=\"og:title\" content=\"Forsendelsespolitik - Gardeners Friend\" \/>\n<meta property=\"og:description\" content=\"Forsendelsespolitik Tak, fordi du bes\u00f8ger og handler hos gardenersfriend.eu F\u00f8lgende er de vilk\u00e5r og betingelser, der udg\u00f8r vores forsendelsespolitik. Forsendelsens behandlingstid Alle ordrer behandles inden for 1-3 arbejdsdage. Ordrer afsendes eller leveres ikke i weekender eller p\u00e5 helligdage. Hvis vi oplever en stor m\u00e6ngde ordrer, kan forsendelserne blive forsinket med et par dage. Tillad venligst [&hellip;]\" \/>\n<meta property=\"og:url\" content=\"https:\/\/gardenersfriend.eu\/da\/forsendelsespolitik\/\" \/>\n<meta property=\"og:site_name\" content=\"Gardeners Friend\" \/>\n<meta property=\"article:publisher\" content=\"https:\/\/www.facebook.com\/people\/Gardeners-Friend-Store\/61566268054378\/\" \/>\n<meta property=\"article:modified_time\" content=\"2025-08-21T14:08:49+00:00\" \/>\n<meta name=\"twitter:card\" content=\"summary_large_image\" \/>\n<meta name=\"twitter:label1\" content=\"Estimeret l\u00e6setid\" \/>\n\t<meta name=\"twitter:data1\" content=\"1 minut\" \/>\n<script type=\"application\/ld+json\" class=\"yoast-schema-graph\">{\"@context\":\"https:\\\/\\\/schema.org\",\"@graph\":[{\"@type\":\"WebPage\",\"@id\":\"https:\\\/\\\/gardenersfriend.eu\\\/da\\\/forsendelsespolitik\\\/\",\"url\":\"https:\\\/\\\/gardenersfriend.eu\\\/da\\\/forsendelsespolitik\\\/\",\"name\":\"Forsendelsespolitik - Gardeners Friend\",\"isPartOf\":{\"@id\":\"https:\\\/\\\/gardenersfriend.eu\\\/da\\\/#website\"},\"datePublished\":\"2024-09-18T00:13:52+00:00\",\"dateModified\":\"2025-08-21T14:08:49+00:00\",\"breadcrumb\":{\"@id\":\"https:\\\/\\\/gardenersfriend.eu\\\/da\\\/forsendelsespolitik\\\/#breadcrumb\"},\"inLanguage\":\"da-DK\",\"potentialAction\":[{\"@type\":\"ReadAction\",\"target\":[\"https:\\\/\\\/gardenersfriend.eu\\\/da\\\/forsendelsespolitik\\\/\"]}]},{\"@type\":\"BreadcrumbList\",\"@id\":\"https:\\\/\\\/gardenersfriend.eu\\\/da\\\/forsendelsespolitik\\\/#breadcrumb\",\"itemListElement\":[{\"@type\":\"ListItem\",\"position\":1,\"name\":\"Strona g\u0142\u00f3wna\",\"item\":\"https:\\\/\\\/gardenersfriend.eu\\\/da\\\/\"},{\"@type\":\"ListItem\",\"position\":2,\"name\":\"Forsendelsespolitik\"}]},{\"@type\":\"WebSite\",\"@id\":\"https:\\\/\\\/gardenersfriend.eu\\\/da\\\/#website\",\"url\":\"https:\\\/\\\/gardenersfriend.eu\\\/da\\\/\",\"name\":\"Gardeners Friend\",\"description\":\"herbicides, fertilisers, roundup\",\"publisher\":{\"@id\":\"https:\\\/\\\/gardenersfriend.eu\\\/da\\\/#organization\"},\"potentialAction\":[{\"@type\":\"SearchAction\",\"target\":{\"@type\":\"EntryPoint\",\"urlTemplate\":\"https:\\\/\\\/gardenersfriend.eu\\\/da\\\/?s={search_term_string}\"},\"query-input\":{\"@type\":\"PropertyValueSpecification\",\"valueRequired\":true,\"valueName\":\"search_term_string\"}}],\"inLanguage\":\"da-DK\"},{\"@type\":\"Organization\",\"@id\":\"https:\\\/\\\/gardenersfriend.eu\\\/da\\\/#organization\",\"name\":\"Gardeners Friend\",\"url\":\"https:\\\/\\\/gardenersfriend.eu\\\/da\\\/\",\"logo\":{\"@type\":\"ImageObject\",\"inLanguage\":\"da-DK\",\"@id\":\"https:\\\/\\\/gardenersfriend.eu\\\/da\\\/#\\\/schema\\\/logo\\\/image\\\/\",\"url\":\"https:\\\/\\\/gardenersfriend.eu\\\/wp-content\\\/uploads\\\/2025\\\/09\\\/gf_accepted_big_logo.png\",\"contentUrl\":\"https:\\\/\\\/gardenersfriend.eu\\\/wp-content\\\/uploads\\\/2025\\\/09\\\/gf_accepted_big_logo.png\",\"width\":2000,\"height\":1000,\"caption\":\"Gardeners Friend\"},\"image\":{\"@id\":\"https:\\\/\\\/gardenersfriend.eu\\\/da\\\/#\\\/schema\\\/logo\\\/image\\\/\"},\"sameAs\":[\"https:\\\/\\\/www.facebook.com\\\/people\\\/Gardeners-Friend-Store\\\/61566268054378\\\/\",\"https:\\\/\\\/www.instagram.com\\\/gardeners_friend_store\\\/\"]}]}<\/script>\n<!-- \/ Yoast SEO plugin. -->","yoast_head_json":{"title":"Forsendelsespolitik - Gardeners Friend","robots":{"index":"index","follow":"follow","max-snippet":"max-snippet:-1","max-image-preview":"max-image-preview:large","max-video-preview":"max-video-preview:-1"},"canonical":"https:\/\/gardenersfriend.eu\/da\/forsendelsespolitik\/","og_locale":"da_DK","og_type":"article","og_title":"Forsendelsespolitik - Gardeners Friend","og_description":"Forsendelsespolitik Tak, fordi du bes\u00f8ger og handler hos gardenersfriend.eu F\u00f8lgende er de vilk\u00e5r og betingelser, der udg\u00f8r vores forsendelsespolitik. Forsendelsens behandlingstid Alle ordrer behandles inden for 1-3 arbejdsdage. Ordrer afsendes eller leveres ikke i weekender eller p\u00e5 helligdage. Hvis vi oplever en stor m\u00e6ngde ordrer, kan forsendelserne blive forsinket med et par dage. Tillad venligst [&hellip;]","og_url":"https:\/\/gardenersfriend.eu\/da\/forsendelsespolitik\/","og_site_name":"Gardeners Friend","article_publisher":"https:\/\/www.facebook.com\/people\/Gardeners-Friend-Store\/61566268054378\/","article_modified_time":"2025-08-21T14:08:49+00:00","twitter_card":"summary_large_image","twitter_misc":{"Estimeret l\u00e6setid":"1 minut"},"schema":{"@context":"https:\/\/schema.org","@graph":[{"@type":"WebPage","@id":"https:\/\/gardenersfriend.eu\/da\/forsendelsespolitik\/","url":"https:\/\/gardenersfriend.eu\/da\/forsendelsespolitik\/","name":"Forsendelsespolitik - Gardeners Friend","isPartOf":{"@id":"https:\/\/gardenersfriend.eu\/da\/#website"},"datePublished":"2024-09-18T00:13:52+00:00","dateModified":"2025-08-21T14:08:49+00:00","breadcrumb":{"@id":"https:\/\/gardenersfriend.eu\/da\/forsendelsespolitik\/#breadcrumb"},"inLanguage":"da-DK","potentialAction":[{"@type":"ReadAction","target":["https:\/\/gardenersfriend.eu\/da\/forsendelsespolitik\/"]}]},{"@type":"BreadcrumbList","@id":"https:\/\/gardenersfriend.eu\/da\/forsendelsespolitik\/#breadcrumb","itemListElement":[{"@type":"ListItem","position":1,"name":"Strona g\u0142\u00f3wna","item":"https:\/\/gardenersfriend.eu\/da\/"},{"@type":"ListItem","position":2,"name":"Forsendelsespolitik"}]},{"@type":"WebSite","@id":"https:\/\/gardenersfriend.eu\/da\/#website","url":"https:\/\/gardenersfriend.eu\/da\/","name":"Gardeners Friend","description":"herbicides, fertilisers, roundup","publisher":{"@id":"https:\/\/gardenersfriend.eu\/da\/#organization"},"potentialAction":[{"@type":"SearchAction","target":{"@type":"EntryPoint","urlTemplate":"https:\/\/gardenersfriend.eu\/da\/?s={search_term_string}"},"query-input":{"@type":"PropertyValueSpecification","valueRequired":true,"valueName":"search_term_string"}}],"inLanguage":"da-DK"},{"@type":"Organization","@id":"https:\/\/gardenersfriend.eu\/da\/#organization","name":"Gardeners Friend","url":"https:\/\/gardenersfriend.eu\/da\/","logo":{"@type":"ImageObject","inLanguage":"da-DK","@id":"https:\/\/gardenersfriend.eu\/da\/#\/schema\/logo\/image\/","url":"https:\/\/gardenersfriend.eu\/wp-content\/uploads\/2025\/09\/gf_accepted_big_logo.png","contentUrl":"https:\/\/gardenersfriend.eu\/wp-content\/uploads\/2025\/09\/gf_accepted_big_logo.png","width":2000,"height":1000,"caption":"Gardeners Friend"},"image":{"@id":"https:\/\/gardenersfriend.eu\/da\/#\/schema\/logo\/image\/"},"sameAs":["https:\/\/www.facebook.com\/people\/Gardeners-Friend-Store\/61566268054378\/","https:\/\/www.instagram.com\/gardeners_friend_store\/"]}]}},"uagb_featured_image_src":{"full":false,"thumbnail":false,"medium":false,"medium_large":false,"large":false,"1536x1536":false,"2048x2048":false,"woocommerce_thumbnail":false,"woocommerce_single":false,"woocommerce_gallery_thumbnail":false},"uagb_author_info":{"display_name":"admin","author_link":"https:\/\/gardenersfriend.eu\/da\/author\/admin\/"},"uagb_comment_info":0,"uagb_excerpt":"Forsendelsespolitik Tak, fordi du bes\u00f8ger og handler hos gardenersfriend.eu F\u00f8lgende er de vilk\u00e5r og betingelser, der udg\u00f8r vores forsendelsespolitik. Forsendelsens behandlingstid Alle ordrer behandles inden for 1-3 arbejdsdage. Ordrer afsendes eller leveres ikke i weekender eller p\u00e5 helligdage. Hvis vi oplever en stor m\u00e6ngde ordrer, kan forsendelserne blive forsinket med et par dage. Tillad venligst&hellip;","jetpack_sharing_enabled":true,"_links":{"self":[{"href":"https:\/\/gardenersfriend.eu\/da\/wp-json\/wp\/v2\/pages\/2335","targetHints":{"allow":["GET"]}}],"collection":[{"href":"https:\/\/gardenersfriend.eu\/da\/wp-json\/wp\/v2\/pages"}],"about":[{"href":"https:\/\/gardenersfriend.eu\/da\/wp-json\/wp\/v2\/types\/page"}],"author":[{"embeddable":true,"href":"https:\/\/gardenersfriend.eu\/da\/wp-json\/wp\/v2\/users\/1"}],"replies":[{"embeddable":true,"href":"https:\/\/gardenersfriend.eu\/da\/wp-json\/wp\/v2\/comments?post=2335"}],"version-history":[{"count":2,"href":"https:\/\/gardenersfriend.eu\/da\/wp-json\/wp\/v2\/pages\/2335\/revisions"}],"predecessor-version":[{"id":6356,"href":"https:\/\/gardenersfriend.eu\/da\/wp-json\/wp\/v2\/pages\/2335\/revisions\/6356"}],"wp:attachment":[{"href":"https:\/\/gardenersfriend.eu\/da\/wp-json\/wp\/v2\/media?parent=2335"}],"curies":[{"name":"wp","href":"https:\/\/api.w.org\/{rel}","templated":true}]}}