{"id":2614,"date":"2025-01-25T05:22:46","date_gmt":"2025-01-25T04:22:46","guid":{"rendered":"https:\/\/gardenersfriend.eu\/?post_type=product&#038;p=2614"},"modified":"2026-04-23T15:20:00","modified_gmt":"2026-04-23T13:20:00","slug":"roundup-dynamic-500-glyphosat-herbicid-1l","status":"publish","type":"product","link":"https:\/\/gardenersfriend.eu\/da\/vare\/roundup-dynamic-500-glyphosat-herbicid-1l\/","title":{"rendered":"Roundup Dynamic 500 Glyphosat-herbicid 1L"},"content":{"rendered":"<h5>Generel information:<\/h5>\n<p><span style=\"font-size: 1.4em;\">Roundup Dynamic 500 1L et herbicid i form af et koncentrat til fremstilling af en vandig opl\u00f8sning, der anvendes ved bladudbringning, beregnet til bek\u00e6mpelse af kvikgr\u00e6s samt en- og fler\u00e5rigt ukrudt p\u00e5 agerjord.<\/span><\/p>\n<h5><strong><i>ROUNDUP\u00ae DYNAMIC 500 1L<\/i><\/strong><\/h5>\n<p><strong><i>(erstatter Roundup 480 flex)<\/i><\/strong><\/p>\n<p><span lang=\"en-us\" xml:lang=\"en-us\"><strong>Type:<\/strong> Herbicid (ukrudtsmiddel)<\/span><\/p>\n<p><span lang=\"en-us\" xml:lang=\"en-us\"><strong>Producent:<\/strong> Bayer-koncernen<\/span><\/p>\n<p><span lang=\"en-us\" xml:lang=\"en-us\"><strong>Kapacitet<\/strong>: 1L \/ 5L \/ 15L.<\/span><\/p>\n<p><span lang=\"en-us\" xml:lang=\"en-us\"><strong><u>Aktivt stof:<\/u> <\/strong>glyphosat en forbindelse fra gruppen af amino-fosforsyrer i form af et kaliumsalt &#8211; 500 g \/ l<strong>(37,37%)<\/strong><\/span><\/p>\n<p><span lang=\"en-us\" xml:lang=\"en-us\"><strong>Form:<\/strong> Koncentrat<\/span><\/p>\n<p><strong><span lang=\"en-us\">Virkem\u00e5de:<\/span><\/strong><span lang=\"en-us\">Et herbicid i koncentratform til fremstilling af en vandig opl\u00f8sning til bladudbringning med mark- og h\u00e5ndspr\u00f8jter.<\/span><\/p>\n<p><span lang=\"en-us\" xml:lang=\"en-us\"><strong>Dyrkning af:<\/strong> majs, kartofler, guler\u00f8dder, persille, l\u00f8g, porrer (fra fr\u00f8), sukkerroer, vinterhvede f\u00f8r h\u00f8st, vintertriticale, rug, v\u00e5rhvede, v\u00e5rbyg og vinterraps, p\u00e5 stubmarker, brakmarker og landbrugs\u00f8delagte arealer<\/span><\/p>\n<p><span lang=\"en-us\" xml:lang=\"en-us\"><strong>Bek\u00e6mper:<\/strong> kvikgr\u00e6s, et- og fler\u00e5rigt en- og tokimbladet ukrudt<\/span> <span lang=\"en-us\" xml:lang=\"en-us\">I. Om for\u00e5ret, efter s\u00e5ning eller plantning og f\u00f8r afgr\u00f8dens fremkomst for at bek\u00e6mpe fremspirende ukrudt. <\/span><\/p>\n<p><strong>L\u00e6s om sikkerhed:<\/strong>  <a href=\"https:\/\/www.bayer.com\/en\/is-glyphosate-safe\">https:\/\/www.bayer.com\/en\/is-glyphosate-safe<\/a><\/p>\n<p>M\u00e5ske er du interesseret i en anden st\u00f8rrelse af produktet?<\/p>\n<p><strong>Klik venligst: <\/strong> <a href=\"https:\/\/gardenersfriend.eu\/da\/vare\/roundup-dynamic-500-glyphosat-herbicid-5l\/\">Roundup Dynamic 500 5L <\/a> <\/p>\n<p class=\"p1\"><strong>Etiket: <\/strong><a title=\"Roundup Dynamic 500 DA\" href=\"https:\/\/gardenersfriend.eu\/wp-content\/uploads\/2026\/02\/roundup_dynamic_500_label_DK.pdf\" target=\"_blank\" rel=\"noopener\">Roundup_Dynamic_500_DK<\/a><\/p>\n<p class=\"p1\"><strong>Producent site:<\/strong> <a title=\"Bayer-siden\" href=\"https:\/\/www.bayer.com\/\" target=\"_blank\" rel=\"noopener\">Bayer<\/a><\/p>\n\n<h5>Juridiske oplysninger<\/h5>\n<p>\nTips! Brug pesticider forsigtigt. L\u00e6s etiketten og produktinformationen f\u00f8r brug. Tilladt for ikke-professionelle brugere. Undtagelse: K\u00f8ber fra Belgien erkl\u00e6rer, at han\np\u00e5 k\u00f8bstidspunktet har fuld retsevne\nog har de relevante kvalifikationer, der kr\u00e6ves af\npersoner, der k\u00f8ber plantebeskyttelsesmidler.\n\nI henhold til art. 28 i lov af 8. marts 2013 om plantebeskyttelsesmidler (Journal of Laws 2020, item 2097), fra 26. november 2015 m\u00e5 plantebeskyttelsesmidler beregnet til professionelle brugere s\u00e6lges til personer, der:\n\nPunkt 1 - har gennemf\u00f8rt uddannelse i brugen af \u200b\u200bplantebeskyttelsesmidler i Republikken Polen bekr\u00e6ftet af et certifikat for gennemf\u00f8relse af denne uddannelse, eller\n\nPunkt 2 - har gennemf\u00f8rt uddannelse i r\u00e5dgivning om plantebeskyttelsesmidler i Republikken Polen bekr\u00e6ftet af et certifikat for gennemf\u00f8relse af denne uddannelse, eller\n\nPunkt 3 - har gennemf\u00f8rt uddannelse i integreret planteproduktion bekr\u00e6ftet af et certifikat for gennemf\u00f8relse af denne uddannelse, eller\n\nPunkt 4 - tidligst 5 \u00e5r f\u00f8r k\u00f8b af disse midler har gennemf\u00f8rt den uddannelse, der kr\u00e6ves af professionelle brugere i en anden EU-medlemsstat eller i et land, der er part i aftalen om Det Europ\u00e6iske \u00d8konomiske Samarbejdsomr\u00e5de, p\u00e5 grundlag af de g\u00e6ldende bestemmelser i det p\u00e5g\u00e6ldende land, bekr\u00e6ftet af et dokument for gennemf\u00f8relse af denne uddannelse, eller de har fremlagt et andet dokument udstedt i henhold til de g\u00e6ldende regler i det p\u00e5g\u00e6ldende land, der bekr\u00e6fter at de har f\u00e5et tilladelse til at k\u00f8be plantebeskyttelsesmidler beregnet til professionelle brugere.\n\nVigtigt!\nKun personer over 18 \u00e5r m\u00e5 bruge plantebeskyttelsesmidler.\nPlantebeskyttelsesmidler skal anvendes sikkert.\nL\u00e6s oplysningerne p\u00e5 etiketten og produktinformationen f\u00f8r hver brug.\n<\/p>\n","protected":false},"excerpt":{"rendered":"<p>Roundup Dynamic 500 1L &#8211; Et herbicid i form af et koncentrat til fremstilling af en vandig opl\u00f8sning, der anvendes ved bladudbringning, beregnet til bek\u00e6mpelse af kvikgr\u00e6s samt en- og fler\u00e5rigt ukrudt p\u00e5 agerjord.<\/p>\n","protected":false},"featured_media":2777,"comment_status":"open","ping_status":"closed","template":"","meta":{"_uag_custom_page_level_css":"","site-sidebar-layout":"default","site-content-layout":"","ast-site-content-layout":"default","site-content-style":"default","site-sidebar-style":"default","ast-global-header-display":"","ast-banner-title-visibility":"","ast-main-header-display":"","ast-hfb-above-header-display":"","ast-hfb-below-header-display":"","ast-hfb-mobile-header-display":"","site-post-title":"","ast-breadcrumbs-content":"","ast-featured-img":"","footer-sml-layout":"","ast-disable-related-posts":"","theme-transparent-header-meta":"default","adv-header-id-meta":"","stick-header-meta":"","header-above-stick-meta":"","header-main-stick-meta":"","header-below-stick-meta":"","astra-migrate-meta-layouts":"set","ast-page-background-enabled":"default","ast-page-background-meta":{"desktop":{"background-color":"var(--ast-global-color-4)","background-image":"","background-repeat":"repeat","background-position":"center center","background-size":"auto","background-attachment":"scroll","background-type":"","background-media":"","overlay-type":"","overlay-color":"","overlay-opacity":"","overlay-gradient":""},"tablet":{"background-color":"","background-image":"","background-repeat":"repeat","background-position":"center center","background-size":"auto","background-attachment":"scroll","background-type":"","background-media":"","overlay-type":"","overlay-color":"","overlay-opacity":"","overlay-gradient":""},"mobile":{"background-color":"","background-image":"","background-repeat":"repeat","background-position":"center center","background-size":"auto","background-attachment":"scroll","background-type":"","background-media":"","overlay-type":"","overlay-color":"","overlay-opacity":"","overlay-gradient":""}},"ast-content-background-meta":{"desktop":{"background-color":"var(--ast-global-color-5)","background-image":"","background-repeat":"repeat","background-position":"center center","background-size":"auto","background-attachment":"scroll","background-type":"","background-media":"","overlay-type":"","overlay-color":"","overlay-opacity":"","overlay-gradient":""},"tablet":{"background-color":"var(--ast-global-color-5)","background-image":"","background-repeat":"repeat","background-position":"center center","background-size":"auto","background-attachment":"scroll","background-type":"","background-media":"","overlay-type":"","overlay-color":"","overlay-opacity":"","overlay-gradient":""},"mobile":{"background-color":"var(--ast-global-color-5)","background-image":"","background-repeat":"repeat","background-position":"center center","background-size":"auto","background-attachment":"scroll","background-type":"","background-media":"","overlay-type":"","overlay-color":"","overlay-opacity":"","overlay-gradient":""}}},"product_brand":[],"product_cat":[94,175,95,96],"product_tag":[],"class_list":{"0":"post-2614","1":"product","2":"type-product","3":"status-publish","4":"has-post-thumbnail","6":"product_cat-alle-produkter","7":"product_cat-herbicid","8":"product_cat-mest-populaere","9":"product_cat-nyankommen","10":"product_shipping_class-alle","11":"desktop-align-left","12":"tablet-align-left","13":"mobile-align-left","15":"first","16":"instock","17":"featured","18":"taxable","19":"shipping-taxable","20":"purchasable","21":"product-type-simple"},"yoast_head":"<!-- This site is optimized with the Yoast SEO plugin v27.4 - https:\/\/yoast.com\/product\/yoast-seo-wordpress\/ -->\n<title>Roundup Dynamic 500 1L<\/title>\n<meta name=\"description\" content=\"Roundup Dynamic 500 1L - Et herbicid i form af et koncentrat til fremstilling af en vandig opl\u00f8sning, der anvendes ved bladudbringning\" \/>\n<meta name=\"robots\" content=\"index, follow, max-snippet:-1, max-image-preview:large, max-video-preview:-1\" \/>\n<link rel=\"canonical\" href=\"https:\/\/gardenersfriend.eu\/da\/vare\/roundup-dynamic-500-glyphosat-herbicid-1l\/\" \/>\n<meta property=\"og:locale\" content=\"da_DK\" \/>\n<meta property=\"og:type\" content=\"article\" \/>\n<meta property=\"og:title\" content=\"Roundup Dynamic 500 1L\" \/>\n<meta property=\"og:description\" content=\"Roundup Dynamic 500 1L - Et herbicid i form af et koncentrat til fremstilling af en vandig opl\u00f8sning, der anvendes ved bladudbringning\" \/>\n<meta property=\"og:url\" content=\"https:\/\/gardenersfriend.eu\/da\/vare\/roundup-dynamic-500-glyphosat-herbicid-1l\/\" \/>\n<meta property=\"og:site_name\" content=\"Gardeners Friend\" \/>\n<meta property=\"article:publisher\" content=\"https:\/\/www.facebook.com\/people\/Gardeners-Friend-Store\/61566268054378\/\" \/>\n<meta property=\"article:modified_time\" content=\"2026-04-23T13:20:00+00:00\" \/>\n<meta property=\"og:image\" content=\"https:\/\/gardenersfriend.eu\/wp-content\/uploads\/2025\/01\/500-1L-8-scaled.jpg\" \/>\n\t<meta property=\"og:image:width\" content=\"1896\" \/>\n\t<meta property=\"og:image:height\" content=\"2560\" \/>\n\t<meta property=\"og:image:type\" content=\"image\/jpeg\" \/>\n<meta name=\"twitter:card\" content=\"summary_large_image\" \/>\n<meta name=\"twitter:label1\" content=\"Estimeret l\u00e6setid\" \/>\n\t<meta name=\"twitter:data1\" content=\"3 minutter\" \/>\n<script type=\"application\/ld+json\" class=\"yoast-schema-graph\">{\"@context\":\"https:\\\/\\\/schema.org\",\"@graph\":[{\"@type\":\"WebPage\",\"@id\":\"https:\\\/\\\/gardenersfriend.eu\\\/da\\\/vare\\\/roundup-dynamic-500-glyphosat-herbicid-1l\\\/\",\"url\":\"https:\\\/\\\/gardenersfriend.eu\\\/da\\\/vare\\\/roundup-dynamic-500-glyphosat-herbicid-1l\\\/\",\"name\":\"Roundup Dynamic 500 1L\",\"isPartOf\":{\"@id\":\"https:\\\/\\\/gardenersfriend.eu\\\/da\\\/#website\"},\"primaryImageOfPage\":{\"@id\":\"https:\\\/\\\/gardenersfriend.eu\\\/da\\\/vare\\\/roundup-dynamic-500-glyphosat-herbicid-1l\\\/#primaryimage\"},\"image\":{\"@id\":\"https:\\\/\\\/gardenersfriend.eu\\\/da\\\/vare\\\/roundup-dynamic-500-glyphosat-herbicid-1l\\\/#primaryimage\"},\"thumbnailUrl\":\"https:\\\/\\\/gardenersfriend.eu\\\/wp-content\\\/uploads\\\/2025\\\/01\\\/500-1L-8-scaled.jpg\",\"datePublished\":\"2025-01-25T04:22:46+00:00\",\"dateModified\":\"2026-04-23T13:20:00+00:00\",\"description\":\"Roundup Dynamic 500 1L - Et herbicid i form af et koncentrat til fremstilling af en vandig opl\u00f8sning, der anvendes ved bladudbringning\",\"breadcrumb\":{\"@id\":\"https:\\\/\\\/gardenersfriend.eu\\\/da\\\/vare\\\/roundup-dynamic-500-glyphosat-herbicid-1l\\\/#breadcrumb\"},\"inLanguage\":\"da-DK\",\"potentialAction\":[{\"@type\":\"ReadAction\",\"target\":[\"https:\\\/\\\/gardenersfriend.eu\\\/da\\\/vare\\\/roundup-dynamic-500-glyphosat-herbicid-1l\\\/\"]}]},{\"@type\":\"ImageObject\",\"inLanguage\":\"da-DK\",\"@id\":\"https:\\\/\\\/gardenersfriend.eu\\\/da\\\/vare\\\/roundup-dynamic-500-glyphosat-herbicid-1l\\\/#primaryimage\",\"url\":\"https:\\\/\\\/gardenersfriend.eu\\\/wp-content\\\/uploads\\\/2025\\\/01\\\/500-1L-8-scaled.jpg\",\"contentUrl\":\"https:\\\/\\\/gardenersfriend.eu\\\/wp-content\\\/uploads\\\/2025\\\/01\\\/500-1L-8-scaled.jpg\",\"width\":1896,\"height\":2560,\"caption\":\"Roundup Dynamic 500 1L\"},{\"@type\":\"BreadcrumbList\",\"@id\":\"https:\\\/\\\/gardenersfriend.eu\\\/da\\\/vare\\\/roundup-dynamic-500-glyphosat-herbicid-1l\\\/#breadcrumb\",\"itemListElement\":[{\"@type\":\"ListItem\",\"position\":1,\"name\":\"Strona g\u0142\u00f3wna\",\"item\":\"https:\\\/\\\/gardenersfriend.eu\\\/da\\\/\"},{\"@type\":\"ListItem\",\"position\":2,\"name\":\"Shop\",\"item\":\"https:\\\/\\\/gardenersfriend.eu\\\/shop\\\/\"},{\"@type\":\"ListItem\",\"position\":3,\"name\":\"Roundup Dynamic 500 Glyphosat-herbicid 1L\"}]},{\"@type\":\"WebSite\",\"@id\":\"https:\\\/\\\/gardenersfriend.eu\\\/da\\\/#website\",\"url\":\"https:\\\/\\\/gardenersfriend.eu\\\/da\\\/\",\"name\":\"Gardeners Friend\",\"description\":\"herbicides, fertilisers, roundup\",\"publisher\":{\"@id\":\"https:\\\/\\\/gardenersfriend.eu\\\/da\\\/#organization\"},\"potentialAction\":[{\"@type\":\"SearchAction\",\"target\":{\"@type\":\"EntryPoint\",\"urlTemplate\":\"https:\\\/\\\/gardenersfriend.eu\\\/da\\\/?s={search_term_string}\"},\"query-input\":{\"@type\":\"PropertyValueSpecification\",\"valueRequired\":true,\"valueName\":\"search_term_string\"}}],\"inLanguage\":\"da-DK\"},{\"@type\":\"Organization\",\"@id\":\"https:\\\/\\\/gardenersfriend.eu\\\/da\\\/#organization\",\"name\":\"Gardeners Friend\",\"url\":\"https:\\\/\\\/gardenersfriend.eu\\\/da\\\/\",\"logo\":{\"@type\":\"ImageObject\",\"inLanguage\":\"da-DK\",\"@id\":\"https:\\\/\\\/gardenersfriend.eu\\\/da\\\/#\\\/schema\\\/logo\\\/image\\\/\",\"url\":\"https:\\\/\\\/gardenersfriend.eu\\\/wp-content\\\/uploads\\\/2025\\\/09\\\/gf_accepted_big_logo.png\",\"contentUrl\":\"https:\\\/\\\/gardenersfriend.eu\\\/wp-content\\\/uploads\\\/2025\\\/09\\\/gf_accepted_big_logo.png\",\"width\":2000,\"height\":1000,\"caption\":\"Gardeners Friend\"},\"image\":{\"@id\":\"https:\\\/\\\/gardenersfriend.eu\\\/da\\\/#\\\/schema\\\/logo\\\/image\\\/\"},\"sameAs\":[\"https:\\\/\\\/www.facebook.com\\\/people\\\/Gardeners-Friend-Store\\\/61566268054378\\\/\",\"https:\\\/\\\/www.instagram.com\\\/gardeners_friend_store\\\/\"]}]}<\/script>\n<!-- \/ Yoast SEO plugin. -->","yoast_head_json":{"title":"Roundup Dynamic 500 1L","description":"Roundup Dynamic 500 1L - Et herbicid i form af et koncentrat til fremstilling af en vandig opl\u00f8sning, der anvendes ved bladudbringning","robots":{"index":"index","follow":"follow","max-snippet":"max-snippet:-1","max-image-preview":"max-image-preview:large","max-video-preview":"max-video-preview:-1"},"canonical":"https:\/\/gardenersfriend.eu\/da\/vare\/roundup-dynamic-500-glyphosat-herbicid-1l\/","og_locale":"da_DK","og_type":"article","og_title":"Roundup Dynamic 500 1L","og_description":"Roundup Dynamic 500 1L - Et herbicid i form af et koncentrat til fremstilling af en vandig opl\u00f8sning, der anvendes ved bladudbringning","og_url":"https:\/\/gardenersfriend.eu\/da\/vare\/roundup-dynamic-500-glyphosat-herbicid-1l\/","og_site_name":"Gardeners Friend","article_publisher":"https:\/\/www.facebook.com\/people\/Gardeners-Friend-Store\/61566268054378\/","article_modified_time":"2026-04-23T13:20:00+00:00","og_image":[{"width":1896,"height":2560,"url":"https:\/\/gardenersfriend.eu\/wp-content\/uploads\/2025\/01\/500-1L-8-scaled.jpg","type":"image\/jpeg"}],"twitter_card":"summary_large_image","twitter_misc":{"Estimeret l\u00e6setid":"3 minutter"},"schema":{"@context":"https:\/\/schema.org","@graph":[{"@type":"WebPage","@id":"https:\/\/gardenersfriend.eu\/da\/vare\/roundup-dynamic-500-glyphosat-herbicid-1l\/","url":"https:\/\/gardenersfriend.eu\/da\/vare\/roundup-dynamic-500-glyphosat-herbicid-1l\/","name":"Roundup Dynamic 500 1L","isPartOf":{"@id":"https:\/\/gardenersfriend.eu\/da\/#website"},"primaryImageOfPage":{"@id":"https:\/\/gardenersfriend.eu\/da\/vare\/roundup-dynamic-500-glyphosat-herbicid-1l\/#primaryimage"},"image":{"@id":"https:\/\/gardenersfriend.eu\/da\/vare\/roundup-dynamic-500-glyphosat-herbicid-1l\/#primaryimage"},"thumbnailUrl":"https:\/\/gardenersfriend.eu\/wp-content\/uploads\/2025\/01\/500-1L-8-scaled.jpg","datePublished":"2025-01-25T04:22:46+00:00","dateModified":"2026-04-23T13:20:00+00:00","description":"Roundup Dynamic 500 1L - Et herbicid i form af et koncentrat til fremstilling af en vandig opl\u00f8sning, der anvendes ved bladudbringning","breadcrumb":{"@id":"https:\/\/gardenersfriend.eu\/da\/vare\/roundup-dynamic-500-glyphosat-herbicid-1l\/#breadcrumb"},"inLanguage":"da-DK","potentialAction":[{"@type":"ReadAction","target":["https:\/\/gardenersfriend.eu\/da\/vare\/roundup-dynamic-500-glyphosat-herbicid-1l\/"]}]},{"@type":"ImageObject","inLanguage":"da-DK","@id":"https:\/\/gardenersfriend.eu\/da\/vare\/roundup-dynamic-500-glyphosat-herbicid-1l\/#primaryimage","url":"https:\/\/gardenersfriend.eu\/wp-content\/uploads\/2025\/01\/500-1L-8-scaled.jpg","contentUrl":"https:\/\/gardenersfriend.eu\/wp-content\/uploads\/2025\/01\/500-1L-8-scaled.jpg","width":1896,"height":2560,"caption":"Roundup Dynamic 500 1L"},{"@type":"BreadcrumbList","@id":"https:\/\/gardenersfriend.eu\/da\/vare\/roundup-dynamic-500-glyphosat-herbicid-1l\/#breadcrumb","itemListElement":[{"@type":"ListItem","position":1,"name":"Strona g\u0142\u00f3wna","item":"https:\/\/gardenersfriend.eu\/da\/"},{"@type":"ListItem","position":2,"name":"Shop","item":"https:\/\/gardenersfriend.eu\/shop\/"},{"@type":"ListItem","position":3,"name":"Roundup Dynamic 500 Glyphosat-herbicid 1L"}]},{"@type":"WebSite","@id":"https:\/\/gardenersfriend.eu\/da\/#website","url":"https:\/\/gardenersfriend.eu\/da\/","name":"Gardeners Friend","description":"herbicides, fertilisers, roundup","publisher":{"@id":"https:\/\/gardenersfriend.eu\/da\/#organization"},"potentialAction":[{"@type":"SearchAction","target":{"@type":"EntryPoint","urlTemplate":"https:\/\/gardenersfriend.eu\/da\/?s={search_term_string}"},"query-input":{"@type":"PropertyValueSpecification","valueRequired":true,"valueName":"search_term_string"}}],"inLanguage":"da-DK"},{"@type":"Organization","@id":"https:\/\/gardenersfriend.eu\/da\/#organization","name":"Gardeners Friend","url":"https:\/\/gardenersfriend.eu\/da\/","logo":{"@type":"ImageObject","inLanguage":"da-DK","@id":"https:\/\/gardenersfriend.eu\/da\/#\/schema\/logo\/image\/","url":"https:\/\/gardenersfriend.eu\/wp-content\/uploads\/2025\/09\/gf_accepted_big_logo.png","contentUrl":"https:\/\/gardenersfriend.eu\/wp-content\/uploads\/2025\/09\/gf_accepted_big_logo.png","width":2000,"height":1000,"caption":"Gardeners Friend"},"image":{"@id":"https:\/\/gardenersfriend.eu\/da\/#\/schema\/logo\/image\/"},"sameAs":["https:\/\/www.facebook.com\/people\/Gardeners-Friend-Store\/61566268054378\/","https:\/\/www.instagram.com\/gardeners_friend_store\/"]}]}},"uagb_featured_image_src":{"full":["https:\/\/gardenersfriend.eu\/wp-content\/uploads\/2025\/01\/500-1L-8-scaled.jpg",1896,2560,false],"thumbnail":["https:\/\/gardenersfriend.eu\/wp-content\/uploads\/2025\/01\/500-1L-8-150x150.jpg",150,150,true],"medium":["https:\/\/gardenersfriend.eu\/wp-content\/uploads\/2025\/01\/500-1L-8-222x300.jpg",222,300,true],"medium_large":["https:\/\/gardenersfriend.eu\/wp-content\/uploads\/2025\/01\/500-1L-8-768x1037.jpg",768,1037,true],"large":["https:\/\/gardenersfriend.eu\/wp-content\/uploads\/2025\/01\/500-1L-8-758x1024.jpg",758,1024,true],"1536x1536":["https:\/\/gardenersfriend.eu\/wp-content\/uploads\/2025\/01\/500-1L-8-1138x1536.jpg",1138,1536,true],"2048x2048":["https:\/\/gardenersfriend.eu\/wp-content\/uploads\/2025\/01\/500-1L-8-1517x2048.jpg",1517,2048,true],"woocommerce_thumbnail":["https:\/\/gardenersfriend.eu\/wp-content\/uploads\/2025\/01\/500-1L-8-300x300.jpg",300,300,true],"woocommerce_single":["https:\/\/gardenersfriend.eu\/wp-content\/uploads\/2025\/01\/500-1L-8-600x810.jpg",600,810,true],"woocommerce_gallery_thumbnail":["https:\/\/gardenersfriend.eu\/wp-content\/uploads\/2025\/01\/500-1L-8-100x100.jpg",100,100,true]},"uagb_author_info":{"display_name":"admin","author_link":"https:\/\/gardenersfriend.eu\/da\/author\/"},"uagb_comment_info":0,"uagb_excerpt":"Roundup Dynamic 500 1L - Et herbicid i form af et koncentrat til fremstilling af en vandig opl\u00f8sning, der anvendes ved bladudbringning, beregnet til bek\u00e6mpelse af kvikgr\u00e6s samt en- og fler\u00e5rigt ukrudt p\u00e5 agerjord.","jetpack_sharing_enabled":true,"_links":{"self":[{"href":"https:\/\/gardenersfriend.eu\/da\/wp-json\/wp\/v2\/product\/2614","targetHints":{"allow":["GET"]}}],"collection":[{"href":"https:\/\/gardenersfriend.eu\/da\/wp-json\/wp\/v2\/product"}],"about":[{"href":"https:\/\/gardenersfriend.eu\/da\/wp-json\/wp\/v2\/types\/product"}],"replies":[{"embeddable":true,"href":"https:\/\/gardenersfriend.eu\/da\/wp-json\/wp\/v2\/comments?post=2614"}],"wp:featuredmedia":[{"embeddable":true,"href":"https:\/\/gardenersfriend.eu\/da\/wp-json\/wp\/v2\/media\/2777"}],"wp:attachment":[{"href":"https:\/\/gardenersfriend.eu\/da\/wp-json\/wp\/v2\/media?parent=2614"}],"wp:term":[{"taxonomy":"product_brand","embeddable":true,"href":"https:\/\/gardenersfriend.eu\/da\/wp-json\/wp\/v2\/product_brand?post=2614"},{"taxonomy":"product_cat","embeddable":true,"href":"https:\/\/gardenersfriend.eu\/da\/wp-json\/wp\/v2\/product_cat?post=2614"},{"taxonomy":"product_tag","embeddable":true,"href":"https:\/\/gardenersfriend.eu\/da\/wp-json\/wp\/v2\/product_tag?post=2614"}],"curies":[{"name":"wp","href":"https:\/\/api.w.org\/{rel}","templated":true}]}}