{"id":2628,"date":"2025-01-25T05:33:38","date_gmt":"2025-01-25T04:33:38","guid":{"rendered":"https:\/\/gardenersfriend.eu\/?post_type=product&#038;p=2628"},"modified":"2026-03-19T20:46:59","modified_gmt":"2026-03-19T19:46:59","slug":"roundup-dynamic-500-glyphosat-herbicid-15l","status":"publish","type":"product","link":"https:\/\/gardenersfriend.eu\/da\/vare\/roundup-dynamic-500-glyphosat-herbicid-15l\/","title":{"rendered":"Roundup Dynamic 500 Glyphosat-herbicid 15L"},"content":{"rendered":"<h5>Generel information:<\/h5>\n<p><span style=\"font-size: 1.4em;\">Roundup Dynamic 500 15L et herbicid i form af et koncentrat til fremstilling af en vandig opl\u00f8sning, der anvendes ved bladudbringning, beregnet til bek\u00e6mpelse af kvikgr\u00e6s samt en- og fler\u00e5rigt ukrudt p\u00e5 agerjord.<\/span><\/p>\n<h5><strong><i>ROUNDUP\u00ae DYNAMIC 500 15L<\/i><\/strong><\/h5>\n<p><strong><i>(erstatter Roundup 480 flex)<\/i><\/strong><\/p>\n<p><span lang=\"en-us\" xml:lang=\"en-us\"><strong>Type:<\/strong> Herbicid (ukrudtsmiddel)<\/span><\/p>\n<p><span lang=\"en-us\" xml:lang=\"en-us\"><strong>Producent:<\/strong> Bayer-koncernen<\/span><\/p>\n<p><span lang=\"en-us\" xml:lang=\"en-us\"><strong>Kapacitet<\/strong>: 1L \/ 5L \/ 15L.<\/span><\/p>\n<p><span lang=\"en-us\" xml:lang=\"en-us\"><strong><u>Aktivt stof:<\/u> <\/strong>glyphosat en forbindelse fra gruppen af amino-fosforsyrer i form af et kaliumsalt &#8211; 500 g \/ l<strong>(37,37%)<\/strong><\/span><\/p>\n<p><span lang=\"en-us\" xml:lang=\"en-us\"><strong>Form:<\/strong> Koncentrat<\/span><\/p>\n<p><strong><span lang=\"en-us\">Virkem\u00e5de:<\/span><\/strong><span lang=\"en-us\">Et herbicid i koncentratform til fremstilling af en vandig opl\u00f8sning til bladudbringning med mark- og h\u00e5ndspr\u00f8jter.<\/span><\/p>\n<p><span lang=\"en-us\" xml:lang=\"en-us\"><strong>Dyrkning af:<\/strong> majs, kartofler, guler\u00f8dder, persille, l\u00f8g, porrer (fra fr\u00f8), sukkerroer, vinterhvede f\u00f8r h\u00f8st, vintertriticale, rug, v\u00e5rhvede, v\u00e5rbyg og vinterraps, p\u00e5 stubmarker, brakmarker og landbrugs\u00f8delagte arealer<\/span><\/p>\n<p><span lang=\"en-us\" xml:lang=\"en-us\"><strong>Bek\u00e6mper:<\/strong> kvikgr\u00e6s, et- og fler\u00e5rigt en- og tokimbladet ukrudt<\/span> <span lang=\"en-us\" xml:lang=\"en-us\">I. Om for\u00e5ret, efter s\u00e5ning eller plantning og f\u00f8r afgr\u00f8dens fremkomst for at bek\u00e6mpe fremspirende ukrudt. <\/span><\/p>\n<p><strong>L\u00e6s om sikkerhed:<\/strong>  <a href=\"https:\/\/www.bayer.com\/en\/is-glyphosate-safe\">https:\/\/www.bayer.com\/en\/is-glyphosate-safe<\/a><\/p>\n<p>M\u00e5ske er du interesseret i en anden st\u00f8rrelse af produktet?<\/p>\n<p><strong>Klik venligst: <\/strong> <a href=\"https:\/\/gardenersfriend.eu\/da\/vare\/roundup-dynamic-500-glyphosat-herbicid-1l\/\">Roundup Dynamic 500 1L<\/a><\/p>\n<p class=\"p1\"><strong>Etiket: <\/strong><a title=\"Roundup Dynamic 500 DA\" href=\"https:\/\/gardenersfriend.eu\/wp-content\/uploads\/2026\/02\/roundup_dynamic_500_label_DK.pdf\" target=\"_blank\" rel=\"noopener\">Roundup_Dynamic_500_DK<\/a><\/p>\n<p class=\"p1\"><strong>Producent site:<\/strong> <a title=\"Bayer-siden\" href=\"https:\/\/www.bayer.com\/\" target=\"_blank\" rel=\"noopener\">Bayer<\/a><\/p>\n<h5 style=\"color: #bcbcbc;\">Legal Information<\/h5>\n<p style=\"color: #bcbcbc;\">\nHints! Use pesticides carefully. \nBefore use read the label and product information.\nUse by non-professional users permitted.\nException: The buyer from Belgium declares that\nat the time of purchase he has full legal capacity\nand has the appropriate qualifications required from\npersons purchasing plant protection products.\n\nPursuant to Art. 28 of the Act of March 8, 2013 on plant protection products (Journal of Laws 2020, item 2097), from November 26, 2015, plant protection products intended for professional users may be sold to people who:\n\nPoint 1 - have completed training in the use of plant protection products in the Republic of Poland confirmed by a certificate of completion of this training, or\n\nPoint 2 - have completed training in advising on plant protection products in the Republic of Poland confirmed by a certificate of completion of this training, or\n\nPoint 3 - have completed training in integrated crop production confirmed by a certificate of completion of this training, or\n\nPoint 4 - not earlier than 5 years, prior to the purchase of these funds, have completed the training required from professional users in another Member State of the European Union or in a country being a party to the Agreement on the European Economic Area, on the basis of the provisions in force in that country, confirmed by a document of completion of this training, or they have presented another document issued under the regulations in force in that country, confirming that they obtained authorization to purchase plant protection products intended for professional users.\n\nImportent!\n\nOnly people over 18 years of age can use plant protection products.\n\nPlant protection products should be used safely.\n\nBefore each use, read the information provided on the label and product information.\n\n\n<\/p>\n","protected":false},"excerpt":{"rendered":"<p>Roundup Dynamic 500 15L &#8211; Et herbicid i form af et koncentrat til fremstilling af en vandig opl\u00f8sning, der anvendes ved bladudbringning, beregnet til at bek\u00e6mpe kvikgr\u00e6s samt en- og fler\u00e5rigt ukrudt p\u00e5 agerjord.<\/p>\n","protected":false},"featured_media":2820,"comment_status":"open","ping_status":"closed","template":"","meta":{"_uag_custom_page_level_css":"","site-sidebar-layout":"default","site-content-layout":"","ast-site-content-layout":"default","site-content-style":"default","site-sidebar-style":"default","ast-global-header-display":"","ast-banner-title-visibility":"","ast-main-header-display":"","ast-hfb-above-header-display":"","ast-hfb-below-header-display":"","ast-hfb-mobile-header-display":"","site-post-title":"","ast-breadcrumbs-content":"","ast-featured-img":"","footer-sml-layout":"","ast-disable-related-posts":"","theme-transparent-header-meta":"default","adv-header-id-meta":"","stick-header-meta":"","header-above-stick-meta":"","header-main-stick-meta":"","header-below-stick-meta":"","astra-migrate-meta-layouts":"set","ast-page-background-enabled":"default","ast-page-background-meta":{"desktop":{"background-color":"var(--ast-global-color-4)","background-image":"","background-repeat":"repeat","background-position":"center center","background-size":"auto","background-attachment":"scroll","background-type":"","background-media":"","overlay-type":"","overlay-color":"","overlay-opacity":"","overlay-gradient":""},"tablet":{"background-color":"","background-image":"","background-repeat":"repeat","background-position":"center center","background-size":"auto","background-attachment":"scroll","background-type":"","background-media":"","overlay-type":"","overlay-color":"","overlay-opacity":"","overlay-gradient":""},"mobile":{"background-color":"","background-image":"","background-repeat":"repeat","background-position":"center center","background-size":"auto","background-attachment":"scroll","background-type":"","background-media":"","overlay-type":"","overlay-color":"","overlay-opacity":"","overlay-gradient":""}},"ast-content-background-meta":{"desktop":{"background-color":"var(--ast-global-color-5)","background-image":"","background-repeat":"repeat","background-position":"center center","background-size":"auto","background-attachment":"scroll","background-type":"","background-media":"","overlay-type":"","overlay-color":"","overlay-opacity":"","overlay-gradient":""},"tablet":{"background-color":"var(--ast-global-color-5)","background-image":"","background-repeat":"repeat","background-position":"center center","background-size":"auto","background-attachment":"scroll","background-type":"","background-media":"","overlay-type":"","overlay-color":"","overlay-opacity":"","overlay-gradient":""},"mobile":{"background-color":"var(--ast-global-color-5)","background-image":"","background-repeat":"repeat","background-position":"center center","background-size":"auto","background-attachment":"scroll","background-type":"","background-media":"","overlay-type":"","overlay-color":"","overlay-opacity":"","overlay-gradient":""}}},"product_brand":[],"product_cat":[94,175,96],"product_tag":[],"class_list":{"0":"post-2628","1":"product","2":"type-product","3":"status-publish","4":"has-post-thumbnail","6":"product_cat-alle-produkter","7":"product_cat-herbicid","8":"product_cat-nyankommen","9":"product_shipping_class-alle","10":"desktop-align-left","11":"tablet-align-left","12":"mobile-align-left","14":"first","15":"instock","16":"featured","17":"taxable","18":"shipping-taxable","19":"purchasable","20":"product-type-simple"},"yoast_head":"<!-- This site is optimized with the Yoast SEO plugin v27.4 - https:\/\/yoast.com\/product\/yoast-seo-wordpress\/ -->\n<title>roundup dynamic 500 15L<\/title>\n<meta name=\"description\" content=\"Roundup Dynamic 500 15L - Et herbicid i form af et koncentrat til fremstilling af en vandig opl\u00f8sning, der anvendes ved bladudbringning\" \/>\n<meta name=\"robots\" content=\"index, follow, max-snippet:-1, max-image-preview:large, max-video-preview:-1\" \/>\n<link rel=\"canonical\" href=\"https:\/\/gardenersfriend.eu\/da\/vare\/roundup-dynamic-500-glyphosat-herbicid-15l\/\" \/>\n<meta property=\"og:locale\" content=\"da_DK\" \/>\n<meta property=\"og:type\" content=\"article\" \/>\n<meta property=\"og:title\" content=\"roundup dynamic 500 15L\" \/>\n<meta property=\"og:description\" content=\"Roundup Dynamic 500 15L - Et herbicid i form af et koncentrat til fremstilling af en vandig opl\u00f8sning, der anvendes ved bladudbringning\" \/>\n<meta property=\"og:url\" content=\"https:\/\/gardenersfriend.eu\/da\/vare\/roundup-dynamic-500-glyphosat-herbicid-15l\/\" \/>\n<meta property=\"og:site_name\" content=\"Gardeners Friend\" \/>\n<meta property=\"article:publisher\" content=\"https:\/\/www.facebook.com\/people\/Gardeners-Friend-Store\/61566268054378\/\" \/>\n<meta property=\"article:modified_time\" content=\"2026-03-19T19:46:59+00:00\" \/>\n<meta property=\"og:image\" content=\"https:\/\/gardenersfriend.eu\/wp-content\/uploads\/2025\/01\/500-15L-6-scaled-e1745942208950.jpg\" \/>\n\t<meta property=\"og:image:width\" content=\"2320\" \/>\n\t<meta property=\"og:image:height\" content=\"2560\" \/>\n\t<meta property=\"og:image:type\" content=\"image\/jpeg\" \/>\n<meta name=\"twitter:card\" content=\"summary_large_image\" \/>\n<meta name=\"twitter:label1\" content=\"Estimeret l\u00e6setid\" \/>\n\t<meta name=\"twitter:data1\" content=\"3 minutter\" \/>\n<script type=\"application\/ld+json\" class=\"yoast-schema-graph\">{\"@context\":\"https:\\\/\\\/schema.org\",\"@graph\":[{\"@type\":\"WebPage\",\"@id\":\"https:\\\/\\\/gardenersfriend.eu\\\/da\\\/vare\\\/roundup-dynamic-500-glyphosat-herbicid-15l\\\/\",\"url\":\"https:\\\/\\\/gardenersfriend.eu\\\/da\\\/vare\\\/roundup-dynamic-500-glyphosat-herbicid-15l\\\/\",\"name\":\"roundup dynamic 500 15L\",\"isPartOf\":{\"@id\":\"https:\\\/\\\/gardenersfriend.eu\\\/da\\\/#website\"},\"primaryImageOfPage\":{\"@id\":\"https:\\\/\\\/gardenersfriend.eu\\\/da\\\/vare\\\/roundup-dynamic-500-glyphosat-herbicid-15l\\\/#primaryimage\"},\"image\":{\"@id\":\"https:\\\/\\\/gardenersfriend.eu\\\/da\\\/vare\\\/roundup-dynamic-500-glyphosat-herbicid-15l\\\/#primaryimage\"},\"thumbnailUrl\":\"https:\\\/\\\/gardenersfriend.eu\\\/wp-content\\\/uploads\\\/2025\\\/01\\\/500-15L-6-scaled-e1745942208950.jpg\",\"datePublished\":\"2025-01-25T04:33:38+00:00\",\"dateModified\":\"2026-03-19T19:46:59+00:00\",\"description\":\"Roundup Dynamic 500 15L - Et herbicid i form af et koncentrat til fremstilling af en vandig opl\u00f8sning, der anvendes ved bladudbringning\",\"breadcrumb\":{\"@id\":\"https:\\\/\\\/gardenersfriend.eu\\\/da\\\/vare\\\/roundup-dynamic-500-glyphosat-herbicid-15l\\\/#breadcrumb\"},\"inLanguage\":\"da-DK\",\"potentialAction\":[{\"@type\":\"ReadAction\",\"target\":[\"https:\\\/\\\/gardenersfriend.eu\\\/da\\\/vare\\\/roundup-dynamic-500-glyphosat-herbicid-15l\\\/\"]}]},{\"@type\":\"ImageObject\",\"inLanguage\":\"da-DK\",\"@id\":\"https:\\\/\\\/gardenersfriend.eu\\\/da\\\/vare\\\/roundup-dynamic-500-glyphosat-herbicid-15l\\\/#primaryimage\",\"url\":\"https:\\\/\\\/gardenersfriend.eu\\\/wp-content\\\/uploads\\\/2025\\\/01\\\/500-15L-6-scaled-e1745942208950.jpg\",\"contentUrl\":\"https:\\\/\\\/gardenersfriend.eu\\\/wp-content\\\/uploads\\\/2025\\\/01\\\/500-15L-6-scaled-e1745942208950.jpg\",\"width\":2320,\"height\":2560,\"caption\":\"Roundup Dynamic 500 15L\"},{\"@type\":\"BreadcrumbList\",\"@id\":\"https:\\\/\\\/gardenersfriend.eu\\\/da\\\/vare\\\/roundup-dynamic-500-glyphosat-herbicid-15l\\\/#breadcrumb\",\"itemListElement\":[{\"@type\":\"ListItem\",\"position\":1,\"name\":\"Strona g\u0142\u00f3wna\",\"item\":\"https:\\\/\\\/gardenersfriend.eu\\\/da\\\/\"},{\"@type\":\"ListItem\",\"position\":2,\"name\":\"Shop\",\"item\":\"https:\\\/\\\/gardenersfriend.eu\\\/shop\\\/\"},{\"@type\":\"ListItem\",\"position\":3,\"name\":\"Roundup Dynamic 500 Glyphosat-herbicid 15L\"}]},{\"@type\":\"WebSite\",\"@id\":\"https:\\\/\\\/gardenersfriend.eu\\\/da\\\/#website\",\"url\":\"https:\\\/\\\/gardenersfriend.eu\\\/da\\\/\",\"name\":\"Gardeners Friend\",\"description\":\"herbicides, fertilisers, roundup\",\"publisher\":{\"@id\":\"https:\\\/\\\/gardenersfriend.eu\\\/da\\\/#organization\"},\"potentialAction\":[{\"@type\":\"SearchAction\",\"target\":{\"@type\":\"EntryPoint\",\"urlTemplate\":\"https:\\\/\\\/gardenersfriend.eu\\\/da\\\/?s={search_term_string}\"},\"query-input\":{\"@type\":\"PropertyValueSpecification\",\"valueRequired\":true,\"valueName\":\"search_term_string\"}}],\"inLanguage\":\"da-DK\"},{\"@type\":\"Organization\",\"@id\":\"https:\\\/\\\/gardenersfriend.eu\\\/da\\\/#organization\",\"name\":\"Gardeners Friend\",\"url\":\"https:\\\/\\\/gardenersfriend.eu\\\/da\\\/\",\"logo\":{\"@type\":\"ImageObject\",\"inLanguage\":\"da-DK\",\"@id\":\"https:\\\/\\\/gardenersfriend.eu\\\/da\\\/#\\\/schema\\\/logo\\\/image\\\/\",\"url\":\"https:\\\/\\\/gardenersfriend.eu\\\/wp-content\\\/uploads\\\/2025\\\/09\\\/gf_accepted_big_logo.png\",\"contentUrl\":\"https:\\\/\\\/gardenersfriend.eu\\\/wp-content\\\/uploads\\\/2025\\\/09\\\/gf_accepted_big_logo.png\",\"width\":2000,\"height\":1000,\"caption\":\"Gardeners Friend\"},\"image\":{\"@id\":\"https:\\\/\\\/gardenersfriend.eu\\\/da\\\/#\\\/schema\\\/logo\\\/image\\\/\"},\"sameAs\":[\"https:\\\/\\\/www.facebook.com\\\/people\\\/Gardeners-Friend-Store\\\/61566268054378\\\/\",\"https:\\\/\\\/www.instagram.com\\\/gardeners_friend_store\\\/\"]}]}<\/script>\n<!-- \/ Yoast SEO plugin. -->","yoast_head_json":{"title":"roundup dynamic 500 15L","description":"Roundup Dynamic 500 15L - Et herbicid i form af et koncentrat til fremstilling af en vandig opl\u00f8sning, der anvendes ved bladudbringning","robots":{"index":"index","follow":"follow","max-snippet":"max-snippet:-1","max-image-preview":"max-image-preview:large","max-video-preview":"max-video-preview:-1"},"canonical":"https:\/\/gardenersfriend.eu\/da\/vare\/roundup-dynamic-500-glyphosat-herbicid-15l\/","og_locale":"da_DK","og_type":"article","og_title":"roundup dynamic 500 15L","og_description":"Roundup Dynamic 500 15L - Et herbicid i form af et koncentrat til fremstilling af en vandig opl\u00f8sning, der anvendes ved bladudbringning","og_url":"https:\/\/gardenersfriend.eu\/da\/vare\/roundup-dynamic-500-glyphosat-herbicid-15l\/","og_site_name":"Gardeners Friend","article_publisher":"https:\/\/www.facebook.com\/people\/Gardeners-Friend-Store\/61566268054378\/","article_modified_time":"2026-03-19T19:46:59+00:00","og_image":[{"width":2320,"height":2560,"url":"https:\/\/gardenersfriend.eu\/wp-content\/uploads\/2025\/01\/500-15L-6-scaled-e1745942208950.jpg","type":"image\/jpeg"}],"twitter_card":"summary_large_image","twitter_misc":{"Estimeret l\u00e6setid":"3 minutter"},"schema":{"@context":"https:\/\/schema.org","@graph":[{"@type":"WebPage","@id":"https:\/\/gardenersfriend.eu\/da\/vare\/roundup-dynamic-500-glyphosat-herbicid-15l\/","url":"https:\/\/gardenersfriend.eu\/da\/vare\/roundup-dynamic-500-glyphosat-herbicid-15l\/","name":"roundup dynamic 500 15L","isPartOf":{"@id":"https:\/\/gardenersfriend.eu\/da\/#website"},"primaryImageOfPage":{"@id":"https:\/\/gardenersfriend.eu\/da\/vare\/roundup-dynamic-500-glyphosat-herbicid-15l\/#primaryimage"},"image":{"@id":"https:\/\/gardenersfriend.eu\/da\/vare\/roundup-dynamic-500-glyphosat-herbicid-15l\/#primaryimage"},"thumbnailUrl":"https:\/\/gardenersfriend.eu\/wp-content\/uploads\/2025\/01\/500-15L-6-scaled-e1745942208950.jpg","datePublished":"2025-01-25T04:33:38+00:00","dateModified":"2026-03-19T19:46:59+00:00","description":"Roundup Dynamic 500 15L - Et herbicid i form af et koncentrat til fremstilling af en vandig opl\u00f8sning, der anvendes ved bladudbringning","breadcrumb":{"@id":"https:\/\/gardenersfriend.eu\/da\/vare\/roundup-dynamic-500-glyphosat-herbicid-15l\/#breadcrumb"},"inLanguage":"da-DK","potentialAction":[{"@type":"ReadAction","target":["https:\/\/gardenersfriend.eu\/da\/vare\/roundup-dynamic-500-glyphosat-herbicid-15l\/"]}]},{"@type":"ImageObject","inLanguage":"da-DK","@id":"https:\/\/gardenersfriend.eu\/da\/vare\/roundup-dynamic-500-glyphosat-herbicid-15l\/#primaryimage","url":"https:\/\/gardenersfriend.eu\/wp-content\/uploads\/2025\/01\/500-15L-6-scaled-e1745942208950.jpg","contentUrl":"https:\/\/gardenersfriend.eu\/wp-content\/uploads\/2025\/01\/500-15L-6-scaled-e1745942208950.jpg","width":2320,"height":2560,"caption":"Roundup Dynamic 500 15L"},{"@type":"BreadcrumbList","@id":"https:\/\/gardenersfriend.eu\/da\/vare\/roundup-dynamic-500-glyphosat-herbicid-15l\/#breadcrumb","itemListElement":[{"@type":"ListItem","position":1,"name":"Strona g\u0142\u00f3wna","item":"https:\/\/gardenersfriend.eu\/da\/"},{"@type":"ListItem","position":2,"name":"Shop","item":"https:\/\/gardenersfriend.eu\/shop\/"},{"@type":"ListItem","position":3,"name":"Roundup Dynamic 500 Glyphosat-herbicid 15L"}]},{"@type":"WebSite","@id":"https:\/\/gardenersfriend.eu\/da\/#website","url":"https:\/\/gardenersfriend.eu\/da\/","name":"Gardeners Friend","description":"herbicides, fertilisers, roundup","publisher":{"@id":"https:\/\/gardenersfriend.eu\/da\/#organization"},"potentialAction":[{"@type":"SearchAction","target":{"@type":"EntryPoint","urlTemplate":"https:\/\/gardenersfriend.eu\/da\/?s={search_term_string}"},"query-input":{"@type":"PropertyValueSpecification","valueRequired":true,"valueName":"search_term_string"}}],"inLanguage":"da-DK"},{"@type":"Organization","@id":"https:\/\/gardenersfriend.eu\/da\/#organization","name":"Gardeners Friend","url":"https:\/\/gardenersfriend.eu\/da\/","logo":{"@type":"ImageObject","inLanguage":"da-DK","@id":"https:\/\/gardenersfriend.eu\/da\/#\/schema\/logo\/image\/","url":"https:\/\/gardenersfriend.eu\/wp-content\/uploads\/2025\/09\/gf_accepted_big_logo.png","contentUrl":"https:\/\/gardenersfriend.eu\/wp-content\/uploads\/2025\/09\/gf_accepted_big_logo.png","width":2000,"height":1000,"caption":"Gardeners Friend"},"image":{"@id":"https:\/\/gardenersfriend.eu\/da\/#\/schema\/logo\/image\/"},"sameAs":["https:\/\/www.facebook.com\/people\/Gardeners-Friend-Store\/61566268054378\/","https:\/\/www.instagram.com\/gardeners_friend_store\/"]}]}},"uagb_featured_image_src":{"full":["https:\/\/gardenersfriend.eu\/wp-content\/uploads\/2025\/01\/500-15L-6-scaled-e1745942208950.jpg",2320,2560,false],"thumbnail":["https:\/\/gardenersfriend.eu\/wp-content\/uploads\/2025\/01\/500-15L-6-150x150.jpg",150,150,true],"medium":["https:\/\/gardenersfriend.eu\/wp-content\/uploads\/2025\/01\/500-15L-6-272x300.jpg",272,300,true],"medium_large":["https:\/\/gardenersfriend.eu\/wp-content\/uploads\/2025\/01\/500-15L-6-768x847.jpg",768,847,true],"large":["https:\/\/gardenersfriend.eu\/wp-content\/uploads\/2025\/01\/500-15L-6-928x1024.jpg",928,1024,true],"1536x1536":["https:\/\/gardenersfriend.eu\/wp-content\/uploads\/2025\/01\/500-15L-6-1392x1536.jpg",1392,1536,true],"2048x2048":["https:\/\/gardenersfriend.eu\/wp-content\/uploads\/2025\/01\/500-15L-6-1856x2048.jpg",1856,2048,true],"woocommerce_thumbnail":["https:\/\/gardenersfriend.eu\/wp-content\/uploads\/2025\/01\/500-15L-6-300x300.jpg",300,300,true],"woocommerce_single":["https:\/\/gardenersfriend.eu\/wp-content\/uploads\/2025\/01\/500-15L-6-600x662.jpg",600,662,true],"woocommerce_gallery_thumbnail":["https:\/\/gardenersfriend.eu\/wp-content\/uploads\/2025\/01\/500-15L-6-100x100.jpg",100,100,true]},"uagb_author_info":{"display_name":"admin","author_link":"https:\/\/gardenersfriend.eu\/da\/author\/"},"uagb_comment_info":0,"uagb_excerpt":"Roundup Dynamic 500 15L - Et herbicid i form af et koncentrat til fremstilling af en vandig opl\u00f8sning, der anvendes ved bladudbringning, beregnet til at bek\u00e6mpe kvikgr\u00e6s samt en- og fler\u00e5rigt ukrudt p\u00e5 agerjord.","jetpack_sharing_enabled":true,"_links":{"self":[{"href":"https:\/\/gardenersfriend.eu\/da\/wp-json\/wp\/v2\/product\/2628","targetHints":{"allow":["GET"]}}],"collection":[{"href":"https:\/\/gardenersfriend.eu\/da\/wp-json\/wp\/v2\/product"}],"about":[{"href":"https:\/\/gardenersfriend.eu\/da\/wp-json\/wp\/v2\/types\/product"}],"replies":[{"embeddable":true,"href":"https:\/\/gardenersfriend.eu\/da\/wp-json\/wp\/v2\/comments?post=2628"}],"wp:featuredmedia":[{"embeddable":true,"href":"https:\/\/gardenersfriend.eu\/da\/wp-json\/wp\/v2\/media\/2820"}],"wp:attachment":[{"href":"https:\/\/gardenersfriend.eu\/da\/wp-json\/wp\/v2\/media?parent=2628"}],"wp:term":[{"taxonomy":"product_brand","embeddable":true,"href":"https:\/\/gardenersfriend.eu\/da\/wp-json\/wp\/v2\/product_brand?post=2628"},{"taxonomy":"product_cat","embeddable":true,"href":"https:\/\/gardenersfriend.eu\/da\/wp-json\/wp\/v2\/product_cat?post=2628"},{"taxonomy":"product_tag","embeddable":true,"href":"https:\/\/gardenersfriend.eu\/da\/wp-json\/wp\/v2\/product_tag?post=2628"}],"curies":[{"name":"wp","href":"https:\/\/api.w.org\/{rel}","templated":true}]}}