{"id":4504,"date":"2025-06-04T23:11:52","date_gmt":"2025-06-04T21:11:52","guid":{"rendered":"https:\/\/gardenersfriend.eu\/product\/inex-a-adjuvans\/"},"modified":"2026-02-19T16:27:47","modified_gmt":"2026-02-19T15:27:47","slug":"inex-a-adjuvans","status":"publish","type":"product","link":"https:\/\/gardenersfriend.eu\/da\/vare\/inex-a-adjuvans\/","title":{"rendered":"Inex-A Adjuvans"},"content":{"rendered":"<h2>Inex-A Adjuvant &#8211; <b>\u00f8ger effektiviteten af bladbehandlinger i landbrugsproduktionen<\/b><\/h2>\n<p>Adjuvans, ikke-ionisk overfladeaktivt middel, der \u00f8ger effektiviteten af stoffer, der anvendes i bladbehandlinger. Det har en befugtende og gennemtr\u00e6ngende effekt, forbedrer fordelingen og distributionen af stoffer p\u00e5 planternes overflade og i deres v\u00e6v. Brugen af INEX-A \u00f8ger effektiviteten af bladbehandlinger, hvis form\u00e5l er at beskytte og fodre planter.skumd\u00e6mpende effekt.  <\/p>\n<h2>Hvordan virker Inex-A?<\/h2>\n<p>P\u00e5 grund af sin ikke-ioniske natur \u00e6ndrer INEX-A ikke de kemiske parametre for de produkter, der bruges sammen med det, samtidig med at det reducerer vandets overfladesp\u00e6nding og g\u00f8r det lettere for arbejdsv\u00e6sken at d\u00e6kke et st\u00f8rre overfladeareal i planten. Det \u00f8ger optagelsen af stoffer i planten og g\u00f8r det muligt at skabe mere stabile og ensartede opl\u00f8sninger eller emulsioner. Adjuvansen forbedrer effektiviteten af de anvendte landbrugskemikalier og dermed kvaliteten af behandlingen.  <\/p>\n<p>&nbsp;<\/p>\n<table style=\"height: 35.5957px; width: 99.9973%;\" width=\"100%\">\n<tbody>\n<tr style=\"height: 35.5957px;\">\n<td style=\"height: 35.5957px; width: 46.6566%;\">  Produktets sammens\u00e6tning (% m\/m):<\/td>\n<td style=\"width: 52.9938%;\"><\/td>\n<\/tr>\n<tr>\n<td style=\"width: 46.6566%;\">Ethoxyleret fedtalkohol<\/td>\n<td style=\"width: 52.9938%;\">\n<table class=\"table table-bordered table-striped\">\n<tbody>\n<tr>\n<td>20,2<\/td>\n<\/tr>\n<tr>\n<td><\/td>\n<\/tr>\n<\/tbody>\n<\/table>\n<\/td>\n<\/tr>\n<tr>\n<td style=\"width: 46.6566%;\">Polydimethylsiloxan<\/td>\n<td style=\"width: 52.9938%;\">1,0<\/td>\n<\/tr>\n<\/tbody>\n<\/table>\n<h2><\/h2>\n<h2>Dosering &#8211; hvordan bruges Inex-A?<\/h2>\n<ol>\n<li>Tils\u00e6t f\u00f8rst produktet til spr\u00f8jten, der er fyldt med vand til 3\/4 af dens kapacitet.<\/li>\n<li>Tils\u00e6t de resterende produkter til tanken med mixeren t\u00e6ndt.<\/li>\n<li>Fyld derefter op med vand til den \u00f8nskede m\u00e6ngde.<\/li>\n<\/ol>\n<table style=\"width: 99.9973%; height: 74.7949px;\" width=\"100%\">\n<tbody>\n<tr style=\"height: 39.1992px;\">\n<td style=\"width: 26.9704%; height: 39.1992px;\">  Produkt<\/td>\n<td style=\"width: 12.9598%; height: 39.1992px;\">Insektmiddel<\/td>\n<td style=\"width: 13.1578%; height: 39.1992px;\">Fungicyd<\/td>\n<td style=\"width: 13.4624%; height: 39.1992px;\">Herbicyd<\/td>\n<td style=\"width: 14.1857%; height: 39.1992px;\">Bladg\u00f8dning<\/td>\n<td style=\"width: 17.6884%; height: 39.1992px;\">Biostimulator<\/td>\n<\/tr>\n<tr style=\"height: 35.5957px;\">\n<td style=\"width: 26.9704%; height: 35.5957px;\">Dosis pr. 100 l vand<\/td>\n<td style=\"width: 12.9598%; height: 35.5957px;\">50 ml<\/td>\n<td style=\"width: 13.1578%; height: 35.5957px;\">50 ml<\/td>\n<td style=\"width: 13.4624%; height: 35.5957px;\">50 ml<\/td>\n<td style=\"width: 14.1857%; height: 35.5957px;\">50 ml<\/td>\n<td style=\"width: 17.6884%; height: 35.5957px;\">50 ml<\/td>\n<\/tr>\n<\/tbody>\n<\/table>\n<p>&nbsp;<\/p>\n<h2>Fordele ved Inex-A Adjuvans &#8211; Fordele ved at bruge et adjuvans:<\/h2>\n<ul>\n<li>st\u00f8ttefunktion ved brug af bladpr\u00e6parater, der anvendes i landbruget,<\/li>\n<li>\u00f8get effektivitet af aktive stoffer, der anvendes i landbruget,<\/li>\n<li>befugtende og gennemtr\u00e6ngende effekt p\u00e5 planternes overflade,<\/li>\n<li>\u00f8get optagelse af aktive stoffer i planten,<\/li>\n<li>begr\u00e6nset afstr\u00f8mning af stoffer,<\/li>\n<li>ingen reaktion med de midler, der bruges i tankblandingen,<\/li>\n<li>forbedret opl\u00f8selighed og blandbarhed af de anvendte pr\u00e6parater,<\/li>\n<li>mere stabile og ensartede opl\u00f8sninger eller emulsioner og opl\u00f8sninger,<\/li>\n<li>Skumd\u00e6mpende effekt.<\/li>\n<\/ul>\n<h2>Hvad er fordelene ved et st\u00f8rre kontaktomr\u00e5de mellem planten og arbejdsv\u00e6sken?<\/h2>\n<ul>\n<li>mere effektiv indf\u00f8ring af arbejdsv\u00e6skens komponenter i v\u00e6vet,<\/li>\n<li>j\u00e6vn d\u00e6kning af spr\u00f8jtede overflader med bladmidler,<\/li>\n<li>begr\u00e6nset afstr\u00f8mning af v\u00e6ske fra planter,<\/li>\n<li>forl\u00e6nget virkningsvarighed af aktive stoffer.<\/li>\n<\/ul>\n<p><strong>Etiket: <\/strong><a title=\"Inex-A DA\" href=\"https:\/\/gardenersfriend.eu\/wp-content\/uploads\/2026\/02\/inex_a_DK.pdf\" target=\"_blank\" rel=\"noopener\">Inex_A_DK<\/a><\/p>\n<p><strong>Producentens websted:<\/strong> <a title=\"Cosmocel-siden\" href=\"https:\/\/www.cosmocel.com\/\" target=\"_blank\" rel=\"noopener\">Qemetica<\/a><\/p>\n","protected":false},"excerpt":{"rendered":"<p>INEX-A Adjuvans &#8211; Det har en befugtende og gennemtr\u00e6ngende effekt, forbedrer fordelingen og distributionen af stoffer p\u00e5 planternes overflade og i deres v\u00e6v.<\/p>\n","protected":false},"featured_media":5002,"comment_status":"open","ping_status":"closed","template":"","meta":{"_uag_custom_page_level_css":"","site-sidebar-layout":"default","site-content-layout":"","ast-site-content-layout":"default","site-content-style":"default","site-sidebar-style":"default","ast-global-header-display":"","ast-banner-title-visibility":"","ast-main-header-display":"","ast-hfb-above-header-display":"","ast-hfb-below-header-display":"","ast-hfb-mobile-header-display":"","site-post-title":"","ast-breadcrumbs-content":"","ast-featured-img":"","footer-sml-layout":"","ast-disable-related-posts":"","theme-transparent-header-meta":"default","adv-header-id-meta":"","stick-header-meta":"","header-above-stick-meta":"","header-main-stick-meta":"","header-below-stick-meta":"","astra-migrate-meta-layouts":"default","ast-page-background-enabled":"default","ast-page-background-meta":{"desktop":{"background-color":"var(--ast-global-color-4)","background-image":"","background-repeat":"repeat","background-position":"center center","background-size":"auto","background-attachment":"scroll","background-type":"","background-media":"","overlay-type":"","overlay-color":"","overlay-opacity":"","overlay-gradient":""},"tablet":{"background-color":"","background-image":"","background-repeat":"repeat","background-position":"center center","background-size":"auto","background-attachment":"scroll","background-type":"","background-media":"","overlay-type":"","overlay-color":"","overlay-opacity":"","overlay-gradient":""},"mobile":{"background-color":"","background-image":"","background-repeat":"repeat","background-position":"center center","background-size":"auto","background-attachment":"scroll","background-type":"","background-media":"","overlay-type":"","overlay-color":"","overlay-opacity":"","overlay-gradient":""}},"ast-content-background-meta":{"desktop":{"background-color":"var(--ast-global-color-5)","background-image":"","background-repeat":"repeat","background-position":"center center","background-size":"auto","background-attachment":"scroll","background-type":"","background-media":"","overlay-type":"","overlay-color":"","overlay-opacity":"","overlay-gradient":""},"tablet":{"background-color":"var(--ast-global-color-5)","background-image":"","background-repeat":"repeat","background-position":"center center","background-size":"auto","background-attachment":"scroll","background-type":"","background-media":"","overlay-type":"","overlay-color":"","overlay-opacity":"","overlay-gradient":""},"mobile":{"background-color":"var(--ast-global-color-5)","background-image":"","background-repeat":"repeat","background-position":"center center","background-size":"auto","background-attachment":"scroll","background-type":"","background-media":"","overlay-type":"","overlay-color":"","overlay-opacity":"","overlay-gradient":""}}},"product_brand":[162],"product_cat":[196,94],"product_tag":[],"class_list":{"0":"post-4504","1":"product","2":"type-product","3":"status-publish","4":"has-post-thumbnail","6":"product_brand-cosmocel","7":"product_cat-adjuvans","8":"product_cat-alle-produkter","9":"product_shipping_class-alle","10":"desktop-align-left","11":"tablet-align-left","12":"mobile-align-left","14":"first","15":"instock","16":"taxable","17":"shipping-taxable","18":"purchasable","19":"product-type-variable","20":"has-default-attributes"},"yoast_head":"<!-- This site is optimized with the Yoast SEO plugin v27.4 - https:\/\/yoast.com\/product\/yoast-seo-wordpress\/ -->\n<title>Inex-A Adjuvans - Gardeners Friend<\/title>\n<meta name=\"description\" content=\"INEX-A Adjuvans har en befugtende og gennemtr\u00e6ngende effekt, der forbedrer fordelingen af stoffer p\u00e5 planternes overflade og i deres v\u00e6v.\" \/>\n<meta name=\"robots\" content=\"index, follow, max-snippet:-1, max-image-preview:large, max-video-preview:-1\" \/>\n<link rel=\"canonical\" href=\"https:\/\/gardenersfriend.eu\/da\/vare\/inex-a-adjuvans\/\" \/>\n<meta property=\"og:locale\" content=\"da_DK\" \/>\n<meta property=\"og:type\" content=\"article\" \/>\n<meta property=\"og:title\" content=\"Inex-A Adjuvans - Gardeners Friend\" \/>\n<meta property=\"og:description\" content=\"INEX-A Adjuvans har en befugtende og gennemtr\u00e6ngende effekt, der forbedrer fordelingen af stoffer p\u00e5 planternes overflade og i deres v\u00e6v.\" \/>\n<meta property=\"og:url\" content=\"https:\/\/gardenersfriend.eu\/da\/vare\/inex-a-adjuvans\/\" \/>\n<meta property=\"og:site_name\" content=\"Gardeners Friend\" \/>\n<meta property=\"article:publisher\" content=\"https:\/\/www.facebook.com\/people\/Gardeners-Friend-Store\/61566268054378\/\" \/>\n<meta property=\"article:modified_time\" content=\"2026-02-19T15:27:47+00:00\" \/>\n<meta property=\"og:image\" content=\"https:\/\/gardenersfriend.eu\/wp-content\/uploads\/2025\/06\/Inex-A-330mlWebp-2.webp\" \/>\n\t<meta property=\"og:image:width\" content=\"2048\" \/>\n\t<meta property=\"og:image:height\" content=\"2048\" \/>\n\t<meta property=\"og:image:type\" content=\"image\/webp\" \/>\n<meta name=\"twitter:card\" content=\"summary_large_image\" \/>\n<meta name=\"twitter:label1\" content=\"Estimeret l\u00e6setid\" \/>\n\t<meta name=\"twitter:data1\" content=\"2 minutter\" \/>\n<script type=\"application\/ld+json\" class=\"yoast-schema-graph\">{\"@context\":\"https:\\\/\\\/schema.org\",\"@graph\":[{\"@type\":\"WebPage\",\"@id\":\"https:\\\/\\\/gardenersfriend.eu\\\/da\\\/vare\\\/inex-a-adjuvans\\\/\",\"url\":\"https:\\\/\\\/gardenersfriend.eu\\\/da\\\/vare\\\/inex-a-adjuvans\\\/\",\"name\":\"Inex-A Adjuvans - Gardeners Friend\",\"isPartOf\":{\"@id\":\"https:\\\/\\\/gardenersfriend.eu\\\/da\\\/#website\"},\"primaryImageOfPage\":{\"@id\":\"https:\\\/\\\/gardenersfriend.eu\\\/da\\\/vare\\\/inex-a-adjuvans\\\/#primaryimage\"},\"image\":{\"@id\":\"https:\\\/\\\/gardenersfriend.eu\\\/da\\\/vare\\\/inex-a-adjuvans\\\/#primaryimage\"},\"thumbnailUrl\":\"https:\\\/\\\/gardenersfriend.eu\\\/wp-content\\\/uploads\\\/2025\\\/06\\\/Inex-A-330mlWebp-2.webp\",\"datePublished\":\"2025-06-04T21:11:52+00:00\",\"dateModified\":\"2026-02-19T15:27:47+00:00\",\"description\":\"INEX-A Adjuvans har en befugtende og gennemtr\u00e6ngende effekt, der forbedrer fordelingen af stoffer p\u00e5 planternes overflade og i deres v\u00e6v.\",\"breadcrumb\":{\"@id\":\"https:\\\/\\\/gardenersfriend.eu\\\/da\\\/vare\\\/inex-a-adjuvans\\\/#breadcrumb\"},\"inLanguage\":\"da-DK\",\"potentialAction\":[{\"@type\":\"ReadAction\",\"target\":[\"https:\\\/\\\/gardenersfriend.eu\\\/da\\\/vare\\\/inex-a-adjuvans\\\/\"]}]},{\"@type\":\"ImageObject\",\"inLanguage\":\"da-DK\",\"@id\":\"https:\\\/\\\/gardenersfriend.eu\\\/da\\\/vare\\\/inex-a-adjuvans\\\/#primaryimage\",\"url\":\"https:\\\/\\\/gardenersfriend.eu\\\/wp-content\\\/uploads\\\/2025\\\/06\\\/Inex-A-330mlWebp-2.webp\",\"contentUrl\":\"https:\\\/\\\/gardenersfriend.eu\\\/wp-content\\\/uploads\\\/2025\\\/06\\\/Inex-A-330mlWebp-2.webp\",\"width\":2048,\"height\":2048,\"caption\":\"Inex-A 330 ml\"},{\"@type\":\"BreadcrumbList\",\"@id\":\"https:\\\/\\\/gardenersfriend.eu\\\/da\\\/vare\\\/inex-a-adjuvans\\\/#breadcrumb\",\"itemListElement\":[{\"@type\":\"ListItem\",\"position\":1,\"name\":\"Strona g\u0142\u00f3wna\",\"item\":\"https:\\\/\\\/gardenersfriend.eu\\\/da\\\/\"},{\"@type\":\"ListItem\",\"position\":2,\"name\":\"Shop\",\"item\":\"https:\\\/\\\/gardenersfriend.eu\\\/shop\\\/\"},{\"@type\":\"ListItem\",\"position\":3,\"name\":\"Inex-A Adjuvans\"}]},{\"@type\":\"WebSite\",\"@id\":\"https:\\\/\\\/gardenersfriend.eu\\\/da\\\/#website\",\"url\":\"https:\\\/\\\/gardenersfriend.eu\\\/da\\\/\",\"name\":\"Gardeners Friend\",\"description\":\"herbicides, fertilisers, roundup\",\"publisher\":{\"@id\":\"https:\\\/\\\/gardenersfriend.eu\\\/da\\\/#organization\"},\"potentialAction\":[{\"@type\":\"SearchAction\",\"target\":{\"@type\":\"EntryPoint\",\"urlTemplate\":\"https:\\\/\\\/gardenersfriend.eu\\\/da\\\/?s={search_term_string}\"},\"query-input\":{\"@type\":\"PropertyValueSpecification\",\"valueRequired\":true,\"valueName\":\"search_term_string\"}}],\"inLanguage\":\"da-DK\"},{\"@type\":\"Organization\",\"@id\":\"https:\\\/\\\/gardenersfriend.eu\\\/da\\\/#organization\",\"name\":\"Gardeners Friend\",\"url\":\"https:\\\/\\\/gardenersfriend.eu\\\/da\\\/\",\"logo\":{\"@type\":\"ImageObject\",\"inLanguage\":\"da-DK\",\"@id\":\"https:\\\/\\\/gardenersfriend.eu\\\/da\\\/#\\\/schema\\\/logo\\\/image\\\/\",\"url\":\"https:\\\/\\\/gardenersfriend.eu\\\/wp-content\\\/uploads\\\/2025\\\/09\\\/gf_accepted_big_logo.png\",\"contentUrl\":\"https:\\\/\\\/gardenersfriend.eu\\\/wp-content\\\/uploads\\\/2025\\\/09\\\/gf_accepted_big_logo.png\",\"width\":2000,\"height\":1000,\"caption\":\"Gardeners Friend\"},\"image\":{\"@id\":\"https:\\\/\\\/gardenersfriend.eu\\\/da\\\/#\\\/schema\\\/logo\\\/image\\\/\"},\"sameAs\":[\"https:\\\/\\\/www.facebook.com\\\/people\\\/Gardeners-Friend-Store\\\/61566268054378\\\/\",\"https:\\\/\\\/www.instagram.com\\\/gardeners_friend_store\\\/\"]}]}<\/script>\n<!-- \/ Yoast SEO plugin. -->","yoast_head_json":{"title":"Inex-A Adjuvans - Gardeners Friend","description":"INEX-A Adjuvans har en befugtende og gennemtr\u00e6ngende effekt, der forbedrer fordelingen af stoffer p\u00e5 planternes overflade og i deres v\u00e6v.","robots":{"index":"index","follow":"follow","max-snippet":"max-snippet:-1","max-image-preview":"max-image-preview:large","max-video-preview":"max-video-preview:-1"},"canonical":"https:\/\/gardenersfriend.eu\/da\/vare\/inex-a-adjuvans\/","og_locale":"da_DK","og_type":"article","og_title":"Inex-A Adjuvans - Gardeners Friend","og_description":"INEX-A Adjuvans har en befugtende og gennemtr\u00e6ngende effekt, der forbedrer fordelingen af stoffer p\u00e5 planternes overflade og i deres v\u00e6v.","og_url":"https:\/\/gardenersfriend.eu\/da\/vare\/inex-a-adjuvans\/","og_site_name":"Gardeners Friend","article_publisher":"https:\/\/www.facebook.com\/people\/Gardeners-Friend-Store\/61566268054378\/","article_modified_time":"2026-02-19T15:27:47+00:00","og_image":[{"width":2048,"height":2048,"url":"https:\/\/gardenersfriend.eu\/wp-content\/uploads\/2025\/06\/Inex-A-330mlWebp-2.webp","type":"image\/webp"}],"twitter_card":"summary_large_image","twitter_misc":{"Estimeret l\u00e6setid":"2 minutter"},"schema":{"@context":"https:\/\/schema.org","@graph":[{"@type":"WebPage","@id":"https:\/\/gardenersfriend.eu\/da\/vare\/inex-a-adjuvans\/","url":"https:\/\/gardenersfriend.eu\/da\/vare\/inex-a-adjuvans\/","name":"Inex-A Adjuvans - Gardeners Friend","isPartOf":{"@id":"https:\/\/gardenersfriend.eu\/da\/#website"},"primaryImageOfPage":{"@id":"https:\/\/gardenersfriend.eu\/da\/vare\/inex-a-adjuvans\/#primaryimage"},"image":{"@id":"https:\/\/gardenersfriend.eu\/da\/vare\/inex-a-adjuvans\/#primaryimage"},"thumbnailUrl":"https:\/\/gardenersfriend.eu\/wp-content\/uploads\/2025\/06\/Inex-A-330mlWebp-2.webp","datePublished":"2025-06-04T21:11:52+00:00","dateModified":"2026-02-19T15:27:47+00:00","description":"INEX-A Adjuvans har en befugtende og gennemtr\u00e6ngende effekt, der forbedrer fordelingen af stoffer p\u00e5 planternes overflade og i deres v\u00e6v.","breadcrumb":{"@id":"https:\/\/gardenersfriend.eu\/da\/vare\/inex-a-adjuvans\/#breadcrumb"},"inLanguage":"da-DK","potentialAction":[{"@type":"ReadAction","target":["https:\/\/gardenersfriend.eu\/da\/vare\/inex-a-adjuvans\/"]}]},{"@type":"ImageObject","inLanguage":"da-DK","@id":"https:\/\/gardenersfriend.eu\/da\/vare\/inex-a-adjuvans\/#primaryimage","url":"https:\/\/gardenersfriend.eu\/wp-content\/uploads\/2025\/06\/Inex-A-330mlWebp-2.webp","contentUrl":"https:\/\/gardenersfriend.eu\/wp-content\/uploads\/2025\/06\/Inex-A-330mlWebp-2.webp","width":2048,"height":2048,"caption":"Inex-A 330 ml"},{"@type":"BreadcrumbList","@id":"https:\/\/gardenersfriend.eu\/da\/vare\/inex-a-adjuvans\/#breadcrumb","itemListElement":[{"@type":"ListItem","position":1,"name":"Strona g\u0142\u00f3wna","item":"https:\/\/gardenersfriend.eu\/da\/"},{"@type":"ListItem","position":2,"name":"Shop","item":"https:\/\/gardenersfriend.eu\/shop\/"},{"@type":"ListItem","position":3,"name":"Inex-A Adjuvans"}]},{"@type":"WebSite","@id":"https:\/\/gardenersfriend.eu\/da\/#website","url":"https:\/\/gardenersfriend.eu\/da\/","name":"Gardeners Friend","description":"herbicides, fertilisers, roundup","publisher":{"@id":"https:\/\/gardenersfriend.eu\/da\/#organization"},"potentialAction":[{"@type":"SearchAction","target":{"@type":"EntryPoint","urlTemplate":"https:\/\/gardenersfriend.eu\/da\/?s={search_term_string}"},"query-input":{"@type":"PropertyValueSpecification","valueRequired":true,"valueName":"search_term_string"}}],"inLanguage":"da-DK"},{"@type":"Organization","@id":"https:\/\/gardenersfriend.eu\/da\/#organization","name":"Gardeners Friend","url":"https:\/\/gardenersfriend.eu\/da\/","logo":{"@type":"ImageObject","inLanguage":"da-DK","@id":"https:\/\/gardenersfriend.eu\/da\/#\/schema\/logo\/image\/","url":"https:\/\/gardenersfriend.eu\/wp-content\/uploads\/2025\/09\/gf_accepted_big_logo.png","contentUrl":"https:\/\/gardenersfriend.eu\/wp-content\/uploads\/2025\/09\/gf_accepted_big_logo.png","width":2000,"height":1000,"caption":"Gardeners Friend"},"image":{"@id":"https:\/\/gardenersfriend.eu\/da\/#\/schema\/logo\/image\/"},"sameAs":["https:\/\/www.facebook.com\/people\/Gardeners-Friend-Store\/61566268054378\/","https:\/\/www.instagram.com\/gardeners_friend_store\/"]}]}},"uagb_featured_image_src":{"full":["https:\/\/gardenersfriend.eu\/wp-content\/uploads\/2025\/06\/Inex-A-330mlWebp-2.webp",2048,2048,false],"thumbnail":["https:\/\/gardenersfriend.eu\/wp-content\/uploads\/2025\/06\/Inex-A-330mlWebp-2-150x150.webp",150,150,true],"medium":["https:\/\/gardenersfriend.eu\/wp-content\/uploads\/2025\/06\/Inex-A-330mlWebp-2-300x300.webp",300,300,true],"medium_large":["https:\/\/gardenersfriend.eu\/wp-content\/uploads\/2025\/06\/Inex-A-330mlWebp-2-768x768.webp",768,768,true],"large":["https:\/\/gardenersfriend.eu\/wp-content\/uploads\/2025\/06\/Inex-A-330mlWebp-2-1024x1024.webp",1024,1024,true],"1536x1536":["https:\/\/gardenersfriend.eu\/wp-content\/uploads\/2025\/06\/Inex-A-330mlWebp-2-1536x1536.webp",1536,1536,true],"2048x2048":["https:\/\/gardenersfriend.eu\/wp-content\/uploads\/2025\/06\/Inex-A-330mlWebp-2.webp",2048,2048,false],"woocommerce_thumbnail":["https:\/\/gardenersfriend.eu\/wp-content\/uploads\/2025\/06\/Inex-A-330mlWebp-2-300x300.webp",300,300,true],"woocommerce_single":["https:\/\/gardenersfriend.eu\/wp-content\/uploads\/2025\/06\/Inex-A-330mlWebp-2-600x600.webp",600,600,true],"woocommerce_gallery_thumbnail":["https:\/\/gardenersfriend.eu\/wp-content\/uploads\/2025\/06\/Inex-A-330mlWebp-2-100x100.webp",100,100,true]},"uagb_author_info":{"display_name":"admin","author_link":"https:\/\/gardenersfriend.eu\/da\/author\/"},"uagb_comment_info":0,"uagb_excerpt":"INEX-A Adjuvans - Det har en befugtende og gennemtr\u00e6ngende effekt, forbedrer fordelingen og distributionen af stoffer p\u00e5 planternes overflade og i deres v\u00e6v.","jetpack_sharing_enabled":true,"_links":{"self":[{"href":"https:\/\/gardenersfriend.eu\/da\/wp-json\/wp\/v2\/product\/4504","targetHints":{"allow":["GET"]}}],"collection":[{"href":"https:\/\/gardenersfriend.eu\/da\/wp-json\/wp\/v2\/product"}],"about":[{"href":"https:\/\/gardenersfriend.eu\/da\/wp-json\/wp\/v2\/types\/product"}],"replies":[{"embeddable":true,"href":"https:\/\/gardenersfriend.eu\/da\/wp-json\/wp\/v2\/comments?post=4504"}],"wp:featuredmedia":[{"embeddable":true,"href":"https:\/\/gardenersfriend.eu\/da\/wp-json\/wp\/v2\/media\/5002"}],"wp:attachment":[{"href":"https:\/\/gardenersfriend.eu\/da\/wp-json\/wp\/v2\/media?parent=4504"}],"wp:term":[{"taxonomy":"product_brand","embeddable":true,"href":"https:\/\/gardenersfriend.eu\/da\/wp-json\/wp\/v2\/product_brand?post=4504"},{"taxonomy":"product_cat","embeddable":true,"href":"https:\/\/gardenersfriend.eu\/da\/wp-json\/wp\/v2\/product_cat?post=4504"},{"taxonomy":"product_tag","embeddable":true,"href":"https:\/\/gardenersfriend.eu\/da\/wp-json\/wp\/v2\/product_tag?post=4504"}],"curies":[{"name":"wp","href":"https:\/\/api.w.org\/{rel}","templated":true}]}}