{"id":4519,"date":"2025-06-04T22:34:12","date_gmt":"2025-06-04T20:34:12","guid":{"rendered":"https:\/\/gardenersfriend.eu\/product\/chwastox-390-trio-sl-ukrudtsmiddel\/"},"modified":"2026-03-19T20:58:50","modified_gmt":"2026-03-19T19:58:50","slug":"chwastox-390-trio-sl-ukrudtsmiddel","status":"publish","type":"product","link":"https:\/\/gardenersfriend.eu\/da\/vare\/chwastox-390-trio-sl-ukrudtsmiddel\/","title":{"rendered":"Chwastox 390 Trio SL ukrudtsmiddel"},"content":{"rendered":"<p><strong>Chwastox Trio 390 SL<\/strong> er et trekomponent-herbicid fra Chwastox-familien, som bek\u00e6mper bredbladet ukrudt ved dyrkning af vinter- og v\u00e5rkorn. Produktet kan ogs\u00e5 bruges p\u00e5 gr\u00e6sarealer. Under optimale vejrforhold er effekten af midlet synlig kort tid efter udbringning.  <\/p>\n<h2>Hvad er fordelene ved at bruge produktet?<\/h2>\n<ul>\n<li>eliminering af en lang r\u00e6kke ukrudtsarter i for\u00e5rs- og vinters\u00e6d<\/li>\n<li>en kombination af aktive stoffer fra gruppen af s\u00e5kaldte v\u00e6kstregulatorer, der reducerer risikoen for ukrudtsresistens<\/li>\n<li>en hurtig visuel herbicid effekt &#8211; bekr\u00e6fter h\u00f8j effektivitet<\/li>\n<\/ul>\n<h2>Chwastox Trio 390 SL &#8211; hvad er produktets sammens\u00e6tning?<\/h2>\n<p>Plantebeskyttelsesmidlet indeholder tre aktive stoffer:<\/p>\n<ul>\n<li>MCPA<\/li>\n<li>mecoprop-P<\/li>\n<li>dicamba<\/li>\n<\/ul>\n<p>De er blevet klassificeret af HRAC i gruppe 4 (tidligere gruppe O), s\u00e5 de har samme virkningsmekanisme.<\/p>\n<p>Produktet absorberes af ukrudtets blade og virker systemisk. Den f\u00f8rste visuelle effekt af produktet er deformation af ukrudt, hvilket f\u00f8rer til h\u00e6mning af v\u00e6kst og deres d\u00f8d. <\/p>\n<p>Produktet er i form af en v\u00e6ske til fremstilling af en vandig opl\u00f8sning &#8211; SL-form.<\/p>\n<h2>Hvilket ukrudt bek\u00e6mper herbicidet?<\/h2>\n<p>Udvalget af ukrudtsarter, der kontrolleres af plantebeskyttelsesmidlet, varierer afh\u00e6ngigt af produktets dosis og antallet af behandlinger. Under registreringsprocessen blev der opn\u00e5et en h\u00f8j effektivitet af Chwastox Nowy Trio 390 SL i forhold til det vigtigste ukrudt, der forekommer i en given afgr\u00f8de. <\/p>\n<p><strong>Vinterhvede, vintertriticale, rug, vinterbyg &#8211; dosis 2,0 l\/ha<\/strong><\/p>\n<ul>\n<li><strong>F\u00f8lsomt ukrudt: <\/strong>kornblomst, alm. rajgr\u00e6s, agersennep, alm. kvik, alm. snerre, hvidmelet g\u00e5sefod, markvalmue, lugtl\u00f8s kvik, alm. forglemmigej, grov kaprifolie, kl\u00f8ver, snerlepileurt, alm. kamille, rapgr\u00e6s, alm. hyrdetaske, agerpadderok<\/li>\n<li><strong>moderat f\u00f8lsomme ukrudtsplanter: <\/strong>lille storken\u00e6b, markviol, vedbend-\u00e6renpris<\/li>\n<\/ul>\n<p><strong>V\u00e5rbyg, v\u00e5rhvede, havre, v\u00e5rtriticale &#8211; dosis 1,5 l\/ha<\/strong><\/p>\n<ul>\n<li><strong>F\u00f8lsomt ukrudt: <\/strong>alm. kvik, agersennep, alm. kvik, purpursolhat, hvidmelet g\u00e5sefod, markvalmue, lugtl\u00f8s kvik, skvalderk\u00e5l, skvalderk\u00e5l, knoldb\u00e6gersvamp, markkamille, skvalderk\u00e5l, alm. hyrdetaske, markbynke, sm\u00e5blomstret kvik.<\/li>\n<li><strong>Middelf\u00f8lsomt ukrudt:<\/strong> lille pelargonie, kornblomst, markviol, markforglemmigej, spildraps<\/li>\n<\/ul>\n<p><strong>Rekreative gr\u00e6sarealer (gr\u00e6spl\u00e6ner, sportsbaner, golfbaner) &#8211; dosis 2,0 l\/ha<\/strong><\/p>\n<ul>\n<li><strong>F\u00f8lsomt ukrudt:<\/strong> krybende ranunkel, almindelig m\u00e6lkeb\u00f8tte, gr\u00f8n sk\u00e6rm, almindelig hornblad, almindelig skovsyre<\/li>\n<li><strong>moderat f\u00f8lsomt ukrudt: <\/strong>strandvejbred, almindelig vejbred, almindelig r\u00f8llike<\/li>\n<li><strong>Resistent ukrudt: <\/strong>lille storken\u00e6b, hvidkl\u00f8ver, storken\u00e6b, agertidsel<\/li>\n<\/ul>\n<p><strong>Rekreative gr\u00e6sarealer (gr\u00e6spl\u00e6ner, sportsbaner, golfbaner) &#8211; dosis 2,0 l\/ha anvendt to gange<\/strong><\/p>\n<ul>\n<li><strong>F\u00f8lsomt ukrudt: <\/strong>strandvejbred, almindelig vejbred, lille storken\u00e6b, krybende ranunkel, hvidkl\u00f8ver, almindelig r\u00f8llike, almindelig m\u00e6lkeb\u00f8tte, gr\u00f8n sk\u00e6rmaks, agertidsel, almindelig hornblad, almindelig syre<\/li>\n<li><strong>resistent ukrudt:<\/strong> k\u00e6mpenatlys<\/li>\n<\/ul>\n<h2>Dosering<\/h2>\n<h3>Vinterhvede, vintertriticale, rug, vinterbyg<\/h3>\n<p>Anbefalet dosis for en enkelt p\u00e5f\u00f8ring: 2,0 l\/ha<br \/>\nMaksimalt antal behandlinger i l\u00f8bet af v\u00e6ksts\u00e6sonen: 1<\/p>\n<p>Dato for ans\u00f8gning:<\/p>\n<p>Anvend midlet om for\u00e5ret efter vegetationens start fra begyndelsen af kornets best\u00f8vningsfase til dens afslutning (BBCH 21-29).<\/p>\n<h3>V\u00e5rbyg, v\u00e5rhvede, havre, v\u00e5rtriticale<\/h3>\n<p>Anbefalet dosis til en enkelt p\u00e5f\u00f8ring: 1,5 l\/ha<\/p>\n<p>Dato for ans\u00f8gning:<\/p>\n<p>Anvend midlet fra begyndelsen af kornets best\u00f8vningsfase til slutningen af den (BBCH 21-29).<\/p>\n<h3>Rekreative gr\u00e6sarealer (gr\u00e6spl\u00e6ner, sportsbaner, golfbaner)<\/h3>\n<p>Anbefalet dosis for en enkelt p\u00e5f\u00f8ring: 2,0 l\/ha<br \/>\nInterval mellem behandlingerne: mindst 56 dage<br \/>\nMaksimalt antal behandlinger i l\u00f8bet af v\u00e6ksts\u00e6sonen: 2<\/p>\n<p>Dato for brug:<\/p>\n<p>Anvend produktet fra for\u00e5ret til det tidlige efter\u00e5r til ukrudt fra stadiet med flere blade til blomstringsstadiet (BBCH 14-40) p\u00e5 hele overfladen af gr\u00e6spl\u00e6nen, sportspladsen, golfbanen eller kun p\u00e5 ukrudtssteder &#8211; i tilf\u00e6lde af kraftig ukrudt kan det v\u00e6re n\u00f8dvendigt at udf\u00f8re endnu en behandling.<\/p>\n<p class=\"p1\"><strong>Etiket: <\/strong><a title=\"Chwastox Trio 390 SL\" href=\"https:\/\/gardenersfriend.eu\/wp-content\/uploads\/2026\/02\/Chwastox_Trio_390_SL_DK.pdf\" target=\"_blank\" rel=\"noopener\">Chwastox Trio 390 SL_DK<\/a><\/p>\n<p class=\"p1\"><strong>Producentens websted:<\/strong> <a title=\"Qemetica-siden\" href=\"https:\/\/qemetica-agro.pl\/pl\" target=\"_blank\" rel=\"noopener\">Qemetica<\/a><\/p>\n<h5 style=\"color: #bcbcbc;\">Legal Information<\/h5>\n<p style=\"color: #bcbcbc;\">\nHints! Use pesticides carefully. \nBefore use read the label and product information.\nUse by non-professional users permitted.\nException: The buyer from Belgium declares that\nat the time of purchase he has full legal capacity\nand has the appropriate qualifications required from\npersons purchasing plant protection products.\n\nPursuant to Art. 28 of the Act of March 8, 2013 on plant protection products (Journal of Laws 2020, item 2097), from November 26, 2015, plant protection products intended for professional users may be sold to people who:\n\nPoint 1 - have completed training in the use of plant protection products in the Republic of Poland confirmed by a certificate of completion of this training, or\n\nPoint 2 - have completed training in advising on plant protection products in the Republic of Poland confirmed by a certificate of completion of this training, or\n\nPoint 3 - have completed training in integrated crop production confirmed by a certificate of completion of this training, or\n\nPoint 4 - not earlier than 5 years, prior to the purchase of these funds, have completed the training required from professional users in another Member State of the European Union or in a country being a party to the Agreement on the European Economic Area, on the basis of the provisions in force in that country, confirmed by a document of completion of this training, or they have presented another document issued under the regulations in force in that country, confirming that they obtained authorization to purchase plant protection products intended for professional users.\n\nImportent!\n\nOnly people over 18 years of age can use plant protection products.\n\nPlant protection products should be used safely.\n\nBefore each use, read the information provided on the label and product information.\n\n\n<\/p>\n","protected":false},"excerpt":{"rendered":"<p>Chwastox Triuo 390 SL er et ukrudtsmiddel i form af et koncentrat til fremstilling af en vandig opl\u00f8sning, der anvendes som bladmiddel til bek\u00e6mpelse af en\u00e5rigt tokimbladet ukrudt efter fremspiring.<\/p>\n","protected":false},"featured_media":4464,"comment_status":"open","ping_status":"closed","template":"","meta":{"_uag_custom_page_level_css":"","site-sidebar-layout":"default","site-content-layout":"","ast-site-content-layout":"default","site-content-style":"default","site-sidebar-style":"default","ast-global-header-display":"","ast-banner-title-visibility":"","ast-main-header-display":"","ast-hfb-above-header-display":"","ast-hfb-below-header-display":"","ast-hfb-mobile-header-display":"","site-post-title":"","ast-breadcrumbs-content":"","ast-featured-img":"","footer-sml-layout":"","ast-disable-related-posts":"","theme-transparent-header-meta":"default","adv-header-id-meta":"","stick-header-meta":"","header-above-stick-meta":"","header-main-stick-meta":"","header-below-stick-meta":"","astra-migrate-meta-layouts":"default","ast-page-background-enabled":"default","ast-page-background-meta":{"desktop":{"background-color":"var(--ast-global-color-4)","background-image":"","background-repeat":"repeat","background-position":"center center","background-size":"auto","background-attachment":"scroll","background-type":"","background-media":"","overlay-type":"","overlay-color":"","overlay-opacity":"","overlay-gradient":""},"tablet":{"background-color":"","background-image":"","background-repeat":"repeat","background-position":"center center","background-size":"auto","background-attachment":"scroll","background-type":"","background-media":"","overlay-type":"","overlay-color":"","overlay-opacity":"","overlay-gradient":""},"mobile":{"background-color":"","background-image":"","background-repeat":"repeat","background-position":"center center","background-size":"auto","background-attachment":"scroll","background-type":"","background-media":"","overlay-type":"","overlay-color":"","overlay-opacity":"","overlay-gradient":""}},"ast-content-background-meta":{"desktop":{"background-color":"var(--ast-global-color-5)","background-image":"","background-repeat":"repeat","background-position":"center center","background-size":"auto","background-attachment":"scroll","background-type":"","background-media":"","overlay-type":"","overlay-color":"","overlay-opacity":"","overlay-gradient":""},"tablet":{"background-color":"var(--ast-global-color-5)","background-image":"","background-repeat":"repeat","background-position":"center center","background-size":"auto","background-attachment":"scroll","background-type":"","background-media":"","overlay-type":"","overlay-color":"","overlay-opacity":"","overlay-gradient":""},"mobile":{"background-color":"var(--ast-global-color-5)","background-image":"","background-repeat":"repeat","background-position":"center center","background-size":"auto","background-attachment":"scroll","background-type":"","background-media":"","overlay-type":"","overlay-color":"","overlay-opacity":"","overlay-gradient":""}}},"product_brand":[],"product_cat":[94,175,95],"product_tag":[],"class_list":{"0":"post-4519","1":"product","2":"type-product","3":"status-publish","4":"has-post-thumbnail","6":"product_cat-alle-produkter","7":"product_cat-herbicid","8":"product_cat-mest-populaere","9":"product_shipping_class-alle","10":"desktop-align-left","11":"tablet-align-left","12":"mobile-align-left","14":"first","15":"instock","16":"taxable","17":"shipping-taxable","18":"purchasable","19":"product-type-variable","20":"has-default-attributes"},"yoast_head":"<!-- This site is optimized with the Yoast SEO plugin v27.4 - https:\/\/yoast.com\/product\/yoast-seo-wordpress\/ -->\n<title>Chwastox 390 Trio SL ukrudtsmiddel - Gardeners Friend<\/title>\n<meta name=\"description\" content=\"Chwastox Trio 390 er et ukrudtsmiddel i form af et koncentrat, der anvendes p\u00e5 bladene og er beregnet til bek\u00e6mpelse af en\u00e5rigt tokimbladet ukrudt efter fremspiring.\" \/>\n<meta name=\"robots\" content=\"index, follow, max-snippet:-1, max-image-preview:large, max-video-preview:-1\" \/>\n<link rel=\"canonical\" href=\"https:\/\/gardenersfriend.eu\/da\/vare\/chwastox-390-trio-sl-ukrudtsmiddel\/\" \/>\n<meta property=\"og:locale\" content=\"da_DK\" \/>\n<meta property=\"og:type\" content=\"article\" \/>\n<meta property=\"og:title\" content=\"Chwastox 390 Trio SL ukrudtsmiddel - Gardeners Friend\" \/>\n<meta property=\"og:description\" content=\"Chwastox Trio 390 er et ukrudtsmiddel i form af et koncentrat, der anvendes p\u00e5 bladene og er beregnet til bek\u00e6mpelse af en\u00e5rigt tokimbladet ukrudt efter fremspiring.\" \/>\n<meta property=\"og:url\" content=\"https:\/\/gardenersfriend.eu\/da\/vare\/chwastox-390-trio-sl-ukrudtsmiddel\/\" \/>\n<meta property=\"og:site_name\" content=\"Gardeners Friend\" \/>\n<meta property=\"article:publisher\" content=\"https:\/\/www.facebook.com\/people\/Gardeners-Friend-Store\/61566268054378\/\" \/>\n<meta property=\"article:modified_time\" content=\"2026-03-19T19:58:50+00:00\" \/>\n<meta property=\"og:image\" content=\"https:\/\/gardenersfriend.eu\/wp-content\/uploads\/2025\/06\/chwastox390Trio1L-1.png\" \/>\n\t<meta property=\"og:image:width\" content=\"2048\" \/>\n\t<meta property=\"og:image:height\" content=\"2048\" \/>\n\t<meta property=\"og:image:type\" content=\"image\/png\" \/>\n<meta name=\"twitter:card\" content=\"summary_large_image\" \/>\n<meta name=\"twitter:label1\" content=\"Estimeret l\u00e6setid\" \/>\n\t<meta name=\"twitter:data1\" content=\"3 minutter\" \/>\n<script type=\"application\/ld+json\" class=\"yoast-schema-graph\">{\"@context\":\"https:\\\/\\\/schema.org\",\"@graph\":[{\"@type\":\"WebPage\",\"@id\":\"https:\\\/\\\/gardenersfriend.eu\\\/da\\\/vare\\\/chwastox-390-trio-sl-ukrudtsmiddel\\\/\",\"url\":\"https:\\\/\\\/gardenersfriend.eu\\\/da\\\/vare\\\/chwastox-390-trio-sl-ukrudtsmiddel\\\/\",\"name\":\"Chwastox 390 Trio SL ukrudtsmiddel - Gardeners Friend\",\"isPartOf\":{\"@id\":\"https:\\\/\\\/gardenersfriend.eu\\\/da\\\/#website\"},\"primaryImageOfPage\":{\"@id\":\"https:\\\/\\\/gardenersfriend.eu\\\/da\\\/vare\\\/chwastox-390-trio-sl-ukrudtsmiddel\\\/#primaryimage\"},\"image\":{\"@id\":\"https:\\\/\\\/gardenersfriend.eu\\\/da\\\/vare\\\/chwastox-390-trio-sl-ukrudtsmiddel\\\/#primaryimage\"},\"thumbnailUrl\":\"https:\\\/\\\/gardenersfriend.eu\\\/wp-content\\\/uploads\\\/2025\\\/06\\\/chwastox390Trio1L-1.png\",\"datePublished\":\"2025-06-04T20:34:12+00:00\",\"dateModified\":\"2026-03-19T19:58:50+00:00\",\"description\":\"Chwastox Trio 390 er et ukrudtsmiddel i form af et koncentrat, der anvendes p\u00e5 bladene og er beregnet til bek\u00e6mpelse af en\u00e5rigt tokimbladet ukrudt efter fremspiring.\",\"breadcrumb\":{\"@id\":\"https:\\\/\\\/gardenersfriend.eu\\\/da\\\/vare\\\/chwastox-390-trio-sl-ukrudtsmiddel\\\/#breadcrumb\"},\"inLanguage\":\"da-DK\",\"potentialAction\":[{\"@type\":\"ReadAction\",\"target\":[\"https:\\\/\\\/gardenersfriend.eu\\\/da\\\/vare\\\/chwastox-390-trio-sl-ukrudtsmiddel\\\/\"]}]},{\"@type\":\"ImageObject\",\"inLanguage\":\"da-DK\",\"@id\":\"https:\\\/\\\/gardenersfriend.eu\\\/da\\\/vare\\\/chwastox-390-trio-sl-ukrudtsmiddel\\\/#primaryimage\",\"url\":\"https:\\\/\\\/gardenersfriend.eu\\\/wp-content\\\/uploads\\\/2025\\\/06\\\/chwastox390Trio1L-1.png\",\"contentUrl\":\"https:\\\/\\\/gardenersfriend.eu\\\/wp-content\\\/uploads\\\/2025\\\/06\\\/chwastox390Trio1L-1.png\",\"width\":2048,\"height\":2048,\"caption\":\"Chwastox 390 Trio 1L\"},{\"@type\":\"BreadcrumbList\",\"@id\":\"https:\\\/\\\/gardenersfriend.eu\\\/da\\\/vare\\\/chwastox-390-trio-sl-ukrudtsmiddel\\\/#breadcrumb\",\"itemListElement\":[{\"@type\":\"ListItem\",\"position\":1,\"name\":\"Strona g\u0142\u00f3wna\",\"item\":\"https:\\\/\\\/gardenersfriend.eu\\\/da\\\/\"},{\"@type\":\"ListItem\",\"position\":2,\"name\":\"Shop\",\"item\":\"https:\\\/\\\/gardenersfriend.eu\\\/shop\\\/\"},{\"@type\":\"ListItem\",\"position\":3,\"name\":\"Chwastox 390 Trio SL ukrudtsmiddel\"}]},{\"@type\":\"WebSite\",\"@id\":\"https:\\\/\\\/gardenersfriend.eu\\\/da\\\/#website\",\"url\":\"https:\\\/\\\/gardenersfriend.eu\\\/da\\\/\",\"name\":\"Gardeners Friend\",\"description\":\"herbicides, fertilisers, roundup\",\"publisher\":{\"@id\":\"https:\\\/\\\/gardenersfriend.eu\\\/da\\\/#organization\"},\"potentialAction\":[{\"@type\":\"SearchAction\",\"target\":{\"@type\":\"EntryPoint\",\"urlTemplate\":\"https:\\\/\\\/gardenersfriend.eu\\\/da\\\/?s={search_term_string}\"},\"query-input\":{\"@type\":\"PropertyValueSpecification\",\"valueRequired\":true,\"valueName\":\"search_term_string\"}}],\"inLanguage\":\"da-DK\"},{\"@type\":\"Organization\",\"@id\":\"https:\\\/\\\/gardenersfriend.eu\\\/da\\\/#organization\",\"name\":\"Gardeners Friend\",\"url\":\"https:\\\/\\\/gardenersfriend.eu\\\/da\\\/\",\"logo\":{\"@type\":\"ImageObject\",\"inLanguage\":\"da-DK\",\"@id\":\"https:\\\/\\\/gardenersfriend.eu\\\/da\\\/#\\\/schema\\\/logo\\\/image\\\/\",\"url\":\"https:\\\/\\\/gardenersfriend.eu\\\/wp-content\\\/uploads\\\/2025\\\/09\\\/gf_accepted_big_logo.png\",\"contentUrl\":\"https:\\\/\\\/gardenersfriend.eu\\\/wp-content\\\/uploads\\\/2025\\\/09\\\/gf_accepted_big_logo.png\",\"width\":2000,\"height\":1000,\"caption\":\"Gardeners Friend\"},\"image\":{\"@id\":\"https:\\\/\\\/gardenersfriend.eu\\\/da\\\/#\\\/schema\\\/logo\\\/image\\\/\"},\"sameAs\":[\"https:\\\/\\\/www.facebook.com\\\/people\\\/Gardeners-Friend-Store\\\/61566268054378\\\/\",\"https:\\\/\\\/www.instagram.com\\\/gardeners_friend_store\\\/\"]}]}<\/script>\n<!-- \/ Yoast SEO plugin. -->","yoast_head_json":{"title":"Chwastox 390 Trio SL ukrudtsmiddel - Gardeners Friend","description":"Chwastox Trio 390 er et ukrudtsmiddel i form af et koncentrat, der anvendes p\u00e5 bladene og er beregnet til bek\u00e6mpelse af en\u00e5rigt tokimbladet ukrudt efter fremspiring.","robots":{"index":"index","follow":"follow","max-snippet":"max-snippet:-1","max-image-preview":"max-image-preview:large","max-video-preview":"max-video-preview:-1"},"canonical":"https:\/\/gardenersfriend.eu\/da\/vare\/chwastox-390-trio-sl-ukrudtsmiddel\/","og_locale":"da_DK","og_type":"article","og_title":"Chwastox 390 Trio SL ukrudtsmiddel - Gardeners Friend","og_description":"Chwastox Trio 390 er et ukrudtsmiddel i form af et koncentrat, der anvendes p\u00e5 bladene og er beregnet til bek\u00e6mpelse af en\u00e5rigt tokimbladet ukrudt efter fremspiring.","og_url":"https:\/\/gardenersfriend.eu\/da\/vare\/chwastox-390-trio-sl-ukrudtsmiddel\/","og_site_name":"Gardeners Friend","article_publisher":"https:\/\/www.facebook.com\/people\/Gardeners-Friend-Store\/61566268054378\/","article_modified_time":"2026-03-19T19:58:50+00:00","og_image":[{"width":2048,"height":2048,"url":"https:\/\/gardenersfriend.eu\/wp-content\/uploads\/2025\/06\/chwastox390Trio1L-1.png","type":"image\/png"}],"twitter_card":"summary_large_image","twitter_misc":{"Estimeret l\u00e6setid":"3 minutter"},"schema":{"@context":"https:\/\/schema.org","@graph":[{"@type":"WebPage","@id":"https:\/\/gardenersfriend.eu\/da\/vare\/chwastox-390-trio-sl-ukrudtsmiddel\/","url":"https:\/\/gardenersfriend.eu\/da\/vare\/chwastox-390-trio-sl-ukrudtsmiddel\/","name":"Chwastox 390 Trio SL ukrudtsmiddel - Gardeners Friend","isPartOf":{"@id":"https:\/\/gardenersfriend.eu\/da\/#website"},"primaryImageOfPage":{"@id":"https:\/\/gardenersfriend.eu\/da\/vare\/chwastox-390-trio-sl-ukrudtsmiddel\/#primaryimage"},"image":{"@id":"https:\/\/gardenersfriend.eu\/da\/vare\/chwastox-390-trio-sl-ukrudtsmiddel\/#primaryimage"},"thumbnailUrl":"https:\/\/gardenersfriend.eu\/wp-content\/uploads\/2025\/06\/chwastox390Trio1L-1.png","datePublished":"2025-06-04T20:34:12+00:00","dateModified":"2026-03-19T19:58:50+00:00","description":"Chwastox Trio 390 er et ukrudtsmiddel i form af et koncentrat, der anvendes p\u00e5 bladene og er beregnet til bek\u00e6mpelse af en\u00e5rigt tokimbladet ukrudt efter fremspiring.","breadcrumb":{"@id":"https:\/\/gardenersfriend.eu\/da\/vare\/chwastox-390-trio-sl-ukrudtsmiddel\/#breadcrumb"},"inLanguage":"da-DK","potentialAction":[{"@type":"ReadAction","target":["https:\/\/gardenersfriend.eu\/da\/vare\/chwastox-390-trio-sl-ukrudtsmiddel\/"]}]},{"@type":"ImageObject","inLanguage":"da-DK","@id":"https:\/\/gardenersfriend.eu\/da\/vare\/chwastox-390-trio-sl-ukrudtsmiddel\/#primaryimage","url":"https:\/\/gardenersfriend.eu\/wp-content\/uploads\/2025\/06\/chwastox390Trio1L-1.png","contentUrl":"https:\/\/gardenersfriend.eu\/wp-content\/uploads\/2025\/06\/chwastox390Trio1L-1.png","width":2048,"height":2048,"caption":"Chwastox 390 Trio 1L"},{"@type":"BreadcrumbList","@id":"https:\/\/gardenersfriend.eu\/da\/vare\/chwastox-390-trio-sl-ukrudtsmiddel\/#breadcrumb","itemListElement":[{"@type":"ListItem","position":1,"name":"Strona g\u0142\u00f3wna","item":"https:\/\/gardenersfriend.eu\/da\/"},{"@type":"ListItem","position":2,"name":"Shop","item":"https:\/\/gardenersfriend.eu\/shop\/"},{"@type":"ListItem","position":3,"name":"Chwastox 390 Trio SL ukrudtsmiddel"}]},{"@type":"WebSite","@id":"https:\/\/gardenersfriend.eu\/da\/#website","url":"https:\/\/gardenersfriend.eu\/da\/","name":"Gardeners Friend","description":"herbicides, fertilisers, roundup","publisher":{"@id":"https:\/\/gardenersfriend.eu\/da\/#organization"},"potentialAction":[{"@type":"SearchAction","target":{"@type":"EntryPoint","urlTemplate":"https:\/\/gardenersfriend.eu\/da\/?s={search_term_string}"},"query-input":{"@type":"PropertyValueSpecification","valueRequired":true,"valueName":"search_term_string"}}],"inLanguage":"da-DK"},{"@type":"Organization","@id":"https:\/\/gardenersfriend.eu\/da\/#organization","name":"Gardeners Friend","url":"https:\/\/gardenersfriend.eu\/da\/","logo":{"@type":"ImageObject","inLanguage":"da-DK","@id":"https:\/\/gardenersfriend.eu\/da\/#\/schema\/logo\/image\/","url":"https:\/\/gardenersfriend.eu\/wp-content\/uploads\/2025\/09\/gf_accepted_big_logo.png","contentUrl":"https:\/\/gardenersfriend.eu\/wp-content\/uploads\/2025\/09\/gf_accepted_big_logo.png","width":2000,"height":1000,"caption":"Gardeners Friend"},"image":{"@id":"https:\/\/gardenersfriend.eu\/da\/#\/schema\/logo\/image\/"},"sameAs":["https:\/\/www.facebook.com\/people\/Gardeners-Friend-Store\/61566268054378\/","https:\/\/www.instagram.com\/gardeners_friend_store\/"]}]}},"uagb_featured_image_src":{"full":["https:\/\/gardenersfriend.eu\/wp-content\/uploads\/2025\/06\/chwastox390Trio1L-1.png",2048,2048,false],"thumbnail":["https:\/\/gardenersfriend.eu\/wp-content\/uploads\/2025\/06\/chwastox390Trio1L-1-150x150.png",150,150,true],"medium":["https:\/\/gardenersfriend.eu\/wp-content\/uploads\/2025\/06\/chwastox390Trio1L-1-300x300.png",300,300,true],"medium_large":["https:\/\/gardenersfriend.eu\/wp-content\/uploads\/2025\/06\/chwastox390Trio1L-1-768x768.png",768,768,true],"large":["https:\/\/gardenersfriend.eu\/wp-content\/uploads\/2025\/06\/chwastox390Trio1L-1-1024x1024.png",1024,1024,true],"1536x1536":["https:\/\/gardenersfriend.eu\/wp-content\/uploads\/2025\/06\/chwastox390Trio1L-1-1536x1536.png",1536,1536,true],"2048x2048":["https:\/\/gardenersfriend.eu\/wp-content\/uploads\/2025\/06\/chwastox390Trio1L-1.png",2048,2048,false],"woocommerce_thumbnail":["https:\/\/gardenersfriend.eu\/wp-content\/uploads\/2025\/06\/chwastox390Trio1L-1-300x300.png",300,300,true],"woocommerce_single":["https:\/\/gardenersfriend.eu\/wp-content\/uploads\/2025\/06\/chwastox390Trio1L-1-600x600.png",600,600,true],"woocommerce_gallery_thumbnail":["https:\/\/gardenersfriend.eu\/wp-content\/uploads\/2025\/06\/chwastox390Trio1L-1-100x100.png",100,100,true]},"uagb_author_info":{"display_name":"admin","author_link":"https:\/\/gardenersfriend.eu\/da\/author\/"},"uagb_comment_info":0,"uagb_excerpt":"Chwastox Triuo 390 SL er et ukrudtsmiddel i form af et koncentrat til fremstilling af en vandig opl\u00f8sning, der anvendes som bladmiddel til bek\u00e6mpelse af en\u00e5rigt tokimbladet ukrudt efter fremspiring.","jetpack_sharing_enabled":true,"_links":{"self":[{"href":"https:\/\/gardenersfriend.eu\/da\/wp-json\/wp\/v2\/product\/4519","targetHints":{"allow":["GET"]}}],"collection":[{"href":"https:\/\/gardenersfriend.eu\/da\/wp-json\/wp\/v2\/product"}],"about":[{"href":"https:\/\/gardenersfriend.eu\/da\/wp-json\/wp\/v2\/types\/product"}],"replies":[{"embeddable":true,"href":"https:\/\/gardenersfriend.eu\/da\/wp-json\/wp\/v2\/comments?post=4519"}],"wp:featuredmedia":[{"embeddable":true,"href":"https:\/\/gardenersfriend.eu\/da\/wp-json\/wp\/v2\/media\/4464"}],"wp:attachment":[{"href":"https:\/\/gardenersfriend.eu\/da\/wp-json\/wp\/v2\/media?parent=4519"}],"wp:term":[{"taxonomy":"product_brand","embeddable":true,"href":"https:\/\/gardenersfriend.eu\/da\/wp-json\/wp\/v2\/product_brand?post=4519"},{"taxonomy":"product_cat","embeddable":true,"href":"https:\/\/gardenersfriend.eu\/da\/wp-json\/wp\/v2\/product_cat?post=4519"},{"taxonomy":"product_tag","embeddable":true,"href":"https:\/\/gardenersfriend.eu\/da\/wp-json\/wp\/v2\/product_tag?post=4519"}],"curies":[{"name":"wp","href":"https:\/\/api.w.org\/{rel}","templated":true}]}}