{"id":4543,"date":"2025-06-04T22:18:08","date_gmt":"2025-06-04T20:18:08","guid":{"rendered":"https:\/\/gardenersfriend.eu\/product\/chwastox-turbo-340-sl-ukrudtsmiddel\/"},"modified":"2026-03-19T20:58:41","modified_gmt":"2026-03-19T19:58:41","slug":"chwastox-turbo-340-sl-ukrudtsmiddel","status":"publish","type":"product","link":"https:\/\/gardenersfriend.eu\/da\/vare\/chwastox-turbo-340-sl-ukrudtsmiddel\/","title":{"rendered":"Chwastox Turbo 340 SL ukrudtsmiddel"},"content":{"rendered":"<p><strong>Chwastox Turbo 340 SL<\/strong> &#8211; er et herbicid i form af et koncentrat til fremstilling af en vandig opl\u00f8sning, der anvendes p\u00e5 blade, beregnet til bek\u00e6mpelse af en\u00e5rigt tokimbladet ukrudt efter fremspiring.<\/p>\n<p><strong>Chwastox Turbo 340 SL<\/strong> &#8211; er et selektivt middel med en systemisk effekt, der hovedsageligt absorberes gennem ukrudtets blade og derefter hurtigt bev\u00e6ger sig i planten, hvilket for\u00e5rsager dens deformation, h\u00e6mning af v\u00e6kst og d\u00f8d. Det kontrollerer mest effektivt ukrudt i de tidligere udviklingsstadier &#8211; kimplanter, rosetter. Varmt vejr og gunstige forhold for planteudvikling \u00f8ger midlets herbicide effekt.  <\/p>\n<h2>Effekt p\u00e5 ukrudt:<\/h2>\n<h3>Vinterkorn:<\/h3>\n<ul>\n<li><strong>F\u00f8lsomt ukrudt:<\/strong> kornblomst, almindelig kvik, hvidmelet g\u00e5sefod, markvalmue, lugtl\u00f8s kvik, kl\u00f8ver, spildraps, almindelig hyrdetaske, agerpadderok.<\/li>\n<li><strong>Moderat f\u00f8lsomt ukrudt:<\/strong> markviol<\/li>\n<\/ul>\n<h3>For\u00e5rskorn:<\/h3>\n<ul>\n<li><strong>F\u00f8lsomt ukrudt:<\/strong> alm. kvik, hvidmelet g\u00e5sefod, markvalmue, lugtl\u00f8s kvik, kl\u00f8ver, markkamille, markbynke,<\/li>\n<li><strong>Moderat f\u00f8lsomme ukrudtsplanter: <\/strong>purpursolhat, agerpadderok, persisk padderok, grov amarant.<\/li>\n<li><strong>Moderat resistent ukrudt:<\/strong> markviol<\/li>\n<\/ul>\n<h2>Anvendelse af midlet:<\/h2>\n<h3>V\u00e5rbyg, havre<\/h3>\n<ul>\n<li><strong>Maksimal\/anbefalet dosis til engangsbrug:<\/strong> 2,0 l\/ha<\/li>\n<li><strong>Anvendelsesdato: <\/strong>Anvend midlet fra begyndelsen til slutningen af kornets best\u00f8vningsfase (BBCH 21-29) For at udvide udvalget af ukrudt, der bek\u00e6mpes i v\u00e5rbyg, til ogs\u00e5 at omfatte agersennep, kan Chwastox 340 SL anvendes i ovenn\u00e6vnte periode i en blanding med Chwastox MP 600 SL i f\u00f8lgende doser: Chwastox 340 SL 1,5 l\/ha + Chwastox MP 600 SL 0,5 l\/ha<\/li>\n<li><strong>Anbefalet vandm\u00e6ngde:<\/strong> 200-300 l\/ha.<\/li>\n<li><strong>Anbefalet spr\u00f8jtning: <\/strong>medium-dr\u00e5ber<\/li>\n<li><strong>Maksimalt antal behandlinger i l\u00f8bet af v\u00e6ksts\u00e6sonen:<\/strong> 1<\/li>\n<\/ul>\n<h2>Vinterhvede, vintertriticale, rug<\/h2>\n<ul>\n<li><strong>Maksimal\/anbefalet dosis til engangsbrug: <\/strong>2,5 l\/ha<\/li>\n<li><strong>Anvendelsesdato: Anvend<\/strong> es om for\u00e5ret fra begyndelsen til slutningen af kornets best\u00f8vningsfase (BBCH 21-29) For at udvide udvalget af ukrudt, der bek\u00e6mpes i vinterhvede, til ogs\u00e5 at omfatte kamille og sennep, kan Chwastox Turbo 340 SL anvendes i ovenn\u00e6vnte periode i en blanding med henholdsvis Chwastox MP 600 SL i f\u00f8lgende doser: Chwastox Turbo 340 SL 1,5 l\/ha + Chwastox MP 600 SL 0,5 l\/ha.<br \/>\nFor at udvide udvalget af ukrudt, der bek\u00e6mpes i vinterhvede, til ogs\u00e5 at omfatte snerlepileurt, vindaks og agersennep, kan Chwastox Turbo 340 SL anvendes i ovenst\u00e5ende i en blanding med Ambasador 75.<\/li>\n<\/ul>\n<p class=\"p1\"><strong>Etiket: <\/strong><a title=\"Chwastox Turbo 340 SL\" href=\"https:\/\/gardenersfriend.eu\/wp-content\/uploads\/2026\/02\/Chwastox_Turbo_340_SL_DK.pdf\" target=\"_blank\" rel=\"noopener\">Chwastox 340 SL_DK<\/a><\/p>\n<p class=\"p1\"><strong>Producentens websted:<\/strong> <a title=\"Qemetica-siden\" href=\"https:\/\/qemetica-agro.pl\/pl\" target=\"_blank\" rel=\"noopener\">Qemetica<\/a><\/p>\n<h5 style=\"color: #bcbcbc;\">Legal Information<\/h5>\n<p style=\"color: #bcbcbc;\">\nHints! Use pesticides carefully. \nBefore use read the label and product information.\nUse by non-professional users permitted.\nException: The buyer from Belgium declares that\nat the time of purchase he has full legal capacity\nand has the appropriate qualifications required from\npersons purchasing plant protection products.\n\nPursuant to Art. 28 of the Act of March 8, 2013 on plant protection products (Journal of Laws 2020, item 2097), from November 26, 2015, plant protection products intended for professional users may be sold to people who:\n\nPoint 1 - have completed training in the use of plant protection products in the Republic of Poland confirmed by a certificate of completion of this training, or\n\nPoint 2 - have completed training in advising on plant protection products in the Republic of Poland confirmed by a certificate of completion of this training, or\n\nPoint 3 - have completed training in integrated crop production confirmed by a certificate of completion of this training, or\n\nPoint 4 - not earlier than 5 years, prior to the purchase of these funds, have completed the training required from professional users in another Member State of the European Union or in a country being a party to the Agreement on the European Economic Area, on the basis of the provisions in force in that country, confirmed by a document of completion of this training, or they have presented another document issued under the regulations in force in that country, confirming that they obtained authorization to purchase plant protection products intended for professional users.\n\nImportent!\n\nOnly people over 18 years of age can use plant protection products.\n\nPlant protection products should be used safely.\n\nBefore each use, read the information provided on the label and product information.\n\n\n<\/p>\n","protected":false},"excerpt":{"rendered":"<p>Chwastox Turbo 340 SL er et ukrudtsmiddel i form af et koncentrat til fremstilling af en vandig opl\u00f8sning, der anvendes som bladmiddel til bek\u00e6mpelse af en\u00e5rigt tokimbladet ukrudt efter fremspiring.<\/p>\n","protected":false},"featured_media":4439,"comment_status":"open","ping_status":"closed","template":"","meta":{"_uag_custom_page_level_css":"","site-sidebar-layout":"default","site-content-layout":"","ast-site-content-layout":"default","site-content-style":"default","site-sidebar-style":"default","ast-global-header-display":"","ast-banner-title-visibility":"","ast-main-header-display":"","ast-hfb-above-header-display":"","ast-hfb-below-header-display":"","ast-hfb-mobile-header-display":"","site-post-title":"","ast-breadcrumbs-content":"","ast-featured-img":"","footer-sml-layout":"","ast-disable-related-posts":"","theme-transparent-header-meta":"default","adv-header-id-meta":"","stick-header-meta":"","header-above-stick-meta":"","header-main-stick-meta":"","header-below-stick-meta":"","astra-migrate-meta-layouts":"default","ast-page-background-enabled":"default","ast-page-background-meta":{"desktop":{"background-color":"var(--ast-global-color-4)","background-image":"","background-repeat":"repeat","background-position":"center center","background-size":"auto","background-attachment":"scroll","background-type":"","background-media":"","overlay-type":"","overlay-color":"","overlay-opacity":"","overlay-gradient":""},"tablet":{"background-color":"","background-image":"","background-repeat":"repeat","background-position":"center center","background-size":"auto","background-attachment":"scroll","background-type":"","background-media":"","overlay-type":"","overlay-color":"","overlay-opacity":"","overlay-gradient":""},"mobile":{"background-color":"","background-image":"","background-repeat":"repeat","background-position":"center center","background-size":"auto","background-attachment":"scroll","background-type":"","background-media":"","overlay-type":"","overlay-color":"","overlay-opacity":"","overlay-gradient":""}},"ast-content-background-meta":{"desktop":{"background-color":"var(--ast-global-color-5)","background-image":"","background-repeat":"repeat","background-position":"center center","background-size":"auto","background-attachment":"scroll","background-type":"","background-media":"","overlay-type":"","overlay-color":"","overlay-opacity":"","overlay-gradient":""},"tablet":{"background-color":"var(--ast-global-color-5)","background-image":"","background-repeat":"repeat","background-position":"center center","background-size":"auto","background-attachment":"scroll","background-type":"","background-media":"","overlay-type":"","overlay-color":"","overlay-opacity":"","overlay-gradient":""},"mobile":{"background-color":"var(--ast-global-color-5)","background-image":"","background-repeat":"repeat","background-position":"center center","background-size":"auto","background-attachment":"scroll","background-type":"","background-media":"","overlay-type":"","overlay-color":"","overlay-opacity":"","overlay-gradient":""}}},"product_brand":[],"product_cat":[94,175,95],"product_tag":[],"class_list":{"0":"post-4543","1":"product","2":"type-product","3":"status-publish","4":"has-post-thumbnail","6":"product_cat-alle-produkter","7":"product_cat-herbicid","8":"product_cat-mest-populaere","9":"product_shipping_class-alle","10":"desktop-align-left","11":"tablet-align-left","12":"mobile-align-left","14":"first","15":"instock","16":"taxable","17":"shipping-taxable","18":"purchasable","19":"product-type-variable","20":"has-default-attributes"},"yoast_head":"<!-- This site is optimized with the Yoast SEO plugin v27.4 - https:\/\/yoast.com\/product\/yoast-seo-wordpress\/ -->\n<title>Chwastox Turbo 340 SL ukrudtsmiddel - Gardeners Friend<\/title>\n<meta name=\"description\" content=\"CHWASTOX TURBO 340 er et herbicid i form af et koncentrat, beregnet til bek\u00e6mpelse af en\u00e5rigt tokimbladet ukrudt efter fremspiring.\" \/>\n<meta name=\"robots\" content=\"index, follow, max-snippet:-1, max-image-preview:large, max-video-preview:-1\" \/>\n<link rel=\"canonical\" href=\"https:\/\/gardenersfriend.eu\/da\/vare\/chwastox-turbo-340-sl-ukrudtsmiddel\/\" \/>\n<meta property=\"og:locale\" content=\"da_DK\" \/>\n<meta property=\"og:type\" content=\"article\" \/>\n<meta property=\"og:title\" content=\"Chwastox Turbo 340 SL ukrudtsmiddel - Gardeners Friend\" \/>\n<meta property=\"og:description\" content=\"CHWASTOX TURBO 340 er et herbicid i form af et koncentrat, beregnet til bek\u00e6mpelse af en\u00e5rigt tokimbladet ukrudt efter fremspiring.\" \/>\n<meta property=\"og:url\" content=\"https:\/\/gardenersfriend.eu\/da\/vare\/chwastox-turbo-340-sl-ukrudtsmiddel\/\" \/>\n<meta property=\"og:site_name\" content=\"Gardeners Friend\" \/>\n<meta property=\"article:publisher\" content=\"https:\/\/www.facebook.com\/people\/Gardeners-Friend-Store\/61566268054378\/\" \/>\n<meta property=\"article:modified_time\" content=\"2026-03-19T19:58:41+00:00\" \/>\n<meta property=\"og:image\" content=\"https:\/\/gardenersfriend.eu\/wp-content\/uploads\/2025\/06\/Chwastox-turbo-340sl-1L-1.png\" \/>\n\t<meta property=\"og:image:width\" content=\"2048\" \/>\n\t<meta property=\"og:image:height\" content=\"2048\" \/>\n\t<meta property=\"og:image:type\" content=\"image\/png\" \/>\n<meta name=\"twitter:card\" content=\"summary_large_image\" \/>\n<meta name=\"twitter:label1\" content=\"Estimeret l\u00e6setid\" \/>\n\t<meta name=\"twitter:data1\" content=\"2 minutter\" \/>\n<script type=\"application\/ld+json\" class=\"yoast-schema-graph\">{\"@context\":\"https:\\\/\\\/schema.org\",\"@graph\":[{\"@type\":\"WebPage\",\"@id\":\"https:\\\/\\\/gardenersfriend.eu\\\/da\\\/vare\\\/chwastox-turbo-340-sl-ukrudtsmiddel\\\/\",\"url\":\"https:\\\/\\\/gardenersfriend.eu\\\/da\\\/vare\\\/chwastox-turbo-340-sl-ukrudtsmiddel\\\/\",\"name\":\"Chwastox Turbo 340 SL ukrudtsmiddel - Gardeners Friend\",\"isPartOf\":{\"@id\":\"https:\\\/\\\/gardenersfriend.eu\\\/da\\\/#website\"},\"primaryImageOfPage\":{\"@id\":\"https:\\\/\\\/gardenersfriend.eu\\\/da\\\/vare\\\/chwastox-turbo-340-sl-ukrudtsmiddel\\\/#primaryimage\"},\"image\":{\"@id\":\"https:\\\/\\\/gardenersfriend.eu\\\/da\\\/vare\\\/chwastox-turbo-340-sl-ukrudtsmiddel\\\/#primaryimage\"},\"thumbnailUrl\":\"https:\\\/\\\/gardenersfriend.eu\\\/wp-content\\\/uploads\\\/2025\\\/06\\\/Chwastox-turbo-340sl-1L-1.png\",\"datePublished\":\"2025-06-04T20:18:08+00:00\",\"dateModified\":\"2026-03-19T19:58:41+00:00\",\"description\":\"CHWASTOX TURBO 340 er et herbicid i form af et koncentrat, beregnet til bek\u00e6mpelse af en\u00e5rigt tokimbladet ukrudt efter fremspiring.\",\"breadcrumb\":{\"@id\":\"https:\\\/\\\/gardenersfriend.eu\\\/da\\\/vare\\\/chwastox-turbo-340-sl-ukrudtsmiddel\\\/#breadcrumb\"},\"inLanguage\":\"da-DK\",\"potentialAction\":[{\"@type\":\"ReadAction\",\"target\":[\"https:\\\/\\\/gardenersfriend.eu\\\/da\\\/vare\\\/chwastox-turbo-340-sl-ukrudtsmiddel\\\/\"]}]},{\"@type\":\"ImageObject\",\"inLanguage\":\"da-DK\",\"@id\":\"https:\\\/\\\/gardenersfriend.eu\\\/da\\\/vare\\\/chwastox-turbo-340-sl-ukrudtsmiddel\\\/#primaryimage\",\"url\":\"https:\\\/\\\/gardenersfriend.eu\\\/wp-content\\\/uploads\\\/2025\\\/06\\\/Chwastox-turbo-340sl-1L-1.png\",\"contentUrl\":\"https:\\\/\\\/gardenersfriend.eu\\\/wp-content\\\/uploads\\\/2025\\\/06\\\/Chwastox-turbo-340sl-1L-1.png\",\"width\":2048,\"height\":2048,\"caption\":\"Chwastox turbo 340 sl 1L\"},{\"@type\":\"BreadcrumbList\",\"@id\":\"https:\\\/\\\/gardenersfriend.eu\\\/da\\\/vare\\\/chwastox-turbo-340-sl-ukrudtsmiddel\\\/#breadcrumb\",\"itemListElement\":[{\"@type\":\"ListItem\",\"position\":1,\"name\":\"Strona g\u0142\u00f3wna\",\"item\":\"https:\\\/\\\/gardenersfriend.eu\\\/da\\\/\"},{\"@type\":\"ListItem\",\"position\":2,\"name\":\"Shop\",\"item\":\"https:\\\/\\\/gardenersfriend.eu\\\/shop\\\/\"},{\"@type\":\"ListItem\",\"position\":3,\"name\":\"Chwastox Turbo 340 SL ukrudtsmiddel\"}]},{\"@type\":\"WebSite\",\"@id\":\"https:\\\/\\\/gardenersfriend.eu\\\/da\\\/#website\",\"url\":\"https:\\\/\\\/gardenersfriend.eu\\\/da\\\/\",\"name\":\"Gardeners Friend\",\"description\":\"herbicides, fertilisers, roundup\",\"publisher\":{\"@id\":\"https:\\\/\\\/gardenersfriend.eu\\\/da\\\/#organization\"},\"potentialAction\":[{\"@type\":\"SearchAction\",\"target\":{\"@type\":\"EntryPoint\",\"urlTemplate\":\"https:\\\/\\\/gardenersfriend.eu\\\/da\\\/?s={search_term_string}\"},\"query-input\":{\"@type\":\"PropertyValueSpecification\",\"valueRequired\":true,\"valueName\":\"search_term_string\"}}],\"inLanguage\":\"da-DK\"},{\"@type\":\"Organization\",\"@id\":\"https:\\\/\\\/gardenersfriend.eu\\\/da\\\/#organization\",\"name\":\"Gardeners Friend\",\"url\":\"https:\\\/\\\/gardenersfriend.eu\\\/da\\\/\",\"logo\":{\"@type\":\"ImageObject\",\"inLanguage\":\"da-DK\",\"@id\":\"https:\\\/\\\/gardenersfriend.eu\\\/da\\\/#\\\/schema\\\/logo\\\/image\\\/\",\"url\":\"https:\\\/\\\/gardenersfriend.eu\\\/wp-content\\\/uploads\\\/2025\\\/09\\\/gf_accepted_big_logo.png\",\"contentUrl\":\"https:\\\/\\\/gardenersfriend.eu\\\/wp-content\\\/uploads\\\/2025\\\/09\\\/gf_accepted_big_logo.png\",\"width\":2000,\"height\":1000,\"caption\":\"Gardeners Friend\"},\"image\":{\"@id\":\"https:\\\/\\\/gardenersfriend.eu\\\/da\\\/#\\\/schema\\\/logo\\\/image\\\/\"},\"sameAs\":[\"https:\\\/\\\/www.facebook.com\\\/people\\\/Gardeners-Friend-Store\\\/61566268054378\\\/\",\"https:\\\/\\\/www.instagram.com\\\/gardeners_friend_store\\\/\"]}]}<\/script>\n<!-- \/ Yoast SEO plugin. -->","yoast_head_json":{"title":"Chwastox Turbo 340 SL ukrudtsmiddel - Gardeners Friend","description":"CHWASTOX TURBO 340 er et herbicid i form af et koncentrat, beregnet til bek\u00e6mpelse af en\u00e5rigt tokimbladet ukrudt efter fremspiring.","robots":{"index":"index","follow":"follow","max-snippet":"max-snippet:-1","max-image-preview":"max-image-preview:large","max-video-preview":"max-video-preview:-1"},"canonical":"https:\/\/gardenersfriend.eu\/da\/vare\/chwastox-turbo-340-sl-ukrudtsmiddel\/","og_locale":"da_DK","og_type":"article","og_title":"Chwastox Turbo 340 SL ukrudtsmiddel - Gardeners Friend","og_description":"CHWASTOX TURBO 340 er et herbicid i form af et koncentrat, beregnet til bek\u00e6mpelse af en\u00e5rigt tokimbladet ukrudt efter fremspiring.","og_url":"https:\/\/gardenersfriend.eu\/da\/vare\/chwastox-turbo-340-sl-ukrudtsmiddel\/","og_site_name":"Gardeners Friend","article_publisher":"https:\/\/www.facebook.com\/people\/Gardeners-Friend-Store\/61566268054378\/","article_modified_time":"2026-03-19T19:58:41+00:00","og_image":[{"width":2048,"height":2048,"url":"https:\/\/gardenersfriend.eu\/wp-content\/uploads\/2025\/06\/Chwastox-turbo-340sl-1L-1.png","type":"image\/png"}],"twitter_card":"summary_large_image","twitter_misc":{"Estimeret l\u00e6setid":"2 minutter"},"schema":{"@context":"https:\/\/schema.org","@graph":[{"@type":"WebPage","@id":"https:\/\/gardenersfriend.eu\/da\/vare\/chwastox-turbo-340-sl-ukrudtsmiddel\/","url":"https:\/\/gardenersfriend.eu\/da\/vare\/chwastox-turbo-340-sl-ukrudtsmiddel\/","name":"Chwastox Turbo 340 SL ukrudtsmiddel - Gardeners Friend","isPartOf":{"@id":"https:\/\/gardenersfriend.eu\/da\/#website"},"primaryImageOfPage":{"@id":"https:\/\/gardenersfriend.eu\/da\/vare\/chwastox-turbo-340-sl-ukrudtsmiddel\/#primaryimage"},"image":{"@id":"https:\/\/gardenersfriend.eu\/da\/vare\/chwastox-turbo-340-sl-ukrudtsmiddel\/#primaryimage"},"thumbnailUrl":"https:\/\/gardenersfriend.eu\/wp-content\/uploads\/2025\/06\/Chwastox-turbo-340sl-1L-1.png","datePublished":"2025-06-04T20:18:08+00:00","dateModified":"2026-03-19T19:58:41+00:00","description":"CHWASTOX TURBO 340 er et herbicid i form af et koncentrat, beregnet til bek\u00e6mpelse af en\u00e5rigt tokimbladet ukrudt efter fremspiring.","breadcrumb":{"@id":"https:\/\/gardenersfriend.eu\/da\/vare\/chwastox-turbo-340-sl-ukrudtsmiddel\/#breadcrumb"},"inLanguage":"da-DK","potentialAction":[{"@type":"ReadAction","target":["https:\/\/gardenersfriend.eu\/da\/vare\/chwastox-turbo-340-sl-ukrudtsmiddel\/"]}]},{"@type":"ImageObject","inLanguage":"da-DK","@id":"https:\/\/gardenersfriend.eu\/da\/vare\/chwastox-turbo-340-sl-ukrudtsmiddel\/#primaryimage","url":"https:\/\/gardenersfriend.eu\/wp-content\/uploads\/2025\/06\/Chwastox-turbo-340sl-1L-1.png","contentUrl":"https:\/\/gardenersfriend.eu\/wp-content\/uploads\/2025\/06\/Chwastox-turbo-340sl-1L-1.png","width":2048,"height":2048,"caption":"Chwastox turbo 340 sl 1L"},{"@type":"BreadcrumbList","@id":"https:\/\/gardenersfriend.eu\/da\/vare\/chwastox-turbo-340-sl-ukrudtsmiddel\/#breadcrumb","itemListElement":[{"@type":"ListItem","position":1,"name":"Strona g\u0142\u00f3wna","item":"https:\/\/gardenersfriend.eu\/da\/"},{"@type":"ListItem","position":2,"name":"Shop","item":"https:\/\/gardenersfriend.eu\/shop\/"},{"@type":"ListItem","position":3,"name":"Chwastox Turbo 340 SL ukrudtsmiddel"}]},{"@type":"WebSite","@id":"https:\/\/gardenersfriend.eu\/da\/#website","url":"https:\/\/gardenersfriend.eu\/da\/","name":"Gardeners Friend","description":"herbicides, fertilisers, roundup","publisher":{"@id":"https:\/\/gardenersfriend.eu\/da\/#organization"},"potentialAction":[{"@type":"SearchAction","target":{"@type":"EntryPoint","urlTemplate":"https:\/\/gardenersfriend.eu\/da\/?s={search_term_string}"},"query-input":{"@type":"PropertyValueSpecification","valueRequired":true,"valueName":"search_term_string"}}],"inLanguage":"da-DK"},{"@type":"Organization","@id":"https:\/\/gardenersfriend.eu\/da\/#organization","name":"Gardeners Friend","url":"https:\/\/gardenersfriend.eu\/da\/","logo":{"@type":"ImageObject","inLanguage":"da-DK","@id":"https:\/\/gardenersfriend.eu\/da\/#\/schema\/logo\/image\/","url":"https:\/\/gardenersfriend.eu\/wp-content\/uploads\/2025\/09\/gf_accepted_big_logo.png","contentUrl":"https:\/\/gardenersfriend.eu\/wp-content\/uploads\/2025\/09\/gf_accepted_big_logo.png","width":2000,"height":1000,"caption":"Gardeners Friend"},"image":{"@id":"https:\/\/gardenersfriend.eu\/da\/#\/schema\/logo\/image\/"},"sameAs":["https:\/\/www.facebook.com\/people\/Gardeners-Friend-Store\/61566268054378\/","https:\/\/www.instagram.com\/gardeners_friend_store\/"]}]}},"uagb_featured_image_src":{"full":["https:\/\/gardenersfriend.eu\/wp-content\/uploads\/2025\/06\/Chwastox-turbo-340sl-1L-1.png",2048,2048,false],"thumbnail":["https:\/\/gardenersfriend.eu\/wp-content\/uploads\/2025\/06\/Chwastox-turbo-340sl-1L-1-150x150.png",150,150,true],"medium":["https:\/\/gardenersfriend.eu\/wp-content\/uploads\/2025\/06\/Chwastox-turbo-340sl-1L-1-300x300.png",300,300,true],"medium_large":["https:\/\/gardenersfriend.eu\/wp-content\/uploads\/2025\/06\/Chwastox-turbo-340sl-1L-1-768x768.png",768,768,true],"large":["https:\/\/gardenersfriend.eu\/wp-content\/uploads\/2025\/06\/Chwastox-turbo-340sl-1L-1-1024x1024.png",1024,1024,true],"1536x1536":["https:\/\/gardenersfriend.eu\/wp-content\/uploads\/2025\/06\/Chwastox-turbo-340sl-1L-1-1536x1536.png",1536,1536,true],"2048x2048":["https:\/\/gardenersfriend.eu\/wp-content\/uploads\/2025\/06\/Chwastox-turbo-340sl-1L-1.png",2048,2048,false],"woocommerce_thumbnail":["https:\/\/gardenersfriend.eu\/wp-content\/uploads\/2025\/06\/Chwastox-turbo-340sl-1L-1-300x300.png",300,300,true],"woocommerce_single":["https:\/\/gardenersfriend.eu\/wp-content\/uploads\/2025\/06\/Chwastox-turbo-340sl-1L-1-600x600.png",600,600,true],"woocommerce_gallery_thumbnail":["https:\/\/gardenersfriend.eu\/wp-content\/uploads\/2025\/06\/Chwastox-turbo-340sl-1L-1-100x100.png",100,100,true]},"uagb_author_info":{"display_name":"admin","author_link":"https:\/\/gardenersfriend.eu\/da\/author\/"},"uagb_comment_info":0,"uagb_excerpt":"Chwastox Turbo 340 SL er et ukrudtsmiddel i form af et koncentrat til fremstilling af en vandig opl\u00f8sning, der anvendes som bladmiddel til bek\u00e6mpelse af en\u00e5rigt tokimbladet ukrudt efter fremspiring.","jetpack_sharing_enabled":true,"_links":{"self":[{"href":"https:\/\/gardenersfriend.eu\/da\/wp-json\/wp\/v2\/product\/4543","targetHints":{"allow":["GET"]}}],"collection":[{"href":"https:\/\/gardenersfriend.eu\/da\/wp-json\/wp\/v2\/product"}],"about":[{"href":"https:\/\/gardenersfriend.eu\/da\/wp-json\/wp\/v2\/types\/product"}],"replies":[{"embeddable":true,"href":"https:\/\/gardenersfriend.eu\/da\/wp-json\/wp\/v2\/comments?post=4543"}],"wp:featuredmedia":[{"embeddable":true,"href":"https:\/\/gardenersfriend.eu\/da\/wp-json\/wp\/v2\/media\/4439"}],"wp:attachment":[{"href":"https:\/\/gardenersfriend.eu\/da\/wp-json\/wp\/v2\/media?parent=4543"}],"wp:term":[{"taxonomy":"product_brand","embeddable":true,"href":"https:\/\/gardenersfriend.eu\/da\/wp-json\/wp\/v2\/product_brand?post=4543"},{"taxonomy":"product_cat","embeddable":true,"href":"https:\/\/gardenersfriend.eu\/da\/wp-json\/wp\/v2\/product_cat?post=4543"},{"taxonomy":"product_tag","embeddable":true,"href":"https:\/\/gardenersfriend.eu\/da\/wp-json\/wp\/v2\/product_tag?post=4543"}],"curies":[{"name":"wp","href":"https:\/\/api.w.org\/{rel}","templated":true}]}}