{"id":4588,"date":"2025-06-04T21:35:45","date_gmt":"2025-06-04T19:35:45","guid":{"rendered":"https:\/\/gardenersfriend.eu\/product\/chwastox-complex-260-ew-ukrudtsmiddel\/"},"modified":"2026-04-23T15:19:16","modified_gmt":"2026-04-23T13:19:16","slug":"chwastox-complex-260-ew-ukrudtsmiddel","status":"publish","type":"product","link":"https:\/\/gardenersfriend.eu\/da\/vare\/chwastox-complex-260-ew-ukrudtsmiddel\/","title":{"rendered":"Chwastox Complex 260 EW ukrudtsmiddel"},"content":{"rendered":"<p><strong>Chwastox Complex 260 EW<\/strong> er et herbicid i form af en v\u00e6ske til fremstilling af en vandig emulsion (emulsion, olie i vand), der anvendes bladm\u00e6ssigt, beregnet til bek\u00e6mpelse af tokimbladet ukrudt i vinterhvede og p\u00e5 gr\u00e6spl\u00e6ner, sportspladser og golfbaner. I henhold til HRAC-klassificeringen er de aktive stoffer klassificeret i gruppe O. Midlet er beregnet til brug med selvk\u00f8rende eller traktormonterede markspr\u00f8jter og h\u00e5ndholdte spr\u00f8jter (herunder rygs\u00e6kke). <\/p>\n<h2>Handling mod ukrudt:<\/h2>\n<p><strong>Chwastox Complex 260 EW <\/strong>er et selektivt middel med systemisk virkning. Det optages af bladene og bev\u00e6ger sig til ukrudtets r\u00f8dder, hvor det for\u00e5rsager deformation og derefter h\u00e6mning af v\u00e6kst og d\u00f8d. De f\u00f8rste symptomer p\u00e5 f\u00f8lsomt ukrudt viser sig 1-2 dage efter spr\u00f8jtning. Ukrudtsv\u00e6ksten h\u00e6mmes, og ukrudtet d\u00f8r efter ca. 3-4 uger. Midlet bek\u00e6mper ukrudt i de tidlige udviklingsstadier mest effektivt. Vejr, der er gunstigt for planteudvikling, forbedrer midlets herbicide effekt.      <\/p>\n<ul>\n<li><strong>F\u00f8lsomt ukrudt<\/strong> (Dosis 2,0 &#8211; 3,0 l\/ha): alm. kvik, snerlepileurt, lugtl\u00f8s kvik, markvalmue, agertidsel, agerstedmoder, kl\u00f8ver, knoldb\u00e6gersvamp, markkamille, alm. kamille, alm. hyrdetaske.<\/li>\n<li><strong>Medium<\/strong> &#8211; f\u00f8lsomt ukrudt: markviol.<\/li>\n<li><strong>F\u00f8lsomt ukrudt<\/strong> (dosis 2.5 l\/ha): strandvejbred, almindelig kvik, stor kvik, markr\u00f8dtop, skarp ranunkel, h\u00e5ret h\u00f8geurt, hvidkl\u00f8ver, smalbladet kl\u00f8ver, r\u00f8dkl\u00f8ver, agertidsel, gr\u00f8n sk\u00e6rmaks, skvalderk\u00e5l, canadisk emmer, kl\u00f8ver, alm. hornblad, agerpadderok, kruset skr\u00e6ppe, agerpadderok, stump skr\u00e6ppe, alm. syre, alm. hyrdetaske, smalbladet v\u00e6selhale.<br \/>\nModerat f\u00f8lsomt ukrudt: almindelig vejbred, almindelig gr\u00e5bynke, purpursolhat, m\u00e6lkeb\u00f8tte.<\/li>\n<li><strong>Resistent ukrudt:<\/strong> vedbend, almindelig r\u00f8llike, stor n\u00e6lde, agerpadderok, agerpadderok, persisk padderok, storken\u00e6b.<\/li>\n<li><strong>F\u00f8lsomt ukrudt<\/strong> (Dosis 3.5 l\/ha): ribbegr\u00e6s, almindelig vejbred, almindelig gr\u00e5bynke, almindelig kvik, stor kvik, markr\u00f8dtop, skarp ranunkel, purpursolhat, h\u00e5ret h\u00f8geurt, hvidkl\u00f8ver, sm\u00e5kl\u00f8ver, r\u00f8dkl\u00f8ver, m\u00e6lkeb\u00f8tte, agertidsel, gr\u00f8n snerre, stor n\u00e6lde, g\u00e5sefod, agertidsel, canadisk emmer, kl\u00f8ver, alm. hornblad, agerpadderok, kruset skr\u00e6ppe, agerpadderok, stump skr\u00e6ppe, alm. syre, alm. hyrdetaske, smalbladet vikke.<\/li>\n<li><strong>Middelresistent ukrudt<\/strong>: Almindelig r\u00f8llike, persisk skvalderk\u00e5l.<\/li>\n<li><strong>Modstandsdygtigt ukrudt: <\/strong>vedbend, agerpadderok, k\u00e6mpenatlys.<\/li>\n<\/ul>\n<p><strong>BEM\u00c6RK<\/strong>! F\u00f8lsomt ukrudt efter udbringning af midlet i en dosis p\u00e5 3,5 l\/ha og 2 behandlinger i l\u00f8bet af v\u00e6ksts\u00e6sonen: vedbend, storken\u00e6b og agerpadderok.<\/p>\n<h2>Anvendelse af midlet:<\/h2>\n<h3>Vinterhvede<\/h3>\n<ul>\n<li><strong>Dato for anvendelse:<\/strong> P\u00e5f\u00f8r om for\u00e5ret efter vegetationsstart fra begyndelsen af jordbearbejdningsfasen til 2. knudefase (BBCH 21-32).<\/li>\n<li><strong>Maksimal dosis for en enkelt anvendelse:<\/strong> 3,0 l\/ha.<\/li>\n<li><strong>Anbefalet dosis til en enkelt udbringning<\/strong>: 2,0 &#8211; 3,0 l\/ha.<\/li>\n<li><strong>Anbefalet vandm\u00e6ngde:<\/strong> 200 &#8211; 300 l\/ha.<\/li>\n<li><strong>Anbefalet spr\u00f8jtning<\/strong>: medium dr\u00e5be.<\/li>\n<li><strong>Maksimalt antal behandlinger i l\u00f8bet af v\u00e6ksts\u00e6sonen<\/strong>: 1.<\/li>\n<\/ul>\n<h3>Gr\u00e6spl\u00e6ner, sportsbaner, golfbaner<\/h3>\n<ul>\n<li><strong>Dato for anvendelse:<\/strong> Brug produktet under vejrforhold, der er gunstige for plantev\u00e6kst, fra for\u00e5ret til det tidlige efter\u00e5r, n\u00e5r lufttemperaturen er h\u00f8jere end 10\u00b0C. Anvend produktet p\u00e5 hele pl\u00e6nen eller kun p\u00e5 ukrudtsomr\u00e5der. <\/li>\n<li><strong>Maksimal dosis til engangsbrug: <\/strong>3,5 l\/ha.<\/li>\n<li><strong>Anbefalet dosis til engangsbrug:<\/strong> 2,5 &#8211; 3,5 l\/ha.<\/li>\n<\/ul>\n<p>Brug den h\u00f8jeste af de anbefalede doser af midlet p\u00e5 ukrudt i \u00e6ldre udviklingsstadier og i tilf\u00e6lde af kraftige ukrudtsangreb, is\u00e6r med ukrudt som: almindelig vejbred, lille storken\u00e6b, almindelig gr\u00e5bynke, purpursolhat, stor n\u00e6lde, agertidsel og agerpadderok. I tilf\u00e6lde af kraftige ukrudtsangreb kan det v\u00e6re n\u00f8dvendigt at udf\u00f8re endnu en behandling. <\/p>\n<p><strong>Maksimalt antal behandlinger i v\u00e6ksts\u00e6sonen<\/strong>: 2.<br \/>\n<strong>Interval mellem behandlingerne<\/strong>: mindst 56 dage.<br \/>\n<strong>Anbefalet vandm\u00e6ngde: <\/strong>200 &#8211; 500 l\/ha.<br \/>\n<strong>Anbefalet spr\u00f8jtning <\/strong>: medium-dr\u00e5ber.<\/p>\n<p class=\"p1\"><strong>Etiket: <\/strong><a title=\"Chwastox 260 EW\" href=\"https:\/\/gardenersfriend.eu\/wp-content\/uploads\/2026\/02\/Chwastox_Complex_260_EW._DK.pdf\" target=\"_blank\" rel=\"noopener\">Chwastox 260 EW_DK<\/a><\/p>\n<p class=\"p1\"><strong>Producentens websted:<\/strong> <a title=\"Qemetica-siden\" href=\"https:\/\/qemetica-agro.pl\/pl\" target=\"_blank\" rel=\"noopener\">Qemetica<\/a><\/p>\n\n<h5>Juridiske oplysninger<\/h5>\n<p>\nTips! Brug pesticider forsigtigt. L\u00e6s etiketten og produktinformationen f\u00f8r brug. Tilladt for ikke-professionelle brugere. Undtagelse: K\u00f8ber fra Belgien erkl\u00e6rer, at han\np\u00e5 k\u00f8bstidspunktet har fuld retsevne\nog har de relevante kvalifikationer, der kr\u00e6ves af\npersoner, der k\u00f8ber plantebeskyttelsesmidler.\n\nI henhold til art. 28 i lov af 8. marts 2013 om plantebeskyttelsesmidler (Journal of Laws 2020, item 2097), fra 26. november 2015 m\u00e5 plantebeskyttelsesmidler beregnet til professionelle brugere s\u00e6lges til personer, der:\n\nPunkt 1 - har gennemf\u00f8rt uddannelse i brugen af \u200b\u200bplantebeskyttelsesmidler i Republikken Polen bekr\u00e6ftet af et certifikat for gennemf\u00f8relse af denne uddannelse, eller\n\nPunkt 2 - har gennemf\u00f8rt uddannelse i r\u00e5dgivning om plantebeskyttelsesmidler i Republikken Polen bekr\u00e6ftet af et certifikat for gennemf\u00f8relse af denne uddannelse, eller\n\nPunkt 3 - har gennemf\u00f8rt uddannelse i integreret planteproduktion bekr\u00e6ftet af et certifikat for gennemf\u00f8relse af denne uddannelse, eller\n\nPunkt 4 - tidligst 5 \u00e5r f\u00f8r k\u00f8b af disse midler har gennemf\u00f8rt den uddannelse, der kr\u00e6ves af professionelle brugere i en anden EU-medlemsstat eller i et land, der er part i aftalen om Det Europ\u00e6iske \u00d8konomiske Samarbejdsomr\u00e5de, p\u00e5 grundlag af de g\u00e6ldende bestemmelser i det p\u00e5g\u00e6ldende land, bekr\u00e6ftet af et dokument for gennemf\u00f8relse af denne uddannelse, eller de har fremlagt et andet dokument udstedt i henhold til de g\u00e6ldende regler i det p\u00e5g\u00e6ldende land, der bekr\u00e6fter at de har f\u00e5et tilladelse til at k\u00f8be plantebeskyttelsesmidler beregnet til professionelle brugere.\n\nVigtigt!\nKun personer over 18 \u00e5r m\u00e5 bruge plantebeskyttelsesmidler.\nPlantebeskyttelsesmidler skal anvendes sikkert.\nL\u00e6s oplysningerne p\u00e5 etiketten og produktinformationen f\u00f8r hver brug.\n<\/p>\n","protected":false},"excerpt":{"rendered":"<p>Chwastox Complex 260 EW er et flydende herbicid, der anvendes som bladmiddel, beregnet til bek\u00e6mpelse af bredbladet ukrudt i hvede og p\u00e5 gr\u00e6spl\u00e6ner, sportsbaner og golfbaner.<\/p>\n","protected":false},"featured_media":4388,"comment_status":"open","ping_status":"closed","template":"","meta":{"_uag_custom_page_level_css":"","site-sidebar-layout":"default","site-content-layout":"","ast-site-content-layout":"default","site-content-style":"default","site-sidebar-style":"default","ast-global-header-display":"","ast-banner-title-visibility":"","ast-main-header-display":"","ast-hfb-above-header-display":"","ast-hfb-below-header-display":"","ast-hfb-mobile-header-display":"","site-post-title":"","ast-breadcrumbs-content":"","ast-featured-img":"","footer-sml-layout":"","ast-disable-related-posts":"","theme-transparent-header-meta":"default","adv-header-id-meta":"","stick-header-meta":"","header-above-stick-meta":"","header-main-stick-meta":"","header-below-stick-meta":"","astra-migrate-meta-layouts":"default","ast-page-background-enabled":"default","ast-page-background-meta":{"desktop":{"background-color":"var(--ast-global-color-4)","background-image":"","background-repeat":"repeat","background-position":"center center","background-size":"auto","background-attachment":"scroll","background-type":"","background-media":"","overlay-type":"","overlay-color":"","overlay-opacity":"","overlay-gradient":""},"tablet":{"background-color":"","background-image":"","background-repeat":"repeat","background-position":"center center","background-size":"auto","background-attachment":"scroll","background-type":"","background-media":"","overlay-type":"","overlay-color":"","overlay-opacity":"","overlay-gradient":""},"mobile":{"background-color":"","background-image":"","background-repeat":"repeat","background-position":"center center","background-size":"auto","background-attachment":"scroll","background-type":"","background-media":"","overlay-type":"","overlay-color":"","overlay-opacity":"","overlay-gradient":""}},"ast-content-background-meta":{"desktop":{"background-color":"var(--ast-global-color-5)","background-image":"","background-repeat":"repeat","background-position":"center center","background-size":"auto","background-attachment":"scroll","background-type":"","background-media":"","overlay-type":"","overlay-color":"","overlay-opacity":"","overlay-gradient":""},"tablet":{"background-color":"var(--ast-global-color-5)","background-image":"","background-repeat":"repeat","background-position":"center center","background-size":"auto","background-attachment":"scroll","background-type":"","background-media":"","overlay-type":"","overlay-color":"","overlay-opacity":"","overlay-gradient":""},"mobile":{"background-color":"var(--ast-global-color-5)","background-image":"","background-repeat":"repeat","background-position":"center center","background-size":"auto","background-attachment":"scroll","background-type":"","background-media":"","overlay-type":"","overlay-color":"","overlay-opacity":"","overlay-gradient":""}}},"product_brand":[],"product_cat":[28,160,31],"product_tag":[],"class_list":{"0":"post-4588","1":"product","2":"type-product","3":"status-publish","4":"has-post-thumbnail","6":"product_cat-all-products","7":"product_cat-herbicide","8":"product_cat-most-popular","9":"product_shipping_class-all","10":"desktop-align-left","11":"tablet-align-left","12":"mobile-align-left","14":"first","15":"instock","16":"taxable","17":"shipping-taxable","18":"purchasable","19":"product-type-variable","20":"has-default-attributes"},"yoast_head":"<!-- This site is optimized with the Yoast SEO plugin v27.4 - https:\/\/yoast.com\/product\/yoast-seo-wordpress\/ -->\n<title>Chwastox Complex 260 EW ukrudtsmiddel - Gardeners Friend<\/title>\n<meta name=\"description\" content=\"Chwastox Complex 260 er et flydende herbicid, der anvendes som bladmiddel til bek\u00e6mpelse af bredbladet ukrudt i hvede og p\u00e5 gr\u00e6spl\u00e6ner, sportsbaner og golfbaner.\" \/>\n<meta name=\"robots\" content=\"index, follow, max-snippet:-1, max-image-preview:large, max-video-preview:-1\" \/>\n<link rel=\"canonical\" href=\"https:\/\/gardenersfriend.eu\/da\/vare\/chwastox-complex-260-ew-ukrudtsmiddel\/\" \/>\n<meta property=\"og:locale\" content=\"da_DK\" \/>\n<meta property=\"og:type\" content=\"article\" \/>\n<meta property=\"og:title\" content=\"Chwastox Complex 260 EW ukrudtsmiddel - Gardeners Friend\" \/>\n<meta property=\"og:description\" content=\"Chwastox Complex 260 er et flydende herbicid, der anvendes som bladmiddel til bek\u00e6mpelse af bredbladet ukrudt i hvede og p\u00e5 gr\u00e6spl\u00e6ner, sportsbaner og golfbaner.\" \/>\n<meta property=\"og:url\" content=\"https:\/\/gardenersfriend.eu\/da\/vare\/chwastox-complex-260-ew-ukrudtsmiddel\/\" \/>\n<meta property=\"og:site_name\" content=\"Gardeners Friend\" \/>\n<meta property=\"article:publisher\" content=\"https:\/\/www.facebook.com\/people\/Gardeners-Friend-Store\/61566268054378\/\" \/>\n<meta property=\"article:modified_time\" content=\"2026-04-23T13:19:16+00:00\" \/>\n<meta property=\"og:image\" content=\"https:\/\/gardenersfriend.eu\/wp-content\/uploads\/2025\/06\/Chwastox-260-Complex-1L.png\" \/>\n\t<meta property=\"og:image:width\" content=\"2048\" \/>\n\t<meta property=\"og:image:height\" content=\"2048\" \/>\n\t<meta property=\"og:image:type\" content=\"image\/png\" \/>\n<meta name=\"twitter:card\" content=\"summary_large_image\" \/>\n<meta name=\"twitter:label1\" content=\"Estimeret l\u00e6setid\" \/>\n\t<meta name=\"twitter:data1\" content=\"3 minutter\" \/>\n<script type=\"application\/ld+json\" class=\"yoast-schema-graph\">{\"@context\":\"https:\\\/\\\/schema.org\",\"@graph\":[{\"@type\":\"WebPage\",\"@id\":\"https:\\\/\\\/gardenersfriend.eu\\\/da\\\/vare\\\/chwastox-complex-260-ew-ukrudtsmiddel\\\/\",\"url\":\"https:\\\/\\\/gardenersfriend.eu\\\/da\\\/vare\\\/chwastox-complex-260-ew-ukrudtsmiddel\\\/\",\"name\":\"Chwastox Complex 260 EW ukrudtsmiddel - Gardeners Friend\",\"isPartOf\":{\"@id\":\"https:\\\/\\\/gardenersfriend.eu\\\/da\\\/#website\"},\"primaryImageOfPage\":{\"@id\":\"https:\\\/\\\/gardenersfriend.eu\\\/da\\\/vare\\\/chwastox-complex-260-ew-ukrudtsmiddel\\\/#primaryimage\"},\"image\":{\"@id\":\"https:\\\/\\\/gardenersfriend.eu\\\/da\\\/vare\\\/chwastox-complex-260-ew-ukrudtsmiddel\\\/#primaryimage\"},\"thumbnailUrl\":\"https:\\\/\\\/gardenersfriend.eu\\\/wp-content\\\/uploads\\\/2025\\\/06\\\/Chwastox-260-Complex-1L.png\",\"datePublished\":\"2025-06-04T19:35:45+00:00\",\"dateModified\":\"2026-04-23T13:19:16+00:00\",\"description\":\"Chwastox Complex 260 er et flydende herbicid, der anvendes som bladmiddel til bek\u00e6mpelse af bredbladet ukrudt i hvede og p\u00e5 gr\u00e6spl\u00e6ner, sportsbaner og golfbaner.\",\"breadcrumb\":{\"@id\":\"https:\\\/\\\/gardenersfriend.eu\\\/da\\\/vare\\\/chwastox-complex-260-ew-ukrudtsmiddel\\\/#breadcrumb\"},\"inLanguage\":\"da-DK\",\"potentialAction\":[{\"@type\":\"ReadAction\",\"target\":[\"https:\\\/\\\/gardenersfriend.eu\\\/da\\\/vare\\\/chwastox-complex-260-ew-ukrudtsmiddel\\\/\"]}]},{\"@type\":\"ImageObject\",\"inLanguage\":\"da-DK\",\"@id\":\"https:\\\/\\\/gardenersfriend.eu\\\/da\\\/vare\\\/chwastox-complex-260-ew-ukrudtsmiddel\\\/#primaryimage\",\"url\":\"https:\\\/\\\/gardenersfriend.eu\\\/wp-content\\\/uploads\\\/2025\\\/06\\\/Chwastox-260-Complex-1L.png\",\"contentUrl\":\"https:\\\/\\\/gardenersfriend.eu\\\/wp-content\\\/uploads\\\/2025\\\/06\\\/Chwastox-260-Complex-1L.png\",\"width\":2048,\"height\":2048,\"caption\":\"Chwastox-260-Complex-1L\"},{\"@type\":\"BreadcrumbList\",\"@id\":\"https:\\\/\\\/gardenersfriend.eu\\\/da\\\/vare\\\/chwastox-complex-260-ew-ukrudtsmiddel\\\/#breadcrumb\",\"itemListElement\":[{\"@type\":\"ListItem\",\"position\":1,\"name\":\"Strona g\u0142\u00f3wna\",\"item\":\"https:\\\/\\\/gardenersfriend.eu\\\/da\\\/\"},{\"@type\":\"ListItem\",\"position\":2,\"name\":\"Shop\",\"item\":\"https:\\\/\\\/gardenersfriend.eu\\\/shop\\\/\"},{\"@type\":\"ListItem\",\"position\":3,\"name\":\"Chwastox Complex 260 EW ukrudtsmiddel\"}]},{\"@type\":\"WebSite\",\"@id\":\"https:\\\/\\\/gardenersfriend.eu\\\/da\\\/#website\",\"url\":\"https:\\\/\\\/gardenersfriend.eu\\\/da\\\/\",\"name\":\"Gardeners Friend\",\"description\":\"herbicides, fertilisers, roundup\",\"publisher\":{\"@id\":\"https:\\\/\\\/gardenersfriend.eu\\\/da\\\/#organization\"},\"potentialAction\":[{\"@type\":\"SearchAction\",\"target\":{\"@type\":\"EntryPoint\",\"urlTemplate\":\"https:\\\/\\\/gardenersfriend.eu\\\/da\\\/?s={search_term_string}\"},\"query-input\":{\"@type\":\"PropertyValueSpecification\",\"valueRequired\":true,\"valueName\":\"search_term_string\"}}],\"inLanguage\":\"da-DK\"},{\"@type\":\"Organization\",\"@id\":\"https:\\\/\\\/gardenersfriend.eu\\\/da\\\/#organization\",\"name\":\"Gardeners Friend\",\"url\":\"https:\\\/\\\/gardenersfriend.eu\\\/da\\\/\",\"logo\":{\"@type\":\"ImageObject\",\"inLanguage\":\"da-DK\",\"@id\":\"https:\\\/\\\/gardenersfriend.eu\\\/da\\\/#\\\/schema\\\/logo\\\/image\\\/\",\"url\":\"https:\\\/\\\/gardenersfriend.eu\\\/wp-content\\\/uploads\\\/2025\\\/09\\\/gf_accepted_big_logo.png\",\"contentUrl\":\"https:\\\/\\\/gardenersfriend.eu\\\/wp-content\\\/uploads\\\/2025\\\/09\\\/gf_accepted_big_logo.png\",\"width\":2000,\"height\":1000,\"caption\":\"Gardeners Friend\"},\"image\":{\"@id\":\"https:\\\/\\\/gardenersfriend.eu\\\/da\\\/#\\\/schema\\\/logo\\\/image\\\/\"},\"sameAs\":[\"https:\\\/\\\/www.facebook.com\\\/people\\\/Gardeners-Friend-Store\\\/61566268054378\\\/\",\"https:\\\/\\\/www.instagram.com\\\/gardeners_friend_store\\\/\"]}]}<\/script>\n<!-- \/ Yoast SEO plugin. -->","yoast_head_json":{"title":"Chwastox Complex 260 EW ukrudtsmiddel - Gardeners Friend","description":"Chwastox Complex 260 er et flydende herbicid, der anvendes som bladmiddel til bek\u00e6mpelse af bredbladet ukrudt i hvede og p\u00e5 gr\u00e6spl\u00e6ner, sportsbaner og golfbaner.","robots":{"index":"index","follow":"follow","max-snippet":"max-snippet:-1","max-image-preview":"max-image-preview:large","max-video-preview":"max-video-preview:-1"},"canonical":"https:\/\/gardenersfriend.eu\/da\/vare\/chwastox-complex-260-ew-ukrudtsmiddel\/","og_locale":"da_DK","og_type":"article","og_title":"Chwastox Complex 260 EW ukrudtsmiddel - Gardeners Friend","og_description":"Chwastox Complex 260 er et flydende herbicid, der anvendes som bladmiddel til bek\u00e6mpelse af bredbladet ukrudt i hvede og p\u00e5 gr\u00e6spl\u00e6ner, sportsbaner og golfbaner.","og_url":"https:\/\/gardenersfriend.eu\/da\/vare\/chwastox-complex-260-ew-ukrudtsmiddel\/","og_site_name":"Gardeners Friend","article_publisher":"https:\/\/www.facebook.com\/people\/Gardeners-Friend-Store\/61566268054378\/","article_modified_time":"2026-04-23T13:19:16+00:00","og_image":[{"width":2048,"height":2048,"url":"https:\/\/gardenersfriend.eu\/wp-content\/uploads\/2025\/06\/Chwastox-260-Complex-1L.png","type":"image\/png"}],"twitter_card":"summary_large_image","twitter_misc":{"Estimeret l\u00e6setid":"3 minutter"},"schema":{"@context":"https:\/\/schema.org","@graph":[{"@type":"WebPage","@id":"https:\/\/gardenersfriend.eu\/da\/vare\/chwastox-complex-260-ew-ukrudtsmiddel\/","url":"https:\/\/gardenersfriend.eu\/da\/vare\/chwastox-complex-260-ew-ukrudtsmiddel\/","name":"Chwastox Complex 260 EW ukrudtsmiddel - Gardeners Friend","isPartOf":{"@id":"https:\/\/gardenersfriend.eu\/da\/#website"},"primaryImageOfPage":{"@id":"https:\/\/gardenersfriend.eu\/da\/vare\/chwastox-complex-260-ew-ukrudtsmiddel\/#primaryimage"},"image":{"@id":"https:\/\/gardenersfriend.eu\/da\/vare\/chwastox-complex-260-ew-ukrudtsmiddel\/#primaryimage"},"thumbnailUrl":"https:\/\/gardenersfriend.eu\/wp-content\/uploads\/2025\/06\/Chwastox-260-Complex-1L.png","datePublished":"2025-06-04T19:35:45+00:00","dateModified":"2026-04-23T13:19:16+00:00","description":"Chwastox Complex 260 er et flydende herbicid, der anvendes som bladmiddel til bek\u00e6mpelse af bredbladet ukrudt i hvede og p\u00e5 gr\u00e6spl\u00e6ner, sportsbaner og golfbaner.","breadcrumb":{"@id":"https:\/\/gardenersfriend.eu\/da\/vare\/chwastox-complex-260-ew-ukrudtsmiddel\/#breadcrumb"},"inLanguage":"da-DK","potentialAction":[{"@type":"ReadAction","target":["https:\/\/gardenersfriend.eu\/da\/vare\/chwastox-complex-260-ew-ukrudtsmiddel\/"]}]},{"@type":"ImageObject","inLanguage":"da-DK","@id":"https:\/\/gardenersfriend.eu\/da\/vare\/chwastox-complex-260-ew-ukrudtsmiddel\/#primaryimage","url":"https:\/\/gardenersfriend.eu\/wp-content\/uploads\/2025\/06\/Chwastox-260-Complex-1L.png","contentUrl":"https:\/\/gardenersfriend.eu\/wp-content\/uploads\/2025\/06\/Chwastox-260-Complex-1L.png","width":2048,"height":2048,"caption":"Chwastox-260-Complex-1L"},{"@type":"BreadcrumbList","@id":"https:\/\/gardenersfriend.eu\/da\/vare\/chwastox-complex-260-ew-ukrudtsmiddel\/#breadcrumb","itemListElement":[{"@type":"ListItem","position":1,"name":"Strona g\u0142\u00f3wna","item":"https:\/\/gardenersfriend.eu\/da\/"},{"@type":"ListItem","position":2,"name":"Shop","item":"https:\/\/gardenersfriend.eu\/shop\/"},{"@type":"ListItem","position":3,"name":"Chwastox Complex 260 EW ukrudtsmiddel"}]},{"@type":"WebSite","@id":"https:\/\/gardenersfriend.eu\/da\/#website","url":"https:\/\/gardenersfriend.eu\/da\/","name":"Gardeners Friend","description":"herbicides, fertilisers, roundup","publisher":{"@id":"https:\/\/gardenersfriend.eu\/da\/#organization"},"potentialAction":[{"@type":"SearchAction","target":{"@type":"EntryPoint","urlTemplate":"https:\/\/gardenersfriend.eu\/da\/?s={search_term_string}"},"query-input":{"@type":"PropertyValueSpecification","valueRequired":true,"valueName":"search_term_string"}}],"inLanguage":"da-DK"},{"@type":"Organization","@id":"https:\/\/gardenersfriend.eu\/da\/#organization","name":"Gardeners Friend","url":"https:\/\/gardenersfriend.eu\/da\/","logo":{"@type":"ImageObject","inLanguage":"da-DK","@id":"https:\/\/gardenersfriend.eu\/da\/#\/schema\/logo\/image\/","url":"https:\/\/gardenersfriend.eu\/wp-content\/uploads\/2025\/09\/gf_accepted_big_logo.png","contentUrl":"https:\/\/gardenersfriend.eu\/wp-content\/uploads\/2025\/09\/gf_accepted_big_logo.png","width":2000,"height":1000,"caption":"Gardeners Friend"},"image":{"@id":"https:\/\/gardenersfriend.eu\/da\/#\/schema\/logo\/image\/"},"sameAs":["https:\/\/www.facebook.com\/people\/Gardeners-Friend-Store\/61566268054378\/","https:\/\/www.instagram.com\/gardeners_friend_store\/"]}]}},"uagb_featured_image_src":{"full":["https:\/\/gardenersfriend.eu\/wp-content\/uploads\/2025\/06\/Chwastox-260-Complex-1L.png",2048,2048,false],"thumbnail":["https:\/\/gardenersfriend.eu\/wp-content\/uploads\/2025\/06\/Chwastox-260-Complex-1L-150x150.png",150,150,true],"medium":["https:\/\/gardenersfriend.eu\/wp-content\/uploads\/2025\/06\/Chwastox-260-Complex-1L-300x300.png",300,300,true],"medium_large":["https:\/\/gardenersfriend.eu\/wp-content\/uploads\/2025\/06\/Chwastox-260-Complex-1L-768x768.png",768,768,true],"large":["https:\/\/gardenersfriend.eu\/wp-content\/uploads\/2025\/06\/Chwastox-260-Complex-1L-1024x1024.png",1024,1024,true],"1536x1536":["https:\/\/gardenersfriend.eu\/wp-content\/uploads\/2025\/06\/Chwastox-260-Complex-1L-1536x1536.png",1536,1536,true],"2048x2048":["https:\/\/gardenersfriend.eu\/wp-content\/uploads\/2025\/06\/Chwastox-260-Complex-1L.png",2048,2048,false],"woocommerce_thumbnail":["https:\/\/gardenersfriend.eu\/wp-content\/uploads\/2025\/06\/Chwastox-260-Complex-1L-300x300.png",300,300,true],"woocommerce_single":["https:\/\/gardenersfriend.eu\/wp-content\/uploads\/2025\/06\/Chwastox-260-Complex-1L-600x600.png",600,600,true],"woocommerce_gallery_thumbnail":["https:\/\/gardenersfriend.eu\/wp-content\/uploads\/2025\/06\/Chwastox-260-Complex-1L-100x100.png",100,100,true]},"uagb_author_info":{"display_name":"admin","author_link":"https:\/\/gardenersfriend.eu\/da\/author\/"},"uagb_comment_info":0,"uagb_excerpt":"Chwastox Complex 260 EW er et flydende herbicid, der anvendes som bladmiddel, beregnet til bek\u00e6mpelse af bredbladet ukrudt i hvede og p\u00e5 gr\u00e6spl\u00e6ner, sportsbaner og golfbaner.","jetpack_sharing_enabled":true,"_links":{"self":[{"href":"https:\/\/gardenersfriend.eu\/da\/wp-json\/wp\/v2\/product\/4588","targetHints":{"allow":["GET"]}}],"collection":[{"href":"https:\/\/gardenersfriend.eu\/da\/wp-json\/wp\/v2\/product"}],"about":[{"href":"https:\/\/gardenersfriend.eu\/da\/wp-json\/wp\/v2\/types\/product"}],"replies":[{"embeddable":true,"href":"https:\/\/gardenersfriend.eu\/da\/wp-json\/wp\/v2\/comments?post=4588"}],"wp:featuredmedia":[{"embeddable":true,"href":"https:\/\/gardenersfriend.eu\/da\/wp-json\/wp\/v2\/media\/4388"}],"wp:attachment":[{"href":"https:\/\/gardenersfriend.eu\/da\/wp-json\/wp\/v2\/media?parent=4588"}],"wp:term":[{"taxonomy":"product_brand","embeddable":true,"href":"https:\/\/gardenersfriend.eu\/da\/wp-json\/wp\/v2\/product_brand?post=4588"},{"taxonomy":"product_cat","embeddable":true,"href":"https:\/\/gardenersfriend.eu\/da\/wp-json\/wp\/v2\/product_cat?post=4588"},{"taxonomy":"product_tag","embeddable":true,"href":"https:\/\/gardenersfriend.eu\/da\/wp-json\/wp\/v2\/product_tag?post=4588"}],"curies":[{"name":"wp","href":"https:\/\/api.w.org\/{rel}","templated":true}]}}