{"id":4603,"date":"2025-06-04T21:55:27","date_gmt":"2025-06-04T19:55:27","guid":{"rendered":"https:\/\/gardenersfriend.eu\/product\/chwastox-extra-300-sl-ukrudtsmiddel\/"},"modified":"2026-03-19T20:58:40","modified_gmt":"2026-03-19T19:58:40","slug":"chwastox-extra-300-sl-ukrudtsmiddel","status":"publish","type":"product","link":"https:\/\/gardenersfriend.eu\/da\/vare\/chwastox-extra-300-sl-ukrudtsmiddel\/","title":{"rendered":"Chwastox Extra 300 SL ukrudtsmiddel"},"content":{"rendered":"<h2>Chwastox Extra 300 SL &#8211; produktbeskrivelse<\/h2>\n<p>Chwastox Extra 300 SL er et herbicid til bek\u00e6mpelse af hvidmelet g\u00e5sefod, markpigment, markbobler og andet ukrudt i for\u00e5rs- og vinterkorn, og i blanding med bl.a. herbicidet agrosar 360 sl &#8211; ogs\u00e5 i \u00e6bletr\u00e6er.<\/p>\n<p><strong>Et selektivt herbicid med systemisk virkning til bladudbringning, i form af en v\u00e6ske til fremstilling af en vandig opl\u00f8sning<\/strong>. I \u00e6bledyrkning kontrollerer Chwastox 300 SL i blanding med det ikke-selektive herbicid Agrosar 360 SL bl.a. besv\u00e6rligt fler\u00e5rigt ukrudt som f.eks. padderokke og kvikgr\u00e6s.  <\/p>\n<h2>Hvordan virker Chwastox Extra 300?<\/h2>\n<p>Midlet absorberes hovedsageligt af ukrudtsblade, hvilket for\u00e5rsager deformation og derefter h\u00e6mning af v\u00e6kst og d\u00f8d af planter. Det \u00f8del\u00e6gger ukrudtet mest effektivt i bladfasen 2-6. <\/p>\n<h2>Hvilken aktiv ingrediens indeholder Chwastox Extra 300?<\/h2>\n<ul>\n<li>MCPA (phenoxysyreforbindelse) &#8211; 300 g\/l (26,5 %)<\/li>\n<\/ul>\n<h2>Dosering &#8211; hvordan bruges Chwastox Extra 300?<\/h2>\n<ul>\n<li>Anbefalet dosis til engangsbrug: 3,0 l\/ha<\/li>\n<li>I kombination med Agrosar 360 SL: Chwastox Extra 300 i en dosis p\u00e5 2,5 l\/ha + Agrosar 360 SL i en dosis p\u00e5 5,0 l\/ha<\/li>\n<\/ul>\n<h2>I hvilke afgr\u00f8der kan Chwastox Extra 300 bruges?<\/h2>\n<ul>\n<li>V\u00e5r- og vinterhvede,<\/li>\n<li>for\u00e5rs- og vintertriticale,<\/li>\n<li>havre<\/li>\n<li>rug<\/li>\n<li>\u00e6bletr\u00e6.<\/li>\n<\/ul>\n<h2>Hvad bek\u00e6mper Chwastox Extra 300?<\/h2>\n<ul>\n<li><strong>F\u00f8lsomt ukrudt<\/strong>: alm. rajgr\u00e6s, agersennep, hvidmelet g\u00e5sefod, agerpadderok, agerpadderok, skvalderk\u00e5l, hunde\u00f8je, alm. hyrdetaske, agerpadderok, skvalderk\u00e5l.<\/li>\n<li><strong>Middelf\u00f8lsomt ukrudt<\/strong>: kornblomst, markvalmue.<\/li>\n<li><strong>Middelresistent ukrudt<\/strong>: almindelig kvik, markforglemmigej, snerle (syn. snerle), amarant.<\/li>\n<li><strong>F\u00f8lsomt ukrudt<\/strong>: storken\u00e6b, skvalderk\u00e5l, almindelig fuglegr\u00e6s, purpursolhat, hvidmelet g\u00e5sefod, m\u00e6lkeb\u00f8tte, kvikgr\u00e6s, canadisk emmer, almindelig knopurt, gammelgr\u00e6s, agerpadderok, almindelig hyrdetaske, en\u00e5rig rapgr\u00e6s, kirtelpileurt.<\/li>\n<\/ul>\n<h2>Anbefalinger for brug af Chwastox Extra 300 SL<\/h2>\n<p>Brug produktet fra for\u00e5r til efter\u00e5r p\u00e5 gr\u00f8nt ukrudt under dets intensive v\u00e6kst.<\/p>\n<h2>Fordele ved at bruge Chwastox Extra 300 SL<\/h2>\n<p>begr\u00e6nser forekomsten af basale ukrudtsarter,<br \/>\nregistreret i de vigtigste kornarter,<br \/>\nudvider og styrker den herbicide effekt i spr\u00f8jteblandinger,<br \/>\nkan bruges i kombination med det ikke-selektive herbicid Agrosar 360 SL.<\/p>\n<p class=\"p1\"><strong>Etiket: <\/strong><a title=\"Chwastox 300 SL\" href=\"https:\/\/gardenersfriend.eu\/wp-content\/uploads\/2026\/02\/Chwastox_Extra_300_SL_DK.pdf\" target=\"_blank\" rel=\"noopener\">Chwastox 300 SL_DK<\/a><\/p>\n<p class=\"p1\"><strong>Producentens websted:<\/strong> <a title=\"Qemetica-siden\" href=\"https:\/\/qemetica-agro.pl\/pl\" target=\"_blank\" rel=\"noopener\">Qemetica<\/a><\/p>\n<h5 style=\"color: #bcbcbc;\">Legal Information<\/h5>\n<p style=\"color: #bcbcbc;\">\nHints! Use pesticides carefully. \nBefore use read the label and product information.\nUse by non-professional users permitted.\nException: The buyer from Belgium declares that\nat the time of purchase he has full legal capacity\nand has the appropriate qualifications required from\npersons purchasing plant protection products.\n\nPursuant to Art. 28 of the Act of March 8, 2013 on plant protection products (Journal of Laws 2020, item 2097), from November 26, 2015, plant protection products intended for professional users may be sold to people who:\n\nPoint 1 - have completed training in the use of plant protection products in the Republic of Poland confirmed by a certificate of completion of this training, or\n\nPoint 2 - have completed training in advising on plant protection products in the Republic of Poland confirmed by a certificate of completion of this training, or\n\nPoint 3 - have completed training in integrated crop production confirmed by a certificate of completion of this training, or\n\nPoint 4 - not earlier than 5 years, prior to the purchase of these funds, have completed the training required from professional users in another Member State of the European Union or in a country being a party to the Agreement on the European Economic Area, on the basis of the provisions in force in that country, confirmed by a document of completion of this training, or they have presented another document issued under the regulations in force in that country, confirming that they obtained authorization to purchase plant protection products intended for professional users.\n\nImportent!\n\nOnly people over 18 years of age can use plant protection products.\n\nPlant protection products should be used safely.\n\nBefore each use, read the information provided on the label and product information.\n\n\n<\/p>\n","protected":false},"excerpt":{"rendered":"<p class=\"p1\">Chwastox Extra 300 SL &#8211; ukrudtsmiddel til bek\u00e6mpelse af hvid snerre, markpigment, markbobler og andet ukrudt i v\u00e5r- og vinters\u00e6d<\/p>\n","protected":false},"featured_media":4413,"comment_status":"open","ping_status":"closed","template":"","meta":{"_uag_custom_page_level_css":"","site-sidebar-layout":"default","site-content-layout":"","ast-site-content-layout":"default","site-content-style":"default","site-sidebar-style":"default","ast-global-header-display":"","ast-banner-title-visibility":"","ast-main-header-display":"","ast-hfb-above-header-display":"","ast-hfb-below-header-display":"","ast-hfb-mobile-header-display":"","site-post-title":"","ast-breadcrumbs-content":"","ast-featured-img":"","footer-sml-layout":"","ast-disable-related-posts":"","theme-transparent-header-meta":"default","adv-header-id-meta":"","stick-header-meta":"","header-above-stick-meta":"","header-main-stick-meta":"","header-below-stick-meta":"","astra-migrate-meta-layouts":"default","ast-page-background-enabled":"default","ast-page-background-meta":{"desktop":{"background-color":"var(--ast-global-color-4)","background-image":"","background-repeat":"repeat","background-position":"center center","background-size":"auto","background-attachment":"scroll","background-type":"","background-media":"","overlay-type":"","overlay-color":"","overlay-opacity":"","overlay-gradient":""},"tablet":{"background-color":"","background-image":"","background-repeat":"repeat","background-position":"center center","background-size":"auto","background-attachment":"scroll","background-type":"","background-media":"","overlay-type":"","overlay-color":"","overlay-opacity":"","overlay-gradient":""},"mobile":{"background-color":"","background-image":"","background-repeat":"repeat","background-position":"center center","background-size":"auto","background-attachment":"scroll","background-type":"","background-media":"","overlay-type":"","overlay-color":"","overlay-opacity":"","overlay-gradient":""}},"ast-content-background-meta":{"desktop":{"background-color":"var(--ast-global-color-5)","background-image":"","background-repeat":"repeat","background-position":"center center","background-size":"auto","background-attachment":"scroll","background-type":"","background-media":"","overlay-type":"","overlay-color":"","overlay-opacity":"","overlay-gradient":""},"tablet":{"background-color":"var(--ast-global-color-5)","background-image":"","background-repeat":"repeat","background-position":"center center","background-size":"auto","background-attachment":"scroll","background-type":"","background-media":"","overlay-type":"","overlay-color":"","overlay-opacity":"","overlay-gradient":""},"mobile":{"background-color":"var(--ast-global-color-5)","background-image":"","background-repeat":"repeat","background-position":"center center","background-size":"auto","background-attachment":"scroll","background-type":"","background-media":"","overlay-type":"","overlay-color":"","overlay-opacity":"","overlay-gradient":""}}},"product_brand":[],"product_cat":[94,175,95],"product_tag":[],"class_list":{"0":"post-4603","1":"product","2":"type-product","3":"status-publish","4":"has-post-thumbnail","6":"product_cat-alle-produkter","7":"product_cat-herbicid","8":"product_cat-mest-populaere","9":"product_shipping_class-alle","10":"desktop-align-left","11":"tablet-align-left","12":"mobile-align-left","14":"first","15":"instock","16":"taxable","17":"shipping-taxable","18":"purchasable","19":"product-type-variable","20":"has-default-attributes"},"yoast_head":"<!-- This site is optimized with the Yoast SEO plugin v27.4 - https:\/\/yoast.com\/product\/yoast-seo-wordpress\/ -->\n<title>Chwastox Extra 300 SL ukrudtsmiddel - Gardeners Friend<\/title>\n<meta name=\"description\" content=\"Chwastox Extra 300 SL - HERBICID TIL BEK\u00c6MPELSE AF HVID GOURMOSA, MARKPIGMENT, MARKBOBLER OG ANDET UKRUDT I FOR\u00c5RS- OG VINTERKORN\" \/>\n<meta name=\"robots\" content=\"index, follow, max-snippet:-1, max-image-preview:large, max-video-preview:-1\" \/>\n<link rel=\"canonical\" href=\"https:\/\/gardenersfriend.eu\/da\/vare\/chwastox-extra-300-sl-ukrudtsmiddel\/\" \/>\n<meta property=\"og:locale\" content=\"da_DK\" \/>\n<meta property=\"og:type\" content=\"article\" \/>\n<meta property=\"og:title\" content=\"Chwastox Extra 300 SL ukrudtsmiddel - Gardeners Friend\" \/>\n<meta property=\"og:description\" content=\"Chwastox Extra 300 SL - HERBICID TIL BEK\u00c6MPELSE AF HVID GOURMOSA, MARKPIGMENT, MARKBOBLER OG ANDET UKRUDT I FOR\u00c5RS- OG VINTERKORN\" \/>\n<meta property=\"og:url\" content=\"https:\/\/gardenersfriend.eu\/da\/vare\/chwastox-extra-300-sl-ukrudtsmiddel\/\" \/>\n<meta property=\"og:site_name\" content=\"Gardeners Friend\" \/>\n<meta property=\"article:publisher\" content=\"https:\/\/www.facebook.com\/people\/Gardeners-Friend-Store\/61566268054378\/\" \/>\n<meta property=\"article:modified_time\" content=\"2026-03-19T19:58:40+00:00\" \/>\n<meta property=\"og:image\" content=\"https:\/\/gardenersfriend.eu\/wp-content\/uploads\/2025\/06\/Chwastox-300-1L-1.png\" \/>\n\t<meta property=\"og:image:width\" content=\"2048\" \/>\n\t<meta property=\"og:image:height\" content=\"2048\" \/>\n\t<meta property=\"og:image:type\" content=\"image\/png\" \/>\n<meta name=\"twitter:card\" content=\"summary_large_image\" \/>\n<meta name=\"twitter:label1\" content=\"Estimeret l\u00e6setid\" \/>\n\t<meta name=\"twitter:data1\" content=\"2 minutter\" \/>\n<script type=\"application\/ld+json\" class=\"yoast-schema-graph\">{\"@context\":\"https:\\\/\\\/schema.org\",\"@graph\":[{\"@type\":\"WebPage\",\"@id\":\"https:\\\/\\\/gardenersfriend.eu\\\/da\\\/vare\\\/chwastox-extra-300-sl-ukrudtsmiddel\\\/\",\"url\":\"https:\\\/\\\/gardenersfriend.eu\\\/da\\\/vare\\\/chwastox-extra-300-sl-ukrudtsmiddel\\\/\",\"name\":\"Chwastox Extra 300 SL ukrudtsmiddel - Gardeners Friend\",\"isPartOf\":{\"@id\":\"https:\\\/\\\/gardenersfriend.eu\\\/da\\\/#website\"},\"primaryImageOfPage\":{\"@id\":\"https:\\\/\\\/gardenersfriend.eu\\\/da\\\/vare\\\/chwastox-extra-300-sl-ukrudtsmiddel\\\/#primaryimage\"},\"image\":{\"@id\":\"https:\\\/\\\/gardenersfriend.eu\\\/da\\\/vare\\\/chwastox-extra-300-sl-ukrudtsmiddel\\\/#primaryimage\"},\"thumbnailUrl\":\"https:\\\/\\\/gardenersfriend.eu\\\/wp-content\\\/uploads\\\/2025\\\/06\\\/Chwastox-300-1L-1.png\",\"datePublished\":\"2025-06-04T19:55:27+00:00\",\"dateModified\":\"2026-03-19T19:58:40+00:00\",\"description\":\"Chwastox Extra 300 SL - HERBICID TIL BEK\u00c6MPELSE AF HVID GOURMOSA, MARKPIGMENT, MARKBOBLER OG ANDET UKRUDT I FOR\u00c5RS- OG VINTERKORN\",\"breadcrumb\":{\"@id\":\"https:\\\/\\\/gardenersfriend.eu\\\/da\\\/vare\\\/chwastox-extra-300-sl-ukrudtsmiddel\\\/#breadcrumb\"},\"inLanguage\":\"da-DK\",\"potentialAction\":[{\"@type\":\"ReadAction\",\"target\":[\"https:\\\/\\\/gardenersfriend.eu\\\/da\\\/vare\\\/chwastox-extra-300-sl-ukrudtsmiddel\\\/\"]}]},{\"@type\":\"ImageObject\",\"inLanguage\":\"da-DK\",\"@id\":\"https:\\\/\\\/gardenersfriend.eu\\\/da\\\/vare\\\/chwastox-extra-300-sl-ukrudtsmiddel\\\/#primaryimage\",\"url\":\"https:\\\/\\\/gardenersfriend.eu\\\/wp-content\\\/uploads\\\/2025\\\/06\\\/Chwastox-300-1L-1.png\",\"contentUrl\":\"https:\\\/\\\/gardenersfriend.eu\\\/wp-content\\\/uploads\\\/2025\\\/06\\\/Chwastox-300-1L-1.png\",\"width\":2048,\"height\":2048,\"caption\":\"Chwastox 300 1L\"},{\"@type\":\"BreadcrumbList\",\"@id\":\"https:\\\/\\\/gardenersfriend.eu\\\/da\\\/vare\\\/chwastox-extra-300-sl-ukrudtsmiddel\\\/#breadcrumb\",\"itemListElement\":[{\"@type\":\"ListItem\",\"position\":1,\"name\":\"Strona g\u0142\u00f3wna\",\"item\":\"https:\\\/\\\/gardenersfriend.eu\\\/da\\\/\"},{\"@type\":\"ListItem\",\"position\":2,\"name\":\"Shop\",\"item\":\"https:\\\/\\\/gardenersfriend.eu\\\/shop\\\/\"},{\"@type\":\"ListItem\",\"position\":3,\"name\":\"Chwastox Extra 300 SL ukrudtsmiddel\"}]},{\"@type\":\"WebSite\",\"@id\":\"https:\\\/\\\/gardenersfriend.eu\\\/da\\\/#website\",\"url\":\"https:\\\/\\\/gardenersfriend.eu\\\/da\\\/\",\"name\":\"Gardeners Friend\",\"description\":\"herbicides, fertilisers, roundup\",\"publisher\":{\"@id\":\"https:\\\/\\\/gardenersfriend.eu\\\/da\\\/#organization\"},\"potentialAction\":[{\"@type\":\"SearchAction\",\"target\":{\"@type\":\"EntryPoint\",\"urlTemplate\":\"https:\\\/\\\/gardenersfriend.eu\\\/da\\\/?s={search_term_string}\"},\"query-input\":{\"@type\":\"PropertyValueSpecification\",\"valueRequired\":true,\"valueName\":\"search_term_string\"}}],\"inLanguage\":\"da-DK\"},{\"@type\":\"Organization\",\"@id\":\"https:\\\/\\\/gardenersfriend.eu\\\/da\\\/#organization\",\"name\":\"Gardeners Friend\",\"url\":\"https:\\\/\\\/gardenersfriend.eu\\\/da\\\/\",\"logo\":{\"@type\":\"ImageObject\",\"inLanguage\":\"da-DK\",\"@id\":\"https:\\\/\\\/gardenersfriend.eu\\\/da\\\/#\\\/schema\\\/logo\\\/image\\\/\",\"url\":\"https:\\\/\\\/gardenersfriend.eu\\\/wp-content\\\/uploads\\\/2025\\\/09\\\/gf_accepted_big_logo.png\",\"contentUrl\":\"https:\\\/\\\/gardenersfriend.eu\\\/wp-content\\\/uploads\\\/2025\\\/09\\\/gf_accepted_big_logo.png\",\"width\":2000,\"height\":1000,\"caption\":\"Gardeners Friend\"},\"image\":{\"@id\":\"https:\\\/\\\/gardenersfriend.eu\\\/da\\\/#\\\/schema\\\/logo\\\/image\\\/\"},\"sameAs\":[\"https:\\\/\\\/www.facebook.com\\\/people\\\/Gardeners-Friend-Store\\\/61566268054378\\\/\",\"https:\\\/\\\/www.instagram.com\\\/gardeners_friend_store\\\/\"]}]}<\/script>\n<!-- \/ Yoast SEO plugin. -->","yoast_head_json":{"title":"Chwastox Extra 300 SL ukrudtsmiddel - Gardeners Friend","description":"Chwastox Extra 300 SL - HERBICID TIL BEK\u00c6MPELSE AF HVID GOURMOSA, MARKPIGMENT, MARKBOBLER OG ANDET UKRUDT I FOR\u00c5RS- OG VINTERKORN","robots":{"index":"index","follow":"follow","max-snippet":"max-snippet:-1","max-image-preview":"max-image-preview:large","max-video-preview":"max-video-preview:-1"},"canonical":"https:\/\/gardenersfriend.eu\/da\/vare\/chwastox-extra-300-sl-ukrudtsmiddel\/","og_locale":"da_DK","og_type":"article","og_title":"Chwastox Extra 300 SL ukrudtsmiddel - Gardeners Friend","og_description":"Chwastox Extra 300 SL - HERBICID TIL BEK\u00c6MPELSE AF HVID GOURMOSA, MARKPIGMENT, MARKBOBLER OG ANDET UKRUDT I FOR\u00c5RS- OG VINTERKORN","og_url":"https:\/\/gardenersfriend.eu\/da\/vare\/chwastox-extra-300-sl-ukrudtsmiddel\/","og_site_name":"Gardeners Friend","article_publisher":"https:\/\/www.facebook.com\/people\/Gardeners-Friend-Store\/61566268054378\/","article_modified_time":"2026-03-19T19:58:40+00:00","og_image":[{"width":2048,"height":2048,"url":"https:\/\/gardenersfriend.eu\/wp-content\/uploads\/2025\/06\/Chwastox-300-1L-1.png","type":"image\/png"}],"twitter_card":"summary_large_image","twitter_misc":{"Estimeret l\u00e6setid":"2 minutter"},"schema":{"@context":"https:\/\/schema.org","@graph":[{"@type":"WebPage","@id":"https:\/\/gardenersfriend.eu\/da\/vare\/chwastox-extra-300-sl-ukrudtsmiddel\/","url":"https:\/\/gardenersfriend.eu\/da\/vare\/chwastox-extra-300-sl-ukrudtsmiddel\/","name":"Chwastox Extra 300 SL ukrudtsmiddel - Gardeners Friend","isPartOf":{"@id":"https:\/\/gardenersfriend.eu\/da\/#website"},"primaryImageOfPage":{"@id":"https:\/\/gardenersfriend.eu\/da\/vare\/chwastox-extra-300-sl-ukrudtsmiddel\/#primaryimage"},"image":{"@id":"https:\/\/gardenersfriend.eu\/da\/vare\/chwastox-extra-300-sl-ukrudtsmiddel\/#primaryimage"},"thumbnailUrl":"https:\/\/gardenersfriend.eu\/wp-content\/uploads\/2025\/06\/Chwastox-300-1L-1.png","datePublished":"2025-06-04T19:55:27+00:00","dateModified":"2026-03-19T19:58:40+00:00","description":"Chwastox Extra 300 SL - HERBICID TIL BEK\u00c6MPELSE AF HVID GOURMOSA, MARKPIGMENT, MARKBOBLER OG ANDET UKRUDT I FOR\u00c5RS- OG VINTERKORN","breadcrumb":{"@id":"https:\/\/gardenersfriend.eu\/da\/vare\/chwastox-extra-300-sl-ukrudtsmiddel\/#breadcrumb"},"inLanguage":"da-DK","potentialAction":[{"@type":"ReadAction","target":["https:\/\/gardenersfriend.eu\/da\/vare\/chwastox-extra-300-sl-ukrudtsmiddel\/"]}]},{"@type":"ImageObject","inLanguage":"da-DK","@id":"https:\/\/gardenersfriend.eu\/da\/vare\/chwastox-extra-300-sl-ukrudtsmiddel\/#primaryimage","url":"https:\/\/gardenersfriend.eu\/wp-content\/uploads\/2025\/06\/Chwastox-300-1L-1.png","contentUrl":"https:\/\/gardenersfriend.eu\/wp-content\/uploads\/2025\/06\/Chwastox-300-1L-1.png","width":2048,"height":2048,"caption":"Chwastox 300 1L"},{"@type":"BreadcrumbList","@id":"https:\/\/gardenersfriend.eu\/da\/vare\/chwastox-extra-300-sl-ukrudtsmiddel\/#breadcrumb","itemListElement":[{"@type":"ListItem","position":1,"name":"Strona g\u0142\u00f3wna","item":"https:\/\/gardenersfriend.eu\/da\/"},{"@type":"ListItem","position":2,"name":"Shop","item":"https:\/\/gardenersfriend.eu\/shop\/"},{"@type":"ListItem","position":3,"name":"Chwastox Extra 300 SL ukrudtsmiddel"}]},{"@type":"WebSite","@id":"https:\/\/gardenersfriend.eu\/da\/#website","url":"https:\/\/gardenersfriend.eu\/da\/","name":"Gardeners Friend","description":"herbicides, fertilisers, roundup","publisher":{"@id":"https:\/\/gardenersfriend.eu\/da\/#organization"},"potentialAction":[{"@type":"SearchAction","target":{"@type":"EntryPoint","urlTemplate":"https:\/\/gardenersfriend.eu\/da\/?s={search_term_string}"},"query-input":{"@type":"PropertyValueSpecification","valueRequired":true,"valueName":"search_term_string"}}],"inLanguage":"da-DK"},{"@type":"Organization","@id":"https:\/\/gardenersfriend.eu\/da\/#organization","name":"Gardeners Friend","url":"https:\/\/gardenersfriend.eu\/da\/","logo":{"@type":"ImageObject","inLanguage":"da-DK","@id":"https:\/\/gardenersfriend.eu\/da\/#\/schema\/logo\/image\/","url":"https:\/\/gardenersfriend.eu\/wp-content\/uploads\/2025\/09\/gf_accepted_big_logo.png","contentUrl":"https:\/\/gardenersfriend.eu\/wp-content\/uploads\/2025\/09\/gf_accepted_big_logo.png","width":2000,"height":1000,"caption":"Gardeners Friend"},"image":{"@id":"https:\/\/gardenersfriend.eu\/da\/#\/schema\/logo\/image\/"},"sameAs":["https:\/\/www.facebook.com\/people\/Gardeners-Friend-Store\/61566268054378\/","https:\/\/www.instagram.com\/gardeners_friend_store\/"]}]}},"uagb_featured_image_src":{"full":["https:\/\/gardenersfriend.eu\/wp-content\/uploads\/2025\/06\/Chwastox-300-1L-1.png",2048,2048,false],"thumbnail":["https:\/\/gardenersfriend.eu\/wp-content\/uploads\/2025\/06\/Chwastox-300-1L-1-150x150.png",150,150,true],"medium":["https:\/\/gardenersfriend.eu\/wp-content\/uploads\/2025\/06\/Chwastox-300-1L-1-300x300.png",300,300,true],"medium_large":["https:\/\/gardenersfriend.eu\/wp-content\/uploads\/2025\/06\/Chwastox-300-1L-1-768x768.png",768,768,true],"large":["https:\/\/gardenersfriend.eu\/wp-content\/uploads\/2025\/06\/Chwastox-300-1L-1-1024x1024.png",1024,1024,true],"1536x1536":["https:\/\/gardenersfriend.eu\/wp-content\/uploads\/2025\/06\/Chwastox-300-1L-1-1536x1536.png",1536,1536,true],"2048x2048":["https:\/\/gardenersfriend.eu\/wp-content\/uploads\/2025\/06\/Chwastox-300-1L-1.png",2048,2048,false],"woocommerce_thumbnail":["https:\/\/gardenersfriend.eu\/wp-content\/uploads\/2025\/06\/Chwastox-300-1L-1-300x300.png",300,300,true],"woocommerce_single":["https:\/\/gardenersfriend.eu\/wp-content\/uploads\/2025\/06\/Chwastox-300-1L-1-600x600.png",600,600,true],"woocommerce_gallery_thumbnail":["https:\/\/gardenersfriend.eu\/wp-content\/uploads\/2025\/06\/Chwastox-300-1L-1-100x100.png",100,100,true]},"uagb_author_info":{"display_name":"admin","author_link":"https:\/\/gardenersfriend.eu\/da\/author\/"},"uagb_comment_info":0,"uagb_excerpt":"Chwastox Extra 300 SL - ukrudtsmiddel til bek\u00e6mpelse af hvid snerre, markpigment, markbobler og andet ukrudt i v\u00e5r- og vinters\u00e6d","jetpack_sharing_enabled":true,"_links":{"self":[{"href":"https:\/\/gardenersfriend.eu\/da\/wp-json\/wp\/v2\/product\/4603","targetHints":{"allow":["GET"]}}],"collection":[{"href":"https:\/\/gardenersfriend.eu\/da\/wp-json\/wp\/v2\/product"}],"about":[{"href":"https:\/\/gardenersfriend.eu\/da\/wp-json\/wp\/v2\/types\/product"}],"replies":[{"embeddable":true,"href":"https:\/\/gardenersfriend.eu\/da\/wp-json\/wp\/v2\/comments?post=4603"}],"wp:featuredmedia":[{"embeddable":true,"href":"https:\/\/gardenersfriend.eu\/da\/wp-json\/wp\/v2\/media\/4413"}],"wp:attachment":[{"href":"https:\/\/gardenersfriend.eu\/da\/wp-json\/wp\/v2\/media?parent=4603"}],"wp:term":[{"taxonomy":"product_brand","embeddable":true,"href":"https:\/\/gardenersfriend.eu\/da\/wp-json\/wp\/v2\/product_brand?post=4603"},{"taxonomy":"product_cat","embeddable":true,"href":"https:\/\/gardenersfriend.eu\/da\/wp-json\/wp\/v2\/product_cat?post=4603"},{"taxonomy":"product_tag","embeddable":true,"href":"https:\/\/gardenersfriend.eu\/da\/wp-json\/wp\/v2\/product_tag?post=4603"}],"curies":[{"name":"wp","href":"https:\/\/api.w.org\/{rel}","templated":true}]}}