{"id":7051,"date":"2025-09-16T12:57:17","date_gmt":"2025-09-16T10:57:17","guid":{"rendered":"https:\/\/gardenersfriend.eu\/?post_type=product&#038;p=7051"},"modified":"2026-02-19T09:10:22","modified_gmt":"2026-02-19T08:10:22","slug":"efterarsgodning-til-graesplaenen-for-en-sikker-vinter","status":"publish","type":"product","link":"https:\/\/gardenersfriend.eu\/da\/vare\/efterarsgodning-til-graesplaenen-for-en-sikker-vinter\/","title":{"rendered":"Efter\u00e5rsg\u00f8dning til gr\u00e6spl\u00e6nen for en sikker vinter"},"content":{"rendered":"<h2><strong>Efter\u00e5rsg\u00f8dning til gr\u00e6spl\u00e6nen for en sikker vinter &#8211; Mr. Green Grass\u00ae.<\/strong><\/h2>\n<p>&nbsp;<\/p>\n<p>&#x2714;&#xfe0f; <strong>Beskytter din gr\u00e6spl\u00e6ne hele vinteren<\/strong><\/p>\n<p>&#x2714;&#xfe0f; <strong>Styrker din gr\u00e6spl\u00e6ne mod h\u00e5rd frost<\/strong><\/p>\n<p>&#x2714;&#xfe0f; <strong>Fremmer for\u00e5rets v\u00e6kst<\/strong><\/p>\n<p>&#x2714;&#xfe0f; <strong>Er milj\u00f8venlig<\/strong><\/p>\n<p>&#x2714;&#xfe0f; <strong>H\u00f8jt v\u00e6rdsat af brugerne<\/strong><\/p>\n<p>Mr. Green Grass\u00ae Long-Lasting Autumn Lawn Fertilizer &#8211; Safe Winter &#8211; giver omfattende st\u00f8tte til din gr\u00e6spl\u00e6ne i l\u00f8bet af efter\u00e5ret og forbereder den p\u00e5 den kommende vinter. Dette produkt beskytter ikke kun pl\u00e6nen mod de kommende vinterm\u00e5neder, men styrker ogs\u00e5 pl\u00e6nen og \u00f8ger dens modstandsdygtighed over for ekstrem frost. <\/p>\n<p>Det stimulerer ogs\u00e5 forgreningen og bidrager til en frodig og sund gr\u00e6sv\u00e6kst om for\u00e5ret. N\u00f8gleingredienser som kalium og fosfor \u00f8ger ikke kun modstandsdygtigheden over for kulde og sygdomme, men underst\u00f8tter ogs\u00e5 en milj\u00f8venlig tilgang til pl\u00e6nepleje. <\/p>\n<p>Den forbedrede GRF-teknologi (Gradual Release Fertilizer), der anvendes i vores efter\u00e5rsg\u00f8dning, garanterer en vedvarende, kontrolleret frigivelse af n\u00e6ringsstoffer og sikrer, at de er tilg\u00e6ngelige p\u00e5 det mest optimale tidspunkt. Denne proces reguleres af jordens fugtighed og temperatur, uafh\u00e6ngigt af andre forhold som pH eller mikrobiel aktivitet. Den er baseret p\u00e5 en polymermembran, som tillader vand at tr\u00e6nge ind og opl\u00f8se n\u00e6ringsstofferne, og n\u00e5r n\u00e6ringsstofferne er opbrugt, kan bel\u00e6gningen nedbrydes biologisk i jorden.  <\/p>\n<p>&#x26a0;&#xfe0f; Traditionel g\u00f8dning udvaskes ofte hurtigt, hvilket kan f\u00f8re til n\u00e6ringsstofmangel i perioder med intens gr\u00e6sv\u00e6kst. Vores produkt eliminerer dette problem ved kontinuerligt at tilf\u00f8re n\u00e6ringsstoffer. Forbedret GRF-teknologi er det, der g\u00f8r &#8220;Safe Winter&#8221;-g\u00f8dningen us\u00e6dvanlig effektiv og virkningsfuld og tilpasser den perfekt til din pl\u00e6nes behov.  <\/p>\n<h3><\/h3>\n<h3>&#x23f0; <strong>Ans\u00f8gning<\/strong><\/h3>\n<p>Efter\u00e5rsg\u00f8dning &#8211; sikker vinter &#8211; Mr. Green Grass\u00ae er det fjerde trin i plejen. Anvend det en gang fra september til november, helst umiddelbart efter klipning, til en h\u00f8jde p\u00e5 5 cm. <\/p>\n<p>Spred det j\u00e6vnt med en s\u00e5maskine i en m\u00e6ngde p\u00e5 3-4 kg pr. 100 m\u00b2 (30-40 g\/m\u00b2). Bem\u00e6rk: Spred aldrig g\u00f8dningen med h\u00e5nden, da det vil for\u00e5rsage uj\u00e6vn v\u00e6kst eller endda br\u00e6nde gr\u00e6sset! <\/p>\n<p>Vand pl\u00e6nen grundigt efter p\u00e5f\u00f8ring. Husk, at nogle af granulaterne vil forblive synlige &#8211; de frigiver n\u00e6ringsstoffer i l\u00f8bet af vinteren. N\u00e5r for\u00e5ret kommer, skal du forts\u00e6tte plejen ved at g\u00e5 videre til trin 1 og anvende Early Spring Fertilizer &#8211; Quick Regeneration &#8211; Mr Green Grass\u00ae.  <\/p>\n<p>&nbsp;<\/p>\n<h3><strong>&#x2696;&#xfe0f; Hvor meget g\u00f8dning du skal k\u00f8be  <\/strong><\/h3>\n<h3><strong>Pl\u00e6neareal &#8211; krav<\/strong><\/h3>\n<p>&#x2733;&#xfe0f; Areal 60 til 120 m\u00b2 &#8211; 3 kg<\/p>\n<p>&#x2733;&#xfe0f; Areal 120 til 180 m\u00b2 &#8211; 5 kg<\/p>\n<p>&#x2733;&#xfe0f; Areal 180 til 250 m\u00b2 &#8211; 8 kg<\/p>\n<p>&#x2733;&#xfe0f; Areal 250 til 300 m\u00b2 &#8211; 10 kg<\/p>\n<p>&#x2733;&#xfe0f; Areal 300 til 350 m\u00b2 &#8211; 13 kg<\/p>\n<p>&#x2733;&#xfe0f; Areal 350 til 400 m\u00b2 &#8211; 15 kg<\/p>\n<p>&nbsp;<\/p>\n<h3><strong>Parametre:<\/strong><\/h3>\n<p><strong>Anvendelse<\/strong><br \/>\nSeptember \/ oktober \/ november<\/p>\n<p><strong>Emballage<\/strong><br \/>\n3 kg, 5 kg, 10 kg<\/p>\n<p><strong>Kv\u00e6lstof [N]<\/strong><br \/>\n12% (6,3% nitratkv\u00e6lstof, 5,7% ammoniumkv\u00e6lstof)<\/p>\n<p><strong>Vandopl\u00f8seligt fosfor [P2O5]<\/strong><br \/>\n10%.<\/p>\n<p><strong>Vandopl\u00f8seligt kalium [K2O]<\/strong><br \/>\n15%.<\/p>\n<p><strong>Magnesium i alt [MgO]<\/strong><br \/>\n2,2 %.<\/p>\n<p><strong>Bor [B]<\/strong><br \/>\n0,002%.<\/p>\n<p><strong>Kobber [Cu]<\/strong><br \/>\n0,08%.<\/p>\n<p><strong>Jern [Fe]<\/strong><br \/>\n0,32%.<\/p>\n<p>&nbsp;<\/p>\n<p><strong>Kundeanmeldelser fra Polen:<\/strong><br \/>\n<a title=\"https:\/\/mrgreengrass.pl\/nawoz-jesienny-do-trawy\/#opinie\" href=\"https:\/\/mrgreengrass.pl\/nawoz-jesienny-do-trawy\/#opinie\">https:\/\/mrgreengrass.pl\/nawoz-jesienny-do-trawy\/#opinie<\/a><\/p>\n<p><strong>Se ogs\u00e5: Ukrudtsmiddel til tokimbladede planter:<\/strong><\/p>\n<p><a title=\"Chwastox Trio\" href=\"https:\/\/gardenersfriend.eu\/da\/vare\/chwastox-390-trio-sl-ukrudtsmiddel\/\">Chwastox 390 Trio<\/a><\/p>\n","protected":false},"excerpt":{"rendered":"<p>Langtidsvirkende efter\u00e5rsg\u00f8dning til gr\u00e6spl\u00e6nen &#8211; Safe Winter &#8211; Mr. Green Grass\u00ae er en omfattende st\u00f8tte til din gr\u00e6spl\u00e6ne i l\u00f8bet af efter\u00e5ret og forbereder den p\u00e5 vinterens komme.<\/p>\n","protected":false},"featured_media":7029,"comment_status":"open","ping_status":"closed","template":"","meta":{"_uag_custom_page_level_css":"","site-sidebar-layout":"default","site-content-layout":"","ast-site-content-layout":"default","site-content-style":"default","site-sidebar-style":"default","ast-global-header-display":"","ast-banner-title-visibility":"","ast-main-header-display":"","ast-hfb-above-header-display":"","ast-hfb-below-header-display":"","ast-hfb-mobile-header-display":"","site-post-title":"","ast-breadcrumbs-content":"","ast-featured-img":"","footer-sml-layout":"","ast-disable-related-posts":"","theme-transparent-header-meta":"default","adv-header-id-meta":"","stick-header-meta":"","header-above-stick-meta":"","header-main-stick-meta":"","header-below-stick-meta":"","astra-migrate-meta-layouts":"set","ast-page-background-enabled":"default","ast-page-background-meta":{"desktop":{"background-color":"var(--ast-global-color-4)","background-image":"","background-repeat":"repeat","background-position":"center center","background-size":"auto","background-attachment":"scroll","background-type":"","background-media":"","overlay-type":"","overlay-color":"","overlay-opacity":"","overlay-gradient":""},"tablet":{"background-color":"","background-image":"","background-repeat":"repeat","background-position":"center center","background-size":"auto","background-attachment":"scroll","background-type":"","background-media":"","overlay-type":"","overlay-color":"","overlay-opacity":"","overlay-gradient":""},"mobile":{"background-color":"","background-image":"","background-repeat":"repeat","background-position":"center center","background-size":"auto","background-attachment":"scroll","background-type":"","background-media":"","overlay-type":"","overlay-color":"","overlay-opacity":"","overlay-gradient":""}},"ast-content-background-meta":{"desktop":{"background-color":"var(--ast-global-color-5)","background-image":"","background-repeat":"repeat","background-position":"center center","background-size":"auto","background-attachment":"scroll","background-type":"","background-media":"","overlay-type":"","overlay-color":"","overlay-opacity":"","overlay-gradient":""},"tablet":{"background-color":"var(--ast-global-color-5)","background-image":"","background-repeat":"repeat","background-position":"center center","background-size":"auto","background-attachment":"scroll","background-type":"","background-media":"","overlay-type":"","overlay-color":"","overlay-opacity":"","overlay-gradient":""},"mobile":{"background-color":"var(--ast-global-color-5)","background-image":"","background-repeat":"repeat","background-position":"center center","background-size":"auto","background-attachment":"scroll","background-type":"","background-media":"","overlay-type":"","overlay-color":"","overlay-opacity":"","overlay-gradient":""}}},"product_brand":[173],"product_cat":[94,168],"product_tag":[],"class_list":{"0":"post-7051","1":"product","2":"type-product","3":"status-publish","4":"has-post-thumbnail","6":"product_brand-mr-green-grass","7":"product_cat-alle-produkter","8":"product_cat-godning","9":"product_shipping_class-alle","10":"desktop-align-left","11":"tablet-align-left","12":"mobile-align-left","14":"first","15":"instock","16":"taxable","17":"shipping-taxable","18":"purchasable","19":"product-type-variable","20":"has-default-attributes"},"yoast_head":"<!-- This site is optimized with the Yoast SEO plugin v27.4 - https:\/\/yoast.com\/product\/yoast-seo-wordpress\/ -->\n<title>Efter\u00e5rsg\u00f8dning til gr\u00e6spl\u00e6nen for en sikker vinter - Gardeners Friend<\/title>\n<meta name=\"description\" content=\"Langtidsvirkende efter\u00e5rsg\u00f8dning til gr\u00e6spl\u00e6nen - Safe Winter er en omfattende st\u00f8tte til din gr\u00e6spl\u00e6ne i l\u00f8bet af efter\u00e5ret og forbereder den p\u00e5 vinterens komme.\" \/>\n<meta name=\"robots\" content=\"index, follow, max-snippet:-1, max-image-preview:large, max-video-preview:-1\" \/>\n<link rel=\"canonical\" href=\"https:\/\/gardenersfriend.eu\/da\/vare\/efterarsgodning-til-graesplaenen-for-en-sikker-vinter\/\" \/>\n<meta property=\"og:locale\" content=\"da_DK\" \/>\n<meta property=\"og:type\" content=\"article\" \/>\n<meta property=\"og:title\" content=\"Efter\u00e5rsg\u00f8dning til gr\u00e6spl\u00e6nen for en sikker vinter - Gardeners Friend\" \/>\n<meta property=\"og:description\" content=\"Langtidsvirkende efter\u00e5rsg\u00f8dning til gr\u00e6spl\u00e6nen - Safe Winter er en omfattende st\u00f8tte til din gr\u00e6spl\u00e6ne i l\u00f8bet af efter\u00e5ret og forbereder den p\u00e5 vinterens komme.\" \/>\n<meta property=\"og:url\" content=\"https:\/\/gardenersfriend.eu\/da\/vare\/efterarsgodning-til-graesplaenen-for-en-sikker-vinter\/\" \/>\n<meta property=\"og:site_name\" content=\"Gardeners Friend\" \/>\n<meta property=\"article:publisher\" content=\"https:\/\/www.facebook.com\/people\/Gardeners-Friend-Store\/61566268054378\/\" \/>\n<meta property=\"article:modified_time\" content=\"2026-02-19T08:10:22+00:00\" \/>\n<meta property=\"og:image\" content=\"https:\/\/gardenersfriend.eu\/wp-content\/uploads\/2025\/09\/mr_green_grass_1.jpg\" \/>\n\t<meta property=\"og:image:width\" content=\"1100\" \/>\n\t<meta property=\"og:image:height\" content=\"1100\" \/>\n\t<meta property=\"og:image:type\" content=\"image\/jpeg\" \/>\n<meta name=\"twitter:card\" content=\"summary_large_image\" \/>\n<meta name=\"twitter:label1\" content=\"Estimeret l\u00e6setid\" \/>\n\t<meta name=\"twitter:data1\" content=\"3 minutter\" \/>\n<script type=\"application\/ld+json\" class=\"yoast-schema-graph\">{\"@context\":\"https:\\\/\\\/schema.org\",\"@graph\":[{\"@type\":\"WebPage\",\"@id\":\"https:\\\/\\\/gardenersfriend.eu\\\/da\\\/vare\\\/efterarsgodning-til-graesplaenen-for-en-sikker-vinter\\\/\",\"url\":\"https:\\\/\\\/gardenersfriend.eu\\\/da\\\/vare\\\/efterarsgodning-til-graesplaenen-for-en-sikker-vinter\\\/\",\"name\":\"Efter\u00e5rsg\u00f8dning til gr\u00e6spl\u00e6nen for en sikker vinter - Gardeners Friend\",\"isPartOf\":{\"@id\":\"https:\\\/\\\/gardenersfriend.eu\\\/da\\\/#website\"},\"primaryImageOfPage\":{\"@id\":\"https:\\\/\\\/gardenersfriend.eu\\\/da\\\/vare\\\/efterarsgodning-til-graesplaenen-for-en-sikker-vinter\\\/#primaryimage\"},\"image\":{\"@id\":\"https:\\\/\\\/gardenersfriend.eu\\\/da\\\/vare\\\/efterarsgodning-til-graesplaenen-for-en-sikker-vinter\\\/#primaryimage\"},\"thumbnailUrl\":\"https:\\\/\\\/gardenersfriend.eu\\\/wp-content\\\/uploads\\\/2025\\\/09\\\/mr_green_grass_1.jpg\",\"datePublished\":\"2025-09-16T10:57:17+00:00\",\"dateModified\":\"2026-02-19T08:10:22+00:00\",\"description\":\"Langtidsvirkende efter\u00e5rsg\u00f8dning til gr\u00e6spl\u00e6nen - Safe Winter er en omfattende st\u00f8tte til din gr\u00e6spl\u00e6ne i l\u00f8bet af efter\u00e5ret og forbereder den p\u00e5 vinterens komme.\",\"breadcrumb\":{\"@id\":\"https:\\\/\\\/gardenersfriend.eu\\\/da\\\/vare\\\/efterarsgodning-til-graesplaenen-for-en-sikker-vinter\\\/#breadcrumb\"},\"inLanguage\":\"da-DK\",\"potentialAction\":[{\"@type\":\"ReadAction\",\"target\":[\"https:\\\/\\\/gardenersfriend.eu\\\/da\\\/vare\\\/efterarsgodning-til-graesplaenen-for-en-sikker-vinter\\\/\"]}]},{\"@type\":\"ImageObject\",\"inLanguage\":\"da-DK\",\"@id\":\"https:\\\/\\\/gardenersfriend.eu\\\/da\\\/vare\\\/efterarsgodning-til-graesplaenen-for-en-sikker-vinter\\\/#primaryimage\",\"url\":\"https:\\\/\\\/gardenersfriend.eu\\\/wp-content\\\/uploads\\\/2025\\\/09\\\/mr_green_grass_1.jpg\",\"contentUrl\":\"https:\\\/\\\/gardenersfriend.eu\\\/wp-content\\\/uploads\\\/2025\\\/09\\\/mr_green_grass_1.jpg\",\"width\":1100,\"height\":1100,\"caption\":\"Efter\u00e5rsg\u00f8dning til gr\u00e6spl\u00e6nen for en sikker vinter\"},{\"@type\":\"BreadcrumbList\",\"@id\":\"https:\\\/\\\/gardenersfriend.eu\\\/da\\\/vare\\\/efterarsgodning-til-graesplaenen-for-en-sikker-vinter\\\/#breadcrumb\",\"itemListElement\":[{\"@type\":\"ListItem\",\"position\":1,\"name\":\"Strona g\u0142\u00f3wna\",\"item\":\"https:\\\/\\\/gardenersfriend.eu\\\/da\\\/\"},{\"@type\":\"ListItem\",\"position\":2,\"name\":\"Shop\",\"item\":\"https:\\\/\\\/gardenersfriend.eu\\\/shop\\\/\"},{\"@type\":\"ListItem\",\"position\":3,\"name\":\"Efter\u00e5rsg\u00f8dning til gr\u00e6spl\u00e6nen for en sikker vinter\"}]},{\"@type\":\"WebSite\",\"@id\":\"https:\\\/\\\/gardenersfriend.eu\\\/da\\\/#website\",\"url\":\"https:\\\/\\\/gardenersfriend.eu\\\/da\\\/\",\"name\":\"Gardeners Friend\",\"description\":\"herbicides, fertilisers, roundup\",\"publisher\":{\"@id\":\"https:\\\/\\\/gardenersfriend.eu\\\/da\\\/#organization\"},\"potentialAction\":[{\"@type\":\"SearchAction\",\"target\":{\"@type\":\"EntryPoint\",\"urlTemplate\":\"https:\\\/\\\/gardenersfriend.eu\\\/da\\\/?s={search_term_string}\"},\"query-input\":{\"@type\":\"PropertyValueSpecification\",\"valueRequired\":true,\"valueName\":\"search_term_string\"}}],\"inLanguage\":\"da-DK\"},{\"@type\":\"Organization\",\"@id\":\"https:\\\/\\\/gardenersfriend.eu\\\/da\\\/#organization\",\"name\":\"Gardeners Friend\",\"url\":\"https:\\\/\\\/gardenersfriend.eu\\\/da\\\/\",\"logo\":{\"@type\":\"ImageObject\",\"inLanguage\":\"da-DK\",\"@id\":\"https:\\\/\\\/gardenersfriend.eu\\\/da\\\/#\\\/schema\\\/logo\\\/image\\\/\",\"url\":\"https:\\\/\\\/gardenersfriend.eu\\\/wp-content\\\/uploads\\\/2025\\\/09\\\/gf_accepted_big_logo.png\",\"contentUrl\":\"https:\\\/\\\/gardenersfriend.eu\\\/wp-content\\\/uploads\\\/2025\\\/09\\\/gf_accepted_big_logo.png\",\"width\":2000,\"height\":1000,\"caption\":\"Gardeners Friend\"},\"image\":{\"@id\":\"https:\\\/\\\/gardenersfriend.eu\\\/da\\\/#\\\/schema\\\/logo\\\/image\\\/\"},\"sameAs\":[\"https:\\\/\\\/www.facebook.com\\\/people\\\/Gardeners-Friend-Store\\\/61566268054378\\\/\",\"https:\\\/\\\/www.instagram.com\\\/gardeners_friend_store\\\/\"]}]}<\/script>\n<!-- \/ Yoast SEO plugin. -->","yoast_head_json":{"title":"Efter\u00e5rsg\u00f8dning til gr\u00e6spl\u00e6nen for en sikker vinter - Gardeners Friend","description":"Langtidsvirkende efter\u00e5rsg\u00f8dning til gr\u00e6spl\u00e6nen - Safe Winter er en omfattende st\u00f8tte til din gr\u00e6spl\u00e6ne i l\u00f8bet af efter\u00e5ret og forbereder den p\u00e5 vinterens komme.","robots":{"index":"index","follow":"follow","max-snippet":"max-snippet:-1","max-image-preview":"max-image-preview:large","max-video-preview":"max-video-preview:-1"},"canonical":"https:\/\/gardenersfriend.eu\/da\/vare\/efterarsgodning-til-graesplaenen-for-en-sikker-vinter\/","og_locale":"da_DK","og_type":"article","og_title":"Efter\u00e5rsg\u00f8dning til gr\u00e6spl\u00e6nen for en sikker vinter - Gardeners Friend","og_description":"Langtidsvirkende efter\u00e5rsg\u00f8dning til gr\u00e6spl\u00e6nen - Safe Winter er en omfattende st\u00f8tte til din gr\u00e6spl\u00e6ne i l\u00f8bet af efter\u00e5ret og forbereder den p\u00e5 vinterens komme.","og_url":"https:\/\/gardenersfriend.eu\/da\/vare\/efterarsgodning-til-graesplaenen-for-en-sikker-vinter\/","og_site_name":"Gardeners Friend","article_publisher":"https:\/\/www.facebook.com\/people\/Gardeners-Friend-Store\/61566268054378\/","article_modified_time":"2026-02-19T08:10:22+00:00","og_image":[{"width":1100,"height":1100,"url":"https:\/\/gardenersfriend.eu\/wp-content\/uploads\/2025\/09\/mr_green_grass_1.jpg","type":"image\/jpeg"}],"twitter_card":"summary_large_image","twitter_misc":{"Estimeret l\u00e6setid":"3 minutter"},"schema":{"@context":"https:\/\/schema.org","@graph":[{"@type":"WebPage","@id":"https:\/\/gardenersfriend.eu\/da\/vare\/efterarsgodning-til-graesplaenen-for-en-sikker-vinter\/","url":"https:\/\/gardenersfriend.eu\/da\/vare\/efterarsgodning-til-graesplaenen-for-en-sikker-vinter\/","name":"Efter\u00e5rsg\u00f8dning til gr\u00e6spl\u00e6nen for en sikker vinter - Gardeners Friend","isPartOf":{"@id":"https:\/\/gardenersfriend.eu\/da\/#website"},"primaryImageOfPage":{"@id":"https:\/\/gardenersfriend.eu\/da\/vare\/efterarsgodning-til-graesplaenen-for-en-sikker-vinter\/#primaryimage"},"image":{"@id":"https:\/\/gardenersfriend.eu\/da\/vare\/efterarsgodning-til-graesplaenen-for-en-sikker-vinter\/#primaryimage"},"thumbnailUrl":"https:\/\/gardenersfriend.eu\/wp-content\/uploads\/2025\/09\/mr_green_grass_1.jpg","datePublished":"2025-09-16T10:57:17+00:00","dateModified":"2026-02-19T08:10:22+00:00","description":"Langtidsvirkende efter\u00e5rsg\u00f8dning til gr\u00e6spl\u00e6nen - Safe Winter er en omfattende st\u00f8tte til din gr\u00e6spl\u00e6ne i l\u00f8bet af efter\u00e5ret og forbereder den p\u00e5 vinterens komme.","breadcrumb":{"@id":"https:\/\/gardenersfriend.eu\/da\/vare\/efterarsgodning-til-graesplaenen-for-en-sikker-vinter\/#breadcrumb"},"inLanguage":"da-DK","potentialAction":[{"@type":"ReadAction","target":["https:\/\/gardenersfriend.eu\/da\/vare\/efterarsgodning-til-graesplaenen-for-en-sikker-vinter\/"]}]},{"@type":"ImageObject","inLanguage":"da-DK","@id":"https:\/\/gardenersfriend.eu\/da\/vare\/efterarsgodning-til-graesplaenen-for-en-sikker-vinter\/#primaryimage","url":"https:\/\/gardenersfriend.eu\/wp-content\/uploads\/2025\/09\/mr_green_grass_1.jpg","contentUrl":"https:\/\/gardenersfriend.eu\/wp-content\/uploads\/2025\/09\/mr_green_grass_1.jpg","width":1100,"height":1100,"caption":"Efter\u00e5rsg\u00f8dning til gr\u00e6spl\u00e6nen for en sikker vinter"},{"@type":"BreadcrumbList","@id":"https:\/\/gardenersfriend.eu\/da\/vare\/efterarsgodning-til-graesplaenen-for-en-sikker-vinter\/#breadcrumb","itemListElement":[{"@type":"ListItem","position":1,"name":"Strona g\u0142\u00f3wna","item":"https:\/\/gardenersfriend.eu\/da\/"},{"@type":"ListItem","position":2,"name":"Shop","item":"https:\/\/gardenersfriend.eu\/shop\/"},{"@type":"ListItem","position":3,"name":"Efter\u00e5rsg\u00f8dning til gr\u00e6spl\u00e6nen for en sikker vinter"}]},{"@type":"WebSite","@id":"https:\/\/gardenersfriend.eu\/da\/#website","url":"https:\/\/gardenersfriend.eu\/da\/","name":"Gardeners Friend","description":"herbicides, fertilisers, roundup","publisher":{"@id":"https:\/\/gardenersfriend.eu\/da\/#organization"},"potentialAction":[{"@type":"SearchAction","target":{"@type":"EntryPoint","urlTemplate":"https:\/\/gardenersfriend.eu\/da\/?s={search_term_string}"},"query-input":{"@type":"PropertyValueSpecification","valueRequired":true,"valueName":"search_term_string"}}],"inLanguage":"da-DK"},{"@type":"Organization","@id":"https:\/\/gardenersfriend.eu\/da\/#organization","name":"Gardeners Friend","url":"https:\/\/gardenersfriend.eu\/da\/","logo":{"@type":"ImageObject","inLanguage":"da-DK","@id":"https:\/\/gardenersfriend.eu\/da\/#\/schema\/logo\/image\/","url":"https:\/\/gardenersfriend.eu\/wp-content\/uploads\/2025\/09\/gf_accepted_big_logo.png","contentUrl":"https:\/\/gardenersfriend.eu\/wp-content\/uploads\/2025\/09\/gf_accepted_big_logo.png","width":2000,"height":1000,"caption":"Gardeners Friend"},"image":{"@id":"https:\/\/gardenersfriend.eu\/da\/#\/schema\/logo\/image\/"},"sameAs":["https:\/\/www.facebook.com\/people\/Gardeners-Friend-Store\/61566268054378\/","https:\/\/www.instagram.com\/gardeners_friend_store\/"]}]}},"uagb_featured_image_src":{"full":["https:\/\/gardenersfriend.eu\/wp-content\/uploads\/2025\/09\/mr_green_grass_1.jpg",1100,1100,false],"thumbnail":["https:\/\/gardenersfriend.eu\/wp-content\/uploads\/2025\/09\/mr_green_grass_1-150x150.jpg",150,150,true],"medium":["https:\/\/gardenersfriend.eu\/wp-content\/uploads\/2025\/09\/mr_green_grass_1-300x300.jpg",300,300,true],"medium_large":["https:\/\/gardenersfriend.eu\/wp-content\/uploads\/2025\/09\/mr_green_grass_1-768x768.jpg",768,768,true],"large":["https:\/\/gardenersfriend.eu\/wp-content\/uploads\/2025\/09\/mr_green_grass_1-1024x1024.jpg",1024,1024,true],"1536x1536":["https:\/\/gardenersfriend.eu\/wp-content\/uploads\/2025\/09\/mr_green_grass_1.jpg",1100,1100,false],"2048x2048":["https:\/\/gardenersfriend.eu\/wp-content\/uploads\/2025\/09\/mr_green_grass_1.jpg",1100,1100,false],"woocommerce_thumbnail":["https:\/\/gardenersfriend.eu\/wp-content\/uploads\/2025\/09\/mr_green_grass_1-300x300.jpg",300,300,true],"woocommerce_single":["https:\/\/gardenersfriend.eu\/wp-content\/uploads\/2025\/09\/mr_green_grass_1-600x600.jpg",600,600,true],"woocommerce_gallery_thumbnail":["https:\/\/gardenersfriend.eu\/wp-content\/uploads\/2025\/09\/mr_green_grass_1-100x100.jpg",100,100,true]},"uagb_author_info":{"display_name":"admin","author_link":"https:\/\/gardenersfriend.eu\/da\/author\/"},"uagb_comment_info":0,"uagb_excerpt":"Langtidsvirkende efter\u00e5rsg\u00f8dning til gr\u00e6spl\u00e6nen - Safe Winter - Mr. Green Grass\u00ae er en omfattende st\u00f8tte til din gr\u00e6spl\u00e6ne i l\u00f8bet af efter\u00e5ret og forbereder den p\u00e5 vinterens komme.","jetpack_sharing_enabled":true,"_links":{"self":[{"href":"https:\/\/gardenersfriend.eu\/da\/wp-json\/wp\/v2\/product\/7051","targetHints":{"allow":["GET"]}}],"collection":[{"href":"https:\/\/gardenersfriend.eu\/da\/wp-json\/wp\/v2\/product"}],"about":[{"href":"https:\/\/gardenersfriend.eu\/da\/wp-json\/wp\/v2\/types\/product"}],"replies":[{"embeddable":true,"href":"https:\/\/gardenersfriend.eu\/da\/wp-json\/wp\/v2\/comments?post=7051"}],"wp:featuredmedia":[{"embeddable":true,"href":"https:\/\/gardenersfriend.eu\/da\/wp-json\/wp\/v2\/media\/7029"}],"wp:attachment":[{"href":"https:\/\/gardenersfriend.eu\/da\/wp-json\/wp\/v2\/media?parent=7051"}],"wp:term":[{"taxonomy":"product_brand","embeddable":true,"href":"https:\/\/gardenersfriend.eu\/da\/wp-json\/wp\/v2\/product_brand?post=7051"},{"taxonomy":"product_cat","embeddable":true,"href":"https:\/\/gardenersfriend.eu\/da\/wp-json\/wp\/v2\/product_cat?post=7051"},{"taxonomy":"product_tag","embeddable":true,"href":"https:\/\/gardenersfriend.eu\/da\/wp-json\/wp\/v2\/product_tag?post=7051"}],"curies":[{"name":"wp","href":"https:\/\/api.w.org\/{rel}","templated":true}]}}