{"id":7166,"date":"2025-09-19T22:41:07","date_gmt":"2025-09-19T20:41:07","guid":{"rendered":"https:\/\/gardenersfriend.eu\/?post_type=product&#038;p=7166"},"modified":"2026-03-19T21:18:20","modified_gmt":"2026-03-19T20:18:20","slug":"fantasia-800-ec-ukrudtsmiddel","status":"publish","type":"product","link":"https:\/\/gardenersfriend.eu\/da\/vare\/fantasia-800-ec-ukrudtsmiddel\/","title":{"rendered":"Fantasia 800 EC ukrudtsmiddel"},"content":{"rendered":"<h2 class=\"Polaris-Text--root Polaris-Text--headingLg Polaris-Text--semibold Polaris-Text--base\" tabindex=\"-1\">Fantasia 800 EC<\/h2>\n<p>Fantasia 800 er et selektivt herbicid med systemisk virkning, til anvendelse i jord og blade, i form af et emulgerbart koncentrat (EC). I henhold til HRAC klassificeringen er det aktive stof prosulfocarb klassificeret i gruppe 15 (tidligere gruppe K3\/N). <\/p>\n<h3>Beskrivelse af handling<\/h3>\n<p>Dette herbicid, i form af et vandigt emulsionskoncentrat (EC), anvendes p\u00e5 jord og blade og er beregnet til selektiv bek\u00e6mpelse af visse en- og tokimbladede ukrudtsarter.<\/p>\n<h3>Indsats mod ukrudt<\/h3>\n<p>Produktet optages af ukrudtet inden for 1 time efter p\u00e5f\u00f8ring. Regn efter dette tidspunkt reducerer ikke produktets effektivitet. Den optimale udbringningsperiode er f\u00f8r og kort efter ukrudtets fremkomst, i de tidlige udviklingsstadier.  <\/p>\n<p><strong>Modtageligt ukrudt:<\/strong> alm. kvikgr\u00e6s, purpursolhat, hvidmelet g\u00e5sefod, kornvalmue, vedbend-vejbred, persisk vejbred, skvalderk\u00e5l.<\/p>\n<p><strong>Middelmodtageligt ukrudt:<\/strong> markpileurt, markvalmue, snerle, almindelig kamille, en\u00e5rig rapgr\u00e6s.<\/p>\n<p><strong>Resistent ukrudt:<\/strong> Almindeligt ukrudt<\/p>\n<h3>Fantasia 800 ans\u00f8gning<\/h3>\n<p>Dette produkt er beregnet til brug med selvk\u00f8rende eller traktormonterede markspr\u00f8jter.<\/p>\n<h3>Du finder alle detaljerne i etiketten nedenfor!<\/h3>\n<p>Klik her:<span style=\"color: #f10d0d;\"> <a title=\"Label_Fantasia800_DK\" href=\"https:\/\/gardenersfriend.eu\/wp-content\/uploads\/2026\/02\/Fantasia_800_DA.pdf\">Label_Fantasia800_DK<\/a><\/span><\/p>\n<p>Se vores andre produkter: <a href=\"https:\/\/gardenersfriend.eu\/da\/shop\/\">Alle produkter<\/a><\/p>\n<h5 style=\"color: #bcbcbc;\">Legal Information<\/h5>\n<p style=\"color: #bcbcbc;\">\nHints! Use pesticides carefully. \nBefore use read the label and product information.\nUse by non-professional users permitted.\nException: The buyer from Belgium declares that\nat the time of purchase he has full legal capacity\nand has the appropriate qualifications required from\npersons purchasing plant protection products.\n\nPursuant to Art. 28 of the Act of March 8, 2013 on plant protection products (Journal of Laws 2020, item 2097), from November 26, 2015, plant protection products intended for professional users may be sold to people who:\n\nPoint 1 - have completed training in the use of plant protection products in the Republic of Poland confirmed by a certificate of completion of this training, or\n\nPoint 2 - have completed training in advising on plant protection products in the Republic of Poland confirmed by a certificate of completion of this training, or\n\nPoint 3 - have completed training in integrated crop production confirmed by a certificate of completion of this training, or\n\nPoint 4 - not earlier than 5 years, prior to the purchase of these funds, have completed the training required from professional users in another Member State of the European Union or in a country being a party to the Agreement on the European Economic Area, on the basis of the provisions in force in that country, confirmed by a document of completion of this training, or they have presented another document issued under the regulations in force in that country, confirming that they obtained authorization to purchase plant protection products intended for professional users.\n\nImportent!\n\nOnly people over 18 years of age can use plant protection products.\n\nPlant protection products should be used safely.\n\nBefore each use, read the information provided on the label and product information.\n\n\n<\/p>\n","protected":false},"excerpt":{"rendered":"<p>Fantasia 800 EC Fantasia 800 er et selektivt herbicid med systemisk virkning, til anvendelse i jord og blade, i form af et emulgerbart koncentrat (EC). I henhold til HRAC klassificeringen er det aktive stof prosulfocarb klassificeret i gruppe 15 (tidligere gruppe K3\/N). Beskrivelse af handling Dette herbicid, i form af et vandigt emulsionskoncentrat (EC), anvendes [&hellip;]<\/p>\n","protected":false},"featured_media":7153,"comment_status":"open","ping_status":"closed","template":"","meta":{"_uag_custom_page_level_css":"","site-sidebar-layout":"default","site-content-layout":"","ast-site-content-layout":"default","site-content-style":"default","site-sidebar-style":"default","ast-global-header-display":"","ast-banner-title-visibility":"","ast-main-header-display":"","ast-hfb-above-header-display":"","ast-hfb-below-header-display":"","ast-hfb-mobile-header-display":"","site-post-title":"","ast-breadcrumbs-content":"","ast-featured-img":"","footer-sml-layout":"","ast-disable-related-posts":"","theme-transparent-header-meta":"default","adv-header-id-meta":"","stick-header-meta":"","header-above-stick-meta":"","header-main-stick-meta":"","header-below-stick-meta":"","astra-migrate-meta-layouts":"set","ast-page-background-enabled":"default","ast-page-background-meta":{"desktop":{"background-color":"var(--ast-global-color-4)","background-image":"","background-repeat":"repeat","background-position":"center center","background-size":"auto","background-attachment":"scroll","background-type":"","background-media":"","overlay-type":"","overlay-color":"","overlay-opacity":"","overlay-gradient":""},"tablet":{"background-color":"","background-image":"","background-repeat":"repeat","background-position":"center center","background-size":"auto","background-attachment":"scroll","background-type":"","background-media":"","overlay-type":"","overlay-color":"","overlay-opacity":"","overlay-gradient":""},"mobile":{"background-color":"","background-image":"","background-repeat":"repeat","background-position":"center center","background-size":"auto","background-attachment":"scroll","background-type":"","background-media":"","overlay-type":"","overlay-color":"","overlay-opacity":"","overlay-gradient":""}},"ast-content-background-meta":{"desktop":{"background-color":"var(--ast-global-color-5)","background-image":"","background-repeat":"repeat","background-position":"center center","background-size":"auto","background-attachment":"scroll","background-type":"","background-media":"","overlay-type":"","overlay-color":"","overlay-opacity":"","overlay-gradient":""},"tablet":{"background-color":"var(--ast-global-color-5)","background-image":"","background-repeat":"repeat","background-position":"center center","background-size":"auto","background-attachment":"scroll","background-type":"","background-media":"","overlay-type":"","overlay-color":"","overlay-opacity":"","overlay-gradient":""},"mobile":{"background-color":"var(--ast-global-color-5)","background-image":"","background-repeat":"repeat","background-position":"center center","background-size":"auto","background-attachment":"scroll","background-type":"","background-media":"","overlay-type":"","overlay-color":"","overlay-opacity":"","overlay-gradient":""}}},"product_brand":[],"product_cat":[94,175],"product_tag":[],"class_list":{"0":"post-7166","1":"product","2":"type-product","3":"status-publish","4":"has-post-thumbnail","6":"product_cat-alle-produkter","7":"product_cat-herbicid","8":"product_shipping_class-alle","9":"desktop-align-left","10":"tablet-align-left","11":"mobile-align-left","13":"first","14":"instock","15":"taxable","16":"shipping-taxable","17":"purchasable","18":"product-type-variable","19":"has-default-attributes"},"yoast_head":"<!-- This site is optimized with the Yoast SEO plugin v27.4 - https:\/\/yoast.com\/product\/yoast-seo-wordpress\/ -->\n<title>Fantasia 800 EC ukrudtsmiddel - Gardeners Friend<\/title>\n<meta name=\"description\" content=\"Fantasia 800 EC er et selektivt herbicid med systemisk virkning til jord- og bladudbringning i form af et emulgerbart koncentrat.\" \/>\n<meta name=\"robots\" content=\"index, follow, max-snippet:-1, max-image-preview:large, max-video-preview:-1\" \/>\n<link rel=\"canonical\" href=\"https:\/\/gardenersfriend.eu\/da\/vare\/fantasia-800-ec-ukrudtsmiddel\/\" \/>\n<meta property=\"og:locale\" content=\"da_DK\" \/>\n<meta property=\"og:type\" content=\"article\" \/>\n<meta property=\"og:title\" content=\"Fantasia 800 EC ukrudtsmiddel - Gardeners Friend\" \/>\n<meta property=\"og:description\" content=\"Fantasia 800 EC er et selektivt herbicid med systemisk virkning til jord- og bladudbringning i form af et emulgerbart koncentrat.\" \/>\n<meta property=\"og:url\" content=\"https:\/\/gardenersfriend.eu\/da\/vare\/fantasia-800-ec-ukrudtsmiddel\/\" \/>\n<meta property=\"og:site_name\" content=\"Gardeners Friend\" \/>\n<meta property=\"article:publisher\" content=\"https:\/\/www.facebook.com\/people\/Gardeners-Friend-Store\/61566268054378\/\" \/>\n<meta property=\"article:modified_time\" content=\"2026-03-19T20:18:20+00:00\" \/>\n<meta property=\"og:image\" content=\"https:\/\/gardenersfriend.eu\/wp-content\/uploads\/2025\/09\/fantasia800ec-1l.jpg\" \/>\n\t<meta property=\"og:image:width\" content=\"482\" \/>\n\t<meta property=\"og:image:height\" content=\"482\" \/>\n\t<meta property=\"og:image:type\" content=\"image\/jpeg\" \/>\n<meta name=\"twitter:card\" content=\"summary_large_image\" \/>\n<meta name=\"twitter:label1\" content=\"Estimeret l\u00e6setid\" \/>\n\t<meta name=\"twitter:data1\" content=\"1 minut\" \/>\n<script type=\"application\/ld+json\" class=\"yoast-schema-graph\">{\"@context\":\"https:\\\/\\\/schema.org\",\"@graph\":[{\"@type\":\"WebPage\",\"@id\":\"https:\\\/\\\/gardenersfriend.eu\\\/da\\\/vare\\\/fantasia-800-ec-ukrudtsmiddel\\\/\",\"url\":\"https:\\\/\\\/gardenersfriend.eu\\\/da\\\/vare\\\/fantasia-800-ec-ukrudtsmiddel\\\/\",\"name\":\"Fantasia 800 EC ukrudtsmiddel - Gardeners Friend\",\"isPartOf\":{\"@id\":\"https:\\\/\\\/gardenersfriend.eu\\\/da\\\/#website\"},\"primaryImageOfPage\":{\"@id\":\"https:\\\/\\\/gardenersfriend.eu\\\/da\\\/vare\\\/fantasia-800-ec-ukrudtsmiddel\\\/#primaryimage\"},\"image\":{\"@id\":\"https:\\\/\\\/gardenersfriend.eu\\\/da\\\/vare\\\/fantasia-800-ec-ukrudtsmiddel\\\/#primaryimage\"},\"thumbnailUrl\":\"https:\\\/\\\/gardenersfriend.eu\\\/wp-content\\\/uploads\\\/2025\\\/09\\\/fantasia800ec-1l.jpg\",\"datePublished\":\"2025-09-19T20:41:07+00:00\",\"dateModified\":\"2026-03-19T20:18:20+00:00\",\"description\":\"Fantasia 800 EC er et selektivt herbicid med systemisk virkning til jord- og bladudbringning i form af et emulgerbart koncentrat.\",\"breadcrumb\":{\"@id\":\"https:\\\/\\\/gardenersfriend.eu\\\/da\\\/vare\\\/fantasia-800-ec-ukrudtsmiddel\\\/#breadcrumb\"},\"inLanguage\":\"da-DK\",\"potentialAction\":[{\"@type\":\"ReadAction\",\"target\":[\"https:\\\/\\\/gardenersfriend.eu\\\/da\\\/vare\\\/fantasia-800-ec-ukrudtsmiddel\\\/\"]}]},{\"@type\":\"ImageObject\",\"inLanguage\":\"da-DK\",\"@id\":\"https:\\\/\\\/gardenersfriend.eu\\\/da\\\/vare\\\/fantasia-800-ec-ukrudtsmiddel\\\/#primaryimage\",\"url\":\"https:\\\/\\\/gardenersfriend.eu\\\/wp-content\\\/uploads\\\/2025\\\/09\\\/fantasia800ec-1l.jpg\",\"contentUrl\":\"https:\\\/\\\/gardenersfriend.eu\\\/wp-content\\\/uploads\\\/2025\\\/09\\\/fantasia800ec-1l.jpg\",\"width\":482,\"height\":482,\"caption\":\"Fantasia 800 1L Gardeners Friend\"},{\"@type\":\"BreadcrumbList\",\"@id\":\"https:\\\/\\\/gardenersfriend.eu\\\/da\\\/vare\\\/fantasia-800-ec-ukrudtsmiddel\\\/#breadcrumb\",\"itemListElement\":[{\"@type\":\"ListItem\",\"position\":1,\"name\":\"Strona g\u0142\u00f3wna\",\"item\":\"https:\\\/\\\/gardenersfriend.eu\\\/da\\\/\"},{\"@type\":\"ListItem\",\"position\":2,\"name\":\"Shop\",\"item\":\"https:\\\/\\\/gardenersfriend.eu\\\/shop\\\/\"},{\"@type\":\"ListItem\",\"position\":3,\"name\":\"Fantasia 800 EC ukrudtsmiddel\"}]},{\"@type\":\"WebSite\",\"@id\":\"https:\\\/\\\/gardenersfriend.eu\\\/da\\\/#website\",\"url\":\"https:\\\/\\\/gardenersfriend.eu\\\/da\\\/\",\"name\":\"Gardeners Friend\",\"description\":\"herbicides, fertilisers, roundup\",\"publisher\":{\"@id\":\"https:\\\/\\\/gardenersfriend.eu\\\/da\\\/#organization\"},\"potentialAction\":[{\"@type\":\"SearchAction\",\"target\":{\"@type\":\"EntryPoint\",\"urlTemplate\":\"https:\\\/\\\/gardenersfriend.eu\\\/da\\\/?s={search_term_string}\"},\"query-input\":{\"@type\":\"PropertyValueSpecification\",\"valueRequired\":true,\"valueName\":\"search_term_string\"}}],\"inLanguage\":\"da-DK\"},{\"@type\":\"Organization\",\"@id\":\"https:\\\/\\\/gardenersfriend.eu\\\/da\\\/#organization\",\"name\":\"Gardeners Friend\",\"url\":\"https:\\\/\\\/gardenersfriend.eu\\\/da\\\/\",\"logo\":{\"@type\":\"ImageObject\",\"inLanguage\":\"da-DK\",\"@id\":\"https:\\\/\\\/gardenersfriend.eu\\\/da\\\/#\\\/schema\\\/logo\\\/image\\\/\",\"url\":\"https:\\\/\\\/gardenersfriend.eu\\\/wp-content\\\/uploads\\\/2025\\\/09\\\/gf_accepted_big_logo.png\",\"contentUrl\":\"https:\\\/\\\/gardenersfriend.eu\\\/wp-content\\\/uploads\\\/2025\\\/09\\\/gf_accepted_big_logo.png\",\"width\":2000,\"height\":1000,\"caption\":\"Gardeners Friend\"},\"image\":{\"@id\":\"https:\\\/\\\/gardenersfriend.eu\\\/da\\\/#\\\/schema\\\/logo\\\/image\\\/\"},\"sameAs\":[\"https:\\\/\\\/www.facebook.com\\\/people\\\/Gardeners-Friend-Store\\\/61566268054378\\\/\",\"https:\\\/\\\/www.instagram.com\\\/gardeners_friend_store\\\/\"]}]}<\/script>\n<!-- \/ Yoast SEO plugin. -->","yoast_head_json":{"title":"Fantasia 800 EC ukrudtsmiddel - Gardeners Friend","description":"Fantasia 800 EC er et selektivt herbicid med systemisk virkning til jord- og bladudbringning i form af et emulgerbart koncentrat.","robots":{"index":"index","follow":"follow","max-snippet":"max-snippet:-1","max-image-preview":"max-image-preview:large","max-video-preview":"max-video-preview:-1"},"canonical":"https:\/\/gardenersfriend.eu\/da\/vare\/fantasia-800-ec-ukrudtsmiddel\/","og_locale":"da_DK","og_type":"article","og_title":"Fantasia 800 EC ukrudtsmiddel - Gardeners Friend","og_description":"Fantasia 800 EC er et selektivt herbicid med systemisk virkning til jord- og bladudbringning i form af et emulgerbart koncentrat.","og_url":"https:\/\/gardenersfriend.eu\/da\/vare\/fantasia-800-ec-ukrudtsmiddel\/","og_site_name":"Gardeners Friend","article_publisher":"https:\/\/www.facebook.com\/people\/Gardeners-Friend-Store\/61566268054378\/","article_modified_time":"2026-03-19T20:18:20+00:00","og_image":[{"width":482,"height":482,"url":"https:\/\/gardenersfriend.eu\/wp-content\/uploads\/2025\/09\/fantasia800ec-1l.jpg","type":"image\/jpeg"}],"twitter_card":"summary_large_image","twitter_misc":{"Estimeret l\u00e6setid":"1 minut"},"schema":{"@context":"https:\/\/schema.org","@graph":[{"@type":"WebPage","@id":"https:\/\/gardenersfriend.eu\/da\/vare\/fantasia-800-ec-ukrudtsmiddel\/","url":"https:\/\/gardenersfriend.eu\/da\/vare\/fantasia-800-ec-ukrudtsmiddel\/","name":"Fantasia 800 EC ukrudtsmiddel - Gardeners Friend","isPartOf":{"@id":"https:\/\/gardenersfriend.eu\/da\/#website"},"primaryImageOfPage":{"@id":"https:\/\/gardenersfriend.eu\/da\/vare\/fantasia-800-ec-ukrudtsmiddel\/#primaryimage"},"image":{"@id":"https:\/\/gardenersfriend.eu\/da\/vare\/fantasia-800-ec-ukrudtsmiddel\/#primaryimage"},"thumbnailUrl":"https:\/\/gardenersfriend.eu\/wp-content\/uploads\/2025\/09\/fantasia800ec-1l.jpg","datePublished":"2025-09-19T20:41:07+00:00","dateModified":"2026-03-19T20:18:20+00:00","description":"Fantasia 800 EC er et selektivt herbicid med systemisk virkning til jord- og bladudbringning i form af et emulgerbart koncentrat.","breadcrumb":{"@id":"https:\/\/gardenersfriend.eu\/da\/vare\/fantasia-800-ec-ukrudtsmiddel\/#breadcrumb"},"inLanguage":"da-DK","potentialAction":[{"@type":"ReadAction","target":["https:\/\/gardenersfriend.eu\/da\/vare\/fantasia-800-ec-ukrudtsmiddel\/"]}]},{"@type":"ImageObject","inLanguage":"da-DK","@id":"https:\/\/gardenersfriend.eu\/da\/vare\/fantasia-800-ec-ukrudtsmiddel\/#primaryimage","url":"https:\/\/gardenersfriend.eu\/wp-content\/uploads\/2025\/09\/fantasia800ec-1l.jpg","contentUrl":"https:\/\/gardenersfriend.eu\/wp-content\/uploads\/2025\/09\/fantasia800ec-1l.jpg","width":482,"height":482,"caption":"Fantasia 800 1L Gardeners Friend"},{"@type":"BreadcrumbList","@id":"https:\/\/gardenersfriend.eu\/da\/vare\/fantasia-800-ec-ukrudtsmiddel\/#breadcrumb","itemListElement":[{"@type":"ListItem","position":1,"name":"Strona g\u0142\u00f3wna","item":"https:\/\/gardenersfriend.eu\/da\/"},{"@type":"ListItem","position":2,"name":"Shop","item":"https:\/\/gardenersfriend.eu\/shop\/"},{"@type":"ListItem","position":3,"name":"Fantasia 800 EC ukrudtsmiddel"}]},{"@type":"WebSite","@id":"https:\/\/gardenersfriend.eu\/da\/#website","url":"https:\/\/gardenersfriend.eu\/da\/","name":"Gardeners Friend","description":"herbicides, fertilisers, roundup","publisher":{"@id":"https:\/\/gardenersfriend.eu\/da\/#organization"},"potentialAction":[{"@type":"SearchAction","target":{"@type":"EntryPoint","urlTemplate":"https:\/\/gardenersfriend.eu\/da\/?s={search_term_string}"},"query-input":{"@type":"PropertyValueSpecification","valueRequired":true,"valueName":"search_term_string"}}],"inLanguage":"da-DK"},{"@type":"Organization","@id":"https:\/\/gardenersfriend.eu\/da\/#organization","name":"Gardeners Friend","url":"https:\/\/gardenersfriend.eu\/da\/","logo":{"@type":"ImageObject","inLanguage":"da-DK","@id":"https:\/\/gardenersfriend.eu\/da\/#\/schema\/logo\/image\/","url":"https:\/\/gardenersfriend.eu\/wp-content\/uploads\/2025\/09\/gf_accepted_big_logo.png","contentUrl":"https:\/\/gardenersfriend.eu\/wp-content\/uploads\/2025\/09\/gf_accepted_big_logo.png","width":2000,"height":1000,"caption":"Gardeners Friend"},"image":{"@id":"https:\/\/gardenersfriend.eu\/da\/#\/schema\/logo\/image\/"},"sameAs":["https:\/\/www.facebook.com\/people\/Gardeners-Friend-Store\/61566268054378\/","https:\/\/www.instagram.com\/gardeners_friend_store\/"]}]}},"uagb_featured_image_src":{"full":["https:\/\/gardenersfriend.eu\/wp-content\/uploads\/2025\/09\/fantasia800ec-1l.jpg",482,482,false],"thumbnail":["https:\/\/gardenersfriend.eu\/wp-content\/uploads\/2025\/09\/fantasia800ec-1l-150x150.jpg",150,150,true],"medium":["https:\/\/gardenersfriend.eu\/wp-content\/uploads\/2025\/09\/fantasia800ec-1l-300x300.jpg",300,300,true],"medium_large":["https:\/\/gardenersfriend.eu\/wp-content\/uploads\/2025\/09\/fantasia800ec-1l.jpg",482,482,false],"large":["https:\/\/gardenersfriend.eu\/wp-content\/uploads\/2025\/09\/fantasia800ec-1l.jpg",482,482,false],"1536x1536":["https:\/\/gardenersfriend.eu\/wp-content\/uploads\/2025\/09\/fantasia800ec-1l.jpg",482,482,false],"2048x2048":["https:\/\/gardenersfriend.eu\/wp-content\/uploads\/2025\/09\/fantasia800ec-1l.jpg",482,482,false],"woocommerce_thumbnail":["https:\/\/gardenersfriend.eu\/wp-content\/uploads\/2025\/09\/fantasia800ec-1l-300x300.jpg",300,300,true],"woocommerce_single":["https:\/\/gardenersfriend.eu\/wp-content\/uploads\/2025\/09\/fantasia800ec-1l.jpg",482,482,false],"woocommerce_gallery_thumbnail":["https:\/\/gardenersfriend.eu\/wp-content\/uploads\/2025\/09\/fantasia800ec-1l-100x100.jpg",100,100,true]},"uagb_author_info":{"display_name":"admin","author_link":"https:\/\/gardenersfriend.eu\/da\/author\/"},"uagb_comment_info":0,"uagb_excerpt":"Fantasia 800 EC Fantasia 800 er et selektivt herbicid med systemisk virkning, til anvendelse i jord og blade, i form af et emulgerbart koncentrat (EC). I henhold til HRAC klassificeringen er det aktive stof prosulfocarb klassificeret i gruppe 15 (tidligere gruppe K3\/N). Beskrivelse af handling Dette herbicid, i form af et vandigt emulsionskoncentrat (EC), anvendes&hellip;","jetpack_sharing_enabled":true,"_links":{"self":[{"href":"https:\/\/gardenersfriend.eu\/da\/wp-json\/wp\/v2\/product\/7166","targetHints":{"allow":["GET"]}}],"collection":[{"href":"https:\/\/gardenersfriend.eu\/da\/wp-json\/wp\/v2\/product"}],"about":[{"href":"https:\/\/gardenersfriend.eu\/da\/wp-json\/wp\/v2\/types\/product"}],"replies":[{"embeddable":true,"href":"https:\/\/gardenersfriend.eu\/da\/wp-json\/wp\/v2\/comments?post=7166"}],"wp:featuredmedia":[{"embeddable":true,"href":"https:\/\/gardenersfriend.eu\/da\/wp-json\/wp\/v2\/media\/7153"}],"wp:attachment":[{"href":"https:\/\/gardenersfriend.eu\/da\/wp-json\/wp\/v2\/media?parent=7166"}],"wp:term":[{"taxonomy":"product_brand","embeddable":true,"href":"https:\/\/gardenersfriend.eu\/da\/wp-json\/wp\/v2\/product_brand?post=7166"},{"taxonomy":"product_cat","embeddable":true,"href":"https:\/\/gardenersfriend.eu\/da\/wp-json\/wp\/v2\/product_cat?post=7166"},{"taxonomy":"product_tag","embeddable":true,"href":"https:\/\/gardenersfriend.eu\/da\/wp-json\/wp\/v2\/product_tag?post=7166"}],"curies":[{"name":"wp","href":"https:\/\/api.w.org\/{rel}","templated":true}]}}