{"id":7264,"date":"2025-09-18T00:09:21","date_gmt":"2025-09-17T22:09:21","guid":{"rendered":"https:\/\/gardenersfriend.eu\/product\/karate-zeon-050-cs-insektmiddel\/"},"modified":"2026-04-23T15:17:45","modified_gmt":"2026-04-23T13:17:45","slug":"karate-zeon-050-cs-insektmiddel","status":"publish","type":"product","link":"https:\/\/gardenersfriend.eu\/da\/vare\/karate-zeon-050-cs-insektmiddel\/","title":{"rendered":"Karate Zeon 050 CS Insektmiddel"},"content":{"rendered":"<h2>Karate Zeon 050 CS<\/h2>\n<p>Karate Zeon 050 CS er et insekticid i form af en kapsel-i-v\u00e6skesuspension (CS), der bruges til at beskytte landbrugs-, frugtplantage- og gr\u00f8ntsagsafgr\u00f8der mod bidende og sugende skadedyr. Midlet har kontakt- og mavevirkning og bek\u00e6mper effektivt skadedyr som larver og biller af Colorado-kartoffelbillen, bladlus, snudebiller, pollenbiller og andre. Det er beregnet til brug p\u00e5 kartofler, vinterraps, vinterhvede, v\u00e5rbyg, majs, l\u00f8g, k\u00e5l, aronia, humle, h\u00f8r og hamp. Den aktive ingrediens er lambda-cyhalothrin (50 g\/l). Karate Zeon anvendes med mark-, frugtplantage- eller h\u00e5ndspr\u00f8jter. Ventetiden varierer fra 7 til 28 dage, afh\u00e6ngigt af afgr\u00f8den.     <\/p>\n<h3><\/h3>\n<h3>Produktbeskrivelse og specifikationer<\/h3>\n<p>&nbsp;<\/p>\n<h4>Karate Zeon 050 CS &#8211; Insekticid til landbrugs-, frugt- og gr\u00f8ntsagsplanter<br \/>\nHvad er fordelene ved at bruge Karate Zeon 050 CS insekticid?<\/h4>\n<p>&#x2714;&#xfe0f; Til bek\u00e6mpelse af bidende og sugende skadedyr.<br \/>\n&#x2714;&#xfe0f; Det har et bredt virkningsspektrum, b\u00e5de p\u00e5 afgr\u00f8der og p\u00e5 de m\u00e5lrettede insekter.<br \/>\n&#x2714;&#xfe0f; Det udviser kontakt- og mavevirkning.<br \/>\n&#x2714;&#xfe0f; Eliminerer effektivt u\u00f8nskede insekter.<\/p>\n<p><strong>Karate Zeon CS<\/strong> er et plantebeskyttelsesmiddel fra insekticidgruppen. Det kommer i form af en suspension af kapsler i en vandopl\u00f8selig v\u00e6ske (CS). <\/p>\n<p>Karate Zeon er udviklet til at bek\u00e6mpe bidende og sugende skadedyr i kartofler, vinterraps, vinterhvede, v\u00e5rbyg, majs, sukkermajs, sukkerroer, l\u00f8g, k\u00e5l, aronia, humle, h\u00f8r (en afgr\u00f8de, der udelukkende er beregnet til tekstilindustrien) og hamp (en afgr\u00f8de, der udelukkende er beregnet til tekstilindustrien).<\/p>\n<p>Karate Zeon insekticid er beregnet til brug med selvk\u00f8rende eller traktormonterede markspr\u00f8jter, selvk\u00f8rende eller traktormonterede frugtplantespr\u00f8jter eller h\u00e5ndholdte spr\u00f8jter.<\/p>\n<h4>Hvad er indholdet af aktive stoffer i Karate Zeon insekticid?<\/h4>\n<p>&#x2714;&#xfe0f; Lambda-cyhalothrin (en forbindelse fra pyrethroid-gruppen) &#8211; 50 g\/l (4,81 %)<\/p>\n<h4>Hvordan virker plantebeskyttelsesmidlet Karate Zeon 050 CS?<\/h4>\n<p>Det udviser kontakt- og mavevirkning. Det virker p\u00e5 plantens overflade. <\/p>\n<h4>P\u00e5 hvilke afgr\u00f8der kan Karate Zeon insekticid bruges?<\/h4>\n<p>&#x2714;&#xfe0f;potatoes<\/p>\n<p>&#x2714;&#xfe0f;winter rapsfr\u00f8<\/p>\n<p>&#x2714;&#xfe0f;winter rapsfr\u00f8<\/p>\n<p>&#x2714;&#xfe0f;winter hvede<\/p>\n<p>&#x2714;&#xfe0f;spring byg<\/p>\n<p>&#x2714;&#xfe0f;corn<\/p>\n<p>&#x2714;&#xfe0f;sweet majs<\/p>\n<p>&#x2714;&#xfe0f;sugar roer<\/p>\n<p>&#x2714;&#xfe0f;onions<\/p>\n<p>&#x2714;&#xfe0f;head k\u00e5l<\/p>\n<p>&#x2714;&#xfe0f;chokeberry<\/p>\n<p>&#x2714;&#xfe0f;hops<\/p>\n<p>&#x2714;&#xfe0f;common h\u00f8r (dyrkes udelukkende til tekstilindustrien)<\/p>\n<p>&#x2714;&#xfe0f;hemp (dyrkes udelukkende til tekstilindustrien)<\/p>\n<h4><\/h4>\n<h4>Hvilke insekter bek\u00e6mper Karate Zeon?<\/h4>\n<p>&#x2714;&#xfe0f;Colorado kartoffelbillelarver og -biller<\/p>\n<p>&#x2714;&#xfe0f;Aphids<\/p>\n<p>&#x2714;&#xfe0f;Weevils &#8211; roebille<\/p>\n<p>&#x2714;&#xfe0f;lily snudebille<\/p>\n<p>&#x2714;&#xfe0f;Rapeseed pollenbille<\/p>\n<p>&#x2714;&#xfe0f;Cabbage myg<\/p>\n<p>&#x2714;&#xfe0f;Flea biller: l\u00f8bebiller, rapsjordlopper, humlejordlopper, h\u00f8rjordlopper<\/p>\n<p>&#x2714;&#xfe0f;flax langfodet bille<\/p>\n<p>&#x2714;&#xfe0f;Rapeseed skurvbille<\/p>\n<p>&#x2714;&#xfe0f;Equestrian biller<\/p>\n<p>&#x2714;&#xfe0f;European majsborer<\/p>\n<p>&#x2714;&#xfe0f;rowan boremaskine<\/p>\n<p>&#x2714;&#xfe0f;Gray bille<\/p>\n<p>&#x2714;&#xfe0f;Onion rodorm<\/p>\n<p>&#x2714;&#xfe0f;cabbage rodorm<\/p>\n<p>&#x2714;&#xfe0f;Cabbage hvide billelarver<\/p>\n<p>&#x2714;&#xfe0f; majroebille<\/p>\n<p>&#x2714;&#xfe0f;diamondback m\u00f8l<\/p>\n<p>&#x2714;&#xfe0f;Rose bladrulle<\/p>\n<p>&#x2714;&#xfe0f; liljebladsrulle<\/p>\n<p>&#x2714;&#xfe0f;Thrips &#8211; h\u00f8r-trips, k\u00e5lrabi-trips, tobaks-trips.<\/p>\n<h4>Hvordan bruges Karate Zeon 050 CS insekticid?<\/h4>\n<p>Detaljerede oplysninger om dosering og brug af plantebeskyttelsesmidlet Karate Zeon 050 CS kan findes i afsnittet &#8220;Dosering&#8221; og p\u00e5 etiketten til plantebeskyttelsesmidlet, der er vedlagt i de filer, der kan downloades.<\/p>\n<h4>Hvad er forebyggelses- og venteperioden, n\u00e5r man bruger Karate Zeon 050 CS-beskyttelsesproduktet?<\/h4>\n<p>I forebyggelsesperioden, dvs. fra udbringning af midlet til den dag, hvor mennesker og dyr m\u00e5 komme ind i det omr\u00e5de, hvor midlet blev udbragt, m\u00e5 man ikke komme ind, f\u00f8r v\u00e6sken er t\u00f8rret helt ind p\u00e5 planteoverfladen.<\/p>\n<p>Ventetiden, dvs. perioden fra den sidste udbringning af midlet til den dag, hvor afgr\u00f8den h\u00f8stes:<\/p>\n<p>&#8211; Vinterraps, vinterhvede, v\u00e5rbyg &#8211; 28 dage,<br \/>\n&#8211; Humle, sukkerroer &#8211; 14 dage,<br \/>\n&#8211; Kartofler, majs, sukkermajs, aronia, \u00e6bletr\u00e6er, l\u00f8g, k\u00e5l &#8211; 7 dage,<br \/>\n&#8211; H\u00f8r og hamp &#8211; ikke relevant (afgr\u00f8der, der udelukkende er beregnet til tekstilindustrien).<\/p>\n<p>Fortrydelsesfristen for foder g\u00e6lder ikke for Karate Zeon 050 CS.<\/p>\n<h4>Hvad er effekten p\u00e5 planter, n\u00e5r man bruger Karate Zeon insektmiddel?<\/h4>\n<p>I tilf\u00e6lde af tidlig afvikling af plantagen kan efterf\u00f8lgende afgr\u00f8der s\u00e5s eller plantes 30 dage efter den sidste behandling med Karate Zeon 050 CS.<\/p>\n<h4>Hvad er anbefalingerne for brug af arbejdsv\u00e6ske med Karate Zeon 050 CS?<\/h4>\n<p>&#x2714;&#xfe0f; Produktet er mere effektivt ved temperaturer under 20\u00b0C. Ved h\u00f8jere temperaturer skal produktet p\u00e5f\u00f8res sidst p\u00e5 dagen. <\/p>\n<p>&#x2714;&#xfe0f; Ved spr\u00f8jtning af planter (f.eks. k\u00e5l, l\u00f8g) eller skadedyr (f.eks. k\u00e5lbladlus), der er d\u00e6kket af en voksagtig bel\u00e6gning, skal der tils\u00e6ttes et befugtningsmiddel til spr\u00f8jteopl\u00f8sningen.<\/p>\n<p>&#x2714;&#xfe0f; Ved anvendelse af produktet mod skadedyr (is\u00e6r sugende skadedyr) skal spr\u00f8jteopl\u00f8sningen p\u00e5f\u00f8res grundigt for at sikre, at alle plantedele er d\u00e6kket af spr\u00f8jteopl\u00f8sningen.<\/p>\n<p>&#x2714;&#xfe0f; N\u00e5r du anvender produktet, skal du undg\u00e5:<br \/>\n&#8211; afdrift af spr\u00f8jteopl\u00f8sningen til tilst\u00f8dende afgr\u00f8der,<br \/>\n&#8211; overlapning af spr\u00f8jteopl\u00f8sningen ved krydsninger af behandlingsstriber og foragre.<\/p>\n<p><strong>For mere information henvises til den label, der er vedh\u00e6ftet downloadfilerne: <a title=\"Label Karate Zeon 050 CS\" href=\"https:\/\/gardenersfriend.eu\/wp-content\/uploads\/2026\/02\/label_karate_zeon_DK.pdf\">Label_Karate_Zeon_050_CS_DK<\/a><\/strong><\/p>\n<p><strong>Se flere af vores produkter: <a title=\"Gartnernes ven Alle produkter\" href=\"https:\/\/gardenersfriend.eu\/da\/shop\/\">Alle produkter<\/a><\/strong><\/p>\n\n<h5>Juridiske oplysninger<\/h5>\n<p>\nTips! Brug pesticider forsigtigt. L\u00e6s etiketten og produktinformationen f\u00f8r brug. Tilladt for ikke-professionelle brugere. Undtagelse: K\u00f8ber fra Belgien erkl\u00e6rer, at han\np\u00e5 k\u00f8bstidspunktet har fuld retsevne\nog har de relevante kvalifikationer, der kr\u00e6ves af\npersoner, der k\u00f8ber plantebeskyttelsesmidler.\n\nI henhold til art. 28 i lov af 8. marts 2013 om plantebeskyttelsesmidler (Journal of Laws 2020, item 2097), fra 26. november 2015 m\u00e5 plantebeskyttelsesmidler beregnet til professionelle brugere s\u00e6lges til personer, der:\n\nPunkt 1 - har gennemf\u00f8rt uddannelse i brugen af \u200b\u200bplantebeskyttelsesmidler i Republikken Polen bekr\u00e6ftet af et certifikat for gennemf\u00f8relse af denne uddannelse, eller\n\nPunkt 2 - har gennemf\u00f8rt uddannelse i r\u00e5dgivning om plantebeskyttelsesmidler i Republikken Polen bekr\u00e6ftet af et certifikat for gennemf\u00f8relse af denne uddannelse, eller\n\nPunkt 3 - har gennemf\u00f8rt uddannelse i integreret planteproduktion bekr\u00e6ftet af et certifikat for gennemf\u00f8relse af denne uddannelse, eller\n\nPunkt 4 - tidligst 5 \u00e5r f\u00f8r k\u00f8b af disse midler har gennemf\u00f8rt den uddannelse, der kr\u00e6ves af professionelle brugere i en anden EU-medlemsstat eller i et land, der er part i aftalen om Det Europ\u00e6iske \u00d8konomiske Samarbejdsomr\u00e5de, p\u00e5 grundlag af de g\u00e6ldende bestemmelser i det p\u00e5g\u00e6ldende land, bekr\u00e6ftet af et dokument for gennemf\u00f8relse af denne uddannelse, eller de har fremlagt et andet dokument udstedt i henhold til de g\u00e6ldende regler i det p\u00e5g\u00e6ldende land, der bekr\u00e6fter at de har f\u00e5et tilladelse til at k\u00f8be plantebeskyttelsesmidler beregnet til professionelle brugere.\n\nVigtigt!\nKun personer over 18 \u00e5r m\u00e5 bruge plantebeskyttelsesmidler.\nPlantebeskyttelsesmidler skal anvendes sikkert.\nL\u00e6s oplysningerne p\u00e5 etiketten og produktinformationen f\u00f8r hver brug.\n<\/p>\n","protected":false},"excerpt":{"rendered":"<p>Karate Zeon er et insekticid i form af en flydende suspension, der bruges til at beskytte landbrugs-, frugt- og gr\u00f8ntsagsplanter mod bidende og sugende skadedyr.<\/p>\n","protected":false},"featured_media":7217,"comment_status":"open","ping_status":"closed","template":"","meta":{"_uag_custom_page_level_css":"","site-sidebar-layout":"default","site-content-layout":"","ast-site-content-layout":"default","site-content-style":"default","site-sidebar-style":"default","ast-global-header-display":"","ast-banner-title-visibility":"","ast-main-header-display":"","ast-hfb-above-header-display":"","ast-hfb-below-header-display":"","ast-hfb-mobile-header-display":"","site-post-title":"","ast-breadcrumbs-content":"","ast-featured-img":"","footer-sml-layout":"","ast-disable-related-posts":"","theme-transparent-header-meta":"default","adv-header-id-meta":"","stick-header-meta":"","header-above-stick-meta":"","header-main-stick-meta":"","header-below-stick-meta":"","astra-migrate-meta-layouts":"default","ast-page-background-enabled":"default","ast-page-background-meta":{"desktop":{"background-color":"var(--ast-global-color-4)","background-image":"","background-repeat":"repeat","background-position":"center center","background-size":"auto","background-attachment":"scroll","background-type":"","background-media":"","overlay-type":"","overlay-color":"","overlay-opacity":"","overlay-gradient":""},"tablet":{"background-color":"","background-image":"","background-repeat":"repeat","background-position":"center center","background-size":"auto","background-attachment":"scroll","background-type":"","background-media":"","overlay-type":"","overlay-color":"","overlay-opacity":"","overlay-gradient":""},"mobile":{"background-color":"","background-image":"","background-repeat":"repeat","background-position":"center center","background-size":"auto","background-attachment":"scroll","background-type":"","background-media":"","overlay-type":"","overlay-color":"","overlay-opacity":"","overlay-gradient":""}},"ast-content-background-meta":{"desktop":{"background-color":"var(--ast-global-color-5)","background-image":"","background-repeat":"repeat","background-position":"center center","background-size":"auto","background-attachment":"scroll","background-type":"","background-media":"","overlay-type":"","overlay-color":"","overlay-opacity":"","overlay-gradient":""},"tablet":{"background-color":"var(--ast-global-color-5)","background-image":"","background-repeat":"repeat","background-position":"center center","background-size":"auto","background-attachment":"scroll","background-type":"","background-media":"","overlay-type":"","overlay-color":"","overlay-opacity":"","overlay-gradient":""},"mobile":{"background-color":"var(--ast-global-color-5)","background-image":"","background-repeat":"repeat","background-position":"center center","background-size":"auto","background-attachment":"scroll","background-type":"","background-media":"","overlay-type":"","overlay-color":"","overlay-opacity":"","overlay-gradient":""}}},"product_brand":[],"product_cat":[180],"product_tag":[],"class_list":{"0":"post-7264","1":"product","2":"type-product","3":"status-publish","4":"has-post-thumbnail","6":"product_cat-insecticide","7":"product_shipping_class-all","8":"desktop-align-left","9":"tablet-align-left","10":"mobile-align-left","12":"first","13":"instock","14":"taxable","15":"shipping-taxable","16":"purchasable","17":"product-type-variable","18":"has-default-attributes"},"yoast_head":"<!-- This site is optimized with the Yoast SEO plugin v27.4 - https:\/\/yoast.com\/product\/yoast-seo-wordpress\/ -->\n<title>Karate Zeon 050 CS Insektmiddel - Gardeners Friend<\/title>\n<meta name=\"description\" content=\"Karate Zeon er et insekticid i form af en flydende suspension, der bruges til at beskytte landbrugs-, frugt- og gr\u00f8ntsagsplanter mod bidende og sugende skadedyr.\" \/>\n<meta name=\"robots\" content=\"index, follow, max-snippet:-1, max-image-preview:large, max-video-preview:-1\" \/>\n<link rel=\"canonical\" href=\"https:\/\/gardenersfriend.eu\/da\/vare\/karate-zeon-050-cs-insektmiddel\/\" \/>\n<meta property=\"og:locale\" content=\"da_DK\" \/>\n<meta property=\"og:type\" content=\"article\" \/>\n<meta property=\"og:title\" content=\"Karate Zeon 050 CS Insektmiddel - Gardeners Friend\" \/>\n<meta property=\"og:description\" content=\"Karate Zeon er et insekticid i form af en flydende suspension, der bruges til at beskytte landbrugs-, frugt- og gr\u00f8ntsagsplanter mod bidende og sugende skadedyr.\" \/>\n<meta property=\"og:url\" content=\"https:\/\/gardenersfriend.eu\/da\/vare\/karate-zeon-050-cs-insektmiddel\/\" \/>\n<meta property=\"og:site_name\" content=\"Gardeners Friend\" \/>\n<meta property=\"article:publisher\" content=\"https:\/\/www.facebook.com\/people\/Gardeners-Friend-Store\/61566268054378\/\" \/>\n<meta property=\"article:modified_time\" content=\"2026-04-23T13:17:45+00:00\" \/>\n<meta property=\"og:image\" content=\"https:\/\/gardenersfriend.eu\/wp-content\/uploads\/2025\/09\/karate_zeon_05_cs_250ml.jpg\" \/>\n\t<meta property=\"og:image:width\" content=\"250\" \/>\n\t<meta property=\"og:image:height\" content=\"250\" \/>\n\t<meta property=\"og:image:type\" content=\"image\/jpeg\" \/>\n<meta name=\"twitter:card\" content=\"summary_large_image\" \/>\n<meta name=\"twitter:label1\" content=\"Estimeret l\u00e6setid\" \/>\n\t<meta name=\"twitter:data1\" content=\"4 minutter\" \/>\n<script type=\"application\/ld+json\" class=\"yoast-schema-graph\">{\"@context\":\"https:\\\/\\\/schema.org\",\"@graph\":[{\"@type\":\"WebPage\",\"@id\":\"https:\\\/\\\/gardenersfriend.eu\\\/da\\\/vare\\\/karate-zeon-050-cs-insektmiddel\\\/\",\"url\":\"https:\\\/\\\/gardenersfriend.eu\\\/da\\\/vare\\\/karate-zeon-050-cs-insektmiddel\\\/\",\"name\":\"Karate Zeon 050 CS Insektmiddel - Gardeners Friend\",\"isPartOf\":{\"@id\":\"https:\\\/\\\/gardenersfriend.eu\\\/da\\\/#website\"},\"primaryImageOfPage\":{\"@id\":\"https:\\\/\\\/gardenersfriend.eu\\\/da\\\/vare\\\/karate-zeon-050-cs-insektmiddel\\\/#primaryimage\"},\"image\":{\"@id\":\"https:\\\/\\\/gardenersfriend.eu\\\/da\\\/vare\\\/karate-zeon-050-cs-insektmiddel\\\/#primaryimage\"},\"thumbnailUrl\":\"https:\\\/\\\/gardenersfriend.eu\\\/wp-content\\\/uploads\\\/2025\\\/09\\\/karate_zeon_05_cs_250ml.jpg\",\"datePublished\":\"2025-09-17T22:09:21+00:00\",\"dateModified\":\"2026-04-23T13:17:45+00:00\",\"description\":\"Karate Zeon er et insekticid i form af en flydende suspension, der bruges til at beskytte landbrugs-, frugt- og gr\u00f8ntsagsplanter mod bidende og sugende skadedyr.\",\"breadcrumb\":{\"@id\":\"https:\\\/\\\/gardenersfriend.eu\\\/da\\\/vare\\\/karate-zeon-050-cs-insektmiddel\\\/#breadcrumb\"},\"inLanguage\":\"da-DK\",\"potentialAction\":[{\"@type\":\"ReadAction\",\"target\":[\"https:\\\/\\\/gardenersfriend.eu\\\/da\\\/vare\\\/karate-zeon-050-cs-insektmiddel\\\/\"]}]},{\"@type\":\"ImageObject\",\"inLanguage\":\"da-DK\",\"@id\":\"https:\\\/\\\/gardenersfriend.eu\\\/da\\\/vare\\\/karate-zeon-050-cs-insektmiddel\\\/#primaryimage\",\"url\":\"https:\\\/\\\/gardenersfriend.eu\\\/wp-content\\\/uploads\\\/2025\\\/09\\\/karate_zeon_05_cs_250ml.jpg\",\"contentUrl\":\"https:\\\/\\\/gardenersfriend.eu\\\/wp-content\\\/uploads\\\/2025\\\/09\\\/karate_zeon_05_cs_250ml.jpg\",\"width\":250,\"height\":250,\"caption\":\"Karate Zeon 05 CS 250ML Gardeners Friend\"},{\"@type\":\"BreadcrumbList\",\"@id\":\"https:\\\/\\\/gardenersfriend.eu\\\/da\\\/vare\\\/karate-zeon-050-cs-insektmiddel\\\/#breadcrumb\",\"itemListElement\":[{\"@type\":\"ListItem\",\"position\":1,\"name\":\"Strona g\u0142\u00f3wna\",\"item\":\"https:\\\/\\\/gardenersfriend.eu\\\/da\\\/\"},{\"@type\":\"ListItem\",\"position\":2,\"name\":\"Shop\",\"item\":\"https:\\\/\\\/gardenersfriend.eu\\\/shop\\\/\"},{\"@type\":\"ListItem\",\"position\":3,\"name\":\"Karate Zeon 050 CS Insektmiddel\"}]},{\"@type\":\"WebSite\",\"@id\":\"https:\\\/\\\/gardenersfriend.eu\\\/da\\\/#website\",\"url\":\"https:\\\/\\\/gardenersfriend.eu\\\/da\\\/\",\"name\":\"Gardeners Friend\",\"description\":\"herbicides, fertilisers, roundup\",\"publisher\":{\"@id\":\"https:\\\/\\\/gardenersfriend.eu\\\/da\\\/#organization\"},\"potentialAction\":[{\"@type\":\"SearchAction\",\"target\":{\"@type\":\"EntryPoint\",\"urlTemplate\":\"https:\\\/\\\/gardenersfriend.eu\\\/da\\\/?s={search_term_string}\"},\"query-input\":{\"@type\":\"PropertyValueSpecification\",\"valueRequired\":true,\"valueName\":\"search_term_string\"}}],\"inLanguage\":\"da-DK\"},{\"@type\":\"Organization\",\"@id\":\"https:\\\/\\\/gardenersfriend.eu\\\/da\\\/#organization\",\"name\":\"Gardeners Friend\",\"url\":\"https:\\\/\\\/gardenersfriend.eu\\\/da\\\/\",\"logo\":{\"@type\":\"ImageObject\",\"inLanguage\":\"da-DK\",\"@id\":\"https:\\\/\\\/gardenersfriend.eu\\\/da\\\/#\\\/schema\\\/logo\\\/image\\\/\",\"url\":\"https:\\\/\\\/gardenersfriend.eu\\\/wp-content\\\/uploads\\\/2025\\\/09\\\/gf_accepted_big_logo.png\",\"contentUrl\":\"https:\\\/\\\/gardenersfriend.eu\\\/wp-content\\\/uploads\\\/2025\\\/09\\\/gf_accepted_big_logo.png\",\"width\":2000,\"height\":1000,\"caption\":\"Gardeners Friend\"},\"image\":{\"@id\":\"https:\\\/\\\/gardenersfriend.eu\\\/da\\\/#\\\/schema\\\/logo\\\/image\\\/\"},\"sameAs\":[\"https:\\\/\\\/www.facebook.com\\\/people\\\/Gardeners-Friend-Store\\\/61566268054378\\\/\",\"https:\\\/\\\/www.instagram.com\\\/gardeners_friend_store\\\/\"]}]}<\/script>\n<!-- \/ Yoast SEO plugin. -->","yoast_head_json":{"title":"Karate Zeon 050 CS Insektmiddel - Gardeners Friend","description":"Karate Zeon er et insekticid i form af en flydende suspension, der bruges til at beskytte landbrugs-, frugt- og gr\u00f8ntsagsplanter mod bidende og sugende skadedyr.","robots":{"index":"index","follow":"follow","max-snippet":"max-snippet:-1","max-image-preview":"max-image-preview:large","max-video-preview":"max-video-preview:-1"},"canonical":"https:\/\/gardenersfriend.eu\/da\/vare\/karate-zeon-050-cs-insektmiddel\/","og_locale":"da_DK","og_type":"article","og_title":"Karate Zeon 050 CS Insektmiddel - Gardeners Friend","og_description":"Karate Zeon er et insekticid i form af en flydende suspension, der bruges til at beskytte landbrugs-, frugt- og gr\u00f8ntsagsplanter mod bidende og sugende skadedyr.","og_url":"https:\/\/gardenersfriend.eu\/da\/vare\/karate-zeon-050-cs-insektmiddel\/","og_site_name":"Gardeners Friend","article_publisher":"https:\/\/www.facebook.com\/people\/Gardeners-Friend-Store\/61566268054378\/","article_modified_time":"2026-04-23T13:17:45+00:00","og_image":[{"width":250,"height":250,"url":"https:\/\/gardenersfriend.eu\/wp-content\/uploads\/2025\/09\/karate_zeon_05_cs_250ml.jpg","type":"image\/jpeg"}],"twitter_card":"summary_large_image","twitter_misc":{"Estimeret l\u00e6setid":"4 minutter"},"schema":{"@context":"https:\/\/schema.org","@graph":[{"@type":"WebPage","@id":"https:\/\/gardenersfriend.eu\/da\/vare\/karate-zeon-050-cs-insektmiddel\/","url":"https:\/\/gardenersfriend.eu\/da\/vare\/karate-zeon-050-cs-insektmiddel\/","name":"Karate Zeon 050 CS Insektmiddel - Gardeners Friend","isPartOf":{"@id":"https:\/\/gardenersfriend.eu\/da\/#website"},"primaryImageOfPage":{"@id":"https:\/\/gardenersfriend.eu\/da\/vare\/karate-zeon-050-cs-insektmiddel\/#primaryimage"},"image":{"@id":"https:\/\/gardenersfriend.eu\/da\/vare\/karate-zeon-050-cs-insektmiddel\/#primaryimage"},"thumbnailUrl":"https:\/\/gardenersfriend.eu\/wp-content\/uploads\/2025\/09\/karate_zeon_05_cs_250ml.jpg","datePublished":"2025-09-17T22:09:21+00:00","dateModified":"2026-04-23T13:17:45+00:00","description":"Karate Zeon er et insekticid i form af en flydende suspension, der bruges til at beskytte landbrugs-, frugt- og gr\u00f8ntsagsplanter mod bidende og sugende skadedyr.","breadcrumb":{"@id":"https:\/\/gardenersfriend.eu\/da\/vare\/karate-zeon-050-cs-insektmiddel\/#breadcrumb"},"inLanguage":"da-DK","potentialAction":[{"@type":"ReadAction","target":["https:\/\/gardenersfriend.eu\/da\/vare\/karate-zeon-050-cs-insektmiddel\/"]}]},{"@type":"ImageObject","inLanguage":"da-DK","@id":"https:\/\/gardenersfriend.eu\/da\/vare\/karate-zeon-050-cs-insektmiddel\/#primaryimage","url":"https:\/\/gardenersfriend.eu\/wp-content\/uploads\/2025\/09\/karate_zeon_05_cs_250ml.jpg","contentUrl":"https:\/\/gardenersfriend.eu\/wp-content\/uploads\/2025\/09\/karate_zeon_05_cs_250ml.jpg","width":250,"height":250,"caption":"Karate Zeon 05 CS 250ML Gardeners Friend"},{"@type":"BreadcrumbList","@id":"https:\/\/gardenersfriend.eu\/da\/vare\/karate-zeon-050-cs-insektmiddel\/#breadcrumb","itemListElement":[{"@type":"ListItem","position":1,"name":"Strona g\u0142\u00f3wna","item":"https:\/\/gardenersfriend.eu\/da\/"},{"@type":"ListItem","position":2,"name":"Shop","item":"https:\/\/gardenersfriend.eu\/shop\/"},{"@type":"ListItem","position":3,"name":"Karate Zeon 050 CS Insektmiddel"}]},{"@type":"WebSite","@id":"https:\/\/gardenersfriend.eu\/da\/#website","url":"https:\/\/gardenersfriend.eu\/da\/","name":"Gardeners Friend","description":"herbicides, fertilisers, roundup","publisher":{"@id":"https:\/\/gardenersfriend.eu\/da\/#organization"},"potentialAction":[{"@type":"SearchAction","target":{"@type":"EntryPoint","urlTemplate":"https:\/\/gardenersfriend.eu\/da\/?s={search_term_string}"},"query-input":{"@type":"PropertyValueSpecification","valueRequired":true,"valueName":"search_term_string"}}],"inLanguage":"da-DK"},{"@type":"Organization","@id":"https:\/\/gardenersfriend.eu\/da\/#organization","name":"Gardeners Friend","url":"https:\/\/gardenersfriend.eu\/da\/","logo":{"@type":"ImageObject","inLanguage":"da-DK","@id":"https:\/\/gardenersfriend.eu\/da\/#\/schema\/logo\/image\/","url":"https:\/\/gardenersfriend.eu\/wp-content\/uploads\/2025\/09\/gf_accepted_big_logo.png","contentUrl":"https:\/\/gardenersfriend.eu\/wp-content\/uploads\/2025\/09\/gf_accepted_big_logo.png","width":2000,"height":1000,"caption":"Gardeners Friend"},"image":{"@id":"https:\/\/gardenersfriend.eu\/da\/#\/schema\/logo\/image\/"},"sameAs":["https:\/\/www.facebook.com\/people\/Gardeners-Friend-Store\/61566268054378\/","https:\/\/www.instagram.com\/gardeners_friend_store\/"]}]}},"uagb_featured_image_src":{"full":["https:\/\/gardenersfriend.eu\/wp-content\/uploads\/2025\/09\/karate_zeon_05_cs_250ml.jpg",250,250,false],"thumbnail":["https:\/\/gardenersfriend.eu\/wp-content\/uploads\/2025\/09\/karate_zeon_05_cs_250ml-150x150.jpg",150,150,true],"medium":["https:\/\/gardenersfriend.eu\/wp-content\/uploads\/2025\/09\/karate_zeon_05_cs_250ml.jpg",250,250,false],"medium_large":["https:\/\/gardenersfriend.eu\/wp-content\/uploads\/2025\/09\/karate_zeon_05_cs_250ml.jpg",250,250,false],"large":["https:\/\/gardenersfriend.eu\/wp-content\/uploads\/2025\/09\/karate_zeon_05_cs_250ml.jpg",250,250,false],"1536x1536":["https:\/\/gardenersfriend.eu\/wp-content\/uploads\/2025\/09\/karate_zeon_05_cs_250ml.jpg",250,250,false],"2048x2048":["https:\/\/gardenersfriend.eu\/wp-content\/uploads\/2025\/09\/karate_zeon_05_cs_250ml.jpg",250,250,false],"woocommerce_thumbnail":["https:\/\/gardenersfriend.eu\/wp-content\/uploads\/2025\/09\/karate_zeon_05_cs_250ml.jpg",250,250,false],"woocommerce_single":["https:\/\/gardenersfriend.eu\/wp-content\/uploads\/2025\/09\/karate_zeon_05_cs_250ml.jpg",250,250,false],"woocommerce_gallery_thumbnail":["https:\/\/gardenersfriend.eu\/wp-content\/uploads\/2025\/09\/karate_zeon_05_cs_250ml-100x100.jpg",100,100,true]},"uagb_author_info":{"display_name":"admin","author_link":"https:\/\/gardenersfriend.eu\/da\/author\/"},"uagb_comment_info":0,"uagb_excerpt":"Karate Zeon er et insekticid i form af en flydende suspension, der bruges til at beskytte landbrugs-, frugt- og gr\u00f8ntsagsplanter mod bidende og sugende skadedyr.","jetpack_sharing_enabled":true,"_links":{"self":[{"href":"https:\/\/gardenersfriend.eu\/da\/wp-json\/wp\/v2\/product\/7264","targetHints":{"allow":["GET"]}}],"collection":[{"href":"https:\/\/gardenersfriend.eu\/da\/wp-json\/wp\/v2\/product"}],"about":[{"href":"https:\/\/gardenersfriend.eu\/da\/wp-json\/wp\/v2\/types\/product"}],"replies":[{"embeddable":true,"href":"https:\/\/gardenersfriend.eu\/da\/wp-json\/wp\/v2\/comments?post=7264"}],"wp:featuredmedia":[{"embeddable":true,"href":"https:\/\/gardenersfriend.eu\/da\/wp-json\/wp\/v2\/media\/7217"}],"wp:attachment":[{"href":"https:\/\/gardenersfriend.eu\/da\/wp-json\/wp\/v2\/media?parent=7264"}],"wp:term":[{"taxonomy":"product_brand","embeddable":true,"href":"https:\/\/gardenersfriend.eu\/da\/wp-json\/wp\/v2\/product_brand?post=7264"},{"taxonomy":"product_cat","embeddable":true,"href":"https:\/\/gardenersfriend.eu\/da\/wp-json\/wp\/v2\/product_cat?post=7264"},{"taxonomy":"product_tag","embeddable":true,"href":"https:\/\/gardenersfriend.eu\/da\/wp-json\/wp\/v2\/product_tag?post=7264"}],"curies":[{"name":"wp","href":"https:\/\/api.w.org\/{rel}","templated":true}]}}