{"id":7474,"date":"2025-09-26T22:29:07","date_gmt":"2025-09-26T20:29:07","guid":{"rendered":"https:\/\/gardenersfriend.eu\/product\/toxan-flydende-gift-til-mus-og-rotter\/"},"modified":"2026-03-19T21:18:32","modified_gmt":"2026-03-19T20:18:32","slug":"toxan-flydende-gift-til-mus-og-rotter","status":"publish","type":"product","link":"https:\/\/gardenersfriend.eu\/da\/vare\/toxan-flydende-gift-til-mus-og-rotter\/","title":{"rendered":"Toxan &#8211; flydende gift til mus og rotter"},"content":{"rendered":"<h2>Toxan<\/h2>\n<p><strong>Toxan<\/strong> er en flydende gift til bek\u00e6mpelse af gnavere, der indeholder 0,005 % bromadiolon, en enkeltdosis andengenerations antikoagulant og et bitterstof, der reducerer risikoen for indtagelse af u\u00f8nskede organismer. Den er beregnet til brug, hvor der er begr\u00e6nset adgang til vand, og hvor gnavernes naturlige f\u00f8de konkurrerer med fast lokkemad. Det er effektivt mod mus og rotter og er velegnet til brug i boliger, p\u00e5 g\u00e5rde, lagre, husdyr, produktions- og bagerilokaler. Dosering: 100 ml i s\u00e6rlige vandingsbeholdere placeret i lokkestationer for hver 3-4 meter for mus og for hver 15 meter for rotter. Produktet b\u00f8r eliminere gnavere inden for 35 dage. Bem\u00e6rk: Dette er et biocidholdigt produkt &#8211; brug det med ekstrem forsigtighed.     <\/p>\n<h3>Produktbeskrivelse og -specifikation &#8211; Toxan P\u0142yn Fregata &#8211; rodenticid til rotter og mus<\/h3>\n<h3>Toxan v\u00e6ske<\/h3>\n<p><strong>Aktiv ingrediens:<\/strong> 0,005 % bromadiolon (andengenerations enkeltdosis antikoagulant). Produktet indeholder ogs\u00e5 et st\u00e6rkt bittert stof, der reducerer risikoen for indtagelse af organismer uden for m\u00e5lgruppen. <\/p>\n<p><strong>Liquid Toxan<\/strong> &#8211; Et flydende middel til bek\u00e6mpelse af gnavere. Flydende Toxan bruges bedst i omr\u00e5der med begr\u00e6nset vandforsyning, og hvor deres naturlige f\u00f8de er for konkurrencedygtig med fast lokkemad i form af granulat, flager, pasta eller terninger. <\/p>\n<h3>Liquid Toxan er rettet mod skadedyr:<\/h3>\n<p>&#x2714;&#xfe0f; Mus<br \/>\n&#x2714;&#xfe0f; Rotter<\/p>\n<h3>Flydende Toxan Anvendelse:<\/h3>\n<p>&#x2714;&#xfe0f; i boliger,<br \/>\n&#x2714;&#xfe0f; bondeg\u00e5rd,<br \/>\n&#x2714;&#xfe0f; lager,<br \/>\n&#x2714;&#xfe0f; husdyr,<br \/>\n&#x2714;&#xfe0f; produktion,<br \/>\n&#x2714;&#xfe0f; bagerier<\/p>\n<h3>Dosering af flydende Toxan:<\/h3>\n<p>Produktet m\u00e5 kun anbringes i 100 ml beholdere, der inds\u00e6ttes i forseglede, sikre og manipulationssikre lokkestationer, der er beregnet til flydende formuleringer.<\/p>\n<p>Foderautomater skal placeres for hver 3-4 meter for mus og for hver 15 meter for rotter. N\u00e5r man bruger produktet i og omkring bygninger, skal man placere maddingstationer langs bygningens v\u00e6gge og i omr\u00e5der med gnaveraktivitet. <\/p>\n<h3>Brug af dette produkt b\u00f8r fjerne gnavere inden for 35 dage.<\/h3>\n<p><strong>ADVARSEL!!! <\/strong>Dette biocidholdige produkt skal anvendes med ekstrem forsigtighed. L\u00e6s etiketten og informationsfolderen f\u00f8r brug. <\/p>\n<p><strong>For mere information henvises til etiketten, der er vedh\u00e6ftet downloadfilerne: <a title=\"Toxan_EN\" href=\"https:\/\/gardenersfriend.eu\/wp-content\/uploads\/2026\/02\/TOXAN-DK.pdf\">Toxan_DK<\/a><\/strong><\/p>\n<p><strong>Se flere af vores produkter: <a title=\"Gartnernes ven Alle produkter\" href=\"https:\/\/gardenersfriend.eu\/da\/shop\/\">Alle produkter<\/a><\/strong><\/p>\n<h5 style=\"color: #bcbcbc;\">Legal Information<\/h5>\n<p style=\"color: #bcbcbc;\">\nHints! Use pesticides carefully. \nBefore use read the label and product information.\nUse by non-professional users permitted.\nException: The buyer from Belgium declares that\nat the time of purchase he has full legal capacity\nand has the appropriate qualifications required from\npersons purchasing plant protection products.\n\nPursuant to Art. 28 of the Act of March 8, 2013 on plant protection products (Journal of Laws 2020, item 2097), from November 26, 2015, plant protection products intended for professional users may be sold to people who:\n\nPoint 1 - have completed training in the use of plant protection products in the Republic of Poland confirmed by a certificate of completion of this training, or\n\nPoint 2 - have completed training in advising on plant protection products in the Republic of Poland confirmed by a certificate of completion of this training, or\n\nPoint 3 - have completed training in integrated crop production confirmed by a certificate of completion of this training, or\n\nPoint 4 - not earlier than 5 years, prior to the purchase of these funds, have completed the training required from professional users in another Member State of the European Union or in a country being a party to the Agreement on the European Economic Area, on the basis of the provisions in force in that country, confirmed by a document of completion of this training, or they have presented another document issued under the regulations in force in that country, confirming that they obtained authorization to purchase plant protection products intended for professional users.\n\nImportent!\n\nOnly people over 18 years of age can use plant protection products.\n\nPlant protection products should be used safely.\n\nBefore each use, read the information provided on the label and product information.\n\n\n<\/p>\n","protected":false},"excerpt":{"rendered":"<p>Toxan er en flydende gnavergift, der indeholder 0,005 % bromadiolon, et antikoagulerende middel af anden generation til engangsbrug og et bitterstof, der reducerer risikoen for indtagelse af u\u00f8nskede organismer.<\/p>\n","protected":false},"featured_media":7461,"comment_status":"open","ping_status":"closed","template":"","meta":{"_uag_custom_page_level_css":"","site-sidebar-layout":"default","site-content-layout":"","ast-site-content-layout":"default","site-content-style":"default","site-sidebar-style":"default","ast-global-header-display":"","ast-banner-title-visibility":"","ast-main-header-display":"","ast-hfb-above-header-display":"","ast-hfb-below-header-display":"","ast-hfb-mobile-header-display":"","site-post-title":"","ast-breadcrumbs-content":"","ast-featured-img":"","footer-sml-layout":"","ast-disable-related-posts":"","theme-transparent-header-meta":"default","adv-header-id-meta":"","stick-header-meta":"","header-above-stick-meta":"","header-main-stick-meta":"","header-below-stick-meta":"","astra-migrate-meta-layouts":"default","ast-page-background-enabled":"default","ast-page-background-meta":{"desktop":{"background-color":"var(--ast-global-color-4)","background-image":"","background-repeat":"repeat","background-position":"center center","background-size":"auto","background-attachment":"scroll","background-type":"","background-media":"","overlay-type":"","overlay-color":"","overlay-opacity":"","overlay-gradient":""},"tablet":{"background-color":"","background-image":"","background-repeat":"repeat","background-position":"center center","background-size":"auto","background-attachment":"scroll","background-type":"","background-media":"","overlay-type":"","overlay-color":"","overlay-opacity":"","overlay-gradient":""},"mobile":{"background-color":"","background-image":"","background-repeat":"repeat","background-position":"center center","background-size":"auto","background-attachment":"scroll","background-type":"","background-media":"","overlay-type":"","overlay-color":"","overlay-opacity":"","overlay-gradient":""}},"ast-content-background-meta":{"desktop":{"background-color":"var(--ast-global-color-5)","background-image":"","background-repeat":"repeat","background-position":"center center","background-size":"auto","background-attachment":"scroll","background-type":"","background-media":"","overlay-type":"","overlay-color":"","overlay-opacity":"","overlay-gradient":""},"tablet":{"background-color":"var(--ast-global-color-5)","background-image":"","background-repeat":"repeat","background-position":"center center","background-size":"auto","background-attachment":"scroll","background-type":"","background-media":"","overlay-type":"","overlay-color":"","overlay-opacity":"","overlay-gradient":""},"mobile":{"background-color":"var(--ast-global-color-5)","background-image":"","background-repeat":"repeat","background-position":"center center","background-size":"auto","background-attachment":"scroll","background-type":"","background-media":"","overlay-type":"","overlay-color":"","overlay-opacity":"","overlay-gradient":""}}},"product_brand":[],"product_cat":[210],"product_tag":[211],"class_list":{"0":"post-7474","1":"product","2":"type-product","3":"status-publish","4":"has-post-thumbnail","6":"product_cat-pesticider","7":"product_tag-pesticider","8":"desktop-align-left","9":"tablet-align-left","10":"mobile-align-left","12":"first","13":"instock","14":"taxable","15":"shipping-taxable","16":"purchasable","17":"product-type-variable","18":"has-default-attributes"},"yoast_head":"<!-- This site is optimized with the Yoast SEO plugin v27.4 - https:\/\/yoast.com\/product\/yoast-seo-wordpress\/ -->\n<title>Toxan - flydende gift til mus og rotter - Gardeners Friend<\/title>\n<meta name=\"description\" content=\"Toxan er en flydende gnavergift, der indeholder 0,005 % bromadiolon, et antikoagulerende middel af anden generation til engangsbrug og et bitterstof, der reducerer risikoen for indtagelse af u\u00f8nskede organismer.\" \/>\n<meta name=\"robots\" content=\"index, follow, max-snippet:-1, max-image-preview:large, max-video-preview:-1\" \/>\n<link rel=\"canonical\" href=\"https:\/\/gardenersfriend.eu\/da\/vare\/toxan-flydende-gift-til-mus-og-rotter\/\" \/>\n<meta property=\"og:locale\" content=\"da_DK\" \/>\n<meta property=\"og:type\" content=\"article\" \/>\n<meta property=\"og:title\" content=\"Toxan - flydende gift til mus og rotter - Gardeners Friend\" \/>\n<meta property=\"og:description\" content=\"Toxan er en flydende gnavergift, der indeholder 0,005 % bromadiolon, et antikoagulerende middel af anden generation til engangsbrug og et bitterstof, der reducerer risikoen for indtagelse af u\u00f8nskede organismer.\" \/>\n<meta property=\"og:url\" content=\"https:\/\/gardenersfriend.eu\/da\/vare\/toxan-flydende-gift-til-mus-og-rotter\/\" \/>\n<meta property=\"og:site_name\" content=\"Gardeners Friend\" \/>\n<meta property=\"article:publisher\" content=\"https:\/\/www.facebook.com\/people\/Gardeners-Friend-Store\/61566268054378\/\" \/>\n<meta property=\"article:modified_time\" content=\"2026-03-19T20:18:32+00:00\" \/>\n<meta property=\"og:image\" content=\"https:\/\/gardenersfriend.eu\/wp-content\/uploads\/2025\/09\/Toxan-1L.jpg\" \/>\n\t<meta property=\"og:image:width\" content=\"680\" \/>\n\t<meta property=\"og:image:height\" content=\"680\" \/>\n\t<meta property=\"og:image:type\" content=\"image\/jpeg\" \/>\n<meta name=\"twitter:card\" content=\"summary_large_image\" \/>\n<meta name=\"twitter:label1\" content=\"Estimeret l\u00e6setid\" \/>\n\t<meta name=\"twitter:data1\" content=\"2 minutter\" \/>\n<script type=\"application\/ld+json\" class=\"yoast-schema-graph\">{\"@context\":\"https:\\\/\\\/schema.org\",\"@graph\":[{\"@type\":\"WebPage\",\"@id\":\"https:\\\/\\\/gardenersfriend.eu\\\/da\\\/vare\\\/toxan-flydende-gift-til-mus-og-rotter\\\/\",\"url\":\"https:\\\/\\\/gardenersfriend.eu\\\/da\\\/vare\\\/toxan-flydende-gift-til-mus-og-rotter\\\/\",\"name\":\"Toxan - flydende gift til mus og rotter - Gardeners Friend\",\"isPartOf\":{\"@id\":\"https:\\\/\\\/gardenersfriend.eu\\\/da\\\/#website\"},\"primaryImageOfPage\":{\"@id\":\"https:\\\/\\\/gardenersfriend.eu\\\/da\\\/vare\\\/toxan-flydende-gift-til-mus-og-rotter\\\/#primaryimage\"},\"image\":{\"@id\":\"https:\\\/\\\/gardenersfriend.eu\\\/da\\\/vare\\\/toxan-flydende-gift-til-mus-og-rotter\\\/#primaryimage\"},\"thumbnailUrl\":\"https:\\\/\\\/gardenersfriend.eu\\\/wp-content\\\/uploads\\\/2025\\\/09\\\/Toxan-1L.jpg\",\"datePublished\":\"2025-09-26T20:29:07+00:00\",\"dateModified\":\"2026-03-19T20:18:32+00:00\",\"description\":\"Toxan er en flydende gnavergift, der indeholder 0,005 % bromadiolon, et antikoagulerende middel af anden generation til engangsbrug og et bitterstof, der reducerer risikoen for indtagelse af u\u00f8nskede organismer.\",\"breadcrumb\":{\"@id\":\"https:\\\/\\\/gardenersfriend.eu\\\/da\\\/vare\\\/toxan-flydende-gift-til-mus-og-rotter\\\/#breadcrumb\"},\"inLanguage\":\"da-DK\",\"potentialAction\":[{\"@type\":\"ReadAction\",\"target\":[\"https:\\\/\\\/gardenersfriend.eu\\\/da\\\/vare\\\/toxan-flydende-gift-til-mus-og-rotter\\\/\"]}]},{\"@type\":\"ImageObject\",\"inLanguage\":\"da-DK\",\"@id\":\"https:\\\/\\\/gardenersfriend.eu\\\/da\\\/vare\\\/toxan-flydende-gift-til-mus-og-rotter\\\/#primaryimage\",\"url\":\"https:\\\/\\\/gardenersfriend.eu\\\/wp-content\\\/uploads\\\/2025\\\/09\\\/Toxan-1L.jpg\",\"contentUrl\":\"https:\\\/\\\/gardenersfriend.eu\\\/wp-content\\\/uploads\\\/2025\\\/09\\\/Toxan-1L.jpg\",\"width\":680,\"height\":680,\"caption\":\"Toxan 1L\"},{\"@type\":\"BreadcrumbList\",\"@id\":\"https:\\\/\\\/gardenersfriend.eu\\\/da\\\/vare\\\/toxan-flydende-gift-til-mus-og-rotter\\\/#breadcrumb\",\"itemListElement\":[{\"@type\":\"ListItem\",\"position\":1,\"name\":\"Strona g\u0142\u00f3wna\",\"item\":\"https:\\\/\\\/gardenersfriend.eu\\\/da\\\/\"},{\"@type\":\"ListItem\",\"position\":2,\"name\":\"Shop\",\"item\":\"https:\\\/\\\/gardenersfriend.eu\\\/shop\\\/\"},{\"@type\":\"ListItem\",\"position\":3,\"name\":\"Toxan &#8211; flydende gift til mus og rotter\"}]},{\"@type\":\"WebSite\",\"@id\":\"https:\\\/\\\/gardenersfriend.eu\\\/da\\\/#website\",\"url\":\"https:\\\/\\\/gardenersfriend.eu\\\/da\\\/\",\"name\":\"Gardeners Friend\",\"description\":\"herbicides, fertilisers, roundup\",\"publisher\":{\"@id\":\"https:\\\/\\\/gardenersfriend.eu\\\/da\\\/#organization\"},\"potentialAction\":[{\"@type\":\"SearchAction\",\"target\":{\"@type\":\"EntryPoint\",\"urlTemplate\":\"https:\\\/\\\/gardenersfriend.eu\\\/da\\\/?s={search_term_string}\"},\"query-input\":{\"@type\":\"PropertyValueSpecification\",\"valueRequired\":true,\"valueName\":\"search_term_string\"}}],\"inLanguage\":\"da-DK\"},{\"@type\":\"Organization\",\"@id\":\"https:\\\/\\\/gardenersfriend.eu\\\/da\\\/#organization\",\"name\":\"Gardeners Friend\",\"url\":\"https:\\\/\\\/gardenersfriend.eu\\\/da\\\/\",\"logo\":{\"@type\":\"ImageObject\",\"inLanguage\":\"da-DK\",\"@id\":\"https:\\\/\\\/gardenersfriend.eu\\\/da\\\/#\\\/schema\\\/logo\\\/image\\\/\",\"url\":\"https:\\\/\\\/gardenersfriend.eu\\\/wp-content\\\/uploads\\\/2025\\\/09\\\/gf_accepted_big_logo.png\",\"contentUrl\":\"https:\\\/\\\/gardenersfriend.eu\\\/wp-content\\\/uploads\\\/2025\\\/09\\\/gf_accepted_big_logo.png\",\"width\":2000,\"height\":1000,\"caption\":\"Gardeners Friend\"},\"image\":{\"@id\":\"https:\\\/\\\/gardenersfriend.eu\\\/da\\\/#\\\/schema\\\/logo\\\/image\\\/\"},\"sameAs\":[\"https:\\\/\\\/www.facebook.com\\\/people\\\/Gardeners-Friend-Store\\\/61566268054378\\\/\",\"https:\\\/\\\/www.instagram.com\\\/gardeners_friend_store\\\/\"]}]}<\/script>\n<!-- \/ Yoast SEO plugin. -->","yoast_head_json":{"title":"Toxan - flydende gift til mus og rotter - Gardeners Friend","description":"Toxan er en flydende gnavergift, der indeholder 0,005 % bromadiolon, et antikoagulerende middel af anden generation til engangsbrug og et bitterstof, der reducerer risikoen for indtagelse af u\u00f8nskede organismer.","robots":{"index":"index","follow":"follow","max-snippet":"max-snippet:-1","max-image-preview":"max-image-preview:large","max-video-preview":"max-video-preview:-1"},"canonical":"https:\/\/gardenersfriend.eu\/da\/vare\/toxan-flydende-gift-til-mus-og-rotter\/","og_locale":"da_DK","og_type":"article","og_title":"Toxan - flydende gift til mus og rotter - Gardeners Friend","og_description":"Toxan er en flydende gnavergift, der indeholder 0,005 % bromadiolon, et antikoagulerende middel af anden generation til engangsbrug og et bitterstof, der reducerer risikoen for indtagelse af u\u00f8nskede organismer.","og_url":"https:\/\/gardenersfriend.eu\/da\/vare\/toxan-flydende-gift-til-mus-og-rotter\/","og_site_name":"Gardeners Friend","article_publisher":"https:\/\/www.facebook.com\/people\/Gardeners-Friend-Store\/61566268054378\/","article_modified_time":"2026-03-19T20:18:32+00:00","og_image":[{"width":680,"height":680,"url":"https:\/\/gardenersfriend.eu\/wp-content\/uploads\/2025\/09\/Toxan-1L.jpg","type":"image\/jpeg"}],"twitter_card":"summary_large_image","twitter_misc":{"Estimeret l\u00e6setid":"2 minutter"},"schema":{"@context":"https:\/\/schema.org","@graph":[{"@type":"WebPage","@id":"https:\/\/gardenersfriend.eu\/da\/vare\/toxan-flydende-gift-til-mus-og-rotter\/","url":"https:\/\/gardenersfriend.eu\/da\/vare\/toxan-flydende-gift-til-mus-og-rotter\/","name":"Toxan - flydende gift til mus og rotter - Gardeners Friend","isPartOf":{"@id":"https:\/\/gardenersfriend.eu\/da\/#website"},"primaryImageOfPage":{"@id":"https:\/\/gardenersfriend.eu\/da\/vare\/toxan-flydende-gift-til-mus-og-rotter\/#primaryimage"},"image":{"@id":"https:\/\/gardenersfriend.eu\/da\/vare\/toxan-flydende-gift-til-mus-og-rotter\/#primaryimage"},"thumbnailUrl":"https:\/\/gardenersfriend.eu\/wp-content\/uploads\/2025\/09\/Toxan-1L.jpg","datePublished":"2025-09-26T20:29:07+00:00","dateModified":"2026-03-19T20:18:32+00:00","description":"Toxan er en flydende gnavergift, der indeholder 0,005 % bromadiolon, et antikoagulerende middel af anden generation til engangsbrug og et bitterstof, der reducerer risikoen for indtagelse af u\u00f8nskede organismer.","breadcrumb":{"@id":"https:\/\/gardenersfriend.eu\/da\/vare\/toxan-flydende-gift-til-mus-og-rotter\/#breadcrumb"},"inLanguage":"da-DK","potentialAction":[{"@type":"ReadAction","target":["https:\/\/gardenersfriend.eu\/da\/vare\/toxan-flydende-gift-til-mus-og-rotter\/"]}]},{"@type":"ImageObject","inLanguage":"da-DK","@id":"https:\/\/gardenersfriend.eu\/da\/vare\/toxan-flydende-gift-til-mus-og-rotter\/#primaryimage","url":"https:\/\/gardenersfriend.eu\/wp-content\/uploads\/2025\/09\/Toxan-1L.jpg","contentUrl":"https:\/\/gardenersfriend.eu\/wp-content\/uploads\/2025\/09\/Toxan-1L.jpg","width":680,"height":680,"caption":"Toxan 1L"},{"@type":"BreadcrumbList","@id":"https:\/\/gardenersfriend.eu\/da\/vare\/toxan-flydende-gift-til-mus-og-rotter\/#breadcrumb","itemListElement":[{"@type":"ListItem","position":1,"name":"Strona g\u0142\u00f3wna","item":"https:\/\/gardenersfriend.eu\/da\/"},{"@type":"ListItem","position":2,"name":"Shop","item":"https:\/\/gardenersfriend.eu\/shop\/"},{"@type":"ListItem","position":3,"name":"Toxan &#8211; flydende gift til mus og rotter"}]},{"@type":"WebSite","@id":"https:\/\/gardenersfriend.eu\/da\/#website","url":"https:\/\/gardenersfriend.eu\/da\/","name":"Gardeners Friend","description":"herbicides, fertilisers, roundup","publisher":{"@id":"https:\/\/gardenersfriend.eu\/da\/#organization"},"potentialAction":[{"@type":"SearchAction","target":{"@type":"EntryPoint","urlTemplate":"https:\/\/gardenersfriend.eu\/da\/?s={search_term_string}"},"query-input":{"@type":"PropertyValueSpecification","valueRequired":true,"valueName":"search_term_string"}}],"inLanguage":"da-DK"},{"@type":"Organization","@id":"https:\/\/gardenersfriend.eu\/da\/#organization","name":"Gardeners Friend","url":"https:\/\/gardenersfriend.eu\/da\/","logo":{"@type":"ImageObject","inLanguage":"da-DK","@id":"https:\/\/gardenersfriend.eu\/da\/#\/schema\/logo\/image\/","url":"https:\/\/gardenersfriend.eu\/wp-content\/uploads\/2025\/09\/gf_accepted_big_logo.png","contentUrl":"https:\/\/gardenersfriend.eu\/wp-content\/uploads\/2025\/09\/gf_accepted_big_logo.png","width":2000,"height":1000,"caption":"Gardeners Friend"},"image":{"@id":"https:\/\/gardenersfriend.eu\/da\/#\/schema\/logo\/image\/"},"sameAs":["https:\/\/www.facebook.com\/people\/Gardeners-Friend-Store\/61566268054378\/","https:\/\/www.instagram.com\/gardeners_friend_store\/"]}]}},"uagb_featured_image_src":{"full":["https:\/\/gardenersfriend.eu\/wp-content\/uploads\/2025\/09\/Toxan-1L.jpg",680,680,false],"thumbnail":["https:\/\/gardenersfriend.eu\/wp-content\/uploads\/2025\/09\/Toxan-1L-150x150.jpg",150,150,true],"medium":["https:\/\/gardenersfriend.eu\/wp-content\/uploads\/2025\/09\/Toxan-1L-300x300.jpg",300,300,true],"medium_large":["https:\/\/gardenersfriend.eu\/wp-content\/uploads\/2025\/09\/Toxan-1L.jpg",680,680,false],"large":["https:\/\/gardenersfriend.eu\/wp-content\/uploads\/2025\/09\/Toxan-1L.jpg",680,680,false],"1536x1536":["https:\/\/gardenersfriend.eu\/wp-content\/uploads\/2025\/09\/Toxan-1L.jpg",680,680,false],"2048x2048":["https:\/\/gardenersfriend.eu\/wp-content\/uploads\/2025\/09\/Toxan-1L.jpg",680,680,false],"woocommerce_thumbnail":["https:\/\/gardenersfriend.eu\/wp-content\/uploads\/2025\/09\/Toxan-1L-300x300.jpg",300,300,true],"woocommerce_single":["https:\/\/gardenersfriend.eu\/wp-content\/uploads\/2025\/09\/Toxan-1L-600x600.jpg",600,600,true],"woocommerce_gallery_thumbnail":["https:\/\/gardenersfriend.eu\/wp-content\/uploads\/2025\/09\/Toxan-1L-100x100.jpg",100,100,true]},"uagb_author_info":{"display_name":"admin","author_link":"https:\/\/gardenersfriend.eu\/da\/author\/"},"uagb_comment_info":0,"uagb_excerpt":"Toxan er en flydende gnavergift, der indeholder 0,005 % bromadiolon, et antikoagulerende middel af anden generation til engangsbrug og et bitterstof, der reducerer risikoen for indtagelse af u\u00f8nskede organismer.","jetpack_sharing_enabled":true,"_links":{"self":[{"href":"https:\/\/gardenersfriend.eu\/da\/wp-json\/wp\/v2\/product\/7474","targetHints":{"allow":["GET"]}}],"collection":[{"href":"https:\/\/gardenersfriend.eu\/da\/wp-json\/wp\/v2\/product"}],"about":[{"href":"https:\/\/gardenersfriend.eu\/da\/wp-json\/wp\/v2\/types\/product"}],"replies":[{"embeddable":true,"href":"https:\/\/gardenersfriend.eu\/da\/wp-json\/wp\/v2\/comments?post=7474"}],"wp:featuredmedia":[{"embeddable":true,"href":"https:\/\/gardenersfriend.eu\/da\/wp-json\/wp\/v2\/media\/7461"}],"wp:attachment":[{"href":"https:\/\/gardenersfriend.eu\/da\/wp-json\/wp\/v2\/media?parent=7474"}],"wp:term":[{"taxonomy":"product_brand","embeddable":true,"href":"https:\/\/gardenersfriend.eu\/da\/wp-json\/wp\/v2\/product_brand?post=7474"},{"taxonomy":"product_cat","embeddable":true,"href":"https:\/\/gardenersfriend.eu\/da\/wp-json\/wp\/v2\/product_cat?post=7474"},{"taxonomy":"product_tag","embeddable":true,"href":"https:\/\/gardenersfriend.eu\/da\/wp-json\/wp\/v2\/product_tag?post=7474"}],"curies":[{"name":"wp","href":"https:\/\/api.w.org\/{rel}","templated":true}]}}