{"id":7982,"date":"2025-10-29T19:21:15","date_gmt":"2025-10-29T18:21:15","guid":{"rendered":"https:\/\/gardenersfriend.eu\/product\/rodeo-plus-360-sl-glyphosat-herbicid\/"},"modified":"2026-03-19T20:50:40","modified_gmt":"2026-03-19T19:50:40","slug":"rodeo-plus-360-sl-glyphosat-herbicid","status":"publish","type":"product","link":"https:\/\/gardenersfriend.eu\/da\/vare\/rodeo-plus-360-sl-glyphosat-herbicid\/","title":{"rendered":"Rodeo Plus 360 SL Glyphosat-herbicid"},"content":{"rendered":"<h2>Rodeo Plus 360 SL (Erstatning for Roundup 360)<\/h2>\n<p>Rodeo Plus 360 SL er et ikke-selektivt herbicid med systemisk virkning til bladudbringning i form af et koncentrat til fremstilling af en vandig opl\u00f8sning (SL).<\/p>\n<h3>Indhold af aktivt stof i Rodeo Plus 360 SL:<\/h3>\n<ul>\n<li>glyphosat (en forbindelse fra aminophosphonatgruppen) i form af kaliumsalt &#8211; 360 g\/l (28,7 %)<\/li>\n<\/ul>\n<h3>Fordele ved at bruge Rodeo Plus 360 SL-spr\u00f8jten:<\/h3>\n<ul>\n<li>Et plantebeskyttelsesmiddel, der er beregnet til brug i mange afgr\u00f8degrupper.<\/li>\n<li>Et flydende produkt til bladudbringning.<\/li>\n<li>Det absorberes gennem de gr\u00f8nne dele af planten.<\/li>\n<li>De f\u00f8rste symptomer p\u00e5 produktets virkning er synlige efter 7-10 dage.<\/li>\n<\/ul>\n<h3>Hvilket ukrudt virker den p\u00e5?<\/h3>\n<p>Produktet indeholder den aktive ingrediens glyphosat, som h\u00e6mmer virkningen af enzymet EPSPS-syntase, et n\u00f8gleenzym i shikiminsyre-metabolismen, der er involveret i biosyntesen af aromatiske aminosyrer. I planten h\u00e6mmer det syntesen af proteiner, der er vigtige for plantens v\u00e6kst. Produktet optages gennem de gr\u00f8nne dele af planten (blade, gr\u00f8nne skud og ikke-tr\u00e6agtig bark), bev\u00e6ger sig derefter gennem planten og n\u00e5r de underjordiske dele (r\u00f8dder, udl\u00f8bere osv.), hvilket f\u00e5r dem til at d\u00f8. De f\u00f8rste symptomer p\u00e5 produktets virkning (gulfarvning og visnen) er synlige 7-10 dage efter p\u00e5f\u00f8ring. Fuldst\u00e6ndig planted\u00f8d indtr\u00e6ffer efter ca. 3 uger. H\u00f8j temperatur og luftfugtighed samt st\u00e6rkt sollys fremskynder produktets virkning.     <\/p>\n<p><strong>Plantebeskyttelsesdosis: 1,5-2,0 l\/ha (ukrudt i fr\u00f8plantestadiet):<\/strong><\/p>\n<p><strong>Ukrudt, der er mellemf\u00f8lsomt: bondeg\u00e5rdsgr\u00e6s.<\/strong><\/p>\n<p><strong>F\u00f8lsomt ukrudt: <\/strong>agersennep, alm. kvikgr\u00e6s, hvidmelet g\u00e5sefod, plettet g\u00f8geurt, alm. hyrdetaske, agerpadderok.<\/p>\n<p><strong>Dosis af plantebeskyttelsesmiddel 3,0 l\/ha:<\/strong><br \/>\n<strong>Intermedi\u00e6rt f\u00f8lsomt ukrudt:<\/strong> purpursolhat, hvidmelet g\u00e5sefod, kvikgr\u00e6s, snerlepileurt, agerr\u00e6vehale.<br \/>\n<strong>F\u00f8lsomt ukrudt: <\/strong>storken\u00e6b, skvalderk\u00e5l, alm. fuglegr\u00e6s, persisk kvik, canadisk emmer, plettet g\u00f8geurt, alm. rapgr\u00e6s, alm. hyrdetaske, engrapgr\u00e6s, en\u00e5rig rapgr\u00e6s.<\/p>\n<p class=\"p1\"><strong>Label: <\/strong><a title=\"RODEO PLUS 360 SL\" href=\"https:\/\/gardenersfriend.eu\/wp-content\/uploads\/2026\/02\/Rodeo-Plus-360-sl-EN.pdf\" target=\"_blank\" rel=\"noopener\">RODEO PLUS 360 SL<\/a><\/p>\n<p class=\"p1\"><strong>Producent site:<\/strong> <a title=\"Bayer-siden\" href=\"https:\/\/www.bayer.com\/\" target=\"_blank\" rel=\"noopener\">Bayer<\/a><\/p>\n<p><strong>Andet ukrudtsmiddel: <\/strong><a href=\"https:\/\/gardenersfriend.eu\/da\/product-category\/alle-produkter\/herbicid\/\">Herbicid<\/a><\/p>\n<h5 style=\"color: #bcbcbc;\">Legal Information<\/h5>\n<p style=\"color: #bcbcbc;\">\nHints! Use pesticides carefully. \nBefore use read the label and product information.\nUse by non-professional users permitted.\nException: The buyer from Belgium declares that\nat the time of purchase he has full legal capacity\nand has the appropriate qualifications required from\npersons purchasing plant protection products.\n\nPursuant to Art. 28 of the Act of March 8, 2013 on plant protection products (Journal of Laws 2020, item 2097), from November 26, 2015, plant protection products intended for professional users may be sold to people who:\n\nPoint 1 - have completed training in the use of plant protection products in the Republic of Poland confirmed by a certificate of completion of this training, or\n\nPoint 2 - have completed training in advising on plant protection products in the Republic of Poland confirmed by a certificate of completion of this training, or\n\nPoint 3 - have completed training in integrated crop production confirmed by a certificate of completion of this training, or\n\nPoint 4 - not earlier than 5 years, prior to the purchase of these funds, have completed the training required from professional users in another Member State of the European Union or in a country being a party to the Agreement on the European Economic Area, on the basis of the provisions in force in that country, confirmed by a document of completion of this training, or they have presented another document issued under the regulations in force in that country, confirming that they obtained authorization to purchase plant protection products intended for professional users.\n\nImportent!\n\nOnly people over 18 years of age can use plant protection products.\n\nPlant protection products should be used safely.\n\nBefore each use, read the information provided on the label and product information.\n\n\n<\/p>\n","protected":false},"excerpt":{"rendered":"<p>Rodeo 360 SL er et ikke-selektivt herbicid til bladudbringning. Form af et koncentrat til fremstilling af en vandig opl\u00f8sning (SL). Aktivt stof: glyphosat  <\/p>\n","protected":false},"featured_media":7955,"comment_status":"open","ping_status":"closed","template":"","meta":{"_uag_custom_page_level_css":"","site-sidebar-layout":"default","site-content-layout":"","ast-site-content-layout":"default","site-content-style":"default","site-sidebar-style":"default","ast-global-header-display":"","ast-banner-title-visibility":"","ast-main-header-display":"","ast-hfb-above-header-display":"","ast-hfb-below-header-display":"","ast-hfb-mobile-header-display":"","site-post-title":"","ast-breadcrumbs-content":"","ast-featured-img":"","footer-sml-layout":"","ast-disable-related-posts":"","theme-transparent-header-meta":"default","adv-header-id-meta":"","stick-header-meta":"","header-above-stick-meta":"","header-main-stick-meta":"","header-below-stick-meta":"","astra-migrate-meta-layouts":"default","ast-page-background-enabled":"default","ast-page-background-meta":{"desktop":{"background-color":"var(--ast-global-color-4)","background-image":"","background-repeat":"repeat","background-position":"center center","background-size":"auto","background-attachment":"scroll","background-type":"","background-media":"","overlay-type":"","overlay-color":"","overlay-opacity":"","overlay-gradient":""},"tablet":{"background-color":"","background-image":"","background-repeat":"repeat","background-position":"center center","background-size":"auto","background-attachment":"scroll","background-type":"","background-media":"","overlay-type":"","overlay-color":"","overlay-opacity":"","overlay-gradient":""},"mobile":{"background-color":"","background-image":"","background-repeat":"repeat","background-position":"center center","background-size":"auto","background-attachment":"scroll","background-type":"","background-media":"","overlay-type":"","overlay-color":"","overlay-opacity":"","overlay-gradient":""}},"ast-content-background-meta":{"desktop":{"background-color":"var(--ast-global-color-5)","background-image":"","background-repeat":"repeat","background-position":"center center","background-size":"auto","background-attachment":"scroll","background-type":"","background-media":"","overlay-type":"","overlay-color":"","overlay-opacity":"","overlay-gradient":""},"tablet":{"background-color":"var(--ast-global-color-5)","background-image":"","background-repeat":"repeat","background-position":"center center","background-size":"auto","background-attachment":"scroll","background-type":"","background-media":"","overlay-type":"","overlay-color":"","overlay-opacity":"","overlay-gradient":""},"mobile":{"background-color":"var(--ast-global-color-5)","background-image":"","background-repeat":"repeat","background-position":"center center","background-size":"auto","background-attachment":"scroll","background-type":"","background-media":"","overlay-type":"","overlay-color":"","overlay-opacity":"","overlay-gradient":""}}},"product_brand":[],"product_cat":[94,175],"product_tag":[],"class_list":{"0":"post-7982","1":"product","2":"type-product","3":"status-publish","4":"has-post-thumbnail","6":"product_cat-alle-produkter","7":"product_cat-herbicid","8":"desktop-align-left","9":"tablet-align-left","10":"mobile-align-left","12":"first","13":"instock","14":"taxable","15":"shipping-taxable","16":"purchasable","17":"product-type-variable","18":"has-default-attributes"},"yoast_head":"<!-- This site is optimized with the Yoast SEO plugin v27.4 - https:\/\/yoast.com\/product\/yoast-seo-wordpress\/ -->\n<title>Rodeo Plus 360 SL Glyphosat-herbicid - Gardeners Friend<\/title>\n<meta name=\"description\" content=\"Rodeo Plus 360 - ikke-selektivt herbicid til bladudbringning. Form af et koncentrat til fremstilling af en vandig opl\u00f8sning (SL). Aktivt stof: glyphosat\" \/>\n<meta name=\"robots\" content=\"index, follow, max-snippet:-1, max-image-preview:large, max-video-preview:-1\" \/>\n<link rel=\"canonical\" href=\"https:\/\/gardenersfriend.eu\/da\/vare\/rodeo-plus-360-sl-glyphosat-herbicid\/\" \/>\n<meta property=\"og:locale\" content=\"da_DK\" \/>\n<meta property=\"og:type\" content=\"article\" \/>\n<meta property=\"og:title\" content=\"Rodeo Plus 360 SL Glyphosat-herbicid - Gardeners Friend\" \/>\n<meta property=\"og:description\" content=\"Rodeo Plus 360 - ikke-selektivt herbicid til bladudbringning. Form af et koncentrat til fremstilling af en vandig opl\u00f8sning (SL). Aktivt stof: glyphosat\" \/>\n<meta property=\"og:url\" content=\"https:\/\/gardenersfriend.eu\/da\/vare\/rodeo-plus-360-sl-glyphosat-herbicid\/\" \/>\n<meta property=\"og:site_name\" content=\"Gardeners Friend\" \/>\n<meta property=\"article:publisher\" content=\"https:\/\/www.facebook.com\/people\/Gardeners-Friend-Store\/61566268054378\/\" \/>\n<meta property=\"article:modified_time\" content=\"2026-03-19T19:50:40+00:00\" \/>\n<meta property=\"og:image\" content=\"https:\/\/gardenersfriend.eu\/wp-content\/uploads\/2025\/10\/rodeo_360_plus_5l.jpg\" \/>\n\t<meta property=\"og:image:width\" content=\"600\" \/>\n\t<meta property=\"og:image:height\" content=\"600\" \/>\n\t<meta property=\"og:image:type\" content=\"image\/jpeg\" \/>\n<meta name=\"twitter:card\" content=\"summary_large_image\" \/>\n<meta name=\"twitter:label1\" content=\"Estimeret l\u00e6setid\" \/>\n\t<meta name=\"twitter:data1\" content=\"2 minutter\" \/>\n<script type=\"application\/ld+json\" class=\"yoast-schema-graph\">{\"@context\":\"https:\\\/\\\/schema.org\",\"@graph\":[{\"@type\":\"WebPage\",\"@id\":\"https:\\\/\\\/gardenersfriend.eu\\\/da\\\/vare\\\/rodeo-plus-360-sl-glyphosat-herbicid\\\/\",\"url\":\"https:\\\/\\\/gardenersfriend.eu\\\/da\\\/vare\\\/rodeo-plus-360-sl-glyphosat-herbicid\\\/\",\"name\":\"Rodeo Plus 360 SL Glyphosat-herbicid - Gardeners Friend\",\"isPartOf\":{\"@id\":\"https:\\\/\\\/gardenersfriend.eu\\\/da\\\/#website\"},\"primaryImageOfPage\":{\"@id\":\"https:\\\/\\\/gardenersfriend.eu\\\/da\\\/vare\\\/rodeo-plus-360-sl-glyphosat-herbicid\\\/#primaryimage\"},\"image\":{\"@id\":\"https:\\\/\\\/gardenersfriend.eu\\\/da\\\/vare\\\/rodeo-plus-360-sl-glyphosat-herbicid\\\/#primaryimage\"},\"thumbnailUrl\":\"https:\\\/\\\/gardenersfriend.eu\\\/wp-content\\\/uploads\\\/2025\\\/10\\\/rodeo_360_plus_5l.jpg\",\"datePublished\":\"2025-10-29T18:21:15+00:00\",\"dateModified\":\"2026-03-19T19:50:40+00:00\",\"description\":\"Rodeo Plus 360 - ikke-selektivt herbicid til bladudbringning. Form af et koncentrat til fremstilling af en vandig opl\u00f8sning (SL). Aktivt stof: glyphosat\",\"breadcrumb\":{\"@id\":\"https:\\\/\\\/gardenersfriend.eu\\\/da\\\/vare\\\/rodeo-plus-360-sl-glyphosat-herbicid\\\/#breadcrumb\"},\"inLanguage\":\"da-DK\",\"potentialAction\":[{\"@type\":\"ReadAction\",\"target\":[\"https:\\\/\\\/gardenersfriend.eu\\\/da\\\/vare\\\/rodeo-plus-360-sl-glyphosat-herbicid\\\/\"]}]},{\"@type\":\"ImageObject\",\"inLanguage\":\"da-DK\",\"@id\":\"https:\\\/\\\/gardenersfriend.eu\\\/da\\\/vare\\\/rodeo-plus-360-sl-glyphosat-herbicid\\\/#primaryimage\",\"url\":\"https:\\\/\\\/gardenersfriend.eu\\\/wp-content\\\/uploads\\\/2025\\\/10\\\/rodeo_360_plus_5l.jpg\",\"contentUrl\":\"https:\\\/\\\/gardenersfriend.eu\\\/wp-content\\\/uploads\\\/2025\\\/10\\\/rodeo_360_plus_5l.jpg\",\"width\":600,\"height\":600,\"caption\":\"Rodeo Plus 360\"},{\"@type\":\"BreadcrumbList\",\"@id\":\"https:\\\/\\\/gardenersfriend.eu\\\/da\\\/vare\\\/rodeo-plus-360-sl-glyphosat-herbicid\\\/#breadcrumb\",\"itemListElement\":[{\"@type\":\"ListItem\",\"position\":1,\"name\":\"Strona g\u0142\u00f3wna\",\"item\":\"https:\\\/\\\/gardenersfriend.eu\\\/da\\\/\"},{\"@type\":\"ListItem\",\"position\":2,\"name\":\"Shop\",\"item\":\"https:\\\/\\\/gardenersfriend.eu\\\/shop\\\/\"},{\"@type\":\"ListItem\",\"position\":3,\"name\":\"Rodeo Plus 360 SL Glyphosat-herbicid\"}]},{\"@type\":\"WebSite\",\"@id\":\"https:\\\/\\\/gardenersfriend.eu\\\/da\\\/#website\",\"url\":\"https:\\\/\\\/gardenersfriend.eu\\\/da\\\/\",\"name\":\"Gardeners Friend\",\"description\":\"herbicides, fertilisers, roundup\",\"publisher\":{\"@id\":\"https:\\\/\\\/gardenersfriend.eu\\\/da\\\/#organization\"},\"potentialAction\":[{\"@type\":\"SearchAction\",\"target\":{\"@type\":\"EntryPoint\",\"urlTemplate\":\"https:\\\/\\\/gardenersfriend.eu\\\/da\\\/?s={search_term_string}\"},\"query-input\":{\"@type\":\"PropertyValueSpecification\",\"valueRequired\":true,\"valueName\":\"search_term_string\"}}],\"inLanguage\":\"da-DK\"},{\"@type\":\"Organization\",\"@id\":\"https:\\\/\\\/gardenersfriend.eu\\\/da\\\/#organization\",\"name\":\"Gardeners Friend\",\"url\":\"https:\\\/\\\/gardenersfriend.eu\\\/da\\\/\",\"logo\":{\"@type\":\"ImageObject\",\"inLanguage\":\"da-DK\",\"@id\":\"https:\\\/\\\/gardenersfriend.eu\\\/da\\\/#\\\/schema\\\/logo\\\/image\\\/\",\"url\":\"https:\\\/\\\/gardenersfriend.eu\\\/wp-content\\\/uploads\\\/2025\\\/09\\\/gf_accepted_big_logo.png\",\"contentUrl\":\"https:\\\/\\\/gardenersfriend.eu\\\/wp-content\\\/uploads\\\/2025\\\/09\\\/gf_accepted_big_logo.png\",\"width\":2000,\"height\":1000,\"caption\":\"Gardeners Friend\"},\"image\":{\"@id\":\"https:\\\/\\\/gardenersfriend.eu\\\/da\\\/#\\\/schema\\\/logo\\\/image\\\/\"},\"sameAs\":[\"https:\\\/\\\/www.facebook.com\\\/people\\\/Gardeners-Friend-Store\\\/61566268054378\\\/\",\"https:\\\/\\\/www.instagram.com\\\/gardeners_friend_store\\\/\"]}]}<\/script>\n<!-- \/ Yoast SEO plugin. -->","yoast_head_json":{"title":"Rodeo Plus 360 SL Glyphosat-herbicid - Gardeners Friend","description":"Rodeo Plus 360 - ikke-selektivt herbicid til bladudbringning. Form af et koncentrat til fremstilling af en vandig opl\u00f8sning (SL). Aktivt stof: glyphosat","robots":{"index":"index","follow":"follow","max-snippet":"max-snippet:-1","max-image-preview":"max-image-preview:large","max-video-preview":"max-video-preview:-1"},"canonical":"https:\/\/gardenersfriend.eu\/da\/vare\/rodeo-plus-360-sl-glyphosat-herbicid\/","og_locale":"da_DK","og_type":"article","og_title":"Rodeo Plus 360 SL Glyphosat-herbicid - Gardeners Friend","og_description":"Rodeo Plus 360 - ikke-selektivt herbicid til bladudbringning. Form af et koncentrat til fremstilling af en vandig opl\u00f8sning (SL). Aktivt stof: glyphosat","og_url":"https:\/\/gardenersfriend.eu\/da\/vare\/rodeo-plus-360-sl-glyphosat-herbicid\/","og_site_name":"Gardeners Friend","article_publisher":"https:\/\/www.facebook.com\/people\/Gardeners-Friend-Store\/61566268054378\/","article_modified_time":"2026-03-19T19:50:40+00:00","og_image":[{"width":600,"height":600,"url":"https:\/\/gardenersfriend.eu\/wp-content\/uploads\/2025\/10\/rodeo_360_plus_5l.jpg","type":"image\/jpeg"}],"twitter_card":"summary_large_image","twitter_misc":{"Estimeret l\u00e6setid":"2 minutter"},"schema":{"@context":"https:\/\/schema.org","@graph":[{"@type":"WebPage","@id":"https:\/\/gardenersfriend.eu\/da\/vare\/rodeo-plus-360-sl-glyphosat-herbicid\/","url":"https:\/\/gardenersfriend.eu\/da\/vare\/rodeo-plus-360-sl-glyphosat-herbicid\/","name":"Rodeo Plus 360 SL Glyphosat-herbicid - Gardeners Friend","isPartOf":{"@id":"https:\/\/gardenersfriend.eu\/da\/#website"},"primaryImageOfPage":{"@id":"https:\/\/gardenersfriend.eu\/da\/vare\/rodeo-plus-360-sl-glyphosat-herbicid\/#primaryimage"},"image":{"@id":"https:\/\/gardenersfriend.eu\/da\/vare\/rodeo-plus-360-sl-glyphosat-herbicid\/#primaryimage"},"thumbnailUrl":"https:\/\/gardenersfriend.eu\/wp-content\/uploads\/2025\/10\/rodeo_360_plus_5l.jpg","datePublished":"2025-10-29T18:21:15+00:00","dateModified":"2026-03-19T19:50:40+00:00","description":"Rodeo Plus 360 - ikke-selektivt herbicid til bladudbringning. Form af et koncentrat til fremstilling af en vandig opl\u00f8sning (SL). Aktivt stof: glyphosat","breadcrumb":{"@id":"https:\/\/gardenersfriend.eu\/da\/vare\/rodeo-plus-360-sl-glyphosat-herbicid\/#breadcrumb"},"inLanguage":"da-DK","potentialAction":[{"@type":"ReadAction","target":["https:\/\/gardenersfriend.eu\/da\/vare\/rodeo-plus-360-sl-glyphosat-herbicid\/"]}]},{"@type":"ImageObject","inLanguage":"da-DK","@id":"https:\/\/gardenersfriend.eu\/da\/vare\/rodeo-plus-360-sl-glyphosat-herbicid\/#primaryimage","url":"https:\/\/gardenersfriend.eu\/wp-content\/uploads\/2025\/10\/rodeo_360_plus_5l.jpg","contentUrl":"https:\/\/gardenersfriend.eu\/wp-content\/uploads\/2025\/10\/rodeo_360_plus_5l.jpg","width":600,"height":600,"caption":"Rodeo Plus 360"},{"@type":"BreadcrumbList","@id":"https:\/\/gardenersfriend.eu\/da\/vare\/rodeo-plus-360-sl-glyphosat-herbicid\/#breadcrumb","itemListElement":[{"@type":"ListItem","position":1,"name":"Strona g\u0142\u00f3wna","item":"https:\/\/gardenersfriend.eu\/da\/"},{"@type":"ListItem","position":2,"name":"Shop","item":"https:\/\/gardenersfriend.eu\/shop\/"},{"@type":"ListItem","position":3,"name":"Rodeo Plus 360 SL Glyphosat-herbicid"}]},{"@type":"WebSite","@id":"https:\/\/gardenersfriend.eu\/da\/#website","url":"https:\/\/gardenersfriend.eu\/da\/","name":"Gardeners Friend","description":"herbicides, fertilisers, roundup","publisher":{"@id":"https:\/\/gardenersfriend.eu\/da\/#organization"},"potentialAction":[{"@type":"SearchAction","target":{"@type":"EntryPoint","urlTemplate":"https:\/\/gardenersfriend.eu\/da\/?s={search_term_string}"},"query-input":{"@type":"PropertyValueSpecification","valueRequired":true,"valueName":"search_term_string"}}],"inLanguage":"da-DK"},{"@type":"Organization","@id":"https:\/\/gardenersfriend.eu\/da\/#organization","name":"Gardeners Friend","url":"https:\/\/gardenersfriend.eu\/da\/","logo":{"@type":"ImageObject","inLanguage":"da-DK","@id":"https:\/\/gardenersfriend.eu\/da\/#\/schema\/logo\/image\/","url":"https:\/\/gardenersfriend.eu\/wp-content\/uploads\/2025\/09\/gf_accepted_big_logo.png","contentUrl":"https:\/\/gardenersfriend.eu\/wp-content\/uploads\/2025\/09\/gf_accepted_big_logo.png","width":2000,"height":1000,"caption":"Gardeners Friend"},"image":{"@id":"https:\/\/gardenersfriend.eu\/da\/#\/schema\/logo\/image\/"},"sameAs":["https:\/\/www.facebook.com\/people\/Gardeners-Friend-Store\/61566268054378\/","https:\/\/www.instagram.com\/gardeners_friend_store\/"]}]}},"uagb_featured_image_src":{"full":["https:\/\/gardenersfriend.eu\/wp-content\/uploads\/2025\/10\/rodeo_360_plus_5l.jpg",600,600,false],"thumbnail":["https:\/\/gardenersfriend.eu\/wp-content\/uploads\/2025\/10\/rodeo_360_plus_5l-150x150.jpg",150,150,true],"medium":["https:\/\/gardenersfriend.eu\/wp-content\/uploads\/2025\/10\/rodeo_360_plus_5l-300x300.jpg",300,300,true],"medium_large":["https:\/\/gardenersfriend.eu\/wp-content\/uploads\/2025\/10\/rodeo_360_plus_5l.jpg",600,600,false],"large":["https:\/\/gardenersfriend.eu\/wp-content\/uploads\/2025\/10\/rodeo_360_plus_5l.jpg",600,600,false],"1536x1536":["https:\/\/gardenersfriend.eu\/wp-content\/uploads\/2025\/10\/rodeo_360_plus_5l.jpg",600,600,false],"2048x2048":["https:\/\/gardenersfriend.eu\/wp-content\/uploads\/2025\/10\/rodeo_360_plus_5l.jpg",600,600,false],"woocommerce_thumbnail":["https:\/\/gardenersfriend.eu\/wp-content\/uploads\/2025\/10\/rodeo_360_plus_5l-300x300.jpg",300,300,true],"woocommerce_single":["https:\/\/gardenersfriend.eu\/wp-content\/uploads\/2025\/10\/rodeo_360_plus_5l.jpg",600,600,false],"woocommerce_gallery_thumbnail":["https:\/\/gardenersfriend.eu\/wp-content\/uploads\/2025\/10\/rodeo_360_plus_5l-100x100.jpg",100,100,true]},"uagb_author_info":{"display_name":"admin","author_link":"https:\/\/gardenersfriend.eu\/da\/author\/"},"uagb_comment_info":0,"uagb_excerpt":"Rodeo 360 SL er et ikke-selektivt herbicid til bladudbringning. Form af et koncentrat til fremstilling af en vandig opl\u00f8sning (SL). Aktivt stof: glyphosat","jetpack_sharing_enabled":true,"_links":{"self":[{"href":"https:\/\/gardenersfriend.eu\/da\/wp-json\/wp\/v2\/product\/7982","targetHints":{"allow":["GET"]}}],"collection":[{"href":"https:\/\/gardenersfriend.eu\/da\/wp-json\/wp\/v2\/product"}],"about":[{"href":"https:\/\/gardenersfriend.eu\/da\/wp-json\/wp\/v2\/types\/product"}],"replies":[{"embeddable":true,"href":"https:\/\/gardenersfriend.eu\/da\/wp-json\/wp\/v2\/comments?post=7982"}],"wp:featuredmedia":[{"embeddable":true,"href":"https:\/\/gardenersfriend.eu\/da\/wp-json\/wp\/v2\/media\/7955"}],"wp:attachment":[{"href":"https:\/\/gardenersfriend.eu\/da\/wp-json\/wp\/v2\/media?parent=7982"}],"wp:term":[{"taxonomy":"product_brand","embeddable":true,"href":"https:\/\/gardenersfriend.eu\/da\/wp-json\/wp\/v2\/product_brand?post=7982"},{"taxonomy":"product_cat","embeddable":true,"href":"https:\/\/gardenersfriend.eu\/da\/wp-json\/wp\/v2\/product_cat?post=7982"},{"taxonomy":"product_tag","embeddable":true,"href":"https:\/\/gardenersfriend.eu\/da\/wp-json\/wp\/v2\/product_tag?post=7982"}],"curies":[{"name":"wp","href":"https:\/\/api.w.org\/{rel}","templated":true}]}}