{"id":7996,"date":"2025-10-28T02:15:40","date_gmt":"2025-10-28T01:15:40","guid":{"rendered":"https:\/\/gardenersfriend.eu\/product\/agrosar-360-sl-glyphosat-herbicid\/"},"modified":"2026-04-23T15:18:07","modified_gmt":"2026-04-23T13:18:07","slug":"agrosar-360-sl-glyphosat-herbicid","status":"publish","type":"product","link":"https:\/\/gardenersfriend.eu\/da\/vare\/agrosar-360-sl-glyphosat-herbicid\/","title":{"rendered":"Agrosar 360 SL Glyphosat-herbicid"},"content":{"rendered":"<h2 class=\"p1\">Agrosar 360 SL<\/h2>\n<p class=\"p1\">Agrosar 360 SL er et effektivt herbicid til bek\u00e6mpelse af agerr\u00e6vehale, markvalmue, agerstedmoder og andet skadeligt mono- og dikotylat ukrudt med bred anvendelse. Agrosar er et ikke-selektivt, systemisk herbicid til bladudbringning. Det er meget effektivt til at bek\u00e6mpe b\u00e5de en- og tokimbladet ukrudt og har en bred vifte af anvendelsesmuligheder: p\u00e5 stubmarker, f\u00f8r dyrkning for at bek\u00e6mpe ukrudt og f\u00f8r h\u00f8st for at lette h\u00f8sten. Produktet f\u00e5s som et koncentrat til fremstilling af en vandig opl\u00f8sning.   <\/p>\n<h4 class=\"p1\">Agrosar 360 SL&#8217;s virkning p\u00e5 ukrudt<\/h4>\n<p>Midlet absorberes gennem de gr\u00f8nne dele af planten (blade, gr\u00f8nne skud og ikke-korroderet bark), bev\u00e6ger sig derefter gennem planten og n\u00e5r de underjordiske dele (r\u00f8dder, udl\u00f8bere osv.), hvilket f\u00e5r dem til at d\u00f8. De f\u00f8rste symptomer p\u00e5 midlets virkning (gulfarvning og visnen) bliver synlige 7-10 dage efter p\u00e5f\u00f8ring. Efter 2-3 uger sker der en fuldst\u00e6ndig planted\u00f8d. Faktorer som h\u00f8j temperatur, luftfugtighed og st\u00e6rkt sollys fremskynder midlets virkning.   <\/p>\n<h4>Aktivt stof:<\/h4>\n<ul>\n<li>glyphosat (en forbindelse fra aminophosphonatgruppen) &#8211; 360 g\/l (30,9 %)<\/li>\n<\/ul>\n<h4>Agrosar 360 SL bruges til ukrudtsbek\u00e6mpelse<\/h4>\n<ul>\n<li>vinterraps, vinterhvede, \u00e6bletr\u00e6er, stikkelsb\u00e6r, aronia, solb\u00e6r, r\u00f8de og hvide ribs, p\u00e6rer, ferskner, kirseb\u00e6r, abrikoser, blommer, kirseb\u00e6r.<\/li>\n<li>Skovplanteskoler &#8211; fr\u00f8planter af n\u00e5le- og l\u00f8vtr\u00e6er<\/li>\n<li>Foryngelse, skovrejsning &#8211; skovfyr, skovarter af l\u00f8vtr\u00e6er<\/li>\n<li>Haver og parceller<\/li>\n<\/ul>\n<h4>Agrosar 360 SL &#8211; ukrudtsbek\u00e6mpelse:<\/h4>\n<p>agerr\u00e6vehale, almindelig kvik, hvidmelet g\u00e5sefod, markvalmue, lugtl\u00f8s kvik, canadisk emmer, snerlepileurt (syn. bynke, almindelig rapgr\u00e6s, almindelig hyrdetaske, en\u00e5rig rapgr\u00e6s, markviol, k\u00e6llingetand, kl\u00f8ver, strandvejbred, almindelig vejbred, almindelig mj\u00f8durt, kornblomst, agersennep, almindelig n\u00e5leurt, purpursolhat, hvidkl\u00f8ver, hanekro, canadisk gyldenris, vildhavre, blodrod, gr\u00f8n sk\u00e6rmaks, almindelig kamille, almindelig stinkmorkel, grov amarant, stumpbladet hindekn\u00e6, almindelig skovsyre, gul okse\u00f8je, markbynke, gr\u00f8n r\u00e6vehale, fuglevikke, smalbladet vikke, agertidsel, m\u00e6lkeb\u00f8tte, alm. kvik, trebladet \u00e6renpris, alm. knopurt, alm. hornblad, marksyre, lille storken\u00e6b, r\u00f8d storken\u00e6b, storken\u00e6b, krybende ranunkel, markkl\u00f8ver, alm. r\u00f8llike, agertidsel, skvalderk\u00e5l, stor n\u00e6lde, markbynke, persisk gyldenris, kirtelpil.<\/p>\n<h4>Agrosar 360 SL afdragsfri periode:<\/h4>\n<p>\u00c6ble, stikkelsb\u00e6r, aronia, solb\u00e6r, ribs, p\u00e6re, fersken, kirseb\u00e6r, abrikos, blomme, surkirseb\u00e6r &#8211; 7 dage<\/p>\n<p>Plantebeskyttelsesmidler skal bruges p\u00e5 en sikker m\u00e5de. L\u00e6s etiketten og produktbeskrivelsen f\u00f8r brug. Plantebeskyttelsesmidler til professionel brug m\u00e5 kun k\u00f8bes af voksne og personer med de kvalifikationer, der kr\u00e6ves for k\u00f8bere af plantebeskyttelsesmidler, som defineret i loven om plantebeskyttelsesmidler. Manglende opfyldelse af disse krav udg\u00f8r en overtr\u00e6delse af butikkens regler.  <\/p>\n<p class=\"p1\"><strong>Etiket: <\/strong><a title=\"Agrosar 360 SL\" href=\"https:\/\/gardenersfriend.eu\/wp-content\/uploads\/2026\/02\/etykieta_agrosar_360_sl_DK.pdf\" target=\"_blank\" rel=\"noopener\">Agrosar 360 SL_DK<\/a><\/p>\n<p class=\"p1\"><strong>Producentens websted:<\/strong> <a title=\"Qemetica-siden\" href=\"https:\/\/qemetica-agro.pl\/pl\" target=\"_blank\" rel=\"noopener\">Qemetica<\/a><\/p>\n<p><strong>Andet ukrudtsmiddel: <\/strong><a href=\"https:\/\/gardenersfriend.eu\/da\/product-category\/alle-produkter\/herbicid\/\">Herbicid<\/a><\/p>\n\n<h5>Juridiske oplysninger<\/h5>\n<p>\nTips! Brug pesticider forsigtigt. L\u00e6s etiketten og produktinformationen f\u00f8r brug. Tilladt for ikke-professionelle brugere. Undtagelse: K\u00f8ber fra Belgien erkl\u00e6rer, at han\np\u00e5 k\u00f8bstidspunktet har fuld retsevne\nog har de relevante kvalifikationer, der kr\u00e6ves af\npersoner, der k\u00f8ber plantebeskyttelsesmidler.\n\nI henhold til art. 28 i lov af 8. marts 2013 om plantebeskyttelsesmidler (Journal of Laws 2020, item 2097), fra 26. november 2015 m\u00e5 plantebeskyttelsesmidler beregnet til professionelle brugere s\u00e6lges til personer, der:\n\nPunkt 1 - har gennemf\u00f8rt uddannelse i brugen af \u200b\u200bplantebeskyttelsesmidler i Republikken Polen bekr\u00e6ftet af et certifikat for gennemf\u00f8relse af denne uddannelse, eller\n\nPunkt 2 - har gennemf\u00f8rt uddannelse i r\u00e5dgivning om plantebeskyttelsesmidler i Republikken Polen bekr\u00e6ftet af et certifikat for gennemf\u00f8relse af denne uddannelse, eller\n\nPunkt 3 - har gennemf\u00f8rt uddannelse i integreret planteproduktion bekr\u00e6ftet af et certifikat for gennemf\u00f8relse af denne uddannelse, eller\n\nPunkt 4 - tidligst 5 \u00e5r f\u00f8r k\u00f8b af disse midler har gennemf\u00f8rt den uddannelse, der kr\u00e6ves af professionelle brugere i en anden EU-medlemsstat eller i et land, der er part i aftalen om Det Europ\u00e6iske \u00d8konomiske Samarbejdsomr\u00e5de, p\u00e5 grundlag af de g\u00e6ldende bestemmelser i det p\u00e5g\u00e6ldende land, bekr\u00e6ftet af et dokument for gennemf\u00f8relse af denne uddannelse, eller de har fremlagt et andet dokument udstedt i henhold til de g\u00e6ldende regler i det p\u00e5g\u00e6ldende land, der bekr\u00e6fter at de har f\u00e5et tilladelse til at k\u00f8be plantebeskyttelsesmidler beregnet til professionelle brugere.\n\nVigtigt!\nKun personer over 18 \u00e5r m\u00e5 bruge plantebeskyttelsesmidler.\nPlantebeskyttelsesmidler skal anvendes sikkert.\nL\u00e6s oplysningerne p\u00e5 etiketten og produktinformationen f\u00f8r hver brug.\n<\/p>\n","protected":false},"excerpt":{"rendered":"<p>Dr\u00e6b ukrudtet hurtigt med Agrosar 360 SL Glyphosat Herbicid. Effektivt p\u00e5 h\u00e5rdt ukrudt, herunder kvikgr\u00e6s og markvalmue, med synlige resultater p\u00e5 f\u00e5 dage. <\/p>\n","protected":false},"featured_media":7927,"comment_status":"open","ping_status":"closed","template":"","meta":{"_uag_custom_page_level_css":"","site-sidebar-layout":"default","site-content-layout":"","ast-site-content-layout":"default","site-content-style":"default","site-sidebar-style":"default","ast-global-header-display":"","ast-banner-title-visibility":"","ast-main-header-display":"","ast-hfb-above-header-display":"","ast-hfb-below-header-display":"","ast-hfb-mobile-header-display":"","site-post-title":"","ast-breadcrumbs-content":"","ast-featured-img":"","footer-sml-layout":"","ast-disable-related-posts":"","theme-transparent-header-meta":"default","adv-header-id-meta":"","stick-header-meta":"","header-above-stick-meta":"","header-main-stick-meta":"","header-below-stick-meta":"","astra-migrate-meta-layouts":"default","ast-page-background-enabled":"default","ast-page-background-meta":{"desktop":{"background-color":"var(--ast-global-color-4)","background-image":"","background-repeat":"repeat","background-position":"center center","background-size":"auto","background-attachment":"scroll","background-type":"","background-media":"","overlay-type":"","overlay-color":"","overlay-opacity":"","overlay-gradient":""},"tablet":{"background-color":"","background-image":"","background-repeat":"repeat","background-position":"center center","background-size":"auto","background-attachment":"scroll","background-type":"","background-media":"","overlay-type":"","overlay-color":"","overlay-opacity":"","overlay-gradient":""},"mobile":{"background-color":"","background-image":"","background-repeat":"repeat","background-position":"center center","background-size":"auto","background-attachment":"scroll","background-type":"","background-media":"","overlay-type":"","overlay-color":"","overlay-opacity":"","overlay-gradient":""}},"ast-content-background-meta":{"desktop":{"background-color":"var(--ast-global-color-5)","background-image":"","background-repeat":"repeat","background-position":"center center","background-size":"auto","background-attachment":"scroll","background-type":"","background-media":"","overlay-type":"","overlay-color":"","overlay-opacity":"","overlay-gradient":""},"tablet":{"background-color":"var(--ast-global-color-5)","background-image":"","background-repeat":"repeat","background-position":"center center","background-size":"auto","background-attachment":"scroll","background-type":"","background-media":"","overlay-type":"","overlay-color":"","overlay-opacity":"","overlay-gradient":""},"mobile":{"background-color":"var(--ast-global-color-5)","background-image":"","background-repeat":"repeat","background-position":"center center","background-size":"auto","background-attachment":"scroll","background-type":"","background-media":"","overlay-type":"","overlay-color":"","overlay-opacity":"","overlay-gradient":""}}},"product_brand":[],"product_cat":[94,175],"product_tag":[],"class_list":{"0":"post-7996","1":"product","2":"type-product","3":"status-publish","4":"has-post-thumbnail","6":"product_cat-alle-produkter","7":"product_cat-herbicid","8":"desktop-align-left","9":"tablet-align-left","10":"mobile-align-left","12":"first","13":"instock","14":"taxable","15":"shipping-taxable","16":"purchasable","17":"product-type-variable","18":"has-default-attributes"},"yoast_head":"<!-- This site is optimized with the Yoast SEO plugin v27.4 - https:\/\/yoast.com\/product\/yoast-seo-wordpress\/ -->\n<title>Agrosar 360 SL Glyphosat-herbicid - Gardeners Friend<\/title>\n<meta name=\"description\" content=\"Dr\u00e6b ukrudtet hurtigt med Agrosar 360 SL Glyphosat Herbicid. Effektivt p\u00e5 h\u00e5rdt ukrudt, herunder kvikgr\u00e6s og markvalmue, med synlige resultater p\u00e5 f\u00e5 dage.\" \/>\n<meta name=\"robots\" content=\"index, follow, max-snippet:-1, max-image-preview:large, max-video-preview:-1\" \/>\n<link rel=\"canonical\" href=\"https:\/\/gardenersfriend.eu\/da\/vare\/agrosar-360-sl-glyphosat-herbicid\/\" \/>\n<meta property=\"og:locale\" content=\"da_DK\" \/>\n<meta property=\"og:type\" content=\"article\" \/>\n<meta property=\"og:title\" content=\"Agrosar 360 SL Glyphosat-herbicid - Gardeners Friend\" \/>\n<meta property=\"og:description\" content=\"Dr\u00e6b ukrudtet hurtigt med Agrosar 360 SL Glyphosat Herbicid. Effektivt p\u00e5 h\u00e5rdt ukrudt, herunder kvikgr\u00e6s og markvalmue, med synlige resultater p\u00e5 f\u00e5 dage.\" \/>\n<meta property=\"og:url\" content=\"https:\/\/gardenersfriend.eu\/da\/vare\/agrosar-360-sl-glyphosat-herbicid\/\" \/>\n<meta property=\"og:site_name\" content=\"Gardeners Friend\" \/>\n<meta property=\"article:publisher\" content=\"https:\/\/www.facebook.com\/people\/Gardeners-Friend-Store\/61566268054378\/\" \/>\n<meta property=\"article:modified_time\" content=\"2026-04-23T13:18:07+00:00\" \/>\n<meta property=\"og:image\" content=\"https:\/\/gardenersfriend.eu\/wp-content\/uploads\/2025\/10\/AGROSAR_360_SL_1L_glifosat.jpg.webp\" \/>\n\t<meta property=\"og:image:width\" content=\"1200\" \/>\n\t<meta property=\"og:image:height\" content=\"1200\" \/>\n\t<meta property=\"og:image:type\" content=\"image\/webp\" \/>\n<meta name=\"twitter:card\" content=\"summary_large_image\" \/>\n<meta name=\"twitter:label1\" content=\"Estimeret l\u00e6setid\" \/>\n\t<meta name=\"twitter:data1\" content=\"2 minutter\" \/>\n<script type=\"application\/ld+json\" class=\"yoast-schema-graph\">{\"@context\":\"https:\\\/\\\/schema.org\",\"@graph\":[{\"@type\":\"WebPage\",\"@id\":\"https:\\\/\\\/gardenersfriend.eu\\\/da\\\/vare\\\/agrosar-360-sl-glyphosat-herbicid\\\/\",\"url\":\"https:\\\/\\\/gardenersfriend.eu\\\/da\\\/vare\\\/agrosar-360-sl-glyphosat-herbicid\\\/\",\"name\":\"Agrosar 360 SL Glyphosat-herbicid - Gardeners Friend\",\"isPartOf\":{\"@id\":\"https:\\\/\\\/gardenersfriend.eu\\\/da\\\/#website\"},\"primaryImageOfPage\":{\"@id\":\"https:\\\/\\\/gardenersfriend.eu\\\/da\\\/vare\\\/agrosar-360-sl-glyphosat-herbicid\\\/#primaryimage\"},\"image\":{\"@id\":\"https:\\\/\\\/gardenersfriend.eu\\\/da\\\/vare\\\/agrosar-360-sl-glyphosat-herbicid\\\/#primaryimage\"},\"thumbnailUrl\":\"https:\\\/\\\/gardenersfriend.eu\\\/wp-content\\\/uploads\\\/2025\\\/10\\\/AGROSAR_360_SL_1L_glifosat.jpg.webp\",\"datePublished\":\"2025-10-28T01:15:40+00:00\",\"dateModified\":\"2026-04-23T13:18:07+00:00\",\"description\":\"Dr\u00e6b ukrudtet hurtigt med Agrosar 360 SL Glyphosat Herbicid. Effektivt p\u00e5 h\u00e5rdt ukrudt, herunder kvikgr\u00e6s og markvalmue, med synlige resultater p\u00e5 f\u00e5 dage.\",\"breadcrumb\":{\"@id\":\"https:\\\/\\\/gardenersfriend.eu\\\/da\\\/vare\\\/agrosar-360-sl-glyphosat-herbicid\\\/#breadcrumb\"},\"inLanguage\":\"da-DK\",\"potentialAction\":[{\"@type\":\"ReadAction\",\"target\":[\"https:\\\/\\\/gardenersfriend.eu\\\/da\\\/vare\\\/agrosar-360-sl-glyphosat-herbicid\\\/\"]}]},{\"@type\":\"ImageObject\",\"inLanguage\":\"da-DK\",\"@id\":\"https:\\\/\\\/gardenersfriend.eu\\\/da\\\/vare\\\/agrosar-360-sl-glyphosat-herbicid\\\/#primaryimage\",\"url\":\"https:\\\/\\\/gardenersfriend.eu\\\/wp-content\\\/uploads\\\/2025\\\/10\\\/AGROSAR_360_SL_1L_glifosat.jpg.webp\",\"contentUrl\":\"https:\\\/\\\/gardenersfriend.eu\\\/wp-content\\\/uploads\\\/2025\\\/10\\\/AGROSAR_360_SL_1L_glifosat.jpg.webp\",\"width\":1200,\"height\":1200,\"caption\":\"AGROSAR 360 SL 1L\"},{\"@type\":\"BreadcrumbList\",\"@id\":\"https:\\\/\\\/gardenersfriend.eu\\\/da\\\/vare\\\/agrosar-360-sl-glyphosat-herbicid\\\/#breadcrumb\",\"itemListElement\":[{\"@type\":\"ListItem\",\"position\":1,\"name\":\"Strona g\u0142\u00f3wna\",\"item\":\"https:\\\/\\\/gardenersfriend.eu\\\/da\\\/\"},{\"@type\":\"ListItem\",\"position\":2,\"name\":\"Shop\",\"item\":\"https:\\\/\\\/gardenersfriend.eu\\\/shop\\\/\"},{\"@type\":\"ListItem\",\"position\":3,\"name\":\"Agrosar 360 SL Glyphosat-herbicid\"}]},{\"@type\":\"WebSite\",\"@id\":\"https:\\\/\\\/gardenersfriend.eu\\\/da\\\/#website\",\"url\":\"https:\\\/\\\/gardenersfriend.eu\\\/da\\\/\",\"name\":\"Gardeners Friend\",\"description\":\"herbicides, fertilisers, roundup\",\"publisher\":{\"@id\":\"https:\\\/\\\/gardenersfriend.eu\\\/da\\\/#organization\"},\"potentialAction\":[{\"@type\":\"SearchAction\",\"target\":{\"@type\":\"EntryPoint\",\"urlTemplate\":\"https:\\\/\\\/gardenersfriend.eu\\\/da\\\/?s={search_term_string}\"},\"query-input\":{\"@type\":\"PropertyValueSpecification\",\"valueRequired\":true,\"valueName\":\"search_term_string\"}}],\"inLanguage\":\"da-DK\"},{\"@type\":\"Organization\",\"@id\":\"https:\\\/\\\/gardenersfriend.eu\\\/da\\\/#organization\",\"name\":\"Gardeners Friend\",\"url\":\"https:\\\/\\\/gardenersfriend.eu\\\/da\\\/\",\"logo\":{\"@type\":\"ImageObject\",\"inLanguage\":\"da-DK\",\"@id\":\"https:\\\/\\\/gardenersfriend.eu\\\/da\\\/#\\\/schema\\\/logo\\\/image\\\/\",\"url\":\"https:\\\/\\\/gardenersfriend.eu\\\/wp-content\\\/uploads\\\/2025\\\/09\\\/gf_accepted_big_logo.png\",\"contentUrl\":\"https:\\\/\\\/gardenersfriend.eu\\\/wp-content\\\/uploads\\\/2025\\\/09\\\/gf_accepted_big_logo.png\",\"width\":2000,\"height\":1000,\"caption\":\"Gardeners Friend\"},\"image\":{\"@id\":\"https:\\\/\\\/gardenersfriend.eu\\\/da\\\/#\\\/schema\\\/logo\\\/image\\\/\"},\"sameAs\":[\"https:\\\/\\\/www.facebook.com\\\/people\\\/Gardeners-Friend-Store\\\/61566268054378\\\/\",\"https:\\\/\\\/www.instagram.com\\\/gardeners_friend_store\\\/\"]}]}<\/script>\n<!-- \/ Yoast SEO plugin. -->","yoast_head_json":{"title":"Agrosar 360 SL Glyphosat-herbicid - Gardeners Friend","description":"Dr\u00e6b ukrudtet hurtigt med Agrosar 360 SL Glyphosat Herbicid. Effektivt p\u00e5 h\u00e5rdt ukrudt, herunder kvikgr\u00e6s og markvalmue, med synlige resultater p\u00e5 f\u00e5 dage.","robots":{"index":"index","follow":"follow","max-snippet":"max-snippet:-1","max-image-preview":"max-image-preview:large","max-video-preview":"max-video-preview:-1"},"canonical":"https:\/\/gardenersfriend.eu\/da\/vare\/agrosar-360-sl-glyphosat-herbicid\/","og_locale":"da_DK","og_type":"article","og_title":"Agrosar 360 SL Glyphosat-herbicid - Gardeners Friend","og_description":"Dr\u00e6b ukrudtet hurtigt med Agrosar 360 SL Glyphosat Herbicid. Effektivt p\u00e5 h\u00e5rdt ukrudt, herunder kvikgr\u00e6s og markvalmue, med synlige resultater p\u00e5 f\u00e5 dage.","og_url":"https:\/\/gardenersfriend.eu\/da\/vare\/agrosar-360-sl-glyphosat-herbicid\/","og_site_name":"Gardeners Friend","article_publisher":"https:\/\/www.facebook.com\/people\/Gardeners-Friend-Store\/61566268054378\/","article_modified_time":"2026-04-23T13:18:07+00:00","og_image":[{"width":1200,"height":1200,"url":"https:\/\/gardenersfriend.eu\/wp-content\/uploads\/2025\/10\/AGROSAR_360_SL_1L_glifosat.jpg.webp","type":"image\/webp"}],"twitter_card":"summary_large_image","twitter_misc":{"Estimeret l\u00e6setid":"2 minutter"},"schema":{"@context":"https:\/\/schema.org","@graph":[{"@type":"WebPage","@id":"https:\/\/gardenersfriend.eu\/da\/vare\/agrosar-360-sl-glyphosat-herbicid\/","url":"https:\/\/gardenersfriend.eu\/da\/vare\/agrosar-360-sl-glyphosat-herbicid\/","name":"Agrosar 360 SL Glyphosat-herbicid - Gardeners Friend","isPartOf":{"@id":"https:\/\/gardenersfriend.eu\/da\/#website"},"primaryImageOfPage":{"@id":"https:\/\/gardenersfriend.eu\/da\/vare\/agrosar-360-sl-glyphosat-herbicid\/#primaryimage"},"image":{"@id":"https:\/\/gardenersfriend.eu\/da\/vare\/agrosar-360-sl-glyphosat-herbicid\/#primaryimage"},"thumbnailUrl":"https:\/\/gardenersfriend.eu\/wp-content\/uploads\/2025\/10\/AGROSAR_360_SL_1L_glifosat.jpg.webp","datePublished":"2025-10-28T01:15:40+00:00","dateModified":"2026-04-23T13:18:07+00:00","description":"Dr\u00e6b ukrudtet hurtigt med Agrosar 360 SL Glyphosat Herbicid. Effektivt p\u00e5 h\u00e5rdt ukrudt, herunder kvikgr\u00e6s og markvalmue, med synlige resultater p\u00e5 f\u00e5 dage.","breadcrumb":{"@id":"https:\/\/gardenersfriend.eu\/da\/vare\/agrosar-360-sl-glyphosat-herbicid\/#breadcrumb"},"inLanguage":"da-DK","potentialAction":[{"@type":"ReadAction","target":["https:\/\/gardenersfriend.eu\/da\/vare\/agrosar-360-sl-glyphosat-herbicid\/"]}]},{"@type":"ImageObject","inLanguage":"da-DK","@id":"https:\/\/gardenersfriend.eu\/da\/vare\/agrosar-360-sl-glyphosat-herbicid\/#primaryimage","url":"https:\/\/gardenersfriend.eu\/wp-content\/uploads\/2025\/10\/AGROSAR_360_SL_1L_glifosat.jpg.webp","contentUrl":"https:\/\/gardenersfriend.eu\/wp-content\/uploads\/2025\/10\/AGROSAR_360_SL_1L_glifosat.jpg.webp","width":1200,"height":1200,"caption":"AGROSAR 360 SL 1L"},{"@type":"BreadcrumbList","@id":"https:\/\/gardenersfriend.eu\/da\/vare\/agrosar-360-sl-glyphosat-herbicid\/#breadcrumb","itemListElement":[{"@type":"ListItem","position":1,"name":"Strona g\u0142\u00f3wna","item":"https:\/\/gardenersfriend.eu\/da\/"},{"@type":"ListItem","position":2,"name":"Shop","item":"https:\/\/gardenersfriend.eu\/shop\/"},{"@type":"ListItem","position":3,"name":"Agrosar 360 SL Glyphosat-herbicid"}]},{"@type":"WebSite","@id":"https:\/\/gardenersfriend.eu\/da\/#website","url":"https:\/\/gardenersfriend.eu\/da\/","name":"Gardeners Friend","description":"herbicides, fertilisers, roundup","publisher":{"@id":"https:\/\/gardenersfriend.eu\/da\/#organization"},"potentialAction":[{"@type":"SearchAction","target":{"@type":"EntryPoint","urlTemplate":"https:\/\/gardenersfriend.eu\/da\/?s={search_term_string}"},"query-input":{"@type":"PropertyValueSpecification","valueRequired":true,"valueName":"search_term_string"}}],"inLanguage":"da-DK"},{"@type":"Organization","@id":"https:\/\/gardenersfriend.eu\/da\/#organization","name":"Gardeners Friend","url":"https:\/\/gardenersfriend.eu\/da\/","logo":{"@type":"ImageObject","inLanguage":"da-DK","@id":"https:\/\/gardenersfriend.eu\/da\/#\/schema\/logo\/image\/","url":"https:\/\/gardenersfriend.eu\/wp-content\/uploads\/2025\/09\/gf_accepted_big_logo.png","contentUrl":"https:\/\/gardenersfriend.eu\/wp-content\/uploads\/2025\/09\/gf_accepted_big_logo.png","width":2000,"height":1000,"caption":"Gardeners Friend"},"image":{"@id":"https:\/\/gardenersfriend.eu\/da\/#\/schema\/logo\/image\/"},"sameAs":["https:\/\/www.facebook.com\/people\/Gardeners-Friend-Store\/61566268054378\/","https:\/\/www.instagram.com\/gardeners_friend_store\/"]}]}},"uagb_featured_image_src":{"full":["https:\/\/gardenersfriend.eu\/wp-content\/uploads\/2025\/10\/AGROSAR_360_SL_1L_glifosat.jpg.webp",1200,1200,false],"thumbnail":["https:\/\/gardenersfriend.eu\/wp-content\/uploads\/2025\/10\/AGROSAR_360_SL_1L_glifosat.jpg-150x150.webp",150,150,true],"medium":["https:\/\/gardenersfriend.eu\/wp-content\/uploads\/2025\/10\/AGROSAR_360_SL_1L_glifosat.jpg-300x300.webp",300,300,true],"medium_large":["https:\/\/gardenersfriend.eu\/wp-content\/uploads\/2025\/10\/AGROSAR_360_SL_1L_glifosat.jpg-768x768.webp",768,768,true],"large":["https:\/\/gardenersfriend.eu\/wp-content\/uploads\/2025\/10\/AGROSAR_360_SL_1L_glifosat.jpg-1024x1024.webp",1024,1024,true],"1536x1536":["https:\/\/gardenersfriend.eu\/wp-content\/uploads\/2025\/10\/AGROSAR_360_SL_1L_glifosat.jpg.webp",1200,1200,false],"2048x2048":["https:\/\/gardenersfriend.eu\/wp-content\/uploads\/2025\/10\/AGROSAR_360_SL_1L_glifosat.jpg.webp",1200,1200,false],"woocommerce_thumbnail":["https:\/\/gardenersfriend.eu\/wp-content\/uploads\/2025\/10\/AGROSAR_360_SL_1L_glifosat.jpg-300x300.webp",300,300,true],"woocommerce_single":["https:\/\/gardenersfriend.eu\/wp-content\/uploads\/2025\/10\/AGROSAR_360_SL_1L_glifosat.jpg-600x600.webp",600,600,true],"woocommerce_gallery_thumbnail":["https:\/\/gardenersfriend.eu\/wp-content\/uploads\/2025\/10\/AGROSAR_360_SL_1L_glifosat.jpg-100x100.webp",100,100,true]},"uagb_author_info":{"display_name":"admin","author_link":"https:\/\/gardenersfriend.eu\/da\/author\/"},"uagb_comment_info":0,"uagb_excerpt":"Dr\u00e6b ukrudtet hurtigt med Agrosar 360 SL Glyphosat Herbicid. Effektivt p\u00e5 h\u00e5rdt ukrudt, herunder kvikgr\u00e6s og markvalmue, med synlige resultater p\u00e5 f\u00e5 dage.","jetpack_sharing_enabled":true,"_links":{"self":[{"href":"https:\/\/gardenersfriend.eu\/da\/wp-json\/wp\/v2\/product\/7996","targetHints":{"allow":["GET"]}}],"collection":[{"href":"https:\/\/gardenersfriend.eu\/da\/wp-json\/wp\/v2\/product"}],"about":[{"href":"https:\/\/gardenersfriend.eu\/da\/wp-json\/wp\/v2\/types\/product"}],"replies":[{"embeddable":true,"href":"https:\/\/gardenersfriend.eu\/da\/wp-json\/wp\/v2\/comments?post=7996"}],"wp:featuredmedia":[{"embeddable":true,"href":"https:\/\/gardenersfriend.eu\/da\/wp-json\/wp\/v2\/media\/7927"}],"wp:attachment":[{"href":"https:\/\/gardenersfriend.eu\/da\/wp-json\/wp\/v2\/media?parent=7996"}],"wp:term":[{"taxonomy":"product_brand","embeddable":true,"href":"https:\/\/gardenersfriend.eu\/da\/wp-json\/wp\/v2\/product_brand?post=7996"},{"taxonomy":"product_cat","embeddable":true,"href":"https:\/\/gardenersfriend.eu\/da\/wp-json\/wp\/v2\/product_cat?post=7996"},{"taxonomy":"product_tag","embeddable":true,"href":"https:\/\/gardenersfriend.eu\/da\/wp-json\/wp\/v2\/product_tag?post=7996"}],"curies":[{"name":"wp","href":"https:\/\/api.w.org\/{rel}","templated":true}]}}