{"id":8543,"date":"2026-01-21T10:12:17","date_gmt":"2026-01-21T09:12:17","guid":{"rendered":"https:\/\/gardenersfriend.eu\/product\/gallup-special-360-sl\/"},"modified":"2026-04-23T15:18:14","modified_gmt":"2026-04-23T13:18:14","slug":"gallup-special-360-sl","status":"publish","type":"product","link":"https:\/\/gardenersfriend.eu\/da\/vare\/gallup-special-360-sl\/","title":{"rendered":"Gallup Special 360 SL"},"content":{"rendered":"<h2 class=\"p1\">Gallup Special 360 SL<\/h2>\n<p class=\"p1\">Gallup Special 360 er et selektivt herbicid med systemisk virkning i form af et koncentrat, der bek\u00e6mper alle gr\u00f8nne planter.<\/p>\n<p class=\"p1\"><strong>Gallup Special<\/strong> er et selektivt herbicid med systemisk virkning, der anvendes p\u00e5 bladene i form af et koncentrat til vandig opl\u00f8sning (SL). If\u00f8lge HRAC-klassificeringen tilh\u00f8rer den aktive ingrediens glyphosat gruppe 9, som er et n\u00f8gleenzym i shikiminsyre-metabolismen, der er involveret i biosyntesen af aromatiske aminosyrer. I planten h\u00e6mmer det syntesen af proteiner, der er vigtige for plantens v\u00e6kst. Gallup Special 360 SL anvendes efter h\u00f8st, f\u00f8r dyrkning efter h\u00f8st, i \u00e6bleplantager og p\u00e5 ubrugte omr\u00e5der. Produktet er beregnet til brug med selvk\u00f8rende eller traktormonterede markspr\u00f8jter og h\u00e5ndholdte spr\u00f8jter. De f\u00f8rste symptomer p\u00e5 produktets virkning (gulfarvning og visnen) er synlige 7-10 dage efter p\u00e5f\u00f8ring. Fuldst\u00e6ndig planted\u00f8d indtr\u00e6ffer efter ca. 3 uger. H\u00f8j temperatur, fugtighed og st\u00e6rkt sollys fremskynder produktets virkning.       <\/p>\n<p class=\"p1\">N\u00e5r man bruger et glyphosatbaseret produkt, er det v\u00e6rd at overveje de langsigtede virkninger af behandlingen. AS Premium, en dedikeret glyphosatadjuvans, reducerer ukrudtets genv\u00e6kst betydeligt. Dette produkt forbedrer indtr\u00e6ngningen og transporten af den aktive ingrediens i planterne.<br \/>\n<strong>AS Premium udviser vandkonditionerende egenskaber ved:<\/strong><\/p>\n<ul>\n<li>indflydelse p\u00e5 at \u00f8ge dr\u00e5bernes vedh\u00e6ftning,<\/li>\n<li>befugtningsegenskaber,<\/li>\n<li>reducere vandets h\u00e5rdhed,<\/li>\n<li>regulering af spr\u00f8jtev\u00e6skens pH-v\u00e6rdi<\/li>\n<\/ul>\n<h3>Indhold af aktive stoffer i plantebeskyttelsesmidlet Gallup Special 360 SL:<\/h3>\n<ul>\n<li>glyphosat (en forbindelse fra aminophosphonatgruppen) &#8211; 360 g\/l (31 %) i form af isopropylaminsalt.<\/li>\n<\/ul>\n<h3>Fordele ved at bruge Gallup Special-spr\u00f8jtning:<\/h3>\n<ul>\n<li>Meget effektiv,<\/li>\n<li>hurtig indsats,<\/li>\n<li>den bedste m\u00e5de at bek\u00e6mpe ukrudt p\u00e5,<\/li>\n<li>\u00f8del\u00e6gger alle en- og fler\u00e5rige ukrudtsarter, inklusive den meget besv\u00e6rlige kvikgr\u00e6s,<\/li>\n<li>effektiv afskaffelse af brak og udyrket jord,<\/li>\n<li>nem og bred vifte af anvendelsesmuligheder<\/li>\n<\/ul>\n<h3>Gallup Special &#8211; hvilket ukrudt virker den p\u00e5?<\/h3>\n<p>If\u00f8lge HRAC-klassificeringen er den aktive ingrediens glyphosat klassificeret som gruppe 9, et n\u00f8gleenzym i shikiminsyre-metabolismen, der er involveret i biosyntesen af aromatiske aminosyrer. I planten h\u00e6mmer det syntesen af proteiner, der er vigtige for plantens v\u00e6kst. Midlet absorberes af de gr\u00f8nne dele af planten (blade, gr\u00f8nne skud og ikke-tr\u00e6agtig bark), bev\u00e6ger sig derefter gennem hele planten og n\u00e5r dens underjordiske dele (r\u00f8dder, udl\u00f8bere osv.) og for\u00e5rsager deres d\u00f8d. De f\u00f8rste symptomer p\u00e5 midlets virkning (gulfarvning og visnen) er synlige 7-10 dage efter p\u00e5f\u00f8ring. Fuldst\u00e6ndig planted\u00f8d indtr\u00e6ffer efter ca. 3 uger. H\u00f8j temperatur og luftfugtighed samt st\u00e6rkt sollys fremskynder midlets virkning.     <\/p>\n<p class=\"p1\"><strong>Label: <\/strong><a title=\"Gallup Special 360 SL\" href=\"https:\/\/gardenersfriend.eu\/wp-content\/uploads\/2026\/02\/Gallup_Special_360_DK.pdf\" target=\"_blank\" rel=\"noopener\">Gallup Special 360 SL_DK<\/a><\/p>\n<p class=\"p1\"><strong>Producentens websted:<\/strong> <a title=\"Barclay Plantebeskyttelse\" href=\"https:\/\/www.barclay.ie\/\" target=\"_blank\" rel=\"noopener\">Barclay Plantebeskyttelse<\/a><\/p>\n\n<h5>Juridiske oplysninger<\/h5>\n<p>\nTips! Brug pesticider forsigtigt. L\u00e6s etiketten og produktinformationen f\u00f8r brug. Tilladt for ikke-professionelle brugere. Undtagelse: K\u00f8ber fra Belgien erkl\u00e6rer, at han\np\u00e5 k\u00f8bstidspunktet har fuld retsevne\nog har de relevante kvalifikationer, der kr\u00e6ves af\npersoner, der k\u00f8ber plantebeskyttelsesmidler.\n\nI henhold til art. 28 i lov af 8. marts 2013 om plantebeskyttelsesmidler (Journal of Laws 2020, item 2097), fra 26. november 2015 m\u00e5 plantebeskyttelsesmidler beregnet til professionelle brugere s\u00e6lges til personer, der:\n\nPunkt 1 - har gennemf\u00f8rt uddannelse i brugen af \u200b\u200bplantebeskyttelsesmidler i Republikken Polen bekr\u00e6ftet af et certifikat for gennemf\u00f8relse af denne uddannelse, eller\n\nPunkt 2 - har gennemf\u00f8rt uddannelse i r\u00e5dgivning om plantebeskyttelsesmidler i Republikken Polen bekr\u00e6ftet af et certifikat for gennemf\u00f8relse af denne uddannelse, eller\n\nPunkt 3 - har gennemf\u00f8rt uddannelse i integreret planteproduktion bekr\u00e6ftet af et certifikat for gennemf\u00f8relse af denne uddannelse, eller\n\nPunkt 4 - tidligst 5 \u00e5r f\u00f8r k\u00f8b af disse midler har gennemf\u00f8rt den uddannelse, der kr\u00e6ves af professionelle brugere i en anden EU-medlemsstat eller i et land, der er part i aftalen om Det Europ\u00e6iske \u00d8konomiske Samarbejdsomr\u00e5de, p\u00e5 grundlag af de g\u00e6ldende bestemmelser i det p\u00e5g\u00e6ldende land, bekr\u00e6ftet af et dokument for gennemf\u00f8relse af denne uddannelse, eller de har fremlagt et andet dokument udstedt i henhold til de g\u00e6ldende regler i det p\u00e5g\u00e6ldende land, der bekr\u00e6fter at de har f\u00e5et tilladelse til at k\u00f8be plantebeskyttelsesmidler beregnet til professionelle brugere.\n\nVigtigt!\nKun personer over 18 \u00e5r m\u00e5 bruge plantebeskyttelsesmidler.\nPlantebeskyttelsesmidler skal anvendes sikkert.\nL\u00e6s oplysningerne p\u00e5 etiketten og produktinformationen f\u00f8r hver brug.\n<\/p>\n","protected":false},"excerpt":{"rendered":"<p>Gallup Special 360 SL Selektivt herbicid med systemisk virkning i form af et koncentrat, der bek\u00e6mper alle gr\u00f8nne planter.<\/p>\n","protected":false},"featured_media":8411,"comment_status":"open","ping_status":"closed","template":"","meta":{"_uag_custom_page_level_css":"","site-sidebar-layout":"default","site-content-layout":"","ast-site-content-layout":"default","site-content-style":"default","site-sidebar-style":"default","ast-global-header-display":"","ast-banner-title-visibility":"","ast-main-header-display":"","ast-hfb-above-header-display":"","ast-hfb-below-header-display":"","ast-hfb-mobile-header-display":"","site-post-title":"","ast-breadcrumbs-content":"","ast-featured-img":"","footer-sml-layout":"","ast-disable-related-posts":"","theme-transparent-header-meta":"default","adv-header-id-meta":"","stick-header-meta":"","header-above-stick-meta":"","header-main-stick-meta":"","header-below-stick-meta":"","astra-migrate-meta-layouts":"default","ast-page-background-enabled":"default","ast-page-background-meta":{"desktop":{"background-color":"var(--ast-global-color-4)","background-image":"","background-repeat":"repeat","background-position":"center center","background-size":"auto","background-attachment":"scroll","background-type":"","background-media":"","overlay-type":"","overlay-color":"","overlay-opacity":"","overlay-gradient":""},"tablet":{"background-color":"","background-image":"","background-repeat":"repeat","background-position":"center center","background-size":"auto","background-attachment":"scroll","background-type":"","background-media":"","overlay-type":"","overlay-color":"","overlay-opacity":"","overlay-gradient":""},"mobile":{"background-color":"","background-image":"","background-repeat":"repeat","background-position":"center center","background-size":"auto","background-attachment":"scroll","background-type":"","background-media":"","overlay-type":"","overlay-color":"","overlay-opacity":"","overlay-gradient":""}},"ast-content-background-meta":{"desktop":{"background-color":"var(--ast-global-color-5)","background-image":"","background-repeat":"repeat","background-position":"center center","background-size":"auto","background-attachment":"scroll","background-type":"","background-media":"","overlay-type":"","overlay-color":"","overlay-opacity":"","overlay-gradient":""},"tablet":{"background-color":"var(--ast-global-color-5)","background-image":"","background-repeat":"repeat","background-position":"center center","background-size":"auto","background-attachment":"scroll","background-type":"","background-media":"","overlay-type":"","overlay-color":"","overlay-opacity":"","overlay-gradient":""},"mobile":{"background-color":"var(--ast-global-color-5)","background-image":"","background-repeat":"repeat","background-position":"center center","background-size":"auto","background-attachment":"scroll","background-type":"","background-media":"","overlay-type":"","overlay-color":"","overlay-opacity":"","overlay-gradient":""}}},"product_brand":[],"product_cat":[28,160],"product_tag":[],"class_list":{"0":"post-8543","1":"product","2":"type-product","3":"status-publish","4":"has-post-thumbnail","6":"product_cat-all-products","7":"product_cat-herbicide","8":"desktop-align-left","9":"tablet-align-left","10":"mobile-align-left","12":"first","13":"instock","14":"taxable","15":"shipping-taxable","16":"purchasable","17":"product-type-variable","18":"has-default-attributes"},"yoast_head":"<!-- This site is optimized with the Yoast SEO plugin v27.4 - https:\/\/yoast.com\/product\/yoast-seo-wordpress\/ -->\n<title>Gallup Special 360 SL - Gardeners Friend<\/title>\n<meta name=\"description\" content=\"Gallup Special 360 SL Selektivt herbicid med systemisk virkning i form af et koncentrat, der bek\u00e6mper alle gr\u00f8nne planter.\" \/>\n<meta name=\"robots\" content=\"index, follow, max-snippet:-1, max-image-preview:large, max-video-preview:-1\" \/>\n<link rel=\"canonical\" href=\"https:\/\/gardenersfriend.eu\/da\/vare\/gallup-special-360-sl\/\" \/>\n<meta property=\"og:locale\" content=\"da_DK\" \/>\n<meta property=\"og:type\" content=\"article\" \/>\n<meta property=\"og:title\" content=\"Gallup Special 360 SL - Gardeners Friend\" \/>\n<meta property=\"og:description\" content=\"Gallup Special 360 SL Selektivt herbicid med systemisk virkning i form af et koncentrat, der bek\u00e6mper alle gr\u00f8nne planter.\" \/>\n<meta property=\"og:url\" content=\"https:\/\/gardenersfriend.eu\/da\/vare\/gallup-special-360-sl\/\" \/>\n<meta property=\"og:site_name\" content=\"Gardeners Friend\" \/>\n<meta property=\"article:publisher\" content=\"https:\/\/www.facebook.com\/people\/Gardeners-Friend-Store\/61566268054378\/\" \/>\n<meta property=\"article:modified_time\" content=\"2026-04-23T13:18:14+00:00\" \/>\n<meta property=\"og:image\" content=\"https:\/\/gardenersfriend.eu\/wp-content\/uploads\/2026\/01\/gallup_special_360_5L.jpg\" \/>\n\t<meta property=\"og:image:width\" content=\"600\" \/>\n\t<meta property=\"og:image:height\" content=\"600\" \/>\n\t<meta property=\"og:image:type\" content=\"image\/jpeg\" \/>\n<meta name=\"twitter:card\" content=\"summary_large_image\" \/>\n<meta name=\"twitter:label1\" content=\"Estimeret l\u00e6setid\" \/>\n\t<meta name=\"twitter:data1\" content=\"2 minutter\" \/>\n<script type=\"application\/ld+json\" class=\"yoast-schema-graph\">{\"@context\":\"https:\\\/\\\/schema.org\",\"@graph\":[{\"@type\":\"WebPage\",\"@id\":\"https:\\\/\\\/gardenersfriend.eu\\\/da\\\/vare\\\/gallup-special-360-sl\\\/\",\"url\":\"https:\\\/\\\/gardenersfriend.eu\\\/da\\\/vare\\\/gallup-special-360-sl\\\/\",\"name\":\"Gallup Special 360 SL - Gardeners Friend\",\"isPartOf\":{\"@id\":\"https:\\\/\\\/gardenersfriend.eu\\\/da\\\/#website\"},\"primaryImageOfPage\":{\"@id\":\"https:\\\/\\\/gardenersfriend.eu\\\/da\\\/vare\\\/gallup-special-360-sl\\\/#primaryimage\"},\"image\":{\"@id\":\"https:\\\/\\\/gardenersfriend.eu\\\/da\\\/vare\\\/gallup-special-360-sl\\\/#primaryimage\"},\"thumbnailUrl\":\"https:\\\/\\\/gardenersfriend.eu\\\/wp-content\\\/uploads\\\/2026\\\/01\\\/gallup_special_360_5L.jpg\",\"datePublished\":\"2026-01-21T09:12:17+00:00\",\"dateModified\":\"2026-04-23T13:18:14+00:00\",\"description\":\"Gallup Special 360 SL Selektivt herbicid med systemisk virkning i form af et koncentrat, der bek\u00e6mper alle gr\u00f8nne planter.\",\"breadcrumb\":{\"@id\":\"https:\\\/\\\/gardenersfriend.eu\\\/da\\\/vare\\\/gallup-special-360-sl\\\/#breadcrumb\"},\"inLanguage\":\"da-DK\",\"potentialAction\":[{\"@type\":\"ReadAction\",\"target\":[\"https:\\\/\\\/gardenersfriend.eu\\\/da\\\/vare\\\/gallup-special-360-sl\\\/\"]}]},{\"@type\":\"ImageObject\",\"inLanguage\":\"da-DK\",\"@id\":\"https:\\\/\\\/gardenersfriend.eu\\\/da\\\/vare\\\/gallup-special-360-sl\\\/#primaryimage\",\"url\":\"https:\\\/\\\/gardenersfriend.eu\\\/wp-content\\\/uploads\\\/2026\\\/01\\\/gallup_special_360_5L.jpg\",\"contentUrl\":\"https:\\\/\\\/gardenersfriend.eu\\\/wp-content\\\/uploads\\\/2026\\\/01\\\/gallup_special_360_5L.jpg\",\"width\":600,\"height\":600,\"caption\":\"Gallup Special 360 SL 5L\"},{\"@type\":\"BreadcrumbList\",\"@id\":\"https:\\\/\\\/gardenersfriend.eu\\\/da\\\/vare\\\/gallup-special-360-sl\\\/#breadcrumb\",\"itemListElement\":[{\"@type\":\"ListItem\",\"position\":1,\"name\":\"Strona g\u0142\u00f3wna\",\"item\":\"https:\\\/\\\/gardenersfriend.eu\\\/da\\\/\"},{\"@type\":\"ListItem\",\"position\":2,\"name\":\"Shop\",\"item\":\"https:\\\/\\\/gardenersfriend.eu\\\/shop\\\/\"},{\"@type\":\"ListItem\",\"position\":3,\"name\":\"Gallup Special 360 SL\"}]},{\"@type\":\"WebSite\",\"@id\":\"https:\\\/\\\/gardenersfriend.eu\\\/da\\\/#website\",\"url\":\"https:\\\/\\\/gardenersfriend.eu\\\/da\\\/\",\"name\":\"Gardeners Friend\",\"description\":\"herbicides, fertilisers, roundup\",\"publisher\":{\"@id\":\"https:\\\/\\\/gardenersfriend.eu\\\/da\\\/#organization\"},\"potentialAction\":[{\"@type\":\"SearchAction\",\"target\":{\"@type\":\"EntryPoint\",\"urlTemplate\":\"https:\\\/\\\/gardenersfriend.eu\\\/da\\\/?s={search_term_string}\"},\"query-input\":{\"@type\":\"PropertyValueSpecification\",\"valueRequired\":true,\"valueName\":\"search_term_string\"}}],\"inLanguage\":\"da-DK\"},{\"@type\":\"Organization\",\"@id\":\"https:\\\/\\\/gardenersfriend.eu\\\/da\\\/#organization\",\"name\":\"Gardeners Friend\",\"url\":\"https:\\\/\\\/gardenersfriend.eu\\\/da\\\/\",\"logo\":{\"@type\":\"ImageObject\",\"inLanguage\":\"da-DK\",\"@id\":\"https:\\\/\\\/gardenersfriend.eu\\\/da\\\/#\\\/schema\\\/logo\\\/image\\\/\",\"url\":\"https:\\\/\\\/gardenersfriend.eu\\\/wp-content\\\/uploads\\\/2025\\\/09\\\/gf_accepted_big_logo.png\",\"contentUrl\":\"https:\\\/\\\/gardenersfriend.eu\\\/wp-content\\\/uploads\\\/2025\\\/09\\\/gf_accepted_big_logo.png\",\"width\":2000,\"height\":1000,\"caption\":\"Gardeners Friend\"},\"image\":{\"@id\":\"https:\\\/\\\/gardenersfriend.eu\\\/da\\\/#\\\/schema\\\/logo\\\/image\\\/\"},\"sameAs\":[\"https:\\\/\\\/www.facebook.com\\\/people\\\/Gardeners-Friend-Store\\\/61566268054378\\\/\",\"https:\\\/\\\/www.instagram.com\\\/gardeners_friend_store\\\/\"]}]}<\/script>\n<!-- \/ Yoast SEO plugin. -->","yoast_head_json":{"title":"Gallup Special 360 SL - Gardeners Friend","description":"Gallup Special 360 SL Selektivt herbicid med systemisk virkning i form af et koncentrat, der bek\u00e6mper alle gr\u00f8nne planter.","robots":{"index":"index","follow":"follow","max-snippet":"max-snippet:-1","max-image-preview":"max-image-preview:large","max-video-preview":"max-video-preview:-1"},"canonical":"https:\/\/gardenersfriend.eu\/da\/vare\/gallup-special-360-sl\/","og_locale":"da_DK","og_type":"article","og_title":"Gallup Special 360 SL - Gardeners Friend","og_description":"Gallup Special 360 SL Selektivt herbicid med systemisk virkning i form af et koncentrat, der bek\u00e6mper alle gr\u00f8nne planter.","og_url":"https:\/\/gardenersfriend.eu\/da\/vare\/gallup-special-360-sl\/","og_site_name":"Gardeners Friend","article_publisher":"https:\/\/www.facebook.com\/people\/Gardeners-Friend-Store\/61566268054378\/","article_modified_time":"2026-04-23T13:18:14+00:00","og_image":[{"width":600,"height":600,"url":"https:\/\/gardenersfriend.eu\/wp-content\/uploads\/2026\/01\/gallup_special_360_5L.jpg","type":"image\/jpeg"}],"twitter_card":"summary_large_image","twitter_misc":{"Estimeret l\u00e6setid":"2 minutter"},"schema":{"@context":"https:\/\/schema.org","@graph":[{"@type":"WebPage","@id":"https:\/\/gardenersfriend.eu\/da\/vare\/gallup-special-360-sl\/","url":"https:\/\/gardenersfriend.eu\/da\/vare\/gallup-special-360-sl\/","name":"Gallup Special 360 SL - Gardeners Friend","isPartOf":{"@id":"https:\/\/gardenersfriend.eu\/da\/#website"},"primaryImageOfPage":{"@id":"https:\/\/gardenersfriend.eu\/da\/vare\/gallup-special-360-sl\/#primaryimage"},"image":{"@id":"https:\/\/gardenersfriend.eu\/da\/vare\/gallup-special-360-sl\/#primaryimage"},"thumbnailUrl":"https:\/\/gardenersfriend.eu\/wp-content\/uploads\/2026\/01\/gallup_special_360_5L.jpg","datePublished":"2026-01-21T09:12:17+00:00","dateModified":"2026-04-23T13:18:14+00:00","description":"Gallup Special 360 SL Selektivt herbicid med systemisk virkning i form af et koncentrat, der bek\u00e6mper alle gr\u00f8nne planter.","breadcrumb":{"@id":"https:\/\/gardenersfriend.eu\/da\/vare\/gallup-special-360-sl\/#breadcrumb"},"inLanguage":"da-DK","potentialAction":[{"@type":"ReadAction","target":["https:\/\/gardenersfriend.eu\/da\/vare\/gallup-special-360-sl\/"]}]},{"@type":"ImageObject","inLanguage":"da-DK","@id":"https:\/\/gardenersfriend.eu\/da\/vare\/gallup-special-360-sl\/#primaryimage","url":"https:\/\/gardenersfriend.eu\/wp-content\/uploads\/2026\/01\/gallup_special_360_5L.jpg","contentUrl":"https:\/\/gardenersfriend.eu\/wp-content\/uploads\/2026\/01\/gallup_special_360_5L.jpg","width":600,"height":600,"caption":"Gallup Special 360 SL 5L"},{"@type":"BreadcrumbList","@id":"https:\/\/gardenersfriend.eu\/da\/vare\/gallup-special-360-sl\/#breadcrumb","itemListElement":[{"@type":"ListItem","position":1,"name":"Strona g\u0142\u00f3wna","item":"https:\/\/gardenersfriend.eu\/da\/"},{"@type":"ListItem","position":2,"name":"Shop","item":"https:\/\/gardenersfriend.eu\/shop\/"},{"@type":"ListItem","position":3,"name":"Gallup Special 360 SL"}]},{"@type":"WebSite","@id":"https:\/\/gardenersfriend.eu\/da\/#website","url":"https:\/\/gardenersfriend.eu\/da\/","name":"Gardeners Friend","description":"herbicides, fertilisers, roundup","publisher":{"@id":"https:\/\/gardenersfriend.eu\/da\/#organization"},"potentialAction":[{"@type":"SearchAction","target":{"@type":"EntryPoint","urlTemplate":"https:\/\/gardenersfriend.eu\/da\/?s={search_term_string}"},"query-input":{"@type":"PropertyValueSpecification","valueRequired":true,"valueName":"search_term_string"}}],"inLanguage":"da-DK"},{"@type":"Organization","@id":"https:\/\/gardenersfriend.eu\/da\/#organization","name":"Gardeners Friend","url":"https:\/\/gardenersfriend.eu\/da\/","logo":{"@type":"ImageObject","inLanguage":"da-DK","@id":"https:\/\/gardenersfriend.eu\/da\/#\/schema\/logo\/image\/","url":"https:\/\/gardenersfriend.eu\/wp-content\/uploads\/2025\/09\/gf_accepted_big_logo.png","contentUrl":"https:\/\/gardenersfriend.eu\/wp-content\/uploads\/2025\/09\/gf_accepted_big_logo.png","width":2000,"height":1000,"caption":"Gardeners Friend"},"image":{"@id":"https:\/\/gardenersfriend.eu\/da\/#\/schema\/logo\/image\/"},"sameAs":["https:\/\/www.facebook.com\/people\/Gardeners-Friend-Store\/61566268054378\/","https:\/\/www.instagram.com\/gardeners_friend_store\/"]}]}},"uagb_featured_image_src":{"full":["https:\/\/gardenersfriend.eu\/wp-content\/uploads\/2026\/01\/gallup_special_360_5L.jpg",600,600,false],"thumbnail":["https:\/\/gardenersfriend.eu\/wp-content\/uploads\/2026\/01\/gallup_special_360_5L-150x150.jpg",150,150,true],"medium":["https:\/\/gardenersfriend.eu\/wp-content\/uploads\/2026\/01\/gallup_special_360_5L-300x300.jpg",300,300,true],"medium_large":["https:\/\/gardenersfriend.eu\/wp-content\/uploads\/2026\/01\/gallup_special_360_5L.jpg",600,600,false],"large":["https:\/\/gardenersfriend.eu\/wp-content\/uploads\/2026\/01\/gallup_special_360_5L.jpg",600,600,false],"1536x1536":["https:\/\/gardenersfriend.eu\/wp-content\/uploads\/2026\/01\/gallup_special_360_5L.jpg",600,600,false],"2048x2048":["https:\/\/gardenersfriend.eu\/wp-content\/uploads\/2026\/01\/gallup_special_360_5L.jpg",600,600,false],"woocommerce_thumbnail":["https:\/\/gardenersfriend.eu\/wp-content\/uploads\/2026\/01\/gallup_special_360_5L-300x300.jpg",300,300,true],"woocommerce_single":["https:\/\/gardenersfriend.eu\/wp-content\/uploads\/2026\/01\/gallup_special_360_5L.jpg",600,600,false],"woocommerce_gallery_thumbnail":["https:\/\/gardenersfriend.eu\/wp-content\/uploads\/2026\/01\/gallup_special_360_5L-100x100.jpg",100,100,true]},"uagb_author_info":{"display_name":"admin","author_link":"https:\/\/gardenersfriend.eu\/da\/author\/"},"uagb_comment_info":0,"uagb_excerpt":"Gallup Special 360 SL Selektivt herbicid med systemisk virkning i form af et koncentrat, der bek\u00e6mper alle gr\u00f8nne planter.","jetpack_sharing_enabled":true,"_links":{"self":[{"href":"https:\/\/gardenersfriend.eu\/da\/wp-json\/wp\/v2\/product\/8543","targetHints":{"allow":["GET"]}}],"collection":[{"href":"https:\/\/gardenersfriend.eu\/da\/wp-json\/wp\/v2\/product"}],"about":[{"href":"https:\/\/gardenersfriend.eu\/da\/wp-json\/wp\/v2\/types\/product"}],"replies":[{"embeddable":true,"href":"https:\/\/gardenersfriend.eu\/da\/wp-json\/wp\/v2\/comments?post=8543"}],"wp:featuredmedia":[{"embeddable":true,"href":"https:\/\/gardenersfriend.eu\/da\/wp-json\/wp\/v2\/media\/8411"}],"wp:attachment":[{"href":"https:\/\/gardenersfriend.eu\/da\/wp-json\/wp\/v2\/media?parent=8543"}],"wp:term":[{"taxonomy":"product_brand","embeddable":true,"href":"https:\/\/gardenersfriend.eu\/da\/wp-json\/wp\/v2\/product_brand?post=8543"},{"taxonomy":"product_cat","embeddable":true,"href":"https:\/\/gardenersfriend.eu\/da\/wp-json\/wp\/v2\/product_cat?post=8543"},{"taxonomy":"product_tag","embeddable":true,"href":"https:\/\/gardenersfriend.eu\/da\/wp-json\/wp\/v2\/product_tag?post=8543"}],"curies":[{"name":"wp","href":"https:\/\/api.w.org\/{rel}","templated":true}]}}