{"id":8575,"date":"2026-01-30T01:39:33","date_gmt":"2026-01-30T00:39:33","guid":{"rendered":"https:\/\/gardenersfriend.eu\/product\/decis-mega-50-ew\/"},"modified":"2026-04-23T15:18:25","modified_gmt":"2026-04-23T13:18:25","slug":"decis-mega-50-ew","status":"publish","type":"product","link":"https:\/\/gardenersfriend.eu\/da\/vare\/decis-mega-50-ew\/","title":{"rendered":"Decis Mega 50 EW"},"content":{"rendered":"<h2>Decis Mega 50 EW insekticid<\/h2>\n<h3>Anvendelse:<\/h3>\n<p>Decis Mega 50 EW er et mave- og kontaktinsekticid, der bruges til at bek\u00e6mpe bidende og stikkende skadedyr. Det har en neutral effekt p\u00e5 dyrkede planter og virker kun p\u00e5 overfladen. <\/p>\n<p>If\u00f8lge etiketten kan du bruge produktet til at fjerne insekter i landbrugsafgr\u00f8der, frugtplantager og gr\u00f8ntsags- og blomsterbede i hjemmet. Det er effektivt til at beskytte plantearter som f.eks: <\/p>\n<ul>\n<li>Vinterraps<\/li>\n<li>Solb\u00e6r<\/li>\n<li>sukkerroer<\/li>\n<li>V\u00e5rbyg<\/li>\n<li>Hovedk\u00e5l<\/li>\n<li>jordb\u00e6r<\/li>\n<\/ul>\n<h3>Action Decis Mega 50 EW:<\/h3>\n<p>Plantebeskyttelsesmidlet Decis Mega 50 EW leveres med en etiket, som skal l\u00e6ses f\u00f8r brug. Du kan ogs\u00e5 finde den p\u00e5 produktsiden i vores havebutik. Deltamethrin, et organisk kemikalie fra den syntetiske pyrethroidgruppe, er ansvarlig for produktets insektdr\u00e6bende virkning. Den aktive ingrediens er designet til at kontrollere bidende og sugende skadedyr. Det tr\u00e6nger ind i cellemembranen i skadedyrsneuroner og blokerer deres natriumkanaler. Deltamethrin blokerer neurotransmitterenzymer, hvilket resulterer i fuldst\u00e6ndig lammelse af de angrebne insekter.     <\/p>\n<h3>Klarg\u00f8ring af Decis Mega 50 EW til brug:<\/h3>\n<p>For at sikre effektiv beskyttelse af dine planter skal du forberede insektmidlet korrekt f\u00f8r brug. If\u00f8lge etiketten er dosen af Decis Mega 50 EW pr. 100 liter vand 15 til 25 milliliter. Denne dosis b\u00f8r v\u00e6re tilstr\u00e6kkelig til at spr\u00f8jte en mark p\u00e5 en hektar. N\u00e5r du har m\u00e5lt koncentratet, h\u00e6lder du det i spr\u00f8jtens tank med omr\u00f8reren i gang, som er fyldt cirka halvvejs med vand. Du kan finde det n\u00f8dvendige udstyr hos Agro Garden Center.    <\/p>\n<p>F\u00f8r insekticidbeholderen kasseres, skal den skylles med vand (helst tre gange), og den resulterende blanding h\u00e6ldes i den tidligere forberedte spr\u00f8jteopl\u00f8sning. Mens afgr\u00f8den spr\u00f8jtes med Decis Mega 50 EW, skal spr\u00f8jtens omr\u00f8rer v\u00e6re i gang hele tiden. Hvis din spr\u00f8jte ikke har en automatisk omr\u00f8rer, skal du blande blandingen mekanisk. Hvis du ikke g\u00f8r det, kan det resultere i en opl\u00f8sning med reduceret aktivitet. Hvis du er i tvivl om, hvordan du skal bruge produktet, kan du tjekke producentens etiket, som ogs\u00e5 findes p\u00e5 vores havebutiks hjemmeside.    <\/p>\n<h3>Decis Mega 50 EW i plantebeskyttelse:<\/h3>\n<p>Med specialiserede insekticider kan du forbedre kvaliteten af dine afgr\u00f8der betydeligt og \u00f8ge udbyttet! Decis Mega 50 EW er effektiv til at beskytte de arter, der er anf\u00f8rt p\u00e5 etiketten, mod skadedyr, der er almindelige i Polen. De mest almindelige er bladlus, coloradobiller og spindemider, som b\u00e5de professionelle dyrkere og amat\u00f8rer j\u00e6vnligt k\u00e6mper med. At bruge et Bayer-produkt, som vi tilbyder i vores havecenter, er den bedste m\u00e5de at bek\u00e6mpe dem p\u00e5.   <\/p>\n<p>Decis Mega 50 EW er kun beregnet til professionelle brugere. Manglende overholdelse af etiketten p\u00e5 det anvendte plantebeskyttelsesmiddel kan resultere i skader p\u00e5 planterne. Opbevar emballagen p\u00e5 et skyggefuldt sted ved stuetemperatur, uden for b\u00f8rns r\u00e6kkevidde. Koncentratet er irriterende for huden, s\u00e5 udvis ekstrem forsigtighed, n\u00e5r du tilbereder opl\u00f8sningen. Vores havecenter tilbyder et bredt udvalg af professionelle insektbek\u00e6mpelsesprodukter samt en r\u00e6kke tilbeh\u00f8r til dyrkere.    <\/p>\n<p><strong>Etiket: <a title=\"Decis_Mega_50\" href=\"https:\/\/gardenersfriend.eu\/wp-content\/uploads\/2026\/02\/Decis_Mega_50_EW_DK.pdf\">Decis_Mega_50_DK<\/a><\/strong><\/p>\n<p><strong>Se flere af vores produkter: <a title=\"Gartnernes ven Alle produkter\" href=\"https:\/\/gardenersfriend.eu\/da\/alle-produkter\/\">Alle produkter<\/a><\/strong><\/p>\n\n<h5>Juridiske oplysninger<\/h5>\n<p>\nTips! Brug pesticider forsigtigt. L\u00e6s etiketten og produktinformationen f\u00f8r brug. Tilladt for ikke-professionelle brugere. Undtagelse: K\u00f8ber fra Belgien erkl\u00e6rer, at han\np\u00e5 k\u00f8bstidspunktet har fuld retsevne\nog har de relevante kvalifikationer, der kr\u00e6ves af\npersoner, der k\u00f8ber plantebeskyttelsesmidler.\n\nI henhold til art. 28 i lov af 8. marts 2013 om plantebeskyttelsesmidler (Journal of Laws 2020, item 2097), fra 26. november 2015 m\u00e5 plantebeskyttelsesmidler beregnet til professionelle brugere s\u00e6lges til personer, der:\n\nPunkt 1 - har gennemf\u00f8rt uddannelse i brugen af \u200b\u200bplantebeskyttelsesmidler i Republikken Polen bekr\u00e6ftet af et certifikat for gennemf\u00f8relse af denne uddannelse, eller\n\nPunkt 2 - har gennemf\u00f8rt uddannelse i r\u00e5dgivning om plantebeskyttelsesmidler i Republikken Polen bekr\u00e6ftet af et certifikat for gennemf\u00f8relse af denne uddannelse, eller\n\nPunkt 3 - har gennemf\u00f8rt uddannelse i integreret planteproduktion bekr\u00e6ftet af et certifikat for gennemf\u00f8relse af denne uddannelse, eller\n\nPunkt 4 - tidligst 5 \u00e5r f\u00f8r k\u00f8b af disse midler har gennemf\u00f8rt den uddannelse, der kr\u00e6ves af professionelle brugere i en anden EU-medlemsstat eller i et land, der er part i aftalen om Det Europ\u00e6iske \u00d8konomiske Samarbejdsomr\u00e5de, p\u00e5 grundlag af de g\u00e6ldende bestemmelser i det p\u00e5g\u00e6ldende land, bekr\u00e6ftet af et dokument for gennemf\u00f8relse af denne uddannelse, eller de har fremlagt et andet dokument udstedt i henhold til de g\u00e6ldende regler i det p\u00e5g\u00e6ldende land, der bekr\u00e6fter at de har f\u00e5et tilladelse til at k\u00f8be plantebeskyttelsesmidler beregnet til professionelle brugere.\n\nVigtigt!\nKun personer over 18 \u00e5r m\u00e5 bruge plantebeskyttelsesmidler.\nPlantebeskyttelsesmidler skal anvendes sikkert.\nL\u00e6s oplysningerne p\u00e5 etiketten og produktinformationen f\u00f8r hver brug.\n<\/p>\n","protected":false},"excerpt":{"rendered":"<p>Decis Mega 50 er et mave- og kontaktinsekticid, der bruges til at bek\u00e6mpe bidende og stikkende skadedyr. Det har en neutral effekt p\u00e5 dyrkede planter og virker kun p\u00e5 overfladen. <\/p>\n","protected":false},"featured_media":8509,"comment_status":"open","ping_status":"closed","template":"","meta":{"_uag_custom_page_level_css":"","site-sidebar-layout":"default","site-content-layout":"","ast-site-content-layout":"default","site-content-style":"default","site-sidebar-style":"default","ast-global-header-display":"","ast-banner-title-visibility":"","ast-main-header-display":"","ast-hfb-above-header-display":"","ast-hfb-below-header-display":"","ast-hfb-mobile-header-display":"","site-post-title":"","ast-breadcrumbs-content":"","ast-featured-img":"","footer-sml-layout":"","ast-disable-related-posts":"","theme-transparent-header-meta":"default","adv-header-id-meta":"","stick-header-meta":"","header-above-stick-meta":"","header-main-stick-meta":"","header-below-stick-meta":"","astra-migrate-meta-layouts":"default","ast-page-background-enabled":"default","ast-page-background-meta":{"desktop":{"background-color":"var(--ast-global-color-4)","background-image":"","background-repeat":"repeat","background-position":"center center","background-size":"auto","background-attachment":"scroll","background-type":"","background-media":"","overlay-type":"","overlay-color":"","overlay-opacity":"","overlay-gradient":""},"tablet":{"background-color":"","background-image":"","background-repeat":"repeat","background-position":"center center","background-size":"auto","background-attachment":"scroll","background-type":"","background-media":"","overlay-type":"","overlay-color":"","overlay-opacity":"","overlay-gradient":""},"mobile":{"background-color":"","background-image":"","background-repeat":"repeat","background-position":"center center","background-size":"auto","background-attachment":"scroll","background-type":"","background-media":"","overlay-type":"","overlay-color":"","overlay-opacity":"","overlay-gradient":""}},"ast-content-background-meta":{"desktop":{"background-color":"var(--ast-global-color-5)","background-image":"","background-repeat":"repeat","background-position":"center center","background-size":"auto","background-attachment":"scroll","background-type":"","background-media":"","overlay-type":"","overlay-color":"","overlay-opacity":"","overlay-gradient":""},"tablet":{"background-color":"var(--ast-global-color-5)","background-image":"","background-repeat":"repeat","background-position":"center center","background-size":"auto","background-attachment":"scroll","background-type":"","background-media":"","overlay-type":"","overlay-color":"","overlay-opacity":"","overlay-gradient":""},"mobile":{"background-color":"var(--ast-global-color-5)","background-image":"","background-repeat":"repeat","background-position":"center center","background-size":"auto","background-attachment":"scroll","background-type":"","background-media":"","overlay-type":"","overlay-color":"","overlay-opacity":"","overlay-gradient":""}}},"product_brand":[],"product_cat":[28,180],"product_tag":[],"class_list":{"0":"post-8575","1":"product","2":"type-product","3":"status-publish","4":"has-post-thumbnail","6":"product_cat-all-products","7":"product_cat-insecticide","8":"desktop-align-left","9":"tablet-align-left","10":"mobile-align-left","12":"first","13":"instock","14":"taxable","15":"shipping-taxable","16":"purchasable","17":"product-type-variable","18":"has-default-attributes"},"yoast_head":"<!-- This site is optimized with the Yoast SEO plugin v27.4 - https:\/\/yoast.com\/product\/yoast-seo-wordpress\/ -->\n<title>Decis Mega 50 EW - Gardeners Friend<\/title>\n<meta name=\"description\" content=\"Decis Mega 50 er et mave- og kontaktinsekticid, der bruges til at bek\u00e6mpe bidende og stikkende skadedyr. Det har en neutral effekt p\u00e5 dyrkede planter og virker kun p\u00e5 overfladen.\" \/>\n<meta name=\"robots\" content=\"index, follow, max-snippet:-1, max-image-preview:large, max-video-preview:-1\" \/>\n<link rel=\"canonical\" href=\"https:\/\/gardenersfriend.eu\/da\/vare\/decis-mega-50-ew\/\" \/>\n<meta property=\"og:locale\" content=\"da_DK\" \/>\n<meta property=\"og:type\" content=\"article\" \/>\n<meta property=\"og:title\" content=\"Decis Mega 50 EW - Gardeners Friend\" \/>\n<meta property=\"og:description\" content=\"Decis Mega 50 er et mave- og kontaktinsekticid, der bruges til at bek\u00e6mpe bidende og stikkende skadedyr. Det har en neutral effekt p\u00e5 dyrkede planter og virker kun p\u00e5 overfladen.\" \/>\n<meta property=\"og:url\" content=\"https:\/\/gardenersfriend.eu\/da\/vare\/decis-mega-50-ew\/\" \/>\n<meta property=\"og:site_name\" content=\"Gardeners Friend\" \/>\n<meta property=\"article:publisher\" content=\"https:\/\/www.facebook.com\/people\/Gardeners-Friend-Store\/61566268054378\/\" \/>\n<meta property=\"article:modified_time\" content=\"2026-04-23T13:18:25+00:00\" \/>\n<meta property=\"og:image\" content=\"https:\/\/gardenersfriend.eu\/wp-content\/uploads\/2026\/01\/Decis-Mega-50-ew-1l.jpg\" \/>\n\t<meta property=\"og:image:width\" content=\"787\" \/>\n\t<meta property=\"og:image:height\" content=\"1181\" \/>\n\t<meta property=\"og:image:type\" content=\"image\/jpeg\" \/>\n<meta name=\"twitter:card\" content=\"summary_large_image\" \/>\n<meta name=\"twitter:label1\" content=\"Estimeret l\u00e6setid\" \/>\n\t<meta name=\"twitter:data1\" content=\"3 minutter\" \/>\n<script type=\"application\/ld+json\" class=\"yoast-schema-graph\">{\"@context\":\"https:\\\/\\\/schema.org\",\"@graph\":[{\"@type\":\"WebPage\",\"@id\":\"https:\\\/\\\/gardenersfriend.eu\\\/da\\\/vare\\\/decis-mega-50-ew\\\/\",\"url\":\"https:\\\/\\\/gardenersfriend.eu\\\/da\\\/vare\\\/decis-mega-50-ew\\\/\",\"name\":\"Decis Mega 50 EW - Gardeners Friend\",\"isPartOf\":{\"@id\":\"https:\\\/\\\/gardenersfriend.eu\\\/da\\\/#website\"},\"primaryImageOfPage\":{\"@id\":\"https:\\\/\\\/gardenersfriend.eu\\\/da\\\/vare\\\/decis-mega-50-ew\\\/#primaryimage\"},\"image\":{\"@id\":\"https:\\\/\\\/gardenersfriend.eu\\\/da\\\/vare\\\/decis-mega-50-ew\\\/#primaryimage\"},\"thumbnailUrl\":\"https:\\\/\\\/gardenersfriend.eu\\\/wp-content\\\/uploads\\\/2026\\\/01\\\/Decis-Mega-50-ew-1l.jpg\",\"datePublished\":\"2026-01-30T00:39:33+00:00\",\"dateModified\":\"2026-04-23T13:18:25+00:00\",\"description\":\"Decis Mega 50 er et mave- og kontaktinsekticid, der bruges til at bek\u00e6mpe bidende og stikkende skadedyr. Det har en neutral effekt p\u00e5 dyrkede planter og virker kun p\u00e5 overfladen.\",\"breadcrumb\":{\"@id\":\"https:\\\/\\\/gardenersfriend.eu\\\/da\\\/vare\\\/decis-mega-50-ew\\\/#breadcrumb\"},\"inLanguage\":\"da-DK\",\"potentialAction\":[{\"@type\":\"ReadAction\",\"target\":[\"https:\\\/\\\/gardenersfriend.eu\\\/da\\\/vare\\\/decis-mega-50-ew\\\/\"]}]},{\"@type\":\"ImageObject\",\"inLanguage\":\"da-DK\",\"@id\":\"https:\\\/\\\/gardenersfriend.eu\\\/da\\\/vare\\\/decis-mega-50-ew\\\/#primaryimage\",\"url\":\"https:\\\/\\\/gardenersfriend.eu\\\/wp-content\\\/uploads\\\/2026\\\/01\\\/Decis-Mega-50-ew-1l.jpg\",\"contentUrl\":\"https:\\\/\\\/gardenersfriend.eu\\\/wp-content\\\/uploads\\\/2026\\\/01\\\/Decis-Mega-50-ew-1l.jpg\",\"width\":787,\"height\":1181,\"caption\":\"Decis Mega 50\"},{\"@type\":\"BreadcrumbList\",\"@id\":\"https:\\\/\\\/gardenersfriend.eu\\\/da\\\/vare\\\/decis-mega-50-ew\\\/#breadcrumb\",\"itemListElement\":[{\"@type\":\"ListItem\",\"position\":1,\"name\":\"Strona g\u0142\u00f3wna\",\"item\":\"https:\\\/\\\/gardenersfriend.eu\\\/da\\\/\"},{\"@type\":\"ListItem\",\"position\":2,\"name\":\"Shop\",\"item\":\"https:\\\/\\\/gardenersfriend.eu\\\/shop\\\/\"},{\"@type\":\"ListItem\",\"position\":3,\"name\":\"Decis Mega 50 EW\"}]},{\"@type\":\"WebSite\",\"@id\":\"https:\\\/\\\/gardenersfriend.eu\\\/da\\\/#website\",\"url\":\"https:\\\/\\\/gardenersfriend.eu\\\/da\\\/\",\"name\":\"Gardeners Friend\",\"description\":\"herbicides, fertilisers, roundup\",\"publisher\":{\"@id\":\"https:\\\/\\\/gardenersfriend.eu\\\/da\\\/#organization\"},\"potentialAction\":[{\"@type\":\"SearchAction\",\"target\":{\"@type\":\"EntryPoint\",\"urlTemplate\":\"https:\\\/\\\/gardenersfriend.eu\\\/da\\\/?s={search_term_string}\"},\"query-input\":{\"@type\":\"PropertyValueSpecification\",\"valueRequired\":true,\"valueName\":\"search_term_string\"}}],\"inLanguage\":\"da-DK\"},{\"@type\":\"Organization\",\"@id\":\"https:\\\/\\\/gardenersfriend.eu\\\/da\\\/#organization\",\"name\":\"Gardeners Friend\",\"url\":\"https:\\\/\\\/gardenersfriend.eu\\\/da\\\/\",\"logo\":{\"@type\":\"ImageObject\",\"inLanguage\":\"da-DK\",\"@id\":\"https:\\\/\\\/gardenersfriend.eu\\\/da\\\/#\\\/schema\\\/logo\\\/image\\\/\",\"url\":\"https:\\\/\\\/gardenersfriend.eu\\\/wp-content\\\/uploads\\\/2025\\\/09\\\/gf_accepted_big_logo.png\",\"contentUrl\":\"https:\\\/\\\/gardenersfriend.eu\\\/wp-content\\\/uploads\\\/2025\\\/09\\\/gf_accepted_big_logo.png\",\"width\":2000,\"height\":1000,\"caption\":\"Gardeners Friend\"},\"image\":{\"@id\":\"https:\\\/\\\/gardenersfriend.eu\\\/da\\\/#\\\/schema\\\/logo\\\/image\\\/\"},\"sameAs\":[\"https:\\\/\\\/www.facebook.com\\\/people\\\/Gardeners-Friend-Store\\\/61566268054378\\\/\",\"https:\\\/\\\/www.instagram.com\\\/gardeners_friend_store\\\/\"]}]}<\/script>\n<!-- \/ Yoast SEO plugin. -->","yoast_head_json":{"title":"Decis Mega 50 EW - Gardeners Friend","description":"Decis Mega 50 er et mave- og kontaktinsekticid, der bruges til at bek\u00e6mpe bidende og stikkende skadedyr. Det har en neutral effekt p\u00e5 dyrkede planter og virker kun p\u00e5 overfladen.","robots":{"index":"index","follow":"follow","max-snippet":"max-snippet:-1","max-image-preview":"max-image-preview:large","max-video-preview":"max-video-preview:-1"},"canonical":"https:\/\/gardenersfriend.eu\/da\/vare\/decis-mega-50-ew\/","og_locale":"da_DK","og_type":"article","og_title":"Decis Mega 50 EW - Gardeners Friend","og_description":"Decis Mega 50 er et mave- og kontaktinsekticid, der bruges til at bek\u00e6mpe bidende og stikkende skadedyr. Det har en neutral effekt p\u00e5 dyrkede planter og virker kun p\u00e5 overfladen.","og_url":"https:\/\/gardenersfriend.eu\/da\/vare\/decis-mega-50-ew\/","og_site_name":"Gardeners Friend","article_publisher":"https:\/\/www.facebook.com\/people\/Gardeners-Friend-Store\/61566268054378\/","article_modified_time":"2026-04-23T13:18:25+00:00","og_image":[{"width":787,"height":1181,"url":"https:\/\/gardenersfriend.eu\/wp-content\/uploads\/2026\/01\/Decis-Mega-50-ew-1l.jpg","type":"image\/jpeg"}],"twitter_card":"summary_large_image","twitter_misc":{"Estimeret l\u00e6setid":"3 minutter"},"schema":{"@context":"https:\/\/schema.org","@graph":[{"@type":"WebPage","@id":"https:\/\/gardenersfriend.eu\/da\/vare\/decis-mega-50-ew\/","url":"https:\/\/gardenersfriend.eu\/da\/vare\/decis-mega-50-ew\/","name":"Decis Mega 50 EW - Gardeners Friend","isPartOf":{"@id":"https:\/\/gardenersfriend.eu\/da\/#website"},"primaryImageOfPage":{"@id":"https:\/\/gardenersfriend.eu\/da\/vare\/decis-mega-50-ew\/#primaryimage"},"image":{"@id":"https:\/\/gardenersfriend.eu\/da\/vare\/decis-mega-50-ew\/#primaryimage"},"thumbnailUrl":"https:\/\/gardenersfriend.eu\/wp-content\/uploads\/2026\/01\/Decis-Mega-50-ew-1l.jpg","datePublished":"2026-01-30T00:39:33+00:00","dateModified":"2026-04-23T13:18:25+00:00","description":"Decis Mega 50 er et mave- og kontaktinsekticid, der bruges til at bek\u00e6mpe bidende og stikkende skadedyr. Det har en neutral effekt p\u00e5 dyrkede planter og virker kun p\u00e5 overfladen.","breadcrumb":{"@id":"https:\/\/gardenersfriend.eu\/da\/vare\/decis-mega-50-ew\/#breadcrumb"},"inLanguage":"da-DK","potentialAction":[{"@type":"ReadAction","target":["https:\/\/gardenersfriend.eu\/da\/vare\/decis-mega-50-ew\/"]}]},{"@type":"ImageObject","inLanguage":"da-DK","@id":"https:\/\/gardenersfriend.eu\/da\/vare\/decis-mega-50-ew\/#primaryimage","url":"https:\/\/gardenersfriend.eu\/wp-content\/uploads\/2026\/01\/Decis-Mega-50-ew-1l.jpg","contentUrl":"https:\/\/gardenersfriend.eu\/wp-content\/uploads\/2026\/01\/Decis-Mega-50-ew-1l.jpg","width":787,"height":1181,"caption":"Decis Mega 50"},{"@type":"BreadcrumbList","@id":"https:\/\/gardenersfriend.eu\/da\/vare\/decis-mega-50-ew\/#breadcrumb","itemListElement":[{"@type":"ListItem","position":1,"name":"Strona g\u0142\u00f3wna","item":"https:\/\/gardenersfriend.eu\/da\/"},{"@type":"ListItem","position":2,"name":"Shop","item":"https:\/\/gardenersfriend.eu\/shop\/"},{"@type":"ListItem","position":3,"name":"Decis Mega 50 EW"}]},{"@type":"WebSite","@id":"https:\/\/gardenersfriend.eu\/da\/#website","url":"https:\/\/gardenersfriend.eu\/da\/","name":"Gardeners Friend","description":"herbicides, fertilisers, roundup","publisher":{"@id":"https:\/\/gardenersfriend.eu\/da\/#organization"},"potentialAction":[{"@type":"SearchAction","target":{"@type":"EntryPoint","urlTemplate":"https:\/\/gardenersfriend.eu\/da\/?s={search_term_string}"},"query-input":{"@type":"PropertyValueSpecification","valueRequired":true,"valueName":"search_term_string"}}],"inLanguage":"da-DK"},{"@type":"Organization","@id":"https:\/\/gardenersfriend.eu\/da\/#organization","name":"Gardeners Friend","url":"https:\/\/gardenersfriend.eu\/da\/","logo":{"@type":"ImageObject","inLanguage":"da-DK","@id":"https:\/\/gardenersfriend.eu\/da\/#\/schema\/logo\/image\/","url":"https:\/\/gardenersfriend.eu\/wp-content\/uploads\/2025\/09\/gf_accepted_big_logo.png","contentUrl":"https:\/\/gardenersfriend.eu\/wp-content\/uploads\/2025\/09\/gf_accepted_big_logo.png","width":2000,"height":1000,"caption":"Gardeners Friend"},"image":{"@id":"https:\/\/gardenersfriend.eu\/da\/#\/schema\/logo\/image\/"},"sameAs":["https:\/\/www.facebook.com\/people\/Gardeners-Friend-Store\/61566268054378\/","https:\/\/www.instagram.com\/gardeners_friend_store\/"]}]}},"uagb_featured_image_src":{"full":["https:\/\/gardenersfriend.eu\/wp-content\/uploads\/2026\/01\/Decis-Mega-50-ew-1l.jpg",787,1181,false],"thumbnail":["https:\/\/gardenersfriend.eu\/wp-content\/uploads\/2026\/01\/Decis-Mega-50-ew-1l-150x150.jpg",150,150,true],"medium":["https:\/\/gardenersfriend.eu\/wp-content\/uploads\/2026\/01\/Decis-Mega-50-ew-1l-200x300.jpg",200,300,true],"medium_large":["https:\/\/gardenersfriend.eu\/wp-content\/uploads\/2026\/01\/Decis-Mega-50-ew-1l-768x1152.jpg",768,1152,true],"large":["https:\/\/gardenersfriend.eu\/wp-content\/uploads\/2026\/01\/Decis-Mega-50-ew-1l-682x1024.jpg",682,1024,true],"1536x1536":["https:\/\/gardenersfriend.eu\/wp-content\/uploads\/2026\/01\/Decis-Mega-50-ew-1l.jpg",787,1181,false],"2048x2048":["https:\/\/gardenersfriend.eu\/wp-content\/uploads\/2026\/01\/Decis-Mega-50-ew-1l.jpg",787,1181,false],"woocommerce_thumbnail":["https:\/\/gardenersfriend.eu\/wp-content\/uploads\/2026\/01\/Decis-Mega-50-ew-1l-300x300.jpg",300,300,true],"woocommerce_single":["https:\/\/gardenersfriend.eu\/wp-content\/uploads\/2026\/01\/Decis-Mega-50-ew-1l-600x900.jpg",600,900,true],"woocommerce_gallery_thumbnail":["https:\/\/gardenersfriend.eu\/wp-content\/uploads\/2026\/01\/Decis-Mega-50-ew-1l-100x100.jpg",100,100,true]},"uagb_author_info":{"display_name":"admin","author_link":"https:\/\/gardenersfriend.eu\/da\/author\/"},"uagb_comment_info":0,"uagb_excerpt":"Decis Mega 50 er et mave- og kontaktinsekticid, der bruges til at bek\u00e6mpe bidende og stikkende skadedyr. Det har en neutral effekt p\u00e5 dyrkede planter og virker kun p\u00e5 overfladen.","jetpack_sharing_enabled":true,"_links":{"self":[{"href":"https:\/\/gardenersfriend.eu\/da\/wp-json\/wp\/v2\/product\/8575","targetHints":{"allow":["GET"]}}],"collection":[{"href":"https:\/\/gardenersfriend.eu\/da\/wp-json\/wp\/v2\/product"}],"about":[{"href":"https:\/\/gardenersfriend.eu\/da\/wp-json\/wp\/v2\/types\/product"}],"replies":[{"embeddable":true,"href":"https:\/\/gardenersfriend.eu\/da\/wp-json\/wp\/v2\/comments?post=8575"}],"wp:featuredmedia":[{"embeddable":true,"href":"https:\/\/gardenersfriend.eu\/da\/wp-json\/wp\/v2\/media\/8509"}],"wp:attachment":[{"href":"https:\/\/gardenersfriend.eu\/da\/wp-json\/wp\/v2\/media?parent=8575"}],"wp:term":[{"taxonomy":"product_brand","embeddable":true,"href":"https:\/\/gardenersfriend.eu\/da\/wp-json\/wp\/v2\/product_brand?post=8575"},{"taxonomy":"product_cat","embeddable":true,"href":"https:\/\/gardenersfriend.eu\/da\/wp-json\/wp\/v2\/product_cat?post=8575"},{"taxonomy":"product_tag","embeddable":true,"href":"https:\/\/gardenersfriend.eu\/da\/wp-json\/wp\/v2\/product_tag?post=8575"}],"curies":[{"name":"wp","href":"https:\/\/api.w.org\/{rel}","templated":true}]}}