{"id":8831,"date":"2026-02-19T04:57:39","date_gmt":"2026-02-19T03:57:39","guid":{"rendered":"https:\/\/gardenersfriend.eu\/product\/muse-og-rottefaelde-med-staerk-lim-10-stk\/"},"modified":"2026-04-15T05:37:10","modified_gmt":"2026-04-15T03:37:10","slug":"muse-og-rottefaelde-med-staerk-lim-10-stk","status":"publish","type":"product","link":"https:\/\/gardenersfriend.eu\/da\/vare\/muse-og-rottefaelde-med-staerk-lim-10-stk\/","title":{"rendered":"Muse- og rottef\u00e6lde med st\u00e6rk lim &#8211; 10 stk."},"content":{"rendered":"<h2>Muse- og rottef\u00e6lde<\/h2>\n<p>Tredobbelt m\u00e6ngde lim &#8211; 32 g! Vores f\u00e6lder fanger gnavere, ikke fluer. <\/p>\n<h3>Effektiv og sikker bek\u00e6mpelse af sm\u00e5 gnavere:<\/h3>\n<ul>\n<li>Mousetrap er en innovativ l\u00f8sning til at fange sm\u00e5 gnavere som mus og rotter. Den unikke limformel giver h\u00f8j viskositet og tiltr\u00e6kker og fastholder effektivt gnavere. <\/li>\n<li>F\u00e6lden er ugiftig og indeholder ingen d\u00f8delige stoffer, hvilket g\u00f8r den sikker for mennesker og k\u00e6ledyr, og den kan ogs\u00e5 bruges p\u00e5 steder, hvor brug af gift ikke anbefales.<\/li>\n<\/ul>\n<h3>Forskellige f\u00e6ldekonfigurationer:<\/h3>\n<p>Musef\u00e6lden kan foldes i forskellige former, s\u00e5 den passer til forskellige behov. Det g\u00f8r, at den kan bruges mange forskellige steder og situationer, hvilket \u00f8ger dens effektivitet i forhold til at fange gnavere. <\/p>\n<h3>Hvordan fungerer det?<\/h3>\n<ul>\n<li>Musef\u00e6lden fungerer ved at p\u00e5f\u00f8re et kl\u00e6bemiddel med en lokkende duft, der tiltr\u00e6kker gnavere. N\u00e5r de lander p\u00e5 den kl\u00e6bende overflade, bliver gnaverne immobiliseret, s\u00e5 de ikke kan bev\u00e6ge sig videre. <\/li>\n<li>Denne metode er ekstremt effektiv, fordi den ikke kr\u00e6ver brug af gift eller mekaniske f\u00e6lder, der kan udg\u00f8re en risiko for andre dyr eller b\u00f8rn.<\/li>\n<\/ul>\n<h3>Modstandsdygtighed over for vejrforhold:<\/h3>\n<p>Med en s\u00e6rlig kl\u00e6beformel er f\u00e6lden vejrbestandig, hvilket betyder, at den kan bruges b\u00e5de indend\u00f8rs og udend\u00f8rs. Kl\u00e6bemidlet t\u00f8rrer ikke hurtigt ud, hvilket sikrer langvarig effektivitet, selv i omr\u00e5der med h\u00f8j luftfugtighed eller svingende temperaturer. <\/p>\n<h3>M\u00e5l p\u00e5 den udfoldede f\u00e6lde:<\/h3>\n<ul>\n<li><strong>L\u00e6ngde<\/strong>: 25 cm<\/li>\n<li><strong>Bredde<\/strong>: 17 cm<\/li>\n<\/ul>\n<h3>Uds\u00e6tning af gnavere:<\/h3>\n<ul>\n<li>For at frig\u00f8re gnaveren skal du blot h\u00e6lde vegetabilsk olie over det kl\u00e6bende kontaktomr\u00e5de. Olien opl\u00f8ser kl\u00e6bemidlet, s\u00e5 gnaveren kan frig\u00f8res p\u00e5 en sikker m\u00e5de. <\/li>\n<li>Det anbefales at slippe gnaveren fri v\u00e6k fra fangststedet for at forhindre, at den vender tilbage. Der skal b\u00e6res beskyttelseshandsker under hele processen for at sikre sikkerhed og hygiejne. <\/li>\n<\/ul>\n<h3>Bred vifte af anvendelsesmuligheder:<\/h3>\n<p>Musef\u00e6lden er alsidig og kan bruges mange forskellige steder, f.eks. i boliger, lagerbygninger, kontorer og bryggerser. Det er en ideel l\u00f8sning til gnaverbek\u00e6mpelse i omr\u00e5der, hvor kemiske eller mekaniske f\u00e6lder ikke er egnede. <\/p>\n<p><strong>Vores andre pesticider:<\/strong> <a title=\"Gartnernes ven - Indsamling af pesticider\" href=\"https:\/\/gardenersfriend.eu\/da\/product-category\/alle-produkter\/pesticider\/\">Vores pesticider<\/a><\/p>\n","protected":false},"excerpt":{"rendered":"<p>Muse- og rottef\u00e6lde Tredobbelt m\u00e6ngde lim &#8211; 32 g. Vores f\u00e6lder fanger gnavere, ikke fluer. Effektiv og sikker bek\u00e6mpelse af sm\u00e5 gnavere  <\/p>\n","protected":false},"featured_media":8803,"comment_status":"open","ping_status":"closed","template":"","meta":{"_uag_custom_page_level_css":"","site-sidebar-layout":"default","site-content-layout":"","ast-site-content-layout":"default","site-content-style":"default","site-sidebar-style":"default","ast-global-header-display":"","ast-banner-title-visibility":"","ast-main-header-display":"","ast-hfb-above-header-display":"","ast-hfb-below-header-display":"","ast-hfb-mobile-header-display":"","site-post-title":"","ast-breadcrumbs-content":"","ast-featured-img":"","footer-sml-layout":"","ast-disable-related-posts":"","theme-transparent-header-meta":"default","adv-header-id-meta":"","stick-header-meta":"","header-above-stick-meta":"","header-main-stick-meta":"","header-below-stick-meta":"","astra-migrate-meta-layouts":"default","ast-page-background-enabled":"default","ast-page-background-meta":{"desktop":{"background-color":"var(--ast-global-color-4)","background-image":"","background-repeat":"repeat","background-position":"center center","background-size":"auto","background-attachment":"scroll","background-type":"","background-media":"","overlay-type":"","overlay-color":"","overlay-opacity":"","overlay-gradient":""},"tablet":{"background-color":"","background-image":"","background-repeat":"repeat","background-position":"center center","background-size":"auto","background-attachment":"scroll","background-type":"","background-media":"","overlay-type":"","overlay-color":"","overlay-opacity":"","overlay-gradient":""},"mobile":{"background-color":"","background-image":"","background-repeat":"repeat","background-position":"center center","background-size":"auto","background-attachment":"scroll","background-type":"","background-media":"","overlay-type":"","overlay-color":"","overlay-opacity":"","overlay-gradient":""}},"ast-content-background-meta":{"desktop":{"background-color":"var(--ast-global-color-5)","background-image":"","background-repeat":"repeat","background-position":"center center","background-size":"auto","background-attachment":"scroll","background-type":"","background-media":"","overlay-type":"","overlay-color":"","overlay-opacity":"","overlay-gradient":""},"tablet":{"background-color":"var(--ast-global-color-5)","background-image":"","background-repeat":"repeat","background-position":"center center","background-size":"auto","background-attachment":"scroll","background-type":"","background-media":"","overlay-type":"","overlay-color":"","overlay-opacity":"","overlay-gradient":""},"mobile":{"background-color":"var(--ast-global-color-5)","background-image":"","background-repeat":"repeat","background-position":"center center","background-size":"auto","background-attachment":"scroll","background-type":"","background-media":"","overlay-type":"","overlay-color":"","overlay-opacity":"","overlay-gradient":""}}},"product_brand":[],"product_cat":[94,210],"product_tag":[],"class_list":{"0":"post-8831","1":"product","2":"type-product","3":"status-publish","4":"has-post-thumbnail","6":"product_cat-alle-produkter","7":"product_cat-pesticider","8":"product_shipping_class-alle","9":"desktop-align-left","10":"tablet-align-left","11":"mobile-align-left","13":"first","14":"instock","15":"taxable","16":"shipping-taxable","17":"purchasable","18":"product-type-simple"},"yoast_head":"<!-- This site is optimized with the Yoast SEO plugin v27.4 - https:\/\/yoast.com\/product\/yoast-seo-wordpress\/ -->\n<title>Muse- og rottef\u00e6lde med st\u00e6rk lim - 10 stk. - Gardeners Friend<\/title>\n<meta name=\"description\" content=\"Muse- og rottef\u00e6lde Tredobbelt m\u00e6ngde lim - 32 g. Vores f\u00e6lder fanger gnavere, ikke fluer. Effektiv og sikker bek\u00e6mpelse af sm\u00e5 gnavere\" \/>\n<meta name=\"robots\" content=\"index, follow, max-snippet:-1, max-image-preview:large, max-video-preview:-1\" \/>\n<link rel=\"canonical\" href=\"https:\/\/gardenersfriend.eu\/da\/vare\/muse-og-rottefaelde-med-staerk-lim-10-stk\/\" \/>\n<meta property=\"og:locale\" content=\"da_DK\" \/>\n<meta property=\"og:type\" content=\"article\" \/>\n<meta property=\"og:title\" content=\"Muse- og rottef\u00e6lde med st\u00e6rk lim - 10 stk. - Gardeners Friend\" \/>\n<meta property=\"og:description\" content=\"Muse- og rottef\u00e6lde Tredobbelt m\u00e6ngde lim - 32 g. Vores f\u00e6lder fanger gnavere, ikke fluer. Effektiv og sikker bek\u00e6mpelse af sm\u00e5 gnavere\" \/>\n<meta property=\"og:url\" content=\"https:\/\/gardenersfriend.eu\/da\/vare\/muse-og-rottefaelde-med-staerk-lim-10-stk\/\" \/>\n<meta property=\"og:site_name\" content=\"Gardeners Friend\" \/>\n<meta property=\"article:publisher\" content=\"https:\/\/www.facebook.com\/people\/Gardeners-Friend-Store\/61566268054378\/\" \/>\n<meta property=\"article:modified_time\" content=\"2026-04-15T03:37:10+00:00\" \/>\n<meta property=\"og:image\" content=\"https:\/\/gardenersfriend.eu\/wp-content\/uploads\/2026\/02\/MouseAndRatTrapGlue1.jpg\" \/>\n\t<meta property=\"og:image:width\" content=\"993\" \/>\n\t<meta property=\"og:image:height\" content=\"997\" \/>\n\t<meta property=\"og:image:type\" content=\"image\/jpeg\" \/>\n<meta name=\"twitter:card\" content=\"summary_large_image\" \/>\n<meta name=\"twitter:label1\" content=\"Estimeret l\u00e6setid\" \/>\n\t<meta name=\"twitter:data1\" content=\"2 minutter\" \/>\n<script type=\"application\/ld+json\" class=\"yoast-schema-graph\">{\"@context\":\"https:\\\/\\\/schema.org\",\"@graph\":[{\"@type\":\"WebPage\",\"@id\":\"https:\\\/\\\/gardenersfriend.eu\\\/da\\\/vare\\\/muse-og-rottefaelde-med-staerk-lim-10-stk\\\/\",\"url\":\"https:\\\/\\\/gardenersfriend.eu\\\/da\\\/vare\\\/muse-og-rottefaelde-med-staerk-lim-10-stk\\\/\",\"name\":\"Muse- og rottef\u00e6lde med st\u00e6rk lim - 10 stk. - Gardeners Friend\",\"isPartOf\":{\"@id\":\"https:\\\/\\\/gardenersfriend.eu\\\/da\\\/#website\"},\"primaryImageOfPage\":{\"@id\":\"https:\\\/\\\/gardenersfriend.eu\\\/da\\\/vare\\\/muse-og-rottefaelde-med-staerk-lim-10-stk\\\/#primaryimage\"},\"image\":{\"@id\":\"https:\\\/\\\/gardenersfriend.eu\\\/da\\\/vare\\\/muse-og-rottefaelde-med-staerk-lim-10-stk\\\/#primaryimage\"},\"thumbnailUrl\":\"https:\\\/\\\/gardenersfriend.eu\\\/wp-content\\\/uploads\\\/2026\\\/02\\\/MouseAndRatTrapGlue1.jpg\",\"datePublished\":\"2026-02-19T03:57:39+00:00\",\"dateModified\":\"2026-04-15T03:37:10+00:00\",\"description\":\"Muse- og rottef\u00e6lde Tredobbelt m\u00e6ngde lim - 32 g. Vores f\u00e6lder fanger gnavere, ikke fluer. Effektiv og sikker bek\u00e6mpelse af sm\u00e5 gnavere\",\"breadcrumb\":{\"@id\":\"https:\\\/\\\/gardenersfriend.eu\\\/da\\\/vare\\\/muse-og-rottefaelde-med-staerk-lim-10-stk\\\/#breadcrumb\"},\"inLanguage\":\"da-DK\",\"potentialAction\":[{\"@type\":\"ReadAction\",\"target\":[\"https:\\\/\\\/gardenersfriend.eu\\\/da\\\/vare\\\/muse-og-rottefaelde-med-staerk-lim-10-stk\\\/\"]}]},{\"@type\":\"ImageObject\",\"inLanguage\":\"da-DK\",\"@id\":\"https:\\\/\\\/gardenersfriend.eu\\\/da\\\/vare\\\/muse-og-rottefaelde-med-staerk-lim-10-stk\\\/#primaryimage\",\"url\":\"https:\\\/\\\/gardenersfriend.eu\\\/wp-content\\\/uploads\\\/2026\\\/02\\\/MouseAndRatTrapGlue1.jpg\",\"contentUrl\":\"https:\\\/\\\/gardenersfriend.eu\\\/wp-content\\\/uploads\\\/2026\\\/02\\\/MouseAndRatTrapGlue1.jpg\",\"width\":993,\"height\":997,\"caption\":\"Lim til muse- og rottef\u00e6lder\"},{\"@type\":\"BreadcrumbList\",\"@id\":\"https:\\\/\\\/gardenersfriend.eu\\\/da\\\/vare\\\/muse-og-rottefaelde-med-staerk-lim-10-stk\\\/#breadcrumb\",\"itemListElement\":[{\"@type\":\"ListItem\",\"position\":1,\"name\":\"Strona g\u0142\u00f3wna\",\"item\":\"https:\\\/\\\/gardenersfriend.eu\\\/da\\\/\"},{\"@type\":\"ListItem\",\"position\":2,\"name\":\"Shop\",\"item\":\"https:\\\/\\\/gardenersfriend.eu\\\/shop\\\/\"},{\"@type\":\"ListItem\",\"position\":3,\"name\":\"Muse- og rottef\u00e6lde med st\u00e6rk lim &#8211; 10 stk.\"}]},{\"@type\":\"WebSite\",\"@id\":\"https:\\\/\\\/gardenersfriend.eu\\\/da\\\/#website\",\"url\":\"https:\\\/\\\/gardenersfriend.eu\\\/da\\\/\",\"name\":\"Gardeners Friend\",\"description\":\"herbicides, fertilisers, roundup\",\"publisher\":{\"@id\":\"https:\\\/\\\/gardenersfriend.eu\\\/da\\\/#organization\"},\"potentialAction\":[{\"@type\":\"SearchAction\",\"target\":{\"@type\":\"EntryPoint\",\"urlTemplate\":\"https:\\\/\\\/gardenersfriend.eu\\\/da\\\/?s={search_term_string}\"},\"query-input\":{\"@type\":\"PropertyValueSpecification\",\"valueRequired\":true,\"valueName\":\"search_term_string\"}}],\"inLanguage\":\"da-DK\"},{\"@type\":\"Organization\",\"@id\":\"https:\\\/\\\/gardenersfriend.eu\\\/da\\\/#organization\",\"name\":\"Gardeners Friend\",\"url\":\"https:\\\/\\\/gardenersfriend.eu\\\/da\\\/\",\"logo\":{\"@type\":\"ImageObject\",\"inLanguage\":\"da-DK\",\"@id\":\"https:\\\/\\\/gardenersfriend.eu\\\/da\\\/#\\\/schema\\\/logo\\\/image\\\/\",\"url\":\"https:\\\/\\\/gardenersfriend.eu\\\/wp-content\\\/uploads\\\/2025\\\/09\\\/gf_accepted_big_logo.png\",\"contentUrl\":\"https:\\\/\\\/gardenersfriend.eu\\\/wp-content\\\/uploads\\\/2025\\\/09\\\/gf_accepted_big_logo.png\",\"width\":2000,\"height\":1000,\"caption\":\"Gardeners Friend\"},\"image\":{\"@id\":\"https:\\\/\\\/gardenersfriend.eu\\\/da\\\/#\\\/schema\\\/logo\\\/image\\\/\"},\"sameAs\":[\"https:\\\/\\\/www.facebook.com\\\/people\\\/Gardeners-Friend-Store\\\/61566268054378\\\/\",\"https:\\\/\\\/www.instagram.com\\\/gardeners_friend_store\\\/\"]}]}<\/script>\n<!-- \/ Yoast SEO plugin. -->","yoast_head_json":{"title":"Muse- og rottef\u00e6lde med st\u00e6rk lim - 10 stk. - Gardeners Friend","description":"Muse- og rottef\u00e6lde Tredobbelt m\u00e6ngde lim - 32 g. Vores f\u00e6lder fanger gnavere, ikke fluer. Effektiv og sikker bek\u00e6mpelse af sm\u00e5 gnavere","robots":{"index":"index","follow":"follow","max-snippet":"max-snippet:-1","max-image-preview":"max-image-preview:large","max-video-preview":"max-video-preview:-1"},"canonical":"https:\/\/gardenersfriend.eu\/da\/vare\/muse-og-rottefaelde-med-staerk-lim-10-stk\/","og_locale":"da_DK","og_type":"article","og_title":"Muse- og rottef\u00e6lde med st\u00e6rk lim - 10 stk. - Gardeners Friend","og_description":"Muse- og rottef\u00e6lde Tredobbelt m\u00e6ngde lim - 32 g. Vores f\u00e6lder fanger gnavere, ikke fluer. Effektiv og sikker bek\u00e6mpelse af sm\u00e5 gnavere","og_url":"https:\/\/gardenersfriend.eu\/da\/vare\/muse-og-rottefaelde-med-staerk-lim-10-stk\/","og_site_name":"Gardeners Friend","article_publisher":"https:\/\/www.facebook.com\/people\/Gardeners-Friend-Store\/61566268054378\/","article_modified_time":"2026-04-15T03:37:10+00:00","og_image":[{"width":993,"height":997,"url":"https:\/\/gardenersfriend.eu\/wp-content\/uploads\/2026\/02\/MouseAndRatTrapGlue1.jpg","type":"image\/jpeg"}],"twitter_card":"summary_large_image","twitter_misc":{"Estimeret l\u00e6setid":"2 minutter"},"schema":{"@context":"https:\/\/schema.org","@graph":[{"@type":"WebPage","@id":"https:\/\/gardenersfriend.eu\/da\/vare\/muse-og-rottefaelde-med-staerk-lim-10-stk\/","url":"https:\/\/gardenersfriend.eu\/da\/vare\/muse-og-rottefaelde-med-staerk-lim-10-stk\/","name":"Muse- og rottef\u00e6lde med st\u00e6rk lim - 10 stk. - Gardeners Friend","isPartOf":{"@id":"https:\/\/gardenersfriend.eu\/da\/#website"},"primaryImageOfPage":{"@id":"https:\/\/gardenersfriend.eu\/da\/vare\/muse-og-rottefaelde-med-staerk-lim-10-stk\/#primaryimage"},"image":{"@id":"https:\/\/gardenersfriend.eu\/da\/vare\/muse-og-rottefaelde-med-staerk-lim-10-stk\/#primaryimage"},"thumbnailUrl":"https:\/\/gardenersfriend.eu\/wp-content\/uploads\/2026\/02\/MouseAndRatTrapGlue1.jpg","datePublished":"2026-02-19T03:57:39+00:00","dateModified":"2026-04-15T03:37:10+00:00","description":"Muse- og rottef\u00e6lde Tredobbelt m\u00e6ngde lim - 32 g. Vores f\u00e6lder fanger gnavere, ikke fluer. Effektiv og sikker bek\u00e6mpelse af sm\u00e5 gnavere","breadcrumb":{"@id":"https:\/\/gardenersfriend.eu\/da\/vare\/muse-og-rottefaelde-med-staerk-lim-10-stk\/#breadcrumb"},"inLanguage":"da-DK","potentialAction":[{"@type":"ReadAction","target":["https:\/\/gardenersfriend.eu\/da\/vare\/muse-og-rottefaelde-med-staerk-lim-10-stk\/"]}]},{"@type":"ImageObject","inLanguage":"da-DK","@id":"https:\/\/gardenersfriend.eu\/da\/vare\/muse-og-rottefaelde-med-staerk-lim-10-stk\/#primaryimage","url":"https:\/\/gardenersfriend.eu\/wp-content\/uploads\/2026\/02\/MouseAndRatTrapGlue1.jpg","contentUrl":"https:\/\/gardenersfriend.eu\/wp-content\/uploads\/2026\/02\/MouseAndRatTrapGlue1.jpg","width":993,"height":997,"caption":"Lim til muse- og rottef\u00e6lder"},{"@type":"BreadcrumbList","@id":"https:\/\/gardenersfriend.eu\/da\/vare\/muse-og-rottefaelde-med-staerk-lim-10-stk\/#breadcrumb","itemListElement":[{"@type":"ListItem","position":1,"name":"Strona g\u0142\u00f3wna","item":"https:\/\/gardenersfriend.eu\/da\/"},{"@type":"ListItem","position":2,"name":"Shop","item":"https:\/\/gardenersfriend.eu\/shop\/"},{"@type":"ListItem","position":3,"name":"Muse- og rottef\u00e6lde med st\u00e6rk lim &#8211; 10 stk."}]},{"@type":"WebSite","@id":"https:\/\/gardenersfriend.eu\/da\/#website","url":"https:\/\/gardenersfriend.eu\/da\/","name":"Gardeners Friend","description":"herbicides, fertilisers, roundup","publisher":{"@id":"https:\/\/gardenersfriend.eu\/da\/#organization"},"potentialAction":[{"@type":"SearchAction","target":{"@type":"EntryPoint","urlTemplate":"https:\/\/gardenersfriend.eu\/da\/?s={search_term_string}"},"query-input":{"@type":"PropertyValueSpecification","valueRequired":true,"valueName":"search_term_string"}}],"inLanguage":"da-DK"},{"@type":"Organization","@id":"https:\/\/gardenersfriend.eu\/da\/#organization","name":"Gardeners Friend","url":"https:\/\/gardenersfriend.eu\/da\/","logo":{"@type":"ImageObject","inLanguage":"da-DK","@id":"https:\/\/gardenersfriend.eu\/da\/#\/schema\/logo\/image\/","url":"https:\/\/gardenersfriend.eu\/wp-content\/uploads\/2025\/09\/gf_accepted_big_logo.png","contentUrl":"https:\/\/gardenersfriend.eu\/wp-content\/uploads\/2025\/09\/gf_accepted_big_logo.png","width":2000,"height":1000,"caption":"Gardeners Friend"},"image":{"@id":"https:\/\/gardenersfriend.eu\/da\/#\/schema\/logo\/image\/"},"sameAs":["https:\/\/www.facebook.com\/people\/Gardeners-Friend-Store\/61566268054378\/","https:\/\/www.instagram.com\/gardeners_friend_store\/"]}]}},"uagb_featured_image_src":{"full":["https:\/\/gardenersfriend.eu\/wp-content\/uploads\/2026\/02\/MouseAndRatTrapGlue1.jpg",993,997,false],"thumbnail":["https:\/\/gardenersfriend.eu\/wp-content\/uploads\/2026\/02\/MouseAndRatTrapGlue1-150x150.jpg",150,150,true],"medium":["https:\/\/gardenersfriend.eu\/wp-content\/uploads\/2026\/02\/MouseAndRatTrapGlue1-300x300.jpg",300,300,true],"medium_large":["https:\/\/gardenersfriend.eu\/wp-content\/uploads\/2026\/02\/MouseAndRatTrapGlue1-768x771.jpg",768,771,true],"large":["https:\/\/gardenersfriend.eu\/wp-content\/uploads\/2026\/02\/MouseAndRatTrapGlue1.jpg",993,997,false],"1536x1536":["https:\/\/gardenersfriend.eu\/wp-content\/uploads\/2026\/02\/MouseAndRatTrapGlue1.jpg",993,997,false],"2048x2048":["https:\/\/gardenersfriend.eu\/wp-content\/uploads\/2026\/02\/MouseAndRatTrapGlue1.jpg",993,997,false],"woocommerce_thumbnail":["https:\/\/gardenersfriend.eu\/wp-content\/uploads\/2026\/02\/MouseAndRatTrapGlue1-300x300.jpg",300,300,true],"woocommerce_single":["https:\/\/gardenersfriend.eu\/wp-content\/uploads\/2026\/02\/MouseAndRatTrapGlue1-600x602.jpg",600,602,true],"woocommerce_gallery_thumbnail":["https:\/\/gardenersfriend.eu\/wp-content\/uploads\/2026\/02\/MouseAndRatTrapGlue1-100x100.jpg",100,100,true]},"uagb_author_info":{"display_name":"admin","author_link":"https:\/\/gardenersfriend.eu\/da\/author\/"},"uagb_comment_info":0,"uagb_excerpt":"Muse- og rottef\u00e6lde Tredobbelt m\u00e6ngde lim - 32 g. Vores f\u00e6lder fanger gnavere, ikke fluer. Effektiv og sikker bek\u00e6mpelse af sm\u00e5 gnavere","jetpack_sharing_enabled":true,"_links":{"self":[{"href":"https:\/\/gardenersfriend.eu\/da\/wp-json\/wp\/v2\/product\/8831","targetHints":{"allow":["GET"]}}],"collection":[{"href":"https:\/\/gardenersfriend.eu\/da\/wp-json\/wp\/v2\/product"}],"about":[{"href":"https:\/\/gardenersfriend.eu\/da\/wp-json\/wp\/v2\/types\/product"}],"replies":[{"embeddable":true,"href":"https:\/\/gardenersfriend.eu\/da\/wp-json\/wp\/v2\/comments?post=8831"}],"wp:featuredmedia":[{"embeddable":true,"href":"https:\/\/gardenersfriend.eu\/da\/wp-json\/wp\/v2\/media\/8803"}],"wp:attachment":[{"href":"https:\/\/gardenersfriend.eu\/da\/wp-json\/wp\/v2\/media?parent=8831"}],"wp:term":[{"taxonomy":"product_brand","embeddable":true,"href":"https:\/\/gardenersfriend.eu\/da\/wp-json\/wp\/v2\/product_brand?post=8831"},{"taxonomy":"product_cat","embeddable":true,"href":"https:\/\/gardenersfriend.eu\/da\/wp-json\/wp\/v2\/product_cat?post=8831"},{"taxonomy":"product_tag","embeddable":true,"href":"https:\/\/gardenersfriend.eu\/da\/wp-json\/wp\/v2\/product_tag?post=8831"}],"curies":[{"name":"wp","href":"https:\/\/api.w.org\/{rel}","templated":true}]}}