{"id":2264,"date":"2024-09-17T19:31:14","date_gmt":"2024-09-17T17:31:14","guid":{"rendered":"https:\/\/gardenersfriend.eu\/ueber-uns\/"},"modified":"2025-02-18T05:13:46","modified_gmt":"2025-02-18T04:13:46","slug":"ueber-uns","status":"publish","type":"page","link":"https:\/\/gardenersfriend.eu\/de\/ueber-uns\/","title":{"rendered":"\u00dcber uns"},"content":{"rendered":"\n<div class=\"wp-block-uagb-container uagb-block-c69ea5a4 alignfull uagb-is-root-container\"><div class=\"uagb-container-inner-blocks-wrap\">\n<h2 class=\"wp-block-heading has-text-align-center\">\n          <strong>\u00dcber uns<\/strong>\n        <\/h2>\n<\/div><\/div>\n\n<div class=\"wp-block-uagb-container uagb-block-569d153c alignfull uagb-is-root-container\"><div class=\"uagb-container-inner-blocks-wrap\">\n<div class=\"wp-block-uagb-container uagb-layout-grid uagb-block-08bcd5b3 alignfull uagb-is-root-container\"><div class=\"uagb-container-inner-blocks-wrap\">\n          \n\n          <div class=\"wp-block-uagb-image alignleft uagb-block-85bc0136 wp-block-uagb-image--layout-default wp-block-uagb-image--effect-static wp-block-uagb-image--align-left\">\n            <figure class=\"wp-block-uagb-image__figure\">\n              <img decoding=\"async\" srcset=\"https:\/\/gardenersfriend.eu\/wp-content\/uploads\/2022\/02\/unique-image.jpg ,https:\/\/gardenersfriend.eu\/wp-content\/uploads\/2022\/02\/unique-image.jpg 780w\" sizes=\"auto, (max-width: 480px) 150px\" src=\"https:\/\/gardenersfriend.eu\/wp-content\/uploads\/2022\/02\/unique-image.jpg\" alt=\"\" class=\"uag-image-137\" width=\"486\" height=\"497\" title=\"\" loading=\"lazy\" role=\"img\">\n            <\/figure>\n          <\/div>\n          \n\n        \n\n\n\n<div class=\"wp-block-uagb-info-box uagb-block-229f40af uagb-infobox__content-wrap  uagb-infobox-icon-above-title uagb-infobox-image-valign-top\"><div class=\"uagb-ifb-content\"><div class=\"uagb-ifb-title-wrap\"><h2 class=\"uagb-ifb-title\">Wer wir sind<\/h2><\/div><p class=\"uagb-ifb-desc\">Ein wenig \u00fcber uns. Wir sind ein 2023 in Polen gegr\u00fcndetes Unternehmen, das alles verkauft, was man im Garten braucht. Wir sind ein reines Online-Gesch\u00e4ft. Wir verkaufen nur vollwertige Produkte, f\u00fcr die wir die volle Verantwortung \u00fcbernehmen. Unsere Kunden erhalten immer einen kostenlosen Expressversand und ihre Eink\u00e4ufe sind durch Zahlungsabwickler wie Paypal und Stipe etc. gesch\u00fctzt. Wir freuen uns, mit jedem Kunden zu sprechen. Wie Sie uns kontaktieren k\u00f6nnen, erfahren Sie auf der Registerkarte &#8222;Kontakt&#8220;. Alle unsere Richtlinien sind \u00f6ffentlich und Links dazu finden Sie in der Fu\u00dfzeile      <\/p><\/div><\/div>\n<\/div><\/div>\n\n\n\n<div class=\"wp-block-uagb-container uagb-layout-flex uagb-block-9d5f4720 alignfull uagb-is-root-container\"><div class=\"uagb-container-inner-blocks-wrap\">\n<div class=\"wp-block-uagb-container uagb-block-4cd0912d\">\n<div class=\"wp-block-uagb-info-box uagb-block-e5a06a9b uagb-infobox__content-wrap  uagb-infobox-icon-above-title uagb-infobox-image-valign-top\"><div class=\"uagb-ifb-content\"><div class=\"uagb-ifb-title-wrap\"><h2 class=\"uagb-ifb-title\">Unser Auftrag<\/h2><\/div><p class=\"uagb-ifb-desc\">Wir wollen unseren Kunden aus ganz Europa in k\u00fcrzester Zeit vollwertige Produkte liefern.\nUnd gute Meinungen \u00fcber unsere Dienstleistungen sind eine Motivation, sich weiterzuentwickeln. <\/p><\/div><\/div>\n<\/div>\n\n\n\n          \n\n          <div class=\"wp-block-uagb-image alignright uagb-block-9dc3bcaa wp-block-uagb-image--layout-default wp-block-uagb-image--effect-static wp-block-uagb-image--align-right\">\n            <figure class=\"wp-block-uagb-image__figure\">\n              <img decoding=\"async\" srcset=\"https:\/\/gardenersfriend.eu\/wp-content\/uploads\/2022\/02\/outdoor-bg.jpg ,https:\/\/gardenersfriend.eu\/wp-content\/uploads\/2022\/02\/outdoor-bg.jpg 780w, https:\/\/gardenersfriend.eu\/wp-content\/uploads\/2022\/02\/outdoor-bg.jpg 360w\" sizes=\"auto, (max-width: 480px) 150px\" src=\"https:\/\/gardenersfriend.eu\/wp-content\/uploads\/2022\/02\/outdoor-bg.jpg\" alt=\"\" class=\"uag-image-78\" width=\"486\" height=\"497\" title=\"outdoor-bg\" loading=\"lazy\" role=\"img\">\n            <\/figure>\n          <\/div>\n          \n\n        \n<\/div><\/div>\n<\/div><\/div>\n\n<div class=\"wp-block-uagb-container uagb-layout-grid uagb-block-b1581bca alignfull uagb-is-root-container\"><div class=\"uagb-container-inner-blocks-wrap\">\n          \n\n          <div class=\"wp-block-uagb-image uagb-block-263bd894 wp-block-uagb-image--layout-default wp-block-uagb-image--effect-static wp-block-uagb-image--align-none\">\n            <figure class=\"wp-block-uagb-image__figure\">\n              <img decoding=\"async\" srcset=\"https:\/\/gardenersfriend.eu\/wp-content\/uploads\/2024\/09\/DSCF8578-kopia-783x1024.jpg ,https:\/\/gardenersfriend.eu\/wp-content\/uploads\/2024\/09\/DSCF8578-kopia-scaled.jpg 780w, https:\/\/gardenersfriend.eu\/wp-content\/uploads\/2024\/09\/DSCF8578-kopia-scaled.jpg 360w\" sizes=\"auto, (max-width: 480px) 150px\" src=\"https:\/\/gardenersfriend.eu\/wp-content\/uploads\/2024\/09\/DSCF8578-kopia-783x1024.jpg\" alt=\"\" class=\"uag-image-1564\" width=\"534\" height=\"673\" title=\"DSCF8578 kopia\" loading=\"lazy\" role=\"img\">\n            <\/figure>\n          <\/div>\n          \n\n        \n\n\n\n<div class=\"wp-block-uagb-container uagb-block-e0f446b1\">\n<div class=\"wp-block-uagb-info-box uagb-block-72064f7b uagb-infobox__content-wrap  uagb-infobox-icon-above-title uagb-infobox-image-valign-top\"><div class=\"uagb-ifb-content\"><div class=\"uagb-ifb-title-wrap\"><span class=\"uagb-ifb-title-prefix\">Gr\u00fcnder<\/span><h2 class=\"uagb-ifb-title\">Marek Cejrowski<\/h2><\/div><\/div><\/div>\n<\/div>\n<\/div><\/div>\n\n<div class=\"wp-block-uagb-container uagb-block-1fc74e82 alignfull uagb-is-root-container\">\n<div class=\"wp-block-uagb-info-box uagb-block-6f4011ff uagb-infobox__content-wrap  uagb-infobox-icon-above-title uagb-infobox-image-valign-top\"><div class=\"uagb-ifb-content\"><div class=\"uagb-ifb-icon-wrap\"><svg xmlns=\"https:\/\/www.w3.org\/2000\/svg\" viewbox=\"0 0 448 512\"><path d=\"M224.1 141c-63.6 0-114.9 51.3-114.9 114.9s51.3 114.9 114.9 114.9S339 319.5 339 255.9 287.7 141 224.1 141zm0 189.6c-41.1 0-74.7-33.5-74.7-74.7s33.5-74.7 74.7-74.7 74.7 33.5 74.7 74.7-33.6 74.7-74.7 74.7zm146.4-194.3c0 14.9-12 26.8-26.8 26.8-14.9 0-26.8-12-26.8-26.8s12-26.8 26.8-26.8 26.8 12 26.8 26.8zm76.1 27.2c-1.7-35.9-9.9-67.7-36.2-93.9-26.2-26.2-58-34.4-93.9-36.2-37-2.1-147.9-2.1-184.9 0-35.8 1.7-67.6 9.9-93.9 36.1s-34.4 58-36.2 93.9c-2.1 37-2.1 147.9 0 184.9 1.7 35.9 9.9 67.7 36.2 93.9s58 34.4 93.9 36.2c37 2.1 147.9 2.1 184.9 0 35.9-1.7 67.7-9.9 93.9-36.2 26.2-26.2 34.4-58 36.2-93.9 2.1-37 2.1-147.8 0-184.8zM398.8 388c-7.8 19.6-22.9 34.7-42.6 42.6-29.5 11.7-99.5 9-132.1 9s-102.7 2.6-132.1-9c-19.6-7.8-34.7-22.9-42.6-42.6-11.7-29.5-9-99.5-9-132.1s-2.6-102.7 9-132.1c7.8-19.6 22.9-34.7 42.6-42.6 29.5-11.7 99.5-9 132.1-9s102.7-2.6 132.1 9c19.6 7.8 34.7 22.9 42.6 42.6 11.7 29.5 9 99.5 9 132.1s2.7 102.7-9 132.1z\"><\/path><\/svg><\/div><div class=\"uagb-ifb-title-wrap\"><h3 class=\"uagb-ifb-title\"><a href=\"https:\/\/www.instagram.com\/gardeners_friend_store\" data-type=\"link\" data-id=\"https:\/\/www.instagram.com\/gardeners_friend_store\">Gardeners Friend<\/a> folgen<\/h3><\/div><\/div><\/div>\n\n\n\n          \n\n          <div class=\"wp-block-uagb-image uagb-block-cb4ed534 wp-block-uagb-image--layout-default wp-block-uagb-image--effect-static wp-block-uagb-image--align-none\">\n            <figure class=\"wp-block-uagb-image__figure\">\n              <img decoding=\"async\" srcset=\"https:\/\/gardenersfriend.eu\/wp-content\/uploads\/2022\/02\/instafeed-image.jpg\n \" sizes=\"auto, (max-width: 480px) 150px\" src=\"https:\/\/gardenersfriend.eu\/wp-content\/uploads\/2022\/02\/instafeed-image.jpg\" alt=\"\" class=\"uag-image-147\" width=\"1920\" height=\"384\" title=\"\" loading=\"lazy\" role=\"img\">\n            <\/figure>\n          <\/div>\n          \n\n        \n<\/div>\n\n<p><\/p>\n","protected":false},"excerpt":{"rendered":"<p>\u00dcber uns<\/p>\n","protected":false},"author":1,"featured_media":0,"parent":0,"menu_order":0,"comment_status":"closed","ping_status":"closed","template":"","meta":{"_uag_custom_page_level_css":"","site-sidebar-layout":"no-sidebar","site-content-layout":"plain-container","ast-site-content-layout":"normal-width-container","site-content-style":"unboxed","site-sidebar-style":"unboxed","ast-global-header-display":"","ast-banner-title-visibility":"","ast-main-header-display":"","ast-hfb-above-header-display":"","ast-hfb-below-header-display":"","ast-hfb-mobile-header-display":"","site-post-title":"disabled","ast-breadcrumbs-content":"","ast-featured-img":"disabled","footer-sml-layout":"","ast-disable-related-posts":"","theme-transparent-header-meta":"default","adv-header-id-meta":"","stick-header-meta":"","header-above-stick-meta":"","header-main-stick-meta":"","header-below-stick-meta":"","astra-migrate-meta-layouts":"default","ast-page-background-enabled":"default","ast-page-background-meta":{"desktop":{"background-color":"var(--ast-global-color-4)","background-image":"","background-repeat":"repeat","background-position":"center center","background-size":"auto","background-attachment":"scroll","background-type":"","background-media":"","overlay-type":"","overlay-color":"","overlay-opacity":"","overlay-gradient":""},"tablet":{"background-color":"","background-image":"","background-repeat":"repeat","background-position":"center center","background-size":"auto","background-attachment":"scroll","background-type":"","background-media":"","overlay-type":"","overlay-color":"","overlay-opacity":"","overlay-gradient":""},"mobile":{"background-color":"","background-image":"","background-repeat":"repeat","background-position":"center center","background-size":"auto","background-attachment":"scroll","background-type":"","background-media":"","overlay-type":"","overlay-color":"","overlay-opacity":"","overlay-gradient":""}},"ast-content-background-meta":{"desktop":{"background-color":"var(--ast-global-color-5)","background-image":"","background-repeat":"repeat","background-position":"center center","background-size":"auto","background-attachment":"scroll","background-type":"","background-media":"","overlay-type":"","overlay-color":"","overlay-opacity":"","overlay-gradient":""},"tablet":{"background-color":"var(--ast-global-color-5)","background-image":"","background-repeat":"repeat","background-position":"center center","background-size":"auto","background-attachment":"scroll","background-type":"","background-media":"","overlay-type":"","overlay-color":"","overlay-opacity":"","overlay-gradient":""},"mobile":{"background-color":"var(--ast-global-color-5)","background-image":"","background-repeat":"repeat","background-position":"center center","background-size":"auto","background-attachment":"scroll","background-type":"","background-media":"","overlay-type":"","overlay-color":"","overlay-opacity":"","overlay-gradient":""}},"footnotes":""},"class_list":["post-2264","page","type-page","status-publish","hentry"],"yoast_head":"<!-- This site is optimized with the Yoast SEO plugin v27.4 - https:\/\/yoast.com\/product\/yoast-seo-wordpress\/ -->\n<title>\u00dcber uns - Gardeners Friend<\/title>\n<meta name=\"description\" content=\"Diese Seite beschreibt alles \u00fcber uns und wer wir sind. Sie k\u00f6nnen herausfinden, wer wir sind und warum wir f\u00fcr Sie arbeiten m\u00f6chten\" \/>\n<meta name=\"robots\" content=\"index, follow, max-snippet:-1, max-image-preview:large, max-video-preview:-1\" \/>\n<link rel=\"canonical\" href=\"https:\/\/gardenersfriend.eu\/de\/ueber-uns\/\" \/>\n<meta property=\"og:locale\" content=\"de_DE\" \/>\n<meta property=\"og:type\" content=\"article\" \/>\n<meta property=\"og:title\" content=\"\u00dcber uns - Gardeners Friend\" \/>\n<meta property=\"og:description\" content=\"Diese Seite beschreibt alles \u00fcber uns und wer wir sind. Sie k\u00f6nnen herausfinden, wer wir sind und warum wir f\u00fcr Sie arbeiten m\u00f6chten\" \/>\n<meta property=\"og:url\" content=\"https:\/\/gardenersfriend.eu\/de\/ueber-uns\/\" \/>\n<meta property=\"og:site_name\" content=\"Gardeners Friend\" \/>\n<meta property=\"article:publisher\" content=\"https:\/\/www.facebook.com\/people\/Gardeners-Friend-Store\/61566268054378\/\" \/>\n<meta property=\"article:modified_time\" content=\"2025-02-18T04:13:46+00:00\" \/>\n<meta property=\"og:image\" content=\"http:\/\/gardenersfriend.eu\/wp-content\/uploads\/2022\/02\/unique-image.jpg\" \/>\n<meta name=\"twitter:card\" content=\"summary_large_image\" \/>\n<meta name=\"twitter:label1\" content=\"Gesch\u00e4tzte Lesezeit\" \/>\n\t<meta name=\"twitter:data1\" content=\"1\u00a0Minute\" \/>\n<script type=\"application\/ld+json\" class=\"yoast-schema-graph\">{\"@context\":\"https:\\\/\\\/schema.org\",\"@graph\":[{\"@type\":\"WebPage\",\"@id\":\"https:\\\/\\\/gardenersfriend.eu\\\/de\\\/ueber-uns\\\/\",\"url\":\"https:\\\/\\\/gardenersfriend.eu\\\/de\\\/ueber-uns\\\/\",\"name\":\"\u00dcber uns - Gardeners Friend\",\"isPartOf\":{\"@id\":\"https:\\\/\\\/gardenersfriend.eu\\\/de\\\/#website\"},\"primaryImageOfPage\":{\"@id\":\"https:\\\/\\\/gardenersfriend.eu\\\/de\\\/ueber-uns\\\/#primaryimage\"},\"image\":{\"@id\":\"https:\\\/\\\/gardenersfriend.eu\\\/de\\\/ueber-uns\\\/#primaryimage\"},\"thumbnailUrl\":\"http:\\\/\\\/gardenersfriend.eu\\\/wp-content\\\/uploads\\\/2022\\\/02\\\/unique-image.jpg\",\"datePublished\":\"2024-09-17T17:31:14+00:00\",\"dateModified\":\"2025-02-18T04:13:46+00:00\",\"description\":\"Diese Seite beschreibt alles \u00fcber uns und wer wir sind. Sie k\u00f6nnen herausfinden, wer wir sind und warum wir f\u00fcr Sie arbeiten m\u00f6chten\",\"breadcrumb\":{\"@id\":\"https:\\\/\\\/gardenersfriend.eu\\\/de\\\/ueber-uns\\\/#breadcrumb\"},\"inLanguage\":\"de\",\"potentialAction\":[{\"@type\":\"ReadAction\",\"target\":[\"https:\\\/\\\/gardenersfriend.eu\\\/de\\\/ueber-uns\\\/\"]}]},{\"@type\":\"ImageObject\",\"inLanguage\":\"de\",\"@id\":\"https:\\\/\\\/gardenersfriend.eu\\\/de\\\/ueber-uns\\\/#primaryimage\",\"url\":\"http:\\\/\\\/gardenersfriend.eu\\\/wp-content\\\/uploads\\\/2022\\\/02\\\/unique-image.jpg\",\"contentUrl\":\"http:\\\/\\\/gardenersfriend.eu\\\/wp-content\\\/uploads\\\/2022\\\/02\\\/unique-image.jpg\"},{\"@type\":\"BreadcrumbList\",\"@id\":\"https:\\\/\\\/gardenersfriend.eu\\\/de\\\/ueber-uns\\\/#breadcrumb\",\"itemListElement\":[{\"@type\":\"ListItem\",\"position\":1,\"name\":\"Strona g\u0142\u00f3wna\",\"item\":\"https:\\\/\\\/gardenersfriend.eu\\\/de\\\/\"},{\"@type\":\"ListItem\",\"position\":2,\"name\":\"\u00dcber uns\"}]},{\"@type\":\"WebSite\",\"@id\":\"https:\\\/\\\/gardenersfriend.eu\\\/de\\\/#website\",\"url\":\"https:\\\/\\\/gardenersfriend.eu\\\/de\\\/\",\"name\":\"Gardeners Friend\",\"description\":\"herbicides, fertilisers, roundup\",\"publisher\":{\"@id\":\"https:\\\/\\\/gardenersfriend.eu\\\/de\\\/#organization\"},\"potentialAction\":[{\"@type\":\"SearchAction\",\"target\":{\"@type\":\"EntryPoint\",\"urlTemplate\":\"https:\\\/\\\/gardenersfriend.eu\\\/de\\\/?s={search_term_string}\"},\"query-input\":{\"@type\":\"PropertyValueSpecification\",\"valueRequired\":true,\"valueName\":\"search_term_string\"}}],\"inLanguage\":\"de\"},{\"@type\":\"Organization\",\"@id\":\"https:\\\/\\\/gardenersfriend.eu\\\/de\\\/#organization\",\"name\":\"Gardeners Friend\",\"url\":\"https:\\\/\\\/gardenersfriend.eu\\\/de\\\/\",\"logo\":{\"@type\":\"ImageObject\",\"inLanguage\":\"de\",\"@id\":\"https:\\\/\\\/gardenersfriend.eu\\\/de\\\/#\\\/schema\\\/logo\\\/image\\\/\",\"url\":\"https:\\\/\\\/gardenersfriend.eu\\\/wp-content\\\/uploads\\\/2025\\\/09\\\/gf_accepted_big_logo.png\",\"contentUrl\":\"https:\\\/\\\/gardenersfriend.eu\\\/wp-content\\\/uploads\\\/2025\\\/09\\\/gf_accepted_big_logo.png\",\"width\":2000,\"height\":1000,\"caption\":\"Gardeners Friend\"},\"image\":{\"@id\":\"https:\\\/\\\/gardenersfriend.eu\\\/de\\\/#\\\/schema\\\/logo\\\/image\\\/\"},\"sameAs\":[\"https:\\\/\\\/www.facebook.com\\\/people\\\/Gardeners-Friend-Store\\\/61566268054378\\\/\",\"https:\\\/\\\/www.instagram.com\\\/gardeners_friend_store\\\/\"]}]}<\/script>\n<!-- \/ Yoast SEO plugin. -->","yoast_head_json":{"title":"\u00dcber uns - Gardeners Friend","description":"Diese Seite beschreibt alles \u00fcber uns und wer wir sind. Sie k\u00f6nnen herausfinden, wer wir sind und warum wir f\u00fcr Sie arbeiten m\u00f6chten","robots":{"index":"index","follow":"follow","max-snippet":"max-snippet:-1","max-image-preview":"max-image-preview:large","max-video-preview":"max-video-preview:-1"},"canonical":"https:\/\/gardenersfriend.eu\/de\/ueber-uns\/","og_locale":"de_DE","og_type":"article","og_title":"\u00dcber uns - Gardeners Friend","og_description":"Diese Seite beschreibt alles \u00fcber uns und wer wir sind. Sie k\u00f6nnen herausfinden, wer wir sind und warum wir f\u00fcr Sie arbeiten m\u00f6chten","og_url":"https:\/\/gardenersfriend.eu\/de\/ueber-uns\/","og_site_name":"Gardeners Friend","article_publisher":"https:\/\/www.facebook.com\/people\/Gardeners-Friend-Store\/61566268054378\/","article_modified_time":"2025-02-18T04:13:46+00:00","og_image":[{"url":"http:\/\/gardenersfriend.eu\/wp-content\/uploads\/2022\/02\/unique-image.jpg","type":"","width":"","height":""}],"twitter_card":"summary_large_image","twitter_misc":{"Gesch\u00e4tzte Lesezeit":"1\u00a0Minute"},"schema":{"@context":"https:\/\/schema.org","@graph":[{"@type":"WebPage","@id":"https:\/\/gardenersfriend.eu\/de\/ueber-uns\/","url":"https:\/\/gardenersfriend.eu\/de\/ueber-uns\/","name":"\u00dcber uns - Gardeners Friend","isPartOf":{"@id":"https:\/\/gardenersfriend.eu\/de\/#website"},"primaryImageOfPage":{"@id":"https:\/\/gardenersfriend.eu\/de\/ueber-uns\/#primaryimage"},"image":{"@id":"https:\/\/gardenersfriend.eu\/de\/ueber-uns\/#primaryimage"},"thumbnailUrl":"http:\/\/gardenersfriend.eu\/wp-content\/uploads\/2022\/02\/unique-image.jpg","datePublished":"2024-09-17T17:31:14+00:00","dateModified":"2025-02-18T04:13:46+00:00","description":"Diese Seite beschreibt alles \u00fcber uns und wer wir sind. Sie k\u00f6nnen herausfinden, wer wir sind und warum wir f\u00fcr Sie arbeiten m\u00f6chten","breadcrumb":{"@id":"https:\/\/gardenersfriend.eu\/de\/ueber-uns\/#breadcrumb"},"inLanguage":"de","potentialAction":[{"@type":"ReadAction","target":["https:\/\/gardenersfriend.eu\/de\/ueber-uns\/"]}]},{"@type":"ImageObject","inLanguage":"de","@id":"https:\/\/gardenersfriend.eu\/de\/ueber-uns\/#primaryimage","url":"http:\/\/gardenersfriend.eu\/wp-content\/uploads\/2022\/02\/unique-image.jpg","contentUrl":"http:\/\/gardenersfriend.eu\/wp-content\/uploads\/2022\/02\/unique-image.jpg"},{"@type":"BreadcrumbList","@id":"https:\/\/gardenersfriend.eu\/de\/ueber-uns\/#breadcrumb","itemListElement":[{"@type":"ListItem","position":1,"name":"Strona g\u0142\u00f3wna","item":"https:\/\/gardenersfriend.eu\/de\/"},{"@type":"ListItem","position":2,"name":"\u00dcber uns"}]},{"@type":"WebSite","@id":"https:\/\/gardenersfriend.eu\/de\/#website","url":"https:\/\/gardenersfriend.eu\/de\/","name":"Gardeners Friend","description":"herbicides, fertilisers, roundup","publisher":{"@id":"https:\/\/gardenersfriend.eu\/de\/#organization"},"potentialAction":[{"@type":"SearchAction","target":{"@type":"EntryPoint","urlTemplate":"https:\/\/gardenersfriend.eu\/de\/?s={search_term_string}"},"query-input":{"@type":"PropertyValueSpecification","valueRequired":true,"valueName":"search_term_string"}}],"inLanguage":"de"},{"@type":"Organization","@id":"https:\/\/gardenersfriend.eu\/de\/#organization","name":"Gardeners Friend","url":"https:\/\/gardenersfriend.eu\/de\/","logo":{"@type":"ImageObject","inLanguage":"de","@id":"https:\/\/gardenersfriend.eu\/de\/#\/schema\/logo\/image\/","url":"https:\/\/gardenersfriend.eu\/wp-content\/uploads\/2025\/09\/gf_accepted_big_logo.png","contentUrl":"https:\/\/gardenersfriend.eu\/wp-content\/uploads\/2025\/09\/gf_accepted_big_logo.png","width":2000,"height":1000,"caption":"Gardeners Friend"},"image":{"@id":"https:\/\/gardenersfriend.eu\/de\/#\/schema\/logo\/image\/"},"sameAs":["https:\/\/www.facebook.com\/people\/Gardeners-Friend-Store\/61566268054378\/","https:\/\/www.instagram.com\/gardeners_friend_store\/"]}]}},"uagb_featured_image_src":{"full":false,"thumbnail":false,"medium":false,"medium_large":false,"large":false,"1536x1536":false,"2048x2048":false,"woocommerce_thumbnail":false,"woocommerce_single":false,"woocommerce_gallery_thumbnail":false},"uagb_author_info":{"display_name":"admin","author_link":"https:\/\/gardenersfriend.eu\/de\/author\/admin\/"},"uagb_comment_info":0,"uagb_excerpt":"\u00dcber uns","jetpack_sharing_enabled":true,"_links":{"self":[{"href":"https:\/\/gardenersfriend.eu\/de\/wp-json\/wp\/v2\/pages\/2264","targetHints":{"allow":["GET"]}}],"collection":[{"href":"https:\/\/gardenersfriend.eu\/de\/wp-json\/wp\/v2\/pages"}],"about":[{"href":"https:\/\/gardenersfriend.eu\/de\/wp-json\/wp\/v2\/types\/page"}],"author":[{"embeddable":true,"href":"https:\/\/gardenersfriend.eu\/de\/wp-json\/wp\/v2\/users\/1"}],"replies":[{"embeddable":true,"href":"https:\/\/gardenersfriend.eu\/de\/wp-json\/wp\/v2\/comments?post=2264"}],"version-history":[{"count":0,"href":"https:\/\/gardenersfriend.eu\/de\/wp-json\/wp\/v2\/pages\/2264\/revisions"}],"wp:attachment":[{"href":"https:\/\/gardenersfriend.eu\/de\/wp-json\/wp\/v2\/media?parent=2264"}],"curies":[{"name":"wp","href":"https:\/\/api.w.org\/{rel}","templated":true}]}}