{"id":2324,"date":"2024-09-18T02:13:52","date_gmt":"2024-09-18T00:13:52","guid":{"rendered":"https:\/\/gardenersfriend.eu\/versandpolitik\/"},"modified":"2025-08-21T16:10:03","modified_gmt":"2025-08-21T14:10:03","slug":"versandpolitik","status":"publish","type":"page","link":"https:\/\/gardenersfriend.eu\/de\/versandpolitik\/","title":{"rendered":"Versandpolitik"},"content":{"rendered":"\n<h2 class=\"wp-block-heading has-text-align-center\">Versandpolitik<\/h2>\n\n<p>Vielen Dank f\u00fcr Ihren Besuch und Ihren Einkauf bei gardenersfriend.eu Nachfolgend finden Sie die Bedingungen, die unsere Versandpolitik ausmachen.<\/p>\n\n<h4 class=\"wp-block-heading\"><strong>Bearbeitungszeit f\u00fcr Sendungen<\/strong><\/h4>\n\n<p>Alle Bestellungen werden innerhalb von 1-3 Werktagen bearbeitet. An Wochenenden und Feiertagen werden keine Bestellungen versandt oder geliefert. Wenn wir ein hohes Auftragsvolumen haben, kann sich die Auslieferung um einige Tage verz\u00f6gern. Bitte kalkulieren Sie zus\u00e4tzliche Tage f\u00fcr die Lieferung ein. Sollte sich der Versand Ihrer Bestellung erheblich verz\u00f6gern, werden wir Sie per E-Mail kontaktieren.    <\/p>\n\n<h4 class=\"wp-block-heading\"><strong>Versandtarife &amp; Lieferkostenvoranschl\u00e4ge<\/strong><\/h4>\n\n<p>Wir versenden per GLS, gelegentlich auch per DPD und bieten eine kostenlose Lieferung an.<br\/>Die gesch\u00e4tzte Lieferzeit betr\u00e4gt 1-4 Werktage. <br\/>Es kann gelegentlich zu Lieferverz\u00f6gerungen kommen.<\/p>\n\n<h4 class=\"wp-block-heading\"><strong>Versandbest\u00e4tigung &amp; Auftragsverfolgung<\/strong><\/h4>\n\n<p>Sie erhalten eine Versandbest\u00e4tigung per E-Mail, sobald Ihre Bestellung versandt wurde, die Ihre Tracking-Nummer(n) enth\u00e4lt.  <\/p>\n\n<h4 class=\"wp-block-heading\"><strong>Schadenersatz<\/strong><\/h4>\n\n<p>gardenersfriend.eu haftet nicht f\u00fcr Produkte, die beim Versand besch\u00e4digt werden oder verloren gehen. Wenn Sie bei der Entgegennahme der Lieferung irgendwelche Sch\u00e4den feststellen, melden Sie dies bitte dem Zusteller. Wenn Sie Ihre Bestellung besch\u00e4digt erhalten haben, kontaktieren Sie uns bitte per E-Mail und beschreiben Sie die Situation. Wir werden den Schaden bei dem Kurierdienst melden.   <br\/><\/p>\n\n<p><\/p>\n","protected":false},"excerpt":{"rendered":"<p>Versandpolitik Vielen Dank f\u00fcr Ihren Besuch und Ihren Einkauf bei gardenersfriend.eu Nachfolgend finden Sie die Bedingungen, die unsere Versandpolitik ausmachen. Bearbeitungszeit f\u00fcr Sendungen Alle Bestellungen werden innerhalb von 1-3 Werktagen bearbeitet. An Wochenenden und Feiertagen werden keine Bestellungen versandt oder geliefert. Wenn wir ein hohes Auftragsvolumen haben, kann sich die Auslieferung um einige Tage verz\u00f6gern. [&hellip;]<\/p>\n","protected":false},"author":1,"featured_media":0,"parent":0,"menu_order":0,"comment_status":"closed","ping_status":"closed","template":"","meta":{"_uag_custom_page_level_css":"","site-sidebar-layout":"default","site-content-layout":"","ast-site-content-layout":"default","site-content-style":"default","site-sidebar-style":"default","ast-global-header-display":"","ast-banner-title-visibility":"","ast-main-header-display":"","ast-hfb-above-header-display":"","ast-hfb-below-header-display":"","ast-hfb-mobile-header-display":"","site-post-title":"disabled","ast-breadcrumbs-content":"","ast-featured-img":"","footer-sml-layout":"","ast-disable-related-posts":"","theme-transparent-header-meta":"","adv-header-id-meta":"","stick-header-meta":"","header-above-stick-meta":"","header-main-stick-meta":"","header-below-stick-meta":"","astra-migrate-meta-layouts":"default","ast-page-background-enabled":"default","ast-page-background-meta":{"desktop":{"background-color":"var(--ast-global-color-4)","background-image":"","background-repeat":"repeat","background-position":"center center","background-size":"auto","background-attachment":"scroll","background-type":"","background-media":"","overlay-type":"","overlay-color":"","overlay-opacity":"","overlay-gradient":""},"tablet":{"background-color":"","background-image":"","background-repeat":"repeat","background-position":"center center","background-size":"auto","background-attachment":"scroll","background-type":"","background-media":"","overlay-type":"","overlay-color":"","overlay-opacity":"","overlay-gradient":""},"mobile":{"background-color":"","background-image":"","background-repeat":"repeat","background-position":"center center","background-size":"auto","background-attachment":"scroll","background-type":"","background-media":"","overlay-type":"","overlay-color":"","overlay-opacity":"","overlay-gradient":""}},"ast-content-background-meta":{"desktop":{"background-color":"var(--ast-global-color-5)","background-image":"","background-repeat":"repeat","background-position":"center center","background-size":"auto","background-attachment":"scroll","background-type":"","background-media":"","overlay-type":"","overlay-color":"","overlay-opacity":"","overlay-gradient":""},"tablet":{"background-color":"var(--ast-global-color-5)","background-image":"","background-repeat":"repeat","background-position":"center center","background-size":"auto","background-attachment":"scroll","background-type":"","background-media":"","overlay-type":"","overlay-color":"","overlay-opacity":"","overlay-gradient":""},"mobile":{"background-color":"var(--ast-global-color-5)","background-image":"","background-repeat":"repeat","background-position":"center center","background-size":"auto","background-attachment":"scroll","background-type":"","background-media":"","overlay-type":"","overlay-color":"","overlay-opacity":"","overlay-gradient":""}},"footnotes":""},"class_list":["post-2324","page","type-page","status-publish","hentry"],"yoast_head":"<!-- This site is optimized with the Yoast SEO plugin v27.4 - https:\/\/yoast.com\/product\/yoast-seo-wordpress\/ -->\n<title>Versandpolitik - Gardeners Friend<\/title>\n<meta name=\"robots\" content=\"index, follow, max-snippet:-1, max-image-preview:large, max-video-preview:-1\" \/>\n<link rel=\"canonical\" href=\"https:\/\/gardenersfriend.eu\/de\/versandpolitik\/\" \/>\n<meta property=\"og:locale\" content=\"de_DE\" \/>\n<meta property=\"og:type\" content=\"article\" \/>\n<meta property=\"og:title\" content=\"Versandpolitik - Gardeners Friend\" \/>\n<meta property=\"og:description\" content=\"Versandpolitik Vielen Dank f\u00fcr Ihren Besuch und Ihren Einkauf bei gardenersfriend.eu Nachfolgend finden Sie die Bedingungen, die unsere Versandpolitik ausmachen. Bearbeitungszeit f\u00fcr Sendungen Alle Bestellungen werden innerhalb von 1-3 Werktagen bearbeitet. An Wochenenden und Feiertagen werden keine Bestellungen versandt oder geliefert. Wenn wir ein hohes Auftragsvolumen haben, kann sich die Auslieferung um einige Tage verz\u00f6gern. [&hellip;]\" \/>\n<meta property=\"og:url\" content=\"https:\/\/gardenersfriend.eu\/de\/versandpolitik\/\" \/>\n<meta property=\"og:site_name\" content=\"Gardeners Friend\" \/>\n<meta property=\"article:publisher\" content=\"https:\/\/www.facebook.com\/people\/Gardeners-Friend-Store\/61566268054378\/\" \/>\n<meta property=\"article:modified_time\" content=\"2025-08-21T14:10:03+00:00\" \/>\n<meta name=\"twitter:card\" content=\"summary_large_image\" \/>\n<meta name=\"twitter:label1\" content=\"Gesch\u00e4tzte Lesezeit\" \/>\n\t<meta name=\"twitter:data1\" content=\"1\u00a0Minute\" \/>\n<script type=\"application\/ld+json\" class=\"yoast-schema-graph\">{\"@context\":\"https:\\\/\\\/schema.org\",\"@graph\":[{\"@type\":\"WebPage\",\"@id\":\"https:\\\/\\\/gardenersfriend.eu\\\/de\\\/versandpolitik\\\/\",\"url\":\"https:\\\/\\\/gardenersfriend.eu\\\/de\\\/versandpolitik\\\/\",\"name\":\"Versandpolitik - Gardeners Friend\",\"isPartOf\":{\"@id\":\"https:\\\/\\\/gardenersfriend.eu\\\/de\\\/#website\"},\"datePublished\":\"2024-09-18T00:13:52+00:00\",\"dateModified\":\"2025-08-21T14:10:03+00:00\",\"breadcrumb\":{\"@id\":\"https:\\\/\\\/gardenersfriend.eu\\\/de\\\/versandpolitik\\\/#breadcrumb\"},\"inLanguage\":\"de\",\"potentialAction\":[{\"@type\":\"ReadAction\",\"target\":[\"https:\\\/\\\/gardenersfriend.eu\\\/de\\\/versandpolitik\\\/\"]}]},{\"@type\":\"BreadcrumbList\",\"@id\":\"https:\\\/\\\/gardenersfriend.eu\\\/de\\\/versandpolitik\\\/#breadcrumb\",\"itemListElement\":[{\"@type\":\"ListItem\",\"position\":1,\"name\":\"Strona g\u0142\u00f3wna\",\"item\":\"https:\\\/\\\/gardenersfriend.eu\\\/de\\\/\"},{\"@type\":\"ListItem\",\"position\":2,\"name\":\"Versandpolitik\"}]},{\"@type\":\"WebSite\",\"@id\":\"https:\\\/\\\/gardenersfriend.eu\\\/de\\\/#website\",\"url\":\"https:\\\/\\\/gardenersfriend.eu\\\/de\\\/\",\"name\":\"Gardeners Friend\",\"description\":\"herbicides, fertilisers, roundup\",\"publisher\":{\"@id\":\"https:\\\/\\\/gardenersfriend.eu\\\/de\\\/#organization\"},\"potentialAction\":[{\"@type\":\"SearchAction\",\"target\":{\"@type\":\"EntryPoint\",\"urlTemplate\":\"https:\\\/\\\/gardenersfriend.eu\\\/de\\\/?s={search_term_string}\"},\"query-input\":{\"@type\":\"PropertyValueSpecification\",\"valueRequired\":true,\"valueName\":\"search_term_string\"}}],\"inLanguage\":\"de\"},{\"@type\":\"Organization\",\"@id\":\"https:\\\/\\\/gardenersfriend.eu\\\/de\\\/#organization\",\"name\":\"Gardeners Friend\",\"url\":\"https:\\\/\\\/gardenersfriend.eu\\\/de\\\/\",\"logo\":{\"@type\":\"ImageObject\",\"inLanguage\":\"de\",\"@id\":\"https:\\\/\\\/gardenersfriend.eu\\\/de\\\/#\\\/schema\\\/logo\\\/image\\\/\",\"url\":\"https:\\\/\\\/gardenersfriend.eu\\\/wp-content\\\/uploads\\\/2025\\\/09\\\/gf_accepted_big_logo.png\",\"contentUrl\":\"https:\\\/\\\/gardenersfriend.eu\\\/wp-content\\\/uploads\\\/2025\\\/09\\\/gf_accepted_big_logo.png\",\"width\":2000,\"height\":1000,\"caption\":\"Gardeners Friend\"},\"image\":{\"@id\":\"https:\\\/\\\/gardenersfriend.eu\\\/de\\\/#\\\/schema\\\/logo\\\/image\\\/\"},\"sameAs\":[\"https:\\\/\\\/www.facebook.com\\\/people\\\/Gardeners-Friend-Store\\\/61566268054378\\\/\",\"https:\\\/\\\/www.instagram.com\\\/gardeners_friend_store\\\/\"]}]}<\/script>\n<!-- \/ Yoast SEO plugin. -->","yoast_head_json":{"title":"Versandpolitik - Gardeners Friend","robots":{"index":"index","follow":"follow","max-snippet":"max-snippet:-1","max-image-preview":"max-image-preview:large","max-video-preview":"max-video-preview:-1"},"canonical":"https:\/\/gardenersfriend.eu\/de\/versandpolitik\/","og_locale":"de_DE","og_type":"article","og_title":"Versandpolitik - Gardeners Friend","og_description":"Versandpolitik Vielen Dank f\u00fcr Ihren Besuch und Ihren Einkauf bei gardenersfriend.eu Nachfolgend finden Sie die Bedingungen, die unsere Versandpolitik ausmachen. Bearbeitungszeit f\u00fcr Sendungen Alle Bestellungen werden innerhalb von 1-3 Werktagen bearbeitet. An Wochenenden und Feiertagen werden keine Bestellungen versandt oder geliefert. Wenn wir ein hohes Auftragsvolumen haben, kann sich die Auslieferung um einige Tage verz\u00f6gern. [&hellip;]","og_url":"https:\/\/gardenersfriend.eu\/de\/versandpolitik\/","og_site_name":"Gardeners Friend","article_publisher":"https:\/\/www.facebook.com\/people\/Gardeners-Friend-Store\/61566268054378\/","article_modified_time":"2025-08-21T14:10:03+00:00","twitter_card":"summary_large_image","twitter_misc":{"Gesch\u00e4tzte Lesezeit":"1\u00a0Minute"},"schema":{"@context":"https:\/\/schema.org","@graph":[{"@type":"WebPage","@id":"https:\/\/gardenersfriend.eu\/de\/versandpolitik\/","url":"https:\/\/gardenersfriend.eu\/de\/versandpolitik\/","name":"Versandpolitik - Gardeners Friend","isPartOf":{"@id":"https:\/\/gardenersfriend.eu\/de\/#website"},"datePublished":"2024-09-18T00:13:52+00:00","dateModified":"2025-08-21T14:10:03+00:00","breadcrumb":{"@id":"https:\/\/gardenersfriend.eu\/de\/versandpolitik\/#breadcrumb"},"inLanguage":"de","potentialAction":[{"@type":"ReadAction","target":["https:\/\/gardenersfriend.eu\/de\/versandpolitik\/"]}]},{"@type":"BreadcrumbList","@id":"https:\/\/gardenersfriend.eu\/de\/versandpolitik\/#breadcrumb","itemListElement":[{"@type":"ListItem","position":1,"name":"Strona g\u0142\u00f3wna","item":"https:\/\/gardenersfriend.eu\/de\/"},{"@type":"ListItem","position":2,"name":"Versandpolitik"}]},{"@type":"WebSite","@id":"https:\/\/gardenersfriend.eu\/de\/#website","url":"https:\/\/gardenersfriend.eu\/de\/","name":"Gardeners Friend","description":"herbicides, fertilisers, roundup","publisher":{"@id":"https:\/\/gardenersfriend.eu\/de\/#organization"},"potentialAction":[{"@type":"SearchAction","target":{"@type":"EntryPoint","urlTemplate":"https:\/\/gardenersfriend.eu\/de\/?s={search_term_string}"},"query-input":{"@type":"PropertyValueSpecification","valueRequired":true,"valueName":"search_term_string"}}],"inLanguage":"de"},{"@type":"Organization","@id":"https:\/\/gardenersfriend.eu\/de\/#organization","name":"Gardeners Friend","url":"https:\/\/gardenersfriend.eu\/de\/","logo":{"@type":"ImageObject","inLanguage":"de","@id":"https:\/\/gardenersfriend.eu\/de\/#\/schema\/logo\/image\/","url":"https:\/\/gardenersfriend.eu\/wp-content\/uploads\/2025\/09\/gf_accepted_big_logo.png","contentUrl":"https:\/\/gardenersfriend.eu\/wp-content\/uploads\/2025\/09\/gf_accepted_big_logo.png","width":2000,"height":1000,"caption":"Gardeners Friend"},"image":{"@id":"https:\/\/gardenersfriend.eu\/de\/#\/schema\/logo\/image\/"},"sameAs":["https:\/\/www.facebook.com\/people\/Gardeners-Friend-Store\/61566268054378\/","https:\/\/www.instagram.com\/gardeners_friend_store\/"]}]}},"uagb_featured_image_src":{"full":false,"thumbnail":false,"medium":false,"medium_large":false,"large":false,"1536x1536":false,"2048x2048":false,"woocommerce_thumbnail":false,"woocommerce_single":false,"woocommerce_gallery_thumbnail":false},"uagb_author_info":{"display_name":"admin","author_link":"https:\/\/gardenersfriend.eu\/de\/author\/admin\/"},"uagb_comment_info":0,"uagb_excerpt":"Versandpolitik Vielen Dank f\u00fcr Ihren Besuch und Ihren Einkauf bei gardenersfriend.eu Nachfolgend finden Sie die Bedingungen, die unsere Versandpolitik ausmachen. Bearbeitungszeit f\u00fcr Sendungen Alle Bestellungen werden innerhalb von 1-3 Werktagen bearbeitet. An Wochenenden und Feiertagen werden keine Bestellungen versandt oder geliefert. Wenn wir ein hohes Auftragsvolumen haben, kann sich die Auslieferung um einige Tage verz\u00f6gern.&hellip;","jetpack_sharing_enabled":true,"_links":{"self":[{"href":"https:\/\/gardenersfriend.eu\/de\/wp-json\/wp\/v2\/pages\/2324","targetHints":{"allow":["GET"]}}],"collection":[{"href":"https:\/\/gardenersfriend.eu\/de\/wp-json\/wp\/v2\/pages"}],"about":[{"href":"https:\/\/gardenersfriend.eu\/de\/wp-json\/wp\/v2\/types\/page"}],"author":[{"embeddable":true,"href":"https:\/\/gardenersfriend.eu\/de\/wp-json\/wp\/v2\/users\/1"}],"replies":[{"embeddable":true,"href":"https:\/\/gardenersfriend.eu\/de\/wp-json\/wp\/v2\/comments?post=2324"}],"version-history":[{"count":2,"href":"https:\/\/gardenersfriend.eu\/de\/wp-json\/wp\/v2\/pages\/2324\/revisions"}],"predecessor-version":[{"id":6362,"href":"https:\/\/gardenersfriend.eu\/de\/wp-json\/wp\/v2\/pages\/2324\/revisions\/6362"}],"wp:attachment":[{"href":"https:\/\/gardenersfriend.eu\/de\/wp-json\/wp\/v2\/media?parent=2324"}],"curies":[{"name":"wp","href":"https:\/\/api.w.org\/{rel}","templated":true}]}}