{"id":2348,"date":"2024-09-23T21:14:41","date_gmt":"2024-09-23T19:14:41","guid":{"rendered":"https:\/\/gardenersfriend.eu\/sonderangebot\/"},"modified":"2026-02-09T11:18:14","modified_gmt":"2026-02-09T10:18:14","slug":"sonderangebot","status":"publish","type":"page","link":"https:\/\/gardenersfriend.eu\/de\/sonderangebot\/","title":{"rendered":"Sonderangebot"},"content":{"rendered":"\n<h2 class=\"wp-block-heading has-text-align-center\">Sonderangebot<\/h2>\n\n<p>Die folgende Tabelle beschreibt, welcher automatische Rabatt f\u00fcr die gesamte Bestellung gew\u00e4hrt wird, abh\u00e4ngig vom ausgegebenen Betrag. Der Rabatt wird nach dem Hinzuf\u00fcgen zum Warenkorb berechnet. <\/p>\n\n<figure class=\"wp-block-table\"><table class=\"has-fixed-layout\"><tbody><tr><td class=\"has-text-align-center\" data-align=\"center\"><strong>ausgegebener Betrag<\/strong><\/td><td class=\"has-text-align-center\" data-align=\"center\"><strong>Rabatt<\/strong><\/td><\/tr><tr><td class=\"has-text-align-center\" data-align=\"center\">200-299,99\u20ac<\/td><td class=\"has-text-align-center\" data-align=\"center\">2%<\/td><\/tr><tr><td class=\"has-text-align-center\" data-align=\"center\">300-499,99\u20ac<\/td><td class=\"has-text-align-center\" data-align=\"center\">3%<\/td><\/tr><tr><td class=\"has-text-align-center\" data-align=\"center\">500-999,99\u20ac<\/td><td class=\"has-text-align-center\" data-align=\"center\">5%<\/td><\/tr><tr><td class=\"has-text-align-center\" data-align=\"center\">mehr als 1000\u20ac<\/td><td class=\"has-text-align-center\" data-align=\"center\">7%<\/td><\/tr><\/tbody><\/table><\/figure>\n\n<p><\/p>\n","protected":false},"excerpt":{"rendered":"<p>Sonderangebot Die folgende Tabelle beschreibt, welcher automatische Rabatt f\u00fcr die gesamte Bestellung gew\u00e4hrt wird, abh\u00e4ngig vom ausgegebenen Betrag. Der Rabatt wird nach dem Hinzuf\u00fcgen zum Warenkorb berechnet. ausgegebener Betrag Rabatt 200-299,99\u20ac 2% 300-499,99\u20ac 3% 500-999,99\u20ac 5% mehr als 1000\u20ac 7%<\/p>\n","protected":false},"author":1,"featured_media":0,"parent":0,"menu_order":0,"comment_status":"closed","ping_status":"closed","template":"","meta":{"_uag_custom_page_level_css":"","site-sidebar-layout":"default","site-content-layout":"","ast-site-content-layout":"default","site-content-style":"default","site-sidebar-style":"default","ast-global-header-display":"","ast-banner-title-visibility":"","ast-main-header-display":"","ast-hfb-above-header-display":"","ast-hfb-below-header-display":"","ast-hfb-mobile-header-display":"","site-post-title":"disabled","ast-breadcrumbs-content":"","ast-featured-img":"","footer-sml-layout":"","ast-disable-related-posts":"","theme-transparent-header-meta":"","adv-header-id-meta":"","stick-header-meta":"","header-above-stick-meta":"","header-main-stick-meta":"","header-below-stick-meta":"","astra-migrate-meta-layouts":"default","ast-page-background-enabled":"default","ast-page-background-meta":{"desktop":{"background-color":"var(--ast-global-color-4)","background-image":"","background-repeat":"repeat","background-position":"center center","background-size":"auto","background-attachment":"scroll","background-type":"","background-media":"","overlay-type":"","overlay-color":"","overlay-opacity":"","overlay-gradient":""},"tablet":{"background-color":"","background-image":"","background-repeat":"repeat","background-position":"center center","background-size":"auto","background-attachment":"scroll","background-type":"","background-media":"","overlay-type":"","overlay-color":"","overlay-opacity":"","overlay-gradient":""},"mobile":{"background-color":"","background-image":"","background-repeat":"repeat","background-position":"center center","background-size":"auto","background-attachment":"scroll","background-type":"","background-media":"","overlay-type":"","overlay-color":"","overlay-opacity":"","overlay-gradient":""}},"ast-content-background-meta":{"desktop":{"background-color":"var(--ast-global-color-5)","background-image":"","background-repeat":"repeat","background-position":"center center","background-size":"auto","background-attachment":"scroll","background-type":"","background-media":"","overlay-type":"","overlay-color":"","overlay-opacity":"","overlay-gradient":""},"tablet":{"background-color":"var(--ast-global-color-5)","background-image":"","background-repeat":"repeat","background-position":"center center","background-size":"auto","background-attachment":"scroll","background-type":"","background-media":"","overlay-type":"","overlay-color":"","overlay-opacity":"","overlay-gradient":""},"mobile":{"background-color":"var(--ast-global-color-5)","background-image":"","background-repeat":"repeat","background-position":"center center","background-size":"auto","background-attachment":"scroll","background-type":"","background-media":"","overlay-type":"","overlay-color":"","overlay-opacity":"","overlay-gradient":""}},"footnotes":""},"class_list":["post-2348","page","type-page","status-publish","hentry"],"yoast_head":"<!-- This site is optimized with the Yoast SEO plugin v27.4 - https:\/\/yoast.com\/product\/yoast-seo-wordpress\/ -->\n<title>Sonderangebot - Gardeners Friend<\/title>\n<meta name=\"robots\" content=\"index, follow, max-snippet:-1, max-image-preview:large, max-video-preview:-1\" \/>\n<link rel=\"canonical\" href=\"https:\/\/gardenersfriend.eu\/de\/sonderangebot\/\" \/>\n<meta property=\"og:locale\" content=\"de_DE\" \/>\n<meta property=\"og:type\" content=\"article\" \/>\n<meta property=\"og:title\" content=\"Sonderangebot - Gardeners Friend\" \/>\n<meta property=\"og:description\" content=\"Sonderangebot Die folgende Tabelle beschreibt, welcher automatische Rabatt f\u00fcr die gesamte Bestellung gew\u00e4hrt wird, abh\u00e4ngig vom ausgegebenen Betrag. Der Rabatt wird nach dem Hinzuf\u00fcgen zum Warenkorb berechnet. ausgegebener Betrag Rabatt 200-299,99\u20ac 2% 300-499,99\u20ac 3% 500-999,99\u20ac 5% mehr als 1000\u20ac 7%\" \/>\n<meta property=\"og:url\" content=\"https:\/\/gardenersfriend.eu\/de\/sonderangebot\/\" \/>\n<meta property=\"og:site_name\" content=\"Gardeners Friend\" \/>\n<meta property=\"article:publisher\" content=\"https:\/\/www.facebook.com\/people\/Gardeners-Friend-Store\/61566268054378\/\" \/>\n<meta property=\"article:modified_time\" content=\"2026-02-09T10:18:14+00:00\" \/>\n<meta name=\"twitter:card\" content=\"summary_large_image\" \/>\n<script type=\"application\/ld+json\" class=\"yoast-schema-graph\">{\"@context\":\"https:\\\/\\\/schema.org\",\"@graph\":[{\"@type\":\"WebPage\",\"@id\":\"https:\\\/\\\/gardenersfriend.eu\\\/de\\\/sonderangebot\\\/\",\"url\":\"https:\\\/\\\/gardenersfriend.eu\\\/de\\\/sonderangebot\\\/\",\"name\":\"Sonderangebot - Gardeners Friend\",\"isPartOf\":{\"@id\":\"https:\\\/\\\/gardenersfriend.eu\\\/de\\\/#website\"},\"datePublished\":\"2024-09-23T19:14:41+00:00\",\"dateModified\":\"2026-02-09T10:18:14+00:00\",\"breadcrumb\":{\"@id\":\"https:\\\/\\\/gardenersfriend.eu\\\/de\\\/sonderangebot\\\/#breadcrumb\"},\"inLanguage\":\"de\",\"potentialAction\":[{\"@type\":\"ReadAction\",\"target\":[\"https:\\\/\\\/gardenersfriend.eu\\\/de\\\/sonderangebot\\\/\"]}]},{\"@type\":\"BreadcrumbList\",\"@id\":\"https:\\\/\\\/gardenersfriend.eu\\\/de\\\/sonderangebot\\\/#breadcrumb\",\"itemListElement\":[{\"@type\":\"ListItem\",\"position\":1,\"name\":\"Strona g\u0142\u00f3wna\",\"item\":\"https:\\\/\\\/gardenersfriend.eu\\\/de\\\/\"},{\"@type\":\"ListItem\",\"position\":2,\"name\":\"Sonderangebot\"}]},{\"@type\":\"WebSite\",\"@id\":\"https:\\\/\\\/gardenersfriend.eu\\\/de\\\/#website\",\"url\":\"https:\\\/\\\/gardenersfriend.eu\\\/de\\\/\",\"name\":\"Gardeners Friend\",\"description\":\"herbicides, fertilisers, roundup\",\"publisher\":{\"@id\":\"https:\\\/\\\/gardenersfriend.eu\\\/de\\\/#organization\"},\"potentialAction\":[{\"@type\":\"SearchAction\",\"target\":{\"@type\":\"EntryPoint\",\"urlTemplate\":\"https:\\\/\\\/gardenersfriend.eu\\\/de\\\/?s={search_term_string}\"},\"query-input\":{\"@type\":\"PropertyValueSpecification\",\"valueRequired\":true,\"valueName\":\"search_term_string\"}}],\"inLanguage\":\"de\"},{\"@type\":\"Organization\",\"@id\":\"https:\\\/\\\/gardenersfriend.eu\\\/de\\\/#organization\",\"name\":\"Gardeners Friend\",\"url\":\"https:\\\/\\\/gardenersfriend.eu\\\/de\\\/\",\"logo\":{\"@type\":\"ImageObject\",\"inLanguage\":\"de\",\"@id\":\"https:\\\/\\\/gardenersfriend.eu\\\/de\\\/#\\\/schema\\\/logo\\\/image\\\/\",\"url\":\"https:\\\/\\\/gardenersfriend.eu\\\/wp-content\\\/uploads\\\/2025\\\/09\\\/gf_accepted_big_logo.png\",\"contentUrl\":\"https:\\\/\\\/gardenersfriend.eu\\\/wp-content\\\/uploads\\\/2025\\\/09\\\/gf_accepted_big_logo.png\",\"width\":2000,\"height\":1000,\"caption\":\"Gardeners Friend\"},\"image\":{\"@id\":\"https:\\\/\\\/gardenersfriend.eu\\\/de\\\/#\\\/schema\\\/logo\\\/image\\\/\"},\"sameAs\":[\"https:\\\/\\\/www.facebook.com\\\/people\\\/Gardeners-Friend-Store\\\/61566268054378\\\/\",\"https:\\\/\\\/www.instagram.com\\\/gardeners_friend_store\\\/\"]}]}<\/script>\n<!-- \/ Yoast SEO plugin. -->","yoast_head_json":{"title":"Sonderangebot - Gardeners Friend","robots":{"index":"index","follow":"follow","max-snippet":"max-snippet:-1","max-image-preview":"max-image-preview:large","max-video-preview":"max-video-preview:-1"},"canonical":"https:\/\/gardenersfriend.eu\/de\/sonderangebot\/","og_locale":"de_DE","og_type":"article","og_title":"Sonderangebot - Gardeners Friend","og_description":"Sonderangebot Die folgende Tabelle beschreibt, welcher automatische Rabatt f\u00fcr die gesamte Bestellung gew\u00e4hrt wird, abh\u00e4ngig vom ausgegebenen Betrag. Der Rabatt wird nach dem Hinzuf\u00fcgen zum Warenkorb berechnet. ausgegebener Betrag Rabatt 200-299,99\u20ac 2% 300-499,99\u20ac 3% 500-999,99\u20ac 5% mehr als 1000\u20ac 7%","og_url":"https:\/\/gardenersfriend.eu\/de\/sonderangebot\/","og_site_name":"Gardeners Friend","article_publisher":"https:\/\/www.facebook.com\/people\/Gardeners-Friend-Store\/61566268054378\/","article_modified_time":"2026-02-09T10:18:14+00:00","twitter_card":"summary_large_image","schema":{"@context":"https:\/\/schema.org","@graph":[{"@type":"WebPage","@id":"https:\/\/gardenersfriend.eu\/de\/sonderangebot\/","url":"https:\/\/gardenersfriend.eu\/de\/sonderangebot\/","name":"Sonderangebot - Gardeners Friend","isPartOf":{"@id":"https:\/\/gardenersfriend.eu\/de\/#website"},"datePublished":"2024-09-23T19:14:41+00:00","dateModified":"2026-02-09T10:18:14+00:00","breadcrumb":{"@id":"https:\/\/gardenersfriend.eu\/de\/sonderangebot\/#breadcrumb"},"inLanguage":"de","potentialAction":[{"@type":"ReadAction","target":["https:\/\/gardenersfriend.eu\/de\/sonderangebot\/"]}]},{"@type":"BreadcrumbList","@id":"https:\/\/gardenersfriend.eu\/de\/sonderangebot\/#breadcrumb","itemListElement":[{"@type":"ListItem","position":1,"name":"Strona g\u0142\u00f3wna","item":"https:\/\/gardenersfriend.eu\/de\/"},{"@type":"ListItem","position":2,"name":"Sonderangebot"}]},{"@type":"WebSite","@id":"https:\/\/gardenersfriend.eu\/de\/#website","url":"https:\/\/gardenersfriend.eu\/de\/","name":"Gardeners Friend","description":"herbicides, fertilisers, roundup","publisher":{"@id":"https:\/\/gardenersfriend.eu\/de\/#organization"},"potentialAction":[{"@type":"SearchAction","target":{"@type":"EntryPoint","urlTemplate":"https:\/\/gardenersfriend.eu\/de\/?s={search_term_string}"},"query-input":{"@type":"PropertyValueSpecification","valueRequired":true,"valueName":"search_term_string"}}],"inLanguage":"de"},{"@type":"Organization","@id":"https:\/\/gardenersfriend.eu\/de\/#organization","name":"Gardeners Friend","url":"https:\/\/gardenersfriend.eu\/de\/","logo":{"@type":"ImageObject","inLanguage":"de","@id":"https:\/\/gardenersfriend.eu\/de\/#\/schema\/logo\/image\/","url":"https:\/\/gardenersfriend.eu\/wp-content\/uploads\/2025\/09\/gf_accepted_big_logo.png","contentUrl":"https:\/\/gardenersfriend.eu\/wp-content\/uploads\/2025\/09\/gf_accepted_big_logo.png","width":2000,"height":1000,"caption":"Gardeners Friend"},"image":{"@id":"https:\/\/gardenersfriend.eu\/de\/#\/schema\/logo\/image\/"},"sameAs":["https:\/\/www.facebook.com\/people\/Gardeners-Friend-Store\/61566268054378\/","https:\/\/www.instagram.com\/gardeners_friend_store\/"]}]}},"uagb_featured_image_src":{"full":false,"thumbnail":false,"medium":false,"medium_large":false,"large":false,"1536x1536":false,"2048x2048":false,"woocommerce_thumbnail":false,"woocommerce_single":false,"woocommerce_gallery_thumbnail":false},"uagb_author_info":{"display_name":"admin","author_link":"https:\/\/gardenersfriend.eu\/de\/author\/admin\/"},"uagb_comment_info":0,"uagb_excerpt":"Sonderangebot Die folgende Tabelle beschreibt, welcher automatische Rabatt f\u00fcr die gesamte Bestellung gew\u00e4hrt wird, abh\u00e4ngig vom ausgegebenen Betrag. Der Rabatt wird nach dem Hinzuf\u00fcgen zum Warenkorb berechnet. ausgegebener Betrag Rabatt 200-299,99\u20ac 2% 300-499,99\u20ac 3% 500-999,99\u20ac 5% mehr als 1000\u20ac 7%","jetpack_sharing_enabled":true,"_links":{"self":[{"href":"https:\/\/gardenersfriend.eu\/de\/wp-json\/wp\/v2\/pages\/2348","targetHints":{"allow":["GET"]}}],"collection":[{"href":"https:\/\/gardenersfriend.eu\/de\/wp-json\/wp\/v2\/pages"}],"about":[{"href":"https:\/\/gardenersfriend.eu\/de\/wp-json\/wp\/v2\/types\/page"}],"author":[{"embeddable":true,"href":"https:\/\/gardenersfriend.eu\/de\/wp-json\/wp\/v2\/users\/1"}],"replies":[{"embeddable":true,"href":"https:\/\/gardenersfriend.eu\/de\/wp-json\/wp\/v2\/comments?post=2348"}],"version-history":[{"count":3,"href":"https:\/\/gardenersfriend.eu\/de\/wp-json\/wp\/v2\/pages\/2348\/revisions"}],"predecessor-version":[{"id":8724,"href":"https:\/\/gardenersfriend.eu\/de\/wp-json\/wp\/v2\/pages\/2348\/revisions\/8724"}],"wp:attachment":[{"href":"https:\/\/gardenersfriend.eu\/de\/wp-json\/wp\/v2\/media?parent=2348"}],"curies":[{"name":"wp","href":"https:\/\/api.w.org\/{rel}","templated":true}]}}