{"id":2387,"date":"2024-09-17T13:24:42","date_gmt":"2024-09-17T11:24:42","guid":{"rendered":"https:\/\/gardenersfriend.eu\/product\/roundup-360-plus-glyphosat-herbizid-1l\/"},"modified":"2026-03-19T20:47:18","modified_gmt":"2026-03-19T19:47:18","slug":"roundup-360-plus-glyphosat-herbizid-1l","status":"publish","type":"product","link":"https:\/\/gardenersfriend.eu\/de\/produkt\/roundup-360-plus-glyphosat-herbizid-1l\/","title":{"rendered":"Roundup 360 1L Plus Glyphosat Herbizid"},"content":{"rendered":"<h5>Allgemeine Informationen:<\/h5>\n<p><span style=\"font-size: 1.4em;\">Roundup 360 1L ist ein Herbizid in Form eines Konzentrats zur Herstellung einer w\u00e4ssrigen L\u00f6sung, das bei der Blattanwendung zur Bek\u00e4mpfung von Quecke sowie ein- und mehrj\u00e4hrigen ein- und zweikeimbl\u00e4ttrigen Unkr\u00e4utern auf Ackerfl\u00e4chen bestimmt ist.<\/span><\/p>\n<h5><strong><i>ROUNDUP\u00ae 360 PLUS 1L<\/i><\/strong><\/h5>\n<p><span lang=\"en-us\" xml:lang=\"en-us\"><strong>Typ:<\/strong> Herbizid (Unkrautvernichtungsmittel)<\/span><\/p>\n<p><span lang=\"en-us\" xml:lang=\"en-us\"><strong>Produzent:<\/strong> Bayer Konzern<\/span><\/p>\n<p><span lang=\"en-us\" xml:lang=\"en-us\"><strong>Fassungsverm\u00f6gen:<\/strong> 1L \/ 5L \/ 20L\/ 200L<\/span><\/p>\n<p><span lang=\"en-us\" xml:lang=\"en-us\"><strong><u>Wirkstoff:<\/u> <\/strong>Glyphosat eine Verbindung aus der Gruppe der Amino-Phosphors\u00e4uren in Form eines Kaliumsalzes &#8211; 360 g \/ l (28,77%)<\/span><\/p>\n<p><span lang=\"en-us\" xml:lang=\"en-us\"><strong>Form:<\/strong> Konzentrat<\/span><\/p>\n<p><strong><span lang=\"en-us\">Wirkungsweise: <\/span><\/strong><span lang=\"en-us\">R<\/span><span lang=\"en-us\">oundup 360 1L a<\/span><span lang=\"en-us\"> Herbizid in Konzentratform zur Herstellung einer w\u00e4ssrigen L\u00f6sung f\u00fcr die Blattausbringung mit Feld- und Handspritzen<\/span><\/p>\n<p><span lang=\"en-us\" xml:lang=\"en-us\"><strong>Anbau von:<\/strong> Mais, Kartoffeln, Karotten, Petersilie, Zwiebeln, Lauch (aus Saatgut), Zuckerr\u00fcben, Winterweizen vor der Ernte, Wintertriticale, Roggen, Sommerweizen, Sommergerste und Winterraps, auf Stoppeln, Brachland und landwirtschaftlichem \u00d6dland<\/span><\/p>\n<p><span lang=\"en-us\" xml:lang=\"en-us\"><strong>Bek\u00e4mpft:<\/strong> Quecke, ein- und mehrj\u00e4hrige einkeimbl\u00e4ttrige und zweikeimbl\u00e4ttrige Unkr\u00e4uter<\/span> <span lang=\"en-us\" xml:lang=\"en-us\">I. Im Fr\u00fchjahr, nach der Aussaat oder Pflanzung und vor dem Auflaufen der Pflanzen zur Bek\u00e4mpfung aufkommender Unkr\u00e4uter. <\/span><\/p>\n<p><strong>Lesen Sie \u00fcber Sicherheit:<\/strong>  <a href=\"https:\/\/www.bayer.com\/en\/is-glyphosate-safe\">https:\/\/www.bayer.com\/en\/is-glyphosate-safe<\/a><\/p>\n<p>Vielleicht sind Sie an einer anderen Gr\u00f6\u00dfe des Produkts interessiert?<\/p>\n<p><strong>Bitte klicken Sie:<\/strong>  <a href=\"https:\/\/gardenersfriend.eu\/de\/produkt\/roundup-360-plus-glyphosat-herbizid-5l\/\">Roundup 360 Plus Glyphosat Herbizid 5L<\/a><\/p>\n<p><strong>Etikett: <\/strong><a title=\"Roundup 360 plus Etikett de\" href=\"https:\/\/gardenersfriend.eu\/wp-content\/uploads\/2026\/02\/roundup_360_plus_label_DE.pdf\" target=\"_blank\" rel=\"noopener\">Roundup_360_Plus_DE<\/a><\/p>\n<h5 style=\"color: #bcbcbc;\">Legal Information<\/h5>\n<p style=\"color: #bcbcbc;\">\nHints! Use pesticides carefully. \nBefore use read the label and product information.\nUse by non-professional users permitted.\nException: The buyer from Belgium declares that\nat the time of purchase he has full legal capacity\nand has the appropriate qualifications required from\npersons purchasing plant protection products.\n\nPursuant to Art. 28 of the Act of March 8, 2013 on plant protection products (Journal of Laws 2020, item 2097), from November 26, 2015, plant protection products intended for professional users may be sold to people who:\n\nPoint 1 - have completed training in the use of plant protection products in the Republic of Poland confirmed by a certificate of completion of this training, or\n\nPoint 2 - have completed training in advising on plant protection products in the Republic of Poland confirmed by a certificate of completion of this training, or\n\nPoint 3 - have completed training in integrated crop production confirmed by a certificate of completion of this training, or\n\nPoint 4 - not earlier than 5 years, prior to the purchase of these funds, have completed the training required from professional users in another Member State of the European Union or in a country being a party to the Agreement on the European Economic Area, on the basis of the provisions in force in that country, confirmed by a document of completion of this training, or they have presented another document issued under the regulations in force in that country, confirming that they obtained authorization to purchase plant protection products intended for professional users.\n\nImportent!\n\nOnly people over 18 years of age can use plant protection products.\n\nPlant protection products should be used safely.\n\nBefore each use, read the information provided on the label and product information.\n\n\n<\/p>\n","protected":false},"excerpt":{"rendered":"<p>Roundup 360 1L &#8211; Ein Herbizid in Form eines Konzentrats zur Herstellung einer w\u00e4ssrigen L\u00f6sung, das bei der Blattanwendung zur Bek\u00e4mpfung von Quecke sowie ein- und mehrj\u00e4hrigen einkeimbl\u00e4ttrigen und zweikeimbl\u00e4ttrigen Unkr\u00e4utern auf Ackerfl\u00e4chen bestimmt ist.<\/p>\n","protected":false},"featured_media":2096,"comment_status":"open","ping_status":"closed","template":"","meta":{"_uag_custom_page_level_css":"","site-sidebar-layout":"default","site-content-layout":"","ast-site-content-layout":"default","site-content-style":"default","site-sidebar-style":"default","ast-global-header-display":"","ast-banner-title-visibility":"","ast-main-header-display":"","ast-hfb-above-header-display":"","ast-hfb-below-header-display":"","ast-hfb-mobile-header-display":"","site-post-title":"","ast-breadcrumbs-content":"","ast-featured-img":"","footer-sml-layout":"","ast-disable-related-posts":"","theme-transparent-header-meta":"default","adv-header-id-meta":"","stick-header-meta":"","header-above-stick-meta":"","header-main-stick-meta":"","header-below-stick-meta":"","astra-migrate-meta-layouts":"default","ast-page-background-enabled":"default","ast-page-background-meta":{"desktop":{"background-color":"var(--ast-global-color-4)","background-image":"","background-repeat":"repeat","background-position":"center center","background-size":"auto","background-attachment":"scroll","background-type":"","background-media":"","overlay-type":"","overlay-color":"","overlay-opacity":"","overlay-gradient":""},"tablet":{"background-color":"","background-image":"","background-repeat":"repeat","background-position":"center center","background-size":"auto","background-attachment":"scroll","background-type":"","background-media":"","overlay-type":"","overlay-color":"","overlay-opacity":"","overlay-gradient":""},"mobile":{"background-color":"","background-image":"","background-repeat":"repeat","background-position":"center center","background-size":"auto","background-attachment":"scroll","background-type":"","background-media":"","overlay-type":"","overlay-color":"","overlay-opacity":"","overlay-gradient":""}},"ast-content-background-meta":{"desktop":{"background-color":"var(--ast-global-color-5)","background-image":"","background-repeat":"repeat","background-position":"center center","background-size":"auto","background-attachment":"scroll","background-type":"","background-media":"","overlay-type":"","overlay-color":"","overlay-opacity":"","overlay-gradient":""},"tablet":{"background-color":"var(--ast-global-color-5)","background-image":"","background-repeat":"repeat","background-position":"center center","background-size":"auto","background-attachment":"scroll","background-type":"","background-media":"","overlay-type":"","overlay-color":"","overlay-opacity":"","overlay-gradient":""},"mobile":{"background-color":"var(--ast-global-color-5)","background-image":"","background-repeat":"repeat","background-position":"center center","background-size":"auto","background-attachment":"scroll","background-type":"","background-media":"","overlay-type":"","overlay-color":"","overlay-opacity":"","overlay-gradient":""}}},"product_brand":[],"product_cat":[84,85,176,86],"product_tag":[],"class_list":{"0":"post-2387","1":"product","2":"type-product","3":"status-publish","4":"has-post-thumbnail","6":"product_cat-alle-produkte","7":"product_cat-am-beliebtesten","8":"product_cat-herbizid","9":"product_cat-neue-ankunft","10":"product_shipping_class-alle","11":"desktop-align-left","12":"tablet-align-left","13":"mobile-align-left","15":"first","16":"instock","17":"featured","18":"taxable","19":"shipping-taxable","20":"purchasable","21":"product-type-simple"},"yoast_head":"<!-- This site is optimized with the Yoast SEO plugin v27.4 - https:\/\/yoast.com\/product\/yoast-seo-wordpress\/ -->\n<title>Roundup 360 1L Plus Glyphosat Herbizid - Gardeners Friend<\/title>\n<meta name=\"description\" content=\"Roundup 360 1L - Ein Herbizid in Form eines Konzentrats zur Herstellung einer w\u00e4ssrigen L\u00f6sung, das zur Blattausbringung verwendet wird\" \/>\n<meta name=\"robots\" content=\"index, follow, max-snippet:-1, max-image-preview:large, max-video-preview:-1\" \/>\n<link rel=\"canonical\" href=\"https:\/\/gardenersfriend.eu\/de\/produkt\/roundup-360-plus-glyphosat-herbizid-1l\/\" \/>\n<meta property=\"og:locale\" content=\"de_DE\" \/>\n<meta property=\"og:type\" content=\"article\" \/>\n<meta property=\"og:title\" content=\"Roundup 360 1L Plus Glyphosat Herbizid - Gardeners Friend\" \/>\n<meta property=\"og:description\" content=\"Roundup 360 1L - Ein Herbizid in Form eines Konzentrats zur Herstellung einer w\u00e4ssrigen L\u00f6sung, das zur Blattausbringung verwendet wird\" \/>\n<meta property=\"og:url\" content=\"https:\/\/gardenersfriend.eu\/de\/produkt\/roundup-360-plus-glyphosat-herbizid-1l\/\" \/>\n<meta property=\"og:site_name\" content=\"Gardeners Friend\" \/>\n<meta property=\"article:publisher\" content=\"https:\/\/www.facebook.com\/people\/Gardeners-Friend-Store\/61566268054378\/\" \/>\n<meta property=\"article:modified_time\" content=\"2026-03-19T19:47:18+00:00\" \/>\n<meta property=\"og:image\" content=\"https:\/\/gardenersfriend.eu\/wp-content\/uploads\/2024\/09\/360-1-1-kopia-scaled.jpg\" \/>\n\t<meta property=\"og:image:width\" content=\"1920\" \/>\n\t<meta property=\"og:image:height\" content=\"2560\" \/>\n\t<meta property=\"og:image:type\" content=\"image\/jpeg\" \/>\n<meta name=\"twitter:card\" content=\"summary_large_image\" \/>\n<meta name=\"twitter:label1\" content=\"Gesch\u00e4tzte Lesezeit\" \/>\n\t<meta name=\"twitter:data1\" content=\"1\u00a0Minute\" \/>\n<script type=\"application\/ld+json\" class=\"yoast-schema-graph\">{\"@context\":\"https:\\\/\\\/schema.org\",\"@graph\":[{\"@type\":\"WebPage\",\"@id\":\"https:\\\/\\\/gardenersfriend.eu\\\/de\\\/produkt\\\/roundup-360-plus-glyphosat-herbizid-1l\\\/\",\"url\":\"https:\\\/\\\/gardenersfriend.eu\\\/de\\\/produkt\\\/roundup-360-plus-glyphosat-herbizid-1l\\\/\",\"name\":\"Roundup 360 1L Plus Glyphosat Herbizid - Gardeners Friend\",\"isPartOf\":{\"@id\":\"https:\\\/\\\/gardenersfriend.eu\\\/de\\\/#website\"},\"primaryImageOfPage\":{\"@id\":\"https:\\\/\\\/gardenersfriend.eu\\\/de\\\/produkt\\\/roundup-360-plus-glyphosat-herbizid-1l\\\/#primaryimage\"},\"image\":{\"@id\":\"https:\\\/\\\/gardenersfriend.eu\\\/de\\\/produkt\\\/roundup-360-plus-glyphosat-herbizid-1l\\\/#primaryimage\"},\"thumbnailUrl\":\"https:\\\/\\\/gardenersfriend.eu\\\/wp-content\\\/uploads\\\/2024\\\/09\\\/360-1-1-kopia-scaled.jpg\",\"datePublished\":\"2024-09-17T11:24:42+00:00\",\"dateModified\":\"2026-03-19T19:47:18+00:00\",\"description\":\"Roundup 360 1L - Ein Herbizid in Form eines Konzentrats zur Herstellung einer w\u00e4ssrigen L\u00f6sung, das zur Blattausbringung verwendet wird\",\"breadcrumb\":{\"@id\":\"https:\\\/\\\/gardenersfriend.eu\\\/de\\\/produkt\\\/roundup-360-plus-glyphosat-herbizid-1l\\\/#breadcrumb\"},\"inLanguage\":\"de\",\"potentialAction\":[{\"@type\":\"ReadAction\",\"target\":[\"https:\\\/\\\/gardenersfriend.eu\\\/de\\\/produkt\\\/roundup-360-plus-glyphosat-herbizid-1l\\\/\"]}]},{\"@type\":\"ImageObject\",\"inLanguage\":\"de\",\"@id\":\"https:\\\/\\\/gardenersfriend.eu\\\/de\\\/produkt\\\/roundup-360-plus-glyphosat-herbizid-1l\\\/#primaryimage\",\"url\":\"https:\\\/\\\/gardenersfriend.eu\\\/wp-content\\\/uploads\\\/2024\\\/09\\\/360-1-1-kopia-scaled.jpg\",\"contentUrl\":\"https:\\\/\\\/gardenersfriend.eu\\\/wp-content\\\/uploads\\\/2024\\\/09\\\/360-1-1-kopia-scaled.jpg\",\"width\":1920,\"height\":2560,\"caption\":\"Roundup 360 1L bestes Herbizid\"},{\"@type\":\"BreadcrumbList\",\"@id\":\"https:\\\/\\\/gardenersfriend.eu\\\/de\\\/produkt\\\/roundup-360-plus-glyphosat-herbizid-1l\\\/#breadcrumb\",\"itemListElement\":[{\"@type\":\"ListItem\",\"position\":1,\"name\":\"Strona g\u0142\u00f3wna\",\"item\":\"https:\\\/\\\/gardenersfriend.eu\\\/de\\\/\"},{\"@type\":\"ListItem\",\"position\":2,\"name\":\"Shop\",\"item\":\"https:\\\/\\\/gardenersfriend.eu\\\/de\\\/shop\\\/\"},{\"@type\":\"ListItem\",\"position\":3,\"name\":\"Roundup 360 1L Plus Glyphosat Herbizid\"}]},{\"@type\":\"WebSite\",\"@id\":\"https:\\\/\\\/gardenersfriend.eu\\\/de\\\/#website\",\"url\":\"https:\\\/\\\/gardenersfriend.eu\\\/de\\\/\",\"name\":\"Gardeners Friend\",\"description\":\"herbicides, fertilisers, roundup\",\"publisher\":{\"@id\":\"https:\\\/\\\/gardenersfriend.eu\\\/de\\\/#organization\"},\"potentialAction\":[{\"@type\":\"SearchAction\",\"target\":{\"@type\":\"EntryPoint\",\"urlTemplate\":\"https:\\\/\\\/gardenersfriend.eu\\\/de\\\/?s={search_term_string}\"},\"query-input\":{\"@type\":\"PropertyValueSpecification\",\"valueRequired\":true,\"valueName\":\"search_term_string\"}}],\"inLanguage\":\"de\"},{\"@type\":\"Organization\",\"@id\":\"https:\\\/\\\/gardenersfriend.eu\\\/de\\\/#organization\",\"name\":\"Gardeners Friend\",\"url\":\"https:\\\/\\\/gardenersfriend.eu\\\/de\\\/\",\"logo\":{\"@type\":\"ImageObject\",\"inLanguage\":\"de\",\"@id\":\"https:\\\/\\\/gardenersfriend.eu\\\/de\\\/#\\\/schema\\\/logo\\\/image\\\/\",\"url\":\"https:\\\/\\\/gardenersfriend.eu\\\/wp-content\\\/uploads\\\/2025\\\/09\\\/gf_accepted_big_logo.png\",\"contentUrl\":\"https:\\\/\\\/gardenersfriend.eu\\\/wp-content\\\/uploads\\\/2025\\\/09\\\/gf_accepted_big_logo.png\",\"width\":2000,\"height\":1000,\"caption\":\"Gardeners Friend\"},\"image\":{\"@id\":\"https:\\\/\\\/gardenersfriend.eu\\\/de\\\/#\\\/schema\\\/logo\\\/image\\\/\"},\"sameAs\":[\"https:\\\/\\\/www.facebook.com\\\/people\\\/Gardeners-Friend-Store\\\/61566268054378\\\/\",\"https:\\\/\\\/www.instagram.com\\\/gardeners_friend_store\\\/\"]}]}<\/script>\n<!-- \/ Yoast SEO plugin. -->","yoast_head_json":{"title":"Roundup 360 1L Plus Glyphosat Herbizid - Gardeners Friend","description":"Roundup 360 1L - Ein Herbizid in Form eines Konzentrats zur Herstellung einer w\u00e4ssrigen L\u00f6sung, das zur Blattausbringung verwendet wird","robots":{"index":"index","follow":"follow","max-snippet":"max-snippet:-1","max-image-preview":"max-image-preview:large","max-video-preview":"max-video-preview:-1"},"canonical":"https:\/\/gardenersfriend.eu\/de\/produkt\/roundup-360-plus-glyphosat-herbizid-1l\/","og_locale":"de_DE","og_type":"article","og_title":"Roundup 360 1L Plus Glyphosat Herbizid - Gardeners Friend","og_description":"Roundup 360 1L - Ein Herbizid in Form eines Konzentrats zur Herstellung einer w\u00e4ssrigen L\u00f6sung, das zur Blattausbringung verwendet wird","og_url":"https:\/\/gardenersfriend.eu\/de\/produkt\/roundup-360-plus-glyphosat-herbizid-1l\/","og_site_name":"Gardeners Friend","article_publisher":"https:\/\/www.facebook.com\/people\/Gardeners-Friend-Store\/61566268054378\/","article_modified_time":"2026-03-19T19:47:18+00:00","og_image":[{"width":1920,"height":2560,"url":"https:\/\/gardenersfriend.eu\/wp-content\/uploads\/2024\/09\/360-1-1-kopia-scaled.jpg","type":"image\/jpeg"}],"twitter_card":"summary_large_image","twitter_misc":{"Gesch\u00e4tzte Lesezeit":"1\u00a0Minute"},"schema":{"@context":"https:\/\/schema.org","@graph":[{"@type":"WebPage","@id":"https:\/\/gardenersfriend.eu\/de\/produkt\/roundup-360-plus-glyphosat-herbizid-1l\/","url":"https:\/\/gardenersfriend.eu\/de\/produkt\/roundup-360-plus-glyphosat-herbizid-1l\/","name":"Roundup 360 1L Plus Glyphosat Herbizid - Gardeners Friend","isPartOf":{"@id":"https:\/\/gardenersfriend.eu\/de\/#website"},"primaryImageOfPage":{"@id":"https:\/\/gardenersfriend.eu\/de\/produkt\/roundup-360-plus-glyphosat-herbizid-1l\/#primaryimage"},"image":{"@id":"https:\/\/gardenersfriend.eu\/de\/produkt\/roundup-360-plus-glyphosat-herbizid-1l\/#primaryimage"},"thumbnailUrl":"https:\/\/gardenersfriend.eu\/wp-content\/uploads\/2024\/09\/360-1-1-kopia-scaled.jpg","datePublished":"2024-09-17T11:24:42+00:00","dateModified":"2026-03-19T19:47:18+00:00","description":"Roundup 360 1L - Ein Herbizid in Form eines Konzentrats zur Herstellung einer w\u00e4ssrigen L\u00f6sung, das zur Blattausbringung verwendet wird","breadcrumb":{"@id":"https:\/\/gardenersfriend.eu\/de\/produkt\/roundup-360-plus-glyphosat-herbizid-1l\/#breadcrumb"},"inLanguage":"de","potentialAction":[{"@type":"ReadAction","target":["https:\/\/gardenersfriend.eu\/de\/produkt\/roundup-360-plus-glyphosat-herbizid-1l\/"]}]},{"@type":"ImageObject","inLanguage":"de","@id":"https:\/\/gardenersfriend.eu\/de\/produkt\/roundup-360-plus-glyphosat-herbizid-1l\/#primaryimage","url":"https:\/\/gardenersfriend.eu\/wp-content\/uploads\/2024\/09\/360-1-1-kopia-scaled.jpg","contentUrl":"https:\/\/gardenersfriend.eu\/wp-content\/uploads\/2024\/09\/360-1-1-kopia-scaled.jpg","width":1920,"height":2560,"caption":"Roundup 360 1L bestes Herbizid"},{"@type":"BreadcrumbList","@id":"https:\/\/gardenersfriend.eu\/de\/produkt\/roundup-360-plus-glyphosat-herbizid-1l\/#breadcrumb","itemListElement":[{"@type":"ListItem","position":1,"name":"Strona g\u0142\u00f3wna","item":"https:\/\/gardenersfriend.eu\/de\/"},{"@type":"ListItem","position":2,"name":"Shop","item":"https:\/\/gardenersfriend.eu\/de\/shop\/"},{"@type":"ListItem","position":3,"name":"Roundup 360 1L Plus Glyphosat Herbizid"}]},{"@type":"WebSite","@id":"https:\/\/gardenersfriend.eu\/de\/#website","url":"https:\/\/gardenersfriend.eu\/de\/","name":"Gardeners Friend","description":"herbicides, fertilisers, roundup","publisher":{"@id":"https:\/\/gardenersfriend.eu\/de\/#organization"},"potentialAction":[{"@type":"SearchAction","target":{"@type":"EntryPoint","urlTemplate":"https:\/\/gardenersfriend.eu\/de\/?s={search_term_string}"},"query-input":{"@type":"PropertyValueSpecification","valueRequired":true,"valueName":"search_term_string"}}],"inLanguage":"de"},{"@type":"Organization","@id":"https:\/\/gardenersfriend.eu\/de\/#organization","name":"Gardeners Friend","url":"https:\/\/gardenersfriend.eu\/de\/","logo":{"@type":"ImageObject","inLanguage":"de","@id":"https:\/\/gardenersfriend.eu\/de\/#\/schema\/logo\/image\/","url":"https:\/\/gardenersfriend.eu\/wp-content\/uploads\/2025\/09\/gf_accepted_big_logo.png","contentUrl":"https:\/\/gardenersfriend.eu\/wp-content\/uploads\/2025\/09\/gf_accepted_big_logo.png","width":2000,"height":1000,"caption":"Gardeners Friend"},"image":{"@id":"https:\/\/gardenersfriend.eu\/de\/#\/schema\/logo\/image\/"},"sameAs":["https:\/\/www.facebook.com\/people\/Gardeners-Friend-Store\/61566268054378\/","https:\/\/www.instagram.com\/gardeners_friend_store\/"]}]}},"uagb_featured_image_src":{"full":["https:\/\/gardenersfriend.eu\/wp-content\/uploads\/2024\/09\/360-1-1-kopia-scaled.jpg",1920,2560,false],"thumbnail":["https:\/\/gardenersfriend.eu\/wp-content\/uploads\/2024\/09\/360-1-1-kopia-150x150.jpg",150,150,true],"medium":["https:\/\/gardenersfriend.eu\/wp-content\/uploads\/2024\/09\/360-1-1-kopia-225x300.jpg",225,300,true],"medium_large":["https:\/\/gardenersfriend.eu\/wp-content\/uploads\/2024\/09\/360-1-1-kopia-768x1024.jpg",768,1024,true],"large":["https:\/\/gardenersfriend.eu\/wp-content\/uploads\/2024\/09\/360-1-1-kopia-768x1024.jpg",768,1024,true],"1536x1536":["https:\/\/gardenersfriend.eu\/wp-content\/uploads\/2024\/09\/360-1-1-kopia-1152x1536.jpg",1152,1536,true],"2048x2048":["https:\/\/gardenersfriend.eu\/wp-content\/uploads\/2024\/09\/360-1-1-kopia-1536x2048.jpg",1536,2048,true],"woocommerce_thumbnail":["https:\/\/gardenersfriend.eu\/wp-content\/uploads\/2024\/09\/360-1-1-kopia-scaled-300x300.jpg",300,300,true],"woocommerce_single":["https:\/\/gardenersfriend.eu\/wp-content\/uploads\/2024\/09\/360-1-1-kopia-scaled-600x800.jpg",600,800,true],"woocommerce_gallery_thumbnail":["https:\/\/gardenersfriend.eu\/wp-content\/uploads\/2024\/09\/360-1-1-kopia-scaled-100x100.jpg",100,100,true]},"uagb_author_info":{"display_name":"admin","author_link":"https:\/\/gardenersfriend.eu\/de\/author\/"},"uagb_comment_info":0,"uagb_excerpt":"Roundup 360 1L - Ein Herbizid in Form eines Konzentrats zur Herstellung einer w\u00e4ssrigen L\u00f6sung, das bei der Blattanwendung zur Bek\u00e4mpfung von Quecke sowie ein- und mehrj\u00e4hrigen einkeimbl\u00e4ttrigen und zweikeimbl\u00e4ttrigen Unkr\u00e4utern auf Ackerfl\u00e4chen bestimmt ist.","jetpack_sharing_enabled":true,"_links":{"self":[{"href":"https:\/\/gardenersfriend.eu\/de\/wp-json\/wp\/v2\/product\/2387","targetHints":{"allow":["GET"]}}],"collection":[{"href":"https:\/\/gardenersfriend.eu\/de\/wp-json\/wp\/v2\/product"}],"about":[{"href":"https:\/\/gardenersfriend.eu\/de\/wp-json\/wp\/v2\/types\/product"}],"replies":[{"embeddable":true,"href":"https:\/\/gardenersfriend.eu\/de\/wp-json\/wp\/v2\/comments?post=2387"}],"wp:featuredmedia":[{"embeddable":true,"href":"https:\/\/gardenersfriend.eu\/de\/wp-json\/wp\/v2\/media\/2096"}],"wp:attachment":[{"href":"https:\/\/gardenersfriend.eu\/de\/wp-json\/wp\/v2\/media?parent=2387"}],"wp:term":[{"taxonomy":"product_brand","embeddable":true,"href":"https:\/\/gardenersfriend.eu\/de\/wp-json\/wp\/v2\/product_brand?post=2387"},{"taxonomy":"product_cat","embeddable":true,"href":"https:\/\/gardenersfriend.eu\/de\/wp-json\/wp\/v2\/product_cat?post=2387"},{"taxonomy":"product_tag","embeddable":true,"href":"https:\/\/gardenersfriend.eu\/de\/wp-json\/wp\/v2\/product_tag?post=2387"}],"curies":[{"name":"wp","href":"https:\/\/api.w.org\/{rel}","templated":true}]}}