{"id":2624,"date":"2025-01-25T05:31:02","date_gmt":"2025-01-25T04:31:02","guid":{"rendered":"https:\/\/gardenersfriend.eu\/?post_type=product&#038;p=2624"},"modified":"2026-05-03T04:59:19","modified_gmt":"2026-05-03T02:59:19","slug":"roundup-dynamic-500-glyphosat-herbizid-5l","status":"publish","type":"product","link":"https:\/\/gardenersfriend.eu\/de\/produkt\/roundup-dynamic-500-glyphosat-herbizid-5l\/","title":{"rendered":"Roundup Dynamic 500 5L Glyphosat Herbizid"},"content":{"rendered":"<h5>Allgemeine Informationen:<\/h5>\n<p><span style=\"font-size: 1.4em;\">Roundup Dynamic 500 5L ist ein Herbizid in Form eines Konzentrats zur Herstellung einer w\u00e4ssrigen L\u00f6sung zur Blattanwendung, das zur Bek\u00e4mpfung von Quecke sowie ein- und mehrj\u00e4hrigen ein- und zweikeimbl\u00e4ttrigen Unkr\u00e4utern auf Ackerfl\u00e4chen bestimmt ist.<\/span><\/p>\n<h5><strong><i>ROUNDUP\u00ae DYNAMIC 500 5L<\/i><\/strong><\/h5>\n<h5><strong><i>  (ersetzt Roundup 480 flex)<\/i><\/strong><\/h5>\n<p><span lang=\"en-us\" xml:lang=\"en-us\"><strong>Typ:<\/strong> Herbizid (Unkrautvernichtungsmittel)<\/span><\/p>\n<p><span lang=\"en-us\" xml:lang=\"en-us\"><strong>Produzent:<\/strong> Bayer Konzern<\/span><\/p>\n<p><span lang=\"en-us\" xml:lang=\"en-us\"><strong>Fassungsverm\u00f6gen:<\/strong> 1L \/ 5L \/ 15L.<\/span><\/p>\n<p><span lang=\"en-us\" xml:lang=\"en-us\"><strong><u>Wirkstoff:<\/u> <\/strong>Glyphosat eine Verbindung aus der Gruppe der Amino-Phosphors\u00e4uren in Form eines Kaliumsalzes &#8211; 500 g \/ l<strong>(37,37%<\/strong>)<\/span><\/p>\n<p><span lang=\"en-us\" xml:lang=\"en-us\"><strong>Form:<\/strong> Konzentrat<\/span><\/p>\n<p><strong><span lang=\"en-us\">Wirkungsweise: <\/span><\/strong><span lang=\"en-us\">Roundup Dynamic 500 5L <\/span><span lang=\"en-us\">a<\/span><span lang=\"en-us\"> Herbizid in Form eines Konzentrats zur Herstellung einer w\u00e4ssrigen L\u00f6sung f\u00fcr die Blattausbringung mit Feld- und Handspritzen<\/span><\/p>\n<p><span lang=\"en-us\" xml:lang=\"en-us\"><strong>Anbau von:<\/strong> Mais, Kartoffeln, Karotten, Petersilie, Zwiebeln, Lauch (aus Saatgut), Zuckerr\u00fcben, Winterweizen vor der Ernte, Wintertriticale, Roggen, Sommerweizen, Sommergerste und Winterraps, auf Stoppeln, Brachland und landwirtschaftlichem \u00d6dland<\/span><\/p>\n<p><span lang=\"en-us\" xml:lang=\"en-us\"><strong>Bek\u00e4mpft:<\/strong> Quecke, ein- und mehrj\u00e4hrige einkeimbl\u00e4ttrige und zweikeimbl\u00e4ttrige Unkr\u00e4uter<\/span> <span lang=\"en-us\" xml:lang=\"en-us\">I. Im Fr\u00fchjahr, nach der Aussaat oder Pflanzung und vor dem Auflaufen der Pflanzen zur Bek\u00e4mpfung aufkommender Unkr\u00e4uter. <\/span><\/p>\n<p><strong>Lesen Sie \u00fcber Sicherheit:<\/strong>  <a href=\"https:\/\/www.bayer.com\/en\/is-glyphosate-safe\">https:\/\/www.bayer.com\/en\/is-glyphosate-safe<\/a><\/p>\n<p>Vielleicht sind Sie an einer anderen Gr\u00f6\u00dfe des Produkts interessiert?<\/p>\n<p><strong>Bitte klicken Sie:<\/strong>  <a href=\"https:\/\/gardenersfriend.eu\/de\/produkt\/roundup-dynamic-500-glyphosat-herbizid-15l\/\">Roundup Dynamic 500 15L<\/a><\/p>\n<p class=\"p1\"><strong>Etikett: <\/strong><a title=\"Roundup Dynamic 500 DE\" href=\"https:\/\/gardenersfriend.eu\/wp-content\/uploads\/2026\/02\/roundup_dynamic_500_label_DE.pdf\" target=\"_blank\" rel=\"noopener\">Roundup_Dynamic_500_DE<\/a><\/p>\n<p class=\"p1\"><strong>Standort des Herstellers:<\/strong> <a title=\"Bayer Seite\" href=\"https:\/\/www.bayer.com\/\" target=\"_blank\" rel=\"noopener\">Bayer<\/a><\/p>\n\n<h5>Rechtliche Informationen<\/h5>\n<p>\nHinweise! Pflanzenschutzmittel vorsichtig verwenden.\nVor Gebrauch Etikett und Produktinformationen lesen.\nAnwendung durch Laien zul\u00e4ssig.\nAusnahme: Der K\u00e4ufer aus Belgien erkl\u00e4rt, dass er zum Zeitpunkt des Kaufs voll gesch\u00e4ftsf\u00e4hig ist und \u00fcber die erforderlichen Qualifikationen f\u00fcr den Kauf von Pflanzenschutzmitteln verf\u00fcgt.\n\nGem\u00e4\u00df Art. Gem\u00e4\u00df Artikel 28 des Gesetzes vom 8. M\u00e4rz 2013 \u00fcber Pflanzenschutzmittel (Gesetzblatt 2020, Pos. 2097) d\u00fcrfen Pflanzenschutzmittel f\u00fcr professionelle Anwender ab dem 26. November 2015 an Personen verkauft werden, die:\n\nPunkt 1 \u2013 eine Schulung zur Anwendung von Pflanzenschutzmitteln in der Republik Polen absolviert haben und diese durch eine Teilnahmebescheinigung best\u00e4tigt haben; oder\n\nPunkt 2 \u2013 eine Schulung zur Beratung \u00fcber Pflanzenschutzmittel in der Republik Polen absolviert haben und diese durch eine Teilnahmebescheinigung best\u00e4tigt haben; oder\n\nPunkt 3 \u2013 eine Schulung in integriertem Pflanzenbau absolviert haben und diese durch eine Teilnahmebescheinigung best\u00e4tigt haben; oder\n\nPunkt 4 \u2013 innerhalb der letzten f\u00fcnf Jahre vor dem Kauf dieser Mittel die f\u00fcr professionelle Anwender in einem anderen Mitgliedstaat der Europ\u00e4ischen Union oder einem Vertragsstaat des Abkommens \u00fcber den Europ\u00e4ischen Wirtschaftsraum vorgeschriebene Schulung gem\u00e4\u00df den dort geltenden Bestimmungen absolviert haben und diese durch eine Teilnahmebescheinigung best\u00e4tigt haben; oder ein anderes, nach den dort geltenden Vorschriften ausgestelltes Dokument vorgelegt haben. Land, das best\u00e4tigt, die Genehmigung zum Kauf von Pflanzenschutzmitteln f\u00fcr professionelle Anwender erhalten zu haben.\n\nWichtig!\nPflanzenschutzmittel d\u00fcrfen nur von Personen \u00fcber 18 Jahren verwendet werden.\nPflanzenschutzmittel sind sicher anzuwenden. Lesen Sie vor jeder Anwendung die Informationen auf dem Etikett und der Produktinformation.\n<\/p>\n","protected":false},"excerpt":{"rendered":"<p>Roundup Dynamic 500 5L &#8211; Ein Herbizid in Form eines Konzentrats zur Herstellung einer w\u00e4ssrigen L\u00f6sung, das bei der Blattanwendung zur Bek\u00e4mpfung von Quecke sowie ein- und mehrj\u00e4hrigen einkeimbl\u00e4ttrigen und zweikeimbl\u00e4ttrigen Unkr\u00e4utern auf Ackerfl\u00e4chen bestimmt ist.<\/p>\n","protected":false},"featured_media":2802,"comment_status":"open","ping_status":"closed","template":"","meta":{"_uag_custom_page_level_css":"","site-sidebar-layout":"default","site-content-layout":"","ast-site-content-layout":"default","site-content-style":"default","site-sidebar-style":"default","ast-global-header-display":"","ast-banner-title-visibility":"","ast-main-header-display":"","ast-hfb-above-header-display":"","ast-hfb-below-header-display":"","ast-hfb-mobile-header-display":"","site-post-title":"","ast-breadcrumbs-content":"","ast-featured-img":"","footer-sml-layout":"","ast-disable-related-posts":"","theme-transparent-header-meta":"default","adv-header-id-meta":"","stick-header-meta":"","header-above-stick-meta":"","header-main-stick-meta":"","header-below-stick-meta":"","astra-migrate-meta-layouts":"set","ast-page-background-enabled":"default","ast-page-background-meta":{"desktop":{"background-color":"var(--ast-global-color-4)","background-image":"","background-repeat":"repeat","background-position":"center center","background-size":"auto","background-attachment":"scroll","background-type":"","background-media":"","overlay-type":"","overlay-color":"","overlay-opacity":"","overlay-gradient":""},"tablet":{"background-color":"","background-image":"","background-repeat":"repeat","background-position":"center center","background-size":"auto","background-attachment":"scroll","background-type":"","background-media":"","overlay-type":"","overlay-color":"","overlay-opacity":"","overlay-gradient":""},"mobile":{"background-color":"","background-image":"","background-repeat":"repeat","background-position":"center center","background-size":"auto","background-attachment":"scroll","background-type":"","background-media":"","overlay-type":"","overlay-color":"","overlay-opacity":"","overlay-gradient":""}},"ast-content-background-meta":{"desktop":{"background-color":"var(--ast-global-color-5)","background-image":"","background-repeat":"repeat","background-position":"center center","background-size":"auto","background-attachment":"scroll","background-type":"","background-media":"","overlay-type":"","overlay-color":"","overlay-opacity":"","overlay-gradient":""},"tablet":{"background-color":"var(--ast-global-color-5)","background-image":"","background-repeat":"repeat","background-position":"center center","background-size":"auto","background-attachment":"scroll","background-type":"","background-media":"","overlay-type":"","overlay-color":"","overlay-opacity":"","overlay-gradient":""},"mobile":{"background-color":"var(--ast-global-color-5)","background-image":"","background-repeat":"repeat","background-position":"center center","background-size":"auto","background-attachment":"scroll","background-type":"","background-media":"","overlay-type":"","overlay-color":"","overlay-opacity":"","overlay-gradient":""}}},"product_brand":[],"product_cat":[84,85,176,86],"product_tag":[],"class_list":{"0":"post-2624","1":"product","2":"type-product","3":"status-publish","4":"has-post-thumbnail","6":"product_cat-alle-produkte","7":"product_cat-am-beliebtesten","8":"product_cat-herbizid","9":"product_cat-neue-ankunft","10":"product_shipping_class-alle","11":"desktop-align-left","12":"tablet-align-left","13":"mobile-align-left","15":"first","16":"instock","17":"featured","18":"taxable","19":"shipping-taxable","20":"purchasable","21":"product-type-simple"},"yoast_head":"<!-- This site is optimized with the Yoast SEO plugin v27.4 - https:\/\/yoast.com\/product\/yoast-seo-wordpress\/ -->\n<title>roundup 500 5L Roundup Dynamic 500 5L Glyphosat Herbizid - Gardeners Friend<\/title>\n<meta name=\"description\" content=\"Roundup 500 5L - Ein Herbizid in Form eines Konzentrats zur Herstellung einer w\u00e4ssrigen L\u00f6sung, das zur Blattausbringung verwendet wird\" \/>\n<meta name=\"robots\" content=\"index, follow, max-snippet:-1, max-image-preview:large, max-video-preview:-1\" \/>\n<link rel=\"canonical\" href=\"https:\/\/gardenersfriend.eu\/de\/produkt\/roundup-dynamic-500-glyphosat-herbizid-5l\/\" \/>\n<meta property=\"og:locale\" content=\"de_DE\" \/>\n<meta property=\"og:type\" content=\"article\" \/>\n<meta property=\"og:title\" content=\"roundup 500 5L Roundup Dynamic 500 5L Glyphosat Herbizid - Gardeners Friend\" \/>\n<meta property=\"og:description\" content=\"Roundup 500 5L - Ein Herbizid in Form eines Konzentrats zur Herstellung einer w\u00e4ssrigen L\u00f6sung, das zur Blattausbringung verwendet wird\" \/>\n<meta property=\"og:url\" content=\"https:\/\/gardenersfriend.eu\/de\/produkt\/roundup-dynamic-500-glyphosat-herbizid-5l\/\" \/>\n<meta property=\"og:site_name\" content=\"Gardeners Friend\" \/>\n<meta property=\"article:publisher\" content=\"https:\/\/www.facebook.com\/people\/Gardeners-Friend-Store\/61566268054378\/\" \/>\n<meta property=\"article:modified_time\" content=\"2026-05-03T02:59:19+00:00\" \/>\n<meta property=\"og:image\" content=\"https:\/\/gardenersfriend.eu\/wp-content\/uploads\/2025\/01\/500-5L-8-scaled-e1740427184505.jpg\" \/>\n\t<meta property=\"og:image:width\" content=\"1920\" \/>\n\t<meta property=\"og:image:height\" content=\"2560\" \/>\n\t<meta property=\"og:image:type\" content=\"image\/jpeg\" \/>\n<meta name=\"twitter:card\" content=\"summary_large_image\" \/>\n<meta name=\"twitter:label1\" content=\"Gesch\u00e4tzte Lesezeit\" \/>\n\t<meta name=\"twitter:data1\" content=\"3\u00a0Minuten\" \/>\n<script type=\"application\/ld+json\" class=\"yoast-schema-graph\">{\"@context\":\"https:\\\/\\\/schema.org\",\"@graph\":[{\"@type\":\"WebPage\",\"@id\":\"https:\\\/\\\/gardenersfriend.eu\\\/de\\\/produkt\\\/roundup-dynamic-500-glyphosat-herbizid-5l\\\/\",\"url\":\"https:\\\/\\\/gardenersfriend.eu\\\/de\\\/produkt\\\/roundup-dynamic-500-glyphosat-herbizid-5l\\\/\",\"name\":\"roundup 500 5L Roundup Dynamic 500 5L Glyphosat Herbizid - Gardeners Friend\",\"isPartOf\":{\"@id\":\"https:\\\/\\\/gardenersfriend.eu\\\/de\\\/#website\"},\"primaryImageOfPage\":{\"@id\":\"https:\\\/\\\/gardenersfriend.eu\\\/de\\\/produkt\\\/roundup-dynamic-500-glyphosat-herbizid-5l\\\/#primaryimage\"},\"image\":{\"@id\":\"https:\\\/\\\/gardenersfriend.eu\\\/de\\\/produkt\\\/roundup-dynamic-500-glyphosat-herbizid-5l\\\/#primaryimage\"},\"thumbnailUrl\":\"https:\\\/\\\/gardenersfriend.eu\\\/wp-content\\\/uploads\\\/2025\\\/01\\\/500-5L-8-scaled-e1740427184505.jpg\",\"datePublished\":\"2025-01-25T04:31:02+00:00\",\"dateModified\":\"2026-05-03T02:59:19+00:00\",\"description\":\"Roundup 500 5L - Ein Herbizid in Form eines Konzentrats zur Herstellung einer w\u00e4ssrigen L\u00f6sung, das zur Blattausbringung verwendet wird\",\"breadcrumb\":{\"@id\":\"https:\\\/\\\/gardenersfriend.eu\\\/de\\\/produkt\\\/roundup-dynamic-500-glyphosat-herbizid-5l\\\/#breadcrumb\"},\"inLanguage\":\"de\",\"potentialAction\":[{\"@type\":\"ReadAction\",\"target\":[\"https:\\\/\\\/gardenersfriend.eu\\\/de\\\/produkt\\\/roundup-dynamic-500-glyphosat-herbizid-5l\\\/\"]}]},{\"@type\":\"ImageObject\",\"inLanguage\":\"de\",\"@id\":\"https:\\\/\\\/gardenersfriend.eu\\\/de\\\/produkt\\\/roundup-dynamic-500-glyphosat-herbizid-5l\\\/#primaryimage\",\"url\":\"https:\\\/\\\/gardenersfriend.eu\\\/wp-content\\\/uploads\\\/2025\\\/01\\\/500-5L-8-scaled-e1740427184505.jpg\",\"contentUrl\":\"https:\\\/\\\/gardenersfriend.eu\\\/wp-content\\\/uploads\\\/2025\\\/01\\\/500-5L-8-scaled-e1740427184505.jpg\",\"width\":1920,\"height\":2560,\"caption\":\"Roundup Dynamic 500 5L\"},{\"@type\":\"BreadcrumbList\",\"@id\":\"https:\\\/\\\/gardenersfriend.eu\\\/de\\\/produkt\\\/roundup-dynamic-500-glyphosat-herbizid-5l\\\/#breadcrumb\",\"itemListElement\":[{\"@type\":\"ListItem\",\"position\":1,\"name\":\"Strona g\u0142\u00f3wna\",\"item\":\"https:\\\/\\\/gardenersfriend.eu\\\/de\\\/\"},{\"@type\":\"ListItem\",\"position\":2,\"name\":\"Shop\",\"item\":\"https:\\\/\\\/gardenersfriend.eu\\\/de\\\/shop\\\/\"},{\"@type\":\"ListItem\",\"position\":3,\"name\":\"Roundup Dynamic 500 5L Glyphosat Herbizid\"}]},{\"@type\":\"WebSite\",\"@id\":\"https:\\\/\\\/gardenersfriend.eu\\\/de\\\/#website\",\"url\":\"https:\\\/\\\/gardenersfriend.eu\\\/de\\\/\",\"name\":\"Gardeners Friend\",\"description\":\"herbicides, fertilisers, roundup\",\"publisher\":{\"@id\":\"https:\\\/\\\/gardenersfriend.eu\\\/de\\\/#organization\"},\"potentialAction\":[{\"@type\":\"SearchAction\",\"target\":{\"@type\":\"EntryPoint\",\"urlTemplate\":\"https:\\\/\\\/gardenersfriend.eu\\\/de\\\/?s={search_term_string}\"},\"query-input\":{\"@type\":\"PropertyValueSpecification\",\"valueRequired\":true,\"valueName\":\"search_term_string\"}}],\"inLanguage\":\"de\"},{\"@type\":\"Organization\",\"@id\":\"https:\\\/\\\/gardenersfriend.eu\\\/de\\\/#organization\",\"name\":\"Gardeners Friend\",\"url\":\"https:\\\/\\\/gardenersfriend.eu\\\/de\\\/\",\"logo\":{\"@type\":\"ImageObject\",\"inLanguage\":\"de\",\"@id\":\"https:\\\/\\\/gardenersfriend.eu\\\/de\\\/#\\\/schema\\\/logo\\\/image\\\/\",\"url\":\"https:\\\/\\\/gardenersfriend.eu\\\/wp-content\\\/uploads\\\/2025\\\/09\\\/gf_accepted_big_logo.png\",\"contentUrl\":\"https:\\\/\\\/gardenersfriend.eu\\\/wp-content\\\/uploads\\\/2025\\\/09\\\/gf_accepted_big_logo.png\",\"width\":2000,\"height\":1000,\"caption\":\"Gardeners Friend\"},\"image\":{\"@id\":\"https:\\\/\\\/gardenersfriend.eu\\\/de\\\/#\\\/schema\\\/logo\\\/image\\\/\"},\"sameAs\":[\"https:\\\/\\\/www.facebook.com\\\/people\\\/Gardeners-Friend-Store\\\/61566268054378\\\/\",\"https:\\\/\\\/www.instagram.com\\\/gardeners_friend_store\\\/\"]}]}<\/script>\n<!-- \/ Yoast SEO plugin. -->","yoast_head_json":{"title":"roundup 500 5L Roundup Dynamic 500 5L Glyphosat Herbizid - Gardeners Friend","description":"Roundup 500 5L - Ein Herbizid in Form eines Konzentrats zur Herstellung einer w\u00e4ssrigen L\u00f6sung, das zur Blattausbringung verwendet wird","robots":{"index":"index","follow":"follow","max-snippet":"max-snippet:-1","max-image-preview":"max-image-preview:large","max-video-preview":"max-video-preview:-1"},"canonical":"https:\/\/gardenersfriend.eu\/de\/produkt\/roundup-dynamic-500-glyphosat-herbizid-5l\/","og_locale":"de_DE","og_type":"article","og_title":"roundup 500 5L Roundup Dynamic 500 5L Glyphosat Herbizid - Gardeners Friend","og_description":"Roundup 500 5L - Ein Herbizid in Form eines Konzentrats zur Herstellung einer w\u00e4ssrigen L\u00f6sung, das zur Blattausbringung verwendet wird","og_url":"https:\/\/gardenersfriend.eu\/de\/produkt\/roundup-dynamic-500-glyphosat-herbizid-5l\/","og_site_name":"Gardeners Friend","article_publisher":"https:\/\/www.facebook.com\/people\/Gardeners-Friend-Store\/61566268054378\/","article_modified_time":"2026-05-03T02:59:19+00:00","og_image":[{"width":1920,"height":2560,"url":"https:\/\/gardenersfriend.eu\/wp-content\/uploads\/2025\/01\/500-5L-8-scaled-e1740427184505.jpg","type":"image\/jpeg"}],"twitter_card":"summary_large_image","twitter_misc":{"Gesch\u00e4tzte Lesezeit":"3\u00a0Minuten"},"schema":{"@context":"https:\/\/schema.org","@graph":[{"@type":"WebPage","@id":"https:\/\/gardenersfriend.eu\/de\/produkt\/roundup-dynamic-500-glyphosat-herbizid-5l\/","url":"https:\/\/gardenersfriend.eu\/de\/produkt\/roundup-dynamic-500-glyphosat-herbizid-5l\/","name":"roundup 500 5L Roundup Dynamic 500 5L Glyphosat Herbizid - Gardeners Friend","isPartOf":{"@id":"https:\/\/gardenersfriend.eu\/de\/#website"},"primaryImageOfPage":{"@id":"https:\/\/gardenersfriend.eu\/de\/produkt\/roundup-dynamic-500-glyphosat-herbizid-5l\/#primaryimage"},"image":{"@id":"https:\/\/gardenersfriend.eu\/de\/produkt\/roundup-dynamic-500-glyphosat-herbizid-5l\/#primaryimage"},"thumbnailUrl":"https:\/\/gardenersfriend.eu\/wp-content\/uploads\/2025\/01\/500-5L-8-scaled-e1740427184505.jpg","datePublished":"2025-01-25T04:31:02+00:00","dateModified":"2026-05-03T02:59:19+00:00","description":"Roundup 500 5L - Ein Herbizid in Form eines Konzentrats zur Herstellung einer w\u00e4ssrigen L\u00f6sung, das zur Blattausbringung verwendet wird","breadcrumb":{"@id":"https:\/\/gardenersfriend.eu\/de\/produkt\/roundup-dynamic-500-glyphosat-herbizid-5l\/#breadcrumb"},"inLanguage":"de","potentialAction":[{"@type":"ReadAction","target":["https:\/\/gardenersfriend.eu\/de\/produkt\/roundup-dynamic-500-glyphosat-herbizid-5l\/"]}]},{"@type":"ImageObject","inLanguage":"de","@id":"https:\/\/gardenersfriend.eu\/de\/produkt\/roundup-dynamic-500-glyphosat-herbizid-5l\/#primaryimage","url":"https:\/\/gardenersfriend.eu\/wp-content\/uploads\/2025\/01\/500-5L-8-scaled-e1740427184505.jpg","contentUrl":"https:\/\/gardenersfriend.eu\/wp-content\/uploads\/2025\/01\/500-5L-8-scaled-e1740427184505.jpg","width":1920,"height":2560,"caption":"Roundup Dynamic 500 5L"},{"@type":"BreadcrumbList","@id":"https:\/\/gardenersfriend.eu\/de\/produkt\/roundup-dynamic-500-glyphosat-herbizid-5l\/#breadcrumb","itemListElement":[{"@type":"ListItem","position":1,"name":"Strona g\u0142\u00f3wna","item":"https:\/\/gardenersfriend.eu\/de\/"},{"@type":"ListItem","position":2,"name":"Shop","item":"https:\/\/gardenersfriend.eu\/de\/shop\/"},{"@type":"ListItem","position":3,"name":"Roundup Dynamic 500 5L Glyphosat Herbizid"}]},{"@type":"WebSite","@id":"https:\/\/gardenersfriend.eu\/de\/#website","url":"https:\/\/gardenersfriend.eu\/de\/","name":"Gardeners Friend","description":"herbicides, fertilisers, roundup","publisher":{"@id":"https:\/\/gardenersfriend.eu\/de\/#organization"},"potentialAction":[{"@type":"SearchAction","target":{"@type":"EntryPoint","urlTemplate":"https:\/\/gardenersfriend.eu\/de\/?s={search_term_string}"},"query-input":{"@type":"PropertyValueSpecification","valueRequired":true,"valueName":"search_term_string"}}],"inLanguage":"de"},{"@type":"Organization","@id":"https:\/\/gardenersfriend.eu\/de\/#organization","name":"Gardeners Friend","url":"https:\/\/gardenersfriend.eu\/de\/","logo":{"@type":"ImageObject","inLanguage":"de","@id":"https:\/\/gardenersfriend.eu\/de\/#\/schema\/logo\/image\/","url":"https:\/\/gardenersfriend.eu\/wp-content\/uploads\/2025\/09\/gf_accepted_big_logo.png","contentUrl":"https:\/\/gardenersfriend.eu\/wp-content\/uploads\/2025\/09\/gf_accepted_big_logo.png","width":2000,"height":1000,"caption":"Gardeners Friend"},"image":{"@id":"https:\/\/gardenersfriend.eu\/de\/#\/schema\/logo\/image\/"},"sameAs":["https:\/\/www.facebook.com\/people\/Gardeners-Friend-Store\/61566268054378\/","https:\/\/www.instagram.com\/gardeners_friend_store\/"]}]}},"uagb_featured_image_src":{"full":["https:\/\/gardenersfriend.eu\/wp-content\/uploads\/2025\/01\/500-5L-8-scaled-e1740427184505.jpg",1920,2560,false],"thumbnail":["https:\/\/gardenersfriend.eu\/wp-content\/uploads\/2025\/01\/500-5L-8-150x150.jpg",150,150,true],"medium":["https:\/\/gardenersfriend.eu\/wp-content\/uploads\/2025\/01\/500-5L-8-225x300.jpg",225,300,true],"medium_large":["https:\/\/gardenersfriend.eu\/wp-content\/uploads\/2025\/01\/500-5L-8-768x1024.jpg",768,1024,true],"large":["https:\/\/gardenersfriend.eu\/wp-content\/uploads\/2025\/01\/500-5L-8-768x1024.jpg",768,1024,true],"1536x1536":["https:\/\/gardenersfriend.eu\/wp-content\/uploads\/2025\/01\/500-5L-8-1152x1536.jpg",1152,1536,true],"2048x2048":["https:\/\/gardenersfriend.eu\/wp-content\/uploads\/2025\/01\/500-5L-8-1536x2048.jpg",1536,2048,true],"woocommerce_thumbnail":["https:\/\/gardenersfriend.eu\/wp-content\/uploads\/2025\/01\/500-5L-8-300x300.jpg",300,300,true],"woocommerce_single":["https:\/\/gardenersfriend.eu\/wp-content\/uploads\/2025\/01\/500-5L-8-600x800.jpg",600,800,true],"woocommerce_gallery_thumbnail":["https:\/\/gardenersfriend.eu\/wp-content\/uploads\/2025\/01\/500-5L-8-100x100.jpg",100,100,true]},"uagb_author_info":{"display_name":"admin","author_link":"https:\/\/gardenersfriend.eu\/de\/author\/"},"uagb_comment_info":0,"uagb_excerpt":"Roundup Dynamic 500 5L - Ein Herbizid in Form eines Konzentrats zur Herstellung einer w\u00e4ssrigen L\u00f6sung, das bei der Blattanwendung zur Bek\u00e4mpfung von Quecke sowie ein- und mehrj\u00e4hrigen einkeimbl\u00e4ttrigen und zweikeimbl\u00e4ttrigen Unkr\u00e4utern auf Ackerfl\u00e4chen bestimmt ist.","jetpack_sharing_enabled":true,"_links":{"self":[{"href":"https:\/\/gardenersfriend.eu\/de\/wp-json\/wp\/v2\/product\/2624","targetHints":{"allow":["GET"]}}],"collection":[{"href":"https:\/\/gardenersfriend.eu\/de\/wp-json\/wp\/v2\/product"}],"about":[{"href":"https:\/\/gardenersfriend.eu\/de\/wp-json\/wp\/v2\/types\/product"}],"replies":[{"embeddable":true,"href":"https:\/\/gardenersfriend.eu\/de\/wp-json\/wp\/v2\/comments?post=2624"}],"wp:featuredmedia":[{"embeddable":true,"href":"https:\/\/gardenersfriend.eu\/de\/wp-json\/wp\/v2\/media\/2802"}],"wp:attachment":[{"href":"https:\/\/gardenersfriend.eu\/de\/wp-json\/wp\/v2\/media?parent=2624"}],"wp:term":[{"taxonomy":"product_brand","embeddable":true,"href":"https:\/\/gardenersfriend.eu\/de\/wp-json\/wp\/v2\/product_brand?post=2624"},{"taxonomy":"product_cat","embeddable":true,"href":"https:\/\/gardenersfriend.eu\/de\/wp-json\/wp\/v2\/product_cat?post=2624"},{"taxonomy":"product_tag","embeddable":true,"href":"https:\/\/gardenersfriend.eu\/de\/wp-json\/wp\/v2\/product_tag?post=2624"}],"curies":[{"name":"wp","href":"https:\/\/api.w.org\/{rel}","templated":true}]}}