{"id":4501,"date":"2025-06-04T23:11:52","date_gmt":"2025-06-04T21:11:52","guid":{"rendered":"https:\/\/gardenersfriend.eu\/product\/inex-a-adjuvans\/"},"modified":"2026-02-19T16:27:49","modified_gmt":"2026-02-19T15:27:49","slug":"inex-a-adjuvans","status":"publish","type":"product","link":"https:\/\/gardenersfriend.eu\/de\/produkt\/inex-a-adjuvans\/","title":{"rendered":"Inex-A Adjuvans"},"content":{"rendered":"<h2>Inex-A Adjuvant &#8211; <b>erh\u00f6ht die Effizienz von Blattbehandlungen in der landwirtschaftlichen Produktion<\/b><\/h2>\n<p>Adjuvans, nicht-ionisches Tensid, das die Wirksamkeit von Substanzen bei Blattbehandlungen erh\u00f6ht. Es hat eine benetzende und durchdringende Wirkung, verbessert die Verteilung und den Vertrieb von Substanzen auf der Oberfl\u00e4che von Pflanzen und in deren Gewebe. Die Verwendung von INEX-A erh\u00f6ht die Wirksamkeit von Blattbehandlungen, deren Zweck es ist, Pflanzen zu sch\u00fctzen und zu ern\u00e4hren.Antischaumwirkung.  <\/p>\n<h2>Wie funktioniert Inex-A?<\/h2>\n<p>Aufgrund seiner nicht-ionischen Beschaffenheit ver\u00e4ndert INEX-A die chemischen Parameter der mit ihm verwendeten Produkte nicht, w\u00e4hrend es die Oberfl\u00e4chenspannung des Wassers verringert und es der Arbeitsfl\u00fcssigkeit erleichtert, eine gr\u00f6\u00dfere Oberfl\u00e4che der Pflanze zu bedecken. Es erh\u00f6ht die Aufnahme von Substanzen in die Pflanze und erm\u00f6glicht die Herstellung von stabileren und gleichm\u00e4\u00dfigeren L\u00f6sungen oder Emulsionen. Das Adjuvans verbessert die Wirksamkeit der verwendeten Agrochemikalien und damit die Qualit\u00e4t der Behandlung.  <\/p>\n<p>&nbsp;<\/p>\n<table style=\"height: 35.5957px; width: 99.9973%;\" width=\"100%\">\n<tbody>\n<tr style=\"height: 35.5957px;\">\n<td style=\"height: 35.5957px; width: 46.6566%;\">  Zusammensetzung des Produkts (% m\/m):<\/td>\n<td style=\"width: 52.9938%;\"><\/td>\n<\/tr>\n<tr>\n<td style=\"width: 46.6566%;\">Ethoxylierter Fettalkohol<\/td>\n<td style=\"width: 52.9938%;\">\n<table class=\"table table-bordered table-striped\">\n<tbody>\n<tr>\n<td>20,2<\/td>\n<\/tr>\n<tr>\n<td><\/td>\n<\/tr>\n<\/tbody>\n<\/table>\n<\/td>\n<\/tr>\n<tr>\n<td style=\"width: 46.6566%;\">Polydimethylsiloxan<\/td>\n<td style=\"width: 52.9938%;\">1,0<\/td>\n<\/tr>\n<\/tbody>\n<\/table>\n<h2><\/h2>\n<h2>Dosierung &#8211; wie wird Inex-A angewendet?<\/h2>\n<ol>\n<li>F\u00fcllen Sie das Produkt zun\u00e4chst bis zu 3\/4 seines Fassungsverm\u00f6gens in den mit Wasser gef\u00fcllten Zerst\u00e4uber.<\/li>\n<li>Geben Sie die restlichen Produkte bei eingeschaltetem R\u00fchrwerk in den Tank.<\/li>\n<li>F\u00fcllen Sie dann mit Wasser bis zur gew\u00fcnschten Menge auf.<\/li>\n<\/ol>\n<table style=\"width: 99.9973%; height: 74.7949px;\" width=\"100%\">\n<tbody>\n<tr style=\"height: 39.1992px;\">\n<td style=\"width: 26.9704%; height: 39.1992px;\">  Produkt<\/td>\n<td style=\"width: 12.9598%; height: 39.1992px;\">Insektizid<\/td>\n<td style=\"width: 13.1578%; height: 39.1992px;\">Fungicyd<\/td>\n<td style=\"width: 13.4624%; height: 39.1992px;\">Herbicyd<\/td>\n<td style=\"width: 14.1857%; height: 39.1992px;\">Blattd\u00fcnger<\/td>\n<td style=\"width: 17.6884%; height: 39.1992px;\">Biostimulator<\/td>\n<\/tr>\n<tr style=\"height: 35.5957px;\">\n<td style=\"width: 26.9704%; height: 35.5957px;\">Dosis pro 100 l Wasser<\/td>\n<td style=\"width: 12.9598%; height: 35.5957px;\">50ml<\/td>\n<td style=\"width: 13.1578%; height: 35.5957px;\">50ml<\/td>\n<td style=\"width: 13.4624%; height: 35.5957px;\">50ml<\/td>\n<td style=\"width: 14.1857%; height: 35.5957px;\">50ml<\/td>\n<td style=\"width: 17.6884%; height: 35.5957px;\">50ml<\/td>\n<\/tr>\n<\/tbody>\n<\/table>\n<p>&nbsp;<\/p>\n<h2>Vorteile von Inex-A Adjuvans &#8211; Vorteile der Verwendung eines Adjuvans:<\/h2>\n<ul>\n<li>unterst\u00fctzende Funktion bei der Verwendung von in der Landwirtschaft verwendeten Blattpr\u00e4paraten,<\/li>\n<li>erh\u00f6hte Wirksamkeit der in der Landwirtschaft verwendeten Wirkstoffe,<\/li>\n<li>benetzende und durchdringende Wirkung auf die Oberfl\u00e4che von Pflanzen,<\/li>\n<li>erh\u00f6hte Aufnahme von Wirkstoffen in die Pflanze,<\/li>\n<li>begrenzter Abfluss von Substanzen,<\/li>\n<li>keine Reaktion mit den in der Tankmischung verwendeten Mitteln,<\/li>\n<li>verbesserte L\u00f6slichkeit und Mischbarkeit der verwendeten Pr\u00e4parate,<\/li>\n<li>stabilere und einheitlichere L\u00f6sungen oder Emulsionen und L\u00f6sungen,<\/li>\n<li>Anti-Schaum-Effekt.<\/li>\n<\/ul>\n<h2>Was sind die Vorteile einer gr\u00f6\u00dferen Kontaktfl\u00e4che zwischen der Pflanze und der Arbeitsfl\u00fcssigkeit?<\/h2>\n<ul>\n<li>effektivere Einf\u00fchrung der Komponenten der Arbeitsfl\u00fcssigkeit in das Gewebe,<\/li>\n<li>gleichm\u00e4\u00dfige Bedeckung der bespr\u00fchten Fl\u00e4chen mit Blattbehandlungsmitteln,<\/li>\n<li>begrenzter Abfluss von Fl\u00fcssigkeit aus den Pflanzen,<\/li>\n<li>verl\u00e4ngerte Wirkungsdauer der Wirkstoffe.<\/li>\n<\/ul>\n<p><strong>Etikett: <\/strong><a title=\"Inex-A DE\" href=\"https:\/\/gardenersfriend.eu\/wp-content\/uploads\/2026\/02\/inex_a_DE.pdf\" target=\"_blank\" rel=\"noopener\">Inex_A_DE<\/a><\/p>\n<p><strong>Website des Herstellers:<\/strong> <a title=\"Cosmocel Seite\" href=\"https:\/\/www.cosmocel.com\/\" target=\"_blank\" rel=\"noopener\">Qemetica<\/a><\/p>\n","protected":false},"excerpt":{"rendered":"<p>INEX-A Adjuvant &#8211; Es hat eine benetzende und durchdringende Wirkung, verbessert die Verteilung von Substanzen auf der Oberfl\u00e4che von Pflanzen und in deren Geweben.<\/p>\n","protected":false},"featured_media":5005,"comment_status":"open","ping_status":"closed","template":"","meta":{"_uag_custom_page_level_css":"","site-sidebar-layout":"default","site-content-layout":"","ast-site-content-layout":"default","site-content-style":"default","site-sidebar-style":"default","ast-global-header-display":"","ast-banner-title-visibility":"","ast-main-header-display":"","ast-hfb-above-header-display":"","ast-hfb-below-header-display":"","ast-hfb-mobile-header-display":"","site-post-title":"","ast-breadcrumbs-content":"","ast-featured-img":"","footer-sml-layout":"","ast-disable-related-posts":"","theme-transparent-header-meta":"default","adv-header-id-meta":"","stick-header-meta":"","header-above-stick-meta":"","header-main-stick-meta":"","header-below-stick-meta":"","astra-migrate-meta-layouts":"default","ast-page-background-enabled":"default","ast-page-background-meta":{"desktop":{"background-color":"var(--ast-global-color-4)","background-image":"","background-repeat":"repeat","background-position":"center center","background-size":"auto","background-attachment":"scroll","background-type":"","background-media":"","overlay-type":"","overlay-color":"","overlay-opacity":"","overlay-gradient":""},"tablet":{"background-color":"","background-image":"","background-repeat":"repeat","background-position":"center center","background-size":"auto","background-attachment":"scroll","background-type":"","background-media":"","overlay-type":"","overlay-color":"","overlay-opacity":"","overlay-gradient":""},"mobile":{"background-color":"","background-image":"","background-repeat":"repeat","background-position":"center center","background-size":"auto","background-attachment":"scroll","background-type":"","background-media":"","overlay-type":"","overlay-color":"","overlay-opacity":"","overlay-gradient":""}},"ast-content-background-meta":{"desktop":{"background-color":"var(--ast-global-color-5)","background-image":"","background-repeat":"repeat","background-position":"center center","background-size":"auto","background-attachment":"scroll","background-type":"","background-media":"","overlay-type":"","overlay-color":"","overlay-opacity":"","overlay-gradient":""},"tablet":{"background-color":"var(--ast-global-color-5)","background-image":"","background-repeat":"repeat","background-position":"center center","background-size":"auto","background-attachment":"scroll","background-type":"","background-media":"","overlay-type":"","overlay-color":"","overlay-opacity":"","overlay-gradient":""},"mobile":{"background-color":"var(--ast-global-color-5)","background-image":"","background-repeat":"repeat","background-position":"center center","background-size":"auto","background-attachment":"scroll","background-type":"","background-media":"","overlay-type":"","overlay-color":"","overlay-opacity":"","overlay-gradient":""}}},"product_brand":[162],"product_cat":[198,84],"product_tag":[],"class_list":{"0":"post-4501","1":"product","2":"type-product","3":"status-publish","4":"has-post-thumbnail","6":"product_brand-cosmocel","7":"product_cat-adjuvans","8":"product_cat-alle-produkte","9":"product_shipping_class-alle","10":"desktop-align-left","11":"tablet-align-left","12":"mobile-align-left","14":"first","15":"instock","16":"taxable","17":"shipping-taxable","18":"purchasable","19":"product-type-variable","20":"has-default-attributes"},"yoast_head":"<!-- This site is optimized with the Yoast SEO plugin v27.4 - https:\/\/yoast.com\/product\/yoast-seo-wordpress\/ -->\n<title>Inex-A Adjuvans - Gardeners Friend<\/title>\n<meta name=\"description\" content=\"INEX-A Adjuvant hat eine benetzende und durchdringende Wirkung, verbessert die Verteilung von Substanzen auf der Oberfl\u00e4che von Pflanzen und in deren Gewebe\" \/>\n<meta name=\"robots\" content=\"index, follow, max-snippet:-1, max-image-preview:large, max-video-preview:-1\" \/>\n<link rel=\"canonical\" href=\"https:\/\/gardenersfriend.eu\/de\/produkt\/inex-a-adjuvans\/\" \/>\n<meta property=\"og:locale\" content=\"de_DE\" \/>\n<meta property=\"og:type\" content=\"article\" \/>\n<meta property=\"og:title\" content=\"Inex-A Adjuvans - Gardeners Friend\" \/>\n<meta property=\"og:description\" content=\"INEX-A Adjuvant hat eine benetzende und durchdringende Wirkung, verbessert die Verteilung von Substanzen auf der Oberfl\u00e4che von Pflanzen und in deren Gewebe\" \/>\n<meta property=\"og:url\" content=\"https:\/\/gardenersfriend.eu\/de\/produkt\/inex-a-adjuvans\/\" \/>\n<meta property=\"og:site_name\" content=\"Gardeners Friend\" \/>\n<meta property=\"article:publisher\" content=\"https:\/\/www.facebook.com\/people\/Gardeners-Friend-Store\/61566268054378\/\" \/>\n<meta property=\"article:modified_time\" content=\"2026-02-19T15:27:49+00:00\" \/>\n<meta property=\"og:image\" content=\"https:\/\/gardenersfriend.eu\/wp-content\/uploads\/2025\/06\/Inex-A-330mlWebp-2.webp\" \/>\n\t<meta property=\"og:image:width\" content=\"2048\" \/>\n\t<meta property=\"og:image:height\" content=\"2048\" \/>\n\t<meta property=\"og:image:type\" content=\"image\/webp\" \/>\n<meta name=\"twitter:card\" content=\"summary_large_image\" \/>\n<meta name=\"twitter:label1\" content=\"Gesch\u00e4tzte Lesezeit\" \/>\n\t<meta name=\"twitter:data1\" content=\"2\u00a0Minuten\" \/>\n<script type=\"application\/ld+json\" class=\"yoast-schema-graph\">{\"@context\":\"https:\\\/\\\/schema.org\",\"@graph\":[{\"@type\":\"WebPage\",\"@id\":\"https:\\\/\\\/gardenersfriend.eu\\\/de\\\/produkt\\\/inex-a-adjuvans\\\/\",\"url\":\"https:\\\/\\\/gardenersfriend.eu\\\/de\\\/produkt\\\/inex-a-adjuvans\\\/\",\"name\":\"Inex-A Adjuvans - Gardeners Friend\",\"isPartOf\":{\"@id\":\"https:\\\/\\\/gardenersfriend.eu\\\/de\\\/#website\"},\"primaryImageOfPage\":{\"@id\":\"https:\\\/\\\/gardenersfriend.eu\\\/de\\\/produkt\\\/inex-a-adjuvans\\\/#primaryimage\"},\"image\":{\"@id\":\"https:\\\/\\\/gardenersfriend.eu\\\/de\\\/produkt\\\/inex-a-adjuvans\\\/#primaryimage\"},\"thumbnailUrl\":\"https:\\\/\\\/gardenersfriend.eu\\\/wp-content\\\/uploads\\\/2025\\\/06\\\/Inex-A-330mlWebp-2.webp\",\"datePublished\":\"2025-06-04T21:11:52+00:00\",\"dateModified\":\"2026-02-19T15:27:49+00:00\",\"description\":\"INEX-A Adjuvant hat eine benetzende und durchdringende Wirkung, verbessert die Verteilung von Substanzen auf der Oberfl\u00e4che von Pflanzen und in deren Gewebe\",\"breadcrumb\":{\"@id\":\"https:\\\/\\\/gardenersfriend.eu\\\/de\\\/produkt\\\/inex-a-adjuvans\\\/#breadcrumb\"},\"inLanguage\":\"de\",\"potentialAction\":[{\"@type\":\"ReadAction\",\"target\":[\"https:\\\/\\\/gardenersfriend.eu\\\/de\\\/produkt\\\/inex-a-adjuvans\\\/\"]}]},{\"@type\":\"ImageObject\",\"inLanguage\":\"de\",\"@id\":\"https:\\\/\\\/gardenersfriend.eu\\\/de\\\/produkt\\\/inex-a-adjuvans\\\/#primaryimage\",\"url\":\"https:\\\/\\\/gardenersfriend.eu\\\/wp-content\\\/uploads\\\/2025\\\/06\\\/Inex-A-330mlWebp-2.webp\",\"contentUrl\":\"https:\\\/\\\/gardenersfriend.eu\\\/wp-content\\\/uploads\\\/2025\\\/06\\\/Inex-A-330mlWebp-2.webp\",\"width\":2048,\"height\":2048,\"caption\":\"Inex-A 330ml\"},{\"@type\":\"BreadcrumbList\",\"@id\":\"https:\\\/\\\/gardenersfriend.eu\\\/de\\\/produkt\\\/inex-a-adjuvans\\\/#breadcrumb\",\"itemListElement\":[{\"@type\":\"ListItem\",\"position\":1,\"name\":\"Strona g\u0142\u00f3wna\",\"item\":\"https:\\\/\\\/gardenersfriend.eu\\\/de\\\/\"},{\"@type\":\"ListItem\",\"position\":2,\"name\":\"Shop\",\"item\":\"https:\\\/\\\/gardenersfriend.eu\\\/de\\\/shop\\\/\"},{\"@type\":\"ListItem\",\"position\":3,\"name\":\"Inex-A Adjuvans\"}]},{\"@type\":\"WebSite\",\"@id\":\"https:\\\/\\\/gardenersfriend.eu\\\/de\\\/#website\",\"url\":\"https:\\\/\\\/gardenersfriend.eu\\\/de\\\/\",\"name\":\"Gardeners Friend\",\"description\":\"herbicides, fertilisers, roundup\",\"publisher\":{\"@id\":\"https:\\\/\\\/gardenersfriend.eu\\\/de\\\/#organization\"},\"potentialAction\":[{\"@type\":\"SearchAction\",\"target\":{\"@type\":\"EntryPoint\",\"urlTemplate\":\"https:\\\/\\\/gardenersfriend.eu\\\/de\\\/?s={search_term_string}\"},\"query-input\":{\"@type\":\"PropertyValueSpecification\",\"valueRequired\":true,\"valueName\":\"search_term_string\"}}],\"inLanguage\":\"de\"},{\"@type\":\"Organization\",\"@id\":\"https:\\\/\\\/gardenersfriend.eu\\\/de\\\/#organization\",\"name\":\"Gardeners Friend\",\"url\":\"https:\\\/\\\/gardenersfriend.eu\\\/de\\\/\",\"logo\":{\"@type\":\"ImageObject\",\"inLanguage\":\"de\",\"@id\":\"https:\\\/\\\/gardenersfriend.eu\\\/de\\\/#\\\/schema\\\/logo\\\/image\\\/\",\"url\":\"https:\\\/\\\/gardenersfriend.eu\\\/wp-content\\\/uploads\\\/2025\\\/09\\\/gf_accepted_big_logo.png\",\"contentUrl\":\"https:\\\/\\\/gardenersfriend.eu\\\/wp-content\\\/uploads\\\/2025\\\/09\\\/gf_accepted_big_logo.png\",\"width\":2000,\"height\":1000,\"caption\":\"Gardeners Friend\"},\"image\":{\"@id\":\"https:\\\/\\\/gardenersfriend.eu\\\/de\\\/#\\\/schema\\\/logo\\\/image\\\/\"},\"sameAs\":[\"https:\\\/\\\/www.facebook.com\\\/people\\\/Gardeners-Friend-Store\\\/61566268054378\\\/\",\"https:\\\/\\\/www.instagram.com\\\/gardeners_friend_store\\\/\"]}]}<\/script>\n<!-- \/ Yoast SEO plugin. -->","yoast_head_json":{"title":"Inex-A Adjuvans - Gardeners Friend","description":"INEX-A Adjuvant hat eine benetzende und durchdringende Wirkung, verbessert die Verteilung von Substanzen auf der Oberfl\u00e4che von Pflanzen und in deren Gewebe","robots":{"index":"index","follow":"follow","max-snippet":"max-snippet:-1","max-image-preview":"max-image-preview:large","max-video-preview":"max-video-preview:-1"},"canonical":"https:\/\/gardenersfriend.eu\/de\/produkt\/inex-a-adjuvans\/","og_locale":"de_DE","og_type":"article","og_title":"Inex-A Adjuvans - Gardeners Friend","og_description":"INEX-A Adjuvant hat eine benetzende und durchdringende Wirkung, verbessert die Verteilung von Substanzen auf der Oberfl\u00e4che von Pflanzen und in deren Gewebe","og_url":"https:\/\/gardenersfriend.eu\/de\/produkt\/inex-a-adjuvans\/","og_site_name":"Gardeners Friend","article_publisher":"https:\/\/www.facebook.com\/people\/Gardeners-Friend-Store\/61566268054378\/","article_modified_time":"2026-02-19T15:27:49+00:00","og_image":[{"width":2048,"height":2048,"url":"https:\/\/gardenersfriend.eu\/wp-content\/uploads\/2025\/06\/Inex-A-330mlWebp-2.webp","type":"image\/webp"}],"twitter_card":"summary_large_image","twitter_misc":{"Gesch\u00e4tzte Lesezeit":"2\u00a0Minuten"},"schema":{"@context":"https:\/\/schema.org","@graph":[{"@type":"WebPage","@id":"https:\/\/gardenersfriend.eu\/de\/produkt\/inex-a-adjuvans\/","url":"https:\/\/gardenersfriend.eu\/de\/produkt\/inex-a-adjuvans\/","name":"Inex-A Adjuvans - Gardeners Friend","isPartOf":{"@id":"https:\/\/gardenersfriend.eu\/de\/#website"},"primaryImageOfPage":{"@id":"https:\/\/gardenersfriend.eu\/de\/produkt\/inex-a-adjuvans\/#primaryimage"},"image":{"@id":"https:\/\/gardenersfriend.eu\/de\/produkt\/inex-a-adjuvans\/#primaryimage"},"thumbnailUrl":"https:\/\/gardenersfriend.eu\/wp-content\/uploads\/2025\/06\/Inex-A-330mlWebp-2.webp","datePublished":"2025-06-04T21:11:52+00:00","dateModified":"2026-02-19T15:27:49+00:00","description":"INEX-A Adjuvant hat eine benetzende und durchdringende Wirkung, verbessert die Verteilung von Substanzen auf der Oberfl\u00e4che von Pflanzen und in deren Gewebe","breadcrumb":{"@id":"https:\/\/gardenersfriend.eu\/de\/produkt\/inex-a-adjuvans\/#breadcrumb"},"inLanguage":"de","potentialAction":[{"@type":"ReadAction","target":["https:\/\/gardenersfriend.eu\/de\/produkt\/inex-a-adjuvans\/"]}]},{"@type":"ImageObject","inLanguage":"de","@id":"https:\/\/gardenersfriend.eu\/de\/produkt\/inex-a-adjuvans\/#primaryimage","url":"https:\/\/gardenersfriend.eu\/wp-content\/uploads\/2025\/06\/Inex-A-330mlWebp-2.webp","contentUrl":"https:\/\/gardenersfriend.eu\/wp-content\/uploads\/2025\/06\/Inex-A-330mlWebp-2.webp","width":2048,"height":2048,"caption":"Inex-A 330ml"},{"@type":"BreadcrumbList","@id":"https:\/\/gardenersfriend.eu\/de\/produkt\/inex-a-adjuvans\/#breadcrumb","itemListElement":[{"@type":"ListItem","position":1,"name":"Strona g\u0142\u00f3wna","item":"https:\/\/gardenersfriend.eu\/de\/"},{"@type":"ListItem","position":2,"name":"Shop","item":"https:\/\/gardenersfriend.eu\/de\/shop\/"},{"@type":"ListItem","position":3,"name":"Inex-A Adjuvans"}]},{"@type":"WebSite","@id":"https:\/\/gardenersfriend.eu\/de\/#website","url":"https:\/\/gardenersfriend.eu\/de\/","name":"Gardeners Friend","description":"herbicides, fertilisers, roundup","publisher":{"@id":"https:\/\/gardenersfriend.eu\/de\/#organization"},"potentialAction":[{"@type":"SearchAction","target":{"@type":"EntryPoint","urlTemplate":"https:\/\/gardenersfriend.eu\/de\/?s={search_term_string}"},"query-input":{"@type":"PropertyValueSpecification","valueRequired":true,"valueName":"search_term_string"}}],"inLanguage":"de"},{"@type":"Organization","@id":"https:\/\/gardenersfriend.eu\/de\/#organization","name":"Gardeners Friend","url":"https:\/\/gardenersfriend.eu\/de\/","logo":{"@type":"ImageObject","inLanguage":"de","@id":"https:\/\/gardenersfriend.eu\/de\/#\/schema\/logo\/image\/","url":"https:\/\/gardenersfriend.eu\/wp-content\/uploads\/2025\/09\/gf_accepted_big_logo.png","contentUrl":"https:\/\/gardenersfriend.eu\/wp-content\/uploads\/2025\/09\/gf_accepted_big_logo.png","width":2000,"height":1000,"caption":"Gardeners Friend"},"image":{"@id":"https:\/\/gardenersfriend.eu\/de\/#\/schema\/logo\/image\/"},"sameAs":["https:\/\/www.facebook.com\/people\/Gardeners-Friend-Store\/61566268054378\/","https:\/\/www.instagram.com\/gardeners_friend_store\/"]}]}},"uagb_featured_image_src":{"full":["https:\/\/gardenersfriend.eu\/wp-content\/uploads\/2025\/06\/Inex-A-330mlWebp-2.webp",2048,2048,false],"thumbnail":["https:\/\/gardenersfriend.eu\/wp-content\/uploads\/2025\/06\/Inex-A-330mlWebp-2-150x150.webp",150,150,true],"medium":["https:\/\/gardenersfriend.eu\/wp-content\/uploads\/2025\/06\/Inex-A-330mlWebp-2-300x300.webp",300,300,true],"medium_large":["https:\/\/gardenersfriend.eu\/wp-content\/uploads\/2025\/06\/Inex-A-330mlWebp-2-768x768.webp",768,768,true],"large":["https:\/\/gardenersfriend.eu\/wp-content\/uploads\/2025\/06\/Inex-A-330mlWebp-2-1024x1024.webp",1024,1024,true],"1536x1536":["https:\/\/gardenersfriend.eu\/wp-content\/uploads\/2025\/06\/Inex-A-330mlWebp-2-1536x1536.webp",1536,1536,true],"2048x2048":["https:\/\/gardenersfriend.eu\/wp-content\/uploads\/2025\/06\/Inex-A-330mlWebp-2.webp",2048,2048,false],"woocommerce_thumbnail":["https:\/\/gardenersfriend.eu\/wp-content\/uploads\/2025\/06\/Inex-A-330mlWebp-2-300x300.webp",300,300,true],"woocommerce_single":["https:\/\/gardenersfriend.eu\/wp-content\/uploads\/2025\/06\/Inex-A-330mlWebp-2-600x600.webp",600,600,true],"woocommerce_gallery_thumbnail":["https:\/\/gardenersfriend.eu\/wp-content\/uploads\/2025\/06\/Inex-A-330mlWebp-2-100x100.webp",100,100,true]},"uagb_author_info":{"display_name":"admin","author_link":"https:\/\/gardenersfriend.eu\/de\/author\/"},"uagb_comment_info":0,"uagb_excerpt":"INEX-A Adjuvant - Es hat eine benetzende und durchdringende Wirkung, verbessert die Verteilung von Substanzen auf der Oberfl\u00e4che von Pflanzen und in deren Geweben.","jetpack_sharing_enabled":true,"_links":{"self":[{"href":"https:\/\/gardenersfriend.eu\/de\/wp-json\/wp\/v2\/product\/4501","targetHints":{"allow":["GET"]}}],"collection":[{"href":"https:\/\/gardenersfriend.eu\/de\/wp-json\/wp\/v2\/product"}],"about":[{"href":"https:\/\/gardenersfriend.eu\/de\/wp-json\/wp\/v2\/types\/product"}],"replies":[{"embeddable":true,"href":"https:\/\/gardenersfriend.eu\/de\/wp-json\/wp\/v2\/comments?post=4501"}],"wp:featuredmedia":[{"embeddable":true,"href":"https:\/\/gardenersfriend.eu\/de\/wp-json\/wp\/v2\/media\/5005"}],"wp:attachment":[{"href":"https:\/\/gardenersfriend.eu\/de\/wp-json\/wp\/v2\/media?parent=4501"}],"wp:term":[{"taxonomy":"product_brand","embeddable":true,"href":"https:\/\/gardenersfriend.eu\/de\/wp-json\/wp\/v2\/product_brand?post=4501"},{"taxonomy":"product_cat","embeddable":true,"href":"https:\/\/gardenersfriend.eu\/de\/wp-json\/wp\/v2\/product_cat?post=4501"},{"taxonomy":"product_tag","embeddable":true,"href":"https:\/\/gardenersfriend.eu\/de\/wp-json\/wp\/v2\/product_tag?post=4501"}],"curies":[{"name":"wp","href":"https:\/\/api.w.org\/{rel}","templated":true}]}}