{"id":4539,"date":"2025-06-04T22:18:08","date_gmt":"2025-06-04T20:18:08","guid":{"rendered":"https:\/\/gardenersfriend.eu\/product\/chwastox-turbo-340-sl-herbizid\/"},"modified":"2026-04-23T15:19:24","modified_gmt":"2026-04-23T13:19:24","slug":"chwastox-turbo-340-sl-herbizid","status":"publish","type":"product","link":"https:\/\/gardenersfriend.eu\/de\/produkt\/chwastox-turbo-340-sl-herbizid\/","title":{"rendered":"Chwastox Turbo 340 SL Herbizid"},"content":{"rendered":"<p><strong>Chwastox Turbo 340 SL<\/strong> &#8211; ist ein Herbizid in Form eines Konzentrats zur Herstellung einer w\u00e4ssrigen L\u00f6sung, das blattweise zur Bek\u00e4mpfung von einj\u00e4hrigen zweikeimbl\u00e4ttrigen Unkr\u00e4utern nach Pflanzenaufgang angewendet wird.<\/p>\n<p><strong>Chwastox Turbo 340 SL<\/strong> &#8211; ist ein selektiver Wirkstoff mit systemischer Wirkung, der haupts\u00e4chlich \u00fcber die Bl\u00e4tter von Unkr\u00e4utern aufgenommen wird und dann schnell in die Pflanze eindringt und deren Verformung, Wachstumshemmung und Tod verursacht. Es bek\u00e4mpft Unkr\u00e4uter in den fr\u00fchen Entwicklungsstadien &#8211; S\u00e4mlinge, Rosetten &#8211; am effektivsten. Warmes Wetter und g\u00fcnstige Bedingungen f\u00fcr die Pflanzenentwicklung verst\u00e4rken die herbizide Wirkung des Mittels.  <\/p>\n<h2>Wirkung auf Unkraut:<\/h2>\n<h3>Wintergetreide:<\/h3>\n<ul>\n<li><strong>Empfindliche Unkr\u00e4uter:<\/strong> Kornblume, Vogelmiere, Wei\u00dfer G\u00e4nsefu\u00df, Klatschmohn, Geruchloses Labkraut, Durchwachsener Raps, Gew\u00f6hnliches Hirtent\u00e4schelkraut, Ackerb\u00fcndelkraut.<\/li>\n<li><strong>M\u00e4\u00dfig empfindliche Unkr\u00e4uter:<\/strong> Ackerveilchen<\/li>\n<\/ul>\n<h3>Fr\u00fchjahrsgetreide:<\/h3>\n<ul>\n<li><strong>Empfindliche Unkr\u00e4uter:<\/strong> Vogelmiere, Wei\u00dfer G\u00e4nsefu\u00df, Klatschmohn, Geruchloses Labkraut, Ackerwinde, Ackerkamille, Ackerbohnen,<\/li>\n<li><strong>M\u00e4\u00dfig empfindliche Unkr\u00e4uter: <\/strong>Purpurne Taubnessel, Ackerehrenpreis, Persischer Ehrenpreis, Rauher Amarant.<\/li>\n<li><strong>M\u00e4\u00dfig resistente Unkr\u00e4uter:<\/strong> Ackerveilchen<\/li>\n<\/ul>\n<h2>Anwendung des Mittels:<\/h2>\n<h3>Sommergerste, Hafer<\/h3>\n<ul>\n<li><strong>Maximale\/empfohlene Dosis bei einmaliger Anwendung:<\/strong> 2,0 l\/ha<\/li>\n<li><strong>Um <\/strong>das Spektrum der bek\u00e4mpften Unkr\u00e4uter in der Sommergerste auf den Ackersenf auszuweiten, kann Chwastox 340 SL im oben genannten Zeitraum in einer Mischung mit Chwastox MP 600 SL in den folgenden Dosierungen eingesetzt werden: Chwastox 340 SL 1,5 l\/ha + Chwastox MP 600 SL 0,5 l\/ha<\/li>\n<li><strong>Empfohlene Wassermenge:<\/strong> 200-300 l\/ha.<\/li>\n<li><strong>Empfohlenes Spr\u00fchen: <\/strong>Mitteltropfig<\/li>\n<li><strong>Maximale Anzahl von Behandlungen w\u00e4hrend der Vegetationsperiode:<\/strong> 1<\/li>\n<\/ul>\n<h2>Winterweizen, Wintertriticale, Roggen<\/h2>\n<ul>\n<li><strong>Maximale\/empfohlene Dosis bei einmaliger Anwendung: <\/strong>2,5 l\/ha<\/li>\n<li><strong>Anwendungstermin:<\/strong> im Fr\u00fchjahr vom Beginn bis zum Ende der Bestockungsphase des Getreides (BBCH 21-29). Um das Spektrum der bek\u00e4mpften Unkr\u00e4uter in Winterweizen auf Ackerkamille und Ackersenf auszuweiten, kann Chwastox Turbo 340 SL im oben genannten Zeitraum in einer Mischung mit Chwastox MP 600 SL in folgenden Dosierungen eingesetzt werden: Chwastox Turbo 340 SL 1,5 l\/ha + Chwastox MP 600 SL 0,5 l\/ha.<br \/>\nUm das Spektrum der bek\u00e4mpften Unkr\u00e4uter in Winterweizen auf Purpurkn\u00f6terich, Ackerwinde und Ackersenf auszudehnen, kann Chwastox Turbo 340 SL in einer Mischung mit Ambasador 75 eingesetzt werden.<\/li>\n<\/ul>\n<p class=\"p1\"><strong>Etikett: <\/strong><a title=\"Chwastox Turbo 340 SL\" href=\"https:\/\/gardenersfriend.eu\/wp-content\/uploads\/2026\/02\/Chwastox_Turbo_340_SL_DE.pdf\" target=\"_blank\" rel=\"noopener\">Chwastox 340 SL_DE<\/a><\/p>\n<p class=\"p1\"><strong>Website des Herstellers:<\/strong> <a title=\"Qemetica Seite\" href=\"https:\/\/qemetica-agro.pl\/pl\" target=\"_blank\" rel=\"noopener\">Qemetica<\/a><\/p>\n\n<h5>Rechtliche Informationen<\/h5>\n<p>\nHinweise! Pflanzenschutzmittel vorsichtig verwenden.\nVor Gebrauch Etikett und Produktinformationen lesen.\nAnwendung durch Laien zul\u00e4ssig.\nAusnahme: Der K\u00e4ufer aus Belgien erkl\u00e4rt, dass er zum Zeitpunkt des Kaufs voll gesch\u00e4ftsf\u00e4hig ist und \u00fcber die erforderlichen Qualifikationen f\u00fcr den Kauf von Pflanzenschutzmitteln verf\u00fcgt.\n\nGem\u00e4\u00df Art. Gem\u00e4\u00df Artikel 28 des Gesetzes vom 8. M\u00e4rz 2013 \u00fcber Pflanzenschutzmittel (Gesetzblatt 2020, Pos. 2097) d\u00fcrfen Pflanzenschutzmittel f\u00fcr professionelle Anwender ab dem 26. November 2015 an Personen verkauft werden, die:\n\nPunkt 1 \u2013 eine Schulung zur Anwendung von Pflanzenschutzmitteln in der Republik Polen absolviert haben und diese durch eine Teilnahmebescheinigung best\u00e4tigt haben; oder\n\nPunkt 2 \u2013 eine Schulung zur Beratung \u00fcber Pflanzenschutzmittel in der Republik Polen absolviert haben und diese durch eine Teilnahmebescheinigung best\u00e4tigt haben; oder\n\nPunkt 3 \u2013 eine Schulung in integriertem Pflanzenbau absolviert haben und diese durch eine Teilnahmebescheinigung best\u00e4tigt haben; oder\n\nPunkt 4 \u2013 innerhalb der letzten f\u00fcnf Jahre vor dem Kauf dieser Mittel die f\u00fcr professionelle Anwender in einem anderen Mitgliedstaat der Europ\u00e4ischen Union oder einem Vertragsstaat des Abkommens \u00fcber den Europ\u00e4ischen Wirtschaftsraum vorgeschriebene Schulung gem\u00e4\u00df den dort geltenden Bestimmungen absolviert haben und diese durch eine Teilnahmebescheinigung best\u00e4tigt haben; oder ein anderes, nach den dort geltenden Vorschriften ausgestelltes Dokument vorgelegt haben. Land, das best\u00e4tigt, die Genehmigung zum Kauf von Pflanzenschutzmitteln f\u00fcr professionelle Anwender erhalten zu haben.\n\nWichtig!\nPflanzenschutzmittel d\u00fcrfen nur von Personen \u00fcber 18 Jahren verwendet werden.\nPflanzenschutzmittel sind sicher anzuwenden. Lesen Sie vor jeder Anwendung die Informationen auf dem Etikett und der Produktinformation.\n<\/p>\n","protected":false},"excerpt":{"rendered":"<p>Chwastox Turbo 340 SL ist ein Herbizid in Form eines Konzentrats zur Herstellung einer w\u00e4ssrigen L\u00f6sung, das blattweise zur Bek\u00e4mpfung von einj\u00e4hrigen zweikeimbl\u00e4ttrigen Unkr\u00e4utern nach Pflanzenaufgang angewendet wird.<\/p>\n","protected":false},"featured_media":4442,"comment_status":"open","ping_status":"closed","template":"","meta":{"_uag_custom_page_level_css":"","site-sidebar-layout":"default","site-content-layout":"","ast-site-content-layout":"default","site-content-style":"default","site-sidebar-style":"default","ast-global-header-display":"","ast-banner-title-visibility":"","ast-main-header-display":"","ast-hfb-above-header-display":"","ast-hfb-below-header-display":"","ast-hfb-mobile-header-display":"","site-post-title":"","ast-breadcrumbs-content":"","ast-featured-img":"","footer-sml-layout":"","ast-disable-related-posts":"","theme-transparent-header-meta":"default","adv-header-id-meta":"","stick-header-meta":"","header-above-stick-meta":"","header-main-stick-meta":"","header-below-stick-meta":"","astra-migrate-meta-layouts":"default","ast-page-background-enabled":"default","ast-page-background-meta":{"desktop":{"background-color":"var(--ast-global-color-4)","background-image":"","background-repeat":"repeat","background-position":"center center","background-size":"auto","background-attachment":"scroll","background-type":"","background-media":"","overlay-type":"","overlay-color":"","overlay-opacity":"","overlay-gradient":""},"tablet":{"background-color":"","background-image":"","background-repeat":"repeat","background-position":"center center","background-size":"auto","background-attachment":"scroll","background-type":"","background-media":"","overlay-type":"","overlay-color":"","overlay-opacity":"","overlay-gradient":""},"mobile":{"background-color":"","background-image":"","background-repeat":"repeat","background-position":"center center","background-size":"auto","background-attachment":"scroll","background-type":"","background-media":"","overlay-type":"","overlay-color":"","overlay-opacity":"","overlay-gradient":""}},"ast-content-background-meta":{"desktop":{"background-color":"var(--ast-global-color-5)","background-image":"","background-repeat":"repeat","background-position":"center center","background-size":"auto","background-attachment":"scroll","background-type":"","background-media":"","overlay-type":"","overlay-color":"","overlay-opacity":"","overlay-gradient":""},"tablet":{"background-color":"var(--ast-global-color-5)","background-image":"","background-repeat":"repeat","background-position":"center center","background-size":"auto","background-attachment":"scroll","background-type":"","background-media":"","overlay-type":"","overlay-color":"","overlay-opacity":"","overlay-gradient":""},"mobile":{"background-color":"var(--ast-global-color-5)","background-image":"","background-repeat":"repeat","background-position":"center center","background-size":"auto","background-attachment":"scroll","background-type":"","background-media":"","overlay-type":"","overlay-color":"","overlay-opacity":"","overlay-gradient":""}}},"product_brand":[],"product_cat":[28,31,160],"product_tag":[],"class_list":{"0":"post-4539","1":"product","2":"type-product","3":"status-publish","4":"has-post-thumbnail","6":"product_cat-all-products","7":"product_cat-most-popular","8":"product_cat-herbicide","9":"product_shipping_class-all","10":"desktop-align-left","11":"tablet-align-left","12":"mobile-align-left","14":"first","15":"instock","16":"taxable","17":"shipping-taxable","18":"purchasable","19":"product-type-variable","20":"has-default-attributes"},"yoast_head":"<!-- This site is optimized with the Yoast SEO plugin v27.4 - https:\/\/yoast.com\/product\/yoast-seo-wordpress\/ -->\n<title>Chwastox Turbo 340 SL Herbizid - Gardeners Friend<\/title>\n<meta name=\"description\" content=\"CHWASTOX TURBO 340 ist ein Herbizid in Form eines Konzentrats zur Bek\u00e4mpfung von einj\u00e4hrigen zweikeimbl\u00e4ttrigen Unkr\u00e4utern nach Pflanzenaufgang.\" \/>\n<meta name=\"robots\" content=\"index, follow, max-snippet:-1, max-image-preview:large, max-video-preview:-1\" \/>\n<link rel=\"canonical\" href=\"https:\/\/gardenersfriend.eu\/de\/produkt\/chwastox-turbo-340-sl-herbizid\/\" \/>\n<meta property=\"og:locale\" content=\"de_DE\" \/>\n<meta property=\"og:type\" content=\"article\" \/>\n<meta property=\"og:title\" content=\"Chwastox Turbo 340 SL Herbizid - Gardeners Friend\" \/>\n<meta property=\"og:description\" content=\"CHWASTOX TURBO 340 ist ein Herbizid in Form eines Konzentrats zur Bek\u00e4mpfung von einj\u00e4hrigen zweikeimbl\u00e4ttrigen Unkr\u00e4utern nach Pflanzenaufgang.\" \/>\n<meta property=\"og:url\" content=\"https:\/\/gardenersfriend.eu\/de\/produkt\/chwastox-turbo-340-sl-herbizid\/\" \/>\n<meta property=\"og:site_name\" content=\"Gardeners Friend\" \/>\n<meta property=\"article:publisher\" content=\"https:\/\/www.facebook.com\/people\/Gardeners-Friend-Store\/61566268054378\/\" \/>\n<meta property=\"article:modified_time\" content=\"2026-04-23T13:19:24+00:00\" \/>\n<meta property=\"og:image\" content=\"https:\/\/gardenersfriend.eu\/wp-content\/uploads\/2025\/06\/Chwastox-turbo-340sl-1L-1.png\" \/>\n\t<meta property=\"og:image:width\" content=\"2048\" \/>\n\t<meta property=\"og:image:height\" content=\"2048\" \/>\n\t<meta property=\"og:image:type\" content=\"image\/png\" \/>\n<meta name=\"twitter:card\" content=\"summary_large_image\" \/>\n<meta name=\"twitter:label1\" content=\"Gesch\u00e4tzte Lesezeit\" \/>\n\t<meta name=\"twitter:data1\" content=\"2\u00a0Minuten\" \/>\n<script type=\"application\/ld+json\" class=\"yoast-schema-graph\">{\"@context\":\"https:\\\/\\\/schema.org\",\"@graph\":[{\"@type\":\"WebPage\",\"@id\":\"https:\\\/\\\/gardenersfriend.eu\\\/de\\\/produkt\\\/chwastox-turbo-340-sl-herbizid\\\/\",\"url\":\"https:\\\/\\\/gardenersfriend.eu\\\/de\\\/produkt\\\/chwastox-turbo-340-sl-herbizid\\\/\",\"name\":\"Chwastox Turbo 340 SL Herbizid - Gardeners Friend\",\"isPartOf\":{\"@id\":\"https:\\\/\\\/gardenersfriend.eu\\\/de\\\/#website\"},\"primaryImageOfPage\":{\"@id\":\"https:\\\/\\\/gardenersfriend.eu\\\/de\\\/produkt\\\/chwastox-turbo-340-sl-herbizid\\\/#primaryimage\"},\"image\":{\"@id\":\"https:\\\/\\\/gardenersfriend.eu\\\/de\\\/produkt\\\/chwastox-turbo-340-sl-herbizid\\\/#primaryimage\"},\"thumbnailUrl\":\"https:\\\/\\\/gardenersfriend.eu\\\/wp-content\\\/uploads\\\/2025\\\/06\\\/Chwastox-turbo-340sl-1L-1.png\",\"datePublished\":\"2025-06-04T20:18:08+00:00\",\"dateModified\":\"2026-04-23T13:19:24+00:00\",\"description\":\"CHWASTOX TURBO 340 ist ein Herbizid in Form eines Konzentrats zur Bek\u00e4mpfung von einj\u00e4hrigen zweikeimbl\u00e4ttrigen Unkr\u00e4utern nach Pflanzenaufgang.\",\"breadcrumb\":{\"@id\":\"https:\\\/\\\/gardenersfriend.eu\\\/de\\\/produkt\\\/chwastox-turbo-340-sl-herbizid\\\/#breadcrumb\"},\"inLanguage\":\"de\",\"potentialAction\":[{\"@type\":\"ReadAction\",\"target\":[\"https:\\\/\\\/gardenersfriend.eu\\\/de\\\/produkt\\\/chwastox-turbo-340-sl-herbizid\\\/\"]}]},{\"@type\":\"ImageObject\",\"inLanguage\":\"de\",\"@id\":\"https:\\\/\\\/gardenersfriend.eu\\\/de\\\/produkt\\\/chwastox-turbo-340-sl-herbizid\\\/#primaryimage\",\"url\":\"https:\\\/\\\/gardenersfriend.eu\\\/wp-content\\\/uploads\\\/2025\\\/06\\\/Chwastox-turbo-340sl-1L-1.png\",\"contentUrl\":\"https:\\\/\\\/gardenersfriend.eu\\\/wp-content\\\/uploads\\\/2025\\\/06\\\/Chwastox-turbo-340sl-1L-1.png\",\"width\":2048,\"height\":2048,\"caption\":\"Chwastox turbo 340 sl 1L\"},{\"@type\":\"BreadcrumbList\",\"@id\":\"https:\\\/\\\/gardenersfriend.eu\\\/de\\\/produkt\\\/chwastox-turbo-340-sl-herbizid\\\/#breadcrumb\",\"itemListElement\":[{\"@type\":\"ListItem\",\"position\":1,\"name\":\"Strona g\u0142\u00f3wna\",\"item\":\"https:\\\/\\\/gardenersfriend.eu\\\/de\\\/\"},{\"@type\":\"ListItem\",\"position\":2,\"name\":\"Shop\",\"item\":\"https:\\\/\\\/gardenersfriend.eu\\\/de\\\/shop\\\/\"},{\"@type\":\"ListItem\",\"position\":3,\"name\":\"Chwastox Turbo 340 SL Herbizid\"}]},{\"@type\":\"WebSite\",\"@id\":\"https:\\\/\\\/gardenersfriend.eu\\\/de\\\/#website\",\"url\":\"https:\\\/\\\/gardenersfriend.eu\\\/de\\\/\",\"name\":\"Gardeners Friend\",\"description\":\"herbicides, fertilisers, roundup\",\"publisher\":{\"@id\":\"https:\\\/\\\/gardenersfriend.eu\\\/de\\\/#organization\"},\"potentialAction\":[{\"@type\":\"SearchAction\",\"target\":{\"@type\":\"EntryPoint\",\"urlTemplate\":\"https:\\\/\\\/gardenersfriend.eu\\\/de\\\/?s={search_term_string}\"},\"query-input\":{\"@type\":\"PropertyValueSpecification\",\"valueRequired\":true,\"valueName\":\"search_term_string\"}}],\"inLanguage\":\"de\"},{\"@type\":\"Organization\",\"@id\":\"https:\\\/\\\/gardenersfriend.eu\\\/de\\\/#organization\",\"name\":\"Gardeners Friend\",\"url\":\"https:\\\/\\\/gardenersfriend.eu\\\/de\\\/\",\"logo\":{\"@type\":\"ImageObject\",\"inLanguage\":\"de\",\"@id\":\"https:\\\/\\\/gardenersfriend.eu\\\/de\\\/#\\\/schema\\\/logo\\\/image\\\/\",\"url\":\"https:\\\/\\\/gardenersfriend.eu\\\/wp-content\\\/uploads\\\/2025\\\/09\\\/gf_accepted_big_logo.png\",\"contentUrl\":\"https:\\\/\\\/gardenersfriend.eu\\\/wp-content\\\/uploads\\\/2025\\\/09\\\/gf_accepted_big_logo.png\",\"width\":2000,\"height\":1000,\"caption\":\"Gardeners Friend\"},\"image\":{\"@id\":\"https:\\\/\\\/gardenersfriend.eu\\\/de\\\/#\\\/schema\\\/logo\\\/image\\\/\"},\"sameAs\":[\"https:\\\/\\\/www.facebook.com\\\/people\\\/Gardeners-Friend-Store\\\/61566268054378\\\/\",\"https:\\\/\\\/www.instagram.com\\\/gardeners_friend_store\\\/\"]}]}<\/script>\n<!-- \/ Yoast SEO plugin. -->","yoast_head_json":{"title":"Chwastox Turbo 340 SL Herbizid - Gardeners Friend","description":"CHWASTOX TURBO 340 ist ein Herbizid in Form eines Konzentrats zur Bek\u00e4mpfung von einj\u00e4hrigen zweikeimbl\u00e4ttrigen Unkr\u00e4utern nach Pflanzenaufgang.","robots":{"index":"index","follow":"follow","max-snippet":"max-snippet:-1","max-image-preview":"max-image-preview:large","max-video-preview":"max-video-preview:-1"},"canonical":"https:\/\/gardenersfriend.eu\/de\/produkt\/chwastox-turbo-340-sl-herbizid\/","og_locale":"de_DE","og_type":"article","og_title":"Chwastox Turbo 340 SL Herbizid - Gardeners Friend","og_description":"CHWASTOX TURBO 340 ist ein Herbizid in Form eines Konzentrats zur Bek\u00e4mpfung von einj\u00e4hrigen zweikeimbl\u00e4ttrigen Unkr\u00e4utern nach Pflanzenaufgang.","og_url":"https:\/\/gardenersfriend.eu\/de\/produkt\/chwastox-turbo-340-sl-herbizid\/","og_site_name":"Gardeners Friend","article_publisher":"https:\/\/www.facebook.com\/people\/Gardeners-Friend-Store\/61566268054378\/","article_modified_time":"2026-04-23T13:19:24+00:00","og_image":[{"width":2048,"height":2048,"url":"https:\/\/gardenersfriend.eu\/wp-content\/uploads\/2025\/06\/Chwastox-turbo-340sl-1L-1.png","type":"image\/png"}],"twitter_card":"summary_large_image","twitter_misc":{"Gesch\u00e4tzte Lesezeit":"2\u00a0Minuten"},"schema":{"@context":"https:\/\/schema.org","@graph":[{"@type":"WebPage","@id":"https:\/\/gardenersfriend.eu\/de\/produkt\/chwastox-turbo-340-sl-herbizid\/","url":"https:\/\/gardenersfriend.eu\/de\/produkt\/chwastox-turbo-340-sl-herbizid\/","name":"Chwastox Turbo 340 SL Herbizid - Gardeners Friend","isPartOf":{"@id":"https:\/\/gardenersfriend.eu\/de\/#website"},"primaryImageOfPage":{"@id":"https:\/\/gardenersfriend.eu\/de\/produkt\/chwastox-turbo-340-sl-herbizid\/#primaryimage"},"image":{"@id":"https:\/\/gardenersfriend.eu\/de\/produkt\/chwastox-turbo-340-sl-herbizid\/#primaryimage"},"thumbnailUrl":"https:\/\/gardenersfriend.eu\/wp-content\/uploads\/2025\/06\/Chwastox-turbo-340sl-1L-1.png","datePublished":"2025-06-04T20:18:08+00:00","dateModified":"2026-04-23T13:19:24+00:00","description":"CHWASTOX TURBO 340 ist ein Herbizid in Form eines Konzentrats zur Bek\u00e4mpfung von einj\u00e4hrigen zweikeimbl\u00e4ttrigen Unkr\u00e4utern nach Pflanzenaufgang.","breadcrumb":{"@id":"https:\/\/gardenersfriend.eu\/de\/produkt\/chwastox-turbo-340-sl-herbizid\/#breadcrumb"},"inLanguage":"de","potentialAction":[{"@type":"ReadAction","target":["https:\/\/gardenersfriend.eu\/de\/produkt\/chwastox-turbo-340-sl-herbizid\/"]}]},{"@type":"ImageObject","inLanguage":"de","@id":"https:\/\/gardenersfriend.eu\/de\/produkt\/chwastox-turbo-340-sl-herbizid\/#primaryimage","url":"https:\/\/gardenersfriend.eu\/wp-content\/uploads\/2025\/06\/Chwastox-turbo-340sl-1L-1.png","contentUrl":"https:\/\/gardenersfriend.eu\/wp-content\/uploads\/2025\/06\/Chwastox-turbo-340sl-1L-1.png","width":2048,"height":2048,"caption":"Chwastox turbo 340 sl 1L"},{"@type":"BreadcrumbList","@id":"https:\/\/gardenersfriend.eu\/de\/produkt\/chwastox-turbo-340-sl-herbizid\/#breadcrumb","itemListElement":[{"@type":"ListItem","position":1,"name":"Strona g\u0142\u00f3wna","item":"https:\/\/gardenersfriend.eu\/de\/"},{"@type":"ListItem","position":2,"name":"Shop","item":"https:\/\/gardenersfriend.eu\/de\/shop\/"},{"@type":"ListItem","position":3,"name":"Chwastox Turbo 340 SL Herbizid"}]},{"@type":"WebSite","@id":"https:\/\/gardenersfriend.eu\/de\/#website","url":"https:\/\/gardenersfriend.eu\/de\/","name":"Gardeners Friend","description":"herbicides, fertilisers, roundup","publisher":{"@id":"https:\/\/gardenersfriend.eu\/de\/#organization"},"potentialAction":[{"@type":"SearchAction","target":{"@type":"EntryPoint","urlTemplate":"https:\/\/gardenersfriend.eu\/de\/?s={search_term_string}"},"query-input":{"@type":"PropertyValueSpecification","valueRequired":true,"valueName":"search_term_string"}}],"inLanguage":"de"},{"@type":"Organization","@id":"https:\/\/gardenersfriend.eu\/de\/#organization","name":"Gardeners Friend","url":"https:\/\/gardenersfriend.eu\/de\/","logo":{"@type":"ImageObject","inLanguage":"de","@id":"https:\/\/gardenersfriend.eu\/de\/#\/schema\/logo\/image\/","url":"https:\/\/gardenersfriend.eu\/wp-content\/uploads\/2025\/09\/gf_accepted_big_logo.png","contentUrl":"https:\/\/gardenersfriend.eu\/wp-content\/uploads\/2025\/09\/gf_accepted_big_logo.png","width":2000,"height":1000,"caption":"Gardeners Friend"},"image":{"@id":"https:\/\/gardenersfriend.eu\/de\/#\/schema\/logo\/image\/"},"sameAs":["https:\/\/www.facebook.com\/people\/Gardeners-Friend-Store\/61566268054378\/","https:\/\/www.instagram.com\/gardeners_friend_store\/"]}]}},"uagb_featured_image_src":{"full":["https:\/\/gardenersfriend.eu\/wp-content\/uploads\/2025\/06\/Chwastox-turbo-340sl-1L-1.png",2048,2048,false],"thumbnail":["https:\/\/gardenersfriend.eu\/wp-content\/uploads\/2025\/06\/Chwastox-turbo-340sl-1L-1-150x150.png",150,150,true],"medium":["https:\/\/gardenersfriend.eu\/wp-content\/uploads\/2025\/06\/Chwastox-turbo-340sl-1L-1-300x300.png",300,300,true],"medium_large":["https:\/\/gardenersfriend.eu\/wp-content\/uploads\/2025\/06\/Chwastox-turbo-340sl-1L-1-768x768.png",768,768,true],"large":["https:\/\/gardenersfriend.eu\/wp-content\/uploads\/2025\/06\/Chwastox-turbo-340sl-1L-1-1024x1024.png",1024,1024,true],"1536x1536":["https:\/\/gardenersfriend.eu\/wp-content\/uploads\/2025\/06\/Chwastox-turbo-340sl-1L-1-1536x1536.png",1536,1536,true],"2048x2048":["https:\/\/gardenersfriend.eu\/wp-content\/uploads\/2025\/06\/Chwastox-turbo-340sl-1L-1.png",2048,2048,false],"woocommerce_thumbnail":["https:\/\/gardenersfriend.eu\/wp-content\/uploads\/2025\/06\/Chwastox-turbo-340sl-1L-1-300x300.png",300,300,true],"woocommerce_single":["https:\/\/gardenersfriend.eu\/wp-content\/uploads\/2025\/06\/Chwastox-turbo-340sl-1L-1-600x600.png",600,600,true],"woocommerce_gallery_thumbnail":["https:\/\/gardenersfriend.eu\/wp-content\/uploads\/2025\/06\/Chwastox-turbo-340sl-1L-1-100x100.png",100,100,true]},"uagb_author_info":{"display_name":"admin","author_link":"https:\/\/gardenersfriend.eu\/de\/author\/"},"uagb_comment_info":0,"uagb_excerpt":"Chwastox Turbo 340 SL ist ein Herbizid in Form eines Konzentrats zur Herstellung einer w\u00e4ssrigen L\u00f6sung, das blattweise zur Bek\u00e4mpfung von einj\u00e4hrigen zweikeimbl\u00e4ttrigen Unkr\u00e4utern nach Pflanzenaufgang angewendet wird.","jetpack_sharing_enabled":true,"_links":{"self":[{"href":"https:\/\/gardenersfriend.eu\/de\/wp-json\/wp\/v2\/product\/4539","targetHints":{"allow":["GET"]}}],"collection":[{"href":"https:\/\/gardenersfriend.eu\/de\/wp-json\/wp\/v2\/product"}],"about":[{"href":"https:\/\/gardenersfriend.eu\/de\/wp-json\/wp\/v2\/types\/product"}],"replies":[{"embeddable":true,"href":"https:\/\/gardenersfriend.eu\/de\/wp-json\/wp\/v2\/comments?post=4539"}],"wp:featuredmedia":[{"embeddable":true,"href":"https:\/\/gardenersfriend.eu\/de\/wp-json\/wp\/v2\/media\/4442"}],"wp:attachment":[{"href":"https:\/\/gardenersfriend.eu\/de\/wp-json\/wp\/v2\/media?parent=4539"}],"wp:term":[{"taxonomy":"product_brand","embeddable":true,"href":"https:\/\/gardenersfriend.eu\/de\/wp-json\/wp\/v2\/product_brand?post=4539"},{"taxonomy":"product_cat","embeddable":true,"href":"https:\/\/gardenersfriend.eu\/de\/wp-json\/wp\/v2\/product_cat?post=4539"},{"taxonomy":"product_tag","embeddable":true,"href":"https:\/\/gardenersfriend.eu\/de\/wp-json\/wp\/v2\/product_tag?post=4539"}],"curies":[{"name":"wp","href":"https:\/\/api.w.org\/{rel}","templated":true}]}}