{"id":4547,"date":"2025-06-04T22:34:12","date_gmt":"2025-06-04T20:34:12","guid":{"rendered":"https:\/\/gardenersfriend.eu\/product\/chwastox-390-trio-sl-herbizid\/"},"modified":"2026-03-19T20:58:47","modified_gmt":"2026-03-19T19:58:47","slug":"chwastox-390-trio-sl-herbizid","status":"publish","type":"product","link":"https:\/\/gardenersfriend.eu\/de\/produkt\/chwastox-390-trio-sl-herbizid\/","title":{"rendered":"Chwastox 390 Trio SL Herbizid"},"content":{"rendered":"<p><strong>Chwastox Trio 390 SL<\/strong> ist ein Drei-Komponenten-Herbizid aus der Chwastox-Familie, das breitbl\u00e4ttrige Unkr\u00e4uter im Anbau von Winter- und Sommergetreide bek\u00e4mpft. Das Produkt kann auch auf Gr\u00fcnlandfl\u00e4chen eingesetzt werden. Bei optimalen Wetterbedingungen ist die Wirkung des Mittels bereits kurz nach der Anwendung sichtbar.  <\/p>\n<h2>Was sind die Vorteile der Verwendung des Produkts?<\/h2>\n<ul>\n<li>Beseitigung einer breiten Palette von Unkr\u00e4utern in Fr\u00fchjahrs- und Wintergetreide<\/li>\n<li>eine Kombination von Wirkstoffen aus der Gruppe der so genannten Wachstumsregulatoren, die das Risiko einer Unkrautresistenz verringern<\/li>\n<li>eine schnelle visuelle Herbizidwirkung, die eine hohe Wirksamkeit best\u00e4tigt<\/li>\n<\/ul>\n<h2>Chwastox Trio 390 SL &#8211; wie ist das Produkt zusammengesetzt?<\/h2>\n<p>Das Pflanzenschutzmittel enth\u00e4lt drei aktive Substanzen:<\/p>\n<ul>\n<li>MCPA<\/li>\n<li>mecoprop-P<\/li>\n<li>Dicamba<\/li>\n<\/ul>\n<p>Sie wurden vom HRAC in Gruppe 4 (ehemals Gruppe O) eingestuft, haben also denselben Wirkmechanismus.<\/p>\n<p>Das Produkt wird von den Bl\u00e4ttern der Unkr\u00e4uter absorbiert und wirkt systemisch. Der erste sichtbare Effekt des Produkts ist die Verformung der Unkr\u00e4uter, was zu einer Wachstumshemmung und ihrem Absterben f\u00fchrt. <\/p>\n<p>Das Produkt liegt in Form einer Fl\u00fcssigkeit zur Herstellung einer w\u00e4ssrigen L\u00f6sung vor &#8211; SL-Form.<\/p>\n<h2>Welche Unkr\u00e4uter bek\u00e4mpft das Herbizid?<\/h2>\n<p>Das Spektrum der Unkrautarten, die durch das Pflanzenschutzmittel bek\u00e4mpft werden, variiert je nach Produktdosis und Anzahl der Anwendungen. W\u00e4hrend des Zulassungsverfahrens wurde eine hohe Wirksamkeit von Chwastox Nowy Trio 390 SL in Bezug auf die wichtigsten Unkr\u00e4uter, die in einer bestimmten Kultur vorkommen, erzielt. <\/p>\n<p><strong>Winterweizen, Wintertriticale, Roggen, Wintergerste &#8211; Dosis 2,0 l\/ha<\/strong><\/p>\n<ul>\n<li><strong>Empfindliche Unkr\u00e4uter: <\/strong>Kornblume, Ackersenf, Ackersenf, Vogelmiere, Gew\u00f6hnliche Sternmiere, Wei\u00dfer G\u00e4nsefu\u00df, Ackermohn, Geruchloses Labkraut, Ackervergissmeinnicht, Rauhes Gei\u00dfblatt, Cleaver, Winde, Ackerkamille, Gew\u00f6hnliche Kamille, Durchwachsener Raps, Gew\u00f6hnliches Hirtent\u00e4schelkraut, Ackerb\u00fcndelkraut<\/li>\n<li><strong>m\u00e4\u00dfig empfindliche Unkr\u00e4uter: <\/strong>Kleiner Storchschnabel, Acker-Veilchen, Efeu-Ehrenpreis<\/li>\n<\/ul>\n<p><strong>Sommergerste, Sommerweizen, Hafer, Fr\u00fchlingstriticale &#8211; Dosis 1,5 l\/ha<\/strong><\/p>\n<ul>\n<li><strong>Empfindliche Unkr\u00e4uter: <\/strong>Ackerfuchsschwanz, Ackersenf, Vogelmiere, Purpurner Taubnessel, Wei\u00dfer G\u00e4nsefu\u00df, Ackermohn, Geruchlose Maik\u00e4fer, Raue Hyazinthe, Spaltpflanze, Kn\u00f6terich, Ackerkamille, Rauher Amaranth, Gew\u00f6hnlicher Hirtent\u00e4schel, Ackerb\u00fcndel, Kleinbl\u00fctige Galle<\/li>\n<li><strong>Mittelempfindliche Unkr\u00e4uter:<\/strong> Kleine Geranie, Kornblume, Acker-Veilchen, Acker-Vergissmeinnicht, Durchwachsener Raps<\/li>\n<\/ul>\n<p><strong>Erholungsgr\u00fcnland (Rasenfl\u00e4chen, Sportpl\u00e4tze, Golfpl\u00e4tze) &#8211; Dosis 2,0 l\/ha<\/strong><\/p>\n<ul>\n<li><strong>Empfindliche Unkr\u00e4uter:<\/strong> Kriechender Hahnenfu\u00df, Gemeiner L\u00f6wenzahn, Gr\u00fcne Dolde, Gew\u00f6hnliches Hornkraut, Gew\u00f6hnlicher Sauerampfer<\/li>\n<li><strong>m\u00e4\u00dfig empfindliche Unkr\u00e4uter: <\/strong>Spitzwegerich, Breitwegerich, Gemeine Schafgarbe<\/li>\n<li><strong>resistente Unkr\u00e4uter: <\/strong>Kleiner Storchschnabel, Wei\u00dfklee, Keimehrenwurz, Ackerehrenpreis<\/li>\n<\/ul>\n<p><strong>Freizeit-Rasenfl\u00e4chen (Rasenfl\u00e4chen, Sportpl\u00e4tze, Golfpl\u00e4tze) &#8211; Dosis 2,0 l\/ha zweimal angewendet<\/strong><\/p>\n<ul>\n<li><strong>Empfindliche Unkr\u00e4uter: <\/strong>Spitzwegerich, Gemeiner Wegerich, Kleiner Storchschnabel, Kriechender Hahnenfu\u00df, Wei\u00dfklee, Gemeine Schafgarbe, Gew\u00f6hnlicher L\u00f6wenzahn, Gr\u00fcner Nabel, Ackerehrenpreis, Gew\u00f6hnliches Hornkraut, Gew\u00f6hnlicher Sauerampfer<\/li>\n<li><strong>Resistente Unkr\u00e4uter:<\/strong> Keimling Ehrenpreis<\/li>\n<\/ul>\n<h2>Dosierung<\/h2>\n<h3>Winterweizen, Wintertriticale, Roggen, Wintergerste<\/h3>\n<p>Empfohlene Dosis f\u00fcr eine einmalige Anwendung: 2,0 l\/ha<br \/>\nMaximale Anzahl von Behandlungen w\u00e4hrend der Vegetationsperiode: 1<\/p>\n<p>Datum der Anmeldung:<\/p>\n<p>das Mittel im Fr\u00fchjahr nach Beginn der Vegetation vom Beginn der Getreidebestockung bis zu deren Ende ausbringen (BBCH 21-29)<\/p>\n<h3>Sommergerste, Sommerweizen, Hafer, Fr\u00fchlingstriticale<\/h3>\n<p>Empfohlene Dosis f\u00fcr eine einmalige Anwendung: 1,5 l\/ha<\/p>\n<p>Datum der Anmeldung:<\/p>\n<p>das Mittel vom Beginn der Getreidebestockungsphase bis zu deren Ende anwenden (BBCH 21-29)<\/p>\n<h3>Rasenfl\u00e4chen f\u00fcr die Freizeitgestaltung (Rasenfl\u00e4chen, Sportpl\u00e4tze, Golfpl\u00e4tze)<\/h3>\n<p>Empfohlene Dosis f\u00fcr eine einmalige Anwendung: 2,0 l\/ha<br \/>\nIntervall zwischen den Behandlungen: mindestens 56 Tage<br \/>\nMaximale Anzahl von Behandlungen w\u00e4hrend der Vegetationsperiode: 2<\/p>\n<p>Datum verwenden:<\/p>\n<p>Wenden Sie das Produkt vom Fr\u00fchjahr bis zum fr\u00fchen Herbst an, f\u00fcr Unkraut vom Stadium einiger Bl\u00e4tter bis zur Bl\u00fcte (BBCH 14-40) auf der gesamten Fl\u00e4che des Rasens, Sportplatzes, Golfplatzes oder nur auf unkrautbewachsenen Stellen &#8211; bei starker Verunkrautung kann eine zweite Behandlung erforderlich sein<\/p>\n<p class=\"p1\"><strong>Etikett: <\/strong><a title=\"Chwastox Trio 390 SL\" href=\"https:\/\/gardenersfriend.eu\/wp-content\/uploads\/2026\/02\/Chwastox_Trio_390_SL_DE.pdf\" target=\"_blank\" rel=\"noopener\">Chwastox Trio 390 SL_DE<\/a><\/p>\n<p class=\"p1\"><strong>Website des Herstellers:<\/strong> <a title=\"Qemetica Seite\" href=\"https:\/\/qemetica-agro.pl\/pl\" target=\"_blank\" rel=\"noopener\">Qemetica<\/a><\/p>\n<h5 style=\"color: #bcbcbc;\">Legal Information<\/h5>\n<p style=\"color: #bcbcbc;\">\nHints! Use pesticides carefully. \nBefore use read the label and product information.\nUse by non-professional users permitted.\nException: The buyer from Belgium declares that\nat the time of purchase he has full legal capacity\nand has the appropriate qualifications required from\npersons purchasing plant protection products.\n\nPursuant to Art. 28 of the Act of March 8, 2013 on plant protection products (Journal of Laws 2020, item 2097), from November 26, 2015, plant protection products intended for professional users may be sold to people who:\n\nPoint 1 - have completed training in the use of plant protection products in the Republic of Poland confirmed by a certificate of completion of this training, or\n\nPoint 2 - have completed training in advising on plant protection products in the Republic of Poland confirmed by a certificate of completion of this training, or\n\nPoint 3 - have completed training in integrated crop production confirmed by a certificate of completion of this training, or\n\nPoint 4 - not earlier than 5 years, prior to the purchase of these funds, have completed the training required from professional users in another Member State of the European Union or in a country being a party to the Agreement on the European Economic Area, on the basis of the provisions in force in that country, confirmed by a document of completion of this training, or they have presented another document issued under the regulations in force in that country, confirming that they obtained authorization to purchase plant protection products intended for professional users.\n\nImportent!\n\nOnly people over 18 years of age can use plant protection products.\n\nPlant protection products should be used safely.\n\nBefore each use, read the information provided on the label and product information.\n\n\n<\/p>\n","protected":false},"excerpt":{"rendered":"<p>Chwastox Triuo 390 SL ist ein Herbizid in Form eines Konzentrats zur Herstellung einer w\u00e4ssrigen L\u00f6sung, das blattweise zur Bek\u00e4mpfung von einj\u00e4hrigen zweikeimbl\u00e4ttrigen Unkr\u00e4utern nach Pflanzenaufgang angewendet wird.<\/p>\n","protected":false},"featured_media":4467,"comment_status":"open","ping_status":"closed","template":"","meta":{"_uag_custom_page_level_css":"","site-sidebar-layout":"default","site-content-layout":"","ast-site-content-layout":"default","site-content-style":"default","site-sidebar-style":"default","ast-global-header-display":"","ast-banner-title-visibility":"","ast-main-header-display":"","ast-hfb-above-header-display":"","ast-hfb-below-header-display":"","ast-hfb-mobile-header-display":"","site-post-title":"","ast-breadcrumbs-content":"","ast-featured-img":"","footer-sml-layout":"","ast-disable-related-posts":"","theme-transparent-header-meta":"default","adv-header-id-meta":"","stick-header-meta":"","header-above-stick-meta":"","header-main-stick-meta":"","header-below-stick-meta":"","astra-migrate-meta-layouts":"default","ast-page-background-enabled":"default","ast-page-background-meta":{"desktop":{"background-color":"var(--ast-global-color-4)","background-image":"","background-repeat":"repeat","background-position":"center center","background-size":"auto","background-attachment":"scroll","background-type":"","background-media":"","overlay-type":"","overlay-color":"","overlay-opacity":"","overlay-gradient":""},"tablet":{"background-color":"","background-image":"","background-repeat":"repeat","background-position":"center center","background-size":"auto","background-attachment":"scroll","background-type":"","background-media":"","overlay-type":"","overlay-color":"","overlay-opacity":"","overlay-gradient":""},"mobile":{"background-color":"","background-image":"","background-repeat":"repeat","background-position":"center center","background-size":"auto","background-attachment":"scroll","background-type":"","background-media":"","overlay-type":"","overlay-color":"","overlay-opacity":"","overlay-gradient":""}},"ast-content-background-meta":{"desktop":{"background-color":"var(--ast-global-color-5)","background-image":"","background-repeat":"repeat","background-position":"center center","background-size":"auto","background-attachment":"scroll","background-type":"","background-media":"","overlay-type":"","overlay-color":"","overlay-opacity":"","overlay-gradient":""},"tablet":{"background-color":"var(--ast-global-color-5)","background-image":"","background-repeat":"repeat","background-position":"center center","background-size":"auto","background-attachment":"scroll","background-type":"","background-media":"","overlay-type":"","overlay-color":"","overlay-opacity":"","overlay-gradient":""},"mobile":{"background-color":"var(--ast-global-color-5)","background-image":"","background-repeat":"repeat","background-position":"center center","background-size":"auto","background-attachment":"scroll","background-type":"","background-media":"","overlay-type":"","overlay-color":"","overlay-opacity":"","overlay-gradient":""}}},"product_brand":[],"product_cat":[84,85,176],"product_tag":[],"class_list":{"0":"post-4547","1":"product","2":"type-product","3":"status-publish","4":"has-post-thumbnail","6":"product_cat-alle-produkte","7":"product_cat-am-beliebtesten","8":"product_cat-herbizid","9":"product_shipping_class-alle","10":"desktop-align-left","11":"tablet-align-left","12":"mobile-align-left","14":"first","15":"instock","16":"taxable","17":"shipping-taxable","18":"purchasable","19":"product-type-variable","20":"has-default-attributes"},"yoast_head":"<!-- This site is optimized with the Yoast SEO plugin v27.4 - https:\/\/yoast.com\/product\/yoast-seo-wordpress\/ -->\n<title>Chwastox 390 Trio SL Herbizid - Gardeners Friend<\/title>\n<meta name=\"description\" content=\"Chwastox Trio 390 ist ein Herbizid in Form eines Konzentrats, das zur Bek\u00e4mpfung von einj\u00e4hrigen zweikeimbl\u00e4ttrigen Unkr\u00e4utern nach Pflanzenaufgang eingesetzt wird.\" \/>\n<meta name=\"robots\" content=\"index, follow, max-snippet:-1, max-image-preview:large, max-video-preview:-1\" \/>\n<link rel=\"canonical\" href=\"https:\/\/gardenersfriend.eu\/de\/produkt\/chwastox-390-trio-sl-herbizid\/\" \/>\n<meta property=\"og:locale\" content=\"de_DE\" \/>\n<meta property=\"og:type\" content=\"article\" \/>\n<meta property=\"og:title\" content=\"Chwastox 390 Trio SL Herbizid - Gardeners Friend\" \/>\n<meta property=\"og:description\" content=\"Chwastox Trio 390 ist ein Herbizid in Form eines Konzentrats, das zur Bek\u00e4mpfung von einj\u00e4hrigen zweikeimbl\u00e4ttrigen Unkr\u00e4utern nach Pflanzenaufgang eingesetzt wird.\" \/>\n<meta property=\"og:url\" content=\"https:\/\/gardenersfriend.eu\/de\/produkt\/chwastox-390-trio-sl-herbizid\/\" \/>\n<meta property=\"og:site_name\" content=\"Gardeners Friend\" \/>\n<meta property=\"article:publisher\" content=\"https:\/\/www.facebook.com\/people\/Gardeners-Friend-Store\/61566268054378\/\" \/>\n<meta property=\"article:modified_time\" content=\"2026-03-19T19:58:47+00:00\" \/>\n<meta property=\"og:image\" content=\"https:\/\/gardenersfriend.eu\/wp-content\/uploads\/2025\/06\/chwastox390Trio1L-1.png\" \/>\n\t<meta property=\"og:image:width\" content=\"2048\" \/>\n\t<meta property=\"og:image:height\" content=\"2048\" \/>\n\t<meta property=\"og:image:type\" content=\"image\/png\" \/>\n<meta name=\"twitter:card\" content=\"summary_large_image\" \/>\n<meta name=\"twitter:label1\" content=\"Gesch\u00e4tzte Lesezeit\" \/>\n\t<meta name=\"twitter:data1\" content=\"3\u00a0Minuten\" \/>\n<script type=\"application\/ld+json\" class=\"yoast-schema-graph\">{\"@context\":\"https:\\\/\\\/schema.org\",\"@graph\":[{\"@type\":\"WebPage\",\"@id\":\"https:\\\/\\\/gardenersfriend.eu\\\/de\\\/produkt\\\/chwastox-390-trio-sl-herbizid\\\/\",\"url\":\"https:\\\/\\\/gardenersfriend.eu\\\/de\\\/produkt\\\/chwastox-390-trio-sl-herbizid\\\/\",\"name\":\"Chwastox 390 Trio SL Herbizid - Gardeners Friend\",\"isPartOf\":{\"@id\":\"https:\\\/\\\/gardenersfriend.eu\\\/de\\\/#website\"},\"primaryImageOfPage\":{\"@id\":\"https:\\\/\\\/gardenersfriend.eu\\\/de\\\/produkt\\\/chwastox-390-trio-sl-herbizid\\\/#primaryimage\"},\"image\":{\"@id\":\"https:\\\/\\\/gardenersfriend.eu\\\/de\\\/produkt\\\/chwastox-390-trio-sl-herbizid\\\/#primaryimage\"},\"thumbnailUrl\":\"https:\\\/\\\/gardenersfriend.eu\\\/wp-content\\\/uploads\\\/2025\\\/06\\\/chwastox390Trio1L-1.png\",\"datePublished\":\"2025-06-04T20:34:12+00:00\",\"dateModified\":\"2026-03-19T19:58:47+00:00\",\"description\":\"Chwastox Trio 390 ist ein Herbizid in Form eines Konzentrats, das zur Bek\u00e4mpfung von einj\u00e4hrigen zweikeimbl\u00e4ttrigen Unkr\u00e4utern nach Pflanzenaufgang eingesetzt wird.\",\"breadcrumb\":{\"@id\":\"https:\\\/\\\/gardenersfriend.eu\\\/de\\\/produkt\\\/chwastox-390-trio-sl-herbizid\\\/#breadcrumb\"},\"inLanguage\":\"de\",\"potentialAction\":[{\"@type\":\"ReadAction\",\"target\":[\"https:\\\/\\\/gardenersfriend.eu\\\/de\\\/produkt\\\/chwastox-390-trio-sl-herbizid\\\/\"]}]},{\"@type\":\"ImageObject\",\"inLanguage\":\"de\",\"@id\":\"https:\\\/\\\/gardenersfriend.eu\\\/de\\\/produkt\\\/chwastox-390-trio-sl-herbizid\\\/#primaryimage\",\"url\":\"https:\\\/\\\/gardenersfriend.eu\\\/wp-content\\\/uploads\\\/2025\\\/06\\\/chwastox390Trio1L-1.png\",\"contentUrl\":\"https:\\\/\\\/gardenersfriend.eu\\\/wp-content\\\/uploads\\\/2025\\\/06\\\/chwastox390Trio1L-1.png\",\"width\":2048,\"height\":2048,\"caption\":\"Chwastox 390 Trio 1L\"},{\"@type\":\"BreadcrumbList\",\"@id\":\"https:\\\/\\\/gardenersfriend.eu\\\/de\\\/produkt\\\/chwastox-390-trio-sl-herbizid\\\/#breadcrumb\",\"itemListElement\":[{\"@type\":\"ListItem\",\"position\":1,\"name\":\"Strona g\u0142\u00f3wna\",\"item\":\"https:\\\/\\\/gardenersfriend.eu\\\/de\\\/\"},{\"@type\":\"ListItem\",\"position\":2,\"name\":\"Shop\",\"item\":\"https:\\\/\\\/gardenersfriend.eu\\\/de\\\/shop\\\/\"},{\"@type\":\"ListItem\",\"position\":3,\"name\":\"Chwastox 390 Trio SL Herbizid\"}]},{\"@type\":\"WebSite\",\"@id\":\"https:\\\/\\\/gardenersfriend.eu\\\/de\\\/#website\",\"url\":\"https:\\\/\\\/gardenersfriend.eu\\\/de\\\/\",\"name\":\"Gardeners Friend\",\"description\":\"herbicides, fertilisers, roundup\",\"publisher\":{\"@id\":\"https:\\\/\\\/gardenersfriend.eu\\\/de\\\/#organization\"},\"potentialAction\":[{\"@type\":\"SearchAction\",\"target\":{\"@type\":\"EntryPoint\",\"urlTemplate\":\"https:\\\/\\\/gardenersfriend.eu\\\/de\\\/?s={search_term_string}\"},\"query-input\":{\"@type\":\"PropertyValueSpecification\",\"valueRequired\":true,\"valueName\":\"search_term_string\"}}],\"inLanguage\":\"de\"},{\"@type\":\"Organization\",\"@id\":\"https:\\\/\\\/gardenersfriend.eu\\\/de\\\/#organization\",\"name\":\"Gardeners Friend\",\"url\":\"https:\\\/\\\/gardenersfriend.eu\\\/de\\\/\",\"logo\":{\"@type\":\"ImageObject\",\"inLanguage\":\"de\",\"@id\":\"https:\\\/\\\/gardenersfriend.eu\\\/de\\\/#\\\/schema\\\/logo\\\/image\\\/\",\"url\":\"https:\\\/\\\/gardenersfriend.eu\\\/wp-content\\\/uploads\\\/2025\\\/09\\\/gf_accepted_big_logo.png\",\"contentUrl\":\"https:\\\/\\\/gardenersfriend.eu\\\/wp-content\\\/uploads\\\/2025\\\/09\\\/gf_accepted_big_logo.png\",\"width\":2000,\"height\":1000,\"caption\":\"Gardeners Friend\"},\"image\":{\"@id\":\"https:\\\/\\\/gardenersfriend.eu\\\/de\\\/#\\\/schema\\\/logo\\\/image\\\/\"},\"sameAs\":[\"https:\\\/\\\/www.facebook.com\\\/people\\\/Gardeners-Friend-Store\\\/61566268054378\\\/\",\"https:\\\/\\\/www.instagram.com\\\/gardeners_friend_store\\\/\"]}]}<\/script>\n<!-- \/ Yoast SEO plugin. -->","yoast_head_json":{"title":"Chwastox 390 Trio SL Herbizid - Gardeners Friend","description":"Chwastox Trio 390 ist ein Herbizid in Form eines Konzentrats, das zur Bek\u00e4mpfung von einj\u00e4hrigen zweikeimbl\u00e4ttrigen Unkr\u00e4utern nach Pflanzenaufgang eingesetzt wird.","robots":{"index":"index","follow":"follow","max-snippet":"max-snippet:-1","max-image-preview":"max-image-preview:large","max-video-preview":"max-video-preview:-1"},"canonical":"https:\/\/gardenersfriend.eu\/de\/produkt\/chwastox-390-trio-sl-herbizid\/","og_locale":"de_DE","og_type":"article","og_title":"Chwastox 390 Trio SL Herbizid - Gardeners Friend","og_description":"Chwastox Trio 390 ist ein Herbizid in Form eines Konzentrats, das zur Bek\u00e4mpfung von einj\u00e4hrigen zweikeimbl\u00e4ttrigen Unkr\u00e4utern nach Pflanzenaufgang eingesetzt wird.","og_url":"https:\/\/gardenersfriend.eu\/de\/produkt\/chwastox-390-trio-sl-herbizid\/","og_site_name":"Gardeners Friend","article_publisher":"https:\/\/www.facebook.com\/people\/Gardeners-Friend-Store\/61566268054378\/","article_modified_time":"2026-03-19T19:58:47+00:00","og_image":[{"width":2048,"height":2048,"url":"https:\/\/gardenersfriend.eu\/wp-content\/uploads\/2025\/06\/chwastox390Trio1L-1.png","type":"image\/png"}],"twitter_card":"summary_large_image","twitter_misc":{"Gesch\u00e4tzte Lesezeit":"3\u00a0Minuten"},"schema":{"@context":"https:\/\/schema.org","@graph":[{"@type":"WebPage","@id":"https:\/\/gardenersfriend.eu\/de\/produkt\/chwastox-390-trio-sl-herbizid\/","url":"https:\/\/gardenersfriend.eu\/de\/produkt\/chwastox-390-trio-sl-herbizid\/","name":"Chwastox 390 Trio SL Herbizid - Gardeners Friend","isPartOf":{"@id":"https:\/\/gardenersfriend.eu\/de\/#website"},"primaryImageOfPage":{"@id":"https:\/\/gardenersfriend.eu\/de\/produkt\/chwastox-390-trio-sl-herbizid\/#primaryimage"},"image":{"@id":"https:\/\/gardenersfriend.eu\/de\/produkt\/chwastox-390-trio-sl-herbizid\/#primaryimage"},"thumbnailUrl":"https:\/\/gardenersfriend.eu\/wp-content\/uploads\/2025\/06\/chwastox390Trio1L-1.png","datePublished":"2025-06-04T20:34:12+00:00","dateModified":"2026-03-19T19:58:47+00:00","description":"Chwastox Trio 390 ist ein Herbizid in Form eines Konzentrats, das zur Bek\u00e4mpfung von einj\u00e4hrigen zweikeimbl\u00e4ttrigen Unkr\u00e4utern nach Pflanzenaufgang eingesetzt wird.","breadcrumb":{"@id":"https:\/\/gardenersfriend.eu\/de\/produkt\/chwastox-390-trio-sl-herbizid\/#breadcrumb"},"inLanguage":"de","potentialAction":[{"@type":"ReadAction","target":["https:\/\/gardenersfriend.eu\/de\/produkt\/chwastox-390-trio-sl-herbizid\/"]}]},{"@type":"ImageObject","inLanguage":"de","@id":"https:\/\/gardenersfriend.eu\/de\/produkt\/chwastox-390-trio-sl-herbizid\/#primaryimage","url":"https:\/\/gardenersfriend.eu\/wp-content\/uploads\/2025\/06\/chwastox390Trio1L-1.png","contentUrl":"https:\/\/gardenersfriend.eu\/wp-content\/uploads\/2025\/06\/chwastox390Trio1L-1.png","width":2048,"height":2048,"caption":"Chwastox 390 Trio 1L"},{"@type":"BreadcrumbList","@id":"https:\/\/gardenersfriend.eu\/de\/produkt\/chwastox-390-trio-sl-herbizid\/#breadcrumb","itemListElement":[{"@type":"ListItem","position":1,"name":"Strona g\u0142\u00f3wna","item":"https:\/\/gardenersfriend.eu\/de\/"},{"@type":"ListItem","position":2,"name":"Shop","item":"https:\/\/gardenersfriend.eu\/de\/shop\/"},{"@type":"ListItem","position":3,"name":"Chwastox 390 Trio SL Herbizid"}]},{"@type":"WebSite","@id":"https:\/\/gardenersfriend.eu\/de\/#website","url":"https:\/\/gardenersfriend.eu\/de\/","name":"Gardeners Friend","description":"herbicides, fertilisers, roundup","publisher":{"@id":"https:\/\/gardenersfriend.eu\/de\/#organization"},"potentialAction":[{"@type":"SearchAction","target":{"@type":"EntryPoint","urlTemplate":"https:\/\/gardenersfriend.eu\/de\/?s={search_term_string}"},"query-input":{"@type":"PropertyValueSpecification","valueRequired":true,"valueName":"search_term_string"}}],"inLanguage":"de"},{"@type":"Organization","@id":"https:\/\/gardenersfriend.eu\/de\/#organization","name":"Gardeners Friend","url":"https:\/\/gardenersfriend.eu\/de\/","logo":{"@type":"ImageObject","inLanguage":"de","@id":"https:\/\/gardenersfriend.eu\/de\/#\/schema\/logo\/image\/","url":"https:\/\/gardenersfriend.eu\/wp-content\/uploads\/2025\/09\/gf_accepted_big_logo.png","contentUrl":"https:\/\/gardenersfriend.eu\/wp-content\/uploads\/2025\/09\/gf_accepted_big_logo.png","width":2000,"height":1000,"caption":"Gardeners Friend"},"image":{"@id":"https:\/\/gardenersfriend.eu\/de\/#\/schema\/logo\/image\/"},"sameAs":["https:\/\/www.facebook.com\/people\/Gardeners-Friend-Store\/61566268054378\/","https:\/\/www.instagram.com\/gardeners_friend_store\/"]}]}},"uagb_featured_image_src":{"full":["https:\/\/gardenersfriend.eu\/wp-content\/uploads\/2025\/06\/chwastox390Trio1L-1.png",2048,2048,false],"thumbnail":["https:\/\/gardenersfriend.eu\/wp-content\/uploads\/2025\/06\/chwastox390Trio1L-1-150x150.png",150,150,true],"medium":["https:\/\/gardenersfriend.eu\/wp-content\/uploads\/2025\/06\/chwastox390Trio1L-1-300x300.png",300,300,true],"medium_large":["https:\/\/gardenersfriend.eu\/wp-content\/uploads\/2025\/06\/chwastox390Trio1L-1-768x768.png",768,768,true],"large":["https:\/\/gardenersfriend.eu\/wp-content\/uploads\/2025\/06\/chwastox390Trio1L-1-1024x1024.png",1024,1024,true],"1536x1536":["https:\/\/gardenersfriend.eu\/wp-content\/uploads\/2025\/06\/chwastox390Trio1L-1-1536x1536.png",1536,1536,true],"2048x2048":["https:\/\/gardenersfriend.eu\/wp-content\/uploads\/2025\/06\/chwastox390Trio1L-1.png",2048,2048,false],"woocommerce_thumbnail":["https:\/\/gardenersfriend.eu\/wp-content\/uploads\/2025\/06\/chwastox390Trio1L-1-300x300.png",300,300,true],"woocommerce_single":["https:\/\/gardenersfriend.eu\/wp-content\/uploads\/2025\/06\/chwastox390Trio1L-1-600x600.png",600,600,true],"woocommerce_gallery_thumbnail":["https:\/\/gardenersfriend.eu\/wp-content\/uploads\/2025\/06\/chwastox390Trio1L-1-100x100.png",100,100,true]},"uagb_author_info":{"display_name":"admin","author_link":"https:\/\/gardenersfriend.eu\/de\/author\/"},"uagb_comment_info":0,"uagb_excerpt":"Chwastox Triuo 390 SL ist ein Herbizid in Form eines Konzentrats zur Herstellung einer w\u00e4ssrigen L\u00f6sung, das blattweise zur Bek\u00e4mpfung von einj\u00e4hrigen zweikeimbl\u00e4ttrigen Unkr\u00e4utern nach Pflanzenaufgang angewendet wird.","jetpack_sharing_enabled":true,"_links":{"self":[{"href":"https:\/\/gardenersfriend.eu\/de\/wp-json\/wp\/v2\/product\/4547","targetHints":{"allow":["GET"]}}],"collection":[{"href":"https:\/\/gardenersfriend.eu\/de\/wp-json\/wp\/v2\/product"}],"about":[{"href":"https:\/\/gardenersfriend.eu\/de\/wp-json\/wp\/v2\/types\/product"}],"replies":[{"embeddable":true,"href":"https:\/\/gardenersfriend.eu\/de\/wp-json\/wp\/v2\/comments?post=4547"}],"wp:featuredmedia":[{"embeddable":true,"href":"https:\/\/gardenersfriend.eu\/de\/wp-json\/wp\/v2\/media\/4467"}],"wp:attachment":[{"href":"https:\/\/gardenersfriend.eu\/de\/wp-json\/wp\/v2\/media?parent=4547"}],"wp:term":[{"taxonomy":"product_brand","embeddable":true,"href":"https:\/\/gardenersfriend.eu\/de\/wp-json\/wp\/v2\/product_brand?post=4547"},{"taxonomy":"product_cat","embeddable":true,"href":"https:\/\/gardenersfriend.eu\/de\/wp-json\/wp\/v2\/product_cat?post=4547"},{"taxonomy":"product_tag","embeddable":true,"href":"https:\/\/gardenersfriend.eu\/de\/wp-json\/wp\/v2\/product_tag?post=4547"}],"curies":[{"name":"wp","href":"https:\/\/api.w.org\/{rel}","templated":true}]}}