{"id":4573,"date":"2025-06-04T21:55:27","date_gmt":"2025-06-04T19:55:27","guid":{"rendered":"https:\/\/gardenersfriend.eu\/product\/chwastox-extra-300-sl-herbizid\/"},"modified":"2026-03-19T20:58:31","modified_gmt":"2026-03-19T19:58:31","slug":"chwastox-extra-300-sl-herbizid","status":"publish","type":"product","link":"https:\/\/gardenersfriend.eu\/de\/produkt\/chwastox-extra-300-sl-herbizid\/","title":{"rendered":"Chwastox Extra 300 SL Herbizid"},"content":{"rendered":"<h2>Chwastox Extra 300 SL &#8211; Produktbeschreibung<\/h2>\n<p>Chwastox Extra 300 SL ist ein Herbizid zur Bek\u00e4mpfung von Wei\u00dfer Schlempe, Ackerpigmenten, Ackerblasen und anderen Unkr\u00e4utern in Fr\u00fchjahrs- und Wintergetreide, und in einer Mischung mit u.a. dem Herbizid Agrosar 360 sl &#8211; auch in Apfelb\u00e4umen<\/p>\n<p><strong>Ein selektives Herbizid mit systemischer Wirkung zur Blattanwendung in Form einer Fl\u00fcssigkeit zur Herstellung einer w\u00e4ssrigen L\u00f6sung<\/strong>. Im Apfelanbau bek\u00e4mpft Chwastox 300 SL in einer Mischung mit dem nicht-selektiven Herbizid Agrosar 360 SL u.a. l\u00e4stige mehrj\u00e4hrige Unkr\u00e4uter wie Schachtelhalm und Quecke.  <\/p>\n<h2>Wie wirkt Chwastox Extra 300?<\/h2>\n<p>Der Wirkstoff wird haupts\u00e4chlich von den Bl\u00e4ttern der Unkr\u00e4uter aufgenommen, wodurch diese deformiert werden und anschlie\u00dfend das Wachstum gehemmt wird und die Pflanzen absterben. Es vernichtet Unkraut am effektivsten in der 2-6-Blatt-Phase. <\/p>\n<h2>Welchen aktiven Wirkstoff enth\u00e4lt Chwastox Extra 300?<\/h2>\n<ul>\n<li>MCPA (Phenoxys\u00e4ureverbindung) &#8211; 300 g\/l (26,5%)<\/li>\n<\/ul>\n<h2>Dosierung &#8211; wie wird Chwastox Extra 300 angewendet?<\/h2>\n<ul>\n<li>Empfohlene Dosis f\u00fcr die einmalige Anwendung: 3,0 l\/ha<\/li>\n<li>In Kombination mit Agrosar 360 SL: Chwastox Extra 300 in einer Dosis von 2,5 l\/ha + Agrosar 360 SL in einer Dosis von 5,0 l\/ha<\/li>\n<\/ul>\n<h2>Bei welchen Kulturen kann Chwastox Extra 300 eingesetzt werden?<\/h2>\n<ul>\n<li>Sommer- und Winterweizen,<\/li>\n<li>Fr\u00fchjahrs- und Wintertriticale,<\/li>\n<li>Hafer<\/li>\n<li>Roggen<\/li>\n<li>Apfelbaum.<\/li>\n<\/ul>\n<h2>Was bek\u00e4mpft Chwastox Extra 300?<\/h2>\n<ul>\n<li><strong>Empfindliche Unkr\u00e4uter<\/strong>: Gew\u00f6hnlicher Erdrauch, Ackersenf, Wei\u00dfer G\u00e4nsefu\u00df, Ackerkn\u00f6terich, Rittersporn, Raues Fasanenauge, Hundsauge, Gew\u00f6hnliches Hirtent\u00e4schel, Ackerb\u00fcndel, Wolfsmilch.<\/li>\n<li><strong>Mittelempfindliche Unkr\u00e4uter<\/strong>: Kornblume, Klatschmohn.<\/li>\n<li><strong>Mittelresistente Unkr\u00e4uter<\/strong>: Vogelmiere, Ackervergissmeinnicht, Ackerwinde (syn. Ackerwinde), Amaranth.<\/li>\n<li><strong>Empfindliche Unkr\u00e4uter<\/strong>: Storchschnabel, Vogelmiere, Vogelmiere, Taubnessel, Wei\u00dfer G\u00e4nsefu\u00df, L\u00f6wenzahn, Quecke, Kanadischer Emmer, Kn\u00f6terich, Ackerschachtelhalm, Hirtent\u00e4schelkraut, Einj\u00e4hriges Weidelgras, Dr\u00fcsiges Weidenr\u00f6schen.<\/li>\n<\/ul>\n<h2>Empfehlungen zur Anwendung von Chwastox Extra 300 SL<\/h2>\n<p>Verwenden Sie das Produkt vom Fr\u00fchjahr bis zum Herbst auf gr\u00fcnen Unkr\u00e4utern w\u00e4hrend ihres intensiven Wachstums.<\/p>\n<h2>Vorteile der Anwendung von Chwastox Extra 300 SL<\/h2>\n<p>begrenzt das Auftreten grundlegender Unkrautarten,<br \/>\nwurde bei den wichtigsten Getreidearten registriert,<br \/>\nverl\u00e4ngert und verst\u00e4rkt die herbizide Wirkung in Spritzmischungen,<br \/>\nkann in Kombination mit dem nicht-selektiven Herbizid Agrosar 360 SL verwendet werden.<\/p>\n<p class=\"p1\"><strong>Etikett: <\/strong><a title=\"Chwastox 300 SL\" href=\"https:\/\/gardenersfriend.eu\/wp-content\/uploads\/2026\/02\/Chwastox_Extra_300_SL_DE.pdf\" target=\"_blank\" rel=\"noopener\">Chwastox 300 SL_DE<\/a><\/p>\n<p class=\"p1\"><strong>Website des Herstellers:<\/strong> <a title=\"Qemetica Seite\" href=\"https:\/\/qemetica-agro.pl\/pl\" target=\"_blank\" rel=\"noopener\">Qemetica<\/a><\/p>\n<h5 style=\"color: #bcbcbc;\">Legal Information<\/h5>\n<p style=\"color: #bcbcbc;\">\nHints! Use pesticides carefully. \nBefore use read the label and product information.\nUse by non-professional users permitted.\nException: The buyer from Belgium declares that\nat the time of purchase he has full legal capacity\nand has the appropriate qualifications required from\npersons purchasing plant protection products.\n\nPursuant to Art. 28 of the Act of March 8, 2013 on plant protection products (Journal of Laws 2020, item 2097), from November 26, 2015, plant protection products intended for professional users may be sold to people who:\n\nPoint 1 - have completed training in the use of plant protection products in the Republic of Poland confirmed by a certificate of completion of this training, or\n\nPoint 2 - have completed training in advising on plant protection products in the Republic of Poland confirmed by a certificate of completion of this training, or\n\nPoint 3 - have completed training in integrated crop production confirmed by a certificate of completion of this training, or\n\nPoint 4 - not earlier than 5 years, prior to the purchase of these funds, have completed the training required from professional users in another Member State of the European Union or in a country being a party to the Agreement on the European Economic Area, on the basis of the provisions in force in that country, confirmed by a document of completion of this training, or they have presented another document issued under the regulations in force in that country, confirming that they obtained authorization to purchase plant protection products intended for professional users.\n\nImportent!\n\nOnly people over 18 years of age can use plant protection products.\n\nPlant protection products should be used safely.\n\nBefore each use, read the information provided on the label and product information.\n\n\n<\/p>\n","protected":false},"excerpt":{"rendered":"<p class=\"p1\">Chwastox Extra 300 SL &#8211; Herbizid zur Bek\u00e4mpfung von Wei\u00dfer Schlempe, Ackerpigment, Ackerblume und anderen Unkr\u00e4utern in Fr\u00fchjahrs- und Wintergetreide<\/p>\n","protected":false},"featured_media":4416,"comment_status":"open","ping_status":"closed","template":"","meta":{"_uag_custom_page_level_css":"","site-sidebar-layout":"default","site-content-layout":"","ast-site-content-layout":"default","site-content-style":"default","site-sidebar-style":"default","ast-global-header-display":"","ast-banner-title-visibility":"","ast-main-header-display":"","ast-hfb-above-header-display":"","ast-hfb-below-header-display":"","ast-hfb-mobile-header-display":"","site-post-title":"","ast-breadcrumbs-content":"","ast-featured-img":"","footer-sml-layout":"","ast-disable-related-posts":"","theme-transparent-header-meta":"default","adv-header-id-meta":"","stick-header-meta":"","header-above-stick-meta":"","header-main-stick-meta":"","header-below-stick-meta":"","astra-migrate-meta-layouts":"default","ast-page-background-enabled":"default","ast-page-background-meta":{"desktop":{"background-color":"var(--ast-global-color-4)","background-image":"","background-repeat":"repeat","background-position":"center center","background-size":"auto","background-attachment":"scroll","background-type":"","background-media":"","overlay-type":"","overlay-color":"","overlay-opacity":"","overlay-gradient":""},"tablet":{"background-color":"","background-image":"","background-repeat":"repeat","background-position":"center center","background-size":"auto","background-attachment":"scroll","background-type":"","background-media":"","overlay-type":"","overlay-color":"","overlay-opacity":"","overlay-gradient":""},"mobile":{"background-color":"","background-image":"","background-repeat":"repeat","background-position":"center center","background-size":"auto","background-attachment":"scroll","background-type":"","background-media":"","overlay-type":"","overlay-color":"","overlay-opacity":"","overlay-gradient":""}},"ast-content-background-meta":{"desktop":{"background-color":"var(--ast-global-color-5)","background-image":"","background-repeat":"repeat","background-position":"center center","background-size":"auto","background-attachment":"scroll","background-type":"","background-media":"","overlay-type":"","overlay-color":"","overlay-opacity":"","overlay-gradient":""},"tablet":{"background-color":"var(--ast-global-color-5)","background-image":"","background-repeat":"repeat","background-position":"center center","background-size":"auto","background-attachment":"scroll","background-type":"","background-media":"","overlay-type":"","overlay-color":"","overlay-opacity":"","overlay-gradient":""},"mobile":{"background-color":"var(--ast-global-color-5)","background-image":"","background-repeat":"repeat","background-position":"center center","background-size":"auto","background-attachment":"scroll","background-type":"","background-media":"","overlay-type":"","overlay-color":"","overlay-opacity":"","overlay-gradient":""}}},"product_brand":[],"product_cat":[84,85,176],"product_tag":[],"class_list":{"0":"post-4573","1":"product","2":"type-product","3":"status-publish","4":"has-post-thumbnail","6":"product_cat-alle-produkte","7":"product_cat-am-beliebtesten","8":"product_cat-herbizid","9":"product_shipping_class-alle","10":"desktop-align-left","11":"tablet-align-left","12":"mobile-align-left","14":"first","15":"instock","16":"taxable","17":"shipping-taxable","18":"purchasable","19":"product-type-variable","20":"has-default-attributes"},"yoast_head":"<!-- This site is optimized with the Yoast SEO plugin v27.4 - https:\/\/yoast.com\/product\/yoast-seo-wordpress\/ -->\n<title>Chwastox Extra 300 SL Herbizid - Gardeners Friend<\/title>\n<meta name=\"description\" content=\"Chwastox Extra 300 SL - HERBIZID ZUR BEK\u00c4MPFUNG VON WEISSER GOURMOSA, FELDKR\u00c4UTERN, FELDKR\u00c4UTERN UND ANDEREN UNKR\u00c4UTERN IN FR\u00dcHLINGS- UND WINTERGETREIDE\" \/>\n<meta name=\"robots\" content=\"index, follow, max-snippet:-1, max-image-preview:large, max-video-preview:-1\" \/>\n<link rel=\"canonical\" href=\"https:\/\/gardenersfriend.eu\/de\/produkt\/chwastox-extra-300-sl-herbizid\/\" \/>\n<meta property=\"og:locale\" content=\"de_DE\" \/>\n<meta property=\"og:type\" content=\"article\" \/>\n<meta property=\"og:title\" content=\"Chwastox Extra 300 SL Herbizid - Gardeners Friend\" \/>\n<meta property=\"og:description\" content=\"Chwastox Extra 300 SL - HERBIZID ZUR BEK\u00c4MPFUNG VON WEISSER GOURMOSA, FELDKR\u00c4UTERN, FELDKR\u00c4UTERN UND ANDEREN UNKR\u00c4UTERN IN FR\u00dcHLINGS- UND WINTERGETREIDE\" \/>\n<meta property=\"og:url\" content=\"https:\/\/gardenersfriend.eu\/de\/produkt\/chwastox-extra-300-sl-herbizid\/\" \/>\n<meta property=\"og:site_name\" content=\"Gardeners Friend\" \/>\n<meta property=\"article:publisher\" content=\"https:\/\/www.facebook.com\/people\/Gardeners-Friend-Store\/61566268054378\/\" \/>\n<meta property=\"article:modified_time\" content=\"2026-03-19T19:58:31+00:00\" \/>\n<meta property=\"og:image\" content=\"https:\/\/gardenersfriend.eu\/wp-content\/uploads\/2025\/06\/Chwastox-300-1L-1.png\" \/>\n\t<meta property=\"og:image:width\" content=\"2048\" \/>\n\t<meta property=\"og:image:height\" content=\"2048\" \/>\n\t<meta property=\"og:image:type\" content=\"image\/png\" \/>\n<meta name=\"twitter:card\" content=\"summary_large_image\" \/>\n<meta name=\"twitter:label1\" content=\"Gesch\u00e4tzte Lesezeit\" \/>\n\t<meta name=\"twitter:data1\" content=\"2\u00a0Minuten\" \/>\n<script type=\"application\/ld+json\" class=\"yoast-schema-graph\">{\"@context\":\"https:\\\/\\\/schema.org\",\"@graph\":[{\"@type\":\"WebPage\",\"@id\":\"https:\\\/\\\/gardenersfriend.eu\\\/de\\\/produkt\\\/chwastox-extra-300-sl-herbizid\\\/\",\"url\":\"https:\\\/\\\/gardenersfriend.eu\\\/de\\\/produkt\\\/chwastox-extra-300-sl-herbizid\\\/\",\"name\":\"Chwastox Extra 300 SL Herbizid - Gardeners Friend\",\"isPartOf\":{\"@id\":\"https:\\\/\\\/gardenersfriend.eu\\\/de\\\/#website\"},\"primaryImageOfPage\":{\"@id\":\"https:\\\/\\\/gardenersfriend.eu\\\/de\\\/produkt\\\/chwastox-extra-300-sl-herbizid\\\/#primaryimage\"},\"image\":{\"@id\":\"https:\\\/\\\/gardenersfriend.eu\\\/de\\\/produkt\\\/chwastox-extra-300-sl-herbizid\\\/#primaryimage\"},\"thumbnailUrl\":\"https:\\\/\\\/gardenersfriend.eu\\\/wp-content\\\/uploads\\\/2025\\\/06\\\/Chwastox-300-1L-1.png\",\"datePublished\":\"2025-06-04T19:55:27+00:00\",\"dateModified\":\"2026-03-19T19:58:31+00:00\",\"description\":\"Chwastox Extra 300 SL - HERBIZID ZUR BEK\u00c4MPFUNG VON WEISSER GOURMOSA, FELDKR\u00c4UTERN, FELDKR\u00c4UTERN UND ANDEREN UNKR\u00c4UTERN IN FR\u00dcHLINGS- UND WINTERGETREIDE\",\"breadcrumb\":{\"@id\":\"https:\\\/\\\/gardenersfriend.eu\\\/de\\\/produkt\\\/chwastox-extra-300-sl-herbizid\\\/#breadcrumb\"},\"inLanguage\":\"de\",\"potentialAction\":[{\"@type\":\"ReadAction\",\"target\":[\"https:\\\/\\\/gardenersfriend.eu\\\/de\\\/produkt\\\/chwastox-extra-300-sl-herbizid\\\/\"]}]},{\"@type\":\"ImageObject\",\"inLanguage\":\"de\",\"@id\":\"https:\\\/\\\/gardenersfriend.eu\\\/de\\\/produkt\\\/chwastox-extra-300-sl-herbizid\\\/#primaryimage\",\"url\":\"https:\\\/\\\/gardenersfriend.eu\\\/wp-content\\\/uploads\\\/2025\\\/06\\\/Chwastox-300-1L-1.png\",\"contentUrl\":\"https:\\\/\\\/gardenersfriend.eu\\\/wp-content\\\/uploads\\\/2025\\\/06\\\/Chwastox-300-1L-1.png\",\"width\":2048,\"height\":2048,\"caption\":\"Chwastox 300 1L\"},{\"@type\":\"BreadcrumbList\",\"@id\":\"https:\\\/\\\/gardenersfriend.eu\\\/de\\\/produkt\\\/chwastox-extra-300-sl-herbizid\\\/#breadcrumb\",\"itemListElement\":[{\"@type\":\"ListItem\",\"position\":1,\"name\":\"Strona g\u0142\u00f3wna\",\"item\":\"https:\\\/\\\/gardenersfriend.eu\\\/de\\\/\"},{\"@type\":\"ListItem\",\"position\":2,\"name\":\"Shop\",\"item\":\"https:\\\/\\\/gardenersfriend.eu\\\/de\\\/shop\\\/\"},{\"@type\":\"ListItem\",\"position\":3,\"name\":\"Chwastox Extra 300 SL Herbizid\"}]},{\"@type\":\"WebSite\",\"@id\":\"https:\\\/\\\/gardenersfriend.eu\\\/de\\\/#website\",\"url\":\"https:\\\/\\\/gardenersfriend.eu\\\/de\\\/\",\"name\":\"Gardeners Friend\",\"description\":\"herbicides, fertilisers, roundup\",\"publisher\":{\"@id\":\"https:\\\/\\\/gardenersfriend.eu\\\/de\\\/#organization\"},\"potentialAction\":[{\"@type\":\"SearchAction\",\"target\":{\"@type\":\"EntryPoint\",\"urlTemplate\":\"https:\\\/\\\/gardenersfriend.eu\\\/de\\\/?s={search_term_string}\"},\"query-input\":{\"@type\":\"PropertyValueSpecification\",\"valueRequired\":true,\"valueName\":\"search_term_string\"}}],\"inLanguage\":\"de\"},{\"@type\":\"Organization\",\"@id\":\"https:\\\/\\\/gardenersfriend.eu\\\/de\\\/#organization\",\"name\":\"Gardeners Friend\",\"url\":\"https:\\\/\\\/gardenersfriend.eu\\\/de\\\/\",\"logo\":{\"@type\":\"ImageObject\",\"inLanguage\":\"de\",\"@id\":\"https:\\\/\\\/gardenersfriend.eu\\\/de\\\/#\\\/schema\\\/logo\\\/image\\\/\",\"url\":\"https:\\\/\\\/gardenersfriend.eu\\\/wp-content\\\/uploads\\\/2025\\\/09\\\/gf_accepted_big_logo.png\",\"contentUrl\":\"https:\\\/\\\/gardenersfriend.eu\\\/wp-content\\\/uploads\\\/2025\\\/09\\\/gf_accepted_big_logo.png\",\"width\":2000,\"height\":1000,\"caption\":\"Gardeners Friend\"},\"image\":{\"@id\":\"https:\\\/\\\/gardenersfriend.eu\\\/de\\\/#\\\/schema\\\/logo\\\/image\\\/\"},\"sameAs\":[\"https:\\\/\\\/www.facebook.com\\\/people\\\/Gardeners-Friend-Store\\\/61566268054378\\\/\",\"https:\\\/\\\/www.instagram.com\\\/gardeners_friend_store\\\/\"]}]}<\/script>\n<!-- \/ Yoast SEO plugin. -->","yoast_head_json":{"title":"Chwastox Extra 300 SL Herbizid - Gardeners Friend","description":"Chwastox Extra 300 SL - HERBIZID ZUR BEK\u00c4MPFUNG VON WEISSER GOURMOSA, FELDKR\u00c4UTERN, FELDKR\u00c4UTERN UND ANDEREN UNKR\u00c4UTERN IN FR\u00dcHLINGS- UND WINTERGETREIDE","robots":{"index":"index","follow":"follow","max-snippet":"max-snippet:-1","max-image-preview":"max-image-preview:large","max-video-preview":"max-video-preview:-1"},"canonical":"https:\/\/gardenersfriend.eu\/de\/produkt\/chwastox-extra-300-sl-herbizid\/","og_locale":"de_DE","og_type":"article","og_title":"Chwastox Extra 300 SL Herbizid - Gardeners Friend","og_description":"Chwastox Extra 300 SL - HERBIZID ZUR BEK\u00c4MPFUNG VON WEISSER GOURMOSA, FELDKR\u00c4UTERN, FELDKR\u00c4UTERN UND ANDEREN UNKR\u00c4UTERN IN FR\u00dcHLINGS- UND WINTERGETREIDE","og_url":"https:\/\/gardenersfriend.eu\/de\/produkt\/chwastox-extra-300-sl-herbizid\/","og_site_name":"Gardeners Friend","article_publisher":"https:\/\/www.facebook.com\/people\/Gardeners-Friend-Store\/61566268054378\/","article_modified_time":"2026-03-19T19:58:31+00:00","og_image":[{"width":2048,"height":2048,"url":"https:\/\/gardenersfriend.eu\/wp-content\/uploads\/2025\/06\/Chwastox-300-1L-1.png","type":"image\/png"}],"twitter_card":"summary_large_image","twitter_misc":{"Gesch\u00e4tzte Lesezeit":"2\u00a0Minuten"},"schema":{"@context":"https:\/\/schema.org","@graph":[{"@type":"WebPage","@id":"https:\/\/gardenersfriend.eu\/de\/produkt\/chwastox-extra-300-sl-herbizid\/","url":"https:\/\/gardenersfriend.eu\/de\/produkt\/chwastox-extra-300-sl-herbizid\/","name":"Chwastox Extra 300 SL Herbizid - Gardeners Friend","isPartOf":{"@id":"https:\/\/gardenersfriend.eu\/de\/#website"},"primaryImageOfPage":{"@id":"https:\/\/gardenersfriend.eu\/de\/produkt\/chwastox-extra-300-sl-herbizid\/#primaryimage"},"image":{"@id":"https:\/\/gardenersfriend.eu\/de\/produkt\/chwastox-extra-300-sl-herbizid\/#primaryimage"},"thumbnailUrl":"https:\/\/gardenersfriend.eu\/wp-content\/uploads\/2025\/06\/Chwastox-300-1L-1.png","datePublished":"2025-06-04T19:55:27+00:00","dateModified":"2026-03-19T19:58:31+00:00","description":"Chwastox Extra 300 SL - HERBIZID ZUR BEK\u00c4MPFUNG VON WEISSER GOURMOSA, FELDKR\u00c4UTERN, FELDKR\u00c4UTERN UND ANDEREN UNKR\u00c4UTERN IN FR\u00dcHLINGS- UND WINTERGETREIDE","breadcrumb":{"@id":"https:\/\/gardenersfriend.eu\/de\/produkt\/chwastox-extra-300-sl-herbizid\/#breadcrumb"},"inLanguage":"de","potentialAction":[{"@type":"ReadAction","target":["https:\/\/gardenersfriend.eu\/de\/produkt\/chwastox-extra-300-sl-herbizid\/"]}]},{"@type":"ImageObject","inLanguage":"de","@id":"https:\/\/gardenersfriend.eu\/de\/produkt\/chwastox-extra-300-sl-herbizid\/#primaryimage","url":"https:\/\/gardenersfriend.eu\/wp-content\/uploads\/2025\/06\/Chwastox-300-1L-1.png","contentUrl":"https:\/\/gardenersfriend.eu\/wp-content\/uploads\/2025\/06\/Chwastox-300-1L-1.png","width":2048,"height":2048,"caption":"Chwastox 300 1L"},{"@type":"BreadcrumbList","@id":"https:\/\/gardenersfriend.eu\/de\/produkt\/chwastox-extra-300-sl-herbizid\/#breadcrumb","itemListElement":[{"@type":"ListItem","position":1,"name":"Strona g\u0142\u00f3wna","item":"https:\/\/gardenersfriend.eu\/de\/"},{"@type":"ListItem","position":2,"name":"Shop","item":"https:\/\/gardenersfriend.eu\/de\/shop\/"},{"@type":"ListItem","position":3,"name":"Chwastox Extra 300 SL Herbizid"}]},{"@type":"WebSite","@id":"https:\/\/gardenersfriend.eu\/de\/#website","url":"https:\/\/gardenersfriend.eu\/de\/","name":"Gardeners Friend","description":"herbicides, fertilisers, roundup","publisher":{"@id":"https:\/\/gardenersfriend.eu\/de\/#organization"},"potentialAction":[{"@type":"SearchAction","target":{"@type":"EntryPoint","urlTemplate":"https:\/\/gardenersfriend.eu\/de\/?s={search_term_string}"},"query-input":{"@type":"PropertyValueSpecification","valueRequired":true,"valueName":"search_term_string"}}],"inLanguage":"de"},{"@type":"Organization","@id":"https:\/\/gardenersfriend.eu\/de\/#organization","name":"Gardeners Friend","url":"https:\/\/gardenersfriend.eu\/de\/","logo":{"@type":"ImageObject","inLanguage":"de","@id":"https:\/\/gardenersfriend.eu\/de\/#\/schema\/logo\/image\/","url":"https:\/\/gardenersfriend.eu\/wp-content\/uploads\/2025\/09\/gf_accepted_big_logo.png","contentUrl":"https:\/\/gardenersfriend.eu\/wp-content\/uploads\/2025\/09\/gf_accepted_big_logo.png","width":2000,"height":1000,"caption":"Gardeners Friend"},"image":{"@id":"https:\/\/gardenersfriend.eu\/de\/#\/schema\/logo\/image\/"},"sameAs":["https:\/\/www.facebook.com\/people\/Gardeners-Friend-Store\/61566268054378\/","https:\/\/www.instagram.com\/gardeners_friend_store\/"]}]}},"uagb_featured_image_src":{"full":["https:\/\/gardenersfriend.eu\/wp-content\/uploads\/2025\/06\/Chwastox-300-1L-1.png",2048,2048,false],"thumbnail":["https:\/\/gardenersfriend.eu\/wp-content\/uploads\/2025\/06\/Chwastox-300-1L-1-150x150.png",150,150,true],"medium":["https:\/\/gardenersfriend.eu\/wp-content\/uploads\/2025\/06\/Chwastox-300-1L-1-300x300.png",300,300,true],"medium_large":["https:\/\/gardenersfriend.eu\/wp-content\/uploads\/2025\/06\/Chwastox-300-1L-1-768x768.png",768,768,true],"large":["https:\/\/gardenersfriend.eu\/wp-content\/uploads\/2025\/06\/Chwastox-300-1L-1-1024x1024.png",1024,1024,true],"1536x1536":["https:\/\/gardenersfriend.eu\/wp-content\/uploads\/2025\/06\/Chwastox-300-1L-1-1536x1536.png",1536,1536,true],"2048x2048":["https:\/\/gardenersfriend.eu\/wp-content\/uploads\/2025\/06\/Chwastox-300-1L-1.png",2048,2048,false],"woocommerce_thumbnail":["https:\/\/gardenersfriend.eu\/wp-content\/uploads\/2025\/06\/Chwastox-300-1L-1-300x300.png",300,300,true],"woocommerce_single":["https:\/\/gardenersfriend.eu\/wp-content\/uploads\/2025\/06\/Chwastox-300-1L-1-600x600.png",600,600,true],"woocommerce_gallery_thumbnail":["https:\/\/gardenersfriend.eu\/wp-content\/uploads\/2025\/06\/Chwastox-300-1L-1-100x100.png",100,100,true]},"uagb_author_info":{"display_name":"admin","author_link":"https:\/\/gardenersfriend.eu\/de\/author\/"},"uagb_comment_info":0,"uagb_excerpt":"Chwastox Extra 300 SL - Herbizid zur Bek\u00e4mpfung von Wei\u00dfer Schlempe, Ackerpigment, Ackerblume und anderen Unkr\u00e4utern in Fr\u00fchjahrs- und Wintergetreide","jetpack_sharing_enabled":true,"_links":{"self":[{"href":"https:\/\/gardenersfriend.eu\/de\/wp-json\/wp\/v2\/product\/4573","targetHints":{"allow":["GET"]}}],"collection":[{"href":"https:\/\/gardenersfriend.eu\/de\/wp-json\/wp\/v2\/product"}],"about":[{"href":"https:\/\/gardenersfriend.eu\/de\/wp-json\/wp\/v2\/types\/product"}],"replies":[{"embeddable":true,"href":"https:\/\/gardenersfriend.eu\/de\/wp-json\/wp\/v2\/comments?post=4573"}],"wp:featuredmedia":[{"embeddable":true,"href":"https:\/\/gardenersfriend.eu\/de\/wp-json\/wp\/v2\/media\/4416"}],"wp:attachment":[{"href":"https:\/\/gardenersfriend.eu\/de\/wp-json\/wp\/v2\/media?parent=4573"}],"wp:term":[{"taxonomy":"product_brand","embeddable":true,"href":"https:\/\/gardenersfriend.eu\/de\/wp-json\/wp\/v2\/product_brand?post=4573"},{"taxonomy":"product_cat","embeddable":true,"href":"https:\/\/gardenersfriend.eu\/de\/wp-json\/wp\/v2\/product_cat?post=4573"},{"taxonomy":"product_tag","embeddable":true,"href":"https:\/\/gardenersfriend.eu\/de\/wp-json\/wp\/v2\/product_tag?post=4573"}],"curies":[{"name":"wp","href":"https:\/\/api.w.org\/{rel}","templated":true}]}}