{"id":4596,"date":"2025-06-04T21:35:45","date_gmt":"2025-06-04T19:35:45","guid":{"rendered":"https:\/\/gardenersfriend.eu\/product\/chwastox-complex-260-ew-herbizid\/"},"modified":"2026-03-19T20:58:31","modified_gmt":"2026-03-19T19:58:31","slug":"chwastox-complex-260-ew-herbizid","status":"publish","type":"product","link":"https:\/\/gardenersfriend.eu\/de\/produkt\/chwastox-complex-260-ew-herbizid\/","title":{"rendered":"Chwastox Complex 260 EW Herbizid"},"content":{"rendered":"<p><strong>Chwastox Complex 260 EW<\/strong> ist ein Herbizid in Form einer Fl\u00fcssigkeit zur Herstellung einer w\u00e4ssrigen Emulsion (Emulsion, \u00d6l in Wasser), die bl\u00e4ttrig ausgebracht wird und zur Bek\u00e4mpfung von zweikeimbl\u00e4ttrigen Unkr\u00e4utern in Winterweizen und auf Rasenfl\u00e4chen, Sportpl\u00e4tzen und Golfpl\u00e4tzen bestimmt ist. Nach der HRAC-Klassifizierung sind die Wirkstoffe in Gruppe O eingestuft. Das Mittel ist f\u00fcr die Verwendung mit selbstfahrenden oder traktormontierten Feldspritzen und handgef\u00fchrten Spr\u00fchger\u00e4ten (einschlie\u00dflich Rucks\u00e4cken) bestimmt. <\/p>\n<h2>Aktion gegen Unkraut:<\/h2>\n<p><strong>Chwastox Complex 260 EW <\/strong>ist ein selektiver Wirkstoff mit systemischer Wirkung. Es wird von den Bl\u00e4ttern aufgenommen und wandert zu den Wurzeln der Unkr\u00e4uter, wodurch diese deformiert werden und anschlie\u00dfend in ihrem Wachstum gehemmt werden und absterben. Die ersten Symptome bei empfindlichen Unkr\u00e4utern treten nach 1-2 Tagen nach dem Spr\u00fchen auf. Das Unkrautwachstum wird gehemmt und das Unkraut stirbt nach ca. 3-4 Wochen ab. Das Mittel bek\u00e4mpft Unkr\u00e4uter in den fr\u00fchen Entwicklungsstadien am effektivsten. Witterungsbedingungen, die f\u00fcr die Pflanzenentwicklung g\u00fcnstig sind, verst\u00e4rken die herbizide Wirkung des Mittels.      <\/p>\n<ul>\n<li><strong>Empfindliche Unkr\u00e4uter<\/strong> (Dosierung 2.0 &#8211; 3.0 l\/ha): Vogelmiere, Purpur-Sternmiere, Geruchlose Maigl\u00f6ckchen, Klatschmohn, Ackerkratzdistel, Ackerehrenpreis, Kn\u00f6terich, Ackerkamille, Gemeine Kamille, Hirtent\u00e4schel.<\/li>\n<li><strong>Mittel<\/strong> &#8211; empfindliche Unkr\u00e4uter: Feldviolett.<\/li>\n<li><strong>Empfindliche Unkr\u00e4uter<\/strong> (Dosis 2.5 l\/ha): Spitzwegerich, Gew\u00f6hnliche Vogelmiere, Gro\u00dfe Vogelmiere, Ackerhahnenfu\u00df, Scharfer Hahnenfu\u00df, Behaarte Habichtskr\u00e4uter, Wei\u00dfklee, Klee, Rotklee, Ackerkratzdistel, Gr\u00fcner Nabel, Raue Schl\u00fcsselblume, Kanadischer Emmer, Cleaver, Gew\u00f6hnliches Hornkraut, Ackerschachtelhalm, Krauser Sauerampfer, Acker-Sauerampfer, Stumpfer Sauerampfer, Gew\u00f6hnlicher Hirtent\u00e4schel, Schmalbl\u00e4ttrige Wicke.<br \/>\nM\u00e4\u00dfig empfindliche Unkr\u00e4uter: Gemeiner Wegerich, Beifu\u00df, Taubnessel, L\u00f6wenzahn.<\/li>\n<li><strong>Resistente Unkr\u00e4uter:<\/strong> Gundelrebe, Gemeine Schafgarbe, Gemeine Brennnessel, Ackerwinde, Ackerehrenpreis, Persischer Ehrenpreis, Keimehrenpreis.<\/li>\n<li><strong>Empfindliches Unkraut<\/strong> (Dosis 3.5 l\/ha): Spitzwegerich, Breitwegerich, Beifu\u00df, Vogelmiere, Gro\u00dfe Sternmiere, Ackerhahnenfu\u00df, Scharfer Hahnenfu\u00df, Purpur-Totenkopf, Behaarte Habichtskr\u00e4uter, Wei\u00dfklee, Klee, Rotklee, L\u00f6wenzahn, Ackerdistel, Brennnessel, G\u00e4nsefu\u00df, Ackerehrenpreis, Kanadischer Emmer, Ackerschachtelhalm, Ackerschachtelhalm, Gekr\u00e4uselter Sauerampfer, Ackersauerampfer, Stumpfer Sauerampfer, Gew\u00f6hnlicher Sauerampfer, Hirtent\u00e4schel, Schmalbl\u00e4ttrige Wicke.<\/li>\n<li><strong>Mittelstark resistente Unkr\u00e4uter<\/strong>: Gemeine Schafgarbe, Persischer Ehrenpreis.<\/li>\n<li><strong>Resistente Unkr\u00e4uter: <\/strong>Gundelrebe, Ackerwinde, Keimling-Ehrenpreis.<\/li>\n<\/ul>\n<p><strong>HINWEIS<\/strong>: Empfindliche Unkr\u00e4uter nach Anwendung des Mittels in einer Dosis von 3,5 l\/ha und 2 Behandlungen w\u00e4hrend der Vegetationsperiode: Gundelrebe, Storchschnabel und Ackerwinde.<\/p>\n<h2>Anwendung des Mittels:<\/h2>\n<h3>Winterweizen<\/h3>\n<ul>\n<li><strong>Zeitpunkt der Anwendung:<\/strong> Im Fr\u00fchjahr nach Beginn der Vegetation vom Beginn der Bestockungsphase bis zur 2. Knotenphase (BBCH 21-32) anwenden.<\/li>\n<li><strong>Maximale Dosis f\u00fcr eine einmalige Anwendung:<\/strong> 3,0 l\/ha.<\/li>\n<li><strong>Empfohlene Dosis f\u00fcr eine einmalige Anwendung:<\/strong> 2,0 &#8211; 3,0 l\/ha.<\/li>\n<li><strong>Empfohlene Wassermenge:<\/strong> 200 &#8211; 300 l\/ha.<\/li>\n<li><strong>Empfohlenes Spr\u00fchen:<\/strong> mittlere Tr\u00f6pfchengr\u00f6\u00dfe.<\/li>\n<li><strong>Maximale Anzahl von Behandlungen w\u00e4hrend der Vegetationsperiode:<\/strong> 1.<\/li>\n<\/ul>\n<h3>Rasenfl\u00e4chen, Sportpl\u00e4tze, Golfpl\u00e4tze<\/h3>\n<ul>\n<li><strong>Zeitpunkt der Anwendung:<\/strong> Verwenden Sie das Produkt bei f\u00fcr das Pflanzenwachstum g\u00fcnstigen Wetterbedingungen, vom Fr\u00fchjahr bis zum fr\u00fchen Herbst, wenn die Lufttemperatur \u00fcber 10\u00b0C liegt. Wenden Sie das Produkt auf dem gesamten Rasen oder nur auf unkrautbewachsenen Fl\u00e4chen an. <\/li>\n<li><strong>Maximale Dosis bei einmaliger Anwendung: <\/strong>3,5 l\/ha.<\/li>\n<li><strong>Empfohlene Dosis f\u00fcr die einmalige Anwendung:<\/strong> 2,5 &#8211; 3,5 l\/ha.<\/li>\n<\/ul>\n<p>Verwenden Sie die h\u00f6here der empfohlenen Dosierungen des Mittels bei Unkr\u00e4utern in \u00e4lteren Entwicklungsstadien und bei starkem Unkrautbefall, insbesondere bei Unkr\u00e4utern wie: Gemeiner Wegerich, Kleiner Storchschnabel, Gew\u00f6hnlicher Beifu\u00df, Violette Taubnessel, Gemeine Brennnessel, Ackerehrenpreis und Ackerhornkraut. Bei starkem Unkrautbefall kann es notwendig sein, eine zweite Behandlung durchzuf\u00fchren. <\/p>\n<p><strong>Maximale Anzahl von Behandlungen in der Vegetationsperiode:<\/strong> 2.<br \/>\n<strong>Intervall zwischen den Behandlungen:<\/strong> mindestens 56 Tage.<br \/>\n<strong>Empfohlene Wassermenge: <\/strong>200 &#8211; 500 l\/ha.<br \/>\n<strong>Empfohlenes Spr\u00fchen: <\/strong>Mitteltropfig.<\/p>\n<p class=\"p1\"><strong>Etikett: <\/strong><a title=\"Chwastox 260 EW\" href=\"https:\/\/gardenersfriend.eu\/wp-content\/uploads\/2026\/02\/Chwastox_Complex_260_EW_DE.pdf\" target=\"_blank\" rel=\"noopener\">Chwastox 260 EW_DE<\/a><\/p>\n<p class=\"p1\"><strong>Website des Herstellers:<\/strong> <a title=\"Qemetica Seite\" href=\"https:\/\/qemetica-agro.pl\/pl\" target=\"_blank\" rel=\"noopener\">Qemetica<\/a><\/p>\n<h5 style=\"color: #bcbcbc;\">Legal Information<\/h5>\n<p style=\"color: #bcbcbc;\">\nHints! Use pesticides carefully. \nBefore use read the label and product information.\nUse by non-professional users permitted.\nException: The buyer from Belgium declares that\nat the time of purchase he has full legal capacity\nand has the appropriate qualifications required from\npersons purchasing plant protection products.\n\nPursuant to Art. 28 of the Act of March 8, 2013 on plant protection products (Journal of Laws 2020, item 2097), from November 26, 2015, plant protection products intended for professional users may be sold to people who:\n\nPoint 1 - have completed training in the use of plant protection products in the Republic of Poland confirmed by a certificate of completion of this training, or\n\nPoint 2 - have completed training in advising on plant protection products in the Republic of Poland confirmed by a certificate of completion of this training, or\n\nPoint 3 - have completed training in integrated crop production confirmed by a certificate of completion of this training, or\n\nPoint 4 - not earlier than 5 years, prior to the purchase of these funds, have completed the training required from professional users in another Member State of the European Union or in a country being a party to the Agreement on the European Economic Area, on the basis of the provisions in force in that country, confirmed by a document of completion of this training, or they have presented another document issued under the regulations in force in that country, confirming that they obtained authorization to purchase plant protection products intended for professional users.\n\nImportent!\n\nOnly people over 18 years of age can use plant protection products.\n\nPlant protection products should be used safely.\n\nBefore each use, read the information provided on the label and product information.\n\n\n<\/p>\n","protected":false},"excerpt":{"rendered":"<p>Chwastox Complex 260 EW ist ein fl\u00fcssiges Herbizid, das zur Bek\u00e4mpfung von breitbl\u00e4ttrigem Unkraut in Weizen und auf Rasenfl\u00e4chen, Sportpl\u00e4tzen und Golfpl\u00e4tzen eingesetzt wird.<\/p>\n","protected":false},"featured_media":4391,"comment_status":"open","ping_status":"closed","template":"","meta":{"_uag_custom_page_level_css":"","site-sidebar-layout":"default","site-content-layout":"","ast-site-content-layout":"default","site-content-style":"default","site-sidebar-style":"default","ast-global-header-display":"","ast-banner-title-visibility":"","ast-main-header-display":"","ast-hfb-above-header-display":"","ast-hfb-below-header-display":"","ast-hfb-mobile-header-display":"","site-post-title":"","ast-breadcrumbs-content":"","ast-featured-img":"","footer-sml-layout":"","ast-disable-related-posts":"","theme-transparent-header-meta":"default","adv-header-id-meta":"","stick-header-meta":"","header-above-stick-meta":"","header-main-stick-meta":"","header-below-stick-meta":"","astra-migrate-meta-layouts":"default","ast-page-background-enabled":"default","ast-page-background-meta":{"desktop":{"background-color":"var(--ast-global-color-4)","background-image":"","background-repeat":"repeat","background-position":"center center","background-size":"auto","background-attachment":"scroll","background-type":"","background-media":"","overlay-type":"","overlay-color":"","overlay-opacity":"","overlay-gradient":""},"tablet":{"background-color":"","background-image":"","background-repeat":"repeat","background-position":"center center","background-size":"auto","background-attachment":"scroll","background-type":"","background-media":"","overlay-type":"","overlay-color":"","overlay-opacity":"","overlay-gradient":""},"mobile":{"background-color":"","background-image":"","background-repeat":"repeat","background-position":"center center","background-size":"auto","background-attachment":"scroll","background-type":"","background-media":"","overlay-type":"","overlay-color":"","overlay-opacity":"","overlay-gradient":""}},"ast-content-background-meta":{"desktop":{"background-color":"var(--ast-global-color-5)","background-image":"","background-repeat":"repeat","background-position":"center center","background-size":"auto","background-attachment":"scroll","background-type":"","background-media":"","overlay-type":"","overlay-color":"","overlay-opacity":"","overlay-gradient":""},"tablet":{"background-color":"var(--ast-global-color-5)","background-image":"","background-repeat":"repeat","background-position":"center center","background-size":"auto","background-attachment":"scroll","background-type":"","background-media":"","overlay-type":"","overlay-color":"","overlay-opacity":"","overlay-gradient":""},"mobile":{"background-color":"var(--ast-global-color-5)","background-image":"","background-repeat":"repeat","background-position":"center center","background-size":"auto","background-attachment":"scroll","background-type":"","background-media":"","overlay-type":"","overlay-color":"","overlay-opacity":"","overlay-gradient":""}}},"product_brand":[],"product_cat":[84,85,176],"product_tag":[],"class_list":{"0":"post-4596","1":"product","2":"type-product","3":"status-publish","4":"has-post-thumbnail","6":"product_cat-alle-produkte","7":"product_cat-am-beliebtesten","8":"product_cat-herbizid","9":"product_shipping_class-alle","10":"desktop-align-left","11":"tablet-align-left","12":"mobile-align-left","14":"first","15":"instock","16":"taxable","17":"shipping-taxable","18":"purchasable","19":"product-type-variable","20":"has-default-attributes"},"yoast_head":"<!-- This site is optimized with the Yoast SEO plugin v27.4 - https:\/\/yoast.com\/product\/yoast-seo-wordpress\/ -->\n<title>Chwastox Complex 260 EW Herbizid - Gardeners Friend<\/title>\n<meta name=\"description\" content=\"Chwastox Complex 260 ist ein fl\u00fcssiges Herbizid, das zur Bek\u00e4mpfung von breitbl\u00e4ttrigen Unkr\u00e4utern in Weizen und auf Rasenfl\u00e4chen, Sportpl\u00e4tzen und Golfpl\u00e4tzen eingesetzt wird.\" \/>\n<meta name=\"robots\" content=\"index, follow, max-snippet:-1, max-image-preview:large, max-video-preview:-1\" \/>\n<link rel=\"canonical\" href=\"https:\/\/gardenersfriend.eu\/de\/produkt\/chwastox-complex-260-ew-herbizid\/\" \/>\n<meta property=\"og:locale\" content=\"de_DE\" \/>\n<meta property=\"og:type\" content=\"article\" \/>\n<meta property=\"og:title\" content=\"Chwastox Complex 260 EW Herbizid - Gardeners Friend\" \/>\n<meta property=\"og:description\" content=\"Chwastox Complex 260 ist ein fl\u00fcssiges Herbizid, das zur Bek\u00e4mpfung von breitbl\u00e4ttrigen Unkr\u00e4utern in Weizen und auf Rasenfl\u00e4chen, Sportpl\u00e4tzen und Golfpl\u00e4tzen eingesetzt wird.\" \/>\n<meta property=\"og:url\" content=\"https:\/\/gardenersfriend.eu\/de\/produkt\/chwastox-complex-260-ew-herbizid\/\" \/>\n<meta property=\"og:site_name\" content=\"Gardeners Friend\" \/>\n<meta property=\"article:publisher\" content=\"https:\/\/www.facebook.com\/people\/Gardeners-Friend-Store\/61566268054378\/\" \/>\n<meta property=\"article:modified_time\" content=\"2026-03-19T19:58:31+00:00\" \/>\n<meta property=\"og:image\" content=\"https:\/\/gardenersfriend.eu\/wp-content\/uploads\/2025\/06\/Chwastox-260-Complex-1L.png\" \/>\n\t<meta property=\"og:image:width\" content=\"2048\" \/>\n\t<meta property=\"og:image:height\" content=\"2048\" \/>\n\t<meta property=\"og:image:type\" content=\"image\/png\" \/>\n<meta name=\"twitter:card\" content=\"summary_large_image\" \/>\n<meta name=\"twitter:label1\" content=\"Gesch\u00e4tzte Lesezeit\" \/>\n\t<meta name=\"twitter:data1\" content=\"3\u00a0Minuten\" \/>\n<script type=\"application\/ld+json\" class=\"yoast-schema-graph\">{\"@context\":\"https:\\\/\\\/schema.org\",\"@graph\":[{\"@type\":\"WebPage\",\"@id\":\"https:\\\/\\\/gardenersfriend.eu\\\/de\\\/produkt\\\/chwastox-complex-260-ew-herbizid\\\/\",\"url\":\"https:\\\/\\\/gardenersfriend.eu\\\/de\\\/produkt\\\/chwastox-complex-260-ew-herbizid\\\/\",\"name\":\"Chwastox Complex 260 EW Herbizid - Gardeners Friend\",\"isPartOf\":{\"@id\":\"https:\\\/\\\/gardenersfriend.eu\\\/de\\\/#website\"},\"primaryImageOfPage\":{\"@id\":\"https:\\\/\\\/gardenersfriend.eu\\\/de\\\/produkt\\\/chwastox-complex-260-ew-herbizid\\\/#primaryimage\"},\"image\":{\"@id\":\"https:\\\/\\\/gardenersfriend.eu\\\/de\\\/produkt\\\/chwastox-complex-260-ew-herbizid\\\/#primaryimage\"},\"thumbnailUrl\":\"https:\\\/\\\/gardenersfriend.eu\\\/wp-content\\\/uploads\\\/2025\\\/06\\\/Chwastox-260-Complex-1L.png\",\"datePublished\":\"2025-06-04T19:35:45+00:00\",\"dateModified\":\"2026-03-19T19:58:31+00:00\",\"description\":\"Chwastox Complex 260 ist ein fl\u00fcssiges Herbizid, das zur Bek\u00e4mpfung von breitbl\u00e4ttrigen Unkr\u00e4utern in Weizen und auf Rasenfl\u00e4chen, Sportpl\u00e4tzen und Golfpl\u00e4tzen eingesetzt wird.\",\"breadcrumb\":{\"@id\":\"https:\\\/\\\/gardenersfriend.eu\\\/de\\\/produkt\\\/chwastox-complex-260-ew-herbizid\\\/#breadcrumb\"},\"inLanguage\":\"de\",\"potentialAction\":[{\"@type\":\"ReadAction\",\"target\":[\"https:\\\/\\\/gardenersfriend.eu\\\/de\\\/produkt\\\/chwastox-complex-260-ew-herbizid\\\/\"]}]},{\"@type\":\"ImageObject\",\"inLanguage\":\"de\",\"@id\":\"https:\\\/\\\/gardenersfriend.eu\\\/de\\\/produkt\\\/chwastox-complex-260-ew-herbizid\\\/#primaryimage\",\"url\":\"https:\\\/\\\/gardenersfriend.eu\\\/wp-content\\\/uploads\\\/2025\\\/06\\\/Chwastox-260-Complex-1L.png\",\"contentUrl\":\"https:\\\/\\\/gardenersfriend.eu\\\/wp-content\\\/uploads\\\/2025\\\/06\\\/Chwastox-260-Complex-1L.png\",\"width\":2048,\"height\":2048,\"caption\":\"Chwastox-260-Complex-1L\"},{\"@type\":\"BreadcrumbList\",\"@id\":\"https:\\\/\\\/gardenersfriend.eu\\\/de\\\/produkt\\\/chwastox-complex-260-ew-herbizid\\\/#breadcrumb\",\"itemListElement\":[{\"@type\":\"ListItem\",\"position\":1,\"name\":\"Strona g\u0142\u00f3wna\",\"item\":\"https:\\\/\\\/gardenersfriend.eu\\\/de\\\/\"},{\"@type\":\"ListItem\",\"position\":2,\"name\":\"Shop\",\"item\":\"https:\\\/\\\/gardenersfriend.eu\\\/de\\\/shop\\\/\"},{\"@type\":\"ListItem\",\"position\":3,\"name\":\"Chwastox Complex 260 EW Herbizid\"}]},{\"@type\":\"WebSite\",\"@id\":\"https:\\\/\\\/gardenersfriend.eu\\\/de\\\/#website\",\"url\":\"https:\\\/\\\/gardenersfriend.eu\\\/de\\\/\",\"name\":\"Gardeners Friend\",\"description\":\"herbicides, fertilisers, roundup\",\"publisher\":{\"@id\":\"https:\\\/\\\/gardenersfriend.eu\\\/de\\\/#organization\"},\"potentialAction\":[{\"@type\":\"SearchAction\",\"target\":{\"@type\":\"EntryPoint\",\"urlTemplate\":\"https:\\\/\\\/gardenersfriend.eu\\\/de\\\/?s={search_term_string}\"},\"query-input\":{\"@type\":\"PropertyValueSpecification\",\"valueRequired\":true,\"valueName\":\"search_term_string\"}}],\"inLanguage\":\"de\"},{\"@type\":\"Organization\",\"@id\":\"https:\\\/\\\/gardenersfriend.eu\\\/de\\\/#organization\",\"name\":\"Gardeners Friend\",\"url\":\"https:\\\/\\\/gardenersfriend.eu\\\/de\\\/\",\"logo\":{\"@type\":\"ImageObject\",\"inLanguage\":\"de\",\"@id\":\"https:\\\/\\\/gardenersfriend.eu\\\/de\\\/#\\\/schema\\\/logo\\\/image\\\/\",\"url\":\"https:\\\/\\\/gardenersfriend.eu\\\/wp-content\\\/uploads\\\/2025\\\/09\\\/gf_accepted_big_logo.png\",\"contentUrl\":\"https:\\\/\\\/gardenersfriend.eu\\\/wp-content\\\/uploads\\\/2025\\\/09\\\/gf_accepted_big_logo.png\",\"width\":2000,\"height\":1000,\"caption\":\"Gardeners Friend\"},\"image\":{\"@id\":\"https:\\\/\\\/gardenersfriend.eu\\\/de\\\/#\\\/schema\\\/logo\\\/image\\\/\"},\"sameAs\":[\"https:\\\/\\\/www.facebook.com\\\/people\\\/Gardeners-Friend-Store\\\/61566268054378\\\/\",\"https:\\\/\\\/www.instagram.com\\\/gardeners_friend_store\\\/\"]}]}<\/script>\n<!-- \/ Yoast SEO plugin. -->","yoast_head_json":{"title":"Chwastox Complex 260 EW Herbizid - Gardeners Friend","description":"Chwastox Complex 260 ist ein fl\u00fcssiges Herbizid, das zur Bek\u00e4mpfung von breitbl\u00e4ttrigen Unkr\u00e4utern in Weizen und auf Rasenfl\u00e4chen, Sportpl\u00e4tzen und Golfpl\u00e4tzen eingesetzt wird.","robots":{"index":"index","follow":"follow","max-snippet":"max-snippet:-1","max-image-preview":"max-image-preview:large","max-video-preview":"max-video-preview:-1"},"canonical":"https:\/\/gardenersfriend.eu\/de\/produkt\/chwastox-complex-260-ew-herbizid\/","og_locale":"de_DE","og_type":"article","og_title":"Chwastox Complex 260 EW Herbizid - Gardeners Friend","og_description":"Chwastox Complex 260 ist ein fl\u00fcssiges Herbizid, das zur Bek\u00e4mpfung von breitbl\u00e4ttrigen Unkr\u00e4utern in Weizen und auf Rasenfl\u00e4chen, Sportpl\u00e4tzen und Golfpl\u00e4tzen eingesetzt wird.","og_url":"https:\/\/gardenersfriend.eu\/de\/produkt\/chwastox-complex-260-ew-herbizid\/","og_site_name":"Gardeners Friend","article_publisher":"https:\/\/www.facebook.com\/people\/Gardeners-Friend-Store\/61566268054378\/","article_modified_time":"2026-03-19T19:58:31+00:00","og_image":[{"width":2048,"height":2048,"url":"https:\/\/gardenersfriend.eu\/wp-content\/uploads\/2025\/06\/Chwastox-260-Complex-1L.png","type":"image\/png"}],"twitter_card":"summary_large_image","twitter_misc":{"Gesch\u00e4tzte Lesezeit":"3\u00a0Minuten"},"schema":{"@context":"https:\/\/schema.org","@graph":[{"@type":"WebPage","@id":"https:\/\/gardenersfriend.eu\/de\/produkt\/chwastox-complex-260-ew-herbizid\/","url":"https:\/\/gardenersfriend.eu\/de\/produkt\/chwastox-complex-260-ew-herbizid\/","name":"Chwastox Complex 260 EW Herbizid - Gardeners Friend","isPartOf":{"@id":"https:\/\/gardenersfriend.eu\/de\/#website"},"primaryImageOfPage":{"@id":"https:\/\/gardenersfriend.eu\/de\/produkt\/chwastox-complex-260-ew-herbizid\/#primaryimage"},"image":{"@id":"https:\/\/gardenersfriend.eu\/de\/produkt\/chwastox-complex-260-ew-herbizid\/#primaryimage"},"thumbnailUrl":"https:\/\/gardenersfriend.eu\/wp-content\/uploads\/2025\/06\/Chwastox-260-Complex-1L.png","datePublished":"2025-06-04T19:35:45+00:00","dateModified":"2026-03-19T19:58:31+00:00","description":"Chwastox Complex 260 ist ein fl\u00fcssiges Herbizid, das zur Bek\u00e4mpfung von breitbl\u00e4ttrigen Unkr\u00e4utern in Weizen und auf Rasenfl\u00e4chen, Sportpl\u00e4tzen und Golfpl\u00e4tzen eingesetzt wird.","breadcrumb":{"@id":"https:\/\/gardenersfriend.eu\/de\/produkt\/chwastox-complex-260-ew-herbizid\/#breadcrumb"},"inLanguage":"de","potentialAction":[{"@type":"ReadAction","target":["https:\/\/gardenersfriend.eu\/de\/produkt\/chwastox-complex-260-ew-herbizid\/"]}]},{"@type":"ImageObject","inLanguage":"de","@id":"https:\/\/gardenersfriend.eu\/de\/produkt\/chwastox-complex-260-ew-herbizid\/#primaryimage","url":"https:\/\/gardenersfriend.eu\/wp-content\/uploads\/2025\/06\/Chwastox-260-Complex-1L.png","contentUrl":"https:\/\/gardenersfriend.eu\/wp-content\/uploads\/2025\/06\/Chwastox-260-Complex-1L.png","width":2048,"height":2048,"caption":"Chwastox-260-Complex-1L"},{"@type":"BreadcrumbList","@id":"https:\/\/gardenersfriend.eu\/de\/produkt\/chwastox-complex-260-ew-herbizid\/#breadcrumb","itemListElement":[{"@type":"ListItem","position":1,"name":"Strona g\u0142\u00f3wna","item":"https:\/\/gardenersfriend.eu\/de\/"},{"@type":"ListItem","position":2,"name":"Shop","item":"https:\/\/gardenersfriend.eu\/de\/shop\/"},{"@type":"ListItem","position":3,"name":"Chwastox Complex 260 EW Herbizid"}]},{"@type":"WebSite","@id":"https:\/\/gardenersfriend.eu\/de\/#website","url":"https:\/\/gardenersfriend.eu\/de\/","name":"Gardeners Friend","description":"herbicides, fertilisers, roundup","publisher":{"@id":"https:\/\/gardenersfriend.eu\/de\/#organization"},"potentialAction":[{"@type":"SearchAction","target":{"@type":"EntryPoint","urlTemplate":"https:\/\/gardenersfriend.eu\/de\/?s={search_term_string}"},"query-input":{"@type":"PropertyValueSpecification","valueRequired":true,"valueName":"search_term_string"}}],"inLanguage":"de"},{"@type":"Organization","@id":"https:\/\/gardenersfriend.eu\/de\/#organization","name":"Gardeners Friend","url":"https:\/\/gardenersfriend.eu\/de\/","logo":{"@type":"ImageObject","inLanguage":"de","@id":"https:\/\/gardenersfriend.eu\/de\/#\/schema\/logo\/image\/","url":"https:\/\/gardenersfriend.eu\/wp-content\/uploads\/2025\/09\/gf_accepted_big_logo.png","contentUrl":"https:\/\/gardenersfriend.eu\/wp-content\/uploads\/2025\/09\/gf_accepted_big_logo.png","width":2000,"height":1000,"caption":"Gardeners Friend"},"image":{"@id":"https:\/\/gardenersfriend.eu\/de\/#\/schema\/logo\/image\/"},"sameAs":["https:\/\/www.facebook.com\/people\/Gardeners-Friend-Store\/61566268054378\/","https:\/\/www.instagram.com\/gardeners_friend_store\/"]}]}},"uagb_featured_image_src":{"full":["https:\/\/gardenersfriend.eu\/wp-content\/uploads\/2025\/06\/Chwastox-260-Complex-1L.png",2048,2048,false],"thumbnail":["https:\/\/gardenersfriend.eu\/wp-content\/uploads\/2025\/06\/Chwastox-260-Complex-1L-150x150.png",150,150,true],"medium":["https:\/\/gardenersfriend.eu\/wp-content\/uploads\/2025\/06\/Chwastox-260-Complex-1L-300x300.png",300,300,true],"medium_large":["https:\/\/gardenersfriend.eu\/wp-content\/uploads\/2025\/06\/Chwastox-260-Complex-1L-768x768.png",768,768,true],"large":["https:\/\/gardenersfriend.eu\/wp-content\/uploads\/2025\/06\/Chwastox-260-Complex-1L-1024x1024.png",1024,1024,true],"1536x1536":["https:\/\/gardenersfriend.eu\/wp-content\/uploads\/2025\/06\/Chwastox-260-Complex-1L-1536x1536.png",1536,1536,true],"2048x2048":["https:\/\/gardenersfriend.eu\/wp-content\/uploads\/2025\/06\/Chwastox-260-Complex-1L.png",2048,2048,false],"woocommerce_thumbnail":["https:\/\/gardenersfriend.eu\/wp-content\/uploads\/2025\/06\/Chwastox-260-Complex-1L-300x300.png",300,300,true],"woocommerce_single":["https:\/\/gardenersfriend.eu\/wp-content\/uploads\/2025\/06\/Chwastox-260-Complex-1L-600x600.png",600,600,true],"woocommerce_gallery_thumbnail":["https:\/\/gardenersfriend.eu\/wp-content\/uploads\/2025\/06\/Chwastox-260-Complex-1L-100x100.png",100,100,true]},"uagb_author_info":{"display_name":"admin","author_link":"https:\/\/gardenersfriend.eu\/de\/author\/"},"uagb_comment_info":0,"uagb_excerpt":"Chwastox Complex 260 EW ist ein fl\u00fcssiges Herbizid, das zur Bek\u00e4mpfung von breitbl\u00e4ttrigem Unkraut in Weizen und auf Rasenfl\u00e4chen, Sportpl\u00e4tzen und Golfpl\u00e4tzen eingesetzt wird.","jetpack_sharing_enabled":true,"_links":{"self":[{"href":"https:\/\/gardenersfriend.eu\/de\/wp-json\/wp\/v2\/product\/4596","targetHints":{"allow":["GET"]}}],"collection":[{"href":"https:\/\/gardenersfriend.eu\/de\/wp-json\/wp\/v2\/product"}],"about":[{"href":"https:\/\/gardenersfriend.eu\/de\/wp-json\/wp\/v2\/types\/product"}],"replies":[{"embeddable":true,"href":"https:\/\/gardenersfriend.eu\/de\/wp-json\/wp\/v2\/comments?post=4596"}],"wp:featuredmedia":[{"embeddable":true,"href":"https:\/\/gardenersfriend.eu\/de\/wp-json\/wp\/v2\/media\/4391"}],"wp:attachment":[{"href":"https:\/\/gardenersfriend.eu\/de\/wp-json\/wp\/v2\/media?parent=4596"}],"wp:term":[{"taxonomy":"product_brand","embeddable":true,"href":"https:\/\/gardenersfriend.eu\/de\/wp-json\/wp\/v2\/product_brand?post=4596"},{"taxonomy":"product_cat","embeddable":true,"href":"https:\/\/gardenersfriend.eu\/de\/wp-json\/wp\/v2\/product_cat?post=4596"},{"taxonomy":"product_tag","embeddable":true,"href":"https:\/\/gardenersfriend.eu\/de\/wp-json\/wp\/v2\/product_tag?post=4596"}],"curies":[{"name":"wp","href":"https:\/\/api.w.org\/{rel}","templated":true}]}}