{"id":7052,"date":"2025-09-16T12:57:17","date_gmt":"2025-09-16T10:57:17","guid":{"rendered":"https:\/\/gardenersfriend.eu\/?post_type=product&#038;p=7052"},"modified":"2026-02-19T09:14:27","modified_gmt":"2026-02-19T08:14:27","slug":"herbst-rasendunger-fur-einen-sicheren-winter","status":"publish","type":"product","link":"https:\/\/gardenersfriend.eu\/de\/produkt\/herbst-rasendunger-fur-einen-sicheren-winter\/","title":{"rendered":"Herbst-Rasend\u00fcnger f\u00fcr einen sicheren Winter"},"content":{"rendered":"<h2><strong>Herbst-Rasend\u00fcnger f\u00fcr einen sicheren Winter &#8211; Mr. Green Grass\u00ae<\/strong><\/h2>\n<p>&nbsp;<\/p>\n<p>&#x2714;&#xfe0f; <strong>Sch\u00fctzt Ihren Rasen den ganzen Winter \u00fcber<\/strong><\/p>\n<p>&#x2714;&#xfe0f; <strong>St\u00e4rkt Ihre Grasnarbe gegen strengen Frost<\/strong><\/p>\n<p>&#x2714;&#xfe0f; <strong>F\u00f6rdert das Wachstum im Fr\u00fchjahr<\/strong><\/p>\n<p>&#x2714;&#xfe0f; <strong>ist umweltfreundlich<\/strong><\/p>\n<p>&#x2714;&#xfe0f; <strong>Von Nutzern hoch gesch\u00e4tzt<\/strong><\/p>\n<p>Mr. Green Grass\u00ae Langzeit-Rasend\u00fcnger f\u00fcr den Herbst &#8211; Safe Winter &#8211; bietet eine umfassende Unterst\u00fctzung f\u00fcr Ihren Rasen im Herbst und bereitet ihn auf den kommenden Winter vor. Dieses Produkt sch\u00fctzt die Grasnarbe nicht nur vor den kommenden Wintermonaten, sondern st\u00e4rkt den Rasen auch und erh\u00f6ht seine Widerstandsf\u00e4higkeit gegen extreme Fr\u00f6ste. <\/p>\n<p>Au\u00dferdem regt es die Verzweigung an und tr\u00e4gt so zu einem \u00fcppigen und gesunden Graswachstum im Fr\u00fchjahr bei. Wichtige Inhaltsstoffe wie Kalium und Phosphor erh\u00f6hen nicht nur die Widerstandsf\u00e4higkeit gegen K\u00e4lte und Krankheiten, sondern unterst\u00fctzen auch einen umweltfreundlichen Ansatz bei der Rasenpflege. <\/p>\n<p>Die in unserem Herbstd\u00fcnger verwendete Enhanced GRF (Gradual Release Fertilizer)-Technologie garantiert eine anhaltende, kontrollierte Freisetzung der N\u00e4hrstoffe, so dass diese zum optimalen Zeitpunkt zur Verf\u00fcgung stehen. Dieser Prozess wird durch die Bodenfeuchtigkeit und -temperatur reguliert, unabh\u00e4ngig von anderen Bedingungen wie dem pH-Wert oder der mikrobiellen Aktivit\u00e4t. Er beruht auf einer Polymermembran, die das Eindringen von Wasser erm\u00f6glicht und die N\u00e4hrstoffe aufl\u00f6st. Sobald die N\u00e4hrstoffe aufgebraucht sind, kann die Beschichtung im Boden biologisch abgebaut werden.  <\/p>\n<p>&#x26a0;&#xfe0f; Herk\u00f6mmliche D\u00fcngemittel sind oft schnell ausgelaugt, was in Zeiten intensiven Graswachstums zu N\u00e4hrstoffmangel f\u00fchren kann. Unser Produkt beseitigt dieses Problem, indem es kontinuierlich N\u00e4hrstoffe liefert. Die verbesserte GRF-Technologie macht den &#8222;Safe Winter&#8220;-D\u00fcnger au\u00dfergew\u00f6hnlich effektiv und effizient und passt ihn perfekt an die Bed\u00fcrfnisse Ihres Rasens an.  <\/p>\n<h3><\/h3>\n<h3>&#x23f0; <strong>Anwendung<\/strong><\/h3>\n<p>Herbstd\u00fcnger &#8211; Sicherer Winter &#8211; Mr. Green Grass\u00ae ist der vierte Schritt der Pflege. Wenden Sie ihn einmal zwischen September und November an, am besten direkt nach dem M\u00e4hen, bis zu einer H\u00f6he von 5 cm. <\/p>\n<p>Verteilen Sie ihn gleichm\u00e4\u00dfig mit einer S\u00e4maschine in einer Menge von 3-4 kg pro 100 m\u00b2 (30-40 g\/m\u00b2). Hinweis: Verteilen Sie den D\u00fcnger niemals von Hand, da dies zu ungleichm\u00e4\u00dfigem Wachstum oder sogar zum Verbrennen des Grases f\u00fchren kann! <\/p>\n<p>W\u00e4ssern Sie den Rasen nach der Anwendung gr\u00fcndlich. Denken Sie daran, dass ein Teil des Granulats sichtbar bleiben wird &#8211; diese werden den ganzen Winter \u00fcber N\u00e4hrstoffe abgeben. Um die Pflege im Fr\u00fchjahr fortzusetzen, fahren Sie mit Schritt eins fort und wenden Sie Early Spring Fertilizer &#8211; Quick Regeneration &#8211; Mr. Green Grass\u00ae an.  <\/p>\n<p>&nbsp;<\/p>\n<h3><strong>&#x2696;&#xfe0f; Wie viel D\u00fcnger Sie kaufen sollten  <\/strong><\/h3>\n<h3><strong>Rasenfl\u00e4che &#8211; Anforderungen<\/strong><\/h3>\n<p>&#x2733;&#xfe0f; Fl\u00e4che 60 bis 120 m\u00b2 &#8211; 3 kg<\/p>\n<p>&#x2733;&#xfe0f; Fl\u00e4che 120 bis 180 m\u00b2 &#8211; 5 kg<\/p>\n<p>&#x2733;&#xfe0f; Fl\u00e4che 180 bis 250 m\u00b2 &#8211; 8 kg<\/p>\n<p>&#x2733;&#xfe0f; Fl\u00e4che 250 bis 300 m\u00b2 &#8211; 10 kg<\/p>\n<p>&#x2733;&#xfe0f; Fl\u00e4che 300 bis 350 m\u00b2 &#8211; 13 kg<\/p>\n<p>&#x2733;&#xfe0f; Fl\u00e4che 350 bis 400 m\u00b2 &#8211; 15 kg<\/p>\n<p>&nbsp;<\/p>\n<h3><strong>Parameter:<\/strong><\/h3>\n<p><strong>Nutzung<\/strong><br \/>\nSeptember \/ Oktober \/ November<\/p>\n<p><strong>Verpackung<\/strong><br \/>\n3 kg, 5 kg, 10 kg<\/p>\n<p><strong>Stickstoff [N]<\/strong><br \/>\n12% (6,3% Nitratstickstoff, 5,7% Ammoniumstickstoff)<\/p>\n<p><strong>Wasserl\u00f6slicher Phosphor [P2O5]<\/strong><br \/>\n10%<\/p>\n<p><strong>Wasserl\u00f6sliches Kalium [K2O]<\/strong><br \/>\n15%<\/p>\n<p><strong>Gesamt-Magnesium [MgO]<\/strong><br \/>\n2.2%<\/p>\n<p><strong>Bor [B]<\/strong><br \/>\n0.002%<\/p>\n<p><strong>Kupfer [Cu]<\/strong><br \/>\n0.08%<\/p>\n<p><strong>Eisen [Fe]<\/strong><br \/>\n0.32%<\/p>\n<p>&nbsp;<\/p>\n<p><strong>Kundenrezensionen aus Polen:<\/strong><br \/>\n<a title=\"https:\/\/mrgreengrass.pl\/nawoz-jesienny-do-trawy\/#opinie\" href=\"https:\/\/mrgreengrass.pl\/nawoz-jesienny-do-trawy\/#opinie\">https:\/\/mrgreengrass.pl\/nawoz-jesienny-do-trawy\/#opinie<\/a><\/p>\n<p><strong>Siehe auch: Herbizid f\u00fcr zweikeimbl\u00e4ttrige Pflanzen:<\/strong><\/p>\n<p><a title=\"Chwastox Trio\" href=\"https:\/\/gardenersfriend.eu\/de\/produkt\/chwastox-390-trio-sl-herbizid\/\">Chwastox 390 Trio<\/a><\/p>\n","protected":false},"excerpt":{"rendered":"<p>Langzeit-Rasend\u00fcnger f\u00fcr den Herbst &#8211; Safe Winter &#8211; Mr. Green Grass\u00ae ist eine umfassende Unterst\u00fctzung f\u00fcr Ihren Rasen im Herbst und bereitet ihn auf den Winter vor.<\/p>\n","protected":false},"featured_media":7032,"comment_status":"open","ping_status":"closed","template":"","meta":{"_uag_custom_page_level_css":"","site-sidebar-layout":"default","site-content-layout":"","ast-site-content-layout":"default","site-content-style":"default","site-sidebar-style":"default","ast-global-header-display":"","ast-banner-title-visibility":"","ast-main-header-display":"","ast-hfb-above-header-display":"","ast-hfb-below-header-display":"","ast-hfb-mobile-header-display":"","site-post-title":"","ast-breadcrumbs-content":"","ast-featured-img":"","footer-sml-layout":"","ast-disable-related-posts":"","theme-transparent-header-meta":"default","adv-header-id-meta":"","stick-header-meta":"","header-above-stick-meta":"","header-main-stick-meta":"","header-below-stick-meta":"","astra-migrate-meta-layouts":"set","ast-page-background-enabled":"default","ast-page-background-meta":{"desktop":{"background-color":"var(--ast-global-color-4)","background-image":"","background-repeat":"repeat","background-position":"center center","background-size":"auto","background-attachment":"scroll","background-type":"","background-media":"","overlay-type":"","overlay-color":"","overlay-opacity":"","overlay-gradient":""},"tablet":{"background-color":"","background-image":"","background-repeat":"repeat","background-position":"center center","background-size":"auto","background-attachment":"scroll","background-type":"","background-media":"","overlay-type":"","overlay-color":"","overlay-opacity":"","overlay-gradient":""},"mobile":{"background-color":"","background-image":"","background-repeat":"repeat","background-position":"center center","background-size":"auto","background-attachment":"scroll","background-type":"","background-media":"","overlay-type":"","overlay-color":"","overlay-opacity":"","overlay-gradient":""}},"ast-content-background-meta":{"desktop":{"background-color":"var(--ast-global-color-5)","background-image":"","background-repeat":"repeat","background-position":"center center","background-size":"auto","background-attachment":"scroll","background-type":"","background-media":"","overlay-type":"","overlay-color":"","overlay-opacity":"","overlay-gradient":""},"tablet":{"background-color":"var(--ast-global-color-5)","background-image":"","background-repeat":"repeat","background-position":"center center","background-size":"auto","background-attachment":"scroll","background-type":"","background-media":"","overlay-type":"","overlay-color":"","overlay-opacity":"","overlay-gradient":""},"mobile":{"background-color":"var(--ast-global-color-5)","background-image":"","background-repeat":"repeat","background-position":"center center","background-size":"auto","background-attachment":"scroll","background-type":"","background-media":"","overlay-type":"","overlay-color":"","overlay-opacity":"","overlay-gradient":""}}},"product_brand":[173],"product_cat":[84,169],"product_tag":[],"class_list":{"0":"post-7052","1":"product","2":"type-product","3":"status-publish","4":"has-post-thumbnail","6":"product_brand-mr-green-grass","7":"product_cat-alle-produkte","8":"product_cat-dungemittel","9":"product_shipping_class-alle","10":"desktop-align-left","11":"tablet-align-left","12":"mobile-align-left","14":"first","15":"instock","16":"taxable","17":"shipping-taxable","18":"purchasable","19":"product-type-variable","20":"has-default-attributes"},"yoast_head":"<!-- This site is optimized with the Yoast SEO plugin v27.4 - https:\/\/yoast.com\/product\/yoast-seo-wordpress\/ -->\n<title>Herbst-Rasend\u00fcnger f\u00fcr einen sicheren Winter - Gardeners Friend<\/title>\n<meta name=\"description\" content=\"Langzeit-Rasend\u00fcnger f\u00fcr den Herbst - Safe Winter ist eine umfassende Unterst\u00fctzung f\u00fcr Ihren Rasen im Herbst und bereitet ihn auf den Winter vor.\" \/>\n<meta name=\"robots\" content=\"index, follow, max-snippet:-1, max-image-preview:large, max-video-preview:-1\" \/>\n<link rel=\"canonical\" href=\"https:\/\/gardenersfriend.eu\/de\/produkt\/herbst-rasendunger-fur-einen-sicheren-winter\/\" \/>\n<meta property=\"og:locale\" content=\"de_DE\" \/>\n<meta property=\"og:type\" content=\"article\" \/>\n<meta property=\"og:title\" content=\"Herbst-Rasend\u00fcnger f\u00fcr einen sicheren Winter - Gardeners Friend\" \/>\n<meta property=\"og:description\" content=\"Langzeit-Rasend\u00fcnger f\u00fcr den Herbst - Safe Winter ist eine umfassende Unterst\u00fctzung f\u00fcr Ihren Rasen im Herbst und bereitet ihn auf den Winter vor.\" \/>\n<meta property=\"og:url\" content=\"https:\/\/gardenersfriend.eu\/de\/produkt\/herbst-rasendunger-fur-einen-sicheren-winter\/\" \/>\n<meta property=\"og:site_name\" content=\"Gardeners Friend\" \/>\n<meta property=\"article:publisher\" content=\"https:\/\/www.facebook.com\/people\/Gardeners-Friend-Store\/61566268054378\/\" \/>\n<meta property=\"article:modified_time\" content=\"2026-02-19T08:14:27+00:00\" \/>\n<meta property=\"og:image\" content=\"https:\/\/gardenersfriend.eu\/wp-content\/uploads\/2025\/09\/mr_green_grass_1.jpg\" \/>\n\t<meta property=\"og:image:width\" content=\"1100\" \/>\n\t<meta property=\"og:image:height\" content=\"1100\" \/>\n\t<meta property=\"og:image:type\" content=\"image\/jpeg\" \/>\n<meta name=\"twitter:card\" content=\"summary_large_image\" \/>\n<meta name=\"twitter:label1\" content=\"Gesch\u00e4tzte Lesezeit\" \/>\n\t<meta name=\"twitter:data1\" content=\"3\u00a0Minuten\" \/>\n<script type=\"application\/ld+json\" class=\"yoast-schema-graph\">{\"@context\":\"https:\\\/\\\/schema.org\",\"@graph\":[{\"@type\":\"WebPage\",\"@id\":\"https:\\\/\\\/gardenersfriend.eu\\\/de\\\/produkt\\\/herbst-rasendunger-fur-einen-sicheren-winter\\\/\",\"url\":\"https:\\\/\\\/gardenersfriend.eu\\\/de\\\/produkt\\\/herbst-rasendunger-fur-einen-sicheren-winter\\\/\",\"name\":\"Herbst-Rasend\u00fcnger f\u00fcr einen sicheren Winter - Gardeners Friend\",\"isPartOf\":{\"@id\":\"https:\\\/\\\/gardenersfriend.eu\\\/de\\\/#website\"},\"primaryImageOfPage\":{\"@id\":\"https:\\\/\\\/gardenersfriend.eu\\\/de\\\/produkt\\\/herbst-rasendunger-fur-einen-sicheren-winter\\\/#primaryimage\"},\"image\":{\"@id\":\"https:\\\/\\\/gardenersfriend.eu\\\/de\\\/produkt\\\/herbst-rasendunger-fur-einen-sicheren-winter\\\/#primaryimage\"},\"thumbnailUrl\":\"https:\\\/\\\/gardenersfriend.eu\\\/wp-content\\\/uploads\\\/2025\\\/09\\\/mr_green_grass_1.jpg\",\"datePublished\":\"2025-09-16T10:57:17+00:00\",\"dateModified\":\"2026-02-19T08:14:27+00:00\",\"description\":\"Langzeit-Rasend\u00fcnger f\u00fcr den Herbst - Safe Winter ist eine umfassende Unterst\u00fctzung f\u00fcr Ihren Rasen im Herbst und bereitet ihn auf den Winter vor.\",\"breadcrumb\":{\"@id\":\"https:\\\/\\\/gardenersfriend.eu\\\/de\\\/produkt\\\/herbst-rasendunger-fur-einen-sicheren-winter\\\/#breadcrumb\"},\"inLanguage\":\"de\",\"potentialAction\":[{\"@type\":\"ReadAction\",\"target\":[\"https:\\\/\\\/gardenersfriend.eu\\\/de\\\/produkt\\\/herbst-rasendunger-fur-einen-sicheren-winter\\\/\"]}]},{\"@type\":\"ImageObject\",\"inLanguage\":\"de\",\"@id\":\"https:\\\/\\\/gardenersfriend.eu\\\/de\\\/produkt\\\/herbst-rasendunger-fur-einen-sicheren-winter\\\/#primaryimage\",\"url\":\"https:\\\/\\\/gardenersfriend.eu\\\/wp-content\\\/uploads\\\/2025\\\/09\\\/mr_green_grass_1.jpg\",\"contentUrl\":\"https:\\\/\\\/gardenersfriend.eu\\\/wp-content\\\/uploads\\\/2025\\\/09\\\/mr_green_grass_1.jpg\",\"width\":1100,\"height\":1100,\"caption\":\"Herbst-Rasend\u00fcnger f\u00fcr einen sicheren Winter\"},{\"@type\":\"BreadcrumbList\",\"@id\":\"https:\\\/\\\/gardenersfriend.eu\\\/de\\\/produkt\\\/herbst-rasendunger-fur-einen-sicheren-winter\\\/#breadcrumb\",\"itemListElement\":[{\"@type\":\"ListItem\",\"position\":1,\"name\":\"Strona g\u0142\u00f3wna\",\"item\":\"https:\\\/\\\/gardenersfriend.eu\\\/de\\\/\"},{\"@type\":\"ListItem\",\"position\":2,\"name\":\"Shop\",\"item\":\"https:\\\/\\\/gardenersfriend.eu\\\/de\\\/shop\\\/\"},{\"@type\":\"ListItem\",\"position\":3,\"name\":\"Herbst-Rasend\u00fcnger f\u00fcr einen sicheren Winter\"}]},{\"@type\":\"WebSite\",\"@id\":\"https:\\\/\\\/gardenersfriend.eu\\\/de\\\/#website\",\"url\":\"https:\\\/\\\/gardenersfriend.eu\\\/de\\\/\",\"name\":\"Gardeners Friend\",\"description\":\"herbicides, fertilisers, roundup\",\"publisher\":{\"@id\":\"https:\\\/\\\/gardenersfriend.eu\\\/de\\\/#organization\"},\"potentialAction\":[{\"@type\":\"SearchAction\",\"target\":{\"@type\":\"EntryPoint\",\"urlTemplate\":\"https:\\\/\\\/gardenersfriend.eu\\\/de\\\/?s={search_term_string}\"},\"query-input\":{\"@type\":\"PropertyValueSpecification\",\"valueRequired\":true,\"valueName\":\"search_term_string\"}}],\"inLanguage\":\"de\"},{\"@type\":\"Organization\",\"@id\":\"https:\\\/\\\/gardenersfriend.eu\\\/de\\\/#organization\",\"name\":\"Gardeners Friend\",\"url\":\"https:\\\/\\\/gardenersfriend.eu\\\/de\\\/\",\"logo\":{\"@type\":\"ImageObject\",\"inLanguage\":\"de\",\"@id\":\"https:\\\/\\\/gardenersfriend.eu\\\/de\\\/#\\\/schema\\\/logo\\\/image\\\/\",\"url\":\"https:\\\/\\\/gardenersfriend.eu\\\/wp-content\\\/uploads\\\/2025\\\/09\\\/gf_accepted_big_logo.png\",\"contentUrl\":\"https:\\\/\\\/gardenersfriend.eu\\\/wp-content\\\/uploads\\\/2025\\\/09\\\/gf_accepted_big_logo.png\",\"width\":2000,\"height\":1000,\"caption\":\"Gardeners Friend\"},\"image\":{\"@id\":\"https:\\\/\\\/gardenersfriend.eu\\\/de\\\/#\\\/schema\\\/logo\\\/image\\\/\"},\"sameAs\":[\"https:\\\/\\\/www.facebook.com\\\/people\\\/Gardeners-Friend-Store\\\/61566268054378\\\/\",\"https:\\\/\\\/www.instagram.com\\\/gardeners_friend_store\\\/\"]}]}<\/script>\n<!-- \/ Yoast SEO plugin. -->","yoast_head_json":{"title":"Herbst-Rasend\u00fcnger f\u00fcr einen sicheren Winter - Gardeners Friend","description":"Langzeit-Rasend\u00fcnger f\u00fcr den Herbst - Safe Winter ist eine umfassende Unterst\u00fctzung f\u00fcr Ihren Rasen im Herbst und bereitet ihn auf den Winter vor.","robots":{"index":"index","follow":"follow","max-snippet":"max-snippet:-1","max-image-preview":"max-image-preview:large","max-video-preview":"max-video-preview:-1"},"canonical":"https:\/\/gardenersfriend.eu\/de\/produkt\/herbst-rasendunger-fur-einen-sicheren-winter\/","og_locale":"de_DE","og_type":"article","og_title":"Herbst-Rasend\u00fcnger f\u00fcr einen sicheren Winter - Gardeners Friend","og_description":"Langzeit-Rasend\u00fcnger f\u00fcr den Herbst - Safe Winter ist eine umfassende Unterst\u00fctzung f\u00fcr Ihren Rasen im Herbst und bereitet ihn auf den Winter vor.","og_url":"https:\/\/gardenersfriend.eu\/de\/produkt\/herbst-rasendunger-fur-einen-sicheren-winter\/","og_site_name":"Gardeners Friend","article_publisher":"https:\/\/www.facebook.com\/people\/Gardeners-Friend-Store\/61566268054378\/","article_modified_time":"2026-02-19T08:14:27+00:00","og_image":[{"width":1100,"height":1100,"url":"https:\/\/gardenersfriend.eu\/wp-content\/uploads\/2025\/09\/mr_green_grass_1.jpg","type":"image\/jpeg"}],"twitter_card":"summary_large_image","twitter_misc":{"Gesch\u00e4tzte Lesezeit":"3\u00a0Minuten"},"schema":{"@context":"https:\/\/schema.org","@graph":[{"@type":"WebPage","@id":"https:\/\/gardenersfriend.eu\/de\/produkt\/herbst-rasendunger-fur-einen-sicheren-winter\/","url":"https:\/\/gardenersfriend.eu\/de\/produkt\/herbst-rasendunger-fur-einen-sicheren-winter\/","name":"Herbst-Rasend\u00fcnger f\u00fcr einen sicheren Winter - Gardeners Friend","isPartOf":{"@id":"https:\/\/gardenersfriend.eu\/de\/#website"},"primaryImageOfPage":{"@id":"https:\/\/gardenersfriend.eu\/de\/produkt\/herbst-rasendunger-fur-einen-sicheren-winter\/#primaryimage"},"image":{"@id":"https:\/\/gardenersfriend.eu\/de\/produkt\/herbst-rasendunger-fur-einen-sicheren-winter\/#primaryimage"},"thumbnailUrl":"https:\/\/gardenersfriend.eu\/wp-content\/uploads\/2025\/09\/mr_green_grass_1.jpg","datePublished":"2025-09-16T10:57:17+00:00","dateModified":"2026-02-19T08:14:27+00:00","description":"Langzeit-Rasend\u00fcnger f\u00fcr den Herbst - Safe Winter ist eine umfassende Unterst\u00fctzung f\u00fcr Ihren Rasen im Herbst und bereitet ihn auf den Winter vor.","breadcrumb":{"@id":"https:\/\/gardenersfriend.eu\/de\/produkt\/herbst-rasendunger-fur-einen-sicheren-winter\/#breadcrumb"},"inLanguage":"de","potentialAction":[{"@type":"ReadAction","target":["https:\/\/gardenersfriend.eu\/de\/produkt\/herbst-rasendunger-fur-einen-sicheren-winter\/"]}]},{"@type":"ImageObject","inLanguage":"de","@id":"https:\/\/gardenersfriend.eu\/de\/produkt\/herbst-rasendunger-fur-einen-sicheren-winter\/#primaryimage","url":"https:\/\/gardenersfriend.eu\/wp-content\/uploads\/2025\/09\/mr_green_grass_1.jpg","contentUrl":"https:\/\/gardenersfriend.eu\/wp-content\/uploads\/2025\/09\/mr_green_grass_1.jpg","width":1100,"height":1100,"caption":"Herbst-Rasend\u00fcnger f\u00fcr einen sicheren Winter"},{"@type":"BreadcrumbList","@id":"https:\/\/gardenersfriend.eu\/de\/produkt\/herbst-rasendunger-fur-einen-sicheren-winter\/#breadcrumb","itemListElement":[{"@type":"ListItem","position":1,"name":"Strona g\u0142\u00f3wna","item":"https:\/\/gardenersfriend.eu\/de\/"},{"@type":"ListItem","position":2,"name":"Shop","item":"https:\/\/gardenersfriend.eu\/de\/shop\/"},{"@type":"ListItem","position":3,"name":"Herbst-Rasend\u00fcnger f\u00fcr einen sicheren Winter"}]},{"@type":"WebSite","@id":"https:\/\/gardenersfriend.eu\/de\/#website","url":"https:\/\/gardenersfriend.eu\/de\/","name":"Gardeners Friend","description":"herbicides, fertilisers, roundup","publisher":{"@id":"https:\/\/gardenersfriend.eu\/de\/#organization"},"potentialAction":[{"@type":"SearchAction","target":{"@type":"EntryPoint","urlTemplate":"https:\/\/gardenersfriend.eu\/de\/?s={search_term_string}"},"query-input":{"@type":"PropertyValueSpecification","valueRequired":true,"valueName":"search_term_string"}}],"inLanguage":"de"},{"@type":"Organization","@id":"https:\/\/gardenersfriend.eu\/de\/#organization","name":"Gardeners Friend","url":"https:\/\/gardenersfriend.eu\/de\/","logo":{"@type":"ImageObject","inLanguage":"de","@id":"https:\/\/gardenersfriend.eu\/de\/#\/schema\/logo\/image\/","url":"https:\/\/gardenersfriend.eu\/wp-content\/uploads\/2025\/09\/gf_accepted_big_logo.png","contentUrl":"https:\/\/gardenersfriend.eu\/wp-content\/uploads\/2025\/09\/gf_accepted_big_logo.png","width":2000,"height":1000,"caption":"Gardeners Friend"},"image":{"@id":"https:\/\/gardenersfriend.eu\/de\/#\/schema\/logo\/image\/"},"sameAs":["https:\/\/www.facebook.com\/people\/Gardeners-Friend-Store\/61566268054378\/","https:\/\/www.instagram.com\/gardeners_friend_store\/"]}]}},"uagb_featured_image_src":{"full":["https:\/\/gardenersfriend.eu\/wp-content\/uploads\/2025\/09\/mr_green_grass_1.jpg",1100,1100,false],"thumbnail":["https:\/\/gardenersfriend.eu\/wp-content\/uploads\/2025\/09\/mr_green_grass_1-150x150.jpg",150,150,true],"medium":["https:\/\/gardenersfriend.eu\/wp-content\/uploads\/2025\/09\/mr_green_grass_1-300x300.jpg",300,300,true],"medium_large":["https:\/\/gardenersfriend.eu\/wp-content\/uploads\/2025\/09\/mr_green_grass_1-768x768.jpg",768,768,true],"large":["https:\/\/gardenersfriend.eu\/wp-content\/uploads\/2025\/09\/mr_green_grass_1-1024x1024.jpg",1024,1024,true],"1536x1536":["https:\/\/gardenersfriend.eu\/wp-content\/uploads\/2025\/09\/mr_green_grass_1.jpg",1100,1100,false],"2048x2048":["https:\/\/gardenersfriend.eu\/wp-content\/uploads\/2025\/09\/mr_green_grass_1.jpg",1100,1100,false],"woocommerce_thumbnail":["https:\/\/gardenersfriend.eu\/wp-content\/uploads\/2025\/09\/mr_green_grass_1-300x300.jpg",300,300,true],"woocommerce_single":["https:\/\/gardenersfriend.eu\/wp-content\/uploads\/2025\/09\/mr_green_grass_1-600x600.jpg",600,600,true],"woocommerce_gallery_thumbnail":["https:\/\/gardenersfriend.eu\/wp-content\/uploads\/2025\/09\/mr_green_grass_1-100x100.jpg",100,100,true]},"uagb_author_info":{"display_name":"admin","author_link":"https:\/\/gardenersfriend.eu\/de\/author\/"},"uagb_comment_info":0,"uagb_excerpt":"Langzeit-Rasend\u00fcnger f\u00fcr den Herbst - Safe Winter - Mr. Green Grass\u00ae ist eine umfassende Unterst\u00fctzung f\u00fcr Ihren Rasen im Herbst und bereitet ihn auf den Winter vor.","jetpack_sharing_enabled":true,"_links":{"self":[{"href":"https:\/\/gardenersfriend.eu\/de\/wp-json\/wp\/v2\/product\/7052","targetHints":{"allow":["GET"]}}],"collection":[{"href":"https:\/\/gardenersfriend.eu\/de\/wp-json\/wp\/v2\/product"}],"about":[{"href":"https:\/\/gardenersfriend.eu\/de\/wp-json\/wp\/v2\/types\/product"}],"replies":[{"embeddable":true,"href":"https:\/\/gardenersfriend.eu\/de\/wp-json\/wp\/v2\/comments?post=7052"}],"wp:featuredmedia":[{"embeddable":true,"href":"https:\/\/gardenersfriend.eu\/de\/wp-json\/wp\/v2\/media\/7032"}],"wp:attachment":[{"href":"https:\/\/gardenersfriend.eu\/de\/wp-json\/wp\/v2\/media?parent=7052"}],"wp:term":[{"taxonomy":"product_brand","embeddable":true,"href":"https:\/\/gardenersfriend.eu\/de\/wp-json\/wp\/v2\/product_brand?post=7052"},{"taxonomy":"product_cat","embeddable":true,"href":"https:\/\/gardenersfriend.eu\/de\/wp-json\/wp\/v2\/product_cat?post=7052"},{"taxonomy":"product_tag","embeddable":true,"href":"https:\/\/gardenersfriend.eu\/de\/wp-json\/wp\/v2\/product_tag?post=7052"}],"curies":[{"name":"wp","href":"https:\/\/api.w.org\/{rel}","templated":true}]}}