{"id":7167,"date":"2025-09-19T22:41:07","date_gmt":"2025-09-19T20:41:07","guid":{"rendered":"https:\/\/gardenersfriend.eu\/?post_type=product&#038;p=7167"},"modified":"2026-03-19T21:18:22","modified_gmt":"2026-03-19T20:18:22","slug":"fantasia-800-ec-herbizid","status":"publish","type":"product","link":"https:\/\/gardenersfriend.eu\/de\/produkt\/fantasia-800-ec-herbizid\/","title":{"rendered":"Fantasia 800 EC Herbizid"},"content":{"rendered":"<h2 class=\"Polaris-Text--root Polaris-Text--headingLg Polaris-Text--semibold Polaris-Text--base\" tabindex=\"-1\">Fantasia 800 EC<\/h2>\n<p>Fantasia 800 ist ein selektives Herbizid mit systemischer Wirkung zur Boden- und Blattanwendung in Form eines emulgierbaren Konzentrats (EC). Nach der HRAC-Klassifizierung ist der Wirkstoff Prosulfocarb in Gruppe 15 (fr\u00fcher Gruppe K3\/N) eingestuft. <\/p>\n<h3>Beschreibung der Aktion<\/h3>\n<p>Dieses Herbizid in Form eines w\u00e4ssrigen Emulsionskonzentrats (EC) wird auf den Boden und das Blattwerk aufgetragen und ist f\u00fcr die selektive Bek\u00e4mpfung bestimmter ein- und zweikeimbl\u00e4ttriger einj\u00e4hriger Unkr\u00e4uter bestimmt.<\/p>\n<h3>Ma\u00dfnahmen gegen Unkraut<\/h3>\n<p>Das Produkt wird innerhalb von 1 Stunde nach der Anwendung von den Unkr\u00e4utern aufgenommen. Regenf\u00e4lle nach dieser Zeit beeintr\u00e4chtigen die Wirksamkeit des Produkts nicht. Der optimale Anwendungszeitraum liegt vor und kurz nach dem Auflaufen der Unkr\u00e4uter, also in den fr\u00fchen Entwicklungsstadien.  <\/p>\n<p><strong>Anf\u00e4llige Unkr\u00e4uter:<\/strong> Gew\u00f6hnliche Vogelmiere, Purpurrote Taubnessel, Wei\u00dfer G\u00e4nsefu\u00df, Getreideginster, Efeu-Ehrenpreis, Persischer Ehrenpreis, Cleaver.<\/p>\n<p><strong>Mittelm\u00e4\u00dfig anf\u00e4llige Unkr\u00e4uter:<\/strong> Ackerstiefm\u00fctterchen, Klatschmohn, Ackerwinde, Gemeine Kamille, Einj\u00e4hriges Rispengras.<\/p>\n<p><strong>Resistente Unkr\u00e4uter:<\/strong> Gew\u00f6hnliches Unkraut<\/p>\n<h3>Fantasia 800 Anmeldung<\/h3>\n<p>Dieses Produkt ist f\u00fcr den Einsatz mit selbstfahrenden oder traktormontierten Feldspritzen vorgesehen.<\/p>\n<h3>Alle Details finden Sie auf dem Etikett unten!<\/h3>\n<p>Klicken Sie hier:<span style=\"color: #f10d0d;\"> <a title=\"Etikett_Fantasia800_DE\" href=\"https:\/\/gardenersfriend.eu\/wp-content\/uploads\/2026\/02\/Fantasia_800_DE.pdf\">Etikett_Fantasia800_DE<\/a><\/span><\/p>\n<p>Sehen Sie unsere anderen Produkte: <a href=\"https:\/\/gardenersfriend.eu\/de\/shop\/\">Alle Produkte<\/a><\/p>\n<h5 style=\"color: #bcbcbc;\">Legal Information<\/h5>\n<p style=\"color: #bcbcbc;\">\nHints! Use pesticides carefully. \nBefore use read the label and product information.\nUse by non-professional users permitted.\nException: The buyer from Belgium declares that\nat the time of purchase he has full legal capacity\nand has the appropriate qualifications required from\npersons purchasing plant protection products.\n\nPursuant to Art. 28 of the Act of March 8, 2013 on plant protection products (Journal of Laws 2020, item 2097), from November 26, 2015, plant protection products intended for professional users may be sold to people who:\n\nPoint 1 - have completed training in the use of plant protection products in the Republic of Poland confirmed by a certificate of completion of this training, or\n\nPoint 2 - have completed training in advising on plant protection products in the Republic of Poland confirmed by a certificate of completion of this training, or\n\nPoint 3 - have completed training in integrated crop production confirmed by a certificate of completion of this training, or\n\nPoint 4 - not earlier than 5 years, prior to the purchase of these funds, have completed the training required from professional users in another Member State of the European Union or in a country being a party to the Agreement on the European Economic Area, on the basis of the provisions in force in that country, confirmed by a document of completion of this training, or they have presented another document issued under the regulations in force in that country, confirming that they obtained authorization to purchase plant protection products intended for professional users.\n\nImportent!\n\nOnly people over 18 years of age can use plant protection products.\n\nPlant protection products should be used safely.\n\nBefore each use, read the information provided on the label and product information.\n\n\n<\/p>\n","protected":false},"excerpt":{"rendered":"<p>Fantasia 800 EC Fantasia 800 ist ein selektives Herbizid mit systemischer Wirkung zur Boden- und Blattanwendung in Form eines emulgierbaren Konzentrats (EC). Nach der HRAC-Klassifizierung ist der Wirkstoff Prosulfocarb in Gruppe 15 (fr\u00fcher Gruppe K3\/N) eingestuft. Beschreibung der Aktion Dieses Herbizid in Form eines w\u00e4ssrigen Emulsionskonzentrats (EC) wird auf den Boden und das Blattwerk aufgetragen [&hellip;]<\/p>\n","protected":false},"featured_media":7156,"comment_status":"open","ping_status":"closed","template":"","meta":{"_uag_custom_page_level_css":"","site-sidebar-layout":"default","site-content-layout":"","ast-site-content-layout":"default","site-content-style":"default","site-sidebar-style":"default","ast-global-header-display":"","ast-banner-title-visibility":"","ast-main-header-display":"","ast-hfb-above-header-display":"","ast-hfb-below-header-display":"","ast-hfb-mobile-header-display":"","site-post-title":"","ast-breadcrumbs-content":"","ast-featured-img":"","footer-sml-layout":"","ast-disable-related-posts":"","theme-transparent-header-meta":"default","adv-header-id-meta":"","stick-header-meta":"","header-above-stick-meta":"","header-main-stick-meta":"","header-below-stick-meta":"","astra-migrate-meta-layouts":"set","ast-page-background-enabled":"default","ast-page-background-meta":{"desktop":{"background-color":"var(--ast-global-color-4)","background-image":"","background-repeat":"repeat","background-position":"center center","background-size":"auto","background-attachment":"scroll","background-type":"","background-media":"","overlay-type":"","overlay-color":"","overlay-opacity":"","overlay-gradient":""},"tablet":{"background-color":"","background-image":"","background-repeat":"repeat","background-position":"center center","background-size":"auto","background-attachment":"scroll","background-type":"","background-media":"","overlay-type":"","overlay-color":"","overlay-opacity":"","overlay-gradient":""},"mobile":{"background-color":"","background-image":"","background-repeat":"repeat","background-position":"center center","background-size":"auto","background-attachment":"scroll","background-type":"","background-media":"","overlay-type":"","overlay-color":"","overlay-opacity":"","overlay-gradient":""}},"ast-content-background-meta":{"desktop":{"background-color":"var(--ast-global-color-5)","background-image":"","background-repeat":"repeat","background-position":"center center","background-size":"auto","background-attachment":"scroll","background-type":"","background-media":"","overlay-type":"","overlay-color":"","overlay-opacity":"","overlay-gradient":""},"tablet":{"background-color":"var(--ast-global-color-5)","background-image":"","background-repeat":"repeat","background-position":"center center","background-size":"auto","background-attachment":"scroll","background-type":"","background-media":"","overlay-type":"","overlay-color":"","overlay-opacity":"","overlay-gradient":""},"mobile":{"background-color":"var(--ast-global-color-5)","background-image":"","background-repeat":"repeat","background-position":"center center","background-size":"auto","background-attachment":"scroll","background-type":"","background-media":"","overlay-type":"","overlay-color":"","overlay-opacity":"","overlay-gradient":""}}},"product_brand":[],"product_cat":[84,176],"product_tag":[],"class_list":{"0":"post-7167","1":"product","2":"type-product","3":"status-publish","4":"has-post-thumbnail","6":"product_cat-alle-produkte","7":"product_cat-herbizid","8":"product_shipping_class-alle","9":"desktop-align-left","10":"tablet-align-left","11":"mobile-align-left","13":"first","14":"instock","15":"taxable","16":"shipping-taxable","17":"purchasable","18":"product-type-variable","19":"has-default-attributes"},"yoast_head":"<!-- This site is optimized with the Yoast SEO plugin v27.4 - https:\/\/yoast.com\/product\/yoast-seo-wordpress\/ -->\n<title>Fantasia 800 EC Herbizid - Gardeners Friend<\/title>\n<meta name=\"description\" content=\"Fantasia 800 EC ist ein selektives Herbizid mit systemischer Wirkung zur Boden- und Blattanwendung in Form eines emulgierbaren Konzentrats.\" \/>\n<meta name=\"robots\" content=\"index, follow, max-snippet:-1, max-image-preview:large, max-video-preview:-1\" \/>\n<link rel=\"canonical\" href=\"https:\/\/gardenersfriend.eu\/de\/produkt\/fantasia-800-ec-herbizid\/\" \/>\n<meta property=\"og:locale\" content=\"de_DE\" \/>\n<meta property=\"og:type\" content=\"article\" \/>\n<meta property=\"og:title\" content=\"Fantasia 800 EC Herbizid - Gardeners Friend\" \/>\n<meta property=\"og:description\" content=\"Fantasia 800 EC ist ein selektives Herbizid mit systemischer Wirkung zur Boden- und Blattanwendung in Form eines emulgierbaren Konzentrats.\" \/>\n<meta property=\"og:url\" content=\"https:\/\/gardenersfriend.eu\/de\/produkt\/fantasia-800-ec-herbizid\/\" \/>\n<meta property=\"og:site_name\" content=\"Gardeners Friend\" \/>\n<meta property=\"article:publisher\" content=\"https:\/\/www.facebook.com\/people\/Gardeners-Friend-Store\/61566268054378\/\" \/>\n<meta property=\"article:modified_time\" content=\"2026-03-19T20:18:22+00:00\" \/>\n<meta property=\"og:image\" content=\"https:\/\/gardenersfriend.eu\/wp-content\/uploads\/2025\/09\/fantasia800ec-1l.jpg\" \/>\n\t<meta property=\"og:image:width\" content=\"482\" \/>\n\t<meta property=\"og:image:height\" content=\"482\" \/>\n\t<meta property=\"og:image:type\" content=\"image\/jpeg\" \/>\n<meta name=\"twitter:card\" content=\"summary_large_image\" \/>\n<meta name=\"twitter:label1\" content=\"Gesch\u00e4tzte Lesezeit\" \/>\n\t<meta name=\"twitter:data1\" content=\"1\u00a0Minute\" \/>\n<script type=\"application\/ld+json\" class=\"yoast-schema-graph\">{\"@context\":\"https:\\\/\\\/schema.org\",\"@graph\":[{\"@type\":\"WebPage\",\"@id\":\"https:\\\/\\\/gardenersfriend.eu\\\/de\\\/produkt\\\/fantasia-800-ec-herbizid\\\/\",\"url\":\"https:\\\/\\\/gardenersfriend.eu\\\/de\\\/produkt\\\/fantasia-800-ec-herbizid\\\/\",\"name\":\"Fantasia 800 EC Herbizid - Gardeners Friend\",\"isPartOf\":{\"@id\":\"https:\\\/\\\/gardenersfriend.eu\\\/de\\\/#website\"},\"primaryImageOfPage\":{\"@id\":\"https:\\\/\\\/gardenersfriend.eu\\\/de\\\/produkt\\\/fantasia-800-ec-herbizid\\\/#primaryimage\"},\"image\":{\"@id\":\"https:\\\/\\\/gardenersfriend.eu\\\/de\\\/produkt\\\/fantasia-800-ec-herbizid\\\/#primaryimage\"},\"thumbnailUrl\":\"https:\\\/\\\/gardenersfriend.eu\\\/wp-content\\\/uploads\\\/2025\\\/09\\\/fantasia800ec-1l.jpg\",\"datePublished\":\"2025-09-19T20:41:07+00:00\",\"dateModified\":\"2026-03-19T20:18:22+00:00\",\"description\":\"Fantasia 800 EC ist ein selektives Herbizid mit systemischer Wirkung zur Boden- und Blattanwendung in Form eines emulgierbaren Konzentrats.\",\"breadcrumb\":{\"@id\":\"https:\\\/\\\/gardenersfriend.eu\\\/de\\\/produkt\\\/fantasia-800-ec-herbizid\\\/#breadcrumb\"},\"inLanguage\":\"de\",\"potentialAction\":[{\"@type\":\"ReadAction\",\"target\":[\"https:\\\/\\\/gardenersfriend.eu\\\/de\\\/produkt\\\/fantasia-800-ec-herbizid\\\/\"]}]},{\"@type\":\"ImageObject\",\"inLanguage\":\"de\",\"@id\":\"https:\\\/\\\/gardenersfriend.eu\\\/de\\\/produkt\\\/fantasia-800-ec-herbizid\\\/#primaryimage\",\"url\":\"https:\\\/\\\/gardenersfriend.eu\\\/wp-content\\\/uploads\\\/2025\\\/09\\\/fantasia800ec-1l.jpg\",\"contentUrl\":\"https:\\\/\\\/gardenersfriend.eu\\\/wp-content\\\/uploads\\\/2025\\\/09\\\/fantasia800ec-1l.jpg\",\"width\":482,\"height\":482,\"caption\":\"Fantasia 800 1L Gardeners Friend\"},{\"@type\":\"BreadcrumbList\",\"@id\":\"https:\\\/\\\/gardenersfriend.eu\\\/de\\\/produkt\\\/fantasia-800-ec-herbizid\\\/#breadcrumb\",\"itemListElement\":[{\"@type\":\"ListItem\",\"position\":1,\"name\":\"Strona g\u0142\u00f3wna\",\"item\":\"https:\\\/\\\/gardenersfriend.eu\\\/de\\\/\"},{\"@type\":\"ListItem\",\"position\":2,\"name\":\"Shop\",\"item\":\"https:\\\/\\\/gardenersfriend.eu\\\/de\\\/shop\\\/\"},{\"@type\":\"ListItem\",\"position\":3,\"name\":\"Fantasia 800 EC Herbizid\"}]},{\"@type\":\"WebSite\",\"@id\":\"https:\\\/\\\/gardenersfriend.eu\\\/de\\\/#website\",\"url\":\"https:\\\/\\\/gardenersfriend.eu\\\/de\\\/\",\"name\":\"Gardeners Friend\",\"description\":\"herbicides, fertilisers, roundup\",\"publisher\":{\"@id\":\"https:\\\/\\\/gardenersfriend.eu\\\/de\\\/#organization\"},\"potentialAction\":[{\"@type\":\"SearchAction\",\"target\":{\"@type\":\"EntryPoint\",\"urlTemplate\":\"https:\\\/\\\/gardenersfriend.eu\\\/de\\\/?s={search_term_string}\"},\"query-input\":{\"@type\":\"PropertyValueSpecification\",\"valueRequired\":true,\"valueName\":\"search_term_string\"}}],\"inLanguage\":\"de\"},{\"@type\":\"Organization\",\"@id\":\"https:\\\/\\\/gardenersfriend.eu\\\/de\\\/#organization\",\"name\":\"Gardeners Friend\",\"url\":\"https:\\\/\\\/gardenersfriend.eu\\\/de\\\/\",\"logo\":{\"@type\":\"ImageObject\",\"inLanguage\":\"de\",\"@id\":\"https:\\\/\\\/gardenersfriend.eu\\\/de\\\/#\\\/schema\\\/logo\\\/image\\\/\",\"url\":\"https:\\\/\\\/gardenersfriend.eu\\\/wp-content\\\/uploads\\\/2025\\\/09\\\/gf_accepted_big_logo.png\",\"contentUrl\":\"https:\\\/\\\/gardenersfriend.eu\\\/wp-content\\\/uploads\\\/2025\\\/09\\\/gf_accepted_big_logo.png\",\"width\":2000,\"height\":1000,\"caption\":\"Gardeners Friend\"},\"image\":{\"@id\":\"https:\\\/\\\/gardenersfriend.eu\\\/de\\\/#\\\/schema\\\/logo\\\/image\\\/\"},\"sameAs\":[\"https:\\\/\\\/www.facebook.com\\\/people\\\/Gardeners-Friend-Store\\\/61566268054378\\\/\",\"https:\\\/\\\/www.instagram.com\\\/gardeners_friend_store\\\/\"]}]}<\/script>\n<!-- \/ Yoast SEO plugin. -->","yoast_head_json":{"title":"Fantasia 800 EC Herbizid - Gardeners Friend","description":"Fantasia 800 EC ist ein selektives Herbizid mit systemischer Wirkung zur Boden- und Blattanwendung in Form eines emulgierbaren Konzentrats.","robots":{"index":"index","follow":"follow","max-snippet":"max-snippet:-1","max-image-preview":"max-image-preview:large","max-video-preview":"max-video-preview:-1"},"canonical":"https:\/\/gardenersfriend.eu\/de\/produkt\/fantasia-800-ec-herbizid\/","og_locale":"de_DE","og_type":"article","og_title":"Fantasia 800 EC Herbizid - Gardeners Friend","og_description":"Fantasia 800 EC ist ein selektives Herbizid mit systemischer Wirkung zur Boden- und Blattanwendung in Form eines emulgierbaren Konzentrats.","og_url":"https:\/\/gardenersfriend.eu\/de\/produkt\/fantasia-800-ec-herbizid\/","og_site_name":"Gardeners Friend","article_publisher":"https:\/\/www.facebook.com\/people\/Gardeners-Friend-Store\/61566268054378\/","article_modified_time":"2026-03-19T20:18:22+00:00","og_image":[{"width":482,"height":482,"url":"https:\/\/gardenersfriend.eu\/wp-content\/uploads\/2025\/09\/fantasia800ec-1l.jpg","type":"image\/jpeg"}],"twitter_card":"summary_large_image","twitter_misc":{"Gesch\u00e4tzte Lesezeit":"1\u00a0Minute"},"schema":{"@context":"https:\/\/schema.org","@graph":[{"@type":"WebPage","@id":"https:\/\/gardenersfriend.eu\/de\/produkt\/fantasia-800-ec-herbizid\/","url":"https:\/\/gardenersfriend.eu\/de\/produkt\/fantasia-800-ec-herbizid\/","name":"Fantasia 800 EC Herbizid - Gardeners Friend","isPartOf":{"@id":"https:\/\/gardenersfriend.eu\/de\/#website"},"primaryImageOfPage":{"@id":"https:\/\/gardenersfriend.eu\/de\/produkt\/fantasia-800-ec-herbizid\/#primaryimage"},"image":{"@id":"https:\/\/gardenersfriend.eu\/de\/produkt\/fantasia-800-ec-herbizid\/#primaryimage"},"thumbnailUrl":"https:\/\/gardenersfriend.eu\/wp-content\/uploads\/2025\/09\/fantasia800ec-1l.jpg","datePublished":"2025-09-19T20:41:07+00:00","dateModified":"2026-03-19T20:18:22+00:00","description":"Fantasia 800 EC ist ein selektives Herbizid mit systemischer Wirkung zur Boden- und Blattanwendung in Form eines emulgierbaren Konzentrats.","breadcrumb":{"@id":"https:\/\/gardenersfriend.eu\/de\/produkt\/fantasia-800-ec-herbizid\/#breadcrumb"},"inLanguage":"de","potentialAction":[{"@type":"ReadAction","target":["https:\/\/gardenersfriend.eu\/de\/produkt\/fantasia-800-ec-herbizid\/"]}]},{"@type":"ImageObject","inLanguage":"de","@id":"https:\/\/gardenersfriend.eu\/de\/produkt\/fantasia-800-ec-herbizid\/#primaryimage","url":"https:\/\/gardenersfriend.eu\/wp-content\/uploads\/2025\/09\/fantasia800ec-1l.jpg","contentUrl":"https:\/\/gardenersfriend.eu\/wp-content\/uploads\/2025\/09\/fantasia800ec-1l.jpg","width":482,"height":482,"caption":"Fantasia 800 1L Gardeners Friend"},{"@type":"BreadcrumbList","@id":"https:\/\/gardenersfriend.eu\/de\/produkt\/fantasia-800-ec-herbizid\/#breadcrumb","itemListElement":[{"@type":"ListItem","position":1,"name":"Strona g\u0142\u00f3wna","item":"https:\/\/gardenersfriend.eu\/de\/"},{"@type":"ListItem","position":2,"name":"Shop","item":"https:\/\/gardenersfriend.eu\/de\/shop\/"},{"@type":"ListItem","position":3,"name":"Fantasia 800 EC Herbizid"}]},{"@type":"WebSite","@id":"https:\/\/gardenersfriend.eu\/de\/#website","url":"https:\/\/gardenersfriend.eu\/de\/","name":"Gardeners Friend","description":"herbicides, fertilisers, roundup","publisher":{"@id":"https:\/\/gardenersfriend.eu\/de\/#organization"},"potentialAction":[{"@type":"SearchAction","target":{"@type":"EntryPoint","urlTemplate":"https:\/\/gardenersfriend.eu\/de\/?s={search_term_string}"},"query-input":{"@type":"PropertyValueSpecification","valueRequired":true,"valueName":"search_term_string"}}],"inLanguage":"de"},{"@type":"Organization","@id":"https:\/\/gardenersfriend.eu\/de\/#organization","name":"Gardeners Friend","url":"https:\/\/gardenersfriend.eu\/de\/","logo":{"@type":"ImageObject","inLanguage":"de","@id":"https:\/\/gardenersfriend.eu\/de\/#\/schema\/logo\/image\/","url":"https:\/\/gardenersfriend.eu\/wp-content\/uploads\/2025\/09\/gf_accepted_big_logo.png","contentUrl":"https:\/\/gardenersfriend.eu\/wp-content\/uploads\/2025\/09\/gf_accepted_big_logo.png","width":2000,"height":1000,"caption":"Gardeners Friend"},"image":{"@id":"https:\/\/gardenersfriend.eu\/de\/#\/schema\/logo\/image\/"},"sameAs":["https:\/\/www.facebook.com\/people\/Gardeners-Friend-Store\/61566268054378\/","https:\/\/www.instagram.com\/gardeners_friend_store\/"]}]}},"uagb_featured_image_src":{"full":["https:\/\/gardenersfriend.eu\/wp-content\/uploads\/2025\/09\/fantasia800ec-1l.jpg",482,482,false],"thumbnail":["https:\/\/gardenersfriend.eu\/wp-content\/uploads\/2025\/09\/fantasia800ec-1l-150x150.jpg",150,150,true],"medium":["https:\/\/gardenersfriend.eu\/wp-content\/uploads\/2025\/09\/fantasia800ec-1l-300x300.jpg",300,300,true],"medium_large":["https:\/\/gardenersfriend.eu\/wp-content\/uploads\/2025\/09\/fantasia800ec-1l.jpg",482,482,false],"large":["https:\/\/gardenersfriend.eu\/wp-content\/uploads\/2025\/09\/fantasia800ec-1l.jpg",482,482,false],"1536x1536":["https:\/\/gardenersfriend.eu\/wp-content\/uploads\/2025\/09\/fantasia800ec-1l.jpg",482,482,false],"2048x2048":["https:\/\/gardenersfriend.eu\/wp-content\/uploads\/2025\/09\/fantasia800ec-1l.jpg",482,482,false],"woocommerce_thumbnail":["https:\/\/gardenersfriend.eu\/wp-content\/uploads\/2025\/09\/fantasia800ec-1l-300x300.jpg",300,300,true],"woocommerce_single":["https:\/\/gardenersfriend.eu\/wp-content\/uploads\/2025\/09\/fantasia800ec-1l.jpg",482,482,false],"woocommerce_gallery_thumbnail":["https:\/\/gardenersfriend.eu\/wp-content\/uploads\/2025\/09\/fantasia800ec-1l-100x100.jpg",100,100,true]},"uagb_author_info":{"display_name":"admin","author_link":"https:\/\/gardenersfriend.eu\/de\/author\/"},"uagb_comment_info":0,"uagb_excerpt":"Fantasia 800 EC Fantasia 800 ist ein selektives Herbizid mit systemischer Wirkung zur Boden- und Blattanwendung in Form eines emulgierbaren Konzentrats (EC). Nach der HRAC-Klassifizierung ist der Wirkstoff Prosulfocarb in Gruppe 15 (fr\u00fcher Gruppe K3\/N) eingestuft. Beschreibung der Aktion Dieses Herbizid in Form eines w\u00e4ssrigen Emulsionskonzentrats (EC) wird auf den Boden und das Blattwerk aufgetragen&hellip;","jetpack_sharing_enabled":true,"_links":{"self":[{"href":"https:\/\/gardenersfriend.eu\/de\/wp-json\/wp\/v2\/product\/7167","targetHints":{"allow":["GET"]}}],"collection":[{"href":"https:\/\/gardenersfriend.eu\/de\/wp-json\/wp\/v2\/product"}],"about":[{"href":"https:\/\/gardenersfriend.eu\/de\/wp-json\/wp\/v2\/types\/product"}],"replies":[{"embeddable":true,"href":"https:\/\/gardenersfriend.eu\/de\/wp-json\/wp\/v2\/comments?post=7167"}],"wp:featuredmedia":[{"embeddable":true,"href":"https:\/\/gardenersfriend.eu\/de\/wp-json\/wp\/v2\/media\/7156"}],"wp:attachment":[{"href":"https:\/\/gardenersfriend.eu\/de\/wp-json\/wp\/v2\/media?parent=7167"}],"wp:term":[{"taxonomy":"product_brand","embeddable":true,"href":"https:\/\/gardenersfriend.eu\/de\/wp-json\/wp\/v2\/product_brand?post=7167"},{"taxonomy":"product_cat","embeddable":true,"href":"https:\/\/gardenersfriend.eu\/de\/wp-json\/wp\/v2\/product_cat?post=7167"},{"taxonomy":"product_tag","embeddable":true,"href":"https:\/\/gardenersfriend.eu\/de\/wp-json\/wp\/v2\/product_tag?post=7167"}],"curies":[{"name":"wp","href":"https:\/\/api.w.org\/{rel}","templated":true}]}}