{"id":7267,"date":"2025-09-18T00:09:21","date_gmt":"2025-09-17T22:09:21","guid":{"rendered":"https:\/\/gardenersfriend.eu\/product\/karate-zeon-050-cs-insektizid\/"},"modified":"2026-03-20T10:12:40","modified_gmt":"2026-03-20T09:12:40","slug":"karate-zeon-050-cs-insektizid","status":"publish","type":"product","link":"https:\/\/gardenersfriend.eu\/de\/produkt\/karate-zeon-050-cs-insektizid\/","title":{"rendered":"Karate Zeon 050 CS Insektizid"},"content":{"rendered":"<h2>Karate Zeon 050 CS<\/h2>\n<p>Karate Zeon 050 CS ist ein Insektizid in Form einer Kapsel in fl\u00fcssiger Suspension (CS), das zum Schutz von Landwirtschafts-, Obst- und Gem\u00fcsekulturen vor bei\u00dfenden und saugenden Sch\u00e4dlingen eingesetzt wird. Das Mittel hat eine Kontakt- und Magenwirkung und bek\u00e4mpft wirksam Sch\u00e4dlinge wie die Larven und K\u00e4fer des Kartoffelk\u00e4fers, Blattl\u00e4use, R\u00fcsselk\u00e4fer, Pollenk\u00e4fer und andere. Es ist f\u00fcr den Einsatz auf Kartoffeln, Winterraps, Winterweizen, Sommergerste, Mais, Zwiebeln, Kohl, Aronia, Hopfen, Flachs und Hanf bestimmt. Der aktive Wirkstoff ist Lambda-Cyhalothrin (50 g\/l). Karate Zeon wird mit Feld-, Obstbau- oder Handspritzger\u00e4ten ausgebracht. Die Wartezeit liegt zwischen 7 und 28 Tagen, je nach Kultur.     <\/p>\n<h3><\/h3>\n<h3>Produktbeschreibung und Spezifikationen<\/h3>\n<p>&nbsp;<\/p>\n<h4>Karate Zeon 050 CS &#8211; Insektizid f\u00fcr Landwirtschafts-, Obst- und Gem\u00fcsepflanzen<br \/>\nWas sind die Vorteile des Insektizids Karate Zeon 050 CS?<\/h4>\n<p>&#x2714;&#xfe0f; Zur Bek\u00e4mpfung von bei\u00dfenden und saugenden Sch\u00e4dlingen.<br \/>\n&#x2714;&#xfe0f; Es hat ein breites Wirkungsspektrum, sowohl auf Pflanzen als auch auf die anvisierten Insekten.<br \/>\n&#x2714;&#xfe0f; Es hat eine Kontakt- und Magenwirkung.<br \/>\n&#x2714;&#xfe0f; Beseitigt effektiv unerw\u00fcnschte Insekten.<\/p>\n<p><strong>Karate Zeon CS<\/strong> ist ein Pflanzenschutzmittel aus der Gruppe der Insektizide. Es wird in Form einer Suspension von Kapseln in einer wasserl\u00f6slichen Fl\u00fcssigkeit (CS) geliefert. <\/p>\n<p>Karate Zeon ist f\u00fcr die Bek\u00e4mpfung von bei\u00dfenden und saugenden Sch\u00e4dlingen in Kartoffeln, Winterraps, Winterweizen, Sommergerste, Mais, Zuckermais, Zuckerr\u00fcben, Zwiebeln, Kohl, Aronia, Hopfen, Flachs (eine Kultur, die ausschlie\u00dflich f\u00fcr die Textilindustrie bestimmt ist) und Hanf (eine Kultur, die ausschlie\u00dflich f\u00fcr die Textilindustrie bestimmt ist) bestimmt.<\/p>\n<p>Das Insektizid Karate Zeon ist f\u00fcr den Einsatz mit selbstfahrenden oder traktormontierten Feldspritzen, selbstfahrenden oder traktormontierten Spr\u00fchger\u00e4ten f\u00fcr Obstplantagen oder handgef\u00fchrten Spr\u00fchger\u00e4ten vorgesehen.<\/p>\n<h4>Wie hoch ist der Gehalt an Wirkstoffen in Karate Zeon Insektizid?<\/h4>\n<p>&#x2714;&#xfe0f; Lambda-Cyhalothrin (eine Verbindung aus der Gruppe der Pyrethroide) &#8211; 50 g\/l (4,81%)<\/p>\n<h4>Wie wirkt das Pflanzenschutzmittel Karate Zeon 050 CS?<\/h4>\n<p>Es hat eine Kontakt- und Magenwirkung. Es wirkt auf der Pflanzenoberfl\u00e4che. <\/p>\n<h4>Bei welchen Kulturen kann das Insektizid Karate Zeon eingesetzt werden?<\/h4>\n<p>&#x2714;&#xfe0f;potatoes<\/p>\n<p>&#x2714;&#xfe0f;winter Rapssamen<\/p>\n<p>&#x2714;&#xfe0f;winter Rapssamen<\/p>\n<p>&#x2714;&#xfe0f;winter Weizen<\/p>\n<p>&#x2714;&#xfe0f;spring Gerste<\/p>\n<p>&#x2714;&#xfe0f;corn<\/p>\n<p>&#x2714;&#xfe0f;sweet Mais<\/p>\n<p>&#x2714;&#xfe0f;sugar r\u00fcben<\/p>\n<p>&#x2714;&#xfe0f;onions<\/p>\n<p>&#x2714;&#xfe0f;head kohl<\/p>\n<p>&#x2714;&#xfe0f;chokeberry<\/p>\n<p>&#x2714;&#xfe0f;hops<\/p>\n<p>&#x2714;&#xfe0f;common Flachs (ausschlie\u00dflich f\u00fcr die Textilindustrie angebaut)<\/p>\n<p>&#x2714;&#xfe0f;hemp (ausschlie\u00dflich f\u00fcr die Textilindustrie angebaut)<\/p>\n<h4><\/h4>\n<h4>Welche Insekten bek\u00e4mpft Karate Zeon?<\/h4>\n<p>&#x2714;&#xfe0f;Colorado kartoffelk\u00e4fer larven und k\u00e4fer<\/p>\n<p>&#x2714;&#xfe0f;Aphids<\/p>\n<p>&#x2714;&#xfe0f;Weevils &#8211; R\u00fcbenk\u00e4fer<\/p>\n<p>&#x2714;&#xfe0f;lily r\u00fcsselk\u00e4fer<\/p>\n<p>&#x2714;&#xfe0f;Rapeseed Pollenflugk\u00e4fer<\/p>\n<p>&#x2714;&#xfe0f;Cabbage M\u00fccke<\/p>\n<p>&#x2714;&#xfe0f;Flea K\u00e4fer: Laufk\u00e4fer, Rapsflohk\u00e4fer, Hopfenflohk\u00e4fer, Flachsflohk\u00e4fer<\/p>\n<p>&#x2714;&#xfe0f;flax Langf\u00fc\u00dfiger K\u00e4fer<\/p>\n<p>&#x2714;&#xfe0f;Rapeseed schorfk\u00e4fer<\/p>\n<p>&#x2714;&#xfe0f;Equestrian k\u00e4fer<\/p>\n<p>&#x2714;&#xfe0f;European Maisz\u00fcnsler<\/p>\n<p>&#x2714;&#xfe0f;rowan borer<\/p>\n<p>&#x2714;&#xfe0f;Gray k\u00e4fer<\/p>\n<p>&#x2714;&#xfe0f;Onion wurzelbohrer<\/p>\n<p>&#x2714;&#xfe0f;cabbage wurzelbohrer<\/p>\n<p>&#x2714;&#xfe0f;Cabbage Wei\u00dfe K\u00e4ferraupen<\/p>\n<p>&#x2714;&#xfe0f; Wei\u00dfer R\u00fcbenk\u00e4fer<\/p>\n<p>&#x2714;&#xfe0f;diamondback motte<\/p>\n<p>&#x2714;&#xfe0f;Rose Blattroller<\/p>\n<p>&#x2714;&#xfe0f; Lilienblatt-Roller<\/p>\n<p>&#x2714;&#xfe0f;Thrips &#8211; Flachs-Thripse, Kohlrabi-Thripse, Tabak-Thripse.<\/p>\n<h4>Wie verwendet man Karate Zeon 050 CS Insektizid?<\/h4>\n<p>Ausf\u00fchrliche Informationen zur Dosierung und Anwendung des Pflanzenschutzmittels Karate Zeon 050 CS finden Sie im Abschnitt &#8222;Dosierung&#8220; und auf dem Pflanzenschutzmittel-Etikett, das Sie in den herunterladbaren Dateien finden<\/p>\n<h4>Was ist die Vorbeugung und Wartezeit bei der Verwendung des Karate Zeon 050 CS Schutzprodukts?<\/h4>\n<p>W\u00e4hrend des Pr\u00e4ventionszeitraums, d.h. von der Ausbringung des Mittels bis zu dem Tag, an dem Menschen und Tiere das Gebiet betreten d\u00fcrfen, in dem das Mittel ausgebracht wurde, betreten Sie es erst, wenn die Fl\u00fcssigkeit auf der Pflanzenoberfl\u00e4che vollst\u00e4ndig getrocknet ist.<\/p>\n<p>Die Wartezeit, d.h. der Zeitraum zwischen der letzten Anwendung des Mittels und dem Tag der Ernte:<\/p>\n<p>&#8211; Winterraps, Winterweizen, Sommergerste &#8211; 28 Tage,<br \/>\n&#8211; Hopfen, Zuckerr\u00fcben &#8211; 14 Tage,<br \/>\n&#8211; Kartoffeln, Mais, Zuckermais, Aronia, Apfelb\u00e4ume, Zwiebeln, Kohl &#8211; 7 Tage,<br \/>\n&#8211; Flachs und Hanf &#8211; nicht anwendbar (Pflanzen, die ausschlie\u00dflich f\u00fcr die Textilindustrie bestimmt sind).<\/p>\n<p>Die Widerrufsfrist f\u00fcr Futtermittel gilt nicht f\u00fcr Karate Zeon 050 CS.<\/p>\n<h4>Welche Auswirkungen hat der Einsatz des Insektizids Karate Zeon auf Pflanzen?<\/h4>\n<p>Im Falle einer vorzeitigen Aufl\u00f6sung der Plantage k\u00f6nnen die Folgekulturen 30 Tage nach der letzten Behandlung mit Karate Zeon 050 CS ausges\u00e4t oder gepflanzt werden.<\/p>\n<h4>Welche Empfehlungen gibt es f\u00fcr die Verwendung der Arbeitsfl\u00fcssigkeit mit Karate Zeon 050 CS?<\/h4>\n<p>&#x2714;&#xfe0f; Das Produkt ist bei Temperaturen unter 20\u00b0C wirksamer. Bei h\u00f6heren Temperaturen tragen Sie das Produkt am Ende des Tages auf. <\/p>\n<p>&#x2714;&#xfe0f; Wenn Sie Pflanzen (z.B. Kohl, Zwiebel) oder Sch\u00e4dlinge (z.B. Kohlblattlaus) bespr\u00fchen, die mit einer wachsartigen Schicht \u00fcberzogen sind, f\u00fcgen Sie der Spr\u00fchl\u00f6sung ein Netzmittel hinzu.<\/p>\n<p>&#x2714;&#xfe0f; Wenn Sie das Produkt gegen Sch\u00e4dlinge (insbesondere saugende Sch\u00e4dlinge) anwenden, tragen Sie die Spritzl\u00f6sung gr\u00fcndlich auf, um sicherzustellen, dass alle Pflanzenteile mit der Spritzl\u00f6sung bedeckt sind.<\/p>\n<p>&#x2714;&#xfe0f; Vermeiden Sie bei der Ausbringung des Produkts:<br \/>\n&#8211; die Abdrift der Spr\u00fchl\u00f6sung auf benachbarte Kulturen,<br \/>\n&#8211; die \u00dcberlappung der Spr\u00fchl\u00f6sung an den Kreuzungen von Behandlungsstreifen und Vorgewenden.<\/p>\n<p><strong>Weitere Informationen entnehmen Sie bitte dem Etikett, das den Download-Dateien beigef\u00fcgt ist: <a title=\"Etikett Karate Zeon 050 CS\" href=\"https:\/\/gardenersfriend.eu\/wp-content\/uploads\/2026\/02\/label_karate_zeon_DE.pdf\">Label_Karate_Zeon_050_CS_DE<\/a><\/strong><\/p>\n<p><strong>Sehen Sie mehr von unseren Produkten: <a title=\"Freund der G\u00e4rtner Alle Produkte\" href=\"https:\/\/gardenersfriend.eu\/de\/shop\/\">Alle Produkte<\/a><\/strong><\/p>\n<h5 style=\"color: #bcbcbc;\">Legal Information<\/h5>\n<p style=\"color: #bcbcbc;\">\nHints! Use pesticides carefully. \nBefore use read the label and product information.\nUse by non-professional users permitted.\nException: The buyer from Belgium declares that\nat the time of purchase he has full legal capacity\nand has the appropriate qualifications required from\npersons purchasing plant protection products.\n\nPursuant to Art. 28 of the Act of March 8, 2013 on plant protection products (Journal of Laws 2020, item 2097), from November 26, 2015, plant protection products intended for professional users may be sold to people who:\n\nPoint 1 - have completed training in the use of plant protection products in the Republic of Poland confirmed by a certificate of completion of this training, or\n\nPoint 2 - have completed training in advising on plant protection products in the Republic of Poland confirmed by a certificate of completion of this training, or\n\nPoint 3 - have completed training in integrated crop production confirmed by a certificate of completion of this training, or\n\nPoint 4 - not earlier than 5 years, prior to the purchase of these funds, have completed the training required from professional users in another Member State of the European Union or in a country being a party to the Agreement on the European Economic Area, on the basis of the provisions in force in that country, confirmed by a document of completion of this training, or they have presented another document issued under the regulations in force in that country, confirming that they obtained authorization to purchase plant protection products intended for professional users.\n\nImportent!\n\nOnly people over 18 years of age can use plant protection products.\n\nPlant protection products should be used safely.\n\nBefore each use, read the information provided on the label and product information.\n\n\n<\/p>\n","protected":false},"excerpt":{"rendered":"<p>Karate Zeon ist ein Insektizid in Form einer fl\u00fcssigen Suspension, das zum Schutz von Landwirtschafts-, Obst- und Gem\u00fcsepflanzen gegen bei\u00dfende und saugende Sch\u00e4dlinge eingesetzt wird.<\/p>\n","protected":false},"featured_media":7220,"comment_status":"open","ping_status":"closed","template":"","meta":{"_uag_custom_page_level_css":"","site-sidebar-layout":"default","site-content-layout":"","ast-site-content-layout":"default","site-content-style":"default","site-sidebar-style":"default","ast-global-header-display":"","ast-banner-title-visibility":"","ast-main-header-display":"","ast-hfb-above-header-display":"","ast-hfb-below-header-display":"","ast-hfb-mobile-header-display":"","site-post-title":"","ast-breadcrumbs-content":"","ast-featured-img":"","footer-sml-layout":"","ast-disable-related-posts":"","theme-transparent-header-meta":"default","adv-header-id-meta":"","stick-header-meta":"","header-above-stick-meta":"","header-main-stick-meta":"","header-below-stick-meta":"","astra-migrate-meta-layouts":"default","ast-page-background-enabled":"default","ast-page-background-meta":{"desktop":{"background-color":"var(--ast-global-color-4)","background-image":"","background-repeat":"repeat","background-position":"center center","background-size":"auto","background-attachment":"scroll","background-type":"","background-media":"","overlay-type":"","overlay-color":"","overlay-opacity":"","overlay-gradient":""},"tablet":{"background-color":"","background-image":"","background-repeat":"repeat","background-position":"center center","background-size":"auto","background-attachment":"scroll","background-type":"","background-media":"","overlay-type":"","overlay-color":"","overlay-opacity":"","overlay-gradient":""},"mobile":{"background-color":"","background-image":"","background-repeat":"repeat","background-position":"center center","background-size":"auto","background-attachment":"scroll","background-type":"","background-media":"","overlay-type":"","overlay-color":"","overlay-opacity":"","overlay-gradient":""}},"ast-content-background-meta":{"desktop":{"background-color":"var(--ast-global-color-5)","background-image":"","background-repeat":"repeat","background-position":"center center","background-size":"auto","background-attachment":"scroll","background-type":"","background-media":"","overlay-type":"","overlay-color":"","overlay-opacity":"","overlay-gradient":""},"tablet":{"background-color":"var(--ast-global-color-5)","background-image":"","background-repeat":"repeat","background-position":"center center","background-size":"auto","background-attachment":"scroll","background-type":"","background-media":"","overlay-type":"","overlay-color":"","overlay-opacity":"","overlay-gradient":""},"mobile":{"background-color":"var(--ast-global-color-5)","background-image":"","background-repeat":"repeat","background-position":"center center","background-size":"auto","background-attachment":"scroll","background-type":"","background-media":"","overlay-type":"","overlay-color":"","overlay-opacity":"","overlay-gradient":""}}},"product_brand":[],"product_cat":[185],"product_tag":[],"class_list":{"0":"post-7267","1":"product","2":"type-product","3":"status-publish","4":"has-post-thumbnail","6":"product_cat-insektizid","7":"product_shipping_class-alle","8":"desktop-align-left","9":"tablet-align-left","10":"mobile-align-left","12":"first","13":"instock","14":"taxable","15":"shipping-taxable","16":"purchasable","17":"product-type-variable","18":"has-default-attributes"},"yoast_head":"<!-- This site is optimized with the Yoast SEO plugin v27.4 - https:\/\/yoast.com\/product\/yoast-seo-wordpress\/ -->\n<title>Karate Zeon 050 CS Insektizid - Gardeners Friend<\/title>\n<meta name=\"description\" content=\"Karate Zeon ist ein Insektizid in Form einer fl\u00fcssigen Suspension, das zum Schutz von Landwirtschafts-, Obst- und Gem\u00fcsepflanzen gegen bei\u00dfende und saugende Sch\u00e4dlinge eingesetzt wird.\" \/>\n<meta name=\"robots\" content=\"index, follow, max-snippet:-1, max-image-preview:large, max-video-preview:-1\" \/>\n<link rel=\"canonical\" href=\"https:\/\/gardenersfriend.eu\/de\/produkt\/karate-zeon-050-cs-insektizid\/\" \/>\n<meta property=\"og:locale\" content=\"de_DE\" \/>\n<meta property=\"og:type\" content=\"article\" \/>\n<meta property=\"og:title\" content=\"Karate Zeon 050 CS Insektizid - Gardeners Friend\" \/>\n<meta property=\"og:description\" content=\"Karate Zeon ist ein Insektizid in Form einer fl\u00fcssigen Suspension, das zum Schutz von Landwirtschafts-, Obst- und Gem\u00fcsepflanzen gegen bei\u00dfende und saugende Sch\u00e4dlinge eingesetzt wird.\" \/>\n<meta property=\"og:url\" content=\"https:\/\/gardenersfriend.eu\/de\/produkt\/karate-zeon-050-cs-insektizid\/\" \/>\n<meta property=\"og:site_name\" content=\"Gardeners Friend\" \/>\n<meta property=\"article:publisher\" content=\"https:\/\/www.facebook.com\/people\/Gardeners-Friend-Store\/61566268054378\/\" \/>\n<meta property=\"article:modified_time\" content=\"2026-03-20T09:12:40+00:00\" \/>\n<meta property=\"og:image\" content=\"https:\/\/gardenersfriend.eu\/wp-content\/uploads\/2025\/09\/karate_zeon_05_cs_250ml.jpg\" \/>\n\t<meta property=\"og:image:width\" content=\"250\" \/>\n\t<meta property=\"og:image:height\" content=\"250\" \/>\n\t<meta property=\"og:image:type\" content=\"image\/jpeg\" \/>\n<meta name=\"twitter:card\" content=\"summary_large_image\" \/>\n<meta name=\"twitter:label1\" content=\"Gesch\u00e4tzte Lesezeit\" \/>\n\t<meta name=\"twitter:data1\" content=\"5\u00a0Minuten\" \/>\n<script type=\"application\/ld+json\" class=\"yoast-schema-graph\">{\"@context\":\"https:\\\/\\\/schema.org\",\"@graph\":[{\"@type\":\"WebPage\",\"@id\":\"https:\\\/\\\/gardenersfriend.eu\\\/de\\\/produkt\\\/karate-zeon-050-cs-insektizid\\\/\",\"url\":\"https:\\\/\\\/gardenersfriend.eu\\\/de\\\/produkt\\\/karate-zeon-050-cs-insektizid\\\/\",\"name\":\"Karate Zeon 050 CS Insektizid - Gardeners Friend\",\"isPartOf\":{\"@id\":\"https:\\\/\\\/gardenersfriend.eu\\\/de\\\/#website\"},\"primaryImageOfPage\":{\"@id\":\"https:\\\/\\\/gardenersfriend.eu\\\/de\\\/produkt\\\/karate-zeon-050-cs-insektizid\\\/#primaryimage\"},\"image\":{\"@id\":\"https:\\\/\\\/gardenersfriend.eu\\\/de\\\/produkt\\\/karate-zeon-050-cs-insektizid\\\/#primaryimage\"},\"thumbnailUrl\":\"https:\\\/\\\/gardenersfriend.eu\\\/wp-content\\\/uploads\\\/2025\\\/09\\\/karate_zeon_05_cs_250ml.jpg\",\"datePublished\":\"2025-09-17T22:09:21+00:00\",\"dateModified\":\"2026-03-20T09:12:40+00:00\",\"description\":\"Karate Zeon ist ein Insektizid in Form einer fl\u00fcssigen Suspension, das zum Schutz von Landwirtschafts-, Obst- und Gem\u00fcsepflanzen gegen bei\u00dfende und saugende Sch\u00e4dlinge eingesetzt wird.\",\"breadcrumb\":{\"@id\":\"https:\\\/\\\/gardenersfriend.eu\\\/de\\\/produkt\\\/karate-zeon-050-cs-insektizid\\\/#breadcrumb\"},\"inLanguage\":\"de\",\"potentialAction\":[{\"@type\":\"ReadAction\",\"target\":[\"https:\\\/\\\/gardenersfriend.eu\\\/de\\\/produkt\\\/karate-zeon-050-cs-insektizid\\\/\"]}]},{\"@type\":\"ImageObject\",\"inLanguage\":\"de\",\"@id\":\"https:\\\/\\\/gardenersfriend.eu\\\/de\\\/produkt\\\/karate-zeon-050-cs-insektizid\\\/#primaryimage\",\"url\":\"https:\\\/\\\/gardenersfriend.eu\\\/wp-content\\\/uploads\\\/2025\\\/09\\\/karate_zeon_05_cs_250ml.jpg\",\"contentUrl\":\"https:\\\/\\\/gardenersfriend.eu\\\/wp-content\\\/uploads\\\/2025\\\/09\\\/karate_zeon_05_cs_250ml.jpg\",\"width\":250,\"height\":250,\"caption\":\"Karate Zeon 05 CS 250ML G\u00e4rtnerfreund\"},{\"@type\":\"BreadcrumbList\",\"@id\":\"https:\\\/\\\/gardenersfriend.eu\\\/de\\\/produkt\\\/karate-zeon-050-cs-insektizid\\\/#breadcrumb\",\"itemListElement\":[{\"@type\":\"ListItem\",\"position\":1,\"name\":\"Strona g\u0142\u00f3wna\",\"item\":\"https:\\\/\\\/gardenersfriend.eu\\\/de\\\/\"},{\"@type\":\"ListItem\",\"position\":2,\"name\":\"Shop\",\"item\":\"https:\\\/\\\/gardenersfriend.eu\\\/de\\\/shop\\\/\"},{\"@type\":\"ListItem\",\"position\":3,\"name\":\"Karate Zeon 050 CS Insektizid\"}]},{\"@type\":\"WebSite\",\"@id\":\"https:\\\/\\\/gardenersfriend.eu\\\/de\\\/#website\",\"url\":\"https:\\\/\\\/gardenersfriend.eu\\\/de\\\/\",\"name\":\"Gardeners Friend\",\"description\":\"herbicides, fertilisers, roundup\",\"publisher\":{\"@id\":\"https:\\\/\\\/gardenersfriend.eu\\\/de\\\/#organization\"},\"potentialAction\":[{\"@type\":\"SearchAction\",\"target\":{\"@type\":\"EntryPoint\",\"urlTemplate\":\"https:\\\/\\\/gardenersfriend.eu\\\/de\\\/?s={search_term_string}\"},\"query-input\":{\"@type\":\"PropertyValueSpecification\",\"valueRequired\":true,\"valueName\":\"search_term_string\"}}],\"inLanguage\":\"de\"},{\"@type\":\"Organization\",\"@id\":\"https:\\\/\\\/gardenersfriend.eu\\\/de\\\/#organization\",\"name\":\"Gardeners Friend\",\"url\":\"https:\\\/\\\/gardenersfriend.eu\\\/de\\\/\",\"logo\":{\"@type\":\"ImageObject\",\"inLanguage\":\"de\",\"@id\":\"https:\\\/\\\/gardenersfriend.eu\\\/de\\\/#\\\/schema\\\/logo\\\/image\\\/\",\"url\":\"https:\\\/\\\/gardenersfriend.eu\\\/wp-content\\\/uploads\\\/2025\\\/09\\\/gf_accepted_big_logo.png\",\"contentUrl\":\"https:\\\/\\\/gardenersfriend.eu\\\/wp-content\\\/uploads\\\/2025\\\/09\\\/gf_accepted_big_logo.png\",\"width\":2000,\"height\":1000,\"caption\":\"Gardeners Friend\"},\"image\":{\"@id\":\"https:\\\/\\\/gardenersfriend.eu\\\/de\\\/#\\\/schema\\\/logo\\\/image\\\/\"},\"sameAs\":[\"https:\\\/\\\/www.facebook.com\\\/people\\\/Gardeners-Friend-Store\\\/61566268054378\\\/\",\"https:\\\/\\\/www.instagram.com\\\/gardeners_friend_store\\\/\"]}]}<\/script>\n<!-- \/ Yoast SEO plugin. -->","yoast_head_json":{"title":"Karate Zeon 050 CS Insektizid - Gardeners Friend","description":"Karate Zeon ist ein Insektizid in Form einer fl\u00fcssigen Suspension, das zum Schutz von Landwirtschafts-, Obst- und Gem\u00fcsepflanzen gegen bei\u00dfende und saugende Sch\u00e4dlinge eingesetzt wird.","robots":{"index":"index","follow":"follow","max-snippet":"max-snippet:-1","max-image-preview":"max-image-preview:large","max-video-preview":"max-video-preview:-1"},"canonical":"https:\/\/gardenersfriend.eu\/de\/produkt\/karate-zeon-050-cs-insektizid\/","og_locale":"de_DE","og_type":"article","og_title":"Karate Zeon 050 CS Insektizid - Gardeners Friend","og_description":"Karate Zeon ist ein Insektizid in Form einer fl\u00fcssigen Suspension, das zum Schutz von Landwirtschafts-, Obst- und Gem\u00fcsepflanzen gegen bei\u00dfende und saugende Sch\u00e4dlinge eingesetzt wird.","og_url":"https:\/\/gardenersfriend.eu\/de\/produkt\/karate-zeon-050-cs-insektizid\/","og_site_name":"Gardeners Friend","article_publisher":"https:\/\/www.facebook.com\/people\/Gardeners-Friend-Store\/61566268054378\/","article_modified_time":"2026-03-20T09:12:40+00:00","og_image":[{"width":250,"height":250,"url":"https:\/\/gardenersfriend.eu\/wp-content\/uploads\/2025\/09\/karate_zeon_05_cs_250ml.jpg","type":"image\/jpeg"}],"twitter_card":"summary_large_image","twitter_misc":{"Gesch\u00e4tzte Lesezeit":"5\u00a0Minuten"},"schema":{"@context":"https:\/\/schema.org","@graph":[{"@type":"WebPage","@id":"https:\/\/gardenersfriend.eu\/de\/produkt\/karate-zeon-050-cs-insektizid\/","url":"https:\/\/gardenersfriend.eu\/de\/produkt\/karate-zeon-050-cs-insektizid\/","name":"Karate Zeon 050 CS Insektizid - Gardeners Friend","isPartOf":{"@id":"https:\/\/gardenersfriend.eu\/de\/#website"},"primaryImageOfPage":{"@id":"https:\/\/gardenersfriend.eu\/de\/produkt\/karate-zeon-050-cs-insektizid\/#primaryimage"},"image":{"@id":"https:\/\/gardenersfriend.eu\/de\/produkt\/karate-zeon-050-cs-insektizid\/#primaryimage"},"thumbnailUrl":"https:\/\/gardenersfriend.eu\/wp-content\/uploads\/2025\/09\/karate_zeon_05_cs_250ml.jpg","datePublished":"2025-09-17T22:09:21+00:00","dateModified":"2026-03-20T09:12:40+00:00","description":"Karate Zeon ist ein Insektizid in Form einer fl\u00fcssigen Suspension, das zum Schutz von Landwirtschafts-, Obst- und Gem\u00fcsepflanzen gegen bei\u00dfende und saugende Sch\u00e4dlinge eingesetzt wird.","breadcrumb":{"@id":"https:\/\/gardenersfriend.eu\/de\/produkt\/karate-zeon-050-cs-insektizid\/#breadcrumb"},"inLanguage":"de","potentialAction":[{"@type":"ReadAction","target":["https:\/\/gardenersfriend.eu\/de\/produkt\/karate-zeon-050-cs-insektizid\/"]}]},{"@type":"ImageObject","inLanguage":"de","@id":"https:\/\/gardenersfriend.eu\/de\/produkt\/karate-zeon-050-cs-insektizid\/#primaryimage","url":"https:\/\/gardenersfriend.eu\/wp-content\/uploads\/2025\/09\/karate_zeon_05_cs_250ml.jpg","contentUrl":"https:\/\/gardenersfriend.eu\/wp-content\/uploads\/2025\/09\/karate_zeon_05_cs_250ml.jpg","width":250,"height":250,"caption":"Karate Zeon 05 CS 250ML G\u00e4rtnerfreund"},{"@type":"BreadcrumbList","@id":"https:\/\/gardenersfriend.eu\/de\/produkt\/karate-zeon-050-cs-insektizid\/#breadcrumb","itemListElement":[{"@type":"ListItem","position":1,"name":"Strona g\u0142\u00f3wna","item":"https:\/\/gardenersfriend.eu\/de\/"},{"@type":"ListItem","position":2,"name":"Shop","item":"https:\/\/gardenersfriend.eu\/de\/shop\/"},{"@type":"ListItem","position":3,"name":"Karate Zeon 050 CS Insektizid"}]},{"@type":"WebSite","@id":"https:\/\/gardenersfriend.eu\/de\/#website","url":"https:\/\/gardenersfriend.eu\/de\/","name":"Gardeners Friend","description":"herbicides, fertilisers, roundup","publisher":{"@id":"https:\/\/gardenersfriend.eu\/de\/#organization"},"potentialAction":[{"@type":"SearchAction","target":{"@type":"EntryPoint","urlTemplate":"https:\/\/gardenersfriend.eu\/de\/?s={search_term_string}"},"query-input":{"@type":"PropertyValueSpecification","valueRequired":true,"valueName":"search_term_string"}}],"inLanguage":"de"},{"@type":"Organization","@id":"https:\/\/gardenersfriend.eu\/de\/#organization","name":"Gardeners Friend","url":"https:\/\/gardenersfriend.eu\/de\/","logo":{"@type":"ImageObject","inLanguage":"de","@id":"https:\/\/gardenersfriend.eu\/de\/#\/schema\/logo\/image\/","url":"https:\/\/gardenersfriend.eu\/wp-content\/uploads\/2025\/09\/gf_accepted_big_logo.png","contentUrl":"https:\/\/gardenersfriend.eu\/wp-content\/uploads\/2025\/09\/gf_accepted_big_logo.png","width":2000,"height":1000,"caption":"Gardeners Friend"},"image":{"@id":"https:\/\/gardenersfriend.eu\/de\/#\/schema\/logo\/image\/"},"sameAs":["https:\/\/www.facebook.com\/people\/Gardeners-Friend-Store\/61566268054378\/","https:\/\/www.instagram.com\/gardeners_friend_store\/"]}]}},"uagb_featured_image_src":{"full":["https:\/\/gardenersfriend.eu\/wp-content\/uploads\/2025\/09\/karate_zeon_05_cs_250ml.jpg",250,250,false],"thumbnail":["https:\/\/gardenersfriend.eu\/wp-content\/uploads\/2025\/09\/karate_zeon_05_cs_250ml-150x150.jpg",150,150,true],"medium":["https:\/\/gardenersfriend.eu\/wp-content\/uploads\/2025\/09\/karate_zeon_05_cs_250ml.jpg",250,250,false],"medium_large":["https:\/\/gardenersfriend.eu\/wp-content\/uploads\/2025\/09\/karate_zeon_05_cs_250ml.jpg",250,250,false],"large":["https:\/\/gardenersfriend.eu\/wp-content\/uploads\/2025\/09\/karate_zeon_05_cs_250ml.jpg",250,250,false],"1536x1536":["https:\/\/gardenersfriend.eu\/wp-content\/uploads\/2025\/09\/karate_zeon_05_cs_250ml.jpg",250,250,false],"2048x2048":["https:\/\/gardenersfriend.eu\/wp-content\/uploads\/2025\/09\/karate_zeon_05_cs_250ml.jpg",250,250,false],"woocommerce_thumbnail":["https:\/\/gardenersfriend.eu\/wp-content\/uploads\/2025\/09\/karate_zeon_05_cs_250ml.jpg",250,250,false],"woocommerce_single":["https:\/\/gardenersfriend.eu\/wp-content\/uploads\/2025\/09\/karate_zeon_05_cs_250ml.jpg",250,250,false],"woocommerce_gallery_thumbnail":["https:\/\/gardenersfriend.eu\/wp-content\/uploads\/2025\/09\/karate_zeon_05_cs_250ml-100x100.jpg",100,100,true]},"uagb_author_info":{"display_name":"admin","author_link":"https:\/\/gardenersfriend.eu\/de\/author\/"},"uagb_comment_info":0,"uagb_excerpt":"Karate Zeon ist ein Insektizid in Form einer fl\u00fcssigen Suspension, das zum Schutz von Landwirtschafts-, Obst- und Gem\u00fcsepflanzen gegen bei\u00dfende und saugende Sch\u00e4dlinge eingesetzt wird.","jetpack_sharing_enabled":true,"_links":{"self":[{"href":"https:\/\/gardenersfriend.eu\/de\/wp-json\/wp\/v2\/product\/7267","targetHints":{"allow":["GET"]}}],"collection":[{"href":"https:\/\/gardenersfriend.eu\/de\/wp-json\/wp\/v2\/product"}],"about":[{"href":"https:\/\/gardenersfriend.eu\/de\/wp-json\/wp\/v2\/types\/product"}],"replies":[{"embeddable":true,"href":"https:\/\/gardenersfriend.eu\/de\/wp-json\/wp\/v2\/comments?post=7267"}],"wp:featuredmedia":[{"embeddable":true,"href":"https:\/\/gardenersfriend.eu\/de\/wp-json\/wp\/v2\/media\/7220"}],"wp:attachment":[{"href":"https:\/\/gardenersfriend.eu\/de\/wp-json\/wp\/v2\/media?parent=7267"}],"wp:term":[{"taxonomy":"product_brand","embeddable":true,"href":"https:\/\/gardenersfriend.eu\/de\/wp-json\/wp\/v2\/product_brand?post=7267"},{"taxonomy":"product_cat","embeddable":true,"href":"https:\/\/gardenersfriend.eu\/de\/wp-json\/wp\/v2\/product_cat?post=7267"},{"taxonomy":"product_tag","embeddable":true,"href":"https:\/\/gardenersfriend.eu\/de\/wp-json\/wp\/v2\/product_tag?post=7267"}],"curies":[{"name":"wp","href":"https:\/\/api.w.org\/{rel}","templated":true}]}}