{"id":7482,"date":"2025-09-26T22:29:07","date_gmt":"2025-09-26T20:29:07","guid":{"rendered":"https:\/\/gardenersfriend.eu\/product\/toxan-fluessiggift-fuer-maeuse-und-ratten\/"},"modified":"2026-03-19T21:18:23","modified_gmt":"2026-03-19T20:18:23","slug":"toxan-fluessiggift-fuer-maeuse-und-ratten","status":"publish","type":"product","link":"https:\/\/gardenersfriend.eu\/de\/produkt\/toxan-fluessiggift-fuer-maeuse-und-ratten\/","title":{"rendered":"Toxan &#8211; Fl\u00fcssiggift f\u00fcr M\u00e4use und Ratten"},"content":{"rendered":"<h2>Toxan<\/h2>\n<p><strong>Toxan<\/strong> ist ein fl\u00fcssiges Nagetierbek\u00e4mpfungsgift mit 0,005% Bromadiolon, einem Antikoagulans der zweiten Generation in Einzeldosis, und einem Bitterstoff, der das Risiko der Aufnahme durch unerw\u00fcnschte Organismen verringert. Es wird dort eingesetzt, wo der Zugang zu Wasser begrenzt ist und die nat\u00fcrliche Nahrung der Nager mit festen K\u00f6dern konkurriert. Es ist wirksam gegen M\u00e4use und Ratten und eignet sich f\u00fcr den Einsatz in Wohnr\u00e4umen, auf Bauernh\u00f6fen, in Lagerr\u00e4umen, in der Viehzucht, in der Produktion und in B\u00e4ckereien. Dosierung: 100 ml in speziellen Tr\u00e4nken, die in K\u00f6derstationen alle 3-4 Meter f\u00fcr M\u00e4use und alle 15 Meter f\u00fcr Ratten platziert werden. Das Produkt sollte Nagetiere innerhalb von 35 Tagen beseitigen. Hinweis: Dies ist ein Biozid-Produkt &#8211; verwenden Sie es mit \u00e4u\u00dferster Vorsicht.     <\/p>\n<h3>Produktbeschreibung und Spezifikation &#8211; Toxan P\u0142yn Fregata &#8211; Rodentizid f\u00fcr Ratten und M\u00e4use<\/h3>\n<h3>Toxan Fl\u00fcssig<\/h3>\n<p><strong>Wirkstoff:<\/strong> 0,005% Bromadiolon (Antikoagulans der zweiten Generation in Einzeldosis). Das Produkt enth\u00e4lt au\u00dferdem eine stark bittere Substanz, die das Risiko der Aufnahme durch Nicht-Zielorganismen verringert. <\/p>\n<p><strong>Liquid Toxan<\/strong> &#8211; Ein fl\u00fcssiges Mittel zur Bek\u00e4mpfung von Nagetieren. Fl\u00fcssiges Toxan wird am besten in Gebieten mit begrenzter Wasserversorgung eingesetzt und dort, wo ihre nat\u00fcrliche Nahrung zu sehr mit festen K\u00f6dern in Form von Granulat, Flocken, Pasten oder W\u00fcrfeln konkurriert. <\/p>\n<h3>Fl\u00fcssiges Toxan wirkt gegen Sch\u00e4dlinge:<\/h3>\n<p>&#x2714;&#xfe0f; M\u00e4use<br \/>\n&#x2714;&#xfe0f; Ratten<\/p>\n<h3>Fl\u00fcssiges Toxan Anwendung:<\/h3>\n<p>&#x2714;&#xfe0f; in Wohngebieten,<br \/>\n&#x2714;&#xfe0f; Bauernhaus,<br \/>\n&#x2714;&#xfe0f; Lagerhaus,<br \/>\n&#x2714;&#xfe0f; Viehbestand,<br \/>\n&#x2714;&#xfe0f; Produktion,<br \/>\n&#x2714;&#xfe0f; B\u00e4ckereien<\/p>\n<h3>Liquid Toxan Dosierung:<\/h3>\n<p>Das Produkt sollte nur in 100-ml-Beh\u00e4ltern in versiegelte, sichere und manipulationssichere K\u00f6derstationen f\u00fcr Fl\u00fcssigformulierungen gef\u00fcllt werden.<\/p>\n<p>Die K\u00f6der sollten bei M\u00e4usen alle 3-4 Meter und bei Ratten alle 15 Meter platziert werden. Wenn Sie das Produkt in und um Geb\u00e4ude verwenden, sollten Sie die K\u00f6derstationen entlang der Geb\u00e4udew\u00e4nde und in Bereichen mit Nagetieraktivit\u00e4t platzieren. <\/p>\n<h3>Die Anwendung dieses Produkts sollte Nagetiere innerhalb von 35 Tagen beseitigen.<\/h3>\n<p><strong>WARNUNG!!! <\/strong>Dieses Biozid-Produkt sollte nur mit \u00e4u\u00dferster Vorsicht verwendet werden. Lesen Sie vor der Anwendung das Etikett und die Packungsbeilage. <\/p>\n<p><strong>Weitere Informationen entnehmen Sie bitte dem Etikett, das den Download-Dateien beigef\u00fcgt ist: <a title=\"Toxan_DE\" href=\"https:\/\/gardenersfriend.eu\/wp-content\/uploads\/2026\/02\/TOXAN-DE.pdf\">Toxan_DE<\/a><\/strong><\/p>\n<p><strong>Sehen Sie mehr von unseren Produkten: <a title=\"Freund der G\u00e4rtner Alle Produkte\" href=\"https:\/\/gardenersfriend.eu\/de\/shop\/\">Alle Produkte<\/a><\/strong><\/p>\n<h5 style=\"color: #bcbcbc;\">Legal Information<\/h5>\n<p style=\"color: #bcbcbc;\">\nHints! Use pesticides carefully. \nBefore use read the label and product information.\nUse by non-professional users permitted.\nException: The buyer from Belgium declares that\nat the time of purchase he has full legal capacity\nand has the appropriate qualifications required from\npersons purchasing plant protection products.\n\nPursuant to Art. 28 of the Act of March 8, 2013 on plant protection products (Journal of Laws 2020, item 2097), from November 26, 2015, plant protection products intended for professional users may be sold to people who:\n\nPoint 1 - have completed training in the use of plant protection products in the Republic of Poland confirmed by a certificate of completion of this training, or\n\nPoint 2 - have completed training in advising on plant protection products in the Republic of Poland confirmed by a certificate of completion of this training, or\n\nPoint 3 - have completed training in integrated crop production confirmed by a certificate of completion of this training, or\n\nPoint 4 - not earlier than 5 years, prior to the purchase of these funds, have completed the training required from professional users in another Member State of the European Union or in a country being a party to the Agreement on the European Economic Area, on the basis of the provisions in force in that country, confirmed by a document of completion of this training, or they have presented another document issued under the regulations in force in that country, confirming that they obtained authorization to purchase plant protection products intended for professional users.\n\nImportent!\n\nOnly people over 18 years of age can use plant protection products.\n\nPlant protection products should be used safely.\n\nBefore each use, read the information provided on the label and product information.\n\n\n<\/p>\n","protected":false},"excerpt":{"rendered":"<p>Toxan ist ein fl\u00fcssiges Nagetiergift, das 0,005% Bromadiolon enth\u00e4lt, ein Einweg-Antikoagulans der zweiten Generation und eine bittere Substanz, die das Risiko des Verschluckens durch unerw\u00fcnschte Organismen reduziert<\/p>\n","protected":false},"featured_media":7464,"comment_status":"open","ping_status":"closed","template":"","meta":{"_uag_custom_page_level_css":"","site-sidebar-layout":"default","site-content-layout":"","ast-site-content-layout":"default","site-content-style":"default","site-sidebar-style":"default","ast-global-header-display":"","ast-banner-title-visibility":"","ast-main-header-display":"","ast-hfb-above-header-display":"","ast-hfb-below-header-display":"","ast-hfb-mobile-header-display":"","site-post-title":"","ast-breadcrumbs-content":"","ast-featured-img":"","footer-sml-layout":"","ast-disable-related-posts":"","theme-transparent-header-meta":"default","adv-header-id-meta":"","stick-header-meta":"","header-above-stick-meta":"","header-main-stick-meta":"","header-below-stick-meta":"","astra-migrate-meta-layouts":"default","ast-page-background-enabled":"default","ast-page-background-meta":{"desktop":{"background-color":"var(--ast-global-color-4)","background-image":"","background-repeat":"repeat","background-position":"center center","background-size":"auto","background-attachment":"scroll","background-type":"","background-media":"","overlay-type":"","overlay-color":"","overlay-opacity":"","overlay-gradient":""},"tablet":{"background-color":"","background-image":"","background-repeat":"repeat","background-position":"center center","background-size":"auto","background-attachment":"scroll","background-type":"","background-media":"","overlay-type":"","overlay-color":"","overlay-opacity":"","overlay-gradient":""},"mobile":{"background-color":"","background-image":"","background-repeat":"repeat","background-position":"center center","background-size":"auto","background-attachment":"scroll","background-type":"","background-media":"","overlay-type":"","overlay-color":"","overlay-opacity":"","overlay-gradient":""}},"ast-content-background-meta":{"desktop":{"background-color":"var(--ast-global-color-5)","background-image":"","background-repeat":"repeat","background-position":"center center","background-size":"auto","background-attachment":"scroll","background-type":"","background-media":"","overlay-type":"","overlay-color":"","overlay-opacity":"","overlay-gradient":""},"tablet":{"background-color":"var(--ast-global-color-5)","background-image":"","background-repeat":"repeat","background-position":"center center","background-size":"auto","background-attachment":"scroll","background-type":"","background-media":"","overlay-type":"","overlay-color":"","overlay-opacity":"","overlay-gradient":""},"mobile":{"background-color":"var(--ast-global-color-5)","background-image":"","background-repeat":"repeat","background-position":"center center","background-size":"auto","background-attachment":"scroll","background-type":"","background-media":"","overlay-type":"","overlay-color":"","overlay-opacity":"","overlay-gradient":""}}},"product_brand":[],"product_cat":[214],"product_tag":[215],"class_list":{"0":"post-7482","1":"product","2":"type-product","3":"status-publish","4":"has-post-thumbnail","6":"product_cat-pestizide","7":"product_tag-pestizide","8":"desktop-align-left","9":"tablet-align-left","10":"mobile-align-left","12":"first","13":"instock","14":"taxable","15":"shipping-taxable","16":"purchasable","17":"product-type-variable","18":"has-default-attributes"},"yoast_head":"<!-- This site is optimized with the Yoast SEO plugin v27.4 - https:\/\/yoast.com\/product\/yoast-seo-wordpress\/ -->\n<title>Toxan - Fl\u00fcssiggift f\u00fcr M\u00e4use und Ratten - Gardeners Friend<\/title>\n<meta name=\"description\" content=\"Toxan ist ein fl\u00fcssiges Nagetiergift, das 0,005% Bromadiolon enth\u00e4lt, ein Einweg-Antikoagulans der zweiten Generation und eine bittere Substanz, die das Risiko des Verschluckens durch unerw\u00fcnschte Organismen reduziert\" \/>\n<meta name=\"robots\" content=\"index, follow, max-snippet:-1, max-image-preview:large, max-video-preview:-1\" \/>\n<link rel=\"canonical\" href=\"https:\/\/gardenersfriend.eu\/de\/produkt\/toxan-fluessiggift-fuer-maeuse-und-ratten\/\" \/>\n<meta property=\"og:locale\" content=\"de_DE\" \/>\n<meta property=\"og:type\" content=\"article\" \/>\n<meta property=\"og:title\" content=\"Toxan - Fl\u00fcssiggift f\u00fcr M\u00e4use und Ratten - Gardeners Friend\" \/>\n<meta property=\"og:description\" content=\"Toxan ist ein fl\u00fcssiges Nagetiergift, das 0,005% Bromadiolon enth\u00e4lt, ein Einweg-Antikoagulans der zweiten Generation und eine bittere Substanz, die das Risiko des Verschluckens durch unerw\u00fcnschte Organismen reduziert\" \/>\n<meta property=\"og:url\" content=\"https:\/\/gardenersfriend.eu\/de\/produkt\/toxan-fluessiggift-fuer-maeuse-und-ratten\/\" \/>\n<meta property=\"og:site_name\" content=\"Gardeners Friend\" \/>\n<meta property=\"article:publisher\" content=\"https:\/\/www.facebook.com\/people\/Gardeners-Friend-Store\/61566268054378\/\" \/>\n<meta property=\"article:modified_time\" content=\"2026-03-19T20:18:23+00:00\" \/>\n<meta property=\"og:image\" content=\"https:\/\/gardenersfriend.eu\/wp-content\/uploads\/2025\/09\/Toxan-1L.jpg\" \/>\n\t<meta property=\"og:image:width\" content=\"680\" \/>\n\t<meta property=\"og:image:height\" content=\"680\" \/>\n\t<meta property=\"og:image:type\" content=\"image\/jpeg\" \/>\n<meta name=\"twitter:card\" content=\"summary_large_image\" \/>\n<meta name=\"twitter:label1\" content=\"Gesch\u00e4tzte Lesezeit\" \/>\n\t<meta name=\"twitter:data1\" content=\"2\u00a0Minuten\" \/>\n<script type=\"application\/ld+json\" class=\"yoast-schema-graph\">{\"@context\":\"https:\\\/\\\/schema.org\",\"@graph\":[{\"@type\":\"WebPage\",\"@id\":\"https:\\\/\\\/gardenersfriend.eu\\\/de\\\/produkt\\\/toxan-fluessiggift-fuer-maeuse-und-ratten\\\/\",\"url\":\"https:\\\/\\\/gardenersfriend.eu\\\/de\\\/produkt\\\/toxan-fluessiggift-fuer-maeuse-und-ratten\\\/\",\"name\":\"Toxan - Fl\u00fcssiggift f\u00fcr M\u00e4use und Ratten - Gardeners Friend\",\"isPartOf\":{\"@id\":\"https:\\\/\\\/gardenersfriend.eu\\\/de\\\/#website\"},\"primaryImageOfPage\":{\"@id\":\"https:\\\/\\\/gardenersfriend.eu\\\/de\\\/produkt\\\/toxan-fluessiggift-fuer-maeuse-und-ratten\\\/#primaryimage\"},\"image\":{\"@id\":\"https:\\\/\\\/gardenersfriend.eu\\\/de\\\/produkt\\\/toxan-fluessiggift-fuer-maeuse-und-ratten\\\/#primaryimage\"},\"thumbnailUrl\":\"https:\\\/\\\/gardenersfriend.eu\\\/wp-content\\\/uploads\\\/2025\\\/09\\\/Toxan-1L.jpg\",\"datePublished\":\"2025-09-26T20:29:07+00:00\",\"dateModified\":\"2026-03-19T20:18:23+00:00\",\"description\":\"Toxan ist ein fl\u00fcssiges Nagetiergift, das 0,005% Bromadiolon enth\u00e4lt, ein Einweg-Antikoagulans der zweiten Generation und eine bittere Substanz, die das Risiko des Verschluckens durch unerw\u00fcnschte Organismen reduziert\",\"breadcrumb\":{\"@id\":\"https:\\\/\\\/gardenersfriend.eu\\\/de\\\/produkt\\\/toxan-fluessiggift-fuer-maeuse-und-ratten\\\/#breadcrumb\"},\"inLanguage\":\"de\",\"potentialAction\":[{\"@type\":\"ReadAction\",\"target\":[\"https:\\\/\\\/gardenersfriend.eu\\\/de\\\/produkt\\\/toxan-fluessiggift-fuer-maeuse-und-ratten\\\/\"]}]},{\"@type\":\"ImageObject\",\"inLanguage\":\"de\",\"@id\":\"https:\\\/\\\/gardenersfriend.eu\\\/de\\\/produkt\\\/toxan-fluessiggift-fuer-maeuse-und-ratten\\\/#primaryimage\",\"url\":\"https:\\\/\\\/gardenersfriend.eu\\\/wp-content\\\/uploads\\\/2025\\\/09\\\/Toxan-1L.jpg\",\"contentUrl\":\"https:\\\/\\\/gardenersfriend.eu\\\/wp-content\\\/uploads\\\/2025\\\/09\\\/Toxan-1L.jpg\",\"width\":680,\"height\":680,\"caption\":\"Toxan 1L\"},{\"@type\":\"BreadcrumbList\",\"@id\":\"https:\\\/\\\/gardenersfriend.eu\\\/de\\\/produkt\\\/toxan-fluessiggift-fuer-maeuse-und-ratten\\\/#breadcrumb\",\"itemListElement\":[{\"@type\":\"ListItem\",\"position\":1,\"name\":\"Strona g\u0142\u00f3wna\",\"item\":\"https:\\\/\\\/gardenersfriend.eu\\\/de\\\/\"},{\"@type\":\"ListItem\",\"position\":2,\"name\":\"Shop\",\"item\":\"https:\\\/\\\/gardenersfriend.eu\\\/de\\\/shop\\\/\"},{\"@type\":\"ListItem\",\"position\":3,\"name\":\"Toxan &#8211; Fl\u00fcssiggift f\u00fcr M\u00e4use und Ratten\"}]},{\"@type\":\"WebSite\",\"@id\":\"https:\\\/\\\/gardenersfriend.eu\\\/de\\\/#website\",\"url\":\"https:\\\/\\\/gardenersfriend.eu\\\/de\\\/\",\"name\":\"Gardeners Friend\",\"description\":\"herbicides, fertilisers, roundup\",\"publisher\":{\"@id\":\"https:\\\/\\\/gardenersfriend.eu\\\/de\\\/#organization\"},\"potentialAction\":[{\"@type\":\"SearchAction\",\"target\":{\"@type\":\"EntryPoint\",\"urlTemplate\":\"https:\\\/\\\/gardenersfriend.eu\\\/de\\\/?s={search_term_string}\"},\"query-input\":{\"@type\":\"PropertyValueSpecification\",\"valueRequired\":true,\"valueName\":\"search_term_string\"}}],\"inLanguage\":\"de\"},{\"@type\":\"Organization\",\"@id\":\"https:\\\/\\\/gardenersfriend.eu\\\/de\\\/#organization\",\"name\":\"Gardeners Friend\",\"url\":\"https:\\\/\\\/gardenersfriend.eu\\\/de\\\/\",\"logo\":{\"@type\":\"ImageObject\",\"inLanguage\":\"de\",\"@id\":\"https:\\\/\\\/gardenersfriend.eu\\\/de\\\/#\\\/schema\\\/logo\\\/image\\\/\",\"url\":\"https:\\\/\\\/gardenersfriend.eu\\\/wp-content\\\/uploads\\\/2025\\\/09\\\/gf_accepted_big_logo.png\",\"contentUrl\":\"https:\\\/\\\/gardenersfriend.eu\\\/wp-content\\\/uploads\\\/2025\\\/09\\\/gf_accepted_big_logo.png\",\"width\":2000,\"height\":1000,\"caption\":\"Gardeners Friend\"},\"image\":{\"@id\":\"https:\\\/\\\/gardenersfriend.eu\\\/de\\\/#\\\/schema\\\/logo\\\/image\\\/\"},\"sameAs\":[\"https:\\\/\\\/www.facebook.com\\\/people\\\/Gardeners-Friend-Store\\\/61566268054378\\\/\",\"https:\\\/\\\/www.instagram.com\\\/gardeners_friend_store\\\/\"]}]}<\/script>\n<!-- \/ Yoast SEO plugin. -->","yoast_head_json":{"title":"Toxan - Fl\u00fcssiggift f\u00fcr M\u00e4use und Ratten - Gardeners Friend","description":"Toxan ist ein fl\u00fcssiges Nagetiergift, das 0,005% Bromadiolon enth\u00e4lt, ein Einweg-Antikoagulans der zweiten Generation und eine bittere Substanz, die das Risiko des Verschluckens durch unerw\u00fcnschte Organismen reduziert","robots":{"index":"index","follow":"follow","max-snippet":"max-snippet:-1","max-image-preview":"max-image-preview:large","max-video-preview":"max-video-preview:-1"},"canonical":"https:\/\/gardenersfriend.eu\/de\/produkt\/toxan-fluessiggift-fuer-maeuse-und-ratten\/","og_locale":"de_DE","og_type":"article","og_title":"Toxan - Fl\u00fcssiggift f\u00fcr M\u00e4use und Ratten - Gardeners Friend","og_description":"Toxan ist ein fl\u00fcssiges Nagetiergift, das 0,005% Bromadiolon enth\u00e4lt, ein Einweg-Antikoagulans der zweiten Generation und eine bittere Substanz, die das Risiko des Verschluckens durch unerw\u00fcnschte Organismen reduziert","og_url":"https:\/\/gardenersfriend.eu\/de\/produkt\/toxan-fluessiggift-fuer-maeuse-und-ratten\/","og_site_name":"Gardeners Friend","article_publisher":"https:\/\/www.facebook.com\/people\/Gardeners-Friend-Store\/61566268054378\/","article_modified_time":"2026-03-19T20:18:23+00:00","og_image":[{"width":680,"height":680,"url":"https:\/\/gardenersfriend.eu\/wp-content\/uploads\/2025\/09\/Toxan-1L.jpg","type":"image\/jpeg"}],"twitter_card":"summary_large_image","twitter_misc":{"Gesch\u00e4tzte Lesezeit":"2\u00a0Minuten"},"schema":{"@context":"https:\/\/schema.org","@graph":[{"@type":"WebPage","@id":"https:\/\/gardenersfriend.eu\/de\/produkt\/toxan-fluessiggift-fuer-maeuse-und-ratten\/","url":"https:\/\/gardenersfriend.eu\/de\/produkt\/toxan-fluessiggift-fuer-maeuse-und-ratten\/","name":"Toxan - Fl\u00fcssiggift f\u00fcr M\u00e4use und Ratten - Gardeners Friend","isPartOf":{"@id":"https:\/\/gardenersfriend.eu\/de\/#website"},"primaryImageOfPage":{"@id":"https:\/\/gardenersfriend.eu\/de\/produkt\/toxan-fluessiggift-fuer-maeuse-und-ratten\/#primaryimage"},"image":{"@id":"https:\/\/gardenersfriend.eu\/de\/produkt\/toxan-fluessiggift-fuer-maeuse-und-ratten\/#primaryimage"},"thumbnailUrl":"https:\/\/gardenersfriend.eu\/wp-content\/uploads\/2025\/09\/Toxan-1L.jpg","datePublished":"2025-09-26T20:29:07+00:00","dateModified":"2026-03-19T20:18:23+00:00","description":"Toxan ist ein fl\u00fcssiges Nagetiergift, das 0,005% Bromadiolon enth\u00e4lt, ein Einweg-Antikoagulans der zweiten Generation und eine bittere Substanz, die das Risiko des Verschluckens durch unerw\u00fcnschte Organismen reduziert","breadcrumb":{"@id":"https:\/\/gardenersfriend.eu\/de\/produkt\/toxan-fluessiggift-fuer-maeuse-und-ratten\/#breadcrumb"},"inLanguage":"de","potentialAction":[{"@type":"ReadAction","target":["https:\/\/gardenersfriend.eu\/de\/produkt\/toxan-fluessiggift-fuer-maeuse-und-ratten\/"]}]},{"@type":"ImageObject","inLanguage":"de","@id":"https:\/\/gardenersfriend.eu\/de\/produkt\/toxan-fluessiggift-fuer-maeuse-und-ratten\/#primaryimage","url":"https:\/\/gardenersfriend.eu\/wp-content\/uploads\/2025\/09\/Toxan-1L.jpg","contentUrl":"https:\/\/gardenersfriend.eu\/wp-content\/uploads\/2025\/09\/Toxan-1L.jpg","width":680,"height":680,"caption":"Toxan 1L"},{"@type":"BreadcrumbList","@id":"https:\/\/gardenersfriend.eu\/de\/produkt\/toxan-fluessiggift-fuer-maeuse-und-ratten\/#breadcrumb","itemListElement":[{"@type":"ListItem","position":1,"name":"Strona g\u0142\u00f3wna","item":"https:\/\/gardenersfriend.eu\/de\/"},{"@type":"ListItem","position":2,"name":"Shop","item":"https:\/\/gardenersfriend.eu\/de\/shop\/"},{"@type":"ListItem","position":3,"name":"Toxan &#8211; Fl\u00fcssiggift f\u00fcr M\u00e4use und Ratten"}]},{"@type":"WebSite","@id":"https:\/\/gardenersfriend.eu\/de\/#website","url":"https:\/\/gardenersfriend.eu\/de\/","name":"Gardeners Friend","description":"herbicides, fertilisers, roundup","publisher":{"@id":"https:\/\/gardenersfriend.eu\/de\/#organization"},"potentialAction":[{"@type":"SearchAction","target":{"@type":"EntryPoint","urlTemplate":"https:\/\/gardenersfriend.eu\/de\/?s={search_term_string}"},"query-input":{"@type":"PropertyValueSpecification","valueRequired":true,"valueName":"search_term_string"}}],"inLanguage":"de"},{"@type":"Organization","@id":"https:\/\/gardenersfriend.eu\/de\/#organization","name":"Gardeners Friend","url":"https:\/\/gardenersfriend.eu\/de\/","logo":{"@type":"ImageObject","inLanguage":"de","@id":"https:\/\/gardenersfriend.eu\/de\/#\/schema\/logo\/image\/","url":"https:\/\/gardenersfriend.eu\/wp-content\/uploads\/2025\/09\/gf_accepted_big_logo.png","contentUrl":"https:\/\/gardenersfriend.eu\/wp-content\/uploads\/2025\/09\/gf_accepted_big_logo.png","width":2000,"height":1000,"caption":"Gardeners Friend"},"image":{"@id":"https:\/\/gardenersfriend.eu\/de\/#\/schema\/logo\/image\/"},"sameAs":["https:\/\/www.facebook.com\/people\/Gardeners-Friend-Store\/61566268054378\/","https:\/\/www.instagram.com\/gardeners_friend_store\/"]}]}},"uagb_featured_image_src":{"full":["https:\/\/gardenersfriend.eu\/wp-content\/uploads\/2025\/09\/Toxan-1L.jpg",680,680,false],"thumbnail":["https:\/\/gardenersfriend.eu\/wp-content\/uploads\/2025\/09\/Toxan-1L-150x150.jpg",150,150,true],"medium":["https:\/\/gardenersfriend.eu\/wp-content\/uploads\/2025\/09\/Toxan-1L-300x300.jpg",300,300,true],"medium_large":["https:\/\/gardenersfriend.eu\/wp-content\/uploads\/2025\/09\/Toxan-1L.jpg",680,680,false],"large":["https:\/\/gardenersfriend.eu\/wp-content\/uploads\/2025\/09\/Toxan-1L.jpg",680,680,false],"1536x1536":["https:\/\/gardenersfriend.eu\/wp-content\/uploads\/2025\/09\/Toxan-1L.jpg",680,680,false],"2048x2048":["https:\/\/gardenersfriend.eu\/wp-content\/uploads\/2025\/09\/Toxan-1L.jpg",680,680,false],"woocommerce_thumbnail":["https:\/\/gardenersfriend.eu\/wp-content\/uploads\/2025\/09\/Toxan-1L-300x300.jpg",300,300,true],"woocommerce_single":["https:\/\/gardenersfriend.eu\/wp-content\/uploads\/2025\/09\/Toxan-1L-600x600.jpg",600,600,true],"woocommerce_gallery_thumbnail":["https:\/\/gardenersfriend.eu\/wp-content\/uploads\/2025\/09\/Toxan-1L-100x100.jpg",100,100,true]},"uagb_author_info":{"display_name":"admin","author_link":"https:\/\/gardenersfriend.eu\/de\/author\/"},"uagb_comment_info":0,"uagb_excerpt":"Toxan ist ein fl\u00fcssiges Nagetiergift, das 0,005% Bromadiolon enth\u00e4lt, ein Einweg-Antikoagulans der zweiten Generation und eine bittere Substanz, die das Risiko des Verschluckens durch unerw\u00fcnschte Organismen reduziert","jetpack_sharing_enabled":true,"_links":{"self":[{"href":"https:\/\/gardenersfriend.eu\/de\/wp-json\/wp\/v2\/product\/7482","targetHints":{"allow":["GET"]}}],"collection":[{"href":"https:\/\/gardenersfriend.eu\/de\/wp-json\/wp\/v2\/product"}],"about":[{"href":"https:\/\/gardenersfriend.eu\/de\/wp-json\/wp\/v2\/types\/product"}],"replies":[{"embeddable":true,"href":"https:\/\/gardenersfriend.eu\/de\/wp-json\/wp\/v2\/comments?post=7482"}],"wp:featuredmedia":[{"embeddable":true,"href":"https:\/\/gardenersfriend.eu\/de\/wp-json\/wp\/v2\/media\/7464"}],"wp:attachment":[{"href":"https:\/\/gardenersfriend.eu\/de\/wp-json\/wp\/v2\/media?parent=7482"}],"wp:term":[{"taxonomy":"product_brand","embeddable":true,"href":"https:\/\/gardenersfriend.eu\/de\/wp-json\/wp\/v2\/product_brand?post=7482"},{"taxonomy":"product_cat","embeddable":true,"href":"https:\/\/gardenersfriend.eu\/de\/wp-json\/wp\/v2\/product_cat?post=7482"},{"taxonomy":"product_tag","embeddable":true,"href":"https:\/\/gardenersfriend.eu\/de\/wp-json\/wp\/v2\/product_tag?post=7482"}],"curies":[{"name":"wp","href":"https:\/\/api.w.org\/{rel}","templated":true}]}}