{"id":7970,"date":"2025-10-29T19:21:15","date_gmt":"2025-10-29T18:21:15","guid":{"rendered":"https:\/\/gardenersfriend.eu\/product\/rodeo-plus-360-sl-glyphosat-herbizid\/"},"modified":"2026-03-19T20:50:41","modified_gmt":"2026-03-19T19:50:41","slug":"rodeo-plus-360-sl-glyphosat-herbizid","status":"publish","type":"product","link":"https:\/\/gardenersfriend.eu\/de\/produkt\/rodeo-plus-360-sl-glyphosat-herbizid\/","title":{"rendered":"Rodeo Plus 360 SL Glyphosat Herbizid"},"content":{"rendered":"<h2>Rodeo Plus 360 SL (Ersatz f\u00fcr Roundup 360)<\/h2>\n<p>Rodeo Plus 360 SL ist ein nicht-selektives Herbizid mit systemischer Wirkung zur Blattanwendung in Form eines Konzentrats zur Herstellung einer w\u00e4ssrigen L\u00f6sung (SL).<\/p>\n<h3>Wirkstoffgehalt von Rodeo Plus 360 SL:<\/h3>\n<ul>\n<li>Glyphosat (eine Verbindung aus der Gruppe der Aminophosphonate) in Form von Kaliumsalz &#8211; 360 g\/l (28,7%)<\/li>\n<\/ul>\n<h3>Vorteile der Verwendung des Rodeo Plus 360 SL Spr\u00fchger\u00e4ts:<\/h3>\n<ul>\n<li>Ein Pflanzenschutzmittel, das f\u00fcr den Einsatz in vielen Pflanzengruppen bestimmt ist.<\/li>\n<li>Ein fl\u00fcssiges Produkt f\u00fcr die Anwendung auf dem Blatt.<\/li>\n<li>Es wird \u00fcber die gr\u00fcnen Teile der Pflanze aufgenommen.<\/li>\n<li>Die ersten Symptome der Wirkung des Produkts sind nach 7-10 Tagen sichtbar.<\/li>\n<\/ul>\n<h3>Bei welchem Unkraut wirkt es?<\/h3>\n<p>Das Produkt enth\u00e4lt den Wirkstoff Glyphosat, der die Wirkung des Enzyms EPSPS-Synthase hemmt, einem Schl\u00fcsselenzym des Shikimis\u00e4ure-Stoffwechselweges, der an der Biosynthese aromatischer Aminos\u00e4uren beteiligt ist. In der Pflanze hemmt es die Synthese von Proteinen, die f\u00fcr das Pflanzenwachstum wichtig sind. Das Produkt wird \u00fcber die gr\u00fcnen Pflanzenteile (Bl\u00e4tter, gr\u00fcne Triebe und nicht verholzte Rinde) aufgenommen, wandert dann durch die ganze Pflanze und erreicht die unterirdischen Teile (Wurzeln, Ausl\u00e4ufer usw.), wo es zum Absterben f\u00fchrt. Die ersten Symptome der Wirkung des Produkts (Vergilben und Welken) sind 7-10 Tage nach der Anwendung sichtbar. Das vollst\u00e4ndige Absterben der Pflanzen tritt nach etwa 3 Wochen ein. Hohe Temperatur und Feuchtigkeit sowie starke Sonneneinstrahlung beschleunigen die Wirkung des Produkts.     <\/p>\n<p><strong>Pflanzenschutzdosis: 1,5-2,0 l\/ha (Unkraut im Keimlingsstadium):<\/strong><\/p>\n<p><strong>Mittelm\u00e4\u00dfig anf\u00e4llige Unkr\u00e4uter: Scheunengras.<\/strong><\/p>\n<p><strong>Empfindliche Unkr\u00e4uter: <\/strong>Ackersenf, Vogelmiere, Wei\u00dfer Staudenkn\u00f6terich, Gew\u00f6hnlicher Hirtent\u00e4schelkraut, Ackerwinde.<\/p>\n<p><strong>Pflanzenschutzmitteldosis 3,0 l\/ha:<\/strong><br \/>\n<strong>Mittelm\u00e4\u00dfig empfindliche Unkr\u00e4uter:<\/strong> Purpurrote Taubnessel, Wei\u00dfes Labkraut, Quecke, Ackerfuchsschwanz.<br \/>\n<strong>Empfindliche Unkr\u00e4uter: <\/strong>Kleiner Storchschnabel, Scheidengras, Vogelmiere, Persischer Ehrenpreis, Kanadischer Emmer, Gefleckter Staudenkn\u00f6terich, Gew\u00f6hnliches Kreuzkraut, Hirtent\u00e4schelkraut, Wiesenrispe, Einj\u00e4hriges Wiesenrispengras.<\/p>\n<p class=\"p1\"><strong>Etikett: <\/strong><a title=\"RODEO PLUS 360 SL\" href=\"https:\/\/gardenersfriend.eu\/wp-content\/uploads\/2026\/02\/Rodeo-Plus-360-sl-EN.pdf\" target=\"_blank\" rel=\"noopener\">RODEO PLUS 360 SL<\/a><\/p>\n<p class=\"p1\"><strong>Standort des Herstellers:<\/strong> <a title=\"Bayer Seite\" href=\"https:\/\/www.bayer.com\/\" target=\"_blank\" rel=\"noopener\">Bayer<\/a><\/p>\n<p><strong>Anderes Herbizid: <\/strong><a href=\"https:\/\/gardenersfriend.eu\/de\/product-category\/alle-produkte\/herbizid\/\">Herbizid<\/a><\/p>\n<h5 style=\"color: #bcbcbc;\">Legal Information<\/h5>\n<p style=\"color: #bcbcbc;\">\nHints! Use pesticides carefully. \nBefore use read the label and product information.\nUse by non-professional users permitted.\nException: The buyer from Belgium declares that\nat the time of purchase he has full legal capacity\nand has the appropriate qualifications required from\npersons purchasing plant protection products.\n\nPursuant to Art. 28 of the Act of March 8, 2013 on plant protection products (Journal of Laws 2020, item 2097), from November 26, 2015, plant protection products intended for professional users may be sold to people who:\n\nPoint 1 - have completed training in the use of plant protection products in the Republic of Poland confirmed by a certificate of completion of this training, or\n\nPoint 2 - have completed training in advising on plant protection products in the Republic of Poland confirmed by a certificate of completion of this training, or\n\nPoint 3 - have completed training in integrated crop production confirmed by a certificate of completion of this training, or\n\nPoint 4 - not earlier than 5 years, prior to the purchase of these funds, have completed the training required from professional users in another Member State of the European Union or in a country being a party to the Agreement on the European Economic Area, on the basis of the provisions in force in that country, confirmed by a document of completion of this training, or they have presented another document issued under the regulations in force in that country, confirming that they obtained authorization to purchase plant protection products intended for professional users.\n\nImportent!\n\nOnly people over 18 years of age can use plant protection products.\n\nPlant protection products should be used safely.\n\nBefore each use, read the information provided on the label and product information.\n\n\n<\/p>\n","protected":false},"excerpt":{"rendered":"<p>Rodeo 360 SL ist ein nicht-selektives Herbizid zur Anwendung auf Bl\u00e4ttern. Form eines Konzentrats zur Herstellung einer w\u00e4ssrigen L\u00f6sung (SL). Wirkstoff: Glyphosat  <\/p>\n","protected":false},"featured_media":7958,"comment_status":"open","ping_status":"closed","template":"","meta":{"_uag_custom_page_level_css":"","site-sidebar-layout":"default","site-content-layout":"","ast-site-content-layout":"default","site-content-style":"default","site-sidebar-style":"default","ast-global-header-display":"","ast-banner-title-visibility":"","ast-main-header-display":"","ast-hfb-above-header-display":"","ast-hfb-below-header-display":"","ast-hfb-mobile-header-display":"","site-post-title":"","ast-breadcrumbs-content":"","ast-featured-img":"","footer-sml-layout":"","ast-disable-related-posts":"","theme-transparent-header-meta":"default","adv-header-id-meta":"","stick-header-meta":"","header-above-stick-meta":"","header-main-stick-meta":"","header-below-stick-meta":"","astra-migrate-meta-layouts":"default","ast-page-background-enabled":"default","ast-page-background-meta":{"desktop":{"background-color":"var(--ast-global-color-4)","background-image":"","background-repeat":"repeat","background-position":"center center","background-size":"auto","background-attachment":"scroll","background-type":"","background-media":"","overlay-type":"","overlay-color":"","overlay-opacity":"","overlay-gradient":""},"tablet":{"background-color":"","background-image":"","background-repeat":"repeat","background-position":"center center","background-size":"auto","background-attachment":"scroll","background-type":"","background-media":"","overlay-type":"","overlay-color":"","overlay-opacity":"","overlay-gradient":""},"mobile":{"background-color":"","background-image":"","background-repeat":"repeat","background-position":"center center","background-size":"auto","background-attachment":"scroll","background-type":"","background-media":"","overlay-type":"","overlay-color":"","overlay-opacity":"","overlay-gradient":""}},"ast-content-background-meta":{"desktop":{"background-color":"var(--ast-global-color-5)","background-image":"","background-repeat":"repeat","background-position":"center center","background-size":"auto","background-attachment":"scroll","background-type":"","background-media":"","overlay-type":"","overlay-color":"","overlay-opacity":"","overlay-gradient":""},"tablet":{"background-color":"var(--ast-global-color-5)","background-image":"","background-repeat":"repeat","background-position":"center center","background-size":"auto","background-attachment":"scroll","background-type":"","background-media":"","overlay-type":"","overlay-color":"","overlay-opacity":"","overlay-gradient":""},"mobile":{"background-color":"var(--ast-global-color-5)","background-image":"","background-repeat":"repeat","background-position":"center center","background-size":"auto","background-attachment":"scroll","background-type":"","background-media":"","overlay-type":"","overlay-color":"","overlay-opacity":"","overlay-gradient":""}}},"product_brand":[],"product_cat":[84,176],"product_tag":[],"class_list":{"0":"post-7970","1":"product","2":"type-product","3":"status-publish","4":"has-post-thumbnail","6":"product_cat-alle-produkte","7":"product_cat-herbizid","8":"desktop-align-left","9":"tablet-align-left","10":"mobile-align-left","12":"first","13":"instock","14":"taxable","15":"shipping-taxable","16":"purchasable","17":"product-type-variable","18":"has-default-attributes"},"yoast_head":"<!-- This site is optimized with the Yoast SEO plugin v27.4 - https:\/\/yoast.com\/product\/yoast-seo-wordpress\/ -->\n<title>Rodeo Plus 360 SL Glyphosat Herbizid - Gardeners Friend<\/title>\n<meta name=\"description\" content=\"Rodeo Plus 360 - nicht-selektives Herbizid zur Anwendung auf dem Blatt. Form eines Konzentrats zur Herstellung einer w\u00e4ssrigen L\u00f6sung (SL). Wirkstoff: Glyphosat\" \/>\n<meta name=\"robots\" content=\"index, follow, max-snippet:-1, max-image-preview:large, max-video-preview:-1\" \/>\n<link rel=\"canonical\" href=\"https:\/\/gardenersfriend.eu\/de\/produkt\/rodeo-plus-360-sl-glyphosat-herbizid\/\" \/>\n<meta property=\"og:locale\" content=\"de_DE\" \/>\n<meta property=\"og:type\" content=\"article\" \/>\n<meta property=\"og:title\" content=\"Rodeo Plus 360 SL Glyphosat Herbizid - Gardeners Friend\" \/>\n<meta property=\"og:description\" content=\"Rodeo Plus 360 - nicht-selektives Herbizid zur Anwendung auf dem Blatt. Form eines Konzentrats zur Herstellung einer w\u00e4ssrigen L\u00f6sung (SL). Wirkstoff: Glyphosat\" \/>\n<meta property=\"og:url\" content=\"https:\/\/gardenersfriend.eu\/de\/produkt\/rodeo-plus-360-sl-glyphosat-herbizid\/\" \/>\n<meta property=\"og:site_name\" content=\"Gardeners Friend\" \/>\n<meta property=\"article:publisher\" content=\"https:\/\/www.facebook.com\/people\/Gardeners-Friend-Store\/61566268054378\/\" \/>\n<meta property=\"article:modified_time\" content=\"2026-03-19T19:50:41+00:00\" \/>\n<meta property=\"og:image\" content=\"https:\/\/gardenersfriend.eu\/wp-content\/uploads\/2025\/10\/rodeo_360_plus_5l.jpg\" \/>\n\t<meta property=\"og:image:width\" content=\"600\" \/>\n\t<meta property=\"og:image:height\" content=\"600\" \/>\n\t<meta property=\"og:image:type\" content=\"image\/jpeg\" \/>\n<meta name=\"twitter:card\" content=\"summary_large_image\" \/>\n<meta name=\"twitter:label1\" content=\"Gesch\u00e4tzte Lesezeit\" \/>\n\t<meta name=\"twitter:data1\" content=\"2\u00a0Minuten\" \/>\n<script type=\"application\/ld+json\" class=\"yoast-schema-graph\">{\"@context\":\"https:\\\/\\\/schema.org\",\"@graph\":[{\"@type\":\"WebPage\",\"@id\":\"https:\\\/\\\/gardenersfriend.eu\\\/de\\\/produkt\\\/rodeo-plus-360-sl-glyphosat-herbizid\\\/\",\"url\":\"https:\\\/\\\/gardenersfriend.eu\\\/de\\\/produkt\\\/rodeo-plus-360-sl-glyphosat-herbizid\\\/\",\"name\":\"Rodeo Plus 360 SL Glyphosat Herbizid - Gardeners Friend\",\"isPartOf\":{\"@id\":\"https:\\\/\\\/gardenersfriend.eu\\\/de\\\/#website\"},\"primaryImageOfPage\":{\"@id\":\"https:\\\/\\\/gardenersfriend.eu\\\/de\\\/produkt\\\/rodeo-plus-360-sl-glyphosat-herbizid\\\/#primaryimage\"},\"image\":{\"@id\":\"https:\\\/\\\/gardenersfriend.eu\\\/de\\\/produkt\\\/rodeo-plus-360-sl-glyphosat-herbizid\\\/#primaryimage\"},\"thumbnailUrl\":\"https:\\\/\\\/gardenersfriend.eu\\\/wp-content\\\/uploads\\\/2025\\\/10\\\/rodeo_360_plus_5l.jpg\",\"datePublished\":\"2025-10-29T18:21:15+00:00\",\"dateModified\":\"2026-03-19T19:50:41+00:00\",\"description\":\"Rodeo Plus 360 - nicht-selektives Herbizid zur Anwendung auf dem Blatt. Form eines Konzentrats zur Herstellung einer w\u00e4ssrigen L\u00f6sung (SL). Wirkstoff: Glyphosat\",\"breadcrumb\":{\"@id\":\"https:\\\/\\\/gardenersfriend.eu\\\/de\\\/produkt\\\/rodeo-plus-360-sl-glyphosat-herbizid\\\/#breadcrumb\"},\"inLanguage\":\"de\",\"potentialAction\":[{\"@type\":\"ReadAction\",\"target\":[\"https:\\\/\\\/gardenersfriend.eu\\\/de\\\/produkt\\\/rodeo-plus-360-sl-glyphosat-herbizid\\\/\"]}]},{\"@type\":\"ImageObject\",\"inLanguage\":\"de\",\"@id\":\"https:\\\/\\\/gardenersfriend.eu\\\/de\\\/produkt\\\/rodeo-plus-360-sl-glyphosat-herbizid\\\/#primaryimage\",\"url\":\"https:\\\/\\\/gardenersfriend.eu\\\/wp-content\\\/uploads\\\/2025\\\/10\\\/rodeo_360_plus_5l.jpg\",\"contentUrl\":\"https:\\\/\\\/gardenersfriend.eu\\\/wp-content\\\/uploads\\\/2025\\\/10\\\/rodeo_360_plus_5l.jpg\",\"width\":600,\"height\":600,\"caption\":\"Rodeo 360 Plus 5L\"},{\"@type\":\"BreadcrumbList\",\"@id\":\"https:\\\/\\\/gardenersfriend.eu\\\/de\\\/produkt\\\/rodeo-plus-360-sl-glyphosat-herbizid\\\/#breadcrumb\",\"itemListElement\":[{\"@type\":\"ListItem\",\"position\":1,\"name\":\"Strona g\u0142\u00f3wna\",\"item\":\"https:\\\/\\\/gardenersfriend.eu\\\/de\\\/\"},{\"@type\":\"ListItem\",\"position\":2,\"name\":\"Shop\",\"item\":\"https:\\\/\\\/gardenersfriend.eu\\\/de\\\/shop\\\/\"},{\"@type\":\"ListItem\",\"position\":3,\"name\":\"Rodeo Plus 360 SL Glyphosat Herbizid\"}]},{\"@type\":\"WebSite\",\"@id\":\"https:\\\/\\\/gardenersfriend.eu\\\/de\\\/#website\",\"url\":\"https:\\\/\\\/gardenersfriend.eu\\\/de\\\/\",\"name\":\"Gardeners Friend\",\"description\":\"herbicides, fertilisers, roundup\",\"publisher\":{\"@id\":\"https:\\\/\\\/gardenersfriend.eu\\\/de\\\/#organization\"},\"potentialAction\":[{\"@type\":\"SearchAction\",\"target\":{\"@type\":\"EntryPoint\",\"urlTemplate\":\"https:\\\/\\\/gardenersfriend.eu\\\/de\\\/?s={search_term_string}\"},\"query-input\":{\"@type\":\"PropertyValueSpecification\",\"valueRequired\":true,\"valueName\":\"search_term_string\"}}],\"inLanguage\":\"de\"},{\"@type\":\"Organization\",\"@id\":\"https:\\\/\\\/gardenersfriend.eu\\\/de\\\/#organization\",\"name\":\"Gardeners Friend\",\"url\":\"https:\\\/\\\/gardenersfriend.eu\\\/de\\\/\",\"logo\":{\"@type\":\"ImageObject\",\"inLanguage\":\"de\",\"@id\":\"https:\\\/\\\/gardenersfriend.eu\\\/de\\\/#\\\/schema\\\/logo\\\/image\\\/\",\"url\":\"https:\\\/\\\/gardenersfriend.eu\\\/wp-content\\\/uploads\\\/2025\\\/09\\\/gf_accepted_big_logo.png\",\"contentUrl\":\"https:\\\/\\\/gardenersfriend.eu\\\/wp-content\\\/uploads\\\/2025\\\/09\\\/gf_accepted_big_logo.png\",\"width\":2000,\"height\":1000,\"caption\":\"Gardeners Friend\"},\"image\":{\"@id\":\"https:\\\/\\\/gardenersfriend.eu\\\/de\\\/#\\\/schema\\\/logo\\\/image\\\/\"},\"sameAs\":[\"https:\\\/\\\/www.facebook.com\\\/people\\\/Gardeners-Friend-Store\\\/61566268054378\\\/\",\"https:\\\/\\\/www.instagram.com\\\/gardeners_friend_store\\\/\"]}]}<\/script>\n<!-- \/ Yoast SEO plugin. -->","yoast_head_json":{"title":"Rodeo Plus 360 SL Glyphosat Herbizid - Gardeners Friend","description":"Rodeo Plus 360 - nicht-selektives Herbizid zur Anwendung auf dem Blatt. Form eines Konzentrats zur Herstellung einer w\u00e4ssrigen L\u00f6sung (SL). Wirkstoff: Glyphosat","robots":{"index":"index","follow":"follow","max-snippet":"max-snippet:-1","max-image-preview":"max-image-preview:large","max-video-preview":"max-video-preview:-1"},"canonical":"https:\/\/gardenersfriend.eu\/de\/produkt\/rodeo-plus-360-sl-glyphosat-herbizid\/","og_locale":"de_DE","og_type":"article","og_title":"Rodeo Plus 360 SL Glyphosat Herbizid - Gardeners Friend","og_description":"Rodeo Plus 360 - nicht-selektives Herbizid zur Anwendung auf dem Blatt. Form eines Konzentrats zur Herstellung einer w\u00e4ssrigen L\u00f6sung (SL). Wirkstoff: Glyphosat","og_url":"https:\/\/gardenersfriend.eu\/de\/produkt\/rodeo-plus-360-sl-glyphosat-herbizid\/","og_site_name":"Gardeners Friend","article_publisher":"https:\/\/www.facebook.com\/people\/Gardeners-Friend-Store\/61566268054378\/","article_modified_time":"2026-03-19T19:50:41+00:00","og_image":[{"width":600,"height":600,"url":"https:\/\/gardenersfriend.eu\/wp-content\/uploads\/2025\/10\/rodeo_360_plus_5l.jpg","type":"image\/jpeg"}],"twitter_card":"summary_large_image","twitter_misc":{"Gesch\u00e4tzte Lesezeit":"2\u00a0Minuten"},"schema":{"@context":"https:\/\/schema.org","@graph":[{"@type":"WebPage","@id":"https:\/\/gardenersfriend.eu\/de\/produkt\/rodeo-plus-360-sl-glyphosat-herbizid\/","url":"https:\/\/gardenersfriend.eu\/de\/produkt\/rodeo-plus-360-sl-glyphosat-herbizid\/","name":"Rodeo Plus 360 SL Glyphosat Herbizid - Gardeners Friend","isPartOf":{"@id":"https:\/\/gardenersfriend.eu\/de\/#website"},"primaryImageOfPage":{"@id":"https:\/\/gardenersfriend.eu\/de\/produkt\/rodeo-plus-360-sl-glyphosat-herbizid\/#primaryimage"},"image":{"@id":"https:\/\/gardenersfriend.eu\/de\/produkt\/rodeo-plus-360-sl-glyphosat-herbizid\/#primaryimage"},"thumbnailUrl":"https:\/\/gardenersfriend.eu\/wp-content\/uploads\/2025\/10\/rodeo_360_plus_5l.jpg","datePublished":"2025-10-29T18:21:15+00:00","dateModified":"2026-03-19T19:50:41+00:00","description":"Rodeo Plus 360 - nicht-selektives Herbizid zur Anwendung auf dem Blatt. Form eines Konzentrats zur Herstellung einer w\u00e4ssrigen L\u00f6sung (SL). Wirkstoff: Glyphosat","breadcrumb":{"@id":"https:\/\/gardenersfriend.eu\/de\/produkt\/rodeo-plus-360-sl-glyphosat-herbizid\/#breadcrumb"},"inLanguage":"de","potentialAction":[{"@type":"ReadAction","target":["https:\/\/gardenersfriend.eu\/de\/produkt\/rodeo-plus-360-sl-glyphosat-herbizid\/"]}]},{"@type":"ImageObject","inLanguage":"de","@id":"https:\/\/gardenersfriend.eu\/de\/produkt\/rodeo-plus-360-sl-glyphosat-herbizid\/#primaryimage","url":"https:\/\/gardenersfriend.eu\/wp-content\/uploads\/2025\/10\/rodeo_360_plus_5l.jpg","contentUrl":"https:\/\/gardenersfriend.eu\/wp-content\/uploads\/2025\/10\/rodeo_360_plus_5l.jpg","width":600,"height":600,"caption":"Rodeo 360 Plus 5L"},{"@type":"BreadcrumbList","@id":"https:\/\/gardenersfriend.eu\/de\/produkt\/rodeo-plus-360-sl-glyphosat-herbizid\/#breadcrumb","itemListElement":[{"@type":"ListItem","position":1,"name":"Strona g\u0142\u00f3wna","item":"https:\/\/gardenersfriend.eu\/de\/"},{"@type":"ListItem","position":2,"name":"Shop","item":"https:\/\/gardenersfriend.eu\/de\/shop\/"},{"@type":"ListItem","position":3,"name":"Rodeo Plus 360 SL Glyphosat Herbizid"}]},{"@type":"WebSite","@id":"https:\/\/gardenersfriend.eu\/de\/#website","url":"https:\/\/gardenersfriend.eu\/de\/","name":"Gardeners Friend","description":"herbicides, fertilisers, roundup","publisher":{"@id":"https:\/\/gardenersfriend.eu\/de\/#organization"},"potentialAction":[{"@type":"SearchAction","target":{"@type":"EntryPoint","urlTemplate":"https:\/\/gardenersfriend.eu\/de\/?s={search_term_string}"},"query-input":{"@type":"PropertyValueSpecification","valueRequired":true,"valueName":"search_term_string"}}],"inLanguage":"de"},{"@type":"Organization","@id":"https:\/\/gardenersfriend.eu\/de\/#organization","name":"Gardeners Friend","url":"https:\/\/gardenersfriend.eu\/de\/","logo":{"@type":"ImageObject","inLanguage":"de","@id":"https:\/\/gardenersfriend.eu\/de\/#\/schema\/logo\/image\/","url":"https:\/\/gardenersfriend.eu\/wp-content\/uploads\/2025\/09\/gf_accepted_big_logo.png","contentUrl":"https:\/\/gardenersfriend.eu\/wp-content\/uploads\/2025\/09\/gf_accepted_big_logo.png","width":2000,"height":1000,"caption":"Gardeners Friend"},"image":{"@id":"https:\/\/gardenersfriend.eu\/de\/#\/schema\/logo\/image\/"},"sameAs":["https:\/\/www.facebook.com\/people\/Gardeners-Friend-Store\/61566268054378\/","https:\/\/www.instagram.com\/gardeners_friend_store\/"]}]}},"uagb_featured_image_src":{"full":["https:\/\/gardenersfriend.eu\/wp-content\/uploads\/2025\/10\/rodeo_360_plus_5l.jpg",600,600,false],"thumbnail":["https:\/\/gardenersfriend.eu\/wp-content\/uploads\/2025\/10\/rodeo_360_plus_5l-150x150.jpg",150,150,true],"medium":["https:\/\/gardenersfriend.eu\/wp-content\/uploads\/2025\/10\/rodeo_360_plus_5l-300x300.jpg",300,300,true],"medium_large":["https:\/\/gardenersfriend.eu\/wp-content\/uploads\/2025\/10\/rodeo_360_plus_5l.jpg",600,600,false],"large":["https:\/\/gardenersfriend.eu\/wp-content\/uploads\/2025\/10\/rodeo_360_plus_5l.jpg",600,600,false],"1536x1536":["https:\/\/gardenersfriend.eu\/wp-content\/uploads\/2025\/10\/rodeo_360_plus_5l.jpg",600,600,false],"2048x2048":["https:\/\/gardenersfriend.eu\/wp-content\/uploads\/2025\/10\/rodeo_360_plus_5l.jpg",600,600,false],"woocommerce_thumbnail":["https:\/\/gardenersfriend.eu\/wp-content\/uploads\/2025\/10\/rodeo_360_plus_5l-300x300.jpg",300,300,true],"woocommerce_single":["https:\/\/gardenersfriend.eu\/wp-content\/uploads\/2025\/10\/rodeo_360_plus_5l.jpg",600,600,false],"woocommerce_gallery_thumbnail":["https:\/\/gardenersfriend.eu\/wp-content\/uploads\/2025\/10\/rodeo_360_plus_5l-100x100.jpg",100,100,true]},"uagb_author_info":{"display_name":"admin","author_link":"https:\/\/gardenersfriend.eu\/de\/author\/"},"uagb_comment_info":0,"uagb_excerpt":"Rodeo 360 SL ist ein nicht-selektives Herbizid zur Anwendung auf Bl\u00e4ttern. Form eines Konzentrats zur Herstellung einer w\u00e4ssrigen L\u00f6sung (SL). Wirkstoff: Glyphosat","jetpack_sharing_enabled":true,"_links":{"self":[{"href":"https:\/\/gardenersfriend.eu\/de\/wp-json\/wp\/v2\/product\/7970","targetHints":{"allow":["GET"]}}],"collection":[{"href":"https:\/\/gardenersfriend.eu\/de\/wp-json\/wp\/v2\/product"}],"about":[{"href":"https:\/\/gardenersfriend.eu\/de\/wp-json\/wp\/v2\/types\/product"}],"replies":[{"embeddable":true,"href":"https:\/\/gardenersfriend.eu\/de\/wp-json\/wp\/v2\/comments?post=7970"}],"wp:featuredmedia":[{"embeddable":true,"href":"https:\/\/gardenersfriend.eu\/de\/wp-json\/wp\/v2\/media\/7958"}],"wp:attachment":[{"href":"https:\/\/gardenersfriend.eu\/de\/wp-json\/wp\/v2\/media?parent=7970"}],"wp:term":[{"taxonomy":"product_brand","embeddable":true,"href":"https:\/\/gardenersfriend.eu\/de\/wp-json\/wp\/v2\/product_brand?post=7970"},{"taxonomy":"product_cat","embeddable":true,"href":"https:\/\/gardenersfriend.eu\/de\/wp-json\/wp\/v2\/product_cat?post=7970"},{"taxonomy":"product_tag","embeddable":true,"href":"https:\/\/gardenersfriend.eu\/de\/wp-json\/wp\/v2\/product_tag?post=7970"}],"curies":[{"name":"wp","href":"https:\/\/api.w.org\/{rel}","templated":true}]}}