{"id":8000,"date":"2025-10-28T02:15:40","date_gmt":"2025-10-28T01:15:40","guid":{"rendered":"https:\/\/gardenersfriend.eu\/product\/agrosar-360-sl-glyphosat-herbizid\/"},"modified":"2026-03-19T21:18:35","modified_gmt":"2026-03-19T20:18:35","slug":"agrosar-360-sl-glyphosat-herbizid","status":"publish","type":"product","link":"https:\/\/gardenersfriend.eu\/de\/produkt\/agrosar-360-sl-glyphosat-herbizid\/","title":{"rendered":"Agrosar 360 SL Glyphosat Herbizid"},"content":{"rendered":"<h2 class=\"p1\">Agrosar 360 SL<\/h2>\n<p class=\"p1\">Agrosar 360 SL ist ein wirksames Herbizid zur Bek\u00e4mpfung von Quecke, Klatschmohn, Ackergauchheil und anderen sch\u00e4dlichen ein- und zweikeimbl\u00e4ttrigen Unkr\u00e4utern mit breiter Anwendung. Agrosar ist ein nicht-selektives, systemisches Herbizid zur Blattanwendung. Es ist hochwirksam bei der Bek\u00e4mpfung von einkeimbl\u00e4ttrigen und zweikeimbl\u00e4ttrigen Unkr\u00e4utern und hat ein breites Anwendungsspektrum: auf Stoppelfeldern, vor dem Anbau zur Unkrautbek\u00e4mpfung und vor der Ernte, um die Ernte zu erleichtern. Das Produkt ist als Konzentrat zur Herstellung einer w\u00e4ssrigen L\u00f6sung erh\u00e4ltlich.   <\/p>\n<h4 class=\"p1\">Agrosar 360 SL Wirkung auf Unkraut<\/h4>\n<p>Der Wirkstoff wird \u00fcber die gr\u00fcnen Teile der Pflanze (Bl\u00e4tter, gr\u00fcne Triebe und nicht korrodierte Rinde) aufgenommen, wandert dann durch die ganze Pflanze und erreicht die unterirdischen Teile (Wurzeln, Ausl\u00e4ufer usw.), wodurch diese absterben. Die ersten Symptome der Wirkung des Mittels (Vergilbung und Verwelken) werden 7-10 Tage nach der Anwendung sichtbar. Nach 2-3 Wochen tritt das vollst\u00e4ndige Absterben der Pflanzen ein. Faktoren wie hohe Temperatur, Feuchtigkeit und starke Sonneneinstrahlung beschleunigen die Wirkung des Mittels.   <\/p>\n<h4>Wirkstoff:<\/h4>\n<ul>\n<li>Glyphosat (eine Verbindung aus der Gruppe der Aminophosphonate) &#8211; 360 g\/l (30,9%)<\/li>\n<\/ul>\n<h4>Agrosar 360 SL wird zur Unkrautbek\u00e4mpfung eingesetzt<\/h4>\n<ul>\n<li>Winterraps, Winterweizen, Apfelb\u00e4ume, Stachelbeeren, Aronia, schwarze, rote und wei\u00dfe Johannisbeeren, Birnen, Pfirsiche, Kirschen, Aprikosen, Pflaumen, Kirschen<\/li>\n<li>Forstbaumschulen &#8211; Setzlinge von Nadelb\u00e4umen und Laubb\u00e4umen<\/li>\n<li>Verj\u00fcngung, Aufforstung &#8211; Waldkiefer, Laubbaumarten<\/li>\n<li>G\u00e4rten und Grundst\u00fccke<\/li>\n<\/ul>\n<h4>Agrosar 360 SL &#8211; Unkrautbek\u00e4mpfung:<\/h4>\n<p>Vogelmiere, Gemeine Vogelmiere, Wei\u00dfer G\u00e4nsefu\u00df, Ackermohn, Geruchloses Labkraut, Kanadischer Emmer, Ackerwinde (syn. Ackerwinde), Gew\u00f6hnliches Kreuzkraut, Gew\u00f6hnliches Hirtent\u00e4schelkraut, Einj\u00e4hriges Weidelgras, Ackerveilchen, Quecke, Spitzwegerich, Gew\u00f6hnlicher Wegerich, Gew\u00f6hnlicher Beifu\u00df, Kornblume, Ackersenf, Gew\u00f6hnliches Nadelkraut, Violette Taubnessel, Wei\u00dfklee, Knaulgras, Kanadische Goldrute, Wilder Hafer, Blutwurz, Gr\u00fcner Doldenbl\u00fctler, Gew\u00f6hnliche Kamille, Gew\u00f6hnlicher Stinkmorchel, Rauher Amaranth, Stumpfer Ampfer, Gew\u00f6hnlicher Sauerampfer, Gelbe Spitzwegerich, Ackerkn\u00f6terich, Gr\u00fcner Fuchsschwanz, Vogelwicke, Schmalbl\u00e4ttrige Wicke, Ackermilchkraut, L\u00f6wenzahn, Gew\u00f6hnliches Springkraut, Dreibl\u00e4ttriger Ehrenpreis, Gew\u00f6hnlicher Kn\u00f6terich, Gew\u00f6hnliches Hornkraut, Ackersauerampfer, Kleiner Storchschnabel, Roter Storchschnabel, Sch\u00f6llkraut, Kriechender Hahnenfu\u00df, Ackerklee, Gew\u00f6hnliche Schafgarbe, Ackerkratzdistel, Schwarzer Holunder, Gemeine Brennnessel, Ackerwinde, Persischer Ehrenpreis, Dr\u00fcsiges Weidenr\u00f6schen.<\/p>\n<h4>Agrosar 360 SL Karenzzeit:<\/h4>\n<p>Apfel, Stachelbeere, Aronia, schwarze Johannisbeere, rote Johannisbeere, wei\u00dfe Johannisbeere, Birne, Pfirsich, Kirsche, Aprikose, Pflaume, Sauerkirsche &#8211; 7 Tage<\/p>\n<p>Pflanzenschutzmittel sollten sicher verwendet werden. Lesen Sie vor der Anwendung das Etikett und die Produktbeschreibung. Pflanzenschutzmittel f\u00fcr den professionellen Gebrauch d\u00fcrfen nur von Erwachsenen und Personen erworben werden, die \u00fcber die f\u00fcr K\u00e4ufer von Pflanzenschutzmitteln erforderlichen Qualifikationen verf\u00fcgen, wie im Pflanzenschutzmittelgesetz festgelegt. Die Nichteinhaltung dieser Anforderungen stellt einen Versto\u00df gegen die Vorschriften des Gesch\u00e4fts dar.  <\/p>\n<p class=\"p1\"><strong>Etikett: <\/strong><a title=\"Agrosar 360 SL\" href=\"https:\/\/gardenersfriend.eu\/wp-content\/uploads\/2026\/02\/etykieta_agrosar_360_sl_DE.pdf\" target=\"_blank\" rel=\"noopener\">Agrosar 360 SL_DE<\/a><\/p>\n<p class=\"p1\"><strong>Website des Herstellers:<\/strong> <a title=\"Qemetica Seite\" href=\"https:\/\/qemetica-agro.pl\/pl\" target=\"_blank\" rel=\"noopener\">Qemetica<\/a><\/p>\n<p><strong>Anderes Herbizid: <\/strong><a href=\"https:\/\/gardenersfriend.eu\/de\/product-category\/alle-produkte\/herbizid\/\">Herbizid<\/a><\/p>\n<h5 style=\"color: #bcbcbc;\">Legal Information<\/h5>\n<p style=\"color: #bcbcbc;\">\nHints! Use pesticides carefully. \nBefore use read the label and product information.\nUse by non-professional users permitted.\nException: The buyer from Belgium declares that\nat the time of purchase he has full legal capacity\nand has the appropriate qualifications required from\npersons purchasing plant protection products.\n\nPursuant to Art. 28 of the Act of March 8, 2013 on plant protection products (Journal of Laws 2020, item 2097), from November 26, 2015, plant protection products intended for professional users may be sold to people who:\n\nPoint 1 - have completed training in the use of plant protection products in the Republic of Poland confirmed by a certificate of completion of this training, or\n\nPoint 2 - have completed training in advising on plant protection products in the Republic of Poland confirmed by a certificate of completion of this training, or\n\nPoint 3 - have completed training in integrated crop production confirmed by a certificate of completion of this training, or\n\nPoint 4 - not earlier than 5 years, prior to the purchase of these funds, have completed the training required from professional users in another Member State of the European Union or in a country being a party to the Agreement on the European Economic Area, on the basis of the provisions in force in that country, confirmed by a document of completion of this training, or they have presented another document issued under the regulations in force in that country, confirming that they obtained authorization to purchase plant protection products intended for professional users.\n\nImportent!\n\nOnly people over 18 years of age can use plant protection products.\n\nPlant protection products should be used safely.\n\nBefore each use, read the information provided on the label and product information.\n\n\n<\/p>\n","protected":false},"excerpt":{"rendered":"<p>T\u00f6ten Sie Unkraut schnell mit Agrosar 360 SL Glyphosat Herbizid. Wirksam gegen hartn\u00e4ckige Unkr\u00e4uter, einschlie\u00dflich Quecke und Klatschmohn, mit sichtbaren Ergebnissen innerhalb weniger Tage. <\/p>\n","protected":false},"featured_media":7930,"comment_status":"open","ping_status":"closed","template":"","meta":{"_uag_custom_page_level_css":"","site-sidebar-layout":"default","site-content-layout":"","ast-site-content-layout":"default","site-content-style":"default","site-sidebar-style":"default","ast-global-header-display":"","ast-banner-title-visibility":"","ast-main-header-display":"","ast-hfb-above-header-display":"","ast-hfb-below-header-display":"","ast-hfb-mobile-header-display":"","site-post-title":"","ast-breadcrumbs-content":"","ast-featured-img":"","footer-sml-layout":"","ast-disable-related-posts":"","theme-transparent-header-meta":"default","adv-header-id-meta":"","stick-header-meta":"","header-above-stick-meta":"","header-main-stick-meta":"","header-below-stick-meta":"","astra-migrate-meta-layouts":"default","ast-page-background-enabled":"default","ast-page-background-meta":{"desktop":{"background-color":"var(--ast-global-color-4)","background-image":"","background-repeat":"repeat","background-position":"center center","background-size":"auto","background-attachment":"scroll","background-type":"","background-media":"","overlay-type":"","overlay-color":"","overlay-opacity":"","overlay-gradient":""},"tablet":{"background-color":"","background-image":"","background-repeat":"repeat","background-position":"center center","background-size":"auto","background-attachment":"scroll","background-type":"","background-media":"","overlay-type":"","overlay-color":"","overlay-opacity":"","overlay-gradient":""},"mobile":{"background-color":"","background-image":"","background-repeat":"repeat","background-position":"center center","background-size":"auto","background-attachment":"scroll","background-type":"","background-media":"","overlay-type":"","overlay-color":"","overlay-opacity":"","overlay-gradient":""}},"ast-content-background-meta":{"desktop":{"background-color":"var(--ast-global-color-5)","background-image":"","background-repeat":"repeat","background-position":"center center","background-size":"auto","background-attachment":"scroll","background-type":"","background-media":"","overlay-type":"","overlay-color":"","overlay-opacity":"","overlay-gradient":""},"tablet":{"background-color":"var(--ast-global-color-5)","background-image":"","background-repeat":"repeat","background-position":"center center","background-size":"auto","background-attachment":"scroll","background-type":"","background-media":"","overlay-type":"","overlay-color":"","overlay-opacity":"","overlay-gradient":""},"mobile":{"background-color":"var(--ast-global-color-5)","background-image":"","background-repeat":"repeat","background-position":"center center","background-size":"auto","background-attachment":"scroll","background-type":"","background-media":"","overlay-type":"","overlay-color":"","overlay-opacity":"","overlay-gradient":""}}},"product_brand":[],"product_cat":[84,176],"product_tag":[],"class_list":{"0":"post-8000","1":"product","2":"type-product","3":"status-publish","4":"has-post-thumbnail","6":"product_cat-alle-produkte","7":"product_cat-herbizid","8":"desktop-align-left","9":"tablet-align-left","10":"mobile-align-left","12":"first","13":"instock","14":"taxable","15":"shipping-taxable","16":"purchasable","17":"product-type-variable","18":"has-default-attributes"},"yoast_head":"<!-- This site is optimized with the Yoast SEO plugin v27.4 - https:\/\/yoast.com\/product\/yoast-seo-wordpress\/ -->\n<title>Agrosar 360 SL Glyphosat Herbizid - Gardeners Friend<\/title>\n<meta name=\"description\" content=\"T\u00f6ten Sie Unkraut schnell mit Agrosar 360 SL Glyphosat Herbizid. Wirksam gegen hartn\u00e4ckige Unkr\u00e4uter, einschlie\u00dflich Quecke und Klatschmohn, mit sichtbaren Ergebnissen innerhalb weniger Tage.\" \/>\n<meta name=\"robots\" content=\"index, follow, max-snippet:-1, max-image-preview:large, max-video-preview:-1\" \/>\n<link rel=\"canonical\" href=\"https:\/\/gardenersfriend.eu\/de\/produkt\/agrosar-360-sl-glyphosat-herbizid\/\" \/>\n<meta property=\"og:locale\" content=\"de_DE\" \/>\n<meta property=\"og:type\" content=\"article\" \/>\n<meta property=\"og:title\" content=\"Agrosar 360 SL Glyphosat Herbizid - Gardeners Friend\" \/>\n<meta property=\"og:description\" content=\"T\u00f6ten Sie Unkraut schnell mit Agrosar 360 SL Glyphosat Herbizid. Wirksam gegen hartn\u00e4ckige Unkr\u00e4uter, einschlie\u00dflich Quecke und Klatschmohn, mit sichtbaren Ergebnissen innerhalb weniger Tage.\" \/>\n<meta property=\"og:url\" content=\"https:\/\/gardenersfriend.eu\/de\/produkt\/agrosar-360-sl-glyphosat-herbizid\/\" \/>\n<meta property=\"og:site_name\" content=\"Gardeners Friend\" \/>\n<meta property=\"article:publisher\" content=\"https:\/\/www.facebook.com\/people\/Gardeners-Friend-Store\/61566268054378\/\" \/>\n<meta property=\"article:modified_time\" content=\"2026-03-19T20:18:35+00:00\" \/>\n<meta property=\"og:image\" content=\"https:\/\/gardenersfriend.eu\/wp-content\/uploads\/2025\/10\/AGROSAR_360_SL_1L_glifosat.jpg.webp\" \/>\n\t<meta property=\"og:image:width\" content=\"1200\" \/>\n\t<meta property=\"og:image:height\" content=\"1200\" \/>\n\t<meta property=\"og:image:type\" content=\"image\/webp\" \/>\n<meta name=\"twitter:card\" content=\"summary_large_image\" \/>\n<meta name=\"twitter:label1\" content=\"Gesch\u00e4tzte Lesezeit\" \/>\n\t<meta name=\"twitter:data1\" content=\"2\u00a0Minuten\" \/>\n<script type=\"application\/ld+json\" class=\"yoast-schema-graph\">{\"@context\":\"https:\\\/\\\/schema.org\",\"@graph\":[{\"@type\":\"WebPage\",\"@id\":\"https:\\\/\\\/gardenersfriend.eu\\\/de\\\/produkt\\\/agrosar-360-sl-glyphosat-herbizid\\\/\",\"url\":\"https:\\\/\\\/gardenersfriend.eu\\\/de\\\/produkt\\\/agrosar-360-sl-glyphosat-herbizid\\\/\",\"name\":\"Agrosar 360 SL Glyphosat Herbizid - Gardeners Friend\",\"isPartOf\":{\"@id\":\"https:\\\/\\\/gardenersfriend.eu\\\/de\\\/#website\"},\"primaryImageOfPage\":{\"@id\":\"https:\\\/\\\/gardenersfriend.eu\\\/de\\\/produkt\\\/agrosar-360-sl-glyphosat-herbizid\\\/#primaryimage\"},\"image\":{\"@id\":\"https:\\\/\\\/gardenersfriend.eu\\\/de\\\/produkt\\\/agrosar-360-sl-glyphosat-herbizid\\\/#primaryimage\"},\"thumbnailUrl\":\"https:\\\/\\\/gardenersfriend.eu\\\/wp-content\\\/uploads\\\/2025\\\/10\\\/AGROSAR_360_SL_1L_glifosat.jpg.webp\",\"datePublished\":\"2025-10-28T01:15:40+00:00\",\"dateModified\":\"2026-03-19T20:18:35+00:00\",\"description\":\"T\u00f6ten Sie Unkraut schnell mit Agrosar 360 SL Glyphosat Herbizid. Wirksam gegen hartn\u00e4ckige Unkr\u00e4uter, einschlie\u00dflich Quecke und Klatschmohn, mit sichtbaren Ergebnissen innerhalb weniger Tage.\",\"breadcrumb\":{\"@id\":\"https:\\\/\\\/gardenersfriend.eu\\\/de\\\/produkt\\\/agrosar-360-sl-glyphosat-herbizid\\\/#breadcrumb\"},\"inLanguage\":\"de\",\"potentialAction\":[{\"@type\":\"ReadAction\",\"target\":[\"https:\\\/\\\/gardenersfriend.eu\\\/de\\\/produkt\\\/agrosar-360-sl-glyphosat-herbizid\\\/\"]}]},{\"@type\":\"ImageObject\",\"inLanguage\":\"de\",\"@id\":\"https:\\\/\\\/gardenersfriend.eu\\\/de\\\/produkt\\\/agrosar-360-sl-glyphosat-herbizid\\\/#primaryimage\",\"url\":\"https:\\\/\\\/gardenersfriend.eu\\\/wp-content\\\/uploads\\\/2025\\\/10\\\/AGROSAR_360_SL_1L_glifosat.jpg.webp\",\"contentUrl\":\"https:\\\/\\\/gardenersfriend.eu\\\/wp-content\\\/uploads\\\/2025\\\/10\\\/AGROSAR_360_SL_1L_glifosat.jpg.webp\",\"width\":1200,\"height\":1200,\"caption\":\"AGROSAR 360 SL 1L\"},{\"@type\":\"BreadcrumbList\",\"@id\":\"https:\\\/\\\/gardenersfriend.eu\\\/de\\\/produkt\\\/agrosar-360-sl-glyphosat-herbizid\\\/#breadcrumb\",\"itemListElement\":[{\"@type\":\"ListItem\",\"position\":1,\"name\":\"Strona g\u0142\u00f3wna\",\"item\":\"https:\\\/\\\/gardenersfriend.eu\\\/de\\\/\"},{\"@type\":\"ListItem\",\"position\":2,\"name\":\"Shop\",\"item\":\"https:\\\/\\\/gardenersfriend.eu\\\/de\\\/shop\\\/\"},{\"@type\":\"ListItem\",\"position\":3,\"name\":\"Agrosar 360 SL Glyphosat Herbizid\"}]},{\"@type\":\"WebSite\",\"@id\":\"https:\\\/\\\/gardenersfriend.eu\\\/de\\\/#website\",\"url\":\"https:\\\/\\\/gardenersfriend.eu\\\/de\\\/\",\"name\":\"Gardeners Friend\",\"description\":\"herbicides, fertilisers, roundup\",\"publisher\":{\"@id\":\"https:\\\/\\\/gardenersfriend.eu\\\/de\\\/#organization\"},\"potentialAction\":[{\"@type\":\"SearchAction\",\"target\":{\"@type\":\"EntryPoint\",\"urlTemplate\":\"https:\\\/\\\/gardenersfriend.eu\\\/de\\\/?s={search_term_string}\"},\"query-input\":{\"@type\":\"PropertyValueSpecification\",\"valueRequired\":true,\"valueName\":\"search_term_string\"}}],\"inLanguage\":\"de\"},{\"@type\":\"Organization\",\"@id\":\"https:\\\/\\\/gardenersfriend.eu\\\/de\\\/#organization\",\"name\":\"Gardeners Friend\",\"url\":\"https:\\\/\\\/gardenersfriend.eu\\\/de\\\/\",\"logo\":{\"@type\":\"ImageObject\",\"inLanguage\":\"de\",\"@id\":\"https:\\\/\\\/gardenersfriend.eu\\\/de\\\/#\\\/schema\\\/logo\\\/image\\\/\",\"url\":\"https:\\\/\\\/gardenersfriend.eu\\\/wp-content\\\/uploads\\\/2025\\\/09\\\/gf_accepted_big_logo.png\",\"contentUrl\":\"https:\\\/\\\/gardenersfriend.eu\\\/wp-content\\\/uploads\\\/2025\\\/09\\\/gf_accepted_big_logo.png\",\"width\":2000,\"height\":1000,\"caption\":\"Gardeners Friend\"},\"image\":{\"@id\":\"https:\\\/\\\/gardenersfriend.eu\\\/de\\\/#\\\/schema\\\/logo\\\/image\\\/\"},\"sameAs\":[\"https:\\\/\\\/www.facebook.com\\\/people\\\/Gardeners-Friend-Store\\\/61566268054378\\\/\",\"https:\\\/\\\/www.instagram.com\\\/gardeners_friend_store\\\/\"]}]}<\/script>\n<!-- \/ Yoast SEO plugin. -->","yoast_head_json":{"title":"Agrosar 360 SL Glyphosat Herbizid - Gardeners Friend","description":"T\u00f6ten Sie Unkraut schnell mit Agrosar 360 SL Glyphosat Herbizid. Wirksam gegen hartn\u00e4ckige Unkr\u00e4uter, einschlie\u00dflich Quecke und Klatschmohn, mit sichtbaren Ergebnissen innerhalb weniger Tage.","robots":{"index":"index","follow":"follow","max-snippet":"max-snippet:-1","max-image-preview":"max-image-preview:large","max-video-preview":"max-video-preview:-1"},"canonical":"https:\/\/gardenersfriend.eu\/de\/produkt\/agrosar-360-sl-glyphosat-herbizid\/","og_locale":"de_DE","og_type":"article","og_title":"Agrosar 360 SL Glyphosat Herbizid - Gardeners Friend","og_description":"T\u00f6ten Sie Unkraut schnell mit Agrosar 360 SL Glyphosat Herbizid. Wirksam gegen hartn\u00e4ckige Unkr\u00e4uter, einschlie\u00dflich Quecke und Klatschmohn, mit sichtbaren Ergebnissen innerhalb weniger Tage.","og_url":"https:\/\/gardenersfriend.eu\/de\/produkt\/agrosar-360-sl-glyphosat-herbizid\/","og_site_name":"Gardeners Friend","article_publisher":"https:\/\/www.facebook.com\/people\/Gardeners-Friend-Store\/61566268054378\/","article_modified_time":"2026-03-19T20:18:35+00:00","og_image":[{"width":1200,"height":1200,"url":"https:\/\/gardenersfriend.eu\/wp-content\/uploads\/2025\/10\/AGROSAR_360_SL_1L_glifosat.jpg.webp","type":"image\/webp"}],"twitter_card":"summary_large_image","twitter_misc":{"Gesch\u00e4tzte Lesezeit":"2\u00a0Minuten"},"schema":{"@context":"https:\/\/schema.org","@graph":[{"@type":"WebPage","@id":"https:\/\/gardenersfriend.eu\/de\/produkt\/agrosar-360-sl-glyphosat-herbizid\/","url":"https:\/\/gardenersfriend.eu\/de\/produkt\/agrosar-360-sl-glyphosat-herbizid\/","name":"Agrosar 360 SL Glyphosat Herbizid - Gardeners Friend","isPartOf":{"@id":"https:\/\/gardenersfriend.eu\/de\/#website"},"primaryImageOfPage":{"@id":"https:\/\/gardenersfriend.eu\/de\/produkt\/agrosar-360-sl-glyphosat-herbizid\/#primaryimage"},"image":{"@id":"https:\/\/gardenersfriend.eu\/de\/produkt\/agrosar-360-sl-glyphosat-herbizid\/#primaryimage"},"thumbnailUrl":"https:\/\/gardenersfriend.eu\/wp-content\/uploads\/2025\/10\/AGROSAR_360_SL_1L_glifosat.jpg.webp","datePublished":"2025-10-28T01:15:40+00:00","dateModified":"2026-03-19T20:18:35+00:00","description":"T\u00f6ten Sie Unkraut schnell mit Agrosar 360 SL Glyphosat Herbizid. Wirksam gegen hartn\u00e4ckige Unkr\u00e4uter, einschlie\u00dflich Quecke und Klatschmohn, mit sichtbaren Ergebnissen innerhalb weniger Tage.","breadcrumb":{"@id":"https:\/\/gardenersfriend.eu\/de\/produkt\/agrosar-360-sl-glyphosat-herbizid\/#breadcrumb"},"inLanguage":"de","potentialAction":[{"@type":"ReadAction","target":["https:\/\/gardenersfriend.eu\/de\/produkt\/agrosar-360-sl-glyphosat-herbizid\/"]}]},{"@type":"ImageObject","inLanguage":"de","@id":"https:\/\/gardenersfriend.eu\/de\/produkt\/agrosar-360-sl-glyphosat-herbizid\/#primaryimage","url":"https:\/\/gardenersfriend.eu\/wp-content\/uploads\/2025\/10\/AGROSAR_360_SL_1L_glifosat.jpg.webp","contentUrl":"https:\/\/gardenersfriend.eu\/wp-content\/uploads\/2025\/10\/AGROSAR_360_SL_1L_glifosat.jpg.webp","width":1200,"height":1200,"caption":"AGROSAR 360 SL 1L"},{"@type":"BreadcrumbList","@id":"https:\/\/gardenersfriend.eu\/de\/produkt\/agrosar-360-sl-glyphosat-herbizid\/#breadcrumb","itemListElement":[{"@type":"ListItem","position":1,"name":"Strona g\u0142\u00f3wna","item":"https:\/\/gardenersfriend.eu\/de\/"},{"@type":"ListItem","position":2,"name":"Shop","item":"https:\/\/gardenersfriend.eu\/de\/shop\/"},{"@type":"ListItem","position":3,"name":"Agrosar 360 SL Glyphosat Herbizid"}]},{"@type":"WebSite","@id":"https:\/\/gardenersfriend.eu\/de\/#website","url":"https:\/\/gardenersfriend.eu\/de\/","name":"Gardeners Friend","description":"herbicides, fertilisers, roundup","publisher":{"@id":"https:\/\/gardenersfriend.eu\/de\/#organization"},"potentialAction":[{"@type":"SearchAction","target":{"@type":"EntryPoint","urlTemplate":"https:\/\/gardenersfriend.eu\/de\/?s={search_term_string}"},"query-input":{"@type":"PropertyValueSpecification","valueRequired":true,"valueName":"search_term_string"}}],"inLanguage":"de"},{"@type":"Organization","@id":"https:\/\/gardenersfriend.eu\/de\/#organization","name":"Gardeners Friend","url":"https:\/\/gardenersfriend.eu\/de\/","logo":{"@type":"ImageObject","inLanguage":"de","@id":"https:\/\/gardenersfriend.eu\/de\/#\/schema\/logo\/image\/","url":"https:\/\/gardenersfriend.eu\/wp-content\/uploads\/2025\/09\/gf_accepted_big_logo.png","contentUrl":"https:\/\/gardenersfriend.eu\/wp-content\/uploads\/2025\/09\/gf_accepted_big_logo.png","width":2000,"height":1000,"caption":"Gardeners Friend"},"image":{"@id":"https:\/\/gardenersfriend.eu\/de\/#\/schema\/logo\/image\/"},"sameAs":["https:\/\/www.facebook.com\/people\/Gardeners-Friend-Store\/61566268054378\/","https:\/\/www.instagram.com\/gardeners_friend_store\/"]}]}},"uagb_featured_image_src":{"full":["https:\/\/gardenersfriend.eu\/wp-content\/uploads\/2025\/10\/AGROSAR_360_SL_1L_glifosat.jpg.webp",1200,1200,false],"thumbnail":["https:\/\/gardenersfriend.eu\/wp-content\/uploads\/2025\/10\/AGROSAR_360_SL_1L_glifosat.jpg-150x150.webp",150,150,true],"medium":["https:\/\/gardenersfriend.eu\/wp-content\/uploads\/2025\/10\/AGROSAR_360_SL_1L_glifosat.jpg-300x300.webp",300,300,true],"medium_large":["https:\/\/gardenersfriend.eu\/wp-content\/uploads\/2025\/10\/AGROSAR_360_SL_1L_glifosat.jpg-768x768.webp",768,768,true],"large":["https:\/\/gardenersfriend.eu\/wp-content\/uploads\/2025\/10\/AGROSAR_360_SL_1L_glifosat.jpg-1024x1024.webp",1024,1024,true],"1536x1536":["https:\/\/gardenersfriend.eu\/wp-content\/uploads\/2025\/10\/AGROSAR_360_SL_1L_glifosat.jpg.webp",1200,1200,false],"2048x2048":["https:\/\/gardenersfriend.eu\/wp-content\/uploads\/2025\/10\/AGROSAR_360_SL_1L_glifosat.jpg.webp",1200,1200,false],"woocommerce_thumbnail":["https:\/\/gardenersfriend.eu\/wp-content\/uploads\/2025\/10\/AGROSAR_360_SL_1L_glifosat.jpg-300x300.webp",300,300,true],"woocommerce_single":["https:\/\/gardenersfriend.eu\/wp-content\/uploads\/2025\/10\/AGROSAR_360_SL_1L_glifosat.jpg-600x600.webp",600,600,true],"woocommerce_gallery_thumbnail":["https:\/\/gardenersfriend.eu\/wp-content\/uploads\/2025\/10\/AGROSAR_360_SL_1L_glifosat.jpg-100x100.webp",100,100,true]},"uagb_author_info":{"display_name":"admin","author_link":"https:\/\/gardenersfriend.eu\/de\/author\/"},"uagb_comment_info":0,"uagb_excerpt":"T\u00f6ten Sie Unkraut schnell mit Agrosar 360 SL Glyphosat Herbizid. Wirksam gegen hartn\u00e4ckige Unkr\u00e4uter, einschlie\u00dflich Quecke und Klatschmohn, mit sichtbaren Ergebnissen innerhalb weniger Tage.","jetpack_sharing_enabled":true,"_links":{"self":[{"href":"https:\/\/gardenersfriend.eu\/de\/wp-json\/wp\/v2\/product\/8000","targetHints":{"allow":["GET"]}}],"collection":[{"href":"https:\/\/gardenersfriend.eu\/de\/wp-json\/wp\/v2\/product"}],"about":[{"href":"https:\/\/gardenersfriend.eu\/de\/wp-json\/wp\/v2\/types\/product"}],"replies":[{"embeddable":true,"href":"https:\/\/gardenersfriend.eu\/de\/wp-json\/wp\/v2\/comments?post=8000"}],"wp:featuredmedia":[{"embeddable":true,"href":"https:\/\/gardenersfriend.eu\/de\/wp-json\/wp\/v2\/media\/7930"}],"wp:attachment":[{"href":"https:\/\/gardenersfriend.eu\/de\/wp-json\/wp\/v2\/media?parent=8000"}],"wp:term":[{"taxonomy":"product_brand","embeddable":true,"href":"https:\/\/gardenersfriend.eu\/de\/wp-json\/wp\/v2\/product_brand?post=8000"},{"taxonomy":"product_cat","embeddable":true,"href":"https:\/\/gardenersfriend.eu\/de\/wp-json\/wp\/v2\/product_cat?post=8000"},{"taxonomy":"product_tag","embeddable":true,"href":"https:\/\/gardenersfriend.eu\/de\/wp-json\/wp\/v2\/product_tag?post=8000"}],"curies":[{"name":"wp","href":"https:\/\/api.w.org\/{rel}","templated":true}]}}