{"id":8533,"date":"2026-01-30T00:35:45","date_gmt":"2026-01-29T23:35:45","guid":{"rendered":"https:\/\/gardenersfriend.eu\/product\/ratimor-brodifacoum-paste\/"},"modified":"2026-04-23T15:18:17","modified_gmt":"2026-04-23T13:18:17","slug":"ratimor-brodifacoum-paste","status":"publish","type":"product","link":"https:\/\/gardenersfriend.eu\/de\/produkt\/ratimor-brodifacoum-paste\/","title":{"rendered":"Ratimor Brodifacoum Paste"},"content":{"rendered":"<h2>Ratimor Brodifacoum &#8211; ein wirksames Sch\u00e4dlingsbek\u00e4mpfungsmittel in Form einer Paste<\/h2>\n<p>Ratimor Brodifacoum Paste ist ein au\u00dfergew\u00f6hnlich wirksamer K\u00f6der zur Bek\u00e4mpfung von Nagetieren, insbesondere M\u00e4usen und Ratten. Die weiche Konsistenz und die speziell ausgew\u00e4hlten Inhaltsstoffe machen das Produkt f\u00fcr Nagetiere bis zu 50% attraktiver als herk\u00f6mmliches Futter. Die Paste ist gebrauchsfertig und hochwirksam sowohl f\u00fcr den privaten als auch f\u00fcr den professionellen Einsatz &#8211; in der Lebensmittel- und Getr\u00e4nkeindustrie.  <\/p>\n<p>Dieses Produkt ist f\u00fcr die Bek\u00e4mpfung von Wanderratten und Hausm\u00e4usen im Innen- und Au\u00dfenbereich von Geb\u00e4uden bestimmt. Es ist ideal f\u00fcr Lagerh\u00e4user, Industrieanlagen, Bauernh\u00f6fe, Hotels, Restaurants und Wohnh\u00e4user. Sein intensiver Duft lockt die Nagetiere effektiv an, selbst in Bereichen, in denen sie Zugang zu anderen Nahrungsmitteln haben. Die einzigartige Formel mit zus\u00e4tzlichen Stabilisatoren verhindert die Oxidation und sorgt f\u00fcr lang anhaltende Frische. Nagetiere kehren gerne zu dem K\u00f6der zur\u00fcck, was seine Wirksamkeit deutlich erh\u00f6ht. Ratimor Brodifacoum Paste ist eine wirtschaftliche und sichere L\u00f6sung, die wirksam zur Wiederherstellung von Sauberkeit und Hygiene in jeder Einrichtung beitr\u00e4gt.     <\/p>\n<h3>Zusammensetzung des Produkts:<\/h3>\n<ul>\n<li>Brodifacoum 0,029 g\/kg (0,0029%)<\/li>\n<li>Bitrex (verhindert versehentliches Verschlucken)<\/li>\n<\/ul>\n<h3>Wie wirkt der Wirkstoff Brodifacoum?<\/h3>\n<p>Brodifacoum ist ein starker Vitamin-K-Hemmer, der die Blutgerinnung bei Nagetieren blockiert. Es wirkt langsam und effektiv und verhindert, dass die Sch\u00e4dlingspopulation Verdacht sch\u00f6pft. Nach dem Verzehr des K\u00f6ders beginnen die Nager innerlich zu bluten, und der Tod tritt in der Regel innerhalb von 2-3 Tagen ein. Die verz\u00f6gerte Wirkung verhindert, dass andere Nagetiere den K\u00f6der mit einer Bedrohung in Verbindung bringen, was eine maximale Wirksamkeit der Nagetierbek\u00e4mpfung gew\u00e4hrleistet.   <\/p>\n<h3>Vorteile von Ratimor Rattengift<\/h3>\n<ul>\n<li>Hochwirksam &#8211; wirkt nach nur einer Dosis<\/li>\n<li>Schnell wirkend &#8211; erste Ergebnisse innerhalb von 2 Tagen nach dem Verzehr sichtbar<\/li>\n<li>Gebrauchsfertig &#8211; keine Vorbereitung erforderlich, erh\u00e4ltlich in praktischen Beuteln<\/li>\n<li>\u00c4u\u00dferst attraktiv &#8211; enth\u00e4lt ausgew\u00e4hlte Aromen und Fette, die Nagetiere anlocken<\/li>\n<li>Witterungsbest\u00e4ndig &#8211; die weiche Paste bewahrt Feuchtigkeit und Frische f\u00fcr eine lange Zeit<\/li>\n<li>Sicher in der Anwendung &#8211; enth\u00e4lt den Bitterstoff Bitrex, der das versehentliche Verschlucken durch Menschen und Haustiere verhindert<\/li>\n<li>Originalprodukt &#8211; werkseitig vom Hersteller verpackt, unverpackt, mit aufgedrucktem Verfallsdatum<\/li>\n<li>Professionelle Qualit\u00e4t &#8211; die Wahl von DDD-Spezialisten, Wohnungsbaugenossenschaften und Bauernh\u00f6fen<\/li>\n<\/ul>\n<h3>Wie Sie Ratimor Brodifacoum Paste verwenden<\/h3>\n<p>Bevor Sie mit der Sch\u00e4dlingsbek\u00e4mpfung beginnen, ermitteln Sie sorgf\u00e4ltig die Bereiche, in denen Nagetiere aktiv sind &#8211; Spuren, H\u00f6hlen, Nester, Kot oder Wanderrouten. Legen Sie die Paste dann in speziellen K\u00f6derstationen oder auf Schalen (aus Plastik oder Pappe) au\u00dferhalb der Reichweite von Kindern und Haustieren aus. <\/p>\n<p>Verwenden Sie f\u00fcr Ratten K\u00f6derstationen mit 10-60 g K\u00f6der, die Sie alle 10 Meter (geringer Befall) oder alle 5 Meter (starker Befall) aufstellen. F\u00fcr M\u00e4use verwenden Sie K\u00f6derstationen mit bis zu 10-20 g K\u00f6der, die Sie alle 5 Meter (geringer Befall) oder alle 2 Meter (starker Befall) auslegen. <\/p>\n<p>\u00dcberpr\u00fcfen Sie die K\u00f6derstellen regelm\u00e4\u00dfig und f\u00fcllen Sie sie bei Bedarf nach. Entsorgen Sie nach der Bek\u00e4mpfung alle Produktreste und toten Nager sicher und vorschriftsm\u00e4\u00dfig. <\/p>\n<h3>Empfohlene Dosierung:<\/h3>\n<ul>\n<li>M\u00e4use: bis zu 20 g alle 2-5 m<\/li>\n<li>Ratten: bis zu 60 g alle 5-10 m<\/li>\n<\/ul>\n<p>Ratimor Brodifacoum Paste ist ein hochwertiges Produkt, das Wirksamkeit, Sicherheit und einfache Anwendung vereint. Es wurde von Fachleuten getestet und beseitigt Nagetiere sowohl zu Hause als auch in gro\u00dfen Industrieanlagen effektiv. Es ist eine zuverl\u00e4ssige und wirtschaftliche Wahl f\u00fcr alle, die Wert auf Effizienz und Sicherheit legen.  <\/p>\n<p>Warnung!<br \/>\nBiozidprodukt f\u00fcr den professionellen Gebrauch &#8211; mit dem Kauf erkl\u00e4ren Sie, dass Sie ein professioneller Anwender sind. Biozid-Produkte sollten nur mit \u00e4u\u00dferster Vorsicht verwendet werden. Lesen Sie vor der Verwendung das Etikett und den Beipackzettel, um das Risiko f\u00fcr Mensch und Umwelt zu minimieren. Verpackungsabf\u00e4lle m\u00fcssen in \u00dcbereinstimmung mit den lokalen, regionalen, nationalen und internationalen Vorschriften entsorgt werden. Leere Verpackungen d\u00fcrfen nicht f\u00fcr andere Zwecke verwendet werden (auch nicht als Sekund\u00e4rrohstoffe).    <\/p>\n<p class=\"p1\"><strong>Etikett: <\/strong><a title=\"Ratimor\" href=\"https:\/\/gardenersfriend.eu\/wp-content\/uploads\/2026\/02\/Ratimor_DE.pdf\" target=\"_blank\" rel=\"noopener\">Ratimor_Paste_DE<\/a><\/p>\n<p class=\"p1\"><strong>Website des Herstellers:<\/strong> <a title=\"Barclay Pflanzenschutz\" href=\"https:\/\/pl.unichem.si\/\" target=\"_blank\" rel=\"noopener\">Unichem<\/a><\/p>\n\n<h5>Rechtliche Informationen<\/h5>\n<p>\nHinweise! Pflanzenschutzmittel vorsichtig verwenden.\nVor Gebrauch Etikett und Produktinformationen lesen.\nAnwendung durch Laien zul\u00e4ssig.\nAusnahme: Der K\u00e4ufer aus Belgien erkl\u00e4rt, dass er zum Zeitpunkt des Kaufs voll gesch\u00e4ftsf\u00e4hig ist und \u00fcber die erforderlichen Qualifikationen f\u00fcr den Kauf von Pflanzenschutzmitteln verf\u00fcgt.\n\nGem\u00e4\u00df Art. Gem\u00e4\u00df Artikel 28 des Gesetzes vom 8. M\u00e4rz 2013 \u00fcber Pflanzenschutzmittel (Gesetzblatt 2020, Pos. 2097) d\u00fcrfen Pflanzenschutzmittel f\u00fcr professionelle Anwender ab dem 26. November 2015 an Personen verkauft werden, die:\n\nPunkt 1 \u2013 eine Schulung zur Anwendung von Pflanzenschutzmitteln in der Republik Polen absolviert haben und diese durch eine Teilnahmebescheinigung best\u00e4tigt haben; oder\n\nPunkt 2 \u2013 eine Schulung zur Beratung \u00fcber Pflanzenschutzmittel in der Republik Polen absolviert haben und diese durch eine Teilnahmebescheinigung best\u00e4tigt haben; oder\n\nPunkt 3 \u2013 eine Schulung in integriertem Pflanzenbau absolviert haben und diese durch eine Teilnahmebescheinigung best\u00e4tigt haben; oder\n\nPunkt 4 \u2013 innerhalb der letzten f\u00fcnf Jahre vor dem Kauf dieser Mittel die f\u00fcr professionelle Anwender in einem anderen Mitgliedstaat der Europ\u00e4ischen Union oder einem Vertragsstaat des Abkommens \u00fcber den Europ\u00e4ischen Wirtschaftsraum vorgeschriebene Schulung gem\u00e4\u00df den dort geltenden Bestimmungen absolviert haben und diese durch eine Teilnahmebescheinigung best\u00e4tigt haben; oder ein anderes, nach den dort geltenden Vorschriften ausgestelltes Dokument vorgelegt haben. Land, das best\u00e4tigt, die Genehmigung zum Kauf von Pflanzenschutzmitteln f\u00fcr professionelle Anwender erhalten zu haben.\n\nWichtig!\nPflanzenschutzmittel d\u00fcrfen nur von Personen \u00fcber 18 Jahren verwendet werden.\nPflanzenschutzmittel sind sicher anzuwenden. Lesen Sie vor jeder Anwendung die Informationen auf dem Etikett und der Produktinformation.\n<\/p>\n","protected":false},"excerpt":{"rendered":"<p>Ratimor &#8211; ein wirksames Sch\u00e4dlingsbek\u00e4mpfungsmittel in Form einer Paste ist ein au\u00dfergew\u00f6hnlich effektiver K\u00f6der zur Bek\u00e4mpfung von Nagetieren, insbesondere M\u00e4usen und Ratten.<\/p>\n","protected":false},"featured_media":8483,"comment_status":"open","ping_status":"closed","template":"","meta":{"_uag_custom_page_level_css":"","site-sidebar-layout":"default","site-content-layout":"","ast-site-content-layout":"default","site-content-style":"default","site-sidebar-style":"default","ast-global-header-display":"","ast-banner-title-visibility":"","ast-main-header-display":"","ast-hfb-above-header-display":"","ast-hfb-below-header-display":"","ast-hfb-mobile-header-display":"","site-post-title":"","ast-breadcrumbs-content":"","ast-featured-img":"","footer-sml-layout":"","ast-disable-related-posts":"","theme-transparent-header-meta":"default","adv-header-id-meta":"","stick-header-meta":"","header-above-stick-meta":"","header-main-stick-meta":"","header-below-stick-meta":"","astra-migrate-meta-layouts":"default","ast-page-background-enabled":"default","ast-page-background-meta":{"desktop":{"background-color":"var(--ast-global-color-4)","background-image":"","background-repeat":"repeat","background-position":"center center","background-size":"auto","background-attachment":"scroll","background-type":"","background-media":"","overlay-type":"","overlay-color":"","overlay-opacity":"","overlay-gradient":""},"tablet":{"background-color":"","background-image":"","background-repeat":"repeat","background-position":"center center","background-size":"auto","background-attachment":"scroll","background-type":"","background-media":"","overlay-type":"","overlay-color":"","overlay-opacity":"","overlay-gradient":""},"mobile":{"background-color":"","background-image":"","background-repeat":"repeat","background-position":"center center","background-size":"auto","background-attachment":"scroll","background-type":"","background-media":"","overlay-type":"","overlay-color":"","overlay-opacity":"","overlay-gradient":""}},"ast-content-background-meta":{"desktop":{"background-color":"var(--ast-global-color-5)","background-image":"","background-repeat":"repeat","background-position":"center center","background-size":"auto","background-attachment":"scroll","background-type":"","background-media":"","overlay-type":"","overlay-color":"","overlay-opacity":"","overlay-gradient":""},"tablet":{"background-color":"var(--ast-global-color-5)","background-image":"","background-repeat":"repeat","background-position":"center center","background-size":"auto","background-attachment":"scroll","background-type":"","background-media":"","overlay-type":"","overlay-color":"","overlay-opacity":"","overlay-gradient":""},"mobile":{"background-color":"var(--ast-global-color-5)","background-image":"","background-repeat":"repeat","background-position":"center center","background-size":"auto","background-attachment":"scroll","background-type":"","background-media":"","overlay-type":"","overlay-color":"","overlay-opacity":"","overlay-gradient":""}}},"product_brand":[],"product_cat":[28,201],"product_tag":[],"class_list":{"0":"post-8533","1":"product","2":"type-product","3":"status-publish","4":"has-post-thumbnail","6":"product_cat-all-products","7":"product_cat-pesticides","8":"desktop-align-left","9":"tablet-align-left","10":"mobile-align-left","12":"first","13":"instock","14":"taxable","15":"shipping-taxable","16":"purchasable","17":"product-type-variable","18":"has-default-attributes"},"yoast_head":"<!-- This site is optimized with the Yoast SEO plugin v27.4 - https:\/\/yoast.com\/product\/yoast-seo-wordpress\/ -->\n<title>Ratimor Brodifacoum Paste - Gardeners Friend<\/title>\n<meta name=\"description\" content=\"Ratimor - ein wirksames Sch\u00e4dlingsbek\u00e4mpfungsmittel in Form einer Paste ist ein au\u00dfergew\u00f6hnlich effektiver K\u00f6der zur Bek\u00e4mpfung von Nagetieren, insbesondere M\u00e4usen und Ratten.\" \/>\n<meta name=\"robots\" content=\"index, follow, max-snippet:-1, max-image-preview:large, max-video-preview:-1\" \/>\n<link rel=\"canonical\" href=\"https:\/\/gardenersfriend.eu\/de\/produkt\/ratimor-brodifacoum-paste\/\" \/>\n<meta property=\"og:locale\" content=\"de_DE\" \/>\n<meta property=\"og:type\" content=\"article\" \/>\n<meta property=\"og:title\" content=\"Ratimor Brodifacoum Paste - Gardeners Friend\" \/>\n<meta property=\"og:description\" content=\"Ratimor - ein wirksames Sch\u00e4dlingsbek\u00e4mpfungsmittel in Form einer Paste ist ein au\u00dfergew\u00f6hnlich effektiver K\u00f6der zur Bek\u00e4mpfung von Nagetieren, insbesondere M\u00e4usen und Ratten.\" \/>\n<meta property=\"og:url\" content=\"https:\/\/gardenersfriend.eu\/de\/produkt\/ratimor-brodifacoum-paste\/\" \/>\n<meta property=\"og:site_name\" content=\"Gardeners Friend\" \/>\n<meta property=\"article:publisher\" content=\"https:\/\/www.facebook.com\/people\/Gardeners-Friend-Store\/61566268054378\/\" \/>\n<meta property=\"article:modified_time\" content=\"2026-04-23T13:18:17+00:00\" \/>\n<meta property=\"og:image\" content=\"https:\/\/gardenersfriend.eu\/wp-content\/uploads\/2026\/01\/Ratimor_Paste_1kg.jpg\" \/>\n\t<meta property=\"og:image:width\" content=\"403\" \/>\n\t<meta property=\"og:image:height\" content=\"700\" \/>\n\t<meta property=\"og:image:type\" content=\"image\/jpeg\" \/>\n<meta name=\"twitter:card\" content=\"summary_large_image\" \/>\n<meta name=\"twitter:label1\" content=\"Gesch\u00e4tzte Lesezeit\" \/>\n\t<meta name=\"twitter:data1\" content=\"3\u00a0Minuten\" \/>\n<script type=\"application\/ld+json\" class=\"yoast-schema-graph\">{\"@context\":\"https:\\\/\\\/schema.org\",\"@graph\":[{\"@type\":\"WebPage\",\"@id\":\"https:\\\/\\\/gardenersfriend.eu\\\/de\\\/produkt\\\/ratimor-brodifacoum-paste\\\/\",\"url\":\"https:\\\/\\\/gardenersfriend.eu\\\/de\\\/produkt\\\/ratimor-brodifacoum-paste\\\/\",\"name\":\"Ratimor Brodifacoum Paste - Gardeners Friend\",\"isPartOf\":{\"@id\":\"https:\\\/\\\/gardenersfriend.eu\\\/de\\\/#website\"},\"primaryImageOfPage\":{\"@id\":\"https:\\\/\\\/gardenersfriend.eu\\\/de\\\/produkt\\\/ratimor-brodifacoum-paste\\\/#primaryimage\"},\"image\":{\"@id\":\"https:\\\/\\\/gardenersfriend.eu\\\/de\\\/produkt\\\/ratimor-brodifacoum-paste\\\/#primaryimage\"},\"thumbnailUrl\":\"https:\\\/\\\/gardenersfriend.eu\\\/wp-content\\\/uploads\\\/2026\\\/01\\\/Ratimor_Paste_1kg.jpg\",\"datePublished\":\"2026-01-29T23:35:45+00:00\",\"dateModified\":\"2026-04-23T13:18:17+00:00\",\"description\":\"Ratimor - ein wirksames Sch\u00e4dlingsbek\u00e4mpfungsmittel in Form einer Paste ist ein au\u00dfergew\u00f6hnlich effektiver K\u00f6der zur Bek\u00e4mpfung von Nagetieren, insbesondere M\u00e4usen und Ratten.\",\"breadcrumb\":{\"@id\":\"https:\\\/\\\/gardenersfriend.eu\\\/de\\\/produkt\\\/ratimor-brodifacoum-paste\\\/#breadcrumb\"},\"inLanguage\":\"de\",\"potentialAction\":[{\"@type\":\"ReadAction\",\"target\":[\"https:\\\/\\\/gardenersfriend.eu\\\/de\\\/produkt\\\/ratimor-brodifacoum-paste\\\/\"]}]},{\"@type\":\"ImageObject\",\"inLanguage\":\"de\",\"@id\":\"https:\\\/\\\/gardenersfriend.eu\\\/de\\\/produkt\\\/ratimor-brodifacoum-paste\\\/#primaryimage\",\"url\":\"https:\\\/\\\/gardenersfriend.eu\\\/wp-content\\\/uploads\\\/2026\\\/01\\\/Ratimor_Paste_1kg.jpg\",\"contentUrl\":\"https:\\\/\\\/gardenersfriend.eu\\\/wp-content\\\/uploads\\\/2026\\\/01\\\/Ratimor_Paste_1kg.jpg\",\"width\":403,\"height\":700,\"caption\":\"Ratimor Paste\"},{\"@type\":\"BreadcrumbList\",\"@id\":\"https:\\\/\\\/gardenersfriend.eu\\\/de\\\/produkt\\\/ratimor-brodifacoum-paste\\\/#breadcrumb\",\"itemListElement\":[{\"@type\":\"ListItem\",\"position\":1,\"name\":\"Strona g\u0142\u00f3wna\",\"item\":\"https:\\\/\\\/gardenersfriend.eu\\\/de\\\/\"},{\"@type\":\"ListItem\",\"position\":2,\"name\":\"Shop\",\"item\":\"https:\\\/\\\/gardenersfriend.eu\\\/de\\\/shop\\\/\"},{\"@type\":\"ListItem\",\"position\":3,\"name\":\"Ratimor Brodifacoum Paste\"}]},{\"@type\":\"WebSite\",\"@id\":\"https:\\\/\\\/gardenersfriend.eu\\\/de\\\/#website\",\"url\":\"https:\\\/\\\/gardenersfriend.eu\\\/de\\\/\",\"name\":\"Gardeners Friend\",\"description\":\"herbicides, fertilisers, roundup\",\"publisher\":{\"@id\":\"https:\\\/\\\/gardenersfriend.eu\\\/de\\\/#organization\"},\"potentialAction\":[{\"@type\":\"SearchAction\",\"target\":{\"@type\":\"EntryPoint\",\"urlTemplate\":\"https:\\\/\\\/gardenersfriend.eu\\\/de\\\/?s={search_term_string}\"},\"query-input\":{\"@type\":\"PropertyValueSpecification\",\"valueRequired\":true,\"valueName\":\"search_term_string\"}}],\"inLanguage\":\"de\"},{\"@type\":\"Organization\",\"@id\":\"https:\\\/\\\/gardenersfriend.eu\\\/de\\\/#organization\",\"name\":\"Gardeners Friend\",\"url\":\"https:\\\/\\\/gardenersfriend.eu\\\/de\\\/\",\"logo\":{\"@type\":\"ImageObject\",\"inLanguage\":\"de\",\"@id\":\"https:\\\/\\\/gardenersfriend.eu\\\/de\\\/#\\\/schema\\\/logo\\\/image\\\/\",\"url\":\"https:\\\/\\\/gardenersfriend.eu\\\/wp-content\\\/uploads\\\/2025\\\/09\\\/gf_accepted_big_logo.png\",\"contentUrl\":\"https:\\\/\\\/gardenersfriend.eu\\\/wp-content\\\/uploads\\\/2025\\\/09\\\/gf_accepted_big_logo.png\",\"width\":2000,\"height\":1000,\"caption\":\"Gardeners Friend\"},\"image\":{\"@id\":\"https:\\\/\\\/gardenersfriend.eu\\\/de\\\/#\\\/schema\\\/logo\\\/image\\\/\"},\"sameAs\":[\"https:\\\/\\\/www.facebook.com\\\/people\\\/Gardeners-Friend-Store\\\/61566268054378\\\/\",\"https:\\\/\\\/www.instagram.com\\\/gardeners_friend_store\\\/\"]}]}<\/script>\n<!-- \/ Yoast SEO plugin. -->","yoast_head_json":{"title":"Ratimor Brodifacoum Paste - Gardeners Friend","description":"Ratimor - ein wirksames Sch\u00e4dlingsbek\u00e4mpfungsmittel in Form einer Paste ist ein au\u00dfergew\u00f6hnlich effektiver K\u00f6der zur Bek\u00e4mpfung von Nagetieren, insbesondere M\u00e4usen und Ratten.","robots":{"index":"index","follow":"follow","max-snippet":"max-snippet:-1","max-image-preview":"max-image-preview:large","max-video-preview":"max-video-preview:-1"},"canonical":"https:\/\/gardenersfriend.eu\/de\/produkt\/ratimor-brodifacoum-paste\/","og_locale":"de_DE","og_type":"article","og_title":"Ratimor Brodifacoum Paste - Gardeners Friend","og_description":"Ratimor - ein wirksames Sch\u00e4dlingsbek\u00e4mpfungsmittel in Form einer Paste ist ein au\u00dfergew\u00f6hnlich effektiver K\u00f6der zur Bek\u00e4mpfung von Nagetieren, insbesondere M\u00e4usen und Ratten.","og_url":"https:\/\/gardenersfriend.eu\/de\/produkt\/ratimor-brodifacoum-paste\/","og_site_name":"Gardeners Friend","article_publisher":"https:\/\/www.facebook.com\/people\/Gardeners-Friend-Store\/61566268054378\/","article_modified_time":"2026-04-23T13:18:17+00:00","og_image":[{"width":403,"height":700,"url":"https:\/\/gardenersfriend.eu\/wp-content\/uploads\/2026\/01\/Ratimor_Paste_1kg.jpg","type":"image\/jpeg"}],"twitter_card":"summary_large_image","twitter_misc":{"Gesch\u00e4tzte Lesezeit":"3\u00a0Minuten"},"schema":{"@context":"https:\/\/schema.org","@graph":[{"@type":"WebPage","@id":"https:\/\/gardenersfriend.eu\/de\/produkt\/ratimor-brodifacoum-paste\/","url":"https:\/\/gardenersfriend.eu\/de\/produkt\/ratimor-brodifacoum-paste\/","name":"Ratimor Brodifacoum Paste - Gardeners Friend","isPartOf":{"@id":"https:\/\/gardenersfriend.eu\/de\/#website"},"primaryImageOfPage":{"@id":"https:\/\/gardenersfriend.eu\/de\/produkt\/ratimor-brodifacoum-paste\/#primaryimage"},"image":{"@id":"https:\/\/gardenersfriend.eu\/de\/produkt\/ratimor-brodifacoum-paste\/#primaryimage"},"thumbnailUrl":"https:\/\/gardenersfriend.eu\/wp-content\/uploads\/2026\/01\/Ratimor_Paste_1kg.jpg","datePublished":"2026-01-29T23:35:45+00:00","dateModified":"2026-04-23T13:18:17+00:00","description":"Ratimor - ein wirksames Sch\u00e4dlingsbek\u00e4mpfungsmittel in Form einer Paste ist ein au\u00dfergew\u00f6hnlich effektiver K\u00f6der zur Bek\u00e4mpfung von Nagetieren, insbesondere M\u00e4usen und Ratten.","breadcrumb":{"@id":"https:\/\/gardenersfriend.eu\/de\/produkt\/ratimor-brodifacoum-paste\/#breadcrumb"},"inLanguage":"de","potentialAction":[{"@type":"ReadAction","target":["https:\/\/gardenersfriend.eu\/de\/produkt\/ratimor-brodifacoum-paste\/"]}]},{"@type":"ImageObject","inLanguage":"de","@id":"https:\/\/gardenersfriend.eu\/de\/produkt\/ratimor-brodifacoum-paste\/#primaryimage","url":"https:\/\/gardenersfriend.eu\/wp-content\/uploads\/2026\/01\/Ratimor_Paste_1kg.jpg","contentUrl":"https:\/\/gardenersfriend.eu\/wp-content\/uploads\/2026\/01\/Ratimor_Paste_1kg.jpg","width":403,"height":700,"caption":"Ratimor Paste"},{"@type":"BreadcrumbList","@id":"https:\/\/gardenersfriend.eu\/de\/produkt\/ratimor-brodifacoum-paste\/#breadcrumb","itemListElement":[{"@type":"ListItem","position":1,"name":"Strona g\u0142\u00f3wna","item":"https:\/\/gardenersfriend.eu\/de\/"},{"@type":"ListItem","position":2,"name":"Shop","item":"https:\/\/gardenersfriend.eu\/de\/shop\/"},{"@type":"ListItem","position":3,"name":"Ratimor Brodifacoum Paste"}]},{"@type":"WebSite","@id":"https:\/\/gardenersfriend.eu\/de\/#website","url":"https:\/\/gardenersfriend.eu\/de\/","name":"Gardeners Friend","description":"herbicides, fertilisers, roundup","publisher":{"@id":"https:\/\/gardenersfriend.eu\/de\/#organization"},"potentialAction":[{"@type":"SearchAction","target":{"@type":"EntryPoint","urlTemplate":"https:\/\/gardenersfriend.eu\/de\/?s={search_term_string}"},"query-input":{"@type":"PropertyValueSpecification","valueRequired":true,"valueName":"search_term_string"}}],"inLanguage":"de"},{"@type":"Organization","@id":"https:\/\/gardenersfriend.eu\/de\/#organization","name":"Gardeners Friend","url":"https:\/\/gardenersfriend.eu\/de\/","logo":{"@type":"ImageObject","inLanguage":"de","@id":"https:\/\/gardenersfriend.eu\/de\/#\/schema\/logo\/image\/","url":"https:\/\/gardenersfriend.eu\/wp-content\/uploads\/2025\/09\/gf_accepted_big_logo.png","contentUrl":"https:\/\/gardenersfriend.eu\/wp-content\/uploads\/2025\/09\/gf_accepted_big_logo.png","width":2000,"height":1000,"caption":"Gardeners Friend"},"image":{"@id":"https:\/\/gardenersfriend.eu\/de\/#\/schema\/logo\/image\/"},"sameAs":["https:\/\/www.facebook.com\/people\/Gardeners-Friend-Store\/61566268054378\/","https:\/\/www.instagram.com\/gardeners_friend_store\/"]}]}},"uagb_featured_image_src":{"full":["https:\/\/gardenersfriend.eu\/wp-content\/uploads\/2026\/01\/Ratimor_Paste_1kg.jpg",403,700,false],"thumbnail":["https:\/\/gardenersfriend.eu\/wp-content\/uploads\/2026\/01\/Ratimor_Paste_1kg-150x150.jpg",150,150,true],"medium":["https:\/\/gardenersfriend.eu\/wp-content\/uploads\/2026\/01\/Ratimor_Paste_1kg-173x300.jpg",173,300,true],"medium_large":["https:\/\/gardenersfriend.eu\/wp-content\/uploads\/2026\/01\/Ratimor_Paste_1kg.jpg",403,700,false],"large":["https:\/\/gardenersfriend.eu\/wp-content\/uploads\/2026\/01\/Ratimor_Paste_1kg.jpg",403,700,false],"1536x1536":["https:\/\/gardenersfriend.eu\/wp-content\/uploads\/2026\/01\/Ratimor_Paste_1kg.jpg",403,700,false],"2048x2048":["https:\/\/gardenersfriend.eu\/wp-content\/uploads\/2026\/01\/Ratimor_Paste_1kg.jpg",403,700,false],"woocommerce_thumbnail":["https:\/\/gardenersfriend.eu\/wp-content\/uploads\/2026\/01\/Ratimor_Paste_1kg-300x300.jpg",300,300,true],"woocommerce_single":["https:\/\/gardenersfriend.eu\/wp-content\/uploads\/2026\/01\/Ratimor_Paste_1kg.jpg",403,700,false],"woocommerce_gallery_thumbnail":["https:\/\/gardenersfriend.eu\/wp-content\/uploads\/2026\/01\/Ratimor_Paste_1kg-100x100.jpg",100,100,true]},"uagb_author_info":{"display_name":"admin","author_link":"https:\/\/gardenersfriend.eu\/de\/author\/"},"uagb_comment_info":0,"uagb_excerpt":"Ratimor - ein wirksames Sch\u00e4dlingsbek\u00e4mpfungsmittel in Form einer Paste ist ein au\u00dfergew\u00f6hnlich effektiver K\u00f6der zur Bek\u00e4mpfung von Nagetieren, insbesondere M\u00e4usen und Ratten.","jetpack_sharing_enabled":true,"_links":{"self":[{"href":"https:\/\/gardenersfriend.eu\/de\/wp-json\/wp\/v2\/product\/8533","targetHints":{"allow":["GET"]}}],"collection":[{"href":"https:\/\/gardenersfriend.eu\/de\/wp-json\/wp\/v2\/product"}],"about":[{"href":"https:\/\/gardenersfriend.eu\/de\/wp-json\/wp\/v2\/types\/product"}],"replies":[{"embeddable":true,"href":"https:\/\/gardenersfriend.eu\/de\/wp-json\/wp\/v2\/comments?post=8533"}],"wp:featuredmedia":[{"embeddable":true,"href":"https:\/\/gardenersfriend.eu\/de\/wp-json\/wp\/v2\/media\/8483"}],"wp:attachment":[{"href":"https:\/\/gardenersfriend.eu\/de\/wp-json\/wp\/v2\/media?parent=8533"}],"wp:term":[{"taxonomy":"product_brand","embeddable":true,"href":"https:\/\/gardenersfriend.eu\/de\/wp-json\/wp\/v2\/product_brand?post=8533"},{"taxonomy":"product_cat","embeddable":true,"href":"https:\/\/gardenersfriend.eu\/de\/wp-json\/wp\/v2\/product_cat?post=8533"},{"taxonomy":"product_tag","embeddable":true,"href":"https:\/\/gardenersfriend.eu\/de\/wp-json\/wp\/v2\/product_tag?post=8533"}],"curies":[{"name":"wp","href":"https:\/\/api.w.org\/{rel}","templated":true}]}}