{"id":8555,"date":"2026-01-21T10:12:17","date_gmt":"2026-01-21T09:12:17","guid":{"rendered":"https:\/\/gardenersfriend.eu\/product\/gallup-spezial-360-sl\/"},"modified":"2026-04-23T15:18:16","modified_gmt":"2026-04-23T13:18:16","slug":"gallup-spezial-360-sl","status":"publish","type":"product","link":"https:\/\/gardenersfriend.eu\/de\/produkt\/gallup-spezial-360-sl\/","title":{"rendered":"Gallup Spezial 360 SL"},"content":{"rendered":"<h2 class=\"p1\">Gallup Spezial 360 SL<\/h2>\n<p class=\"p1\">Gallup Special 360 ist ein selektives Herbizid mit systemischer Wirkung in Form eines Konzentrats, das alle gr\u00fcnen Pflanzen kontrolliert.<\/p>\n<p class=\"p1\"><strong>Gallup Special<\/strong> ist ein selektives Herbizid mit systemischer Wirkung, das in Form eines Konzentrats f\u00fcr w\u00e4ssrige L\u00f6sungen (SL) blattweise angewendet wird. Nach der HRAC-Klassifizierung geh\u00f6rt der Wirkstoff Glyphosat zur Gruppe 9, die ein Schl\u00fcsselenzym des Shikimis\u00e4ure-Stoffwechselwegs ist, der an der Biosynthese aromatischer Aminos\u00e4uren beteiligt ist. In der Pflanze hemmt es die Synthese von Proteinen, die f\u00fcr das Pflanzenwachstum wichtig sind. Gallup Special 360 SL wird nach der Ernte, vor dem Anbau nach der Ernte, in Apfelplantagen und auf ungenutzten Fl\u00e4chen angewendet. Das Produkt ist f\u00fcr den Einsatz mit selbstfahrenden oder traktormontierten Feldspritzen und handgef\u00fchrten Spr\u00fchger\u00e4ten vorgesehen. Die ersten Symptome der Wirkung des Produkts (Vergilbung und Welke) sind 7-10 Tage nach der Anwendung sichtbar. Das vollst\u00e4ndige Absterben der Pflanzen tritt nach etwa 3 Wochen ein. Hohe Temperaturen, Feuchtigkeit und starke Sonneneinstrahlung beschleunigen die Wirkung des Produkts.       <\/p>\n<p class=\"p1\">Wenn Sie ein Produkt auf Glyphosatbasis verwenden, sollten Sie die langfristigen Auswirkungen der Behandlung ber\u00fccksichtigen. AS Premium, ein spezielles Glyphosat-Adjuvans, reduziert das Nachwachsen von Unkraut erheblich. Dieses Produkt verbessert das Eindringen und den Transport des Wirkstoffs in die Pflanzen.<br \/>\n<strong>AS Premium weist wasseraufbereitende Eigenschaften auf:<\/strong><\/p>\n<ul>\n<li>Einfluss auf die Erh\u00f6hung der Tr\u00f6pfchenhaftung,<\/li>\n<li>Benetzungseigenschaften,<\/li>\n<li>Reduzierung der Wasserh\u00e4rte,<\/li>\n<li>Regulierung des pH-Wertes der Spritzbr\u00fche<\/li>\n<\/ul>\n<h3>Gehalt an Wirkstoffen des Pflanzenschutzmittels Gallup Special 360 SL:<\/h3>\n<ul>\n<li>Glyphosat (eine Verbindung aus der Gruppe der Aminophosphonate) &#8211; 360 g\/l (31%) in Form von Isopropylaminsalz.<\/li>\n<\/ul>\n<h3>Vorteile des Gallup Special Spr\u00fchens:<\/h3>\n<ul>\n<li>\u00c4u\u00dferst effektiv,<\/li>\n<li>schnelles Handeln,<\/li>\n<li>die beste Methode zur Unkrautbek\u00e4mpfung,<\/li>\n<li>vernichtet alle ein- und mehrj\u00e4hrigen Unkrautarten, einschlie\u00dflich der sehr l\u00e4stigen Quecke,<\/li>\n<li>effektive Beseitigung von brachliegendem und unbewirtschaftetem Land,<\/li>\n<li>Einfacher und breiter Einsatzbereich<\/li>\n<\/ul>\n<h3>Gallup Special &#8211; bei welchem Unkraut funktioniert es?<\/h3>\n<p>Nach der HRAC-Klassifizierung ist der Wirkstoff Glyphosat als Gruppe 9 eingestuft, ein Schl\u00fcsselenzym im Shikimis\u00e4ure-Stoffwechselweg, der an der Biosynthese von aromatischen Aminos\u00e4uren beteiligt ist. In der Pflanze hemmt er die Synthese von Proteinen, die f\u00fcr das Pflanzenwachstum wichtig sind. Der Wirkstoff wird von den gr\u00fcnen Teilen der Pflanze (Bl\u00e4tter, gr\u00fcne Triebe und nicht verholzte Rinde) aufgenommen, wandert dann durch die ganze Pflanze und erreicht ihre unterirdischen Teile (Wurzeln, Ausl\u00e4ufer usw.), die dadurch absterben. Die ersten Symptome der Wirkung des Mittels (Vergilben und Welken) sind 7-10 Tage nach der Anwendung sichtbar. Das vollst\u00e4ndige Absterben der Pflanzen tritt nach etwa 3 Wochen ein. Hohe Temperatur und Feuchtigkeit sowie starke Sonneneinstrahlung beschleunigen die Wirkung des Mittels.     <\/p>\n<p class=\"p1\"><strong>Etikett: <\/strong><a title=\"Gallup Spezial 360 SL\" href=\"https:\/\/gardenersfriend.eu\/wp-content\/uploads\/2026\/02\/Gallup_Special_360_DE.pdf\" target=\"_blank\" rel=\"noopener\">Gallup Spezial 360 SL_DE<\/a><\/p>\n<p class=\"p1\"><strong>Standort des Herstellers:<\/strong> <a title=\"Barclay Pflanzenschutz\" href=\"https:\/\/www.barclay.ie\/\" target=\"_blank\" rel=\"noopener\">Barclay Crop Protection<\/a><\/p>\n\n<h5>Rechtliche Informationen<\/h5>\n<p>\nHinweise! Pflanzenschutzmittel vorsichtig verwenden.\nVor Gebrauch Etikett und Produktinformationen lesen.\nAnwendung durch Laien zul\u00e4ssig.\nAusnahme: Der K\u00e4ufer aus Belgien erkl\u00e4rt, dass er zum Zeitpunkt des Kaufs voll gesch\u00e4ftsf\u00e4hig ist und \u00fcber die erforderlichen Qualifikationen f\u00fcr den Kauf von Pflanzenschutzmitteln verf\u00fcgt.\n\nGem\u00e4\u00df Art. Gem\u00e4\u00df Artikel 28 des Gesetzes vom 8. M\u00e4rz 2013 \u00fcber Pflanzenschutzmittel (Gesetzblatt 2020, Pos. 2097) d\u00fcrfen Pflanzenschutzmittel f\u00fcr professionelle Anwender ab dem 26. November 2015 an Personen verkauft werden, die:\n\nPunkt 1 \u2013 eine Schulung zur Anwendung von Pflanzenschutzmitteln in der Republik Polen absolviert haben und diese durch eine Teilnahmebescheinigung best\u00e4tigt haben; oder\n\nPunkt 2 \u2013 eine Schulung zur Beratung \u00fcber Pflanzenschutzmittel in der Republik Polen absolviert haben und diese durch eine Teilnahmebescheinigung best\u00e4tigt haben; oder\n\nPunkt 3 \u2013 eine Schulung in integriertem Pflanzenbau absolviert haben und diese durch eine Teilnahmebescheinigung best\u00e4tigt haben; oder\n\nPunkt 4 \u2013 innerhalb der letzten f\u00fcnf Jahre vor dem Kauf dieser Mittel die f\u00fcr professionelle Anwender in einem anderen Mitgliedstaat der Europ\u00e4ischen Union oder einem Vertragsstaat des Abkommens \u00fcber den Europ\u00e4ischen Wirtschaftsraum vorgeschriebene Schulung gem\u00e4\u00df den dort geltenden Bestimmungen absolviert haben und diese durch eine Teilnahmebescheinigung best\u00e4tigt haben; oder ein anderes, nach den dort geltenden Vorschriften ausgestelltes Dokument vorgelegt haben. Land, das best\u00e4tigt, die Genehmigung zum Kauf von Pflanzenschutzmitteln f\u00fcr professionelle Anwender erhalten zu haben.\n\nWichtig!\nPflanzenschutzmittel d\u00fcrfen nur von Personen \u00fcber 18 Jahren verwendet werden.\nPflanzenschutzmittel sind sicher anzuwenden. Lesen Sie vor jeder Anwendung die Informationen auf dem Etikett und der Produktinformation.\n<\/p>\n","protected":false},"excerpt":{"rendered":"<p>Gallup Special 360 SL Selektives Herbizid mit systemischer Wirkung in Form eines Konzentrats, das alle gr\u00fcnen Pflanzen kontrolliert.<\/p>\n","protected":false},"featured_media":8414,"comment_status":"open","ping_status":"closed","template":"","meta":{"_uag_custom_page_level_css":"","site-sidebar-layout":"default","site-content-layout":"","ast-site-content-layout":"default","site-content-style":"default","site-sidebar-style":"default","ast-global-header-display":"","ast-banner-title-visibility":"","ast-main-header-display":"","ast-hfb-above-header-display":"","ast-hfb-below-header-display":"","ast-hfb-mobile-header-display":"","site-post-title":"","ast-breadcrumbs-content":"","ast-featured-img":"","footer-sml-layout":"","ast-disable-related-posts":"","theme-transparent-header-meta":"default","adv-header-id-meta":"","stick-header-meta":"","header-above-stick-meta":"","header-main-stick-meta":"","header-below-stick-meta":"","astra-migrate-meta-layouts":"default","ast-page-background-enabled":"default","ast-page-background-meta":{"desktop":{"background-color":"var(--ast-global-color-4)","background-image":"","background-repeat":"repeat","background-position":"center center","background-size":"auto","background-attachment":"scroll","background-type":"","background-media":"","overlay-type":"","overlay-color":"","overlay-opacity":"","overlay-gradient":""},"tablet":{"background-color":"","background-image":"","background-repeat":"repeat","background-position":"center center","background-size":"auto","background-attachment":"scroll","background-type":"","background-media":"","overlay-type":"","overlay-color":"","overlay-opacity":"","overlay-gradient":""},"mobile":{"background-color":"","background-image":"","background-repeat":"repeat","background-position":"center center","background-size":"auto","background-attachment":"scroll","background-type":"","background-media":"","overlay-type":"","overlay-color":"","overlay-opacity":"","overlay-gradient":""}},"ast-content-background-meta":{"desktop":{"background-color":"var(--ast-global-color-5)","background-image":"","background-repeat":"repeat","background-position":"center center","background-size":"auto","background-attachment":"scroll","background-type":"","background-media":"","overlay-type":"","overlay-color":"","overlay-opacity":"","overlay-gradient":""},"tablet":{"background-color":"var(--ast-global-color-5)","background-image":"","background-repeat":"repeat","background-position":"center center","background-size":"auto","background-attachment":"scroll","background-type":"","background-media":"","overlay-type":"","overlay-color":"","overlay-opacity":"","overlay-gradient":""},"mobile":{"background-color":"var(--ast-global-color-5)","background-image":"","background-repeat":"repeat","background-position":"center center","background-size":"auto","background-attachment":"scroll","background-type":"","background-media":"","overlay-type":"","overlay-color":"","overlay-opacity":"","overlay-gradient":""}}},"product_brand":[],"product_cat":[28,160],"product_tag":[],"class_list":{"0":"post-8555","1":"product","2":"type-product","3":"status-publish","4":"has-post-thumbnail","6":"product_cat-all-products","7":"product_cat-herbicide","8":"desktop-align-left","9":"tablet-align-left","10":"mobile-align-left","12":"first","13":"instock","14":"taxable","15":"shipping-taxable","16":"purchasable","17":"product-type-variable","18":"has-default-attributes"},"yoast_head":"<!-- This site is optimized with the Yoast SEO plugin v27.4 - https:\/\/yoast.com\/product\/yoast-seo-wordpress\/ -->\n<title>Gallup Spezial 360 SL - Gardeners Friend<\/title>\n<meta name=\"description\" content=\"Gallup Special 360 SL Selektives Herbizid mit systemischer Wirkung in Form eines Konzentrats, das alle gr\u00fcnen Pflanzen kontrolliert.\" \/>\n<meta name=\"robots\" content=\"index, follow, max-snippet:-1, max-image-preview:large, max-video-preview:-1\" \/>\n<link rel=\"canonical\" href=\"https:\/\/gardenersfriend.eu\/de\/produkt\/gallup-spezial-360-sl\/\" \/>\n<meta property=\"og:locale\" content=\"de_DE\" \/>\n<meta property=\"og:type\" content=\"article\" \/>\n<meta property=\"og:title\" content=\"Gallup Spezial 360 SL - Gardeners Friend\" \/>\n<meta property=\"og:description\" content=\"Gallup Special 360 SL Selektives Herbizid mit systemischer Wirkung in Form eines Konzentrats, das alle gr\u00fcnen Pflanzen kontrolliert.\" \/>\n<meta property=\"og:url\" content=\"https:\/\/gardenersfriend.eu\/de\/produkt\/gallup-spezial-360-sl\/\" \/>\n<meta property=\"og:site_name\" content=\"Gardeners Friend\" \/>\n<meta property=\"article:publisher\" content=\"https:\/\/www.facebook.com\/people\/Gardeners-Friend-Store\/61566268054378\/\" \/>\n<meta property=\"article:modified_time\" content=\"2026-04-23T13:18:16+00:00\" \/>\n<meta property=\"og:image\" content=\"https:\/\/gardenersfriend.eu\/wp-content\/uploads\/2026\/01\/gallup_special_360_5L.jpg\" \/>\n\t<meta property=\"og:image:width\" content=\"600\" \/>\n\t<meta property=\"og:image:height\" content=\"600\" \/>\n\t<meta property=\"og:image:type\" content=\"image\/jpeg\" \/>\n<meta name=\"twitter:card\" content=\"summary_large_image\" \/>\n<meta name=\"twitter:label1\" content=\"Gesch\u00e4tzte Lesezeit\" \/>\n\t<meta name=\"twitter:data1\" content=\"2\u00a0Minuten\" \/>\n<script type=\"application\/ld+json\" class=\"yoast-schema-graph\">{\"@context\":\"https:\\\/\\\/schema.org\",\"@graph\":[{\"@type\":\"WebPage\",\"@id\":\"https:\\\/\\\/gardenersfriend.eu\\\/de\\\/produkt\\\/gallup-spezial-360-sl\\\/\",\"url\":\"https:\\\/\\\/gardenersfriend.eu\\\/de\\\/produkt\\\/gallup-spezial-360-sl\\\/\",\"name\":\"Gallup Spezial 360 SL - Gardeners Friend\",\"isPartOf\":{\"@id\":\"https:\\\/\\\/gardenersfriend.eu\\\/de\\\/#website\"},\"primaryImageOfPage\":{\"@id\":\"https:\\\/\\\/gardenersfriend.eu\\\/de\\\/produkt\\\/gallup-spezial-360-sl\\\/#primaryimage\"},\"image\":{\"@id\":\"https:\\\/\\\/gardenersfriend.eu\\\/de\\\/produkt\\\/gallup-spezial-360-sl\\\/#primaryimage\"},\"thumbnailUrl\":\"https:\\\/\\\/gardenersfriend.eu\\\/wp-content\\\/uploads\\\/2026\\\/01\\\/gallup_special_360_5L.jpg\",\"datePublished\":\"2026-01-21T09:12:17+00:00\",\"dateModified\":\"2026-04-23T13:18:16+00:00\",\"description\":\"Gallup Special 360 SL Selektives Herbizid mit systemischer Wirkung in Form eines Konzentrats, das alle gr\u00fcnen Pflanzen kontrolliert.\",\"breadcrumb\":{\"@id\":\"https:\\\/\\\/gardenersfriend.eu\\\/de\\\/produkt\\\/gallup-spezial-360-sl\\\/#breadcrumb\"},\"inLanguage\":\"de\",\"potentialAction\":[{\"@type\":\"ReadAction\",\"target\":[\"https:\\\/\\\/gardenersfriend.eu\\\/de\\\/produkt\\\/gallup-spezial-360-sl\\\/\"]}]},{\"@type\":\"ImageObject\",\"inLanguage\":\"de\",\"@id\":\"https:\\\/\\\/gardenersfriend.eu\\\/de\\\/produkt\\\/gallup-spezial-360-sl\\\/#primaryimage\",\"url\":\"https:\\\/\\\/gardenersfriend.eu\\\/wp-content\\\/uploads\\\/2026\\\/01\\\/gallup_special_360_5L.jpg\",\"contentUrl\":\"https:\\\/\\\/gardenersfriend.eu\\\/wp-content\\\/uploads\\\/2026\\\/01\\\/gallup_special_360_5L.jpg\",\"width\":600,\"height\":600,\"caption\":\"Gallup Spezial 360 SL 5L\"},{\"@type\":\"BreadcrumbList\",\"@id\":\"https:\\\/\\\/gardenersfriend.eu\\\/de\\\/produkt\\\/gallup-spezial-360-sl\\\/#breadcrumb\",\"itemListElement\":[{\"@type\":\"ListItem\",\"position\":1,\"name\":\"Strona g\u0142\u00f3wna\",\"item\":\"https:\\\/\\\/gardenersfriend.eu\\\/de\\\/\"},{\"@type\":\"ListItem\",\"position\":2,\"name\":\"Shop\",\"item\":\"https:\\\/\\\/gardenersfriend.eu\\\/de\\\/shop\\\/\"},{\"@type\":\"ListItem\",\"position\":3,\"name\":\"Gallup Spezial 360 SL\"}]},{\"@type\":\"WebSite\",\"@id\":\"https:\\\/\\\/gardenersfriend.eu\\\/de\\\/#website\",\"url\":\"https:\\\/\\\/gardenersfriend.eu\\\/de\\\/\",\"name\":\"Gardeners Friend\",\"description\":\"herbicides, fertilisers, roundup\",\"publisher\":{\"@id\":\"https:\\\/\\\/gardenersfriend.eu\\\/de\\\/#organization\"},\"potentialAction\":[{\"@type\":\"SearchAction\",\"target\":{\"@type\":\"EntryPoint\",\"urlTemplate\":\"https:\\\/\\\/gardenersfriend.eu\\\/de\\\/?s={search_term_string}\"},\"query-input\":{\"@type\":\"PropertyValueSpecification\",\"valueRequired\":true,\"valueName\":\"search_term_string\"}}],\"inLanguage\":\"de\"},{\"@type\":\"Organization\",\"@id\":\"https:\\\/\\\/gardenersfriend.eu\\\/de\\\/#organization\",\"name\":\"Gardeners Friend\",\"url\":\"https:\\\/\\\/gardenersfriend.eu\\\/de\\\/\",\"logo\":{\"@type\":\"ImageObject\",\"inLanguage\":\"de\",\"@id\":\"https:\\\/\\\/gardenersfriend.eu\\\/de\\\/#\\\/schema\\\/logo\\\/image\\\/\",\"url\":\"https:\\\/\\\/gardenersfriend.eu\\\/wp-content\\\/uploads\\\/2025\\\/09\\\/gf_accepted_big_logo.png\",\"contentUrl\":\"https:\\\/\\\/gardenersfriend.eu\\\/wp-content\\\/uploads\\\/2025\\\/09\\\/gf_accepted_big_logo.png\",\"width\":2000,\"height\":1000,\"caption\":\"Gardeners Friend\"},\"image\":{\"@id\":\"https:\\\/\\\/gardenersfriend.eu\\\/de\\\/#\\\/schema\\\/logo\\\/image\\\/\"},\"sameAs\":[\"https:\\\/\\\/www.facebook.com\\\/people\\\/Gardeners-Friend-Store\\\/61566268054378\\\/\",\"https:\\\/\\\/www.instagram.com\\\/gardeners_friend_store\\\/\"]}]}<\/script>\n<!-- \/ Yoast SEO plugin. -->","yoast_head_json":{"title":"Gallup Spezial 360 SL - Gardeners Friend","description":"Gallup Special 360 SL Selektives Herbizid mit systemischer Wirkung in Form eines Konzentrats, das alle gr\u00fcnen Pflanzen kontrolliert.","robots":{"index":"index","follow":"follow","max-snippet":"max-snippet:-1","max-image-preview":"max-image-preview:large","max-video-preview":"max-video-preview:-1"},"canonical":"https:\/\/gardenersfriend.eu\/de\/produkt\/gallup-spezial-360-sl\/","og_locale":"de_DE","og_type":"article","og_title":"Gallup Spezial 360 SL - Gardeners Friend","og_description":"Gallup Special 360 SL Selektives Herbizid mit systemischer Wirkung in Form eines Konzentrats, das alle gr\u00fcnen Pflanzen kontrolliert.","og_url":"https:\/\/gardenersfriend.eu\/de\/produkt\/gallup-spezial-360-sl\/","og_site_name":"Gardeners Friend","article_publisher":"https:\/\/www.facebook.com\/people\/Gardeners-Friend-Store\/61566268054378\/","article_modified_time":"2026-04-23T13:18:16+00:00","og_image":[{"width":600,"height":600,"url":"https:\/\/gardenersfriend.eu\/wp-content\/uploads\/2026\/01\/gallup_special_360_5L.jpg","type":"image\/jpeg"}],"twitter_card":"summary_large_image","twitter_misc":{"Gesch\u00e4tzte Lesezeit":"2\u00a0Minuten"},"schema":{"@context":"https:\/\/schema.org","@graph":[{"@type":"WebPage","@id":"https:\/\/gardenersfriend.eu\/de\/produkt\/gallup-spezial-360-sl\/","url":"https:\/\/gardenersfriend.eu\/de\/produkt\/gallup-spezial-360-sl\/","name":"Gallup Spezial 360 SL - Gardeners Friend","isPartOf":{"@id":"https:\/\/gardenersfriend.eu\/de\/#website"},"primaryImageOfPage":{"@id":"https:\/\/gardenersfriend.eu\/de\/produkt\/gallup-spezial-360-sl\/#primaryimage"},"image":{"@id":"https:\/\/gardenersfriend.eu\/de\/produkt\/gallup-spezial-360-sl\/#primaryimage"},"thumbnailUrl":"https:\/\/gardenersfriend.eu\/wp-content\/uploads\/2026\/01\/gallup_special_360_5L.jpg","datePublished":"2026-01-21T09:12:17+00:00","dateModified":"2026-04-23T13:18:16+00:00","description":"Gallup Special 360 SL Selektives Herbizid mit systemischer Wirkung in Form eines Konzentrats, das alle gr\u00fcnen Pflanzen kontrolliert.","breadcrumb":{"@id":"https:\/\/gardenersfriend.eu\/de\/produkt\/gallup-spezial-360-sl\/#breadcrumb"},"inLanguage":"de","potentialAction":[{"@type":"ReadAction","target":["https:\/\/gardenersfriend.eu\/de\/produkt\/gallup-spezial-360-sl\/"]}]},{"@type":"ImageObject","inLanguage":"de","@id":"https:\/\/gardenersfriend.eu\/de\/produkt\/gallup-spezial-360-sl\/#primaryimage","url":"https:\/\/gardenersfriend.eu\/wp-content\/uploads\/2026\/01\/gallup_special_360_5L.jpg","contentUrl":"https:\/\/gardenersfriend.eu\/wp-content\/uploads\/2026\/01\/gallup_special_360_5L.jpg","width":600,"height":600,"caption":"Gallup Spezial 360 SL 5L"},{"@type":"BreadcrumbList","@id":"https:\/\/gardenersfriend.eu\/de\/produkt\/gallup-spezial-360-sl\/#breadcrumb","itemListElement":[{"@type":"ListItem","position":1,"name":"Strona g\u0142\u00f3wna","item":"https:\/\/gardenersfriend.eu\/de\/"},{"@type":"ListItem","position":2,"name":"Shop","item":"https:\/\/gardenersfriend.eu\/de\/shop\/"},{"@type":"ListItem","position":3,"name":"Gallup Spezial 360 SL"}]},{"@type":"WebSite","@id":"https:\/\/gardenersfriend.eu\/de\/#website","url":"https:\/\/gardenersfriend.eu\/de\/","name":"Gardeners Friend","description":"herbicides, fertilisers, roundup","publisher":{"@id":"https:\/\/gardenersfriend.eu\/de\/#organization"},"potentialAction":[{"@type":"SearchAction","target":{"@type":"EntryPoint","urlTemplate":"https:\/\/gardenersfriend.eu\/de\/?s={search_term_string}"},"query-input":{"@type":"PropertyValueSpecification","valueRequired":true,"valueName":"search_term_string"}}],"inLanguage":"de"},{"@type":"Organization","@id":"https:\/\/gardenersfriend.eu\/de\/#organization","name":"Gardeners Friend","url":"https:\/\/gardenersfriend.eu\/de\/","logo":{"@type":"ImageObject","inLanguage":"de","@id":"https:\/\/gardenersfriend.eu\/de\/#\/schema\/logo\/image\/","url":"https:\/\/gardenersfriend.eu\/wp-content\/uploads\/2025\/09\/gf_accepted_big_logo.png","contentUrl":"https:\/\/gardenersfriend.eu\/wp-content\/uploads\/2025\/09\/gf_accepted_big_logo.png","width":2000,"height":1000,"caption":"Gardeners Friend"},"image":{"@id":"https:\/\/gardenersfriend.eu\/de\/#\/schema\/logo\/image\/"},"sameAs":["https:\/\/www.facebook.com\/people\/Gardeners-Friend-Store\/61566268054378\/","https:\/\/www.instagram.com\/gardeners_friend_store\/"]}]}},"uagb_featured_image_src":{"full":["https:\/\/gardenersfriend.eu\/wp-content\/uploads\/2026\/01\/gallup_special_360_5L.jpg",600,600,false],"thumbnail":["https:\/\/gardenersfriend.eu\/wp-content\/uploads\/2026\/01\/gallup_special_360_5L-150x150.jpg",150,150,true],"medium":["https:\/\/gardenersfriend.eu\/wp-content\/uploads\/2026\/01\/gallup_special_360_5L-300x300.jpg",300,300,true],"medium_large":["https:\/\/gardenersfriend.eu\/wp-content\/uploads\/2026\/01\/gallup_special_360_5L.jpg",600,600,false],"large":["https:\/\/gardenersfriend.eu\/wp-content\/uploads\/2026\/01\/gallup_special_360_5L.jpg",600,600,false],"1536x1536":["https:\/\/gardenersfriend.eu\/wp-content\/uploads\/2026\/01\/gallup_special_360_5L.jpg",600,600,false],"2048x2048":["https:\/\/gardenersfriend.eu\/wp-content\/uploads\/2026\/01\/gallup_special_360_5L.jpg",600,600,false],"woocommerce_thumbnail":["https:\/\/gardenersfriend.eu\/wp-content\/uploads\/2026\/01\/gallup_special_360_5L-300x300.jpg",300,300,true],"woocommerce_single":["https:\/\/gardenersfriend.eu\/wp-content\/uploads\/2026\/01\/gallup_special_360_5L.jpg",600,600,false],"woocommerce_gallery_thumbnail":["https:\/\/gardenersfriend.eu\/wp-content\/uploads\/2026\/01\/gallup_special_360_5L-100x100.jpg",100,100,true]},"uagb_author_info":{"display_name":"admin","author_link":"https:\/\/gardenersfriend.eu\/de\/author\/"},"uagb_comment_info":0,"uagb_excerpt":"Gallup Special 360 SL Selektives Herbizid mit systemischer Wirkung in Form eines Konzentrats, das alle gr\u00fcnen Pflanzen kontrolliert.","jetpack_sharing_enabled":true,"_links":{"self":[{"href":"https:\/\/gardenersfriend.eu\/de\/wp-json\/wp\/v2\/product\/8555","targetHints":{"allow":["GET"]}}],"collection":[{"href":"https:\/\/gardenersfriend.eu\/de\/wp-json\/wp\/v2\/product"}],"about":[{"href":"https:\/\/gardenersfriend.eu\/de\/wp-json\/wp\/v2\/types\/product"}],"replies":[{"embeddable":true,"href":"https:\/\/gardenersfriend.eu\/de\/wp-json\/wp\/v2\/comments?post=8555"}],"wp:featuredmedia":[{"embeddable":true,"href":"https:\/\/gardenersfriend.eu\/de\/wp-json\/wp\/v2\/media\/8414"}],"wp:attachment":[{"href":"https:\/\/gardenersfriend.eu\/de\/wp-json\/wp\/v2\/media?parent=8555"}],"wp:term":[{"taxonomy":"product_brand","embeddable":true,"href":"https:\/\/gardenersfriend.eu\/de\/wp-json\/wp\/v2\/product_brand?post=8555"},{"taxonomy":"product_cat","embeddable":true,"href":"https:\/\/gardenersfriend.eu\/de\/wp-json\/wp\/v2\/product_cat?post=8555"},{"taxonomy":"product_tag","embeddable":true,"href":"https:\/\/gardenersfriend.eu\/de\/wp-json\/wp\/v2\/product_tag?post=8555"}],"curies":[{"name":"wp","href":"https:\/\/api.w.org\/{rel}","templated":true}]}}