{"id":8560,"date":"2026-01-30T01:39:33","date_gmt":"2026-01-30T00:39:33","guid":{"rendered":"https:\/\/gardenersfriend.eu\/product\/decis-mega-50-ew\/"},"modified":"2026-04-23T15:18:27","modified_gmt":"2026-04-23T13:18:27","slug":"decis-mega-50-ew","status":"publish","type":"product","link":"https:\/\/gardenersfriend.eu\/de\/produkt\/decis-mega-50-ew\/","title":{"rendered":"Decis Mega 50 EW"},"content":{"rendered":"<h2>Decis Mega 50 EW Insektizid<\/h2>\n<h3>Anwendung:<\/h3>\n<p>Decis Mega 50 EW ist ein Magen- und Kontaktinsektizid zur Bek\u00e4mpfung bei\u00dfender und stechend-saugender Sch\u00e4dlinge. Es hat eine neutrale Wirkung auf Kulturpflanzen, da es nur auf der Oberfl\u00e4che wirkt. <\/p>\n<p>Laut Etikett k\u00f6nnen Sie das Produkt zur Beseitigung von Insekten in landwirtschaftlichen Kulturen, Obstg\u00e4rten sowie Gem\u00fcse- und Blumenbeeten im Haushalt verwenden. Es ist wirksam zum Schutz von Pflanzenarten wie z.B.: <\/p>\n<ul>\n<li>Winterraps<\/li>\n<li>Schwarze Johannisbeere<\/li>\n<li>Zuckerr\u00fcbe<\/li>\n<li>Sommergerste<\/li>\n<li>Kopfkohl<\/li>\n<li>Erdbeere<\/li>\n<\/ul>\n<h3>Aktion Decis Mega 50 EW:<\/h3>\n<p>Das Pflanzenschutzmittel Decis Mega 50 EW wird mit einem Etikett geliefert, das Sie vor der Anwendung lesen sollten. Sie finden es auch auf der Produktseite in unserem Gartenshop. Deltamethrin, eine organische Chemikalie aus der Gruppe der synthetischen Pyrethroide, ist f\u00fcr die insektizide Wirkung des Produkts verantwortlich. Der Wirkstoff ist f\u00fcr die Bek\u00e4mpfung bei\u00dfender und saugender Sch\u00e4dlinge bestimmt. Er durchdringt die Zellmembran von Sch\u00e4dlingsneuronen und blockiert deren Natriumkan\u00e4le. Deltamethrin blockiert Neurotransmitter-Enzyme, was zu einer vollst\u00e4ndigen L\u00e4hmung der betroffenen Insekten f\u00fchrt.     <\/p>\n<h3>Bereiten Sie den Decis Mega 50 EW f\u00fcr den Gebrauch vor:<\/h3>\n<p>Um einen wirksamen Schutz f\u00fcr Ihre Pflanzen zu gew\u00e4hrleisten, bereiten Sie das Insektizid vor der Anwendung richtig vor. Laut Etikett betr\u00e4gt die Dosis von Decis Mega 50 EW pro 100 Liter Wasser 15 bis 25 Milliliter. Diese Dosis sollte ausreichen, um ein Feld von einem Hektar zu bespr\u00fchen. Nachdem Sie das Konzentrat abgemessen haben, gie\u00dfen Sie es bei eingeschaltetem R\u00fchrwerk in den Tank des Spr\u00fchger\u00e4ts, der etwa zur H\u00e4lfte mit Wasser gef\u00fcllt ist. Die notwendige Ausr\u00fcstung finden Sie im Agro Garden Center.    <\/p>\n<p>Bevor Sie den Beh\u00e4lter mit dem Insektizid entsorgen, sp\u00fclen Sie ihn mit Wasser aus (idealerweise dreimal) und gie\u00dfen Sie die resultierende Mischung in die zuvor vorbereitete Anwendungsl\u00f6sung. W\u00e4hrend Sie die Pflanzen mit Decis Mega 50 EW bespr\u00fchen, muss das R\u00fchrwerk des Spr\u00fchger\u00e4ts st\u00e4ndig laufen. Wenn Ihr Spritzger\u00e4t nicht \u00fcber ein automatisches R\u00fchrwerk verf\u00fcgt, mischen Sie die Mischung mechanisch. Andernfalls kann es zu einer L\u00f6sung mit verminderter Aktivit\u00e4t kommen. Wenn Sie sich nicht sicher sind, wie Sie das Produkt verwenden sollen, sehen Sie auf dem Etikett des Herstellers nach, das Sie auch auf der Website unserer G\u00e4rtnerei finden.    <\/p>\n<h3>Decis Mega 50 EW im Pflanzenschutz:<\/h3>\n<p>Mit spezialisierten Insektiziden k\u00f6nnen Sie die Qualit\u00e4t Ihrer Ernten deutlich verbessern und den Ertrag steigern! Decis Mega 50 EW sch\u00fctzt die auf dem Etikett aufgef\u00fchrten Arten wirksam vor Sch\u00e4dlingen, die in Polen h\u00e4ufig vorkommen. Zu den h\u00e4ufigsten Sch\u00e4dlingen geh\u00f6ren Blattl\u00e4use, Kartoffelk\u00e4fer und Spinnmilben, mit denen sowohl professionelle Anbauer als auch Amateure regelm\u00e4\u00dfig zu k\u00e4mpfen haben. Die Verwendung eines Bayer-Produkts, das wir in unserem Gartencenter anbieten, ist der beste Weg, sie zu bek\u00e4mpfen.   <\/p>\n<p>Decis Mega 50 EW ist nur f\u00fcr professionelle Anwender bestimmt. Die Nichtbeachtung des Etiketts auf dem verwendeten Pflanzenschutzmittel kann zu Sch\u00e4den an den Pflanzen f\u00fchren. Bewahren Sie die Verpackung an einem schattigen Ort bei Zimmertemperatur und au\u00dferhalb der Reichweite von Kindern auf. Das Konzentrat ist reizend f\u00fcr die Haut, seien Sie also bei der Zubereitung der L\u00f6sung \u00e4u\u00dferst vorsichtig. Unser Gartencenter bietet eine gro\u00dfe Auswahl an professionellen Insektizidprodukten sowie eine Reihe von Zubeh\u00f6r f\u00fcr G\u00e4rtner.    <\/p>\n<p><strong>Etikett: <a title=\"Dezis_Mega_50\" href=\"https:\/\/gardenersfriend.eu\/wp-content\/uploads\/2026\/02\/Decis_Mega_50_EW_DE.pdf\">Decis_Mega_50_DE<\/a><\/strong><\/p>\n<p><strong>Sehen Sie mehr von unseren Produkten: <a title=\"Freund der G\u00e4rtner Alle Produkte\" href=\"https:\/\/gardenersfriend.eu\/de\/alle-produkte\/\">Alle Produkte<\/a><\/strong><\/p>\n\n<h5>Rechtliche Informationen<\/h5>\n<p>\nHinweise! Pflanzenschutzmittel vorsichtig verwenden.\nVor Gebrauch Etikett und Produktinformationen lesen.\nAnwendung durch Laien zul\u00e4ssig.\nAusnahme: Der K\u00e4ufer aus Belgien erkl\u00e4rt, dass er zum Zeitpunkt des Kaufs voll gesch\u00e4ftsf\u00e4hig ist und \u00fcber die erforderlichen Qualifikationen f\u00fcr den Kauf von Pflanzenschutzmitteln verf\u00fcgt.\n\nGem\u00e4\u00df Art. Gem\u00e4\u00df Artikel 28 des Gesetzes vom 8. M\u00e4rz 2013 \u00fcber Pflanzenschutzmittel (Gesetzblatt 2020, Pos. 2097) d\u00fcrfen Pflanzenschutzmittel f\u00fcr professionelle Anwender ab dem 26. November 2015 an Personen verkauft werden, die:\n\nPunkt 1 \u2013 eine Schulung zur Anwendung von Pflanzenschutzmitteln in der Republik Polen absolviert haben und diese durch eine Teilnahmebescheinigung best\u00e4tigt haben; oder\n\nPunkt 2 \u2013 eine Schulung zur Beratung \u00fcber Pflanzenschutzmittel in der Republik Polen absolviert haben und diese durch eine Teilnahmebescheinigung best\u00e4tigt haben; oder\n\nPunkt 3 \u2013 eine Schulung in integriertem Pflanzenbau absolviert haben und diese durch eine Teilnahmebescheinigung best\u00e4tigt haben; oder\n\nPunkt 4 \u2013 innerhalb der letzten f\u00fcnf Jahre vor dem Kauf dieser Mittel die f\u00fcr professionelle Anwender in einem anderen Mitgliedstaat der Europ\u00e4ischen Union oder einem Vertragsstaat des Abkommens \u00fcber den Europ\u00e4ischen Wirtschaftsraum vorgeschriebene Schulung gem\u00e4\u00df den dort geltenden Bestimmungen absolviert haben und diese durch eine Teilnahmebescheinigung best\u00e4tigt haben; oder ein anderes, nach den dort geltenden Vorschriften ausgestelltes Dokument vorgelegt haben. Land, das best\u00e4tigt, die Genehmigung zum Kauf von Pflanzenschutzmitteln f\u00fcr professionelle Anwender erhalten zu haben.\n\nWichtig!\nPflanzenschutzmittel d\u00fcrfen nur von Personen \u00fcber 18 Jahren verwendet werden.\nPflanzenschutzmittel sind sicher anzuwenden. Lesen Sie vor jeder Anwendung die Informationen auf dem Etikett und der Produktinformation.\n<\/p>\n","protected":false},"excerpt":{"rendered":"<p>Decis Mega 50 ist ein Magen- und Kontaktinsektizid, das zur Bek\u00e4mpfung von bei\u00dfenden und stechenden Sch\u00e4dlingen eingesetzt wird. Es hat eine neutrale Wirkung auf Kulturpflanzen und wirkt nur auf der Oberfl\u00e4che <\/p>\n","protected":false},"featured_media":8512,"comment_status":"open","ping_status":"closed","template":"","meta":{"_uag_custom_page_level_css":"","site-sidebar-layout":"default","site-content-layout":"","ast-site-content-layout":"default","site-content-style":"default","site-sidebar-style":"default","ast-global-header-display":"","ast-banner-title-visibility":"","ast-main-header-display":"","ast-hfb-above-header-display":"","ast-hfb-below-header-display":"","ast-hfb-mobile-header-display":"","site-post-title":"","ast-breadcrumbs-content":"","ast-featured-img":"","footer-sml-layout":"","ast-disable-related-posts":"","theme-transparent-header-meta":"default","adv-header-id-meta":"","stick-header-meta":"","header-above-stick-meta":"","header-main-stick-meta":"","header-below-stick-meta":"","astra-migrate-meta-layouts":"default","ast-page-background-enabled":"default","ast-page-background-meta":{"desktop":{"background-color":"var(--ast-global-color-4)","background-image":"","background-repeat":"repeat","background-position":"center center","background-size":"auto","background-attachment":"scroll","background-type":"","background-media":"","overlay-type":"","overlay-color":"","overlay-opacity":"","overlay-gradient":""},"tablet":{"background-color":"","background-image":"","background-repeat":"repeat","background-position":"center center","background-size":"auto","background-attachment":"scroll","background-type":"","background-media":"","overlay-type":"","overlay-color":"","overlay-opacity":"","overlay-gradient":""},"mobile":{"background-color":"","background-image":"","background-repeat":"repeat","background-position":"center center","background-size":"auto","background-attachment":"scroll","background-type":"","background-media":"","overlay-type":"","overlay-color":"","overlay-opacity":"","overlay-gradient":""}},"ast-content-background-meta":{"desktop":{"background-color":"var(--ast-global-color-5)","background-image":"","background-repeat":"repeat","background-position":"center center","background-size":"auto","background-attachment":"scroll","background-type":"","background-media":"","overlay-type":"","overlay-color":"","overlay-opacity":"","overlay-gradient":""},"tablet":{"background-color":"var(--ast-global-color-5)","background-image":"","background-repeat":"repeat","background-position":"center center","background-size":"auto","background-attachment":"scroll","background-type":"","background-media":"","overlay-type":"","overlay-color":"","overlay-opacity":"","overlay-gradient":""},"mobile":{"background-color":"var(--ast-global-color-5)","background-image":"","background-repeat":"repeat","background-position":"center center","background-size":"auto","background-attachment":"scroll","background-type":"","background-media":"","overlay-type":"","overlay-color":"","overlay-opacity":"","overlay-gradient":""}}},"product_brand":[],"product_cat":[28,180],"product_tag":[],"class_list":{"0":"post-8560","1":"product","2":"type-product","3":"status-publish","4":"has-post-thumbnail","6":"product_cat-all-products","7":"product_cat-insecticide","8":"desktop-align-left","9":"tablet-align-left","10":"mobile-align-left","12":"first","13":"instock","14":"taxable","15":"shipping-taxable","16":"purchasable","17":"product-type-variable","18":"has-default-attributes"},"yoast_head":"<!-- This site is optimized with the Yoast SEO plugin v27.4 - https:\/\/yoast.com\/product\/yoast-seo-wordpress\/ -->\n<title>Decis Mega 50 EW - Gardeners Friend<\/title>\n<meta name=\"description\" content=\"Decis Mega 50 ist ein Magen- und Kontaktinsektizid, das zur Bek\u00e4mpfung von bei\u00dfenden und stechenden Sch\u00e4dlingen eingesetzt wird. Es hat eine neutrale Wirkung auf Kulturpflanzen und wirkt nur auf der Oberfl\u00e4che\" \/>\n<meta name=\"robots\" content=\"index, follow, max-snippet:-1, max-image-preview:large, max-video-preview:-1\" \/>\n<link rel=\"canonical\" href=\"https:\/\/gardenersfriend.eu\/de\/produkt\/decis-mega-50-ew\/\" \/>\n<meta property=\"og:locale\" content=\"de_DE\" \/>\n<meta property=\"og:type\" content=\"article\" \/>\n<meta property=\"og:title\" content=\"Decis Mega 50 EW - Gardeners Friend\" \/>\n<meta property=\"og:description\" content=\"Decis Mega 50 ist ein Magen- und Kontaktinsektizid, das zur Bek\u00e4mpfung von bei\u00dfenden und stechenden Sch\u00e4dlingen eingesetzt wird. Es hat eine neutrale Wirkung auf Kulturpflanzen und wirkt nur auf der Oberfl\u00e4che\" \/>\n<meta property=\"og:url\" content=\"https:\/\/gardenersfriend.eu\/de\/produkt\/decis-mega-50-ew\/\" \/>\n<meta property=\"og:site_name\" content=\"Gardeners Friend\" \/>\n<meta property=\"article:publisher\" content=\"https:\/\/www.facebook.com\/people\/Gardeners-Friend-Store\/61566268054378\/\" \/>\n<meta property=\"article:modified_time\" content=\"2026-04-23T13:18:27+00:00\" \/>\n<meta property=\"og:image\" content=\"https:\/\/gardenersfriend.eu\/wp-content\/uploads\/2026\/01\/Decis-Mega-50-ew-1l.jpg\" \/>\n\t<meta property=\"og:image:width\" content=\"787\" \/>\n\t<meta property=\"og:image:height\" content=\"1181\" \/>\n\t<meta property=\"og:image:type\" content=\"image\/jpeg\" \/>\n<meta name=\"twitter:card\" content=\"summary_large_image\" \/>\n<meta name=\"twitter:label1\" content=\"Gesch\u00e4tzte Lesezeit\" \/>\n\t<meta name=\"twitter:data1\" content=\"3\u00a0Minuten\" \/>\n<script type=\"application\/ld+json\" class=\"yoast-schema-graph\">{\"@context\":\"https:\\\/\\\/schema.org\",\"@graph\":[{\"@type\":\"WebPage\",\"@id\":\"https:\\\/\\\/gardenersfriend.eu\\\/de\\\/produkt\\\/decis-mega-50-ew\\\/\",\"url\":\"https:\\\/\\\/gardenersfriend.eu\\\/de\\\/produkt\\\/decis-mega-50-ew\\\/\",\"name\":\"Decis Mega 50 EW - Gardeners Friend\",\"isPartOf\":{\"@id\":\"https:\\\/\\\/gardenersfriend.eu\\\/de\\\/#website\"},\"primaryImageOfPage\":{\"@id\":\"https:\\\/\\\/gardenersfriend.eu\\\/de\\\/produkt\\\/decis-mega-50-ew\\\/#primaryimage\"},\"image\":{\"@id\":\"https:\\\/\\\/gardenersfriend.eu\\\/de\\\/produkt\\\/decis-mega-50-ew\\\/#primaryimage\"},\"thumbnailUrl\":\"https:\\\/\\\/gardenersfriend.eu\\\/wp-content\\\/uploads\\\/2026\\\/01\\\/Decis-Mega-50-ew-1l.jpg\",\"datePublished\":\"2026-01-30T00:39:33+00:00\",\"dateModified\":\"2026-04-23T13:18:27+00:00\",\"description\":\"Decis Mega 50 ist ein Magen- und Kontaktinsektizid, das zur Bek\u00e4mpfung von bei\u00dfenden und stechenden Sch\u00e4dlingen eingesetzt wird. Es hat eine neutrale Wirkung auf Kulturpflanzen und wirkt nur auf der Oberfl\u00e4che\",\"breadcrumb\":{\"@id\":\"https:\\\/\\\/gardenersfriend.eu\\\/de\\\/produkt\\\/decis-mega-50-ew\\\/#breadcrumb\"},\"inLanguage\":\"de\",\"potentialAction\":[{\"@type\":\"ReadAction\",\"target\":[\"https:\\\/\\\/gardenersfriend.eu\\\/de\\\/produkt\\\/decis-mega-50-ew\\\/\"]}]},{\"@type\":\"ImageObject\",\"inLanguage\":\"de\",\"@id\":\"https:\\\/\\\/gardenersfriend.eu\\\/de\\\/produkt\\\/decis-mega-50-ew\\\/#primaryimage\",\"url\":\"https:\\\/\\\/gardenersfriend.eu\\\/wp-content\\\/uploads\\\/2026\\\/01\\\/Decis-Mega-50-ew-1l.jpg\",\"contentUrl\":\"https:\\\/\\\/gardenersfriend.eu\\\/wp-content\\\/uploads\\\/2026\\\/01\\\/Decis-Mega-50-ew-1l.jpg\",\"width\":787,\"height\":1181,\"caption\":\"Decis Mega 50\"},{\"@type\":\"BreadcrumbList\",\"@id\":\"https:\\\/\\\/gardenersfriend.eu\\\/de\\\/produkt\\\/decis-mega-50-ew\\\/#breadcrumb\",\"itemListElement\":[{\"@type\":\"ListItem\",\"position\":1,\"name\":\"Strona g\u0142\u00f3wna\",\"item\":\"https:\\\/\\\/gardenersfriend.eu\\\/de\\\/\"},{\"@type\":\"ListItem\",\"position\":2,\"name\":\"Shop\",\"item\":\"https:\\\/\\\/gardenersfriend.eu\\\/de\\\/shop\\\/\"},{\"@type\":\"ListItem\",\"position\":3,\"name\":\"Decis Mega 50 EW\"}]},{\"@type\":\"WebSite\",\"@id\":\"https:\\\/\\\/gardenersfriend.eu\\\/de\\\/#website\",\"url\":\"https:\\\/\\\/gardenersfriend.eu\\\/de\\\/\",\"name\":\"Gardeners Friend\",\"description\":\"herbicides, fertilisers, roundup\",\"publisher\":{\"@id\":\"https:\\\/\\\/gardenersfriend.eu\\\/de\\\/#organization\"},\"potentialAction\":[{\"@type\":\"SearchAction\",\"target\":{\"@type\":\"EntryPoint\",\"urlTemplate\":\"https:\\\/\\\/gardenersfriend.eu\\\/de\\\/?s={search_term_string}\"},\"query-input\":{\"@type\":\"PropertyValueSpecification\",\"valueRequired\":true,\"valueName\":\"search_term_string\"}}],\"inLanguage\":\"de\"},{\"@type\":\"Organization\",\"@id\":\"https:\\\/\\\/gardenersfriend.eu\\\/de\\\/#organization\",\"name\":\"Gardeners Friend\",\"url\":\"https:\\\/\\\/gardenersfriend.eu\\\/de\\\/\",\"logo\":{\"@type\":\"ImageObject\",\"inLanguage\":\"de\",\"@id\":\"https:\\\/\\\/gardenersfriend.eu\\\/de\\\/#\\\/schema\\\/logo\\\/image\\\/\",\"url\":\"https:\\\/\\\/gardenersfriend.eu\\\/wp-content\\\/uploads\\\/2025\\\/09\\\/gf_accepted_big_logo.png\",\"contentUrl\":\"https:\\\/\\\/gardenersfriend.eu\\\/wp-content\\\/uploads\\\/2025\\\/09\\\/gf_accepted_big_logo.png\",\"width\":2000,\"height\":1000,\"caption\":\"Gardeners Friend\"},\"image\":{\"@id\":\"https:\\\/\\\/gardenersfriend.eu\\\/de\\\/#\\\/schema\\\/logo\\\/image\\\/\"},\"sameAs\":[\"https:\\\/\\\/www.facebook.com\\\/people\\\/Gardeners-Friend-Store\\\/61566268054378\\\/\",\"https:\\\/\\\/www.instagram.com\\\/gardeners_friend_store\\\/\"]}]}<\/script>\n<!-- \/ Yoast SEO plugin. -->","yoast_head_json":{"title":"Decis Mega 50 EW - Gardeners Friend","description":"Decis Mega 50 ist ein Magen- und Kontaktinsektizid, das zur Bek\u00e4mpfung von bei\u00dfenden und stechenden Sch\u00e4dlingen eingesetzt wird. Es hat eine neutrale Wirkung auf Kulturpflanzen und wirkt nur auf der Oberfl\u00e4che","robots":{"index":"index","follow":"follow","max-snippet":"max-snippet:-1","max-image-preview":"max-image-preview:large","max-video-preview":"max-video-preview:-1"},"canonical":"https:\/\/gardenersfriend.eu\/de\/produkt\/decis-mega-50-ew\/","og_locale":"de_DE","og_type":"article","og_title":"Decis Mega 50 EW - Gardeners Friend","og_description":"Decis Mega 50 ist ein Magen- und Kontaktinsektizid, das zur Bek\u00e4mpfung von bei\u00dfenden und stechenden Sch\u00e4dlingen eingesetzt wird. Es hat eine neutrale Wirkung auf Kulturpflanzen und wirkt nur auf der Oberfl\u00e4che","og_url":"https:\/\/gardenersfriend.eu\/de\/produkt\/decis-mega-50-ew\/","og_site_name":"Gardeners Friend","article_publisher":"https:\/\/www.facebook.com\/people\/Gardeners-Friend-Store\/61566268054378\/","article_modified_time":"2026-04-23T13:18:27+00:00","og_image":[{"width":787,"height":1181,"url":"https:\/\/gardenersfriend.eu\/wp-content\/uploads\/2026\/01\/Decis-Mega-50-ew-1l.jpg","type":"image\/jpeg"}],"twitter_card":"summary_large_image","twitter_misc":{"Gesch\u00e4tzte Lesezeit":"3\u00a0Minuten"},"schema":{"@context":"https:\/\/schema.org","@graph":[{"@type":"WebPage","@id":"https:\/\/gardenersfriend.eu\/de\/produkt\/decis-mega-50-ew\/","url":"https:\/\/gardenersfriend.eu\/de\/produkt\/decis-mega-50-ew\/","name":"Decis Mega 50 EW - Gardeners Friend","isPartOf":{"@id":"https:\/\/gardenersfriend.eu\/de\/#website"},"primaryImageOfPage":{"@id":"https:\/\/gardenersfriend.eu\/de\/produkt\/decis-mega-50-ew\/#primaryimage"},"image":{"@id":"https:\/\/gardenersfriend.eu\/de\/produkt\/decis-mega-50-ew\/#primaryimage"},"thumbnailUrl":"https:\/\/gardenersfriend.eu\/wp-content\/uploads\/2026\/01\/Decis-Mega-50-ew-1l.jpg","datePublished":"2026-01-30T00:39:33+00:00","dateModified":"2026-04-23T13:18:27+00:00","description":"Decis Mega 50 ist ein Magen- und Kontaktinsektizid, das zur Bek\u00e4mpfung von bei\u00dfenden und stechenden Sch\u00e4dlingen eingesetzt wird. Es hat eine neutrale Wirkung auf Kulturpflanzen und wirkt nur auf der Oberfl\u00e4che","breadcrumb":{"@id":"https:\/\/gardenersfriend.eu\/de\/produkt\/decis-mega-50-ew\/#breadcrumb"},"inLanguage":"de","potentialAction":[{"@type":"ReadAction","target":["https:\/\/gardenersfriend.eu\/de\/produkt\/decis-mega-50-ew\/"]}]},{"@type":"ImageObject","inLanguage":"de","@id":"https:\/\/gardenersfriend.eu\/de\/produkt\/decis-mega-50-ew\/#primaryimage","url":"https:\/\/gardenersfriend.eu\/wp-content\/uploads\/2026\/01\/Decis-Mega-50-ew-1l.jpg","contentUrl":"https:\/\/gardenersfriend.eu\/wp-content\/uploads\/2026\/01\/Decis-Mega-50-ew-1l.jpg","width":787,"height":1181,"caption":"Decis Mega 50"},{"@type":"BreadcrumbList","@id":"https:\/\/gardenersfriend.eu\/de\/produkt\/decis-mega-50-ew\/#breadcrumb","itemListElement":[{"@type":"ListItem","position":1,"name":"Strona g\u0142\u00f3wna","item":"https:\/\/gardenersfriend.eu\/de\/"},{"@type":"ListItem","position":2,"name":"Shop","item":"https:\/\/gardenersfriend.eu\/de\/shop\/"},{"@type":"ListItem","position":3,"name":"Decis Mega 50 EW"}]},{"@type":"WebSite","@id":"https:\/\/gardenersfriend.eu\/de\/#website","url":"https:\/\/gardenersfriend.eu\/de\/","name":"Gardeners Friend","description":"herbicides, fertilisers, roundup","publisher":{"@id":"https:\/\/gardenersfriend.eu\/de\/#organization"},"potentialAction":[{"@type":"SearchAction","target":{"@type":"EntryPoint","urlTemplate":"https:\/\/gardenersfriend.eu\/de\/?s={search_term_string}"},"query-input":{"@type":"PropertyValueSpecification","valueRequired":true,"valueName":"search_term_string"}}],"inLanguage":"de"},{"@type":"Organization","@id":"https:\/\/gardenersfriend.eu\/de\/#organization","name":"Gardeners Friend","url":"https:\/\/gardenersfriend.eu\/de\/","logo":{"@type":"ImageObject","inLanguage":"de","@id":"https:\/\/gardenersfriend.eu\/de\/#\/schema\/logo\/image\/","url":"https:\/\/gardenersfriend.eu\/wp-content\/uploads\/2025\/09\/gf_accepted_big_logo.png","contentUrl":"https:\/\/gardenersfriend.eu\/wp-content\/uploads\/2025\/09\/gf_accepted_big_logo.png","width":2000,"height":1000,"caption":"Gardeners Friend"},"image":{"@id":"https:\/\/gardenersfriend.eu\/de\/#\/schema\/logo\/image\/"},"sameAs":["https:\/\/www.facebook.com\/people\/Gardeners-Friend-Store\/61566268054378\/","https:\/\/www.instagram.com\/gardeners_friend_store\/"]}]}},"uagb_featured_image_src":{"full":["https:\/\/gardenersfriend.eu\/wp-content\/uploads\/2026\/01\/Decis-Mega-50-ew-1l.jpg",787,1181,false],"thumbnail":["https:\/\/gardenersfriend.eu\/wp-content\/uploads\/2026\/01\/Decis-Mega-50-ew-1l-150x150.jpg",150,150,true],"medium":["https:\/\/gardenersfriend.eu\/wp-content\/uploads\/2026\/01\/Decis-Mega-50-ew-1l-200x300.jpg",200,300,true],"medium_large":["https:\/\/gardenersfriend.eu\/wp-content\/uploads\/2026\/01\/Decis-Mega-50-ew-1l-768x1152.jpg",768,1152,true],"large":["https:\/\/gardenersfriend.eu\/wp-content\/uploads\/2026\/01\/Decis-Mega-50-ew-1l-682x1024.jpg",682,1024,true],"1536x1536":["https:\/\/gardenersfriend.eu\/wp-content\/uploads\/2026\/01\/Decis-Mega-50-ew-1l.jpg",787,1181,false],"2048x2048":["https:\/\/gardenersfriend.eu\/wp-content\/uploads\/2026\/01\/Decis-Mega-50-ew-1l.jpg",787,1181,false],"woocommerce_thumbnail":["https:\/\/gardenersfriend.eu\/wp-content\/uploads\/2026\/01\/Decis-Mega-50-ew-1l-300x300.jpg",300,300,true],"woocommerce_single":["https:\/\/gardenersfriend.eu\/wp-content\/uploads\/2026\/01\/Decis-Mega-50-ew-1l-600x900.jpg",600,900,true],"woocommerce_gallery_thumbnail":["https:\/\/gardenersfriend.eu\/wp-content\/uploads\/2026\/01\/Decis-Mega-50-ew-1l-100x100.jpg",100,100,true]},"uagb_author_info":{"display_name":"admin","author_link":"https:\/\/gardenersfriend.eu\/de\/author\/"},"uagb_comment_info":0,"uagb_excerpt":"Decis Mega 50 ist ein Magen- und Kontaktinsektizid, das zur Bek\u00e4mpfung von bei\u00dfenden und stechenden Sch\u00e4dlingen eingesetzt wird. Es hat eine neutrale Wirkung auf Kulturpflanzen und wirkt nur auf der Oberfl\u00e4che","jetpack_sharing_enabled":true,"_links":{"self":[{"href":"https:\/\/gardenersfriend.eu\/de\/wp-json\/wp\/v2\/product\/8560","targetHints":{"allow":["GET"]}}],"collection":[{"href":"https:\/\/gardenersfriend.eu\/de\/wp-json\/wp\/v2\/product"}],"about":[{"href":"https:\/\/gardenersfriend.eu\/de\/wp-json\/wp\/v2\/types\/product"}],"replies":[{"embeddable":true,"href":"https:\/\/gardenersfriend.eu\/de\/wp-json\/wp\/v2\/comments?post=8560"}],"wp:featuredmedia":[{"embeddable":true,"href":"https:\/\/gardenersfriend.eu\/de\/wp-json\/wp\/v2\/media\/8512"}],"wp:attachment":[{"href":"https:\/\/gardenersfriend.eu\/de\/wp-json\/wp\/v2\/media?parent=8560"}],"wp:term":[{"taxonomy":"product_brand","embeddable":true,"href":"https:\/\/gardenersfriend.eu\/de\/wp-json\/wp\/v2\/product_brand?post=8560"},{"taxonomy":"product_cat","embeddable":true,"href":"https:\/\/gardenersfriend.eu\/de\/wp-json\/wp\/v2\/product_cat?post=8560"},{"taxonomy":"product_tag","embeddable":true,"href":"https:\/\/gardenersfriend.eu\/de\/wp-json\/wp\/v2\/product_tag?post=8560"}],"curies":[{"name":"wp","href":"https:\/\/api.w.org\/{rel}","templated":true}]}}