{"id":8647,"date":"2026-02-02T21:26:38","date_gmt":"2026-02-02T20:26:38","guid":{"rendered":"https:\/\/gardenersfriend.eu\/product\/toxan-granuliertes-gift-fuer-maeuse-und-ratten\/"},"modified":"2026-04-23T15:18:32","modified_gmt":"2026-04-23T13:18:32","slug":"toxan-granuliertes-gift-fuer-maeuse-und-ratten","status":"publish","type":"product","link":"https:\/\/gardenersfriend.eu\/de\/produkt\/toxan-granuliertes-gift-fuer-maeuse-und-ratten\/","title":{"rendered":"Toxan &#8211; granuliertes Gift f\u00fcr M\u00e4use und Ratten"},"content":{"rendered":"<h2>Toxan-Granulat<\/h2>\n<h3>Beschreibung der Aktion:<\/h3>\n<p>Toxan ist ein granuliertes Rodentizid zur Bek\u00e4mpfung von M\u00e4usen und Ratten.<\/p>\n<p>Das Produkt ist sofort einsatzbereit. Es enth\u00e4lt einen hochattraktiven K\u00f6der und mumifizierende Wirkstoffe, die die Verwesung toter Nagetiere hemmen. Der im Produkt enthaltene Bitterstoff Denatoniumbenzoat verhindert die versehentliche Einnahme durch Menschen oder Haustiere.  <\/p>\n<h3>Wie zu verwenden:<\/h3>\n<p>Toxan-K\u00f6der sollten in Bereichen ausgelegt werden, in denen sich Nagetiere aufhalten. Sch\u00fctten Sie 100 g des Produkts in einen flachen Beh\u00e4lter zur Rattenbek\u00e4mpfung oder 25 g f\u00fcr M\u00e4use. Setzen Sie das Produkt so lange ein, bis die Sch\u00e4dlinge vollst\u00e4ndig beseitigt sind. Wiederholen Sie die Behandlung, wenn die Nagetiere wieder auftauchen.   <\/p>\n<p>Die Wirkung ist nach 4-6 Tagen sp\u00fcrbar.<\/p>\n<p><strong>Vorsichtsma\u00dfnahmen:<\/strong><\/p>\n<p>Toxan-Granulat kann f\u00fcr Menschen und Tiere sch\u00e4dlich sein, wenn es in gro\u00dfen Mengen verzehrt wird. Bewahren Sie es au\u00dferhalb der Reichweite von Kindern und Haustieren auf. Lagern Sie das Produkt nicht zusammen mit Chemikalien, die den Geruch des K\u00f6ders ver\u00e4ndern k\u00f6nnten.  <\/p>\n<p><strong>Aktiver Inhaltsstoff:<\/strong><\/p>\n<p>0,004% (0,04g\/kg) Bromadiolon<\/p>\n<p><strong>Weitere Informationen entnehmen Sie bitte dem Etikett, das den Download-Dateien beigef\u00fcgt ist: <a title=\"Toxan_DE\" href=\"https:\/\/gardenersfriend.eu\/wp-content\/uploads\/2026\/02\/Toxan-granulate-label-de.pdf\">Toxan_granulat_DE<\/a><\/strong><\/p>\n<p><strong>Sehen Sie mehr von unseren Produkten: <a title=\"Freund der G\u00e4rtner Alle Produkte\" href=\"https:\/\/gardenersfriend.eu\/de\/shop\/\">Alle Produkte<\/a><\/strong><\/p>\n<p><strong>Standort des Herstellers: <a title=\"Fregata Unternehmensseite\" href=\"https:\/\/www.fregata.gda.pl\/\" target=\"_blank\" rel=\"noopener\">Fregata<\/a><\/strong><\/p>\n\n<h5>Rechtliche Informationen<\/h5>\n<p>\nHinweise! Pflanzenschutzmittel vorsichtig verwenden.\nVor Gebrauch Etikett und Produktinformationen lesen.\nAnwendung durch Laien zul\u00e4ssig.\nAusnahme: Der K\u00e4ufer aus Belgien erkl\u00e4rt, dass er zum Zeitpunkt des Kaufs voll gesch\u00e4ftsf\u00e4hig ist und \u00fcber die erforderlichen Qualifikationen f\u00fcr den Kauf von Pflanzenschutzmitteln verf\u00fcgt.\n\nGem\u00e4\u00df Art. Gem\u00e4\u00df Artikel 28 des Gesetzes vom 8. M\u00e4rz 2013 \u00fcber Pflanzenschutzmittel (Gesetzblatt 2020, Pos. 2097) d\u00fcrfen Pflanzenschutzmittel f\u00fcr professionelle Anwender ab dem 26. November 2015 an Personen verkauft werden, die:\n\nPunkt 1 \u2013 eine Schulung zur Anwendung von Pflanzenschutzmitteln in der Republik Polen absolviert haben und diese durch eine Teilnahmebescheinigung best\u00e4tigt haben; oder\n\nPunkt 2 \u2013 eine Schulung zur Beratung \u00fcber Pflanzenschutzmittel in der Republik Polen absolviert haben und diese durch eine Teilnahmebescheinigung best\u00e4tigt haben; oder\n\nPunkt 3 \u2013 eine Schulung in integriertem Pflanzenbau absolviert haben und diese durch eine Teilnahmebescheinigung best\u00e4tigt haben; oder\n\nPunkt 4 \u2013 innerhalb der letzten f\u00fcnf Jahre vor dem Kauf dieser Mittel die f\u00fcr professionelle Anwender in einem anderen Mitgliedstaat der Europ\u00e4ischen Union oder einem Vertragsstaat des Abkommens \u00fcber den Europ\u00e4ischen Wirtschaftsraum vorgeschriebene Schulung gem\u00e4\u00df den dort geltenden Bestimmungen absolviert haben und diese durch eine Teilnahmebescheinigung best\u00e4tigt haben; oder ein anderes, nach den dort geltenden Vorschriften ausgestelltes Dokument vorgelegt haben. Land, das best\u00e4tigt, die Genehmigung zum Kauf von Pflanzenschutzmitteln f\u00fcr professionelle Anwender erhalten zu haben.\n\nWichtig!\nPflanzenschutzmittel d\u00fcrfen nur von Personen \u00fcber 18 Jahren verwendet werden.\nPflanzenschutzmittel sind sicher anzuwenden. Lesen Sie vor jeder Anwendung die Informationen auf dem Etikett und der Produktinformation.\n<\/p>\n","protected":false},"excerpt":{"rendered":"<p>Toxan Granulat ist ein granuliertes Rodentizid zur Bek\u00e4mpfung von M\u00e4usen und Ratten.<\/p>\n","protected":false},"featured_media":8618,"comment_status":"open","ping_status":"closed","template":"","meta":{"_uag_custom_page_level_css":"","site-sidebar-layout":"default","site-content-layout":"","ast-site-content-layout":"default","site-content-style":"default","site-sidebar-style":"default","ast-global-header-display":"","ast-banner-title-visibility":"","ast-main-header-display":"","ast-hfb-above-header-display":"","ast-hfb-below-header-display":"","ast-hfb-mobile-header-display":"","site-post-title":"","ast-breadcrumbs-content":"","ast-featured-img":"","footer-sml-layout":"","ast-disable-related-posts":"","theme-transparent-header-meta":"default","adv-header-id-meta":"","stick-header-meta":"","header-above-stick-meta":"","header-main-stick-meta":"","header-below-stick-meta":"","astra-migrate-meta-layouts":"default","ast-page-background-enabled":"default","ast-page-background-meta":{"desktop":{"background-color":"var(--ast-global-color-4)","background-image":"","background-repeat":"repeat","background-position":"center center","background-size":"auto","background-attachment":"scroll","background-type":"","background-media":"","overlay-type":"","overlay-color":"","overlay-opacity":"","overlay-gradient":""},"tablet":{"background-color":"","background-image":"","background-repeat":"repeat","background-position":"center center","background-size":"auto","background-attachment":"scroll","background-type":"","background-media":"","overlay-type":"","overlay-color":"","overlay-opacity":"","overlay-gradient":""},"mobile":{"background-color":"","background-image":"","background-repeat":"repeat","background-position":"center center","background-size":"auto","background-attachment":"scroll","background-type":"","background-media":"","overlay-type":"","overlay-color":"","overlay-opacity":"","overlay-gradient":""}},"ast-content-background-meta":{"desktop":{"background-color":"var(--ast-global-color-5)","background-image":"","background-repeat":"repeat","background-position":"center center","background-size":"auto","background-attachment":"scroll","background-type":"","background-media":"","overlay-type":"","overlay-color":"","overlay-opacity":"","overlay-gradient":""},"tablet":{"background-color":"var(--ast-global-color-5)","background-image":"","background-repeat":"repeat","background-position":"center center","background-size":"auto","background-attachment":"scroll","background-type":"","background-media":"","overlay-type":"","overlay-color":"","overlay-opacity":"","overlay-gradient":""},"mobile":{"background-color":"var(--ast-global-color-5)","background-image":"","background-repeat":"repeat","background-position":"center center","background-size":"auto","background-attachment":"scroll","background-type":"","background-media":"","overlay-type":"","overlay-color":"","overlay-opacity":"","overlay-gradient":""}}},"product_brand":[],"product_cat":[28,201],"product_tag":[],"class_list":{"0":"post-8647","1":"product","2":"type-product","3":"status-publish","4":"has-post-thumbnail","6":"product_cat-all-products","7":"product_cat-pesticides","8":"desktop-align-left","9":"tablet-align-left","10":"mobile-align-left","12":"first","13":"instock","14":"taxable","15":"shipping-taxable","16":"purchasable","17":"product-type-variable","18":"has-default-attributes"},"yoast_head":"<!-- This site is optimized with the Yoast SEO plugin v27.4 - https:\/\/yoast.com\/product\/yoast-seo-wordpress\/ -->\n<title>Toxan - granuliertes Gift f\u00fcr M\u00e4use und Ratten - Gardeners Friend<\/title>\n<meta name=\"description\" content=\"Toxan Granulat ist ein granuliertes Rodentizid zur Bek\u00e4mpfung von M\u00e4usen und Ratten.\" \/>\n<meta name=\"robots\" content=\"index, follow, max-snippet:-1, max-image-preview:large, max-video-preview:-1\" \/>\n<link rel=\"canonical\" href=\"https:\/\/gardenersfriend.eu\/de\/produkt\/toxan-granuliertes-gift-fuer-maeuse-und-ratten\/\" \/>\n<meta property=\"og:locale\" content=\"de_DE\" \/>\n<meta property=\"og:type\" content=\"article\" \/>\n<meta property=\"og:title\" content=\"Toxan - granuliertes Gift f\u00fcr M\u00e4use und Ratten - Gardeners Friend\" \/>\n<meta property=\"og:description\" content=\"Toxan Granulat ist ein granuliertes Rodentizid zur Bek\u00e4mpfung von M\u00e4usen und Ratten.\" \/>\n<meta property=\"og:url\" content=\"https:\/\/gardenersfriend.eu\/de\/produkt\/toxan-granuliertes-gift-fuer-maeuse-und-ratten\/\" \/>\n<meta property=\"og:site_name\" content=\"Gardeners Friend\" \/>\n<meta property=\"article:publisher\" content=\"https:\/\/www.facebook.com\/people\/Gardeners-Friend-Store\/61566268054378\/\" \/>\n<meta property=\"article:modified_time\" content=\"2026-04-23T13:18:32+00:00\" \/>\n<meta property=\"og:image\" content=\"https:\/\/gardenersfriend.eu\/wp-content\/uploads\/2026\/02\/TOXAN_GRANULAT_1KG.png\" \/>\n\t<meta property=\"og:image:width\" content=\"433\" \/>\n\t<meta property=\"og:image:height\" content=\"577\" \/>\n\t<meta property=\"og:image:type\" content=\"image\/png\" \/>\n<meta name=\"twitter:card\" content=\"summary_large_image\" \/>\n<meta name=\"twitter:label1\" content=\"Gesch\u00e4tzte Lesezeit\" \/>\n\t<meta name=\"twitter:data1\" content=\"1\u00a0Minute\" \/>\n<script type=\"application\/ld+json\" class=\"yoast-schema-graph\">{\"@context\":\"https:\\\/\\\/schema.org\",\"@graph\":[{\"@type\":\"WebPage\",\"@id\":\"https:\\\/\\\/gardenersfriend.eu\\\/de\\\/produkt\\\/toxan-granuliertes-gift-fuer-maeuse-und-ratten\\\/\",\"url\":\"https:\\\/\\\/gardenersfriend.eu\\\/de\\\/produkt\\\/toxan-granuliertes-gift-fuer-maeuse-und-ratten\\\/\",\"name\":\"Toxan - granuliertes Gift f\u00fcr M\u00e4use und Ratten - Gardeners Friend\",\"isPartOf\":{\"@id\":\"https:\\\/\\\/gardenersfriend.eu\\\/de\\\/#website\"},\"primaryImageOfPage\":{\"@id\":\"https:\\\/\\\/gardenersfriend.eu\\\/de\\\/produkt\\\/toxan-granuliertes-gift-fuer-maeuse-und-ratten\\\/#primaryimage\"},\"image\":{\"@id\":\"https:\\\/\\\/gardenersfriend.eu\\\/de\\\/produkt\\\/toxan-granuliertes-gift-fuer-maeuse-und-ratten\\\/#primaryimage\"},\"thumbnailUrl\":\"https:\\\/\\\/gardenersfriend.eu\\\/wp-content\\\/uploads\\\/2026\\\/02\\\/TOXAN_GRANULAT_1KG.png\",\"datePublished\":\"2026-02-02T20:26:38+00:00\",\"dateModified\":\"2026-04-23T13:18:32+00:00\",\"description\":\"Toxan Granulat ist ein granuliertes Rodentizid zur Bek\u00e4mpfung von M\u00e4usen und Ratten.\",\"breadcrumb\":{\"@id\":\"https:\\\/\\\/gardenersfriend.eu\\\/de\\\/produkt\\\/toxan-granuliertes-gift-fuer-maeuse-und-ratten\\\/#breadcrumb\"},\"inLanguage\":\"de\",\"potentialAction\":[{\"@type\":\"ReadAction\",\"target\":[\"https:\\\/\\\/gardenersfriend.eu\\\/de\\\/produkt\\\/toxan-granuliertes-gift-fuer-maeuse-und-ratten\\\/\"]}]},{\"@type\":\"ImageObject\",\"inLanguage\":\"de\",\"@id\":\"https:\\\/\\\/gardenersfriend.eu\\\/de\\\/produkt\\\/toxan-granuliertes-gift-fuer-maeuse-und-ratten\\\/#primaryimage\",\"url\":\"https:\\\/\\\/gardenersfriend.eu\\\/wp-content\\\/uploads\\\/2026\\\/02\\\/TOXAN_GRANULAT_1KG.png\",\"contentUrl\":\"https:\\\/\\\/gardenersfriend.eu\\\/wp-content\\\/uploads\\\/2026\\\/02\\\/TOXAN_GRANULAT_1KG.png\",\"width\":433,\"height\":577,\"caption\":\"TOXAN GRANULAT 1KG\"},{\"@type\":\"BreadcrumbList\",\"@id\":\"https:\\\/\\\/gardenersfriend.eu\\\/de\\\/produkt\\\/toxan-granuliertes-gift-fuer-maeuse-und-ratten\\\/#breadcrumb\",\"itemListElement\":[{\"@type\":\"ListItem\",\"position\":1,\"name\":\"Strona g\u0142\u00f3wna\",\"item\":\"https:\\\/\\\/gardenersfriend.eu\\\/de\\\/\"},{\"@type\":\"ListItem\",\"position\":2,\"name\":\"Shop\",\"item\":\"https:\\\/\\\/gardenersfriend.eu\\\/de\\\/shop\\\/\"},{\"@type\":\"ListItem\",\"position\":3,\"name\":\"Toxan &#8211; granuliertes Gift f\u00fcr M\u00e4use und Ratten\"}]},{\"@type\":\"WebSite\",\"@id\":\"https:\\\/\\\/gardenersfriend.eu\\\/de\\\/#website\",\"url\":\"https:\\\/\\\/gardenersfriend.eu\\\/de\\\/\",\"name\":\"Gardeners Friend\",\"description\":\"herbicides, fertilisers, roundup\",\"publisher\":{\"@id\":\"https:\\\/\\\/gardenersfriend.eu\\\/de\\\/#organization\"},\"potentialAction\":[{\"@type\":\"SearchAction\",\"target\":{\"@type\":\"EntryPoint\",\"urlTemplate\":\"https:\\\/\\\/gardenersfriend.eu\\\/de\\\/?s={search_term_string}\"},\"query-input\":{\"@type\":\"PropertyValueSpecification\",\"valueRequired\":true,\"valueName\":\"search_term_string\"}}],\"inLanguage\":\"de\"},{\"@type\":\"Organization\",\"@id\":\"https:\\\/\\\/gardenersfriend.eu\\\/de\\\/#organization\",\"name\":\"Gardeners Friend\",\"url\":\"https:\\\/\\\/gardenersfriend.eu\\\/de\\\/\",\"logo\":{\"@type\":\"ImageObject\",\"inLanguage\":\"de\",\"@id\":\"https:\\\/\\\/gardenersfriend.eu\\\/de\\\/#\\\/schema\\\/logo\\\/image\\\/\",\"url\":\"https:\\\/\\\/gardenersfriend.eu\\\/wp-content\\\/uploads\\\/2025\\\/09\\\/gf_accepted_big_logo.png\",\"contentUrl\":\"https:\\\/\\\/gardenersfriend.eu\\\/wp-content\\\/uploads\\\/2025\\\/09\\\/gf_accepted_big_logo.png\",\"width\":2000,\"height\":1000,\"caption\":\"Gardeners Friend\"},\"image\":{\"@id\":\"https:\\\/\\\/gardenersfriend.eu\\\/de\\\/#\\\/schema\\\/logo\\\/image\\\/\"},\"sameAs\":[\"https:\\\/\\\/www.facebook.com\\\/people\\\/Gardeners-Friend-Store\\\/61566268054378\\\/\",\"https:\\\/\\\/www.instagram.com\\\/gardeners_friend_store\\\/\"]}]}<\/script>\n<!-- \/ Yoast SEO plugin. -->","yoast_head_json":{"title":"Toxan - granuliertes Gift f\u00fcr M\u00e4use und Ratten - Gardeners Friend","description":"Toxan Granulat ist ein granuliertes Rodentizid zur Bek\u00e4mpfung von M\u00e4usen und Ratten.","robots":{"index":"index","follow":"follow","max-snippet":"max-snippet:-1","max-image-preview":"max-image-preview:large","max-video-preview":"max-video-preview:-1"},"canonical":"https:\/\/gardenersfriend.eu\/de\/produkt\/toxan-granuliertes-gift-fuer-maeuse-und-ratten\/","og_locale":"de_DE","og_type":"article","og_title":"Toxan - granuliertes Gift f\u00fcr M\u00e4use und Ratten - Gardeners Friend","og_description":"Toxan Granulat ist ein granuliertes Rodentizid zur Bek\u00e4mpfung von M\u00e4usen und Ratten.","og_url":"https:\/\/gardenersfriend.eu\/de\/produkt\/toxan-granuliertes-gift-fuer-maeuse-und-ratten\/","og_site_name":"Gardeners Friend","article_publisher":"https:\/\/www.facebook.com\/people\/Gardeners-Friend-Store\/61566268054378\/","article_modified_time":"2026-04-23T13:18:32+00:00","og_image":[{"width":433,"height":577,"url":"https:\/\/gardenersfriend.eu\/wp-content\/uploads\/2026\/02\/TOXAN_GRANULAT_1KG.png","type":"image\/png"}],"twitter_card":"summary_large_image","twitter_misc":{"Gesch\u00e4tzte Lesezeit":"1\u00a0Minute"},"schema":{"@context":"https:\/\/schema.org","@graph":[{"@type":"WebPage","@id":"https:\/\/gardenersfriend.eu\/de\/produkt\/toxan-granuliertes-gift-fuer-maeuse-und-ratten\/","url":"https:\/\/gardenersfriend.eu\/de\/produkt\/toxan-granuliertes-gift-fuer-maeuse-und-ratten\/","name":"Toxan - granuliertes Gift f\u00fcr M\u00e4use und Ratten - Gardeners Friend","isPartOf":{"@id":"https:\/\/gardenersfriend.eu\/de\/#website"},"primaryImageOfPage":{"@id":"https:\/\/gardenersfriend.eu\/de\/produkt\/toxan-granuliertes-gift-fuer-maeuse-und-ratten\/#primaryimage"},"image":{"@id":"https:\/\/gardenersfriend.eu\/de\/produkt\/toxan-granuliertes-gift-fuer-maeuse-und-ratten\/#primaryimage"},"thumbnailUrl":"https:\/\/gardenersfriend.eu\/wp-content\/uploads\/2026\/02\/TOXAN_GRANULAT_1KG.png","datePublished":"2026-02-02T20:26:38+00:00","dateModified":"2026-04-23T13:18:32+00:00","description":"Toxan Granulat ist ein granuliertes Rodentizid zur Bek\u00e4mpfung von M\u00e4usen und Ratten.","breadcrumb":{"@id":"https:\/\/gardenersfriend.eu\/de\/produkt\/toxan-granuliertes-gift-fuer-maeuse-und-ratten\/#breadcrumb"},"inLanguage":"de","potentialAction":[{"@type":"ReadAction","target":["https:\/\/gardenersfriend.eu\/de\/produkt\/toxan-granuliertes-gift-fuer-maeuse-und-ratten\/"]}]},{"@type":"ImageObject","inLanguage":"de","@id":"https:\/\/gardenersfriend.eu\/de\/produkt\/toxan-granuliertes-gift-fuer-maeuse-und-ratten\/#primaryimage","url":"https:\/\/gardenersfriend.eu\/wp-content\/uploads\/2026\/02\/TOXAN_GRANULAT_1KG.png","contentUrl":"https:\/\/gardenersfriend.eu\/wp-content\/uploads\/2026\/02\/TOXAN_GRANULAT_1KG.png","width":433,"height":577,"caption":"TOXAN GRANULAT 1KG"},{"@type":"BreadcrumbList","@id":"https:\/\/gardenersfriend.eu\/de\/produkt\/toxan-granuliertes-gift-fuer-maeuse-und-ratten\/#breadcrumb","itemListElement":[{"@type":"ListItem","position":1,"name":"Strona g\u0142\u00f3wna","item":"https:\/\/gardenersfriend.eu\/de\/"},{"@type":"ListItem","position":2,"name":"Shop","item":"https:\/\/gardenersfriend.eu\/de\/shop\/"},{"@type":"ListItem","position":3,"name":"Toxan &#8211; granuliertes Gift f\u00fcr M\u00e4use und Ratten"}]},{"@type":"WebSite","@id":"https:\/\/gardenersfriend.eu\/de\/#website","url":"https:\/\/gardenersfriend.eu\/de\/","name":"Gardeners Friend","description":"herbicides, fertilisers, roundup","publisher":{"@id":"https:\/\/gardenersfriend.eu\/de\/#organization"},"potentialAction":[{"@type":"SearchAction","target":{"@type":"EntryPoint","urlTemplate":"https:\/\/gardenersfriend.eu\/de\/?s={search_term_string}"},"query-input":{"@type":"PropertyValueSpecification","valueRequired":true,"valueName":"search_term_string"}}],"inLanguage":"de"},{"@type":"Organization","@id":"https:\/\/gardenersfriend.eu\/de\/#organization","name":"Gardeners Friend","url":"https:\/\/gardenersfriend.eu\/de\/","logo":{"@type":"ImageObject","inLanguage":"de","@id":"https:\/\/gardenersfriend.eu\/de\/#\/schema\/logo\/image\/","url":"https:\/\/gardenersfriend.eu\/wp-content\/uploads\/2025\/09\/gf_accepted_big_logo.png","contentUrl":"https:\/\/gardenersfriend.eu\/wp-content\/uploads\/2025\/09\/gf_accepted_big_logo.png","width":2000,"height":1000,"caption":"Gardeners Friend"},"image":{"@id":"https:\/\/gardenersfriend.eu\/de\/#\/schema\/logo\/image\/"},"sameAs":["https:\/\/www.facebook.com\/people\/Gardeners-Friend-Store\/61566268054378\/","https:\/\/www.instagram.com\/gardeners_friend_store\/"]}]}},"uagb_featured_image_src":{"full":["https:\/\/gardenersfriend.eu\/wp-content\/uploads\/2026\/02\/TOXAN_GRANULAT_1KG.png",433,577,false],"thumbnail":["https:\/\/gardenersfriend.eu\/wp-content\/uploads\/2026\/02\/TOXAN_GRANULAT_1KG-150x150.png",150,150,true],"medium":["https:\/\/gardenersfriend.eu\/wp-content\/uploads\/2026\/02\/TOXAN_GRANULAT_1KG-225x300.png",225,300,true],"medium_large":["https:\/\/gardenersfriend.eu\/wp-content\/uploads\/2026\/02\/TOXAN_GRANULAT_1KG.png",433,577,false],"large":["https:\/\/gardenersfriend.eu\/wp-content\/uploads\/2026\/02\/TOXAN_GRANULAT_1KG.png",433,577,false],"1536x1536":["https:\/\/gardenersfriend.eu\/wp-content\/uploads\/2026\/02\/TOXAN_GRANULAT_1KG.png",433,577,false],"2048x2048":["https:\/\/gardenersfriend.eu\/wp-content\/uploads\/2026\/02\/TOXAN_GRANULAT_1KG.png",433,577,false],"woocommerce_thumbnail":["https:\/\/gardenersfriend.eu\/wp-content\/uploads\/2026\/02\/TOXAN_GRANULAT_1KG-300x300.png",300,300,true],"woocommerce_single":["https:\/\/gardenersfriend.eu\/wp-content\/uploads\/2026\/02\/TOXAN_GRANULAT_1KG.png",433,577,false],"woocommerce_gallery_thumbnail":["https:\/\/gardenersfriend.eu\/wp-content\/uploads\/2026\/02\/TOXAN_GRANULAT_1KG-100x100.png",100,100,true]},"uagb_author_info":{"display_name":"admin","author_link":"https:\/\/gardenersfriend.eu\/de\/author\/"},"uagb_comment_info":0,"uagb_excerpt":"Toxan Granulat ist ein granuliertes Rodentizid zur Bek\u00e4mpfung von M\u00e4usen und Ratten.","jetpack_sharing_enabled":true,"_links":{"self":[{"href":"https:\/\/gardenersfriend.eu\/de\/wp-json\/wp\/v2\/product\/8647","targetHints":{"allow":["GET"]}}],"collection":[{"href":"https:\/\/gardenersfriend.eu\/de\/wp-json\/wp\/v2\/product"}],"about":[{"href":"https:\/\/gardenersfriend.eu\/de\/wp-json\/wp\/v2\/types\/product"}],"replies":[{"embeddable":true,"href":"https:\/\/gardenersfriend.eu\/de\/wp-json\/wp\/v2\/comments?post=8647"}],"wp:featuredmedia":[{"embeddable":true,"href":"https:\/\/gardenersfriend.eu\/de\/wp-json\/wp\/v2\/media\/8618"}],"wp:attachment":[{"href":"https:\/\/gardenersfriend.eu\/de\/wp-json\/wp\/v2\/media?parent=8647"}],"wp:term":[{"taxonomy":"product_brand","embeddable":true,"href":"https:\/\/gardenersfriend.eu\/de\/wp-json\/wp\/v2\/product_brand?post=8647"},{"taxonomy":"product_cat","embeddable":true,"href":"https:\/\/gardenersfriend.eu\/de\/wp-json\/wp\/v2\/product_cat?post=8647"},{"taxonomy":"product_tag","embeddable":true,"href":"https:\/\/gardenersfriend.eu\/de\/wp-json\/wp\/v2\/product_tag?post=8647"}],"curies":[{"name":"wp","href":"https:\/\/api.w.org\/{rel}","templated":true}]}}