{"id":8833,"date":"2026-02-19T04:57:39","date_gmt":"2026-02-19T03:57:39","guid":{"rendered":"https:\/\/gardenersfriend.eu\/product\/maeuse-und-rattenfalle-starker-kleber-10-stueck\/"},"modified":"2026-04-15T05:37:12","modified_gmt":"2026-04-15T03:37:12","slug":"maeuse-und-rattenfalle-starker-kleber-10-stueck","status":"publish","type":"product","link":"https:\/\/gardenersfriend.eu\/de\/produkt\/maeuse-und-rattenfalle-starker-kleber-10-stueck\/","title":{"rendered":"M\u00e4use- und Rattenfalle starker Kleber &#8211; 10 St\u00fcck"},"content":{"rendered":"<h2>M\u00e4use- und Rattenfalle<\/h2>\n<p>Die dreifache Menge an Klebstoff &#8211; 32g! Unsere Fallen fangen Nagetiere, keine Fliegen. <\/p>\n<h3>Wirksame und sichere Bek\u00e4mpfung von kleinen Nagetieren:<\/h3>\n<ul>\n<li>Die Mausefalle ist eine innovative L\u00f6sung zum Fangen von kleinen Nagetieren wie M\u00e4usen und Ratten. Die einzigartige Klebstoffformel bietet eine hohe Viskosit\u00e4t, die Nagetiere effektiv anlockt und festh\u00e4lt. <\/li>\n<li>Die Falle ist ungiftig und enth\u00e4lt keine t\u00f6dlichen Substanzen, was sie f\u00fcr Menschen und Haustiere sicher macht. Sie kann auch an Orten verwendet werden, an denen der Einsatz von Giften nicht empfohlen wird.<\/li>\n<\/ul>\n<h3>Verschiedene Fallenkonfigurationen:<\/h3>\n<p>Die Mausefalle kann in verschiedene Formen gefaltet werden, um verschiedenen Bed\u00fcrfnissen gerecht zu werden. Dadurch kann sie an verschiedenen Orten und in verschiedenen Situationen eingesetzt werden, was ihre Effektivit\u00e4t beim Fangen von Nagetieren erh\u00f6ht. <\/p>\n<h3>Wie funktioniert das?<\/h3>\n<ul>\n<li>Die Mausefalle funktioniert, indem ein Klebstoff mit einem verlockenden Duft aufgetragen wird, der die Nager anlockt. Sobald sie auf der Klebefl\u00e4che landen, werden die Nagetiere bewegungsunf\u00e4hig gemacht, so dass sie sich nicht weiter bewegen k\u00f6nnen. <\/li>\n<li>Diese Methode ist \u00e4u\u00dferst effektiv, da sie keine Gifte oder mechanischen Fallen erfordert, die eine Gefahr f\u00fcr andere Tiere oder Kinder darstellen k\u00f6nnten.<\/li>\n<\/ul>\n<h3>Widerstandsf\u00e4hig gegen Witterungseinfl\u00fcsse:<\/h3>\n<p>Durch die spezielle Klebstoffformel ist die Falle witterungsbest\u00e4ndig, d.h. sie kann sowohl im Innen- als auch im Au\u00dfenbereich verwendet werden. Der Klebstoff trocknet nicht so schnell aus und sorgt so f\u00fcr eine lang anhaltende Wirksamkeit, selbst in Gebieten mit hoher Luftfeuchtigkeit oder schwankenden Temperaturen. <\/p>\n<h3>Abmessungen der ausgeklappten Falle:<\/h3>\n<ul>\n<li><strong>L\u00e4nge<\/strong>: 25 cm<\/li>\n<li><strong>Breite<\/strong>: 17 cm<\/li>\n<\/ul>\n<h3>Freisetzung von Nagetieren:<\/h3>\n<ul>\n<li>Um das Nagetier zu befreien, gie\u00dfen Sie einfach Pflanzen\u00f6l \u00fcber die Kontaktfl\u00e4che des Klebers. Das \u00d6l l\u00f6st den Klebstoff auf, so dass das Nagetier sicher befreit werden kann. <\/li>\n<li>Es wird empfohlen, das Nagetier nicht an der Stelle freizulassen, an der es gefangen wurde, damit es nicht zur\u00fcckkehren kann. W\u00e4hrend des gesamten Prozesses sollten Schutzhandschuhe getragen werden, um Sicherheit und Hygiene zu gew\u00e4hrleisten. <\/li>\n<\/ul>\n<h3>Breites Spektrum an Anwendungen:<\/h3>\n<p>Die Mausefalle ist vielseitig einsetzbar und kann an den unterschiedlichsten Orten verwendet werden, z. B. in Wohnungen, Lagerh\u00e4usern, B\u00fcros und Wirtschaftsr\u00e4umen. Sie ist eine ideale L\u00f6sung f\u00fcr die Nagetierbek\u00e4mpfung in Bereichen, in denen chemische oder mechanische Fallen nicht geeignet sind. <\/p>\n<p><strong>Unsere anderen Pestizide:<\/strong> Unsere <a title=\"Freund der G\u00e4rtner - Pestizid-Sammlung\" href=\"https:\/\/gardenersfriend.eu\/de\/produkt-kategorie\/pestizide\/\">Pestizide<\/a><\/p>\n","protected":false},"excerpt":{"rendered":"<p>M\u00e4use- und Rattenfalle Dreifache Menge an Klebstoff &#8211; 32g. Unsere Fallen fangen Nagetiere, keine Fliegen. Effektive und sichere Kontrolle von kleinen Nagetieren  <\/p>\n","protected":false},"featured_media":8806,"comment_status":"open","ping_status":"closed","template":"","meta":{"_uag_custom_page_level_css":"","site-sidebar-layout":"default","site-content-layout":"","ast-site-content-layout":"default","site-content-style":"default","site-sidebar-style":"default","ast-global-header-display":"","ast-banner-title-visibility":"","ast-main-header-display":"","ast-hfb-above-header-display":"","ast-hfb-below-header-display":"","ast-hfb-mobile-header-display":"","site-post-title":"","ast-breadcrumbs-content":"","ast-featured-img":"","footer-sml-layout":"","ast-disable-related-posts":"","theme-transparent-header-meta":"default","adv-header-id-meta":"","stick-header-meta":"","header-above-stick-meta":"","header-main-stick-meta":"","header-below-stick-meta":"","astra-migrate-meta-layouts":"default","ast-page-background-enabled":"default","ast-page-background-meta":{"desktop":{"background-color":"var(--ast-global-color-4)","background-image":"","background-repeat":"repeat","background-position":"center center","background-size":"auto","background-attachment":"scroll","background-type":"","background-media":"","overlay-type":"","overlay-color":"","overlay-opacity":"","overlay-gradient":""},"tablet":{"background-color":"","background-image":"","background-repeat":"repeat","background-position":"center center","background-size":"auto","background-attachment":"scroll","background-type":"","background-media":"","overlay-type":"","overlay-color":"","overlay-opacity":"","overlay-gradient":""},"mobile":{"background-color":"","background-image":"","background-repeat":"repeat","background-position":"center center","background-size":"auto","background-attachment":"scroll","background-type":"","background-media":"","overlay-type":"","overlay-color":"","overlay-opacity":"","overlay-gradient":""}},"ast-content-background-meta":{"desktop":{"background-color":"var(--ast-global-color-5)","background-image":"","background-repeat":"repeat","background-position":"center center","background-size":"auto","background-attachment":"scroll","background-type":"","background-media":"","overlay-type":"","overlay-color":"","overlay-opacity":"","overlay-gradient":""},"tablet":{"background-color":"var(--ast-global-color-5)","background-image":"","background-repeat":"repeat","background-position":"center center","background-size":"auto","background-attachment":"scroll","background-type":"","background-media":"","overlay-type":"","overlay-color":"","overlay-opacity":"","overlay-gradient":""},"mobile":{"background-color":"var(--ast-global-color-5)","background-image":"","background-repeat":"repeat","background-position":"center center","background-size":"auto","background-attachment":"scroll","background-type":"","background-media":"","overlay-type":"","overlay-color":"","overlay-opacity":"","overlay-gradient":""}}},"product_brand":[],"product_cat":[84,214],"product_tag":[],"class_list":{"0":"post-8833","1":"product","2":"type-product","3":"status-publish","4":"has-post-thumbnail","6":"product_cat-alle-produkte","7":"product_cat-pestizide","8":"product_shipping_class-alle","9":"desktop-align-left","10":"tablet-align-left","11":"mobile-align-left","13":"first","14":"instock","15":"taxable","16":"shipping-taxable","17":"purchasable","18":"product-type-simple"},"yoast_head":"<!-- This site is optimized with the Yoast SEO plugin v27.4 - https:\/\/yoast.com\/product\/yoast-seo-wordpress\/ -->\n<title>M\u00e4use- und Rattenfalle starker Kleber - 10 St\u00fcck - Gardeners Friend<\/title>\n<meta name=\"description\" content=\"M\u00e4use- und Rattenfalle Dreifache Menge an Klebstoff - 32g. Unsere Fallen fangen Nagetiere, keine Fliegen. Effektive und sichere Kontrolle von kleinen Nagetieren\" \/>\n<meta name=\"robots\" content=\"index, follow, max-snippet:-1, max-image-preview:large, max-video-preview:-1\" \/>\n<link rel=\"canonical\" href=\"https:\/\/gardenersfriend.eu\/de\/produkt\/maeuse-und-rattenfalle-starker-kleber-10-stueck\/\" \/>\n<meta property=\"og:locale\" content=\"de_DE\" \/>\n<meta property=\"og:type\" content=\"article\" \/>\n<meta property=\"og:title\" content=\"M\u00e4use- und Rattenfalle starker Kleber - 10 St\u00fcck - Gardeners Friend\" \/>\n<meta property=\"og:description\" content=\"M\u00e4use- und Rattenfalle Dreifache Menge an Klebstoff - 32g. Unsere Fallen fangen Nagetiere, keine Fliegen. Effektive und sichere Kontrolle von kleinen Nagetieren\" \/>\n<meta property=\"og:url\" content=\"https:\/\/gardenersfriend.eu\/de\/produkt\/maeuse-und-rattenfalle-starker-kleber-10-stueck\/\" \/>\n<meta property=\"og:site_name\" content=\"Gardeners Friend\" \/>\n<meta property=\"article:publisher\" content=\"https:\/\/www.facebook.com\/people\/Gardeners-Friend-Store\/61566268054378\/\" \/>\n<meta property=\"article:modified_time\" content=\"2026-04-15T03:37:12+00:00\" \/>\n<meta property=\"og:image\" content=\"https:\/\/gardenersfriend.eu\/wp-content\/uploads\/2026\/02\/MouseAndRatTrapGlue1.jpg\" \/>\n\t<meta property=\"og:image:width\" content=\"993\" \/>\n\t<meta property=\"og:image:height\" content=\"997\" \/>\n\t<meta property=\"og:image:type\" content=\"image\/jpeg\" \/>\n<meta name=\"twitter:card\" content=\"summary_large_image\" \/>\n<meta name=\"twitter:label1\" content=\"Gesch\u00e4tzte Lesezeit\" \/>\n\t<meta name=\"twitter:data1\" content=\"2\u00a0Minuten\" \/>\n<script type=\"application\/ld+json\" class=\"yoast-schema-graph\">{\"@context\":\"https:\\\/\\\/schema.org\",\"@graph\":[{\"@type\":\"WebPage\",\"@id\":\"https:\\\/\\\/gardenersfriend.eu\\\/de\\\/produkt\\\/maeuse-und-rattenfalle-starker-kleber-10-stueck\\\/\",\"url\":\"https:\\\/\\\/gardenersfriend.eu\\\/de\\\/produkt\\\/maeuse-und-rattenfalle-starker-kleber-10-stueck\\\/\",\"name\":\"M\u00e4use- und Rattenfalle starker Kleber - 10 St\u00fcck - Gardeners Friend\",\"isPartOf\":{\"@id\":\"https:\\\/\\\/gardenersfriend.eu\\\/de\\\/#website\"},\"primaryImageOfPage\":{\"@id\":\"https:\\\/\\\/gardenersfriend.eu\\\/de\\\/produkt\\\/maeuse-und-rattenfalle-starker-kleber-10-stueck\\\/#primaryimage\"},\"image\":{\"@id\":\"https:\\\/\\\/gardenersfriend.eu\\\/de\\\/produkt\\\/maeuse-und-rattenfalle-starker-kleber-10-stueck\\\/#primaryimage\"},\"thumbnailUrl\":\"https:\\\/\\\/gardenersfriend.eu\\\/wp-content\\\/uploads\\\/2026\\\/02\\\/MouseAndRatTrapGlue1.jpg\",\"datePublished\":\"2026-02-19T03:57:39+00:00\",\"dateModified\":\"2026-04-15T03:37:12+00:00\",\"description\":\"M\u00e4use- und Rattenfalle Dreifache Menge an Klebstoff - 32g. Unsere Fallen fangen Nagetiere, keine Fliegen. Effektive und sichere Kontrolle von kleinen Nagetieren\",\"breadcrumb\":{\"@id\":\"https:\\\/\\\/gardenersfriend.eu\\\/de\\\/produkt\\\/maeuse-und-rattenfalle-starker-kleber-10-stueck\\\/#breadcrumb\"},\"inLanguage\":\"de\",\"potentialAction\":[{\"@type\":\"ReadAction\",\"target\":[\"https:\\\/\\\/gardenersfriend.eu\\\/de\\\/produkt\\\/maeuse-und-rattenfalle-starker-kleber-10-stueck\\\/\"]}]},{\"@type\":\"ImageObject\",\"inLanguage\":\"de\",\"@id\":\"https:\\\/\\\/gardenersfriend.eu\\\/de\\\/produkt\\\/maeuse-und-rattenfalle-starker-kleber-10-stueck\\\/#primaryimage\",\"url\":\"https:\\\/\\\/gardenersfriend.eu\\\/wp-content\\\/uploads\\\/2026\\\/02\\\/MouseAndRatTrapGlue1.jpg\",\"contentUrl\":\"https:\\\/\\\/gardenersfriend.eu\\\/wp-content\\\/uploads\\\/2026\\\/02\\\/MouseAndRatTrapGlue1.jpg\",\"width\":993,\"height\":997,\"caption\":\"Maus und Rattenfalle Kleber\"},{\"@type\":\"BreadcrumbList\",\"@id\":\"https:\\\/\\\/gardenersfriend.eu\\\/de\\\/produkt\\\/maeuse-und-rattenfalle-starker-kleber-10-stueck\\\/#breadcrumb\",\"itemListElement\":[{\"@type\":\"ListItem\",\"position\":1,\"name\":\"Strona g\u0142\u00f3wna\",\"item\":\"https:\\\/\\\/gardenersfriend.eu\\\/de\\\/\"},{\"@type\":\"ListItem\",\"position\":2,\"name\":\"Shop\",\"item\":\"https:\\\/\\\/gardenersfriend.eu\\\/de\\\/shop\\\/\"},{\"@type\":\"ListItem\",\"position\":3,\"name\":\"M\u00e4use- und Rattenfalle starker Kleber &#8211; 10 St\u00fcck\"}]},{\"@type\":\"WebSite\",\"@id\":\"https:\\\/\\\/gardenersfriend.eu\\\/de\\\/#website\",\"url\":\"https:\\\/\\\/gardenersfriend.eu\\\/de\\\/\",\"name\":\"Gardeners Friend\",\"description\":\"herbicides, fertilisers, roundup\",\"publisher\":{\"@id\":\"https:\\\/\\\/gardenersfriend.eu\\\/de\\\/#organization\"},\"potentialAction\":[{\"@type\":\"SearchAction\",\"target\":{\"@type\":\"EntryPoint\",\"urlTemplate\":\"https:\\\/\\\/gardenersfriend.eu\\\/de\\\/?s={search_term_string}\"},\"query-input\":{\"@type\":\"PropertyValueSpecification\",\"valueRequired\":true,\"valueName\":\"search_term_string\"}}],\"inLanguage\":\"de\"},{\"@type\":\"Organization\",\"@id\":\"https:\\\/\\\/gardenersfriend.eu\\\/de\\\/#organization\",\"name\":\"Gardeners Friend\",\"url\":\"https:\\\/\\\/gardenersfriend.eu\\\/de\\\/\",\"logo\":{\"@type\":\"ImageObject\",\"inLanguage\":\"de\",\"@id\":\"https:\\\/\\\/gardenersfriend.eu\\\/de\\\/#\\\/schema\\\/logo\\\/image\\\/\",\"url\":\"https:\\\/\\\/gardenersfriend.eu\\\/wp-content\\\/uploads\\\/2025\\\/09\\\/gf_accepted_big_logo.png\",\"contentUrl\":\"https:\\\/\\\/gardenersfriend.eu\\\/wp-content\\\/uploads\\\/2025\\\/09\\\/gf_accepted_big_logo.png\",\"width\":2000,\"height\":1000,\"caption\":\"Gardeners Friend\"},\"image\":{\"@id\":\"https:\\\/\\\/gardenersfriend.eu\\\/de\\\/#\\\/schema\\\/logo\\\/image\\\/\"},\"sameAs\":[\"https:\\\/\\\/www.facebook.com\\\/people\\\/Gardeners-Friend-Store\\\/61566268054378\\\/\",\"https:\\\/\\\/www.instagram.com\\\/gardeners_friend_store\\\/\"]}]}<\/script>\n<!-- \/ Yoast SEO plugin. -->","yoast_head_json":{"title":"M\u00e4use- und Rattenfalle starker Kleber - 10 St\u00fcck - Gardeners Friend","description":"M\u00e4use- und Rattenfalle Dreifache Menge an Klebstoff - 32g. Unsere Fallen fangen Nagetiere, keine Fliegen. Effektive und sichere Kontrolle von kleinen Nagetieren","robots":{"index":"index","follow":"follow","max-snippet":"max-snippet:-1","max-image-preview":"max-image-preview:large","max-video-preview":"max-video-preview:-1"},"canonical":"https:\/\/gardenersfriend.eu\/de\/produkt\/maeuse-und-rattenfalle-starker-kleber-10-stueck\/","og_locale":"de_DE","og_type":"article","og_title":"M\u00e4use- und Rattenfalle starker Kleber - 10 St\u00fcck - Gardeners Friend","og_description":"M\u00e4use- und Rattenfalle Dreifache Menge an Klebstoff - 32g. Unsere Fallen fangen Nagetiere, keine Fliegen. Effektive und sichere Kontrolle von kleinen Nagetieren","og_url":"https:\/\/gardenersfriend.eu\/de\/produkt\/maeuse-und-rattenfalle-starker-kleber-10-stueck\/","og_site_name":"Gardeners Friend","article_publisher":"https:\/\/www.facebook.com\/people\/Gardeners-Friend-Store\/61566268054378\/","article_modified_time":"2026-04-15T03:37:12+00:00","og_image":[{"width":993,"height":997,"url":"https:\/\/gardenersfriend.eu\/wp-content\/uploads\/2026\/02\/MouseAndRatTrapGlue1.jpg","type":"image\/jpeg"}],"twitter_card":"summary_large_image","twitter_misc":{"Gesch\u00e4tzte Lesezeit":"2\u00a0Minuten"},"schema":{"@context":"https:\/\/schema.org","@graph":[{"@type":"WebPage","@id":"https:\/\/gardenersfriend.eu\/de\/produkt\/maeuse-und-rattenfalle-starker-kleber-10-stueck\/","url":"https:\/\/gardenersfriend.eu\/de\/produkt\/maeuse-und-rattenfalle-starker-kleber-10-stueck\/","name":"M\u00e4use- und Rattenfalle starker Kleber - 10 St\u00fcck - Gardeners Friend","isPartOf":{"@id":"https:\/\/gardenersfriend.eu\/de\/#website"},"primaryImageOfPage":{"@id":"https:\/\/gardenersfriend.eu\/de\/produkt\/maeuse-und-rattenfalle-starker-kleber-10-stueck\/#primaryimage"},"image":{"@id":"https:\/\/gardenersfriend.eu\/de\/produkt\/maeuse-und-rattenfalle-starker-kleber-10-stueck\/#primaryimage"},"thumbnailUrl":"https:\/\/gardenersfriend.eu\/wp-content\/uploads\/2026\/02\/MouseAndRatTrapGlue1.jpg","datePublished":"2026-02-19T03:57:39+00:00","dateModified":"2026-04-15T03:37:12+00:00","description":"M\u00e4use- und Rattenfalle Dreifache Menge an Klebstoff - 32g. Unsere Fallen fangen Nagetiere, keine Fliegen. Effektive und sichere Kontrolle von kleinen Nagetieren","breadcrumb":{"@id":"https:\/\/gardenersfriend.eu\/de\/produkt\/maeuse-und-rattenfalle-starker-kleber-10-stueck\/#breadcrumb"},"inLanguage":"de","potentialAction":[{"@type":"ReadAction","target":["https:\/\/gardenersfriend.eu\/de\/produkt\/maeuse-und-rattenfalle-starker-kleber-10-stueck\/"]}]},{"@type":"ImageObject","inLanguage":"de","@id":"https:\/\/gardenersfriend.eu\/de\/produkt\/maeuse-und-rattenfalle-starker-kleber-10-stueck\/#primaryimage","url":"https:\/\/gardenersfriend.eu\/wp-content\/uploads\/2026\/02\/MouseAndRatTrapGlue1.jpg","contentUrl":"https:\/\/gardenersfriend.eu\/wp-content\/uploads\/2026\/02\/MouseAndRatTrapGlue1.jpg","width":993,"height":997,"caption":"Maus und Rattenfalle Kleber"},{"@type":"BreadcrumbList","@id":"https:\/\/gardenersfriend.eu\/de\/produkt\/maeuse-und-rattenfalle-starker-kleber-10-stueck\/#breadcrumb","itemListElement":[{"@type":"ListItem","position":1,"name":"Strona g\u0142\u00f3wna","item":"https:\/\/gardenersfriend.eu\/de\/"},{"@type":"ListItem","position":2,"name":"Shop","item":"https:\/\/gardenersfriend.eu\/de\/shop\/"},{"@type":"ListItem","position":3,"name":"M\u00e4use- und Rattenfalle starker Kleber &#8211; 10 St\u00fcck"}]},{"@type":"WebSite","@id":"https:\/\/gardenersfriend.eu\/de\/#website","url":"https:\/\/gardenersfriend.eu\/de\/","name":"Gardeners Friend","description":"herbicides, fertilisers, roundup","publisher":{"@id":"https:\/\/gardenersfriend.eu\/de\/#organization"},"potentialAction":[{"@type":"SearchAction","target":{"@type":"EntryPoint","urlTemplate":"https:\/\/gardenersfriend.eu\/de\/?s={search_term_string}"},"query-input":{"@type":"PropertyValueSpecification","valueRequired":true,"valueName":"search_term_string"}}],"inLanguage":"de"},{"@type":"Organization","@id":"https:\/\/gardenersfriend.eu\/de\/#organization","name":"Gardeners Friend","url":"https:\/\/gardenersfriend.eu\/de\/","logo":{"@type":"ImageObject","inLanguage":"de","@id":"https:\/\/gardenersfriend.eu\/de\/#\/schema\/logo\/image\/","url":"https:\/\/gardenersfriend.eu\/wp-content\/uploads\/2025\/09\/gf_accepted_big_logo.png","contentUrl":"https:\/\/gardenersfriend.eu\/wp-content\/uploads\/2025\/09\/gf_accepted_big_logo.png","width":2000,"height":1000,"caption":"Gardeners Friend"},"image":{"@id":"https:\/\/gardenersfriend.eu\/de\/#\/schema\/logo\/image\/"},"sameAs":["https:\/\/www.facebook.com\/people\/Gardeners-Friend-Store\/61566268054378\/","https:\/\/www.instagram.com\/gardeners_friend_store\/"]}]}},"uagb_featured_image_src":{"full":["https:\/\/gardenersfriend.eu\/wp-content\/uploads\/2026\/02\/MouseAndRatTrapGlue1.jpg",993,997,false],"thumbnail":["https:\/\/gardenersfriend.eu\/wp-content\/uploads\/2026\/02\/MouseAndRatTrapGlue1-150x150.jpg",150,150,true],"medium":["https:\/\/gardenersfriend.eu\/wp-content\/uploads\/2026\/02\/MouseAndRatTrapGlue1-300x300.jpg",300,300,true],"medium_large":["https:\/\/gardenersfriend.eu\/wp-content\/uploads\/2026\/02\/MouseAndRatTrapGlue1-768x771.jpg",768,771,true],"large":["https:\/\/gardenersfriend.eu\/wp-content\/uploads\/2026\/02\/MouseAndRatTrapGlue1.jpg",993,997,false],"1536x1536":["https:\/\/gardenersfriend.eu\/wp-content\/uploads\/2026\/02\/MouseAndRatTrapGlue1.jpg",993,997,false],"2048x2048":["https:\/\/gardenersfriend.eu\/wp-content\/uploads\/2026\/02\/MouseAndRatTrapGlue1.jpg",993,997,false],"woocommerce_thumbnail":["https:\/\/gardenersfriend.eu\/wp-content\/uploads\/2026\/02\/MouseAndRatTrapGlue1-300x300.jpg",300,300,true],"woocommerce_single":["https:\/\/gardenersfriend.eu\/wp-content\/uploads\/2026\/02\/MouseAndRatTrapGlue1-600x602.jpg",600,602,true],"woocommerce_gallery_thumbnail":["https:\/\/gardenersfriend.eu\/wp-content\/uploads\/2026\/02\/MouseAndRatTrapGlue1-100x100.jpg",100,100,true]},"uagb_author_info":{"display_name":"admin","author_link":"https:\/\/gardenersfriend.eu\/de\/author\/"},"uagb_comment_info":0,"uagb_excerpt":"M\u00e4use- und Rattenfalle Dreifache Menge an Klebstoff - 32g. Unsere Fallen fangen Nagetiere, keine Fliegen. Effektive und sichere Kontrolle von kleinen Nagetieren","jetpack_sharing_enabled":true,"_links":{"self":[{"href":"https:\/\/gardenersfriend.eu\/de\/wp-json\/wp\/v2\/product\/8833","targetHints":{"allow":["GET"]}}],"collection":[{"href":"https:\/\/gardenersfriend.eu\/de\/wp-json\/wp\/v2\/product"}],"about":[{"href":"https:\/\/gardenersfriend.eu\/de\/wp-json\/wp\/v2\/types\/product"}],"replies":[{"embeddable":true,"href":"https:\/\/gardenersfriend.eu\/de\/wp-json\/wp\/v2\/comments?post=8833"}],"wp:featuredmedia":[{"embeddable":true,"href":"https:\/\/gardenersfriend.eu\/de\/wp-json\/wp\/v2\/media\/8806"}],"wp:attachment":[{"href":"https:\/\/gardenersfriend.eu\/de\/wp-json\/wp\/v2\/media?parent=8833"}],"wp:term":[{"taxonomy":"product_brand","embeddable":true,"href":"https:\/\/gardenersfriend.eu\/de\/wp-json\/wp\/v2\/product_brand?post=8833"},{"taxonomy":"product_cat","embeddable":true,"href":"https:\/\/gardenersfriend.eu\/de\/wp-json\/wp\/v2\/product_cat?post=8833"},{"taxonomy":"product_tag","embeddable":true,"href":"https:\/\/gardenersfriend.eu\/de\/wp-json\/wp\/v2\/product_tag?post=8833"}],"curies":[{"name":"wp","href":"https:\/\/api.w.org\/{rel}","templated":true}]}}