{"id":2269,"date":"2024-09-17T19:31:14","date_gmt":"2024-09-17T17:31:14","guid":{"rendered":"https:\/\/gardenersfriend.eu\/a-propos-de-nous\/"},"modified":"2025-02-18T05:13:46","modified_gmt":"2025-02-18T04:13:46","slug":"a-propos-de-nous","status":"publish","type":"page","link":"https:\/\/gardenersfriend.eu\/fr\/a-propos-de-nous\/","title":{"rendered":"A propos de nous"},"content":{"rendered":"\n<div class=\"wp-block-uagb-container uagb-block-c69ea5a4 alignfull uagb-is-root-container\"><div class=\"uagb-container-inner-blocks-wrap\">\n<h2 class=\"wp-block-heading has-text-align-center\">\n          <strong>A propos de nous<\/strong>\n        <\/h2>\n<\/div><\/div>\n\n<div class=\"wp-block-uagb-container uagb-block-569d153c alignfull uagb-is-root-container\"><div class=\"uagb-container-inner-blocks-wrap\">\n<div class=\"wp-block-uagb-container uagb-layout-grid uagb-block-08bcd5b3 alignfull uagb-is-root-container\"><div class=\"uagb-container-inner-blocks-wrap\">\n          \n\n          <div class=\"wp-block-uagb-image alignleft uagb-block-85bc0136 wp-block-uagb-image--layout-default wp-block-uagb-image--effect-static wp-block-uagb-image--align-left\">\n            <figure class=\"wp-block-uagb-image__figure\">\n              <img decoding=\"async\" srcset=\"https:\/\/gardenersfriend.eu\/wp-content\/uploads\/2022\/02\/unique-image.jpg ,https:\/\/gardenersfriend.eu\/wp-content\/uploads\/2022\/02\/unique-image.jpg 780w\" sizes=\"auto, (max-width: 480px) 150px\" src=\"https:\/\/gardenersfriend.eu\/wp-content\/uploads\/2022\/02\/unique-image.jpg\" alt=\"\" class=\"uag-image-137\" width=\"486\" height=\"497\" title=\"\" loading=\"lazy\" role=\"img\">\n            <\/figure>\n          <\/div>\n          \n\n        \n\n\n\n<div class=\"wp-block-uagb-info-box uagb-block-229f40af uagb-infobox__content-wrap  uagb-infobox-icon-above-title uagb-infobox-image-valign-top\"><div class=\"uagb-ifb-content\"><div class=\"uagb-ifb-title-wrap\"><h2 class=\"uagb-ifb-title\">Qui sommes-nous ?<\/h2><\/div><p class=\"uagb-ifb-desc\">Un peu d&rsquo;information sur nous. Nous sommes une entreprise fond\u00e9e en 2023 en Pologne qui vend tout ce qui est n\u00e9cessaire au jardin. Nous sommes uniquement un magasin en ligne. Nous ne vendons que des produits de grande valeur dont nous assumons l&rsquo;enti\u00e8re responsabilit\u00e9. Nos clients re\u00e7oivent toujours une livraison express gratuite et leurs achats sont prot\u00e9g\u00e9s par des processeurs de paiement tels que Paypal et Stipe etc. Nous sommes heureux de parler \u00e0 chaque client et la fa\u00e7on de nous contacter est d\u00e9crite dans l&rsquo;onglet \u00ab\u00a0Contact\u00a0\u00bb. Toutes nos politiques sont publiques et les liens vers celles-ci se trouvent dans le pied de page.      <\/p><\/div><\/div>\n<\/div><\/div>\n\n\n\n<div class=\"wp-block-uagb-container uagb-layout-flex uagb-block-9d5f4720 alignfull uagb-is-root-container\"><div class=\"uagb-container-inner-blocks-wrap\">\n<div class=\"wp-block-uagb-container uagb-block-4cd0912d\">\n<div class=\"wp-block-uagb-info-box uagb-block-e5a06a9b uagb-infobox__content-wrap  uagb-infobox-icon-above-title uagb-infobox-image-valign-top\"><div class=\"uagb-ifb-content\"><div class=\"uagb-ifb-title-wrap\"><h2 class=\"uagb-ifb-title\">Notre mission<\/h2><\/div><p class=\"uagb-ifb-desc\">Nous voulons livrer des produits de grande valeur \u00e0 nos clients de toute l&rsquo;Europe dans les plus brefs d\u00e9lais. Et les bonnes opinions sur nos services sont une motivation pour nous d\u00e9velopper. <\/p><\/div><\/div>\n<\/div>\n\n\n\n          \n\n          <div class=\"wp-block-uagb-image alignright uagb-block-9dc3bcaa wp-block-uagb-image--layout-default wp-block-uagb-image--effect-static wp-block-uagb-image--align-right\">\n            <figure class=\"wp-block-uagb-image__figure\">\n              <img decoding=\"async\" srcset=\"https:\/\/gardenersfriend.eu\/wp-content\/uploads\/2022\/02\/outdoor-bg.jpg ,https:\/\/gardenersfriend.eu\/wp-content\/uploads\/2022\/02\/outdoor-bg.jpg 780w, https:\/\/gardenersfriend.eu\/wp-content\/uploads\/2022\/02\/outdoor-bg.jpg 360w\" sizes=\"auto, (max-width: 480px) 150px\" src=\"https:\/\/gardenersfriend.eu\/wp-content\/uploads\/2022\/02\/outdoor-bg.jpg\" alt=\"\" class=\"uag-image-78\" width=\"486\" height=\"497\" title=\"ext\u00e9rieur-bg\" loading=\"lazy\" role=\"img\">\n            <\/figure>\n          <\/div>\n          \n\n        \n<\/div><\/div>\n<\/div><\/div>\n\n<div class=\"wp-block-uagb-container uagb-layout-grid uagb-block-b1581bca alignfull uagb-is-root-container\"><div class=\"uagb-container-inner-blocks-wrap\">\n          \n\n          <div class=\"wp-block-uagb-image uagb-block-263bd894 wp-block-uagb-image--layout-default wp-block-uagb-image--effect-static wp-block-uagb-image--align-none\">\n            <figure class=\"wp-block-uagb-image__figure\">\n              <img decoding=\"async\" srcset=\"https:\/\/gardenersfriend.eu\/wp-content\/uploads\/2024\/09\/DSCF8578-kopia-783x1024.jpg ,https:\/\/gardenersfriend.eu\/wp-content\/uploads\/2024\/09\/DSCF8578-kopia-scaled.jpg 780w, https:\/\/gardenersfriend.eu\/wp-content\/uploads\/2024\/09\/DSCF8578-kopia-scaled.jpg 360w\" sizes=\"auto, (max-width: 480px) 150px\" src=\"https:\/\/gardenersfriend.eu\/wp-content\/uploads\/2024\/09\/DSCF8578-kopia-783x1024.jpg\" alt=\"\" class=\"uag-image-1564\" width=\"534\" height=\"673\" title=\"DSCF8578 kopia\" loading=\"lazy\" role=\"img\">\n            <\/figure>\n          <\/div>\n          \n\n        \n\n\n\n<div class=\"wp-block-uagb-container uagb-block-e0f446b1\">\n<div class=\"wp-block-uagb-info-box uagb-block-72064f7b uagb-infobox__content-wrap  uagb-infobox-icon-above-title uagb-infobox-image-valign-top\"><div class=\"uagb-ifb-content\"><div class=\"uagb-ifb-title-wrap\"><span class=\"uagb-ifb-title-prefix\">Fondateur<\/span><h2 class=\"uagb-ifb-title\">Marek Cejrowski<\/h2><\/div><\/div><\/div>\n<\/div>\n<\/div><\/div>\n\n<div class=\"wp-block-uagb-container uagb-block-1fc74e82 alignfull uagb-is-root-container\">\n<div class=\"wp-block-uagb-info-box uagb-block-6f4011ff uagb-infobox__content-wrap  uagb-infobox-icon-above-title uagb-infobox-image-valign-top\"><div class=\"uagb-ifb-content\"><div class=\"uagb-ifb-icon-wrap\"><svg xmlns=\"https:\/\/www.w3.org\/2000\/svg\" viewbox=\"0 0 448 512\"><path d=\"M224.1 141c-63.6 0-114.9 51.3-114.9 114.9s51.3 114.9 114.9 114.9S339 319.5 339 255.9 287.7 141 224.1 141zm0 189.6c-41.1 0-74.7-33.5-74.7-74.7s33.5-74.7 74.7-74.7 74.7 33.5 74.7 74.7-33.6 74.7-74.7 74.7zm146.4-194.3c0 14.9-12 26.8-26.8 26.8-14.9 0-26.8-12-26.8-26.8s12-26.8 26.8-26.8 26.8 12 26.8 26.8zm76.1 27.2c-1.7-35.9-9.9-67.7-36.2-93.9-26.2-26.2-58-34.4-93.9-36.2-37-2.1-147.9-2.1-184.9 0-35.8 1.7-67.6 9.9-93.9 36.1s-34.4 58-36.2 93.9c-2.1 37-2.1 147.9 0 184.9 1.7 35.9 9.9 67.7 36.2 93.9s58 34.4 93.9 36.2c37 2.1 147.9 2.1 184.9 0 35.9-1.7 67.7-9.9 93.9-36.2 26.2-26.2 34.4-58 36.2-93.9 2.1-37 2.1-147.8 0-184.8zM398.8 388c-7.8 19.6-22.9 34.7-42.6 42.6-29.5 11.7-99.5 9-132.1 9s-102.7 2.6-132.1-9c-19.6-7.8-34.7-22.9-42.6-42.6-11.7-29.5-9-99.5-9-132.1s-2.6-102.7 9-132.1c7.8-19.6 22.9-34.7 42.6-42.6 29.5-11.7 99.5-9 132.1-9s102.7-2.6 132.1 9c19.6 7.8 34.7 22.9 42.6 42.6 11.7 29.5 9 99.5 9 132.1s2.7 102.7-9 132.1z\"><\/path><\/svg><\/div><div class=\"uagb-ifb-title-wrap\"><h3 class=\"uagb-ifb-title\">Suivez <a href=\"https:\/\/www.instagram.com\/gardeners_friend_store\" data-type=\"link\" data-id=\"https:\/\/www.instagram.com\/gardeners_friend_store\">Gardeners Friend<\/a><\/h3><\/div><\/div><\/div>\n\n\n\n          \n\n          <div class=\"wp-block-uagb-image uagb-block-cb4ed534 wp-block-uagb-image--layout-default wp-block-uagb-image--effect-static wp-block-uagb-image--align-none\">\n            <figure class=\"wp-block-uagb-image__figure\">\n              <img decoding=\"async\" srcset=\"https:\/\/gardenersfriend.eu\/wp-content\/uploads\/2022\/02\/instafeed-image.jpg\n \" sizes=\"auto, (max-width: 480px) 150px\" src=\"https:\/\/gardenersfriend.eu\/wp-content\/uploads\/2022\/02\/instafeed-image.jpg\" alt=\"\" class=\"uag-image-147\" width=\"1920\" height=\"384\" title=\"\" loading=\"lazy\" role=\"img\">\n            <\/figure>\n          <\/div>\n          \n\n        \n<\/div>\n\n<p><\/p>\n","protected":false},"excerpt":{"rendered":"<p>A propos de nous<\/p>\n","protected":false},"author":1,"featured_media":0,"parent":0,"menu_order":0,"comment_status":"closed","ping_status":"closed","template":"","meta":{"_uag_custom_page_level_css":"","site-sidebar-layout":"no-sidebar","site-content-layout":"plain-container","ast-site-content-layout":"normal-width-container","site-content-style":"unboxed","site-sidebar-style":"unboxed","ast-global-header-display":"","ast-banner-title-visibility":"","ast-main-header-display":"","ast-hfb-above-header-display":"","ast-hfb-below-header-display":"","ast-hfb-mobile-header-display":"","site-post-title":"disabled","ast-breadcrumbs-content":"","ast-featured-img":"disabled","footer-sml-layout":"","ast-disable-related-posts":"","theme-transparent-header-meta":"default","adv-header-id-meta":"","stick-header-meta":"","header-above-stick-meta":"","header-main-stick-meta":"","header-below-stick-meta":"","astra-migrate-meta-layouts":"set","ast-page-background-enabled":"default","ast-page-background-meta":{"desktop":{"background-color":"var(--ast-global-color-4)","background-image":"","background-repeat":"repeat","background-position":"center center","background-size":"auto","background-attachment":"scroll","background-type":"","background-media":"","overlay-type":"","overlay-color":"","overlay-opacity":"","overlay-gradient":""},"tablet":{"background-color":"","background-image":"","background-repeat":"repeat","background-position":"center center","background-size":"auto","background-attachment":"scroll","background-type":"","background-media":"","overlay-type":"","overlay-color":"","overlay-opacity":"","overlay-gradient":""},"mobile":{"background-color":"","background-image":"","background-repeat":"repeat","background-position":"center center","background-size":"auto","background-attachment":"scroll","background-type":"","background-media":"","overlay-type":"","overlay-color":"","overlay-opacity":"","overlay-gradient":""}},"ast-content-background-meta":{"desktop":{"background-color":"var(--ast-global-color-5)","background-image":"","background-repeat":"repeat","background-position":"center center","background-size":"auto","background-attachment":"scroll","background-type":"","background-media":"","overlay-type":"","overlay-color":"","overlay-opacity":"","overlay-gradient":""},"tablet":{"background-color":"var(--ast-global-color-5)","background-image":"","background-repeat":"repeat","background-position":"center center","background-size":"auto","background-attachment":"scroll","background-type":"","background-media":"","overlay-type":"","overlay-color":"","overlay-opacity":"","overlay-gradient":""},"mobile":{"background-color":"var(--ast-global-color-5)","background-image":"","background-repeat":"repeat","background-position":"center center","background-size":"auto","background-attachment":"scroll","background-type":"","background-media":"","overlay-type":"","overlay-color":"","overlay-opacity":"","overlay-gradient":""}},"footnotes":""},"class_list":["post-2269","page","type-page","status-publish","hentry"],"yoast_head":"<!-- This site is optimized with the Yoast SEO plugin v27.4 - https:\/\/yoast.com\/product\/yoast-seo-wordpress\/ -->\n<title>A propos de nous - Gardeners Friend<\/title>\n<meta name=\"description\" content=\"Cette page d\u00e9crit tout ce qui nous concerne et qui nous sommes. Vous pouvez d\u00e9couvrir qui nous sommes et pourquoi nous voulons travailler pour vous.\" \/>\n<meta name=\"robots\" content=\"index, follow, max-snippet:-1, max-image-preview:large, max-video-preview:-1\" \/>\n<link rel=\"canonical\" href=\"https:\/\/gardenersfriend.eu\/fr\/a-propos-de-nous\/\" \/>\n<meta property=\"og:locale\" content=\"fr_FR\" \/>\n<meta property=\"og:type\" content=\"article\" \/>\n<meta property=\"og:title\" content=\"A propos de nous - Gardeners Friend\" \/>\n<meta property=\"og:description\" content=\"Cette page d\u00e9crit tout ce qui nous concerne et qui nous sommes. Vous pouvez d\u00e9couvrir qui nous sommes et pourquoi nous voulons travailler pour vous.\" \/>\n<meta property=\"og:url\" content=\"https:\/\/gardenersfriend.eu\/fr\/a-propos-de-nous\/\" \/>\n<meta property=\"og:site_name\" content=\"Gardeners Friend\" \/>\n<meta property=\"article:publisher\" content=\"https:\/\/www.facebook.com\/people\/Gardeners-Friend-Store\/61566268054378\/\" \/>\n<meta property=\"article:modified_time\" content=\"2025-02-18T04:13:46+00:00\" \/>\n<meta property=\"og:image\" content=\"http:\/\/gardenersfriend.eu\/wp-content\/uploads\/2022\/02\/unique-image.jpg\" \/>\n<meta name=\"twitter:card\" content=\"summary_large_image\" \/>\n<meta name=\"twitter:label1\" content=\"Dur\u00e9e de lecture estim\u00e9e\" \/>\n\t<meta name=\"twitter:data1\" content=\"1 minute\" \/>\n<script type=\"application\/ld+json\" class=\"yoast-schema-graph\">{\"@context\":\"https:\\\/\\\/schema.org\",\"@graph\":[{\"@type\":\"WebPage\",\"@id\":\"https:\\\/\\\/gardenersfriend.eu\\\/fr\\\/a-propos-de-nous\\\/\",\"url\":\"https:\\\/\\\/gardenersfriend.eu\\\/fr\\\/a-propos-de-nous\\\/\",\"name\":\"A propos de nous - Gardeners Friend\",\"isPartOf\":{\"@id\":\"https:\\\/\\\/gardenersfriend.eu\\\/fr\\\/#website\"},\"primaryImageOfPage\":{\"@id\":\"https:\\\/\\\/gardenersfriend.eu\\\/fr\\\/a-propos-de-nous\\\/#primaryimage\"},\"image\":{\"@id\":\"https:\\\/\\\/gardenersfriend.eu\\\/fr\\\/a-propos-de-nous\\\/#primaryimage\"},\"thumbnailUrl\":\"http:\\\/\\\/gardenersfriend.eu\\\/wp-content\\\/uploads\\\/2022\\\/02\\\/unique-image.jpg\",\"datePublished\":\"2024-09-17T17:31:14+00:00\",\"dateModified\":\"2025-02-18T04:13:46+00:00\",\"description\":\"Cette page d\u00e9crit tout ce qui nous concerne et qui nous sommes. Vous pouvez d\u00e9couvrir qui nous sommes et pourquoi nous voulons travailler pour vous.\",\"breadcrumb\":{\"@id\":\"https:\\\/\\\/gardenersfriend.eu\\\/fr\\\/a-propos-de-nous\\\/#breadcrumb\"},\"inLanguage\":\"fr-FR\",\"potentialAction\":[{\"@type\":\"ReadAction\",\"target\":[\"https:\\\/\\\/gardenersfriend.eu\\\/fr\\\/a-propos-de-nous\\\/\"]}]},{\"@type\":\"ImageObject\",\"inLanguage\":\"fr-FR\",\"@id\":\"https:\\\/\\\/gardenersfriend.eu\\\/fr\\\/a-propos-de-nous\\\/#primaryimage\",\"url\":\"http:\\\/\\\/gardenersfriend.eu\\\/wp-content\\\/uploads\\\/2022\\\/02\\\/unique-image.jpg\",\"contentUrl\":\"http:\\\/\\\/gardenersfriend.eu\\\/wp-content\\\/uploads\\\/2022\\\/02\\\/unique-image.jpg\"},{\"@type\":\"BreadcrumbList\",\"@id\":\"https:\\\/\\\/gardenersfriend.eu\\\/fr\\\/a-propos-de-nous\\\/#breadcrumb\",\"itemListElement\":[{\"@type\":\"ListItem\",\"position\":1,\"name\":\"Strona g\u0142\u00f3wna\",\"item\":\"https:\\\/\\\/gardenersfriend.eu\\\/fr\\\/\"},{\"@type\":\"ListItem\",\"position\":2,\"name\":\"A propos de nous\"}]},{\"@type\":\"WebSite\",\"@id\":\"https:\\\/\\\/gardenersfriend.eu\\\/fr\\\/#website\",\"url\":\"https:\\\/\\\/gardenersfriend.eu\\\/fr\\\/\",\"name\":\"Gardeners Friend\",\"description\":\"herbicides, fertilisers, roundup\",\"publisher\":{\"@id\":\"https:\\\/\\\/gardenersfriend.eu\\\/fr\\\/#organization\"},\"potentialAction\":[{\"@type\":\"SearchAction\",\"target\":{\"@type\":\"EntryPoint\",\"urlTemplate\":\"https:\\\/\\\/gardenersfriend.eu\\\/fr\\\/?s={search_term_string}\"},\"query-input\":{\"@type\":\"PropertyValueSpecification\",\"valueRequired\":true,\"valueName\":\"search_term_string\"}}],\"inLanguage\":\"fr-FR\"},{\"@type\":\"Organization\",\"@id\":\"https:\\\/\\\/gardenersfriend.eu\\\/fr\\\/#organization\",\"name\":\"Gardeners Friend\",\"url\":\"https:\\\/\\\/gardenersfriend.eu\\\/fr\\\/\",\"logo\":{\"@type\":\"ImageObject\",\"inLanguage\":\"fr-FR\",\"@id\":\"https:\\\/\\\/gardenersfriend.eu\\\/fr\\\/#\\\/schema\\\/logo\\\/image\\\/\",\"url\":\"https:\\\/\\\/gardenersfriend.eu\\\/wp-content\\\/uploads\\\/2025\\\/09\\\/gf_accepted_big_logo.png\",\"contentUrl\":\"https:\\\/\\\/gardenersfriend.eu\\\/wp-content\\\/uploads\\\/2025\\\/09\\\/gf_accepted_big_logo.png\",\"width\":2000,\"height\":1000,\"caption\":\"Gardeners Friend\"},\"image\":{\"@id\":\"https:\\\/\\\/gardenersfriend.eu\\\/fr\\\/#\\\/schema\\\/logo\\\/image\\\/\"},\"sameAs\":[\"https:\\\/\\\/www.facebook.com\\\/people\\\/Gardeners-Friend-Store\\\/61566268054378\\\/\",\"https:\\\/\\\/www.instagram.com\\\/gardeners_friend_store\\\/\"]}]}<\/script>\n<!-- \/ Yoast SEO plugin. -->","yoast_head_json":{"title":"A propos de nous - Gardeners Friend","description":"Cette page d\u00e9crit tout ce qui nous concerne et qui nous sommes. Vous pouvez d\u00e9couvrir qui nous sommes et pourquoi nous voulons travailler pour vous.","robots":{"index":"index","follow":"follow","max-snippet":"max-snippet:-1","max-image-preview":"max-image-preview:large","max-video-preview":"max-video-preview:-1"},"canonical":"https:\/\/gardenersfriend.eu\/fr\/a-propos-de-nous\/","og_locale":"fr_FR","og_type":"article","og_title":"A propos de nous - Gardeners Friend","og_description":"Cette page d\u00e9crit tout ce qui nous concerne et qui nous sommes. Vous pouvez d\u00e9couvrir qui nous sommes et pourquoi nous voulons travailler pour vous.","og_url":"https:\/\/gardenersfriend.eu\/fr\/a-propos-de-nous\/","og_site_name":"Gardeners Friend","article_publisher":"https:\/\/www.facebook.com\/people\/Gardeners-Friend-Store\/61566268054378\/","article_modified_time":"2025-02-18T04:13:46+00:00","og_image":[{"url":"http:\/\/gardenersfriend.eu\/wp-content\/uploads\/2022\/02\/unique-image.jpg","type":"","width":"","height":""}],"twitter_card":"summary_large_image","twitter_misc":{"Dur\u00e9e de lecture estim\u00e9e":"1 minute"},"schema":{"@context":"https:\/\/schema.org","@graph":[{"@type":"WebPage","@id":"https:\/\/gardenersfriend.eu\/fr\/a-propos-de-nous\/","url":"https:\/\/gardenersfriend.eu\/fr\/a-propos-de-nous\/","name":"A propos de nous - Gardeners Friend","isPartOf":{"@id":"https:\/\/gardenersfriend.eu\/fr\/#website"},"primaryImageOfPage":{"@id":"https:\/\/gardenersfriend.eu\/fr\/a-propos-de-nous\/#primaryimage"},"image":{"@id":"https:\/\/gardenersfriend.eu\/fr\/a-propos-de-nous\/#primaryimage"},"thumbnailUrl":"http:\/\/gardenersfriend.eu\/wp-content\/uploads\/2022\/02\/unique-image.jpg","datePublished":"2024-09-17T17:31:14+00:00","dateModified":"2025-02-18T04:13:46+00:00","description":"Cette page d\u00e9crit tout ce qui nous concerne et qui nous sommes. Vous pouvez d\u00e9couvrir qui nous sommes et pourquoi nous voulons travailler pour vous.","breadcrumb":{"@id":"https:\/\/gardenersfriend.eu\/fr\/a-propos-de-nous\/#breadcrumb"},"inLanguage":"fr-FR","potentialAction":[{"@type":"ReadAction","target":["https:\/\/gardenersfriend.eu\/fr\/a-propos-de-nous\/"]}]},{"@type":"ImageObject","inLanguage":"fr-FR","@id":"https:\/\/gardenersfriend.eu\/fr\/a-propos-de-nous\/#primaryimage","url":"http:\/\/gardenersfriend.eu\/wp-content\/uploads\/2022\/02\/unique-image.jpg","contentUrl":"http:\/\/gardenersfriend.eu\/wp-content\/uploads\/2022\/02\/unique-image.jpg"},{"@type":"BreadcrumbList","@id":"https:\/\/gardenersfriend.eu\/fr\/a-propos-de-nous\/#breadcrumb","itemListElement":[{"@type":"ListItem","position":1,"name":"Strona g\u0142\u00f3wna","item":"https:\/\/gardenersfriend.eu\/fr\/"},{"@type":"ListItem","position":2,"name":"A propos de nous"}]},{"@type":"WebSite","@id":"https:\/\/gardenersfriend.eu\/fr\/#website","url":"https:\/\/gardenersfriend.eu\/fr\/","name":"Gardeners Friend","description":"herbicides, fertilisers, roundup","publisher":{"@id":"https:\/\/gardenersfriend.eu\/fr\/#organization"},"potentialAction":[{"@type":"SearchAction","target":{"@type":"EntryPoint","urlTemplate":"https:\/\/gardenersfriend.eu\/fr\/?s={search_term_string}"},"query-input":{"@type":"PropertyValueSpecification","valueRequired":true,"valueName":"search_term_string"}}],"inLanguage":"fr-FR"},{"@type":"Organization","@id":"https:\/\/gardenersfriend.eu\/fr\/#organization","name":"Gardeners Friend","url":"https:\/\/gardenersfriend.eu\/fr\/","logo":{"@type":"ImageObject","inLanguage":"fr-FR","@id":"https:\/\/gardenersfriend.eu\/fr\/#\/schema\/logo\/image\/","url":"https:\/\/gardenersfriend.eu\/wp-content\/uploads\/2025\/09\/gf_accepted_big_logo.png","contentUrl":"https:\/\/gardenersfriend.eu\/wp-content\/uploads\/2025\/09\/gf_accepted_big_logo.png","width":2000,"height":1000,"caption":"Gardeners Friend"},"image":{"@id":"https:\/\/gardenersfriend.eu\/fr\/#\/schema\/logo\/image\/"},"sameAs":["https:\/\/www.facebook.com\/people\/Gardeners-Friend-Store\/61566268054378\/","https:\/\/www.instagram.com\/gardeners_friend_store\/"]}]}},"uagb_featured_image_src":{"full":false,"thumbnail":false,"medium":false,"medium_large":false,"large":false,"1536x1536":false,"2048x2048":false,"woocommerce_thumbnail":false,"woocommerce_single":false,"woocommerce_gallery_thumbnail":false},"uagb_author_info":{"display_name":"admin","author_link":"https:\/\/gardenersfriend.eu\/fr\/author\/admin\/"},"uagb_comment_info":0,"uagb_excerpt":"A propos de nous","jetpack_sharing_enabled":true,"_links":{"self":[{"href":"https:\/\/gardenersfriend.eu\/fr\/wp-json\/wp\/v2\/pages\/2269","targetHints":{"allow":["GET"]}}],"collection":[{"href":"https:\/\/gardenersfriend.eu\/fr\/wp-json\/wp\/v2\/pages"}],"about":[{"href":"https:\/\/gardenersfriend.eu\/fr\/wp-json\/wp\/v2\/types\/page"}],"author":[{"embeddable":true,"href":"https:\/\/gardenersfriend.eu\/fr\/wp-json\/wp\/v2\/users\/1"}],"replies":[{"embeddable":true,"href":"https:\/\/gardenersfriend.eu\/fr\/wp-json\/wp\/v2\/comments?post=2269"}],"version-history":[{"count":0,"href":"https:\/\/gardenersfriend.eu\/fr\/wp-json\/wp\/v2\/pages\/2269\/revisions"}],"wp:attachment":[{"href":"https:\/\/gardenersfriend.eu\/fr\/wp-json\/wp\/v2\/media?parent=2269"}],"curies":[{"name":"wp","href":"https:\/\/api.w.org\/{rel}","templated":true}]}}