{"id":2329,"date":"2024-09-18T02:13:52","date_gmt":"2024-09-18T00:13:52","guid":{"rendered":"https:\/\/gardenersfriend.eu\/politique-dexpedition\/"},"modified":"2025-08-21T16:09:38","modified_gmt":"2025-08-21T14:09:38","slug":"politique-dexpedition","status":"publish","type":"page","link":"https:\/\/gardenersfriend.eu\/fr\/politique-dexpedition\/","title":{"rendered":"Politique d&rsquo;exp\u00e9dition"},"content":{"rendered":"\n<h2 class=\"wp-block-heading has-text-align-center\">Politique d&rsquo;exp\u00e9dition<\/h2>\n\n<p>Nous vous remercions de votre visite et de vos achats sur gardenersfriend.eu Les conditions suivantes constituent notre politique d&rsquo;exp\u00e9dition.<\/p>\n\n<h4 class=\"wp-block-heading\"><strong>D\u00e9lai de traitement des envois<\/strong><\/h4>\n\n<p>Toutes les commandes sont trait\u00e9es dans un d\u00e9lai de 1 \u00e0 3 jours ouvrables. Les commandes ne sont ni exp\u00e9di\u00e9es ni livr\u00e9es le week-end ou les jours f\u00e9ri\u00e9s. En cas de forte affluence, les exp\u00e9ditions peuvent \u00eatre retard\u00e9es de quelques jours. Veuillez pr\u00e9voir un d\u00e9lai suppl\u00e9mentaire pour la livraison. En cas de retard important dans l&rsquo;exp\u00e9dition de votre commande, nous vous contacterons par courrier \u00e9lectronique.    <\/p>\n\n<h4 class=\"wp-block-heading\"><strong>Tarifs d&rsquo;exp\u00e9dition et estimations de livraison<\/strong><\/h4>\n\n<p>Nous exp\u00e9dions par GLS, occasionnellement par DPD et offrons la livraison gratuite.<br\/>Le d\u00e9lai de livraison estim\u00e9 est de 1 \u00e0 4 jours ouvrables. <br\/>Des retards de livraison peuvent parfois se produire.<\/p>\n\n<h4 class=\"wp-block-heading\"><strong>Confirmation de l&rsquo;envoi et suivi de la commande<\/strong><\/h4>\n\n<p>Une fois votre commande exp\u00e9di\u00e9e, vous recevrez un courriel de confirmation d&rsquo;exp\u00e9dition contenant votre (vos) num\u00e9ro(s) de suivi.  <\/p>\n\n<h4 class=\"wp-block-heading\"><strong>Dommages et int\u00e9r\u00eats<\/strong><\/h4>\n\n<p>gardenersfriend.eu n&rsquo;est pas responsable des produits endommag\u00e9s ou perdus pendant le transport. Si vous remarquez des damaes lors de la r\u00e9ception de la livraison, veuillez le signaler au livreur. Si vous avez re\u00e7u votre commande endommag\u00e9e, veuillez nous contacter par e-mail et d\u00e9crire la situation. Nous d\u00e9poserons une r\u00e9clamation aupr\u00e8s de la soci\u00e9t\u00e9 de transport.   <br\/><\/p>\n\n<p><\/p>\n","protected":false},"excerpt":{"rendered":"<p>Politique d&rsquo;exp\u00e9dition Nous vous remercions de votre visite et de vos achats sur gardenersfriend.eu Les conditions suivantes constituent notre politique d&rsquo;exp\u00e9dition. D\u00e9lai de traitement des envois Toutes les commandes sont trait\u00e9es dans un d\u00e9lai de 1 \u00e0 3 jours ouvrables. Les commandes ne sont ni exp\u00e9di\u00e9es ni livr\u00e9es le week-end ou les jours f\u00e9ri\u00e9s. En [&hellip;]<\/p>\n","protected":false},"author":1,"featured_media":0,"parent":0,"menu_order":0,"comment_status":"closed","ping_status":"closed","template":"","meta":{"_uag_custom_page_level_css":"","site-sidebar-layout":"default","site-content-layout":"","ast-site-content-layout":"default","site-content-style":"default","site-sidebar-style":"default","ast-global-header-display":"","ast-banner-title-visibility":"","ast-main-header-display":"","ast-hfb-above-header-display":"","ast-hfb-below-header-display":"","ast-hfb-mobile-header-display":"","site-post-title":"disabled","ast-breadcrumbs-content":"","ast-featured-img":"","footer-sml-layout":"","ast-disable-related-posts":"","theme-transparent-header-meta":"","adv-header-id-meta":"","stick-header-meta":"","header-above-stick-meta":"","header-main-stick-meta":"","header-below-stick-meta":"","astra-migrate-meta-layouts":"default","ast-page-background-enabled":"default","ast-page-background-meta":{"desktop":{"background-color":"var(--ast-global-color-4)","background-image":"","background-repeat":"repeat","background-position":"center center","background-size":"auto","background-attachment":"scroll","background-type":"","background-media":"","overlay-type":"","overlay-color":"","overlay-opacity":"","overlay-gradient":""},"tablet":{"background-color":"","background-image":"","background-repeat":"repeat","background-position":"center center","background-size":"auto","background-attachment":"scroll","background-type":"","background-media":"","overlay-type":"","overlay-color":"","overlay-opacity":"","overlay-gradient":""},"mobile":{"background-color":"","background-image":"","background-repeat":"repeat","background-position":"center center","background-size":"auto","background-attachment":"scroll","background-type":"","background-media":"","overlay-type":"","overlay-color":"","overlay-opacity":"","overlay-gradient":""}},"ast-content-background-meta":{"desktop":{"background-color":"var(--ast-global-color-5)","background-image":"","background-repeat":"repeat","background-position":"center center","background-size":"auto","background-attachment":"scroll","background-type":"","background-media":"","overlay-type":"","overlay-color":"","overlay-opacity":"","overlay-gradient":""},"tablet":{"background-color":"var(--ast-global-color-5)","background-image":"","background-repeat":"repeat","background-position":"center center","background-size":"auto","background-attachment":"scroll","background-type":"","background-media":"","overlay-type":"","overlay-color":"","overlay-opacity":"","overlay-gradient":""},"mobile":{"background-color":"var(--ast-global-color-5)","background-image":"","background-repeat":"repeat","background-position":"center center","background-size":"auto","background-attachment":"scroll","background-type":"","background-media":"","overlay-type":"","overlay-color":"","overlay-opacity":"","overlay-gradient":""}},"footnotes":""},"class_list":["post-2329","page","type-page","status-publish","hentry"],"yoast_head":"<!-- This site is optimized with the Yoast SEO plugin v27.4 - https:\/\/yoast.com\/product\/yoast-seo-wordpress\/ -->\n<title>Politique d&#039;exp\u00e9dition - Gardeners Friend<\/title>\n<meta name=\"robots\" content=\"index, follow, max-snippet:-1, max-image-preview:large, max-video-preview:-1\" \/>\n<link rel=\"canonical\" href=\"https:\/\/gardenersfriend.eu\/fr\/politique-dexpedition\/\" \/>\n<meta property=\"og:locale\" content=\"fr_FR\" \/>\n<meta property=\"og:type\" content=\"article\" \/>\n<meta property=\"og:title\" content=\"Politique d&#039;exp\u00e9dition - Gardeners Friend\" \/>\n<meta property=\"og:description\" content=\"Politique d&rsquo;exp\u00e9dition Nous vous remercions de votre visite et de vos achats sur gardenersfriend.eu Les conditions suivantes constituent notre politique d&rsquo;exp\u00e9dition. D\u00e9lai de traitement des envois Toutes les commandes sont trait\u00e9es dans un d\u00e9lai de 1 \u00e0 3 jours ouvrables. Les commandes ne sont ni exp\u00e9di\u00e9es ni livr\u00e9es le week-end ou les jours f\u00e9ri\u00e9s. En [&hellip;]\" \/>\n<meta property=\"og:url\" content=\"https:\/\/gardenersfriend.eu\/fr\/politique-dexpedition\/\" \/>\n<meta property=\"og:site_name\" content=\"Gardeners Friend\" \/>\n<meta property=\"article:publisher\" content=\"https:\/\/www.facebook.com\/people\/Gardeners-Friend-Store\/61566268054378\/\" \/>\n<meta property=\"article:modified_time\" content=\"2025-08-21T14:09:38+00:00\" \/>\n<meta name=\"twitter:card\" content=\"summary_large_image\" \/>\n<meta name=\"twitter:label1\" content=\"Dur\u00e9e de lecture estim\u00e9e\" \/>\n\t<meta name=\"twitter:data1\" content=\"1 minute\" \/>\n<script type=\"application\/ld+json\" class=\"yoast-schema-graph\">{\"@context\":\"https:\\\/\\\/schema.org\",\"@graph\":[{\"@type\":\"WebPage\",\"@id\":\"https:\\\/\\\/gardenersfriend.eu\\\/fr\\\/politique-dexpedition\\\/\",\"url\":\"https:\\\/\\\/gardenersfriend.eu\\\/fr\\\/politique-dexpedition\\\/\",\"name\":\"Politique d'exp\u00e9dition - Gardeners Friend\",\"isPartOf\":{\"@id\":\"https:\\\/\\\/gardenersfriend.eu\\\/fr\\\/#website\"},\"datePublished\":\"2024-09-18T00:13:52+00:00\",\"dateModified\":\"2025-08-21T14:09:38+00:00\",\"breadcrumb\":{\"@id\":\"https:\\\/\\\/gardenersfriend.eu\\\/fr\\\/politique-dexpedition\\\/#breadcrumb\"},\"inLanguage\":\"fr-FR\",\"potentialAction\":[{\"@type\":\"ReadAction\",\"target\":[\"https:\\\/\\\/gardenersfriend.eu\\\/fr\\\/politique-dexpedition\\\/\"]}]},{\"@type\":\"BreadcrumbList\",\"@id\":\"https:\\\/\\\/gardenersfriend.eu\\\/fr\\\/politique-dexpedition\\\/#breadcrumb\",\"itemListElement\":[{\"@type\":\"ListItem\",\"position\":1,\"name\":\"Strona g\u0142\u00f3wna\",\"item\":\"https:\\\/\\\/gardenersfriend.eu\\\/fr\\\/\"},{\"@type\":\"ListItem\",\"position\":2,\"name\":\"Politique d&rsquo;exp\u00e9dition\"}]},{\"@type\":\"WebSite\",\"@id\":\"https:\\\/\\\/gardenersfriend.eu\\\/fr\\\/#website\",\"url\":\"https:\\\/\\\/gardenersfriend.eu\\\/fr\\\/\",\"name\":\"Gardeners Friend\",\"description\":\"herbicides, fertilisers, roundup\",\"publisher\":{\"@id\":\"https:\\\/\\\/gardenersfriend.eu\\\/fr\\\/#organization\"},\"potentialAction\":[{\"@type\":\"SearchAction\",\"target\":{\"@type\":\"EntryPoint\",\"urlTemplate\":\"https:\\\/\\\/gardenersfriend.eu\\\/fr\\\/?s={search_term_string}\"},\"query-input\":{\"@type\":\"PropertyValueSpecification\",\"valueRequired\":true,\"valueName\":\"search_term_string\"}}],\"inLanguage\":\"fr-FR\"},{\"@type\":\"Organization\",\"@id\":\"https:\\\/\\\/gardenersfriend.eu\\\/fr\\\/#organization\",\"name\":\"Gardeners Friend\",\"url\":\"https:\\\/\\\/gardenersfriend.eu\\\/fr\\\/\",\"logo\":{\"@type\":\"ImageObject\",\"inLanguage\":\"fr-FR\",\"@id\":\"https:\\\/\\\/gardenersfriend.eu\\\/fr\\\/#\\\/schema\\\/logo\\\/image\\\/\",\"url\":\"https:\\\/\\\/gardenersfriend.eu\\\/wp-content\\\/uploads\\\/2025\\\/09\\\/gf_accepted_big_logo.png\",\"contentUrl\":\"https:\\\/\\\/gardenersfriend.eu\\\/wp-content\\\/uploads\\\/2025\\\/09\\\/gf_accepted_big_logo.png\",\"width\":2000,\"height\":1000,\"caption\":\"Gardeners Friend\"},\"image\":{\"@id\":\"https:\\\/\\\/gardenersfriend.eu\\\/fr\\\/#\\\/schema\\\/logo\\\/image\\\/\"},\"sameAs\":[\"https:\\\/\\\/www.facebook.com\\\/people\\\/Gardeners-Friend-Store\\\/61566268054378\\\/\",\"https:\\\/\\\/www.instagram.com\\\/gardeners_friend_store\\\/\"]}]}<\/script>\n<!-- \/ Yoast SEO plugin. -->","yoast_head_json":{"title":"Politique d'exp\u00e9dition - Gardeners Friend","robots":{"index":"index","follow":"follow","max-snippet":"max-snippet:-1","max-image-preview":"max-image-preview:large","max-video-preview":"max-video-preview:-1"},"canonical":"https:\/\/gardenersfriend.eu\/fr\/politique-dexpedition\/","og_locale":"fr_FR","og_type":"article","og_title":"Politique d'exp\u00e9dition - Gardeners Friend","og_description":"Politique d&rsquo;exp\u00e9dition Nous vous remercions de votre visite et de vos achats sur gardenersfriend.eu Les conditions suivantes constituent notre politique d&rsquo;exp\u00e9dition. D\u00e9lai de traitement des envois Toutes les commandes sont trait\u00e9es dans un d\u00e9lai de 1 \u00e0 3 jours ouvrables. Les commandes ne sont ni exp\u00e9di\u00e9es ni livr\u00e9es le week-end ou les jours f\u00e9ri\u00e9s. En [&hellip;]","og_url":"https:\/\/gardenersfriend.eu\/fr\/politique-dexpedition\/","og_site_name":"Gardeners Friend","article_publisher":"https:\/\/www.facebook.com\/people\/Gardeners-Friend-Store\/61566268054378\/","article_modified_time":"2025-08-21T14:09:38+00:00","twitter_card":"summary_large_image","twitter_misc":{"Dur\u00e9e de lecture estim\u00e9e":"1 minute"},"schema":{"@context":"https:\/\/schema.org","@graph":[{"@type":"WebPage","@id":"https:\/\/gardenersfriend.eu\/fr\/politique-dexpedition\/","url":"https:\/\/gardenersfriend.eu\/fr\/politique-dexpedition\/","name":"Politique d'exp\u00e9dition - Gardeners Friend","isPartOf":{"@id":"https:\/\/gardenersfriend.eu\/fr\/#website"},"datePublished":"2024-09-18T00:13:52+00:00","dateModified":"2025-08-21T14:09:38+00:00","breadcrumb":{"@id":"https:\/\/gardenersfriend.eu\/fr\/politique-dexpedition\/#breadcrumb"},"inLanguage":"fr-FR","potentialAction":[{"@type":"ReadAction","target":["https:\/\/gardenersfriend.eu\/fr\/politique-dexpedition\/"]}]},{"@type":"BreadcrumbList","@id":"https:\/\/gardenersfriend.eu\/fr\/politique-dexpedition\/#breadcrumb","itemListElement":[{"@type":"ListItem","position":1,"name":"Strona g\u0142\u00f3wna","item":"https:\/\/gardenersfriend.eu\/fr\/"},{"@type":"ListItem","position":2,"name":"Politique d&rsquo;exp\u00e9dition"}]},{"@type":"WebSite","@id":"https:\/\/gardenersfriend.eu\/fr\/#website","url":"https:\/\/gardenersfriend.eu\/fr\/","name":"Gardeners Friend","description":"herbicides, fertilisers, roundup","publisher":{"@id":"https:\/\/gardenersfriend.eu\/fr\/#organization"},"potentialAction":[{"@type":"SearchAction","target":{"@type":"EntryPoint","urlTemplate":"https:\/\/gardenersfriend.eu\/fr\/?s={search_term_string}"},"query-input":{"@type":"PropertyValueSpecification","valueRequired":true,"valueName":"search_term_string"}}],"inLanguage":"fr-FR"},{"@type":"Organization","@id":"https:\/\/gardenersfriend.eu\/fr\/#organization","name":"Gardeners Friend","url":"https:\/\/gardenersfriend.eu\/fr\/","logo":{"@type":"ImageObject","inLanguage":"fr-FR","@id":"https:\/\/gardenersfriend.eu\/fr\/#\/schema\/logo\/image\/","url":"https:\/\/gardenersfriend.eu\/wp-content\/uploads\/2025\/09\/gf_accepted_big_logo.png","contentUrl":"https:\/\/gardenersfriend.eu\/wp-content\/uploads\/2025\/09\/gf_accepted_big_logo.png","width":2000,"height":1000,"caption":"Gardeners Friend"},"image":{"@id":"https:\/\/gardenersfriend.eu\/fr\/#\/schema\/logo\/image\/"},"sameAs":["https:\/\/www.facebook.com\/people\/Gardeners-Friend-Store\/61566268054378\/","https:\/\/www.instagram.com\/gardeners_friend_store\/"]}]}},"uagb_featured_image_src":{"full":false,"thumbnail":false,"medium":false,"medium_large":false,"large":false,"1536x1536":false,"2048x2048":false,"woocommerce_thumbnail":false,"woocommerce_single":false,"woocommerce_gallery_thumbnail":false},"uagb_author_info":{"display_name":"admin","author_link":"https:\/\/gardenersfriend.eu\/fr\/author\/admin\/"},"uagb_comment_info":0,"uagb_excerpt":"Politique d&rsquo;exp\u00e9dition Nous vous remercions de votre visite et de vos achats sur gardenersfriend.eu Les conditions suivantes constituent notre politique d&rsquo;exp\u00e9dition. D\u00e9lai de traitement des envois Toutes les commandes sont trait\u00e9es dans un d\u00e9lai de 1 \u00e0 3 jours ouvrables. Les commandes ne sont ni exp\u00e9di\u00e9es ni livr\u00e9es le week-end ou les jours f\u00e9ri\u00e9s. En\u2026","jetpack_sharing_enabled":true,"_links":{"self":[{"href":"https:\/\/gardenersfriend.eu\/fr\/wp-json\/wp\/v2\/pages\/2329","targetHints":{"allow":["GET"]}}],"collection":[{"href":"https:\/\/gardenersfriend.eu\/fr\/wp-json\/wp\/v2\/pages"}],"about":[{"href":"https:\/\/gardenersfriend.eu\/fr\/wp-json\/wp\/v2\/types\/page"}],"author":[{"embeddable":true,"href":"https:\/\/gardenersfriend.eu\/fr\/wp-json\/wp\/v2\/users\/1"}],"replies":[{"embeddable":true,"href":"https:\/\/gardenersfriend.eu\/fr\/wp-json\/wp\/v2\/comments?post=2329"}],"version-history":[{"count":2,"href":"https:\/\/gardenersfriend.eu\/fr\/wp-json\/wp\/v2\/pages\/2329\/revisions"}],"predecessor-version":[{"id":6360,"href":"https:\/\/gardenersfriend.eu\/fr\/wp-json\/wp\/v2\/pages\/2329\/revisions\/6360"}],"wp:attachment":[{"href":"https:\/\/gardenersfriend.eu\/fr\/wp-json\/wp\/v2\/media?parent=2329"}],"curies":[{"name":"wp","href":"https:\/\/api.w.org\/{rel}","templated":true}]}}