{"id":2351,"date":"2024-09-23T21:14:41","date_gmt":"2024-09-23T19:14:41","guid":{"rendered":"https:\/\/gardenersfriend.eu\/offre-speciale\/"},"modified":"2026-02-09T11:18:44","modified_gmt":"2026-02-09T10:18:44","slug":"offre-speciale","status":"publish","type":"page","link":"https:\/\/gardenersfriend.eu\/fr\/offre-speciale\/","title":{"rendered":"Offre sp\u00e9ciale"},"content":{"rendered":"\n<h2 class=\"wp-block-heading has-text-align-center\">Offre sp\u00e9ciale<\/h2>\n\n<p>Le tableau ci-dessous d\u00e9crit la r\u00e9duction automatique qui sera accord\u00e9e pour l&rsquo;ensemble de la commande en fonction du montant d\u00e9pens\u00e9. La remise est calcul\u00e9e apr\u00e8s l&rsquo;ajout au panier. <\/p>\n\n<figure class=\"wp-block-table\"><table class=\"has-fixed-layout\"><tbody><tr><td class=\"has-text-align-center\" data-align=\"center\"><strong>montant d\u00e9pens\u00e9<\/strong><\/td><td class=\"has-text-align-center\" data-align=\"center\"><strong>r\u00e9duction<\/strong><\/td><\/tr><tr><td class=\"has-text-align-center\" data-align=\"center\">200-299,99\u20ac<\/td><td class=\"has-text-align-center\" data-align=\"center\">2%<\/td><\/tr><tr><td class=\"has-text-align-center\" data-align=\"center\">300-499,99\u20ac<\/td><td class=\"has-text-align-center\" data-align=\"center\">3%<\/td><\/tr><tr><td class=\"has-text-align-center\" data-align=\"center\">500-999,99\u20ac<\/td><td class=\"has-text-align-center\" data-align=\"center\">5%<\/td><\/tr><tr><td class=\"has-text-align-center\" data-align=\"center\">plus de 1000\u20ac<\/td><td class=\"has-text-align-center\" data-align=\"center\">7%<\/td><\/tr><\/tbody><\/table><\/figure>\n\n<p><\/p>\n","protected":false},"excerpt":{"rendered":"<p>Offre sp\u00e9ciale Le tableau ci-dessous d\u00e9crit la r\u00e9duction automatique qui sera accord\u00e9e pour l&rsquo;ensemble de la commande en fonction du montant d\u00e9pens\u00e9. La remise est calcul\u00e9e apr\u00e8s l&rsquo;ajout au panier. montant d\u00e9pens\u00e9 r\u00e9duction 200-299,99\u20ac 2% 300-499,99\u20ac 3% 500-999,99\u20ac 5% plus de 1000\u20ac 7%<\/p>\n","protected":false},"author":1,"featured_media":0,"parent":0,"menu_order":0,"comment_status":"closed","ping_status":"closed","template":"","meta":{"_uag_custom_page_level_css":"","site-sidebar-layout":"default","site-content-layout":"","ast-site-content-layout":"default","site-content-style":"default","site-sidebar-style":"default","ast-global-header-display":"","ast-banner-title-visibility":"","ast-main-header-display":"","ast-hfb-above-header-display":"","ast-hfb-below-header-display":"","ast-hfb-mobile-header-display":"","site-post-title":"disabled","ast-breadcrumbs-content":"","ast-featured-img":"","footer-sml-layout":"","ast-disable-related-posts":"","theme-transparent-header-meta":"","adv-header-id-meta":"","stick-header-meta":"","header-above-stick-meta":"","header-main-stick-meta":"","header-below-stick-meta":"","astra-migrate-meta-layouts":"default","ast-page-background-enabled":"default","ast-page-background-meta":{"desktop":{"background-color":"var(--ast-global-color-4)","background-image":"","background-repeat":"repeat","background-position":"center center","background-size":"auto","background-attachment":"scroll","background-type":"","background-media":"","overlay-type":"","overlay-color":"","overlay-opacity":"","overlay-gradient":""},"tablet":{"background-color":"","background-image":"","background-repeat":"repeat","background-position":"center center","background-size":"auto","background-attachment":"scroll","background-type":"","background-media":"","overlay-type":"","overlay-color":"","overlay-opacity":"","overlay-gradient":""},"mobile":{"background-color":"","background-image":"","background-repeat":"repeat","background-position":"center center","background-size":"auto","background-attachment":"scroll","background-type":"","background-media":"","overlay-type":"","overlay-color":"","overlay-opacity":"","overlay-gradient":""}},"ast-content-background-meta":{"desktop":{"background-color":"var(--ast-global-color-5)","background-image":"","background-repeat":"repeat","background-position":"center center","background-size":"auto","background-attachment":"scroll","background-type":"","background-media":"","overlay-type":"","overlay-color":"","overlay-opacity":"","overlay-gradient":""},"tablet":{"background-color":"var(--ast-global-color-5)","background-image":"","background-repeat":"repeat","background-position":"center center","background-size":"auto","background-attachment":"scroll","background-type":"","background-media":"","overlay-type":"","overlay-color":"","overlay-opacity":"","overlay-gradient":""},"mobile":{"background-color":"var(--ast-global-color-5)","background-image":"","background-repeat":"repeat","background-position":"center center","background-size":"auto","background-attachment":"scroll","background-type":"","background-media":"","overlay-type":"","overlay-color":"","overlay-opacity":"","overlay-gradient":""}},"footnotes":""},"class_list":["post-2351","page","type-page","status-publish","hentry"],"yoast_head":"<!-- This site is optimized with the Yoast SEO plugin v27.4 - https:\/\/yoast.com\/product\/yoast-seo-wordpress\/ -->\n<title>Offre sp\u00e9ciale - Gardeners Friend<\/title>\n<meta name=\"robots\" content=\"index, follow, max-snippet:-1, max-image-preview:large, max-video-preview:-1\" \/>\n<link rel=\"canonical\" href=\"https:\/\/gardenersfriend.eu\/fr\/offre-speciale\/\" \/>\n<meta property=\"og:locale\" content=\"fr_FR\" \/>\n<meta property=\"og:type\" content=\"article\" \/>\n<meta property=\"og:title\" content=\"Offre sp\u00e9ciale - Gardeners Friend\" \/>\n<meta property=\"og:description\" content=\"Offre sp\u00e9ciale Le tableau ci-dessous d\u00e9crit la r\u00e9duction automatique qui sera accord\u00e9e pour l&rsquo;ensemble de la commande en fonction du montant d\u00e9pens\u00e9. La remise est calcul\u00e9e apr\u00e8s l&rsquo;ajout au panier. montant d\u00e9pens\u00e9 r\u00e9duction 200-299,99\u20ac 2% 300-499,99\u20ac 3% 500-999,99\u20ac 5% plus de 1000\u20ac 7%\" \/>\n<meta property=\"og:url\" content=\"https:\/\/gardenersfriend.eu\/fr\/offre-speciale\/\" \/>\n<meta property=\"og:site_name\" content=\"Gardeners Friend\" \/>\n<meta property=\"article:publisher\" content=\"https:\/\/www.facebook.com\/people\/Gardeners-Friend-Store\/61566268054378\/\" \/>\n<meta property=\"article:modified_time\" content=\"2026-02-09T10:18:44+00:00\" \/>\n<meta name=\"twitter:card\" content=\"summary_large_image\" \/>\n<script type=\"application\/ld+json\" class=\"yoast-schema-graph\">{\"@context\":\"https:\\\/\\\/schema.org\",\"@graph\":[{\"@type\":\"WebPage\",\"@id\":\"https:\\\/\\\/gardenersfriend.eu\\\/fr\\\/offre-speciale\\\/\",\"url\":\"https:\\\/\\\/gardenersfriend.eu\\\/fr\\\/offre-speciale\\\/\",\"name\":\"Offre sp\u00e9ciale - Gardeners Friend\",\"isPartOf\":{\"@id\":\"https:\\\/\\\/gardenersfriend.eu\\\/fr\\\/#website\"},\"datePublished\":\"2024-09-23T19:14:41+00:00\",\"dateModified\":\"2026-02-09T10:18:44+00:00\",\"breadcrumb\":{\"@id\":\"https:\\\/\\\/gardenersfriend.eu\\\/fr\\\/offre-speciale\\\/#breadcrumb\"},\"inLanguage\":\"fr-FR\",\"potentialAction\":[{\"@type\":\"ReadAction\",\"target\":[\"https:\\\/\\\/gardenersfriend.eu\\\/fr\\\/offre-speciale\\\/\"]}]},{\"@type\":\"BreadcrumbList\",\"@id\":\"https:\\\/\\\/gardenersfriend.eu\\\/fr\\\/offre-speciale\\\/#breadcrumb\",\"itemListElement\":[{\"@type\":\"ListItem\",\"position\":1,\"name\":\"Strona g\u0142\u00f3wna\",\"item\":\"https:\\\/\\\/gardenersfriend.eu\\\/fr\\\/\"},{\"@type\":\"ListItem\",\"position\":2,\"name\":\"Offre sp\u00e9ciale\"}]},{\"@type\":\"WebSite\",\"@id\":\"https:\\\/\\\/gardenersfriend.eu\\\/fr\\\/#website\",\"url\":\"https:\\\/\\\/gardenersfriend.eu\\\/fr\\\/\",\"name\":\"Gardeners Friend\",\"description\":\"herbicides, fertilisers, roundup\",\"publisher\":{\"@id\":\"https:\\\/\\\/gardenersfriend.eu\\\/fr\\\/#organization\"},\"potentialAction\":[{\"@type\":\"SearchAction\",\"target\":{\"@type\":\"EntryPoint\",\"urlTemplate\":\"https:\\\/\\\/gardenersfriend.eu\\\/fr\\\/?s={search_term_string}\"},\"query-input\":{\"@type\":\"PropertyValueSpecification\",\"valueRequired\":true,\"valueName\":\"search_term_string\"}}],\"inLanguage\":\"fr-FR\"},{\"@type\":\"Organization\",\"@id\":\"https:\\\/\\\/gardenersfriend.eu\\\/fr\\\/#organization\",\"name\":\"Gardeners Friend\",\"url\":\"https:\\\/\\\/gardenersfriend.eu\\\/fr\\\/\",\"logo\":{\"@type\":\"ImageObject\",\"inLanguage\":\"fr-FR\",\"@id\":\"https:\\\/\\\/gardenersfriend.eu\\\/fr\\\/#\\\/schema\\\/logo\\\/image\\\/\",\"url\":\"https:\\\/\\\/gardenersfriend.eu\\\/wp-content\\\/uploads\\\/2025\\\/09\\\/gf_accepted_big_logo.png\",\"contentUrl\":\"https:\\\/\\\/gardenersfriend.eu\\\/wp-content\\\/uploads\\\/2025\\\/09\\\/gf_accepted_big_logo.png\",\"width\":2000,\"height\":1000,\"caption\":\"Gardeners Friend\"},\"image\":{\"@id\":\"https:\\\/\\\/gardenersfriend.eu\\\/fr\\\/#\\\/schema\\\/logo\\\/image\\\/\"},\"sameAs\":[\"https:\\\/\\\/www.facebook.com\\\/people\\\/Gardeners-Friend-Store\\\/61566268054378\\\/\",\"https:\\\/\\\/www.instagram.com\\\/gardeners_friend_store\\\/\"]}]}<\/script>\n<!-- \/ Yoast SEO plugin. -->","yoast_head_json":{"title":"Offre sp\u00e9ciale - Gardeners Friend","robots":{"index":"index","follow":"follow","max-snippet":"max-snippet:-1","max-image-preview":"max-image-preview:large","max-video-preview":"max-video-preview:-1"},"canonical":"https:\/\/gardenersfriend.eu\/fr\/offre-speciale\/","og_locale":"fr_FR","og_type":"article","og_title":"Offre sp\u00e9ciale - Gardeners Friend","og_description":"Offre sp\u00e9ciale Le tableau ci-dessous d\u00e9crit la r\u00e9duction automatique qui sera accord\u00e9e pour l&rsquo;ensemble de la commande en fonction du montant d\u00e9pens\u00e9. La remise est calcul\u00e9e apr\u00e8s l&rsquo;ajout au panier. montant d\u00e9pens\u00e9 r\u00e9duction 200-299,99\u20ac 2% 300-499,99\u20ac 3% 500-999,99\u20ac 5% plus de 1000\u20ac 7%","og_url":"https:\/\/gardenersfriend.eu\/fr\/offre-speciale\/","og_site_name":"Gardeners Friend","article_publisher":"https:\/\/www.facebook.com\/people\/Gardeners-Friend-Store\/61566268054378\/","article_modified_time":"2026-02-09T10:18:44+00:00","twitter_card":"summary_large_image","schema":{"@context":"https:\/\/schema.org","@graph":[{"@type":"WebPage","@id":"https:\/\/gardenersfriend.eu\/fr\/offre-speciale\/","url":"https:\/\/gardenersfriend.eu\/fr\/offre-speciale\/","name":"Offre sp\u00e9ciale - Gardeners Friend","isPartOf":{"@id":"https:\/\/gardenersfriend.eu\/fr\/#website"},"datePublished":"2024-09-23T19:14:41+00:00","dateModified":"2026-02-09T10:18:44+00:00","breadcrumb":{"@id":"https:\/\/gardenersfriend.eu\/fr\/offre-speciale\/#breadcrumb"},"inLanguage":"fr-FR","potentialAction":[{"@type":"ReadAction","target":["https:\/\/gardenersfriend.eu\/fr\/offre-speciale\/"]}]},{"@type":"BreadcrumbList","@id":"https:\/\/gardenersfriend.eu\/fr\/offre-speciale\/#breadcrumb","itemListElement":[{"@type":"ListItem","position":1,"name":"Strona g\u0142\u00f3wna","item":"https:\/\/gardenersfriend.eu\/fr\/"},{"@type":"ListItem","position":2,"name":"Offre sp\u00e9ciale"}]},{"@type":"WebSite","@id":"https:\/\/gardenersfriend.eu\/fr\/#website","url":"https:\/\/gardenersfriend.eu\/fr\/","name":"Gardeners Friend","description":"herbicides, fertilisers, roundup","publisher":{"@id":"https:\/\/gardenersfriend.eu\/fr\/#organization"},"potentialAction":[{"@type":"SearchAction","target":{"@type":"EntryPoint","urlTemplate":"https:\/\/gardenersfriend.eu\/fr\/?s={search_term_string}"},"query-input":{"@type":"PropertyValueSpecification","valueRequired":true,"valueName":"search_term_string"}}],"inLanguage":"fr-FR"},{"@type":"Organization","@id":"https:\/\/gardenersfriend.eu\/fr\/#organization","name":"Gardeners Friend","url":"https:\/\/gardenersfriend.eu\/fr\/","logo":{"@type":"ImageObject","inLanguage":"fr-FR","@id":"https:\/\/gardenersfriend.eu\/fr\/#\/schema\/logo\/image\/","url":"https:\/\/gardenersfriend.eu\/wp-content\/uploads\/2025\/09\/gf_accepted_big_logo.png","contentUrl":"https:\/\/gardenersfriend.eu\/wp-content\/uploads\/2025\/09\/gf_accepted_big_logo.png","width":2000,"height":1000,"caption":"Gardeners Friend"},"image":{"@id":"https:\/\/gardenersfriend.eu\/fr\/#\/schema\/logo\/image\/"},"sameAs":["https:\/\/www.facebook.com\/people\/Gardeners-Friend-Store\/61566268054378\/","https:\/\/www.instagram.com\/gardeners_friend_store\/"]}]}},"uagb_featured_image_src":{"full":false,"thumbnail":false,"medium":false,"medium_large":false,"large":false,"1536x1536":false,"2048x2048":false,"woocommerce_thumbnail":false,"woocommerce_single":false,"woocommerce_gallery_thumbnail":false},"uagb_author_info":{"display_name":"admin","author_link":"https:\/\/gardenersfriend.eu\/fr\/author\/admin\/"},"uagb_comment_info":0,"uagb_excerpt":"Offre sp\u00e9ciale Le tableau ci-dessous d\u00e9crit la r\u00e9duction automatique qui sera accord\u00e9e pour l&rsquo;ensemble de la commande en fonction du montant d\u00e9pens\u00e9. La remise est calcul\u00e9e apr\u00e8s l&rsquo;ajout au panier. montant d\u00e9pens\u00e9 r\u00e9duction 200-299,99\u20ac 2% 300-499,99\u20ac 3% 500-999,99\u20ac 5% plus de 1000\u20ac 7%","jetpack_sharing_enabled":true,"_links":{"self":[{"href":"https:\/\/gardenersfriend.eu\/fr\/wp-json\/wp\/v2\/pages\/2351","targetHints":{"allow":["GET"]}}],"collection":[{"href":"https:\/\/gardenersfriend.eu\/fr\/wp-json\/wp\/v2\/pages"}],"about":[{"href":"https:\/\/gardenersfriend.eu\/fr\/wp-json\/wp\/v2\/types\/page"}],"author":[{"embeddable":true,"href":"https:\/\/gardenersfriend.eu\/fr\/wp-json\/wp\/v2\/users\/1"}],"replies":[{"embeddable":true,"href":"https:\/\/gardenersfriend.eu\/fr\/wp-json\/wp\/v2\/comments?post=2351"}],"version-history":[{"count":2,"href":"https:\/\/gardenersfriend.eu\/fr\/wp-json\/wp\/v2\/pages\/2351\/revisions"}],"predecessor-version":[{"id":8730,"href":"https:\/\/gardenersfriend.eu\/fr\/wp-json\/wp\/v2\/pages\/2351\/revisions\/8730"}],"wp:attachment":[{"href":"https:\/\/gardenersfriend.eu\/fr\/wp-json\/wp\/v2\/media?parent=2351"}],"curies":[{"name":"wp","href":"https:\/\/api.w.org\/{rel}","templated":true}]}}