{"id":2630,"date":"2025-01-25T05:33:38","date_gmt":"2025-01-25T04:33:38","guid":{"rendered":"https:\/\/gardenersfriend.eu\/?post_type=product&#038;p=2630"},"modified":"2026-03-19T20:47:01","modified_gmt":"2026-03-19T19:47:01","slug":"https-gardenersfriend-eu-fr-produit-roundup-dynamic-500-glyphosate-herbicide-15l","status":"publish","type":"product","link":"https:\/\/gardenersfriend.eu\/fr\/produit\/https-gardenersfriend-eu-fr-produit-roundup-dynamic-500-glyphosate-herbicide-15l\/","title":{"rendered":"Roundup Dynamic 500 Herbicide \u00e0 base de glyphosate 15L"},"content":{"rendered":"<h5>Informations g\u00e9n\u00e9rales :<\/h5>\n<p><span style=\"font-size: 1.4em;\">Roundup Dynamic 500 15L est un herbicide sous forme de concentr\u00e9 pour la pr\u00e9paration d&rsquo;une solution aqueuse, appliqu\u00e9 par voie foliaire, destin\u00e9 \u00e0 lutter contre le chiendent ainsi que les mauvaises herbes annuelles et vivaces monocotyl\u00e9dones et dicotyl\u00e9dones dans les champs arables.<\/span><\/p>\n<h5><strong><i>ROUNDUP\u00ae DYNAMIC 500 15L<\/i><\/strong><\/h5>\n<p><strong><i>(remplace Roundup 480 flex)<\/i><\/strong><\/p>\n<p><span lang=\"en-us\" xml:lang=\"en-us\"><strong>Type :<\/strong> Herbicide (Herbicide)<\/span><\/p>\n<p><span lang=\"en-us\" xml:lang=\"en-us\"><strong>Producteur :<\/strong> Groupe Bayer<\/span><\/p>\n<p><span lang=\"en-us\" xml:lang=\"en-us\"><strong>Capacit\u00e9 :<\/strong> 1L \/ 5L \/ 15L.<\/span><\/p>\n<p><span lang=\"en-us\" xml:lang=\"en-us\"><strong><u>Substance active :<\/u> <\/strong>glyphosate compos\u00e9 du groupe des acides amino-phosphoriques sous forme de sel de potassium &#8211; 500 g\/l<strong>(37,37%<\/strong>)<\/span><\/p>\n<p><span lang=\"en-us\" xml:lang=\"en-us\"><strong>Forme :<\/strong> Concentr\u00e9<\/span><\/p>\n<p><strong><span lang=\"en-us\">Mode d&rsquo;action :<\/span><\/strong><span lang=\"en-us\">Herbicide sous forme de concentr\u00e9 pour la pr\u00e9paration d&rsquo;une solution aqueuse destin\u00e9e \u00e0 l&rsquo;application foliaire \u00e0 l&rsquo;aide de pulv\u00e9risateurs agricoles et manuels.<\/span><\/p>\n<p><span lang=\"en-us\" xml:lang=\"en-us\"><strong>Culture de :<\/strong> ma\u00efs, pommes de terre, carottes, persil, oignons, poireaux (de semence), betteraves sucri\u00e8res, bl\u00e9 d&rsquo;hiver avant r\u00e9colte, triticale d&rsquo;hiver, seigle, bl\u00e9 de printemps, orge de printemps et colza ol\u00e9agineux d&rsquo;hiver, sur chaume, jach\u00e8res et friches agricoles.<\/span><\/p>\n<p><span lang=\"en-us\" xml:lang=\"en-us\"><strong>Contr\u00f4le :<\/strong> chiendent, adventices monocotyl\u00e9dones et dicotyl\u00e9dones annuelles et vivaces<\/span> <span lang=\"en-us\" xml:lang=\"en-us\">I. Au printemps, apr\u00e8s le semis ou la plantation et avant l&rsquo;\u00e9mergence de la culture, pour lutter contre les mauvaises herbes \u00e9mergentes. <\/span><\/p>\n<p><strong>En savoir plus sur la s\u00e9curit\u00e9 :<\/strong>  <a href=\"https:\/\/www.bayer.com\/en\/is-glyphosate-safe\">https:\/\/www.bayer.com\/en\/is-glyphosate-safe<\/a><\/p>\n<p>Peut-\u00eatre \u00eates-vous int\u00e9ress\u00e9 par une autre taille du produit ?<\/p>\n<p><strong>Veuillez cliquer : <\/strong> <a href=\"https:\/\/gardenersfriend.eu\/fr\/produit\/roundup-dynamic-500-herbicide-a-base-de-glyphosate-1\/\">Roundup Dynamic 500 1L<\/a><\/p>\n<p class=\"p1\"><strong>\u00c9tiquette : <\/strong><a title=\"Roundup Dynamic 500 FR\" href=\"https:\/\/gardenersfriend.eu\/wp-content\/uploads\/2026\/02\/roundup_dynamic_500_label_FR.pdf\" target=\"_blank\" rel=\"noopener\">Roundup_Dynamic_500_FR<\/a><\/p>\n<p class=\"p1\"><strong>Site de production :<\/strong> <a title=\"Page Bayer\" href=\"https:\/\/www.bayer.com\/\" target=\"_blank\" rel=\"noopener\">Bayer<\/a><\/p>\n<h5 style=\"color: #bcbcbc;\">Legal Information<\/h5>\n<p style=\"color: #bcbcbc;\">\nHints! Use pesticides carefully. \nBefore use read the label and product information.\nUse by non-professional users permitted.\nException: The buyer from Belgium declares that\nat the time of purchase he has full legal capacity\nand has the appropriate qualifications required from\npersons purchasing plant protection products.\n\nPursuant to Art. 28 of the Act of March 8, 2013 on plant protection products (Journal of Laws 2020, item 2097), from November 26, 2015, plant protection products intended for professional users may be sold to people who:\n\nPoint 1 - have completed training in the use of plant protection products in the Republic of Poland confirmed by a certificate of completion of this training, or\n\nPoint 2 - have completed training in advising on plant protection products in the Republic of Poland confirmed by a certificate of completion of this training, or\n\nPoint 3 - have completed training in integrated crop production confirmed by a certificate of completion of this training, or\n\nPoint 4 - not earlier than 5 years, prior to the purchase of these funds, have completed the training required from professional users in another Member State of the European Union or in a country being a party to the Agreement on the European Economic Area, on the basis of the provisions in force in that country, confirmed by a document of completion of this training, or they have presented another document issued under the regulations in force in that country, confirming that they obtained authorization to purchase plant protection products intended for professional users.\n\nImportent!\n\nOnly people over 18 years of age can use plant protection products.\n\nPlant protection products should be used safely.\n\nBefore each use, read the information provided on the label and product information.\n\n\n<\/p>\n","protected":false},"excerpt":{"rendered":"<p>Roundup Dynamic 500 15L &#8211; Herbicide sous forme de concentr\u00e9 pour la pr\u00e9paration d&rsquo;une solution aqueuse, appliqu\u00e9 par voie foliaire, destin\u00e9 \u00e0 lutter contre le chiendent ainsi que les mauvaises herbes annuelles et vivaces monocotyl\u00e9dones et dicotyl\u00e9dones dans les champs arables.<\/p>\n","protected":false},"featured_media":2822,"comment_status":"open","ping_status":"closed","template":"","meta":{"_uag_custom_page_level_css":"","site-sidebar-layout":"default","site-content-layout":"","ast-site-content-layout":"default","site-content-style":"default","site-sidebar-style":"default","ast-global-header-display":"","ast-banner-title-visibility":"","ast-main-header-display":"","ast-hfb-above-header-display":"","ast-hfb-below-header-display":"","ast-hfb-mobile-header-display":"","site-post-title":"","ast-breadcrumbs-content":"","ast-featured-img":"","footer-sml-layout":"","ast-disable-related-posts":"","theme-transparent-header-meta":"default","adv-header-id-meta":"","stick-header-meta":"","header-above-stick-meta":"","header-main-stick-meta":"","header-below-stick-meta":"","astra-migrate-meta-layouts":"set","ast-page-background-enabled":"default","ast-page-background-meta":{"desktop":{"background-color":"var(--ast-global-color-4)","background-image":"","background-repeat":"repeat","background-position":"center center","background-size":"auto","background-attachment":"scroll","background-type":"","background-media":"","overlay-type":"","overlay-color":"","overlay-opacity":"","overlay-gradient":""},"tablet":{"background-color":"","background-image":"","background-repeat":"repeat","background-position":"center center","background-size":"auto","background-attachment":"scroll","background-type":"","background-media":"","overlay-type":"","overlay-color":"","overlay-opacity":"","overlay-gradient":""},"mobile":{"background-color":"","background-image":"","background-repeat":"repeat","background-position":"center center","background-size":"auto","background-attachment":"scroll","background-type":"","background-media":"","overlay-type":"","overlay-color":"","overlay-opacity":"","overlay-gradient":""}},"ast-content-background-meta":{"desktop":{"background-color":"var(--ast-global-color-5)","background-image":"","background-repeat":"repeat","background-position":"center center","background-size":"auto","background-attachment":"scroll","background-type":"","background-media":"","overlay-type":"","overlay-color":"","overlay-opacity":"","overlay-gradient":""},"tablet":{"background-color":"var(--ast-global-color-5)","background-image":"","background-repeat":"repeat","background-position":"center center","background-size":"auto","background-attachment":"scroll","background-type":"","background-media":"","overlay-type":"","overlay-color":"","overlay-opacity":"","overlay-gradient":""},"mobile":{"background-color":"var(--ast-global-color-5)","background-image":"","background-repeat":"repeat","background-position":"center center","background-size":"auto","background-attachment":"scroll","background-type":"","background-media":"","overlay-type":"","overlay-color":"","overlay-opacity":"","overlay-gradient":""}}},"product_brand":[],"product_cat":[177,89,87],"product_tag":[],"class_list":{"0":"post-2630","1":"product","2":"type-product","3":"status-publish","4":"has-post-thumbnail","6":"product_cat-herbicide","7":"product_cat-nouvel-arrivage","8":"product_cat-tous-les-produits","9":"product_shipping_class-tous","10":"desktop-align-left","11":"tablet-align-left","12":"mobile-align-left","14":"first","15":"instock","16":"featured","17":"taxable","18":"shipping-taxable","19":"purchasable","20":"product-type-simple"},"yoast_head":"<!-- This site is optimized with the Yoast SEO plugin v27.4 - https:\/\/yoast.com\/product\/yoast-seo-wordpress\/ -->\n<title>roundup dynamic 500 15L<\/title>\n<meta name=\"description\" content=\"Roundup Dynamic 500 15L - Herbicide sous forme de concentr\u00e9 pour la pr\u00e9paration d&#039;une solution aqueuse, appliqu\u00e9e sur le feuillage.\" \/>\n<meta name=\"robots\" content=\"index, follow, max-snippet:-1, max-image-preview:large, max-video-preview:-1\" \/>\n<link rel=\"canonical\" href=\"https:\/\/gardenersfriend.eu\/fr\/produit\/https-gardenersfriend-eu-fr-produit-roundup-dynamic-500-glyphosate-herbicide-15l\/\" \/>\n<meta property=\"og:locale\" content=\"fr_FR\" \/>\n<meta property=\"og:type\" content=\"article\" \/>\n<meta property=\"og:title\" content=\"roundup dynamic 500 15L\" \/>\n<meta property=\"og:description\" content=\"Roundup Dynamic 500 15L - Herbicide sous forme de concentr\u00e9 pour la pr\u00e9paration d&#039;une solution aqueuse, appliqu\u00e9e sur le feuillage.\" \/>\n<meta property=\"og:url\" content=\"https:\/\/gardenersfriend.eu\/fr\/produit\/https-gardenersfriend-eu-fr-produit-roundup-dynamic-500-glyphosate-herbicide-15l\/\" \/>\n<meta property=\"og:site_name\" content=\"Gardeners Friend\" \/>\n<meta property=\"article:publisher\" content=\"https:\/\/www.facebook.com\/people\/Gardeners-Friend-Store\/61566268054378\/\" \/>\n<meta property=\"article:modified_time\" content=\"2026-03-19T19:47:01+00:00\" \/>\n<meta property=\"og:image\" content=\"https:\/\/gardenersfriend.eu\/wp-content\/uploads\/2025\/01\/500-15L-6-scaled-e1745942208950.jpg\" \/>\n\t<meta property=\"og:image:width\" content=\"2320\" \/>\n\t<meta property=\"og:image:height\" content=\"2560\" \/>\n\t<meta property=\"og:image:type\" content=\"image\/jpeg\" \/>\n<meta name=\"twitter:card\" content=\"summary_large_image\" \/>\n<meta name=\"twitter:label1\" content=\"Dur\u00e9e de lecture estim\u00e9e\" \/>\n\t<meta name=\"twitter:data1\" content=\"4 minutes\" \/>\n<script type=\"application\/ld+json\" class=\"yoast-schema-graph\">{\"@context\":\"https:\\\/\\\/schema.org\",\"@graph\":[{\"@type\":\"WebPage\",\"@id\":\"https:\\\/\\\/gardenersfriend.eu\\\/fr\\\/produit\\\/https-gardenersfriend-eu-fr-produit-roundup-dynamic-500-glyphosate-herbicide-15l\\\/\",\"url\":\"https:\\\/\\\/gardenersfriend.eu\\\/fr\\\/produit\\\/https-gardenersfriend-eu-fr-produit-roundup-dynamic-500-glyphosate-herbicide-15l\\\/\",\"name\":\"roundup dynamic 500 15L\",\"isPartOf\":{\"@id\":\"https:\\\/\\\/gardenersfriend.eu\\\/fr\\\/#website\"},\"primaryImageOfPage\":{\"@id\":\"https:\\\/\\\/gardenersfriend.eu\\\/fr\\\/produit\\\/https-gardenersfriend-eu-fr-produit-roundup-dynamic-500-glyphosate-herbicide-15l\\\/#primaryimage\"},\"image\":{\"@id\":\"https:\\\/\\\/gardenersfriend.eu\\\/fr\\\/produit\\\/https-gardenersfriend-eu-fr-produit-roundup-dynamic-500-glyphosate-herbicide-15l\\\/#primaryimage\"},\"thumbnailUrl\":\"https:\\\/\\\/gardenersfriend.eu\\\/wp-content\\\/uploads\\\/2025\\\/01\\\/500-15L-6-scaled-e1745942208950.jpg\",\"datePublished\":\"2025-01-25T04:33:38+00:00\",\"dateModified\":\"2026-03-19T19:47:01+00:00\",\"description\":\"Roundup Dynamic 500 15L - Herbicide sous forme de concentr\u00e9 pour la pr\u00e9paration d'une solution aqueuse, appliqu\u00e9e sur le feuillage.\",\"breadcrumb\":{\"@id\":\"https:\\\/\\\/gardenersfriend.eu\\\/fr\\\/produit\\\/https-gardenersfriend-eu-fr-produit-roundup-dynamic-500-glyphosate-herbicide-15l\\\/#breadcrumb\"},\"inLanguage\":\"fr-FR\",\"potentialAction\":[{\"@type\":\"ReadAction\",\"target\":[\"https:\\\/\\\/gardenersfriend.eu\\\/fr\\\/produit\\\/https-gardenersfriend-eu-fr-produit-roundup-dynamic-500-glyphosate-herbicide-15l\\\/\"]}]},{\"@type\":\"ImageObject\",\"inLanguage\":\"fr-FR\",\"@id\":\"https:\\\/\\\/gardenersfriend.eu\\\/fr\\\/produit\\\/https-gardenersfriend-eu-fr-produit-roundup-dynamic-500-glyphosate-herbicide-15l\\\/#primaryimage\",\"url\":\"https:\\\/\\\/gardenersfriend.eu\\\/wp-content\\\/uploads\\\/2025\\\/01\\\/500-15L-6-scaled-e1745942208950.jpg\",\"contentUrl\":\"https:\\\/\\\/gardenersfriend.eu\\\/wp-content\\\/uploads\\\/2025\\\/01\\\/500-15L-6-scaled-e1745942208950.jpg\",\"width\":2320,\"height\":2560,\"caption\":\"Roundup Dynamic 500 15L\"},{\"@type\":\"BreadcrumbList\",\"@id\":\"https:\\\/\\\/gardenersfriend.eu\\\/fr\\\/produit\\\/https-gardenersfriend-eu-fr-produit-roundup-dynamic-500-glyphosate-herbicide-15l\\\/#breadcrumb\",\"itemListElement\":[{\"@type\":\"ListItem\",\"position\":1,\"name\":\"Strona g\u0142\u00f3wna\",\"item\":\"https:\\\/\\\/gardenersfriend.eu\\\/fr\\\/\"},{\"@type\":\"ListItem\",\"position\":2,\"name\":\"Boutique\",\"item\":\"https:\\\/\\\/gardenersfriend.eu\\\/shop\\\/\"},{\"@type\":\"ListItem\",\"position\":3,\"name\":\"Roundup Dynamic 500 Herbicide \u00e0 base de glyphosate 15L\"}]},{\"@type\":\"WebSite\",\"@id\":\"https:\\\/\\\/gardenersfriend.eu\\\/fr\\\/#website\",\"url\":\"https:\\\/\\\/gardenersfriend.eu\\\/fr\\\/\",\"name\":\"Gardeners Friend\",\"description\":\"herbicides, fertilisers, roundup\",\"publisher\":{\"@id\":\"https:\\\/\\\/gardenersfriend.eu\\\/fr\\\/#organization\"},\"potentialAction\":[{\"@type\":\"SearchAction\",\"target\":{\"@type\":\"EntryPoint\",\"urlTemplate\":\"https:\\\/\\\/gardenersfriend.eu\\\/fr\\\/?s={search_term_string}\"},\"query-input\":{\"@type\":\"PropertyValueSpecification\",\"valueRequired\":true,\"valueName\":\"search_term_string\"}}],\"inLanguage\":\"fr-FR\"},{\"@type\":\"Organization\",\"@id\":\"https:\\\/\\\/gardenersfriend.eu\\\/fr\\\/#organization\",\"name\":\"Gardeners Friend\",\"url\":\"https:\\\/\\\/gardenersfriend.eu\\\/fr\\\/\",\"logo\":{\"@type\":\"ImageObject\",\"inLanguage\":\"fr-FR\",\"@id\":\"https:\\\/\\\/gardenersfriend.eu\\\/fr\\\/#\\\/schema\\\/logo\\\/image\\\/\",\"url\":\"https:\\\/\\\/gardenersfriend.eu\\\/wp-content\\\/uploads\\\/2025\\\/09\\\/gf_accepted_big_logo.png\",\"contentUrl\":\"https:\\\/\\\/gardenersfriend.eu\\\/wp-content\\\/uploads\\\/2025\\\/09\\\/gf_accepted_big_logo.png\",\"width\":2000,\"height\":1000,\"caption\":\"Gardeners Friend\"},\"image\":{\"@id\":\"https:\\\/\\\/gardenersfriend.eu\\\/fr\\\/#\\\/schema\\\/logo\\\/image\\\/\"},\"sameAs\":[\"https:\\\/\\\/www.facebook.com\\\/people\\\/Gardeners-Friend-Store\\\/61566268054378\\\/\",\"https:\\\/\\\/www.instagram.com\\\/gardeners_friend_store\\\/\"]}]}<\/script>\n<!-- \/ Yoast SEO plugin. -->","yoast_head_json":{"title":"roundup dynamic 500 15L","description":"Roundup Dynamic 500 15L - Herbicide sous forme de concentr\u00e9 pour la pr\u00e9paration d'une solution aqueuse, appliqu\u00e9e sur le feuillage.","robots":{"index":"index","follow":"follow","max-snippet":"max-snippet:-1","max-image-preview":"max-image-preview:large","max-video-preview":"max-video-preview:-1"},"canonical":"https:\/\/gardenersfriend.eu\/fr\/produit\/https-gardenersfriend-eu-fr-produit-roundup-dynamic-500-glyphosate-herbicide-15l\/","og_locale":"fr_FR","og_type":"article","og_title":"roundup dynamic 500 15L","og_description":"Roundup Dynamic 500 15L - Herbicide sous forme de concentr\u00e9 pour la pr\u00e9paration d'une solution aqueuse, appliqu\u00e9e sur le feuillage.","og_url":"https:\/\/gardenersfriend.eu\/fr\/produit\/https-gardenersfriend-eu-fr-produit-roundup-dynamic-500-glyphosate-herbicide-15l\/","og_site_name":"Gardeners Friend","article_publisher":"https:\/\/www.facebook.com\/people\/Gardeners-Friend-Store\/61566268054378\/","article_modified_time":"2026-03-19T19:47:01+00:00","og_image":[{"width":2320,"height":2560,"url":"https:\/\/gardenersfriend.eu\/wp-content\/uploads\/2025\/01\/500-15L-6-scaled-e1745942208950.jpg","type":"image\/jpeg"}],"twitter_card":"summary_large_image","twitter_misc":{"Dur\u00e9e de lecture estim\u00e9e":"4 minutes"},"schema":{"@context":"https:\/\/schema.org","@graph":[{"@type":"WebPage","@id":"https:\/\/gardenersfriend.eu\/fr\/produit\/https-gardenersfriend-eu-fr-produit-roundup-dynamic-500-glyphosate-herbicide-15l\/","url":"https:\/\/gardenersfriend.eu\/fr\/produit\/https-gardenersfriend-eu-fr-produit-roundup-dynamic-500-glyphosate-herbicide-15l\/","name":"roundup dynamic 500 15L","isPartOf":{"@id":"https:\/\/gardenersfriend.eu\/fr\/#website"},"primaryImageOfPage":{"@id":"https:\/\/gardenersfriend.eu\/fr\/produit\/https-gardenersfriend-eu-fr-produit-roundup-dynamic-500-glyphosate-herbicide-15l\/#primaryimage"},"image":{"@id":"https:\/\/gardenersfriend.eu\/fr\/produit\/https-gardenersfriend-eu-fr-produit-roundup-dynamic-500-glyphosate-herbicide-15l\/#primaryimage"},"thumbnailUrl":"https:\/\/gardenersfriend.eu\/wp-content\/uploads\/2025\/01\/500-15L-6-scaled-e1745942208950.jpg","datePublished":"2025-01-25T04:33:38+00:00","dateModified":"2026-03-19T19:47:01+00:00","description":"Roundup Dynamic 500 15L - Herbicide sous forme de concentr\u00e9 pour la pr\u00e9paration d'une solution aqueuse, appliqu\u00e9e sur le feuillage.","breadcrumb":{"@id":"https:\/\/gardenersfriend.eu\/fr\/produit\/https-gardenersfriend-eu-fr-produit-roundup-dynamic-500-glyphosate-herbicide-15l\/#breadcrumb"},"inLanguage":"fr-FR","potentialAction":[{"@type":"ReadAction","target":["https:\/\/gardenersfriend.eu\/fr\/produit\/https-gardenersfriend-eu-fr-produit-roundup-dynamic-500-glyphosate-herbicide-15l\/"]}]},{"@type":"ImageObject","inLanguage":"fr-FR","@id":"https:\/\/gardenersfriend.eu\/fr\/produit\/https-gardenersfriend-eu-fr-produit-roundup-dynamic-500-glyphosate-herbicide-15l\/#primaryimage","url":"https:\/\/gardenersfriend.eu\/wp-content\/uploads\/2025\/01\/500-15L-6-scaled-e1745942208950.jpg","contentUrl":"https:\/\/gardenersfriend.eu\/wp-content\/uploads\/2025\/01\/500-15L-6-scaled-e1745942208950.jpg","width":2320,"height":2560,"caption":"Roundup Dynamic 500 15L"},{"@type":"BreadcrumbList","@id":"https:\/\/gardenersfriend.eu\/fr\/produit\/https-gardenersfriend-eu-fr-produit-roundup-dynamic-500-glyphosate-herbicide-15l\/#breadcrumb","itemListElement":[{"@type":"ListItem","position":1,"name":"Strona g\u0142\u00f3wna","item":"https:\/\/gardenersfriend.eu\/fr\/"},{"@type":"ListItem","position":2,"name":"Boutique","item":"https:\/\/gardenersfriend.eu\/shop\/"},{"@type":"ListItem","position":3,"name":"Roundup Dynamic 500 Herbicide \u00e0 base de glyphosate 15L"}]},{"@type":"WebSite","@id":"https:\/\/gardenersfriend.eu\/fr\/#website","url":"https:\/\/gardenersfriend.eu\/fr\/","name":"Gardeners Friend","description":"herbicides, fertilisers, roundup","publisher":{"@id":"https:\/\/gardenersfriend.eu\/fr\/#organization"},"potentialAction":[{"@type":"SearchAction","target":{"@type":"EntryPoint","urlTemplate":"https:\/\/gardenersfriend.eu\/fr\/?s={search_term_string}"},"query-input":{"@type":"PropertyValueSpecification","valueRequired":true,"valueName":"search_term_string"}}],"inLanguage":"fr-FR"},{"@type":"Organization","@id":"https:\/\/gardenersfriend.eu\/fr\/#organization","name":"Gardeners Friend","url":"https:\/\/gardenersfriend.eu\/fr\/","logo":{"@type":"ImageObject","inLanguage":"fr-FR","@id":"https:\/\/gardenersfriend.eu\/fr\/#\/schema\/logo\/image\/","url":"https:\/\/gardenersfriend.eu\/wp-content\/uploads\/2025\/09\/gf_accepted_big_logo.png","contentUrl":"https:\/\/gardenersfriend.eu\/wp-content\/uploads\/2025\/09\/gf_accepted_big_logo.png","width":2000,"height":1000,"caption":"Gardeners Friend"},"image":{"@id":"https:\/\/gardenersfriend.eu\/fr\/#\/schema\/logo\/image\/"},"sameAs":["https:\/\/www.facebook.com\/people\/Gardeners-Friend-Store\/61566268054378\/","https:\/\/www.instagram.com\/gardeners_friend_store\/"]}]}},"uagb_featured_image_src":{"full":["https:\/\/gardenersfriend.eu\/wp-content\/uploads\/2025\/01\/500-15L-6-scaled-e1745942208950.jpg",2320,2560,false],"thumbnail":["https:\/\/gardenersfriend.eu\/wp-content\/uploads\/2025\/01\/500-15L-6-150x150.jpg",150,150,true],"medium":["https:\/\/gardenersfriend.eu\/wp-content\/uploads\/2025\/01\/500-15L-6-272x300.jpg",272,300,true],"medium_large":["https:\/\/gardenersfriend.eu\/wp-content\/uploads\/2025\/01\/500-15L-6-768x847.jpg",768,847,true],"large":["https:\/\/gardenersfriend.eu\/wp-content\/uploads\/2025\/01\/500-15L-6-928x1024.jpg",928,1024,true],"1536x1536":["https:\/\/gardenersfriend.eu\/wp-content\/uploads\/2025\/01\/500-15L-6-1392x1536.jpg",1392,1536,true],"2048x2048":["https:\/\/gardenersfriend.eu\/wp-content\/uploads\/2025\/01\/500-15L-6-1856x2048.jpg",1856,2048,true],"woocommerce_thumbnail":["https:\/\/gardenersfriend.eu\/wp-content\/uploads\/2025\/01\/500-15L-6-300x300.jpg",300,300,true],"woocommerce_single":["https:\/\/gardenersfriend.eu\/wp-content\/uploads\/2025\/01\/500-15L-6-600x662.jpg",600,662,true],"woocommerce_gallery_thumbnail":["https:\/\/gardenersfriend.eu\/wp-content\/uploads\/2025\/01\/500-15L-6-100x100.jpg",100,100,true]},"uagb_author_info":{"display_name":"admin","author_link":"https:\/\/gardenersfriend.eu\/fr\/author\/"},"uagb_comment_info":0,"uagb_excerpt":"Roundup Dynamic 500 15L - Herbicide sous forme de concentr\u00e9 pour la pr\u00e9paration d'une solution aqueuse, appliqu\u00e9 par voie foliaire, destin\u00e9 \u00e0 lutter contre le chiendent ainsi que les mauvaises herbes annuelles et vivaces monocotyl\u00e9dones et dicotyl\u00e9dones dans les champs arables.","jetpack_sharing_enabled":true,"_links":{"self":[{"href":"https:\/\/gardenersfriend.eu\/fr\/wp-json\/wp\/v2\/product\/2630","targetHints":{"allow":["GET"]}}],"collection":[{"href":"https:\/\/gardenersfriend.eu\/fr\/wp-json\/wp\/v2\/product"}],"about":[{"href":"https:\/\/gardenersfriend.eu\/fr\/wp-json\/wp\/v2\/types\/product"}],"replies":[{"embeddable":true,"href":"https:\/\/gardenersfriend.eu\/fr\/wp-json\/wp\/v2\/comments?post=2630"}],"wp:featuredmedia":[{"embeddable":true,"href":"https:\/\/gardenersfriend.eu\/fr\/wp-json\/wp\/v2\/media\/2822"}],"wp:attachment":[{"href":"https:\/\/gardenersfriend.eu\/fr\/wp-json\/wp\/v2\/media?parent=2630"}],"wp:term":[{"taxonomy":"product_brand","embeddable":true,"href":"https:\/\/gardenersfriend.eu\/fr\/wp-json\/wp\/v2\/product_brand?post=2630"},{"taxonomy":"product_cat","embeddable":true,"href":"https:\/\/gardenersfriend.eu\/fr\/wp-json\/wp\/v2\/product_cat?post=2630"},{"taxonomy":"product_tag","embeddable":true,"href":"https:\/\/gardenersfriend.eu\/fr\/wp-json\/wp\/v2\/product_tag?post=2630"}],"curies":[{"name":"wp","href":"https:\/\/api.w.org\/{rel}","templated":true}]}}