{"id":4503,"date":"2025-06-04T23:11:52","date_gmt":"2025-06-04T21:11:52","guid":{"rendered":"https:\/\/gardenersfriend.eu\/product\/inex-a-adjuvant\/"},"modified":"2026-02-19T16:27:50","modified_gmt":"2026-02-19T15:27:50","slug":"inex-a-adjuvant","status":"publish","type":"product","link":"https:\/\/gardenersfriend.eu\/fr\/produit\/inex-a-adjuvant\/","title":{"rendered":"Inex-A Adjuvant"},"content":{"rendered":"<h2>Inex-A Adjuvant &#8211; <b>augmente l&rsquo;efficacit\u00e9 des traitements foliaires dans la production agricole<\/b><\/h2>\n<p>Adjuvant, tensioactif non ionique augmentant l&rsquo;efficacit\u00e9 des substances utilis\u00e9es dans les traitements foliaires. Il a un effet mouillant et p\u00e9n\u00e9trant, am\u00e9liore la r\u00e9partition et la distribution des substances \u00e0 la surface des plantes et dans leurs tissus. L&rsquo;utilisation d&rsquo;INEX-A augmente l&rsquo;efficacit\u00e9 des traitements foliaires dont le but est de prot\u00e9ger et de nourrir les plantes.  <\/p>\n<h2>Comment fonctionne Inex-A ?<\/h2>\n<p>Gr\u00e2ce \u00e0 sa nature non ionique, INEX-A ne modifie pas les param\u00e8tres chimiques des produits utilis\u00e9s, tout en r\u00e9duisant la tension superficielle de l&rsquo;eau et en permettant au fluide de travail de couvrir une plus grande surface de la plante. Il augmente l&rsquo;absorption des substances dans la plante et permet la cr\u00e9ation de solutions ou d&rsquo;\u00e9mulsions plus stables et plus uniformes. L&rsquo;adjuvant am\u00e9liore l&rsquo;efficacit\u00e9 des produits agrochimiques utilis\u00e9s et, par cons\u00e9quent, la qualit\u00e9 du traitement.  <\/p>\n<p>&nbsp;<\/p>\n<table style=\"height: 35.5957px; width: 99.9973%;\" width=\"100%\">\n<tbody>\n<tr style=\"height: 35.5957px;\">\n<td style=\"height: 35.5957px; width: 46.6566%;\">  Composition du produit (% m\/m) :<\/td>\n<td style=\"width: 52.9938%;\"><\/td>\n<\/tr>\n<tr>\n<td style=\"width: 46.6566%;\">Alcool gras \u00e9thoxyl\u00e9<\/td>\n<td style=\"width: 52.9938%;\">\n<table class=\"table table-bordered table-striped\">\n<tbody>\n<tr>\n<td>20,2<\/td>\n<\/tr>\n<tr>\n<td><\/td>\n<\/tr>\n<\/tbody>\n<\/table>\n<\/td>\n<\/tr>\n<tr>\n<td style=\"width: 46.6566%;\">Polydim\u00e9thylsiloxane<\/td>\n<td style=\"width: 52.9938%;\">1,0<\/td>\n<\/tr>\n<\/tbody>\n<\/table>\n<h2><\/h2>\n<h2>Posologie &#8211; comment utiliser Inex-A ?<\/h2>\n<ol>\n<li>Ajoutez d&rsquo;abord le produit dans le pulv\u00e9risateur rempli d&rsquo;eau aux 3\/4 de sa capacit\u00e9.<\/li>\n<li>Ajoutez les produits restants dans le r\u00e9servoir avec le m\u00e9langeur en marche.<\/li>\n<li>Compl\u00e9tez ensuite avec de l&rsquo;eau jusqu&rsquo;\u00e0 la quantit\u00e9 souhait\u00e9e.<\/li>\n<\/ol>\n<table style=\"width: 99.9973%; height: 74.7949px;\" width=\"100%\">\n<tbody>\n<tr style=\"height: 39.1992px;\">\n<td style=\"width: 26.9704%; height: 39.1992px;\">  Produit<\/td>\n<td style=\"width: 12.9598%; height: 39.1992px;\">Insecticide<\/td>\n<td style=\"width: 13.1578%; height: 39.1992px;\">Fungicyd<\/td>\n<td style=\"width: 13.4624%; height: 39.1992px;\">Herbicyd<\/td>\n<td style=\"width: 14.1857%; height: 39.1992px;\">Engrais foliaire<\/td>\n<td style=\"width: 17.6884%; height: 39.1992px;\">Biostimulateur<\/td>\n<\/tr>\n<tr style=\"height: 35.5957px;\">\n<td style=\"width: 26.9704%; height: 35.5957px;\">Dose pour 100 l d&rsquo;eau<\/td>\n<td style=\"width: 12.9598%; height: 35.5957px;\">50ml<\/td>\n<td style=\"width: 13.1578%; height: 35.5957px;\">50ml<\/td>\n<td style=\"width: 13.4624%; height: 35.5957px;\">50ml<\/td>\n<td style=\"width: 14.1857%; height: 35.5957px;\">50ml<\/td>\n<td style=\"width: 17.6884%; height: 35.5957px;\">50ml<\/td>\n<\/tr>\n<\/tbody>\n<\/table>\n<p>&nbsp;<\/p>\n<h2>Avantages de l&rsquo;adjuvant Inex-A &#8211; Avantages de l&rsquo;utilisation d&rsquo;un adjuvant :<\/h2>\n<ul>\n<li>fonction d&rsquo;appui lors de l&rsquo;utilisation de pr\u00e9parations foliaires utilis\u00e9es dans l&rsquo;agriculture,<\/li>\n<li>une efficacit\u00e9 accrue des substances actives utilis\u00e9es dans l&rsquo;agriculture,<\/li>\n<li>effet mouillant et p\u00e9n\u00e9trant \u00e0 la surface des plantes,<\/li>\n<li>une absorption accrue des substances actives dans la plante,<\/li>\n<li>un \u00e9coulement limit\u00e9 des substances,<\/li>\n<li>aucune r\u00e9action avec les agents utilis\u00e9s dans le m\u00e9lange en cuve,<\/li>\n<li>l&rsquo;am\u00e9lioration de la solubilit\u00e9 et de la miscibilit\u00e9 des pr\u00e9parations utilis\u00e9es,<\/li>\n<li>des solutions ou des \u00e9mulsions et des solutions plus stables et plus uniformes,<\/li>\n<li>effet antimousse.<\/li>\n<\/ul>\n<h2>Quels sont les avantages d&rsquo;une plus grande surface de contact entre la plante et le fluide de travail ?<\/h2>\n<ul>\n<li>une introduction plus efficace des composants du fluide de travail dans les tissus,<\/li>\n<li>une couverture uniforme des surfaces pulv\u00e9ris\u00e9es avec des agents appliqu\u00e9s par voie foliaire,<\/li>\n<li>limiter le ruissellement des liquides sur les plantes,<\/li>\n<li>une dur\u00e9e d&rsquo;action prolong\u00e9e des substances actives.<\/li>\n<\/ul>\n<p><strong>\u00c9tiquette : <\/strong><a title=\"Annexe A FR\" href=\"https:\/\/gardenersfriend.eu\/wp-content\/uploads\/2026\/02\/inex_a_FR.pdf\" target=\"_blank\" rel=\"noopener\">Inex_A_FR<\/a><\/p>\n<p><strong>Site de production :<\/strong> <a title=\"Page Cosmocel\" href=\"https:\/\/www.cosmocel.com\/\" target=\"_blank\" rel=\"noopener\">Qemetica<\/a><\/p>\n","protected":false},"excerpt":{"rendered":"<p>INEX-A Adjuvant &#8211; Il a un effet mouillant et p\u00e9n\u00e9trant, am\u00e9liore la distribution et la r\u00e9partition des substances \u00e0 la surface des plantes et dans leurs tissus.<\/p>\n","protected":false},"featured_media":5004,"comment_status":"open","ping_status":"closed","template":"","meta":{"_uag_custom_page_level_css":"","site-sidebar-layout":"default","site-content-layout":"","ast-site-content-layout":"default","site-content-style":"default","site-sidebar-style":"default","ast-global-header-display":"","ast-banner-title-visibility":"","ast-main-header-display":"","ast-hfb-above-header-display":"","ast-hfb-below-header-display":"","ast-hfb-mobile-header-display":"","site-post-title":"","ast-breadcrumbs-content":"","ast-featured-img":"","footer-sml-layout":"","ast-disable-related-posts":"","theme-transparent-header-meta":"default","adv-header-id-meta":"","stick-header-meta":"","header-above-stick-meta":"","header-main-stick-meta":"","header-below-stick-meta":"","astra-migrate-meta-layouts":"default","ast-page-background-enabled":"default","ast-page-background-meta":{"desktop":{"background-color":"var(--ast-global-color-4)","background-image":"","background-repeat":"repeat","background-position":"center center","background-size":"auto","background-attachment":"scroll","background-type":"","background-media":"","overlay-type":"","overlay-color":"","overlay-opacity":"","overlay-gradient":""},"tablet":{"background-color":"","background-image":"","background-repeat":"repeat","background-position":"center center","background-size":"auto","background-attachment":"scroll","background-type":"","background-media":"","overlay-type":"","overlay-color":"","overlay-opacity":"","overlay-gradient":""},"mobile":{"background-color":"","background-image":"","background-repeat":"repeat","background-position":"center center","background-size":"auto","background-attachment":"scroll","background-type":"","background-media":"","overlay-type":"","overlay-color":"","overlay-opacity":"","overlay-gradient":""}},"ast-content-background-meta":{"desktop":{"background-color":"var(--ast-global-color-5)","background-image":"","background-repeat":"repeat","background-position":"center center","background-size":"auto","background-attachment":"scroll","background-type":"","background-media":"","overlay-type":"","overlay-color":"","overlay-opacity":"","overlay-gradient":""},"tablet":{"background-color":"var(--ast-global-color-5)","background-image":"","background-repeat":"repeat","background-position":"center center","background-size":"auto","background-attachment":"scroll","background-type":"","background-media":"","overlay-type":"","overlay-color":"","overlay-opacity":"","overlay-gradient":""},"mobile":{"background-color":"var(--ast-global-color-5)","background-image":"","background-repeat":"repeat","background-position":"center center","background-size":"auto","background-attachment":"scroll","background-type":"","background-media":"","overlay-type":"","overlay-color":"","overlay-opacity":"","overlay-gradient":""}}},"product_brand":[],"product_cat":[163,28],"product_tag":[],"class_list":{"0":"post-4503","1":"product","2":"type-product","3":"status-publish","4":"has-post-thumbnail","6":"product_cat-adjuvant","7":"product_cat-all-products","8":"product_shipping_class-all","9":"desktop-align-left","10":"tablet-align-left","11":"mobile-align-left","13":"first","14":"instock","15":"taxable","16":"shipping-taxable","17":"purchasable","18":"product-type-variable","19":"has-default-attributes"},"yoast_head":"<!-- This site is optimized with the Yoast SEO plugin v27.4 - https:\/\/yoast.com\/product\/yoast-seo-wordpress\/ -->\n<title>Inex-A Adjuvant - Gardeners Friend<\/title>\n<meta name=\"description\" content=\"L&#039;adjuvant INEX-A a un effet mouillant et p\u00e9n\u00e9trant, il am\u00e9liore la distribution et la r\u00e9partition des substances \u00e0 la surface des plantes et dans leurs tissus.\" \/>\n<meta name=\"robots\" content=\"index, follow, max-snippet:-1, max-image-preview:large, max-video-preview:-1\" \/>\n<link rel=\"canonical\" href=\"https:\/\/gardenersfriend.eu\/fr\/produit\/inex-a-adjuvant\/\" \/>\n<meta property=\"og:locale\" content=\"fr_FR\" \/>\n<meta property=\"og:type\" content=\"article\" \/>\n<meta property=\"og:title\" content=\"Inex-A Adjuvant - Gardeners Friend\" \/>\n<meta property=\"og:description\" content=\"L&#039;adjuvant INEX-A a un effet mouillant et p\u00e9n\u00e9trant, il am\u00e9liore la distribution et la r\u00e9partition des substances \u00e0 la surface des plantes et dans leurs tissus.\" \/>\n<meta property=\"og:url\" content=\"https:\/\/gardenersfriend.eu\/fr\/produit\/inex-a-adjuvant\/\" \/>\n<meta property=\"og:site_name\" content=\"Gardeners Friend\" \/>\n<meta property=\"article:publisher\" content=\"https:\/\/www.facebook.com\/people\/Gardeners-Friend-Store\/61566268054378\/\" \/>\n<meta property=\"article:modified_time\" content=\"2026-02-19T15:27:50+00:00\" \/>\n<meta property=\"og:image\" content=\"https:\/\/gardenersfriend.eu\/wp-content\/uploads\/2025\/06\/Inex-A-330mlWebp-2.webp\" \/>\n\t<meta property=\"og:image:width\" content=\"2048\" \/>\n\t<meta property=\"og:image:height\" content=\"2048\" \/>\n\t<meta property=\"og:image:type\" content=\"image\/webp\" \/>\n<meta name=\"twitter:card\" content=\"summary_large_image\" \/>\n<meta name=\"twitter:label1\" content=\"Dur\u00e9e de lecture estim\u00e9e\" \/>\n\t<meta name=\"twitter:data1\" content=\"2 minutes\" \/>\n<script type=\"application\/ld+json\" class=\"yoast-schema-graph\">{\"@context\":\"https:\\\/\\\/schema.org\",\"@graph\":[{\"@type\":\"WebPage\",\"@id\":\"https:\\\/\\\/gardenersfriend.eu\\\/fr\\\/produit\\\/inex-a-adjuvant\\\/\",\"url\":\"https:\\\/\\\/gardenersfriend.eu\\\/fr\\\/produit\\\/inex-a-adjuvant\\\/\",\"name\":\"Inex-A Adjuvant - Gardeners Friend\",\"isPartOf\":{\"@id\":\"https:\\\/\\\/gardenersfriend.eu\\\/fr\\\/#website\"},\"primaryImageOfPage\":{\"@id\":\"https:\\\/\\\/gardenersfriend.eu\\\/fr\\\/produit\\\/inex-a-adjuvant\\\/#primaryimage\"},\"image\":{\"@id\":\"https:\\\/\\\/gardenersfriend.eu\\\/fr\\\/produit\\\/inex-a-adjuvant\\\/#primaryimage\"},\"thumbnailUrl\":\"https:\\\/\\\/gardenersfriend.eu\\\/wp-content\\\/uploads\\\/2025\\\/06\\\/Inex-A-330mlWebp-2.webp\",\"datePublished\":\"2025-06-04T21:11:52+00:00\",\"dateModified\":\"2026-02-19T15:27:50+00:00\",\"description\":\"L'adjuvant INEX-A a un effet mouillant et p\u00e9n\u00e9trant, il am\u00e9liore la distribution et la r\u00e9partition des substances \u00e0 la surface des plantes et dans leurs tissus.\",\"breadcrumb\":{\"@id\":\"https:\\\/\\\/gardenersfriend.eu\\\/fr\\\/produit\\\/inex-a-adjuvant\\\/#breadcrumb\"},\"inLanguage\":\"fr-FR\",\"potentialAction\":[{\"@type\":\"ReadAction\",\"target\":[\"https:\\\/\\\/gardenersfriend.eu\\\/fr\\\/produit\\\/inex-a-adjuvant\\\/\"]}]},{\"@type\":\"ImageObject\",\"inLanguage\":\"fr-FR\",\"@id\":\"https:\\\/\\\/gardenersfriend.eu\\\/fr\\\/produit\\\/inex-a-adjuvant\\\/#primaryimage\",\"url\":\"https:\\\/\\\/gardenersfriend.eu\\\/wp-content\\\/uploads\\\/2025\\\/06\\\/Inex-A-330mlWebp-2.webp\",\"contentUrl\":\"https:\\\/\\\/gardenersfriend.eu\\\/wp-content\\\/uploads\\\/2025\\\/06\\\/Inex-A-330mlWebp-2.webp\",\"width\":2048,\"height\":2048,\"caption\":\"Inex-A 330ml\"},{\"@type\":\"BreadcrumbList\",\"@id\":\"https:\\\/\\\/gardenersfriend.eu\\\/fr\\\/produit\\\/inex-a-adjuvant\\\/#breadcrumb\",\"itemListElement\":[{\"@type\":\"ListItem\",\"position\":1,\"name\":\"Strona g\u0142\u00f3wna\",\"item\":\"https:\\\/\\\/gardenersfriend.eu\\\/fr\\\/\"},{\"@type\":\"ListItem\",\"position\":2,\"name\":\"Boutique\",\"item\":\"https:\\\/\\\/gardenersfriend.eu\\\/shop\\\/\"},{\"@type\":\"ListItem\",\"position\":3,\"name\":\"Inex-A Adjuvant\"}]},{\"@type\":\"WebSite\",\"@id\":\"https:\\\/\\\/gardenersfriend.eu\\\/fr\\\/#website\",\"url\":\"https:\\\/\\\/gardenersfriend.eu\\\/fr\\\/\",\"name\":\"Gardeners Friend\",\"description\":\"herbicides, fertilisers, roundup\",\"publisher\":{\"@id\":\"https:\\\/\\\/gardenersfriend.eu\\\/fr\\\/#organization\"},\"potentialAction\":[{\"@type\":\"SearchAction\",\"target\":{\"@type\":\"EntryPoint\",\"urlTemplate\":\"https:\\\/\\\/gardenersfriend.eu\\\/fr\\\/?s={search_term_string}\"},\"query-input\":{\"@type\":\"PropertyValueSpecification\",\"valueRequired\":true,\"valueName\":\"search_term_string\"}}],\"inLanguage\":\"fr-FR\"},{\"@type\":\"Organization\",\"@id\":\"https:\\\/\\\/gardenersfriend.eu\\\/fr\\\/#organization\",\"name\":\"Gardeners Friend\",\"url\":\"https:\\\/\\\/gardenersfriend.eu\\\/fr\\\/\",\"logo\":{\"@type\":\"ImageObject\",\"inLanguage\":\"fr-FR\",\"@id\":\"https:\\\/\\\/gardenersfriend.eu\\\/fr\\\/#\\\/schema\\\/logo\\\/image\\\/\",\"url\":\"https:\\\/\\\/gardenersfriend.eu\\\/wp-content\\\/uploads\\\/2025\\\/09\\\/gf_accepted_big_logo.png\",\"contentUrl\":\"https:\\\/\\\/gardenersfriend.eu\\\/wp-content\\\/uploads\\\/2025\\\/09\\\/gf_accepted_big_logo.png\",\"width\":2000,\"height\":1000,\"caption\":\"Gardeners Friend\"},\"image\":{\"@id\":\"https:\\\/\\\/gardenersfriend.eu\\\/fr\\\/#\\\/schema\\\/logo\\\/image\\\/\"},\"sameAs\":[\"https:\\\/\\\/www.facebook.com\\\/people\\\/Gardeners-Friend-Store\\\/61566268054378\\\/\",\"https:\\\/\\\/www.instagram.com\\\/gardeners_friend_store\\\/\"]}]}<\/script>\n<!-- \/ Yoast SEO plugin. -->","yoast_head_json":{"title":"Inex-A Adjuvant - Gardeners Friend","description":"L'adjuvant INEX-A a un effet mouillant et p\u00e9n\u00e9trant, il am\u00e9liore la distribution et la r\u00e9partition des substances \u00e0 la surface des plantes et dans leurs tissus.","robots":{"index":"index","follow":"follow","max-snippet":"max-snippet:-1","max-image-preview":"max-image-preview:large","max-video-preview":"max-video-preview:-1"},"canonical":"https:\/\/gardenersfriend.eu\/fr\/produit\/inex-a-adjuvant\/","og_locale":"fr_FR","og_type":"article","og_title":"Inex-A Adjuvant - Gardeners Friend","og_description":"L'adjuvant INEX-A a un effet mouillant et p\u00e9n\u00e9trant, il am\u00e9liore la distribution et la r\u00e9partition des substances \u00e0 la surface des plantes et dans leurs tissus.","og_url":"https:\/\/gardenersfriend.eu\/fr\/produit\/inex-a-adjuvant\/","og_site_name":"Gardeners Friend","article_publisher":"https:\/\/www.facebook.com\/people\/Gardeners-Friend-Store\/61566268054378\/","article_modified_time":"2026-02-19T15:27:50+00:00","og_image":[{"width":2048,"height":2048,"url":"https:\/\/gardenersfriend.eu\/wp-content\/uploads\/2025\/06\/Inex-A-330mlWebp-2.webp","type":"image\/webp"}],"twitter_card":"summary_large_image","twitter_misc":{"Dur\u00e9e de lecture estim\u00e9e":"2 minutes"},"schema":{"@context":"https:\/\/schema.org","@graph":[{"@type":"WebPage","@id":"https:\/\/gardenersfriend.eu\/fr\/produit\/inex-a-adjuvant\/","url":"https:\/\/gardenersfriend.eu\/fr\/produit\/inex-a-adjuvant\/","name":"Inex-A Adjuvant - Gardeners Friend","isPartOf":{"@id":"https:\/\/gardenersfriend.eu\/fr\/#website"},"primaryImageOfPage":{"@id":"https:\/\/gardenersfriend.eu\/fr\/produit\/inex-a-adjuvant\/#primaryimage"},"image":{"@id":"https:\/\/gardenersfriend.eu\/fr\/produit\/inex-a-adjuvant\/#primaryimage"},"thumbnailUrl":"https:\/\/gardenersfriend.eu\/wp-content\/uploads\/2025\/06\/Inex-A-330mlWebp-2.webp","datePublished":"2025-06-04T21:11:52+00:00","dateModified":"2026-02-19T15:27:50+00:00","description":"L'adjuvant INEX-A a un effet mouillant et p\u00e9n\u00e9trant, il am\u00e9liore la distribution et la r\u00e9partition des substances \u00e0 la surface des plantes et dans leurs tissus.","breadcrumb":{"@id":"https:\/\/gardenersfriend.eu\/fr\/produit\/inex-a-adjuvant\/#breadcrumb"},"inLanguage":"fr-FR","potentialAction":[{"@type":"ReadAction","target":["https:\/\/gardenersfriend.eu\/fr\/produit\/inex-a-adjuvant\/"]}]},{"@type":"ImageObject","inLanguage":"fr-FR","@id":"https:\/\/gardenersfriend.eu\/fr\/produit\/inex-a-adjuvant\/#primaryimage","url":"https:\/\/gardenersfriend.eu\/wp-content\/uploads\/2025\/06\/Inex-A-330mlWebp-2.webp","contentUrl":"https:\/\/gardenersfriend.eu\/wp-content\/uploads\/2025\/06\/Inex-A-330mlWebp-2.webp","width":2048,"height":2048,"caption":"Inex-A 330ml"},{"@type":"BreadcrumbList","@id":"https:\/\/gardenersfriend.eu\/fr\/produit\/inex-a-adjuvant\/#breadcrumb","itemListElement":[{"@type":"ListItem","position":1,"name":"Strona g\u0142\u00f3wna","item":"https:\/\/gardenersfriend.eu\/fr\/"},{"@type":"ListItem","position":2,"name":"Boutique","item":"https:\/\/gardenersfriend.eu\/shop\/"},{"@type":"ListItem","position":3,"name":"Inex-A Adjuvant"}]},{"@type":"WebSite","@id":"https:\/\/gardenersfriend.eu\/fr\/#website","url":"https:\/\/gardenersfriend.eu\/fr\/","name":"Gardeners Friend","description":"herbicides, fertilisers, roundup","publisher":{"@id":"https:\/\/gardenersfriend.eu\/fr\/#organization"},"potentialAction":[{"@type":"SearchAction","target":{"@type":"EntryPoint","urlTemplate":"https:\/\/gardenersfriend.eu\/fr\/?s={search_term_string}"},"query-input":{"@type":"PropertyValueSpecification","valueRequired":true,"valueName":"search_term_string"}}],"inLanguage":"fr-FR"},{"@type":"Organization","@id":"https:\/\/gardenersfriend.eu\/fr\/#organization","name":"Gardeners Friend","url":"https:\/\/gardenersfriend.eu\/fr\/","logo":{"@type":"ImageObject","inLanguage":"fr-FR","@id":"https:\/\/gardenersfriend.eu\/fr\/#\/schema\/logo\/image\/","url":"https:\/\/gardenersfriend.eu\/wp-content\/uploads\/2025\/09\/gf_accepted_big_logo.png","contentUrl":"https:\/\/gardenersfriend.eu\/wp-content\/uploads\/2025\/09\/gf_accepted_big_logo.png","width":2000,"height":1000,"caption":"Gardeners Friend"},"image":{"@id":"https:\/\/gardenersfriend.eu\/fr\/#\/schema\/logo\/image\/"},"sameAs":["https:\/\/www.facebook.com\/people\/Gardeners-Friend-Store\/61566268054378\/","https:\/\/www.instagram.com\/gardeners_friend_store\/"]}]}},"uagb_featured_image_src":{"full":["https:\/\/gardenersfriend.eu\/wp-content\/uploads\/2025\/06\/Inex-A-330mlWebp-2.webp",2048,2048,false],"thumbnail":["https:\/\/gardenersfriend.eu\/wp-content\/uploads\/2025\/06\/Inex-A-330mlWebp-2-150x150.webp",150,150,true],"medium":["https:\/\/gardenersfriend.eu\/wp-content\/uploads\/2025\/06\/Inex-A-330mlWebp-2-300x300.webp",300,300,true],"medium_large":["https:\/\/gardenersfriend.eu\/wp-content\/uploads\/2025\/06\/Inex-A-330mlWebp-2-768x768.webp",768,768,true],"large":["https:\/\/gardenersfriend.eu\/wp-content\/uploads\/2025\/06\/Inex-A-330mlWebp-2-1024x1024.webp",1024,1024,true],"1536x1536":["https:\/\/gardenersfriend.eu\/wp-content\/uploads\/2025\/06\/Inex-A-330mlWebp-2-1536x1536.webp",1536,1536,true],"2048x2048":["https:\/\/gardenersfriend.eu\/wp-content\/uploads\/2025\/06\/Inex-A-330mlWebp-2.webp",2048,2048,false],"woocommerce_thumbnail":["https:\/\/gardenersfriend.eu\/wp-content\/uploads\/2025\/06\/Inex-A-330mlWebp-2-300x300.webp",300,300,true],"woocommerce_single":["https:\/\/gardenersfriend.eu\/wp-content\/uploads\/2025\/06\/Inex-A-330mlWebp-2-600x600.webp",600,600,true],"woocommerce_gallery_thumbnail":["https:\/\/gardenersfriend.eu\/wp-content\/uploads\/2025\/06\/Inex-A-330mlWebp-2-100x100.webp",100,100,true]},"uagb_author_info":{"display_name":"admin","author_link":"https:\/\/gardenersfriend.eu\/fr\/author\/"},"uagb_comment_info":0,"uagb_excerpt":"INEX-A Adjuvant - Il a un effet mouillant et p\u00e9n\u00e9trant, am\u00e9liore la distribution et la r\u00e9partition des substances \u00e0 la surface des plantes et dans leurs tissus.","jetpack_sharing_enabled":true,"_links":{"self":[{"href":"https:\/\/gardenersfriend.eu\/fr\/wp-json\/wp\/v2\/product\/4503","targetHints":{"allow":["GET"]}}],"collection":[{"href":"https:\/\/gardenersfriend.eu\/fr\/wp-json\/wp\/v2\/product"}],"about":[{"href":"https:\/\/gardenersfriend.eu\/fr\/wp-json\/wp\/v2\/types\/product"}],"replies":[{"embeddable":true,"href":"https:\/\/gardenersfriend.eu\/fr\/wp-json\/wp\/v2\/comments?post=4503"}],"wp:featuredmedia":[{"embeddable":true,"href":"https:\/\/gardenersfriend.eu\/fr\/wp-json\/wp\/v2\/media\/5004"}],"wp:attachment":[{"href":"https:\/\/gardenersfriend.eu\/fr\/wp-json\/wp\/v2\/media?parent=4503"}],"wp:term":[{"taxonomy":"product_brand","embeddable":true,"href":"https:\/\/gardenersfriend.eu\/fr\/wp-json\/wp\/v2\/product_brand?post=4503"},{"taxonomy":"product_cat","embeddable":true,"href":"https:\/\/gardenersfriend.eu\/fr\/wp-json\/wp\/v2\/product_cat?post=4503"},{"taxonomy":"product_tag","embeddable":true,"href":"https:\/\/gardenersfriend.eu\/fr\/wp-json\/wp\/v2\/product_tag?post=4503"}],"curies":[{"name":"wp","href":"https:\/\/api.w.org\/{rel}","templated":true}]}}