{"id":4528,"date":"2025-06-04T22:34:12","date_gmt":"2025-06-04T20:34:12","guid":{"rendered":"https:\/\/gardenersfriend.eu\/product\/herbicide-chwastox-390-trio-sl\/"},"modified":"2026-03-19T20:58:48","modified_gmt":"2026-03-19T19:58:48","slug":"herbicide-chwastox-390-trio-sl","status":"publish","type":"product","link":"https:\/\/gardenersfriend.eu\/fr\/produit\/herbicide-chwastox-390-trio-sl\/","title":{"rendered":"Herbicide Chwastox 390 Trio SL"},"content":{"rendered":"<p><strong>Chwastox Trio 390 SL<\/strong> est un herbicide \u00e0 trois composants de la famille Chwastox, qui permet de lutter contre les dicotyl\u00e9dones dans les cultures de c\u00e9r\u00e9ales d&rsquo;hiver et de printemps. Le produit peut \u00e9galement \u00eatre utilis\u00e9 dans les prairies. Dans des conditions m\u00e9t\u00e9orologiques optimales, l&rsquo;effet de l&rsquo;agent est visible peu de temps apr\u00e8s l&rsquo;application.  <\/p>\n<h2>Quels sont les avantages de l&rsquo;utilisation du produit ?<\/h2>\n<ul>\n<li>\u00e9limination d&rsquo;un large \u00e9ventail de mauvaises herbes dans les c\u00e9r\u00e9ales de printemps et d&rsquo;hiver<\/li>\n<li>une combinaison de substances actives appartenant au groupe des \u00ab r\u00e9gulateurs de croissance \u00bb r\u00e9duisant le risque de r\u00e9sistance des mauvaises herbes<\/li>\n<li>un effet herbicide visuel rapide &#8211; confirmant une grande efficacit\u00e9<\/li>\n<\/ul>\n<h2>Chwastox Trio 390 SL &#8211; quelle est la composition du produit ?<\/h2>\n<p>Le produit phytopharmaceutique contient trois substances actives :<\/p>\n<ul>\n<li>MCPA<\/li>\n<li>m\u00e9coprop-P<\/li>\n<li>dicamba<\/li>\n<\/ul>\n<p>Ils ont \u00e9t\u00e9 class\u00e9s par le HRAC dans le groupe 4 (anciennement groupe O), ce qui signifie qu&rsquo;ils ont le m\u00eame m\u00e9canisme d&rsquo;action.<\/p>\n<p>Le produit est absorb\u00e9 par les feuilles des mauvaises herbes et agit de mani\u00e8re syst\u00e9mique. Le premier effet visuel du produit est la d\u00e9formation des mauvaises herbes, ce qui conduit \u00e0 l&rsquo;inhibition de leur croissance et \u00e0 leur mort. <\/p>\n<p>Le produit se pr\u00e9sente sous la forme d&rsquo;un liquide pour la pr\u00e9paration d&rsquo;une solution aqueuse &#8211; forme SL.<\/p>\n<h2>Quelles sont les mauvaises herbes que l&rsquo;herbicide contr\u00f4le ?<\/h2>\n<p>La gamme d&rsquo;esp\u00e8ces de mauvaises herbes contr\u00f4l\u00e9es par le produit phytopharmaceutique varie en fonction de la dose de produit et du nombre d&rsquo;applications. Au cours du processus d&rsquo;homologation, le Chwastox Nowy Trio 390 SL s&rsquo;est av\u00e9r\u00e9 tr\u00e8s efficace contre les principales mauvaises herbes pr\u00e9sentes dans une culture donn\u00e9e. <\/p>\n<p><strong>Bl\u00e9 d&rsquo;hiver, triticale d&rsquo;hiver, seigle, orge d&rsquo;hiver &#8211; dose 2,0 l\/ha<\/strong><\/p>\n<ul>\n<li><strong>mauvaises herbes sensibles : <\/strong>bleuet, fumeterre, moutarde des champs, mouron des oiseaux, agripaume, ch\u00e9nopode blanc, coquelicot des champs, herbe \u00e0 mai inodore, myosotis des champs, ch\u00e8vrefeuille rugueux, gaillet, liseron (convolvulus), camomille des champs, camomille commune, colza spontan\u00e9, bourse-\u00e0-pasteur, fagot des champs<\/li>\n<li><strong>plantes adventices mod\u00e9r\u00e9ment sensibles : <\/strong>petit g\u00e9ranium, violette des champs, v\u00e9ronique \u00e0 feuilles de lierre<\/li>\n<\/ul>\n<p><strong>Orge de printemps, bl\u00e9 de printemps, avoine, triticale de printemps &#8211; dose 1,5 l\/ha<\/strong><\/p>\n<ul>\n<li><strong>Mauvaises herbes sensibles : <\/strong>fumeterre commun, moutarde des champs, mouron commun, ortie royale, ch\u00e9nopode blanc, coquelicot des champs, herbe \u00e0 mai inodore, jacinthe rugueuse, gaillet gratteron, renou\u00e9e, camomille des champs, amarante rugueuse, bourse-\u00e0-pasteur, fagots, galle \u00e0 petites fleurs.<\/li>\n<li><strong>Adventices moyennement sensibles :<\/strong> petit g\u00e9ranium, bleuet, violette des champs, myosotis des champs, colza spontan\u00e9<\/li>\n<\/ul>\n<p><strong>Prairies r\u00e9cr\u00e9atives (pelouses, terrains de sport, terrains de golf) &#8211; dose 2,0 l\/ha<\/strong><\/p>\n<ul>\n<li><strong>Adventices sensibles :<\/strong> renoncule rampante, pissenlit, ombelle verte, cornifle, oseille.<\/li>\n<li><strong>adventices moyennement sensibles : <\/strong>plantain \u00e0 feuilles \u00e9troites, plantain commun, achill\u00e9e millefeuille<\/li>\n<li><strong>mauvaises herbes r\u00e9sistantes : <\/strong>gaillet gratteron, tr\u00e8fle blanc, v\u00e9ronique germandr\u00e9e, v\u00e9ronique des champs<\/li>\n<\/ul>\n<p><strong>Zones herbeuses r\u00e9cr\u00e9atives (pelouses, terrains de sport, terrains de golf) &#8211; dose de 2,0 l\/ha appliqu\u00e9e deux fois.<\/strong><\/p>\n<ul>\n<li><strong>mauvaises herbes sensibles : <\/strong>plantain \u00e0 feuilles \u00e9troites, plantain commun, petit g\u00e9ranium, renoncule rampante, tr\u00e8fle blanc, achill\u00e9e millefeuille, pissenlit commun, ombilic vert, v\u00e9ronique des champs, salicorne commune, oseille commune<\/li>\n<li><strong>mauvaises herbes r\u00e9sistantes :<\/strong> germandr\u00e9e v\u00e9ronique<\/li>\n<\/ul>\n<h2>Dosage<\/h2>\n<h3>Bl\u00e9 d&rsquo;hiver, triticale d&rsquo;hiver, seigle, orge d&rsquo;hiver<\/h3>\n<p>Dose recommand\u00e9e pour une application unique : 2,0 l\/ha<br \/>\nNombre maximal de traitements pendant la p\u00e9riode de v\u00e9g\u00e9tation : 1<\/p>\n<p>Date de la demande :<\/p>\n<p>appliquer le produit au printemps apr\u00e8s le d\u00e9marrage de la v\u00e9g\u00e9tation, du d\u00e9but de la phase de tallage des c\u00e9r\u00e9ales jusqu&rsquo;\u00e0 sa fin (BBCH 21-29)<\/p>\n<h3>Orge de printemps, bl\u00e9 de printemps, avoine, triticale de printemps<\/h3>\n<p>Dose recommand\u00e9e pour une application unique : 1,5 l\/ha<\/p>\n<p>Date de la demande :<\/p>\n<p>appliquer l&rsquo;agent du d\u00e9but de la phase de tallage des c\u00e9r\u00e9ales jusqu&rsquo;\u00e0 sa fin (BBCH 21-29)<\/p>\n<h3>Zones herbeuses \u00e0 usage r\u00e9cr\u00e9atif (pelouses, terrains de sport, terrains de golf)<\/h3>\n<p>Dose recommand\u00e9e pour une application unique : 2,0 l\/ha<br \/>\nIntervalle entre les traitements : au moins 56 jours<br \/>\nNombre maximal de traitements pendant la p\u00e9riode de v\u00e9g\u00e9tation : 2<\/p>\n<p>Date d&rsquo;utilisation :<\/p>\n<p>appliquer le produit du printemps au d\u00e9but de l&rsquo;automne, pour les mauvaises herbes du stade de quelques feuilles au stade de la floraison (BBCH 14-40) sur toute la surface de la pelouse, du terrain de sport, du terrain de golf ou seulement sur les endroits envahis par les mauvaises herbes &#8211; en cas de d\u00e9sherbage important, il peut \u00eatre n\u00e9cessaire d&rsquo;effectuer un deuxi\u00e8me traitement<\/p>\n<p class=\"p1\"><strong>\u00c9tiquette : <\/strong><a title=\"Chwastox Trio 390 SL\" href=\"https:\/\/gardenersfriend.eu\/wp-content\/uploads\/2026\/02\/Chwastox_Trio_390_SL_FR.pdf\" target=\"_blank\" rel=\"noopener\">Chwastox Trio 390 SL_FR<\/a><\/p>\n<p class=\"p1\"><strong>Site de production :<\/strong> <a title=\"Page Qemetica\" href=\"https:\/\/qemetica-agro.pl\/pl\" target=\"_blank\" rel=\"noopener\">Qemetica<\/a><\/p>\n<h5 style=\"color: #bcbcbc;\">Legal Information<\/h5>\n<p style=\"color: #bcbcbc;\">\nHints! Use pesticides carefully. \nBefore use read the label and product information.\nUse by non-professional users permitted.\nException: The buyer from Belgium declares that\nat the time of purchase he has full legal capacity\nand has the appropriate qualifications required from\npersons purchasing plant protection products.\n\nPursuant to Art. 28 of the Act of March 8, 2013 on plant protection products (Journal of Laws 2020, item 2097), from November 26, 2015, plant protection products intended for professional users may be sold to people who:\n\nPoint 1 - have completed training in the use of plant protection products in the Republic of Poland confirmed by a certificate of completion of this training, or\n\nPoint 2 - have completed training in advising on plant protection products in the Republic of Poland confirmed by a certificate of completion of this training, or\n\nPoint 3 - have completed training in integrated crop production confirmed by a certificate of completion of this training, or\n\nPoint 4 - not earlier than 5 years, prior to the purchase of these funds, have completed the training required from professional users in another Member State of the European Union or in a country being a party to the Agreement on the European Economic Area, on the basis of the provisions in force in that country, confirmed by a document of completion of this training, or they have presented another document issued under the regulations in force in that country, confirming that they obtained authorization to purchase plant protection products intended for professional users.\n\nImportent!\n\nOnly people over 18 years of age can use plant protection products.\n\nPlant protection products should be used safely.\n\nBefore each use, read the information provided on the label and product information.\n\n\n<\/p>\n","protected":false},"excerpt":{"rendered":"<p>Chwastox Triuo 390 SL est un herbicide sous forme de concentr\u00e9 pour la pr\u00e9paration d&rsquo;une solution aqueuse, appliqu\u00e9 par voie foliaire, destin\u00e9 \u00e0 la lutte en post-lev\u00e9e contre les mauvaises herbes annuelles dicotyl\u00e9dones.<\/p>\n","protected":false},"featured_media":4466,"comment_status":"open","ping_status":"closed","template":"","meta":{"_uag_custom_page_level_css":"","site-sidebar-layout":"default","site-content-layout":"","ast-site-content-layout":"default","site-content-style":"default","site-sidebar-style":"default","ast-global-header-display":"","ast-banner-title-visibility":"","ast-main-header-display":"","ast-hfb-above-header-display":"","ast-hfb-below-header-display":"","ast-hfb-mobile-header-display":"","site-post-title":"","ast-breadcrumbs-content":"","ast-featured-img":"","footer-sml-layout":"","ast-disable-related-posts":"","theme-transparent-header-meta":"default","adv-header-id-meta":"","stick-header-meta":"","header-above-stick-meta":"","header-main-stick-meta":"","header-below-stick-meta":"","astra-migrate-meta-layouts":"default","ast-page-background-enabled":"default","ast-page-background-meta":{"desktop":{"background-color":"var(--ast-global-color-4)","background-image":"","background-repeat":"repeat","background-position":"center center","background-size":"auto","background-attachment":"scroll","background-type":"","background-media":"","overlay-type":"","overlay-color":"","overlay-opacity":"","overlay-gradient":""},"tablet":{"background-color":"","background-image":"","background-repeat":"repeat","background-position":"center center","background-size":"auto","background-attachment":"scroll","background-type":"","background-media":"","overlay-type":"","overlay-color":"","overlay-opacity":"","overlay-gradient":""},"mobile":{"background-color":"","background-image":"","background-repeat":"repeat","background-position":"center center","background-size":"auto","background-attachment":"scroll","background-type":"","background-media":"","overlay-type":"","overlay-color":"","overlay-opacity":"","overlay-gradient":""}},"ast-content-background-meta":{"desktop":{"background-color":"var(--ast-global-color-5)","background-image":"","background-repeat":"repeat","background-position":"center center","background-size":"auto","background-attachment":"scroll","background-type":"","background-media":"","overlay-type":"","overlay-color":"","overlay-opacity":"","overlay-gradient":""},"tablet":{"background-color":"var(--ast-global-color-5)","background-image":"","background-repeat":"repeat","background-position":"center center","background-size":"auto","background-attachment":"scroll","background-type":"","background-media":"","overlay-type":"","overlay-color":"","overlay-opacity":"","overlay-gradient":""},"mobile":{"background-color":"var(--ast-global-color-5)","background-image":"","background-repeat":"repeat","background-position":"center center","background-size":"auto","background-attachment":"scroll","background-type":"","background-media":"","overlay-type":"","overlay-color":"","overlay-opacity":"","overlay-gradient":""}}},"product_brand":[],"product_cat":[177,88,87],"product_tag":[],"class_list":{"0":"post-4528","1":"product","2":"type-product","3":"status-publish","4":"has-post-thumbnail","6":"product_cat-herbicide","7":"product_cat-les-plus-populaires","8":"product_cat-tous-les-produits","9":"product_shipping_class-tous","10":"desktop-align-left","11":"tablet-align-left","12":"mobile-align-left","14":"first","15":"instock","16":"taxable","17":"shipping-taxable","18":"purchasable","19":"product-type-variable","20":"has-default-attributes"},"yoast_head":"<!-- This site is optimized with the Yoast SEO plugin v27.4 - https:\/\/yoast.com\/product\/yoast-seo-wordpress\/ -->\n<title>Herbicide Chwastox 390 Trio SL - Gardeners Friend<\/title>\n<meta name=\"description\" content=\"Chwastox Trio 390 est un herbicide sous forme de concentr\u00e9, appliqu\u00e9 par voie foliaire, destin\u00e9 \u00e0 la lutte en post-lev\u00e9e contre les mauvaises herbes annuelles dicotyl\u00e9dones.\" \/>\n<meta name=\"robots\" content=\"index, follow, max-snippet:-1, max-image-preview:large, max-video-preview:-1\" \/>\n<link rel=\"canonical\" href=\"https:\/\/gardenersfriend.eu\/fr\/produit\/herbicide-chwastox-390-trio-sl\/\" \/>\n<meta property=\"og:locale\" content=\"fr_FR\" \/>\n<meta property=\"og:type\" content=\"article\" \/>\n<meta property=\"og:title\" content=\"Herbicide Chwastox 390 Trio SL - Gardeners Friend\" \/>\n<meta property=\"og:description\" content=\"Chwastox Trio 390 est un herbicide sous forme de concentr\u00e9, appliqu\u00e9 par voie foliaire, destin\u00e9 \u00e0 la lutte en post-lev\u00e9e contre les mauvaises herbes annuelles dicotyl\u00e9dones.\" \/>\n<meta property=\"og:url\" content=\"https:\/\/gardenersfriend.eu\/fr\/produit\/herbicide-chwastox-390-trio-sl\/\" \/>\n<meta property=\"og:site_name\" content=\"Gardeners Friend\" \/>\n<meta property=\"article:publisher\" content=\"https:\/\/www.facebook.com\/people\/Gardeners-Friend-Store\/61566268054378\/\" \/>\n<meta property=\"article:modified_time\" content=\"2026-03-19T19:58:48+00:00\" \/>\n<meta property=\"og:image\" content=\"https:\/\/gardenersfriend.eu\/wp-content\/uploads\/2025\/06\/chwastox390Trio1L-1.png\" \/>\n\t<meta property=\"og:image:width\" content=\"2048\" \/>\n\t<meta property=\"og:image:height\" content=\"2048\" \/>\n\t<meta property=\"og:image:type\" content=\"image\/png\" \/>\n<meta name=\"twitter:card\" content=\"summary_large_image\" \/>\n<meta name=\"twitter:label1\" content=\"Dur\u00e9e de lecture estim\u00e9e\" \/>\n\t<meta name=\"twitter:data1\" content=\"4 minutes\" \/>\n<script type=\"application\/ld+json\" class=\"yoast-schema-graph\">{\"@context\":\"https:\\\/\\\/schema.org\",\"@graph\":[{\"@type\":\"WebPage\",\"@id\":\"https:\\\/\\\/gardenersfriend.eu\\\/fr\\\/produit\\\/herbicide-chwastox-390-trio-sl\\\/\",\"url\":\"https:\\\/\\\/gardenersfriend.eu\\\/fr\\\/produit\\\/herbicide-chwastox-390-trio-sl\\\/\",\"name\":\"Herbicide Chwastox 390 Trio SL - Gardeners Friend\",\"isPartOf\":{\"@id\":\"https:\\\/\\\/gardenersfriend.eu\\\/fr\\\/#website\"},\"primaryImageOfPage\":{\"@id\":\"https:\\\/\\\/gardenersfriend.eu\\\/fr\\\/produit\\\/herbicide-chwastox-390-trio-sl\\\/#primaryimage\"},\"image\":{\"@id\":\"https:\\\/\\\/gardenersfriend.eu\\\/fr\\\/produit\\\/herbicide-chwastox-390-trio-sl\\\/#primaryimage\"},\"thumbnailUrl\":\"https:\\\/\\\/gardenersfriend.eu\\\/wp-content\\\/uploads\\\/2025\\\/06\\\/chwastox390Trio1L-1.png\",\"datePublished\":\"2025-06-04T20:34:12+00:00\",\"dateModified\":\"2026-03-19T19:58:48+00:00\",\"description\":\"Chwastox Trio 390 est un herbicide sous forme de concentr\u00e9, appliqu\u00e9 par voie foliaire, destin\u00e9 \u00e0 la lutte en post-lev\u00e9e contre les mauvaises herbes annuelles dicotyl\u00e9dones.\",\"breadcrumb\":{\"@id\":\"https:\\\/\\\/gardenersfriend.eu\\\/fr\\\/produit\\\/herbicide-chwastox-390-trio-sl\\\/#breadcrumb\"},\"inLanguage\":\"fr-FR\",\"potentialAction\":[{\"@type\":\"ReadAction\",\"target\":[\"https:\\\/\\\/gardenersfriend.eu\\\/fr\\\/produit\\\/herbicide-chwastox-390-trio-sl\\\/\"]}]},{\"@type\":\"ImageObject\",\"inLanguage\":\"fr-FR\",\"@id\":\"https:\\\/\\\/gardenersfriend.eu\\\/fr\\\/produit\\\/herbicide-chwastox-390-trio-sl\\\/#primaryimage\",\"url\":\"https:\\\/\\\/gardenersfriend.eu\\\/wp-content\\\/uploads\\\/2025\\\/06\\\/chwastox390Trio1L-1.png\",\"contentUrl\":\"https:\\\/\\\/gardenersfriend.eu\\\/wp-content\\\/uploads\\\/2025\\\/06\\\/chwastox390Trio1L-1.png\",\"width\":2048,\"height\":2048,\"caption\":\"Chwastox 390 Trio 1L\"},{\"@type\":\"BreadcrumbList\",\"@id\":\"https:\\\/\\\/gardenersfriend.eu\\\/fr\\\/produit\\\/herbicide-chwastox-390-trio-sl\\\/#breadcrumb\",\"itemListElement\":[{\"@type\":\"ListItem\",\"position\":1,\"name\":\"Strona g\u0142\u00f3wna\",\"item\":\"https:\\\/\\\/gardenersfriend.eu\\\/fr\\\/\"},{\"@type\":\"ListItem\",\"position\":2,\"name\":\"Boutique\",\"item\":\"https:\\\/\\\/gardenersfriend.eu\\\/shop\\\/\"},{\"@type\":\"ListItem\",\"position\":3,\"name\":\"Herbicide Chwastox 390 Trio SL\"}]},{\"@type\":\"WebSite\",\"@id\":\"https:\\\/\\\/gardenersfriend.eu\\\/fr\\\/#website\",\"url\":\"https:\\\/\\\/gardenersfriend.eu\\\/fr\\\/\",\"name\":\"Gardeners Friend\",\"description\":\"herbicides, fertilisers, roundup\",\"publisher\":{\"@id\":\"https:\\\/\\\/gardenersfriend.eu\\\/fr\\\/#organization\"},\"potentialAction\":[{\"@type\":\"SearchAction\",\"target\":{\"@type\":\"EntryPoint\",\"urlTemplate\":\"https:\\\/\\\/gardenersfriend.eu\\\/fr\\\/?s={search_term_string}\"},\"query-input\":{\"@type\":\"PropertyValueSpecification\",\"valueRequired\":true,\"valueName\":\"search_term_string\"}}],\"inLanguage\":\"fr-FR\"},{\"@type\":\"Organization\",\"@id\":\"https:\\\/\\\/gardenersfriend.eu\\\/fr\\\/#organization\",\"name\":\"Gardeners Friend\",\"url\":\"https:\\\/\\\/gardenersfriend.eu\\\/fr\\\/\",\"logo\":{\"@type\":\"ImageObject\",\"inLanguage\":\"fr-FR\",\"@id\":\"https:\\\/\\\/gardenersfriend.eu\\\/fr\\\/#\\\/schema\\\/logo\\\/image\\\/\",\"url\":\"https:\\\/\\\/gardenersfriend.eu\\\/wp-content\\\/uploads\\\/2025\\\/09\\\/gf_accepted_big_logo.png\",\"contentUrl\":\"https:\\\/\\\/gardenersfriend.eu\\\/wp-content\\\/uploads\\\/2025\\\/09\\\/gf_accepted_big_logo.png\",\"width\":2000,\"height\":1000,\"caption\":\"Gardeners Friend\"},\"image\":{\"@id\":\"https:\\\/\\\/gardenersfriend.eu\\\/fr\\\/#\\\/schema\\\/logo\\\/image\\\/\"},\"sameAs\":[\"https:\\\/\\\/www.facebook.com\\\/people\\\/Gardeners-Friend-Store\\\/61566268054378\\\/\",\"https:\\\/\\\/www.instagram.com\\\/gardeners_friend_store\\\/\"]}]}<\/script>\n<!-- \/ Yoast SEO plugin. -->","yoast_head_json":{"title":"Herbicide Chwastox 390 Trio SL - Gardeners Friend","description":"Chwastox Trio 390 est un herbicide sous forme de concentr\u00e9, appliqu\u00e9 par voie foliaire, destin\u00e9 \u00e0 la lutte en post-lev\u00e9e contre les mauvaises herbes annuelles dicotyl\u00e9dones.","robots":{"index":"index","follow":"follow","max-snippet":"max-snippet:-1","max-image-preview":"max-image-preview:large","max-video-preview":"max-video-preview:-1"},"canonical":"https:\/\/gardenersfriend.eu\/fr\/produit\/herbicide-chwastox-390-trio-sl\/","og_locale":"fr_FR","og_type":"article","og_title":"Herbicide Chwastox 390 Trio SL - Gardeners Friend","og_description":"Chwastox Trio 390 est un herbicide sous forme de concentr\u00e9, appliqu\u00e9 par voie foliaire, destin\u00e9 \u00e0 la lutte en post-lev\u00e9e contre les mauvaises herbes annuelles dicotyl\u00e9dones.","og_url":"https:\/\/gardenersfriend.eu\/fr\/produit\/herbicide-chwastox-390-trio-sl\/","og_site_name":"Gardeners Friend","article_publisher":"https:\/\/www.facebook.com\/people\/Gardeners-Friend-Store\/61566268054378\/","article_modified_time":"2026-03-19T19:58:48+00:00","og_image":[{"width":2048,"height":2048,"url":"https:\/\/gardenersfriend.eu\/wp-content\/uploads\/2025\/06\/chwastox390Trio1L-1.png","type":"image\/png"}],"twitter_card":"summary_large_image","twitter_misc":{"Dur\u00e9e de lecture estim\u00e9e":"4 minutes"},"schema":{"@context":"https:\/\/schema.org","@graph":[{"@type":"WebPage","@id":"https:\/\/gardenersfriend.eu\/fr\/produit\/herbicide-chwastox-390-trio-sl\/","url":"https:\/\/gardenersfriend.eu\/fr\/produit\/herbicide-chwastox-390-trio-sl\/","name":"Herbicide Chwastox 390 Trio SL - Gardeners Friend","isPartOf":{"@id":"https:\/\/gardenersfriend.eu\/fr\/#website"},"primaryImageOfPage":{"@id":"https:\/\/gardenersfriend.eu\/fr\/produit\/herbicide-chwastox-390-trio-sl\/#primaryimage"},"image":{"@id":"https:\/\/gardenersfriend.eu\/fr\/produit\/herbicide-chwastox-390-trio-sl\/#primaryimage"},"thumbnailUrl":"https:\/\/gardenersfriend.eu\/wp-content\/uploads\/2025\/06\/chwastox390Trio1L-1.png","datePublished":"2025-06-04T20:34:12+00:00","dateModified":"2026-03-19T19:58:48+00:00","description":"Chwastox Trio 390 est un herbicide sous forme de concentr\u00e9, appliqu\u00e9 par voie foliaire, destin\u00e9 \u00e0 la lutte en post-lev\u00e9e contre les mauvaises herbes annuelles dicotyl\u00e9dones.","breadcrumb":{"@id":"https:\/\/gardenersfriend.eu\/fr\/produit\/herbicide-chwastox-390-trio-sl\/#breadcrumb"},"inLanguage":"fr-FR","potentialAction":[{"@type":"ReadAction","target":["https:\/\/gardenersfriend.eu\/fr\/produit\/herbicide-chwastox-390-trio-sl\/"]}]},{"@type":"ImageObject","inLanguage":"fr-FR","@id":"https:\/\/gardenersfriend.eu\/fr\/produit\/herbicide-chwastox-390-trio-sl\/#primaryimage","url":"https:\/\/gardenersfriend.eu\/wp-content\/uploads\/2025\/06\/chwastox390Trio1L-1.png","contentUrl":"https:\/\/gardenersfriend.eu\/wp-content\/uploads\/2025\/06\/chwastox390Trio1L-1.png","width":2048,"height":2048,"caption":"Chwastox 390 Trio 1L"},{"@type":"BreadcrumbList","@id":"https:\/\/gardenersfriend.eu\/fr\/produit\/herbicide-chwastox-390-trio-sl\/#breadcrumb","itemListElement":[{"@type":"ListItem","position":1,"name":"Strona g\u0142\u00f3wna","item":"https:\/\/gardenersfriend.eu\/fr\/"},{"@type":"ListItem","position":2,"name":"Boutique","item":"https:\/\/gardenersfriend.eu\/shop\/"},{"@type":"ListItem","position":3,"name":"Herbicide Chwastox 390 Trio SL"}]},{"@type":"WebSite","@id":"https:\/\/gardenersfriend.eu\/fr\/#website","url":"https:\/\/gardenersfriend.eu\/fr\/","name":"Gardeners Friend","description":"herbicides, fertilisers, roundup","publisher":{"@id":"https:\/\/gardenersfriend.eu\/fr\/#organization"},"potentialAction":[{"@type":"SearchAction","target":{"@type":"EntryPoint","urlTemplate":"https:\/\/gardenersfriend.eu\/fr\/?s={search_term_string}"},"query-input":{"@type":"PropertyValueSpecification","valueRequired":true,"valueName":"search_term_string"}}],"inLanguage":"fr-FR"},{"@type":"Organization","@id":"https:\/\/gardenersfriend.eu\/fr\/#organization","name":"Gardeners Friend","url":"https:\/\/gardenersfriend.eu\/fr\/","logo":{"@type":"ImageObject","inLanguage":"fr-FR","@id":"https:\/\/gardenersfriend.eu\/fr\/#\/schema\/logo\/image\/","url":"https:\/\/gardenersfriend.eu\/wp-content\/uploads\/2025\/09\/gf_accepted_big_logo.png","contentUrl":"https:\/\/gardenersfriend.eu\/wp-content\/uploads\/2025\/09\/gf_accepted_big_logo.png","width":2000,"height":1000,"caption":"Gardeners Friend"},"image":{"@id":"https:\/\/gardenersfriend.eu\/fr\/#\/schema\/logo\/image\/"},"sameAs":["https:\/\/www.facebook.com\/people\/Gardeners-Friend-Store\/61566268054378\/","https:\/\/www.instagram.com\/gardeners_friend_store\/"]}]}},"uagb_featured_image_src":{"full":["https:\/\/gardenersfriend.eu\/wp-content\/uploads\/2025\/06\/chwastox390Trio1L-1.png",2048,2048,false],"thumbnail":["https:\/\/gardenersfriend.eu\/wp-content\/uploads\/2025\/06\/chwastox390Trio1L-1-150x150.png",150,150,true],"medium":["https:\/\/gardenersfriend.eu\/wp-content\/uploads\/2025\/06\/chwastox390Trio1L-1-300x300.png",300,300,true],"medium_large":["https:\/\/gardenersfriend.eu\/wp-content\/uploads\/2025\/06\/chwastox390Trio1L-1-768x768.png",768,768,true],"large":["https:\/\/gardenersfriend.eu\/wp-content\/uploads\/2025\/06\/chwastox390Trio1L-1-1024x1024.png",1024,1024,true],"1536x1536":["https:\/\/gardenersfriend.eu\/wp-content\/uploads\/2025\/06\/chwastox390Trio1L-1-1536x1536.png",1536,1536,true],"2048x2048":["https:\/\/gardenersfriend.eu\/wp-content\/uploads\/2025\/06\/chwastox390Trio1L-1.png",2048,2048,false],"woocommerce_thumbnail":["https:\/\/gardenersfriend.eu\/wp-content\/uploads\/2025\/06\/chwastox390Trio1L-1-300x300.png",300,300,true],"woocommerce_single":["https:\/\/gardenersfriend.eu\/wp-content\/uploads\/2025\/06\/chwastox390Trio1L-1-600x600.png",600,600,true],"woocommerce_gallery_thumbnail":["https:\/\/gardenersfriend.eu\/wp-content\/uploads\/2025\/06\/chwastox390Trio1L-1-100x100.png",100,100,true]},"uagb_author_info":{"display_name":"admin","author_link":"https:\/\/gardenersfriend.eu\/fr\/author\/"},"uagb_comment_info":0,"uagb_excerpt":"Chwastox Triuo 390 SL est un herbicide sous forme de concentr\u00e9 pour la pr\u00e9paration d'une solution aqueuse, appliqu\u00e9 par voie foliaire, destin\u00e9 \u00e0 la lutte en post-lev\u00e9e contre les mauvaises herbes annuelles dicotyl\u00e9dones.","jetpack_sharing_enabled":true,"_links":{"self":[{"href":"https:\/\/gardenersfriend.eu\/fr\/wp-json\/wp\/v2\/product\/4528","targetHints":{"allow":["GET"]}}],"collection":[{"href":"https:\/\/gardenersfriend.eu\/fr\/wp-json\/wp\/v2\/product"}],"about":[{"href":"https:\/\/gardenersfriend.eu\/fr\/wp-json\/wp\/v2\/types\/product"}],"replies":[{"embeddable":true,"href":"https:\/\/gardenersfriend.eu\/fr\/wp-json\/wp\/v2\/comments?post=4528"}],"wp:featuredmedia":[{"embeddable":true,"href":"https:\/\/gardenersfriend.eu\/fr\/wp-json\/wp\/v2\/media\/4466"}],"wp:attachment":[{"href":"https:\/\/gardenersfriend.eu\/fr\/wp-json\/wp\/v2\/media?parent=4528"}],"wp:term":[{"taxonomy":"product_brand","embeddable":true,"href":"https:\/\/gardenersfriend.eu\/fr\/wp-json\/wp\/v2\/product_brand?post=4528"},{"taxonomy":"product_cat","embeddable":true,"href":"https:\/\/gardenersfriend.eu\/fr\/wp-json\/wp\/v2\/product_cat?post=4528"},{"taxonomy":"product_tag","embeddable":true,"href":"https:\/\/gardenersfriend.eu\/fr\/wp-json\/wp\/v2\/product_tag?post=4528"}],"curies":[{"name":"wp","href":"https:\/\/api.w.org\/{rel}","templated":true}]}}