{"id":4535,"date":"2025-06-04T22:18:08","date_gmt":"2025-06-04T20:18:08","guid":{"rendered":"https:\/\/gardenersfriend.eu\/product\/herbicide-chwastox-turbo-340-sl\/"},"modified":"2026-03-19T20:58:39","modified_gmt":"2026-03-19T19:58:39","slug":"herbicide-chwastox-turbo-340-sl","status":"publish","type":"product","link":"https:\/\/gardenersfriend.eu\/fr\/produit\/herbicide-chwastox-turbo-340-sl\/","title":{"rendered":"Herbicide Chwastox Turbo 340 SL"},"content":{"rendered":"<p><strong>Chwastox Turbo 340 SL<\/strong> &#8211; est un herbicide sous forme de concentr\u00e9 pour la pr\u00e9paration d&rsquo;une solution aqueuse, appliqu\u00e9e par voie foliaire, destin\u00e9e \u00e0 la lutte en post-lev\u00e9e contre les mauvaises herbes annuelles dicotyl\u00e9dones.<\/p>\n<p><strong>Chwastox Turbo 340 SL<\/strong> &#8211; est un agent s\u00e9lectif \u00e0 effet syst\u00e9mique, absorb\u00e9 principalement par les feuilles des mauvaises herbes, puis se d\u00e9pla\u00e7ant rapidement dans la plante, provoquant sa d\u00e9formation, l&rsquo;inhibition de sa croissance et sa mort. Il contr\u00f4le le plus efficacement les mauvaises herbes aux premiers stades de d\u00e9veloppement &#8211; plantules, rosettes. Un temps chaud et favorable au d\u00e9veloppement des plantes renforce l&rsquo;effet herbicide de l&rsquo;agent.  <\/p>\n<h2>Effet sur les mauvaises herbes :<\/h2>\n<h3>C\u00e9r\u00e9ales d&rsquo;hiver :<\/h3>\n<ul>\n<li><strong>Adventices sensibles :<\/strong> bleuet, mouron des oiseaux, ch\u00e9nopode blanc, coquelicot des champs, \u00e9lyme inodore, gaillet gratteron, colza spontan\u00e9, bourse-\u00e0-pasteur, bottes des champs.<\/li>\n<li><strong>Adventices mod\u00e9r\u00e9ment sensibles :<\/strong> violette des champs<\/li>\n<\/ul>\n<h3>C\u00e9r\u00e9ales de printemps :<\/h3>\n<ul>\n<li><strong>Mauvaises herbes sensibles :<\/strong> mouron des oiseaux, ch\u00e9nopode blanc, coquelicot des champs, \u00e9lyme des champs, gaillet gratteron, camomille des champs, botte des champs,<\/li>\n<li><strong>Adventices moyennement sensibles : <\/strong>ortie royale, v\u00e9ronique agricole, v\u00e9ronique de Perse, amarante rugueuse.<\/li>\n<li><strong>Mauvaises herbes mod\u00e9r\u00e9ment r\u00e9sistantes :<\/strong> violette des champs<\/li>\n<\/ul>\n<h2>Application de l&rsquo;agent :<\/h2>\n<h3>Orge de printemps, avoine<\/h3>\n<ul>\n<li><strong>Dose maximale\/recommand\u00e9e pour une application unique :<\/strong> 2,0 l\/ha<\/li>\n<li>Afin d&rsquo;\u00e9tendre la gamme des mauvaises herbes contr\u00f4l\u00e9es dans l&rsquo;orge de printemps \u00e0 la moutarde des champs, Chwastox 340 SL peut \u00eatre utilis\u00e9 dans la p\u00e9riode susmentionn\u00e9e en m\u00e9lange avec Chwastox MP 600 SL dans les doses suivantes : Chwastox 340 SL 1,5 l\/ha + Chwastox MP 600 SL 0,5 l\/ha.<\/li>\n<li><strong>Quantit\u00e9 d&rsquo;eau recommand\u00e9e :<\/strong> 200-300 l\/ha.<\/li>\n<li><strong>Pulv\u00e9risation recommand\u00e9e : <\/strong>gouttelettes moyennes<\/li>\n<li><strong>Nombre maximal de traitements pendant la p\u00e9riode de v\u00e9g\u00e9tation :<\/strong> 1<\/li>\n<\/ul>\n<h2>Bl\u00e9 d&rsquo;hiver, triticale d&rsquo;hiver, seigle<\/h2>\n<ul>\n<li><strong>Dose maximale\/recommand\u00e9e pour une application unique : <\/strong>2,5 l\/ha<\/li>\n<li>Afin d&rsquo;\u00e9tendre la gamme des mauvaises herbes contr\u00f4l\u00e9es dans le bl\u00e9 d&rsquo;hiver \u00e0 la camomille et \u00e0 la moutarde des champs, Chwastox Turbo 340 SL peut \u00eatre utilis\u00e9 dans la p\u00e9riode susmentionn\u00e9e en m\u00e9lange avec Chwastox MP 600 SL, respectivement, dans les doses suivantes : Chwastox Turbo 340 SL 1,5 l\/ha + Chwastox MP 600 SL 0,5 l\/ha.<br \/>\nAfin d&rsquo;\u00e9tendre la gamme des mauvaises herbes contr\u00f4l\u00e9es dans le bl\u00e9 d&rsquo;hiver pour inclure l&rsquo;ortie royale, le liseron (renou\u00e9e convolvulus) et la moutarde des champs, Chwastox Turbo 340 SL peut \u00eatre utilis\u00e9 dans le m\u00e9lange ci-dessus avec Ambasador 75.<\/li>\n<\/ul>\n<p class=\"p1\"><strong>\u00c9tiquette : <\/strong><a title=\"Chwastox Turbo 340 SL\" href=\"https:\/\/gardenersfriend.eu\/wp-content\/uploads\/2026\/02\/Chwastox_Turbo_340_SL_FR.pdf\" target=\"_blank\" rel=\"noopener\">Chwastox 340 SL_FR<\/a><\/p>\n<p class=\"p1\"><strong>Site de production :<\/strong> <a title=\"Page Qemetica\" href=\"https:\/\/qemetica-agro.pl\/pl\" target=\"_blank\" rel=\"noopener\">Qemetica<\/a><\/p>\n<h5 style=\"color: #bcbcbc;\">Legal Information<\/h5>\n<p style=\"color: #bcbcbc;\">\nHints! Use pesticides carefully. \nBefore use read the label and product information.\nUse by non-professional users permitted.\nException: The buyer from Belgium declares that\nat the time of purchase he has full legal capacity\nand has the appropriate qualifications required from\npersons purchasing plant protection products.\n\nPursuant to Art. 28 of the Act of March 8, 2013 on plant protection products (Journal of Laws 2020, item 2097), from November 26, 2015, plant protection products intended for professional users may be sold to people who:\n\nPoint 1 - have completed training in the use of plant protection products in the Republic of Poland confirmed by a certificate of completion of this training, or\n\nPoint 2 - have completed training in advising on plant protection products in the Republic of Poland confirmed by a certificate of completion of this training, or\n\nPoint 3 - have completed training in integrated crop production confirmed by a certificate of completion of this training, or\n\nPoint 4 - not earlier than 5 years, prior to the purchase of these funds, have completed the training required from professional users in another Member State of the European Union or in a country being a party to the Agreement on the European Economic Area, on the basis of the provisions in force in that country, confirmed by a document of completion of this training, or they have presented another document issued under the regulations in force in that country, confirming that they obtained authorization to purchase plant protection products intended for professional users.\n\nImportent!\n\nOnly people over 18 years of age can use plant protection products.\n\nPlant protection products should be used safely.\n\nBefore each use, read the information provided on the label and product information.\n\n\n<\/p>\n","protected":false},"excerpt":{"rendered":"<p>Chwastox Turbo 340 SL est un herbicide sous forme de concentr\u00e9 pour la pr\u00e9paration d&rsquo;une solution aqueuse, appliqu\u00e9 par voie foliaire, destin\u00e9 \u00e0 la lutte en post-lev\u00e9e contre les mauvaises herbes annuelles dicotyl\u00e9dones.<\/p>\n","protected":false},"featured_media":4441,"comment_status":"open","ping_status":"closed","template":"","meta":{"_uag_custom_page_level_css":"","site-sidebar-layout":"default","site-content-layout":"","ast-site-content-layout":"default","site-content-style":"default","site-sidebar-style":"default","ast-global-header-display":"","ast-banner-title-visibility":"","ast-main-header-display":"","ast-hfb-above-header-display":"","ast-hfb-below-header-display":"","ast-hfb-mobile-header-display":"","site-post-title":"","ast-breadcrumbs-content":"","ast-featured-img":"","footer-sml-layout":"","ast-disable-related-posts":"","theme-transparent-header-meta":"default","adv-header-id-meta":"","stick-header-meta":"","header-above-stick-meta":"","header-main-stick-meta":"","header-below-stick-meta":"","astra-migrate-meta-layouts":"default","ast-page-background-enabled":"default","ast-page-background-meta":{"desktop":{"background-color":"var(--ast-global-color-4)","background-image":"","background-repeat":"repeat","background-position":"center center","background-size":"auto","background-attachment":"scroll","background-type":"","background-media":"","overlay-type":"","overlay-color":"","overlay-opacity":"","overlay-gradient":""},"tablet":{"background-color":"","background-image":"","background-repeat":"repeat","background-position":"center center","background-size":"auto","background-attachment":"scroll","background-type":"","background-media":"","overlay-type":"","overlay-color":"","overlay-opacity":"","overlay-gradient":""},"mobile":{"background-color":"","background-image":"","background-repeat":"repeat","background-position":"center center","background-size":"auto","background-attachment":"scroll","background-type":"","background-media":"","overlay-type":"","overlay-color":"","overlay-opacity":"","overlay-gradient":""}},"ast-content-background-meta":{"desktop":{"background-color":"var(--ast-global-color-5)","background-image":"","background-repeat":"repeat","background-position":"center center","background-size":"auto","background-attachment":"scroll","background-type":"","background-media":"","overlay-type":"","overlay-color":"","overlay-opacity":"","overlay-gradient":""},"tablet":{"background-color":"var(--ast-global-color-5)","background-image":"","background-repeat":"repeat","background-position":"center center","background-size":"auto","background-attachment":"scroll","background-type":"","background-media":"","overlay-type":"","overlay-color":"","overlay-opacity":"","overlay-gradient":""},"mobile":{"background-color":"var(--ast-global-color-5)","background-image":"","background-repeat":"repeat","background-position":"center center","background-size":"auto","background-attachment":"scroll","background-type":"","background-media":"","overlay-type":"","overlay-color":"","overlay-opacity":"","overlay-gradient":""}}},"product_brand":[],"product_cat":[177,88,87],"product_tag":[],"class_list":{"0":"post-4535","1":"product","2":"type-product","3":"status-publish","4":"has-post-thumbnail","6":"product_cat-herbicide","7":"product_cat-les-plus-populaires","8":"product_cat-tous-les-produits","9":"product_shipping_class-tous","10":"desktop-align-left","11":"tablet-align-left","12":"mobile-align-left","14":"first","15":"instock","16":"taxable","17":"shipping-taxable","18":"purchasable","19":"product-type-variable","20":"has-default-attributes"},"yoast_head":"<!-- This site is optimized with the Yoast SEO plugin v27.4 - https:\/\/yoast.com\/product\/yoast-seo-wordpress\/ -->\n<title>Herbicide Chwastox Turbo 340 SL - Gardeners Friend<\/title>\n<meta name=\"description\" content=\"CHWASTOX TURBO 340 est un herbicide sous forme de concentr\u00e9, destin\u00e9 \u00e0 la lutte en post-lev\u00e9e contre les mauvaises herbes annuelles dicotyl\u00e9dones.\" \/>\n<meta name=\"robots\" content=\"index, follow, max-snippet:-1, max-image-preview:large, max-video-preview:-1\" \/>\n<link rel=\"canonical\" href=\"https:\/\/gardenersfriend.eu\/fr\/produit\/herbicide-chwastox-turbo-340-sl\/\" \/>\n<meta property=\"og:locale\" content=\"fr_FR\" \/>\n<meta property=\"og:type\" content=\"article\" \/>\n<meta property=\"og:title\" content=\"Herbicide Chwastox Turbo 340 SL - Gardeners Friend\" \/>\n<meta property=\"og:description\" content=\"CHWASTOX TURBO 340 est un herbicide sous forme de concentr\u00e9, destin\u00e9 \u00e0 la lutte en post-lev\u00e9e contre les mauvaises herbes annuelles dicotyl\u00e9dones.\" \/>\n<meta property=\"og:url\" content=\"https:\/\/gardenersfriend.eu\/fr\/produit\/herbicide-chwastox-turbo-340-sl\/\" \/>\n<meta property=\"og:site_name\" content=\"Gardeners Friend\" \/>\n<meta property=\"article:publisher\" content=\"https:\/\/www.facebook.com\/people\/Gardeners-Friend-Store\/61566268054378\/\" \/>\n<meta property=\"article:modified_time\" content=\"2026-03-19T19:58:39+00:00\" \/>\n<meta property=\"og:image\" content=\"https:\/\/gardenersfriend.eu\/wp-content\/uploads\/2025\/06\/Chwastox-turbo-340sl-1L-1.png\" \/>\n\t<meta property=\"og:image:width\" content=\"2048\" \/>\n\t<meta property=\"og:image:height\" content=\"2048\" \/>\n\t<meta property=\"og:image:type\" content=\"image\/png\" \/>\n<meta name=\"twitter:card\" content=\"summary_large_image\" \/>\n<meta name=\"twitter:label1\" content=\"Dur\u00e9e de lecture estim\u00e9e\" \/>\n\t<meta name=\"twitter:data1\" content=\"2 minutes\" \/>\n<script type=\"application\/ld+json\" class=\"yoast-schema-graph\">{\"@context\":\"https:\\\/\\\/schema.org\",\"@graph\":[{\"@type\":\"WebPage\",\"@id\":\"https:\\\/\\\/gardenersfriend.eu\\\/fr\\\/produit\\\/herbicide-chwastox-turbo-340-sl\\\/\",\"url\":\"https:\\\/\\\/gardenersfriend.eu\\\/fr\\\/produit\\\/herbicide-chwastox-turbo-340-sl\\\/\",\"name\":\"Herbicide Chwastox Turbo 340 SL - Gardeners Friend\",\"isPartOf\":{\"@id\":\"https:\\\/\\\/gardenersfriend.eu\\\/fr\\\/#website\"},\"primaryImageOfPage\":{\"@id\":\"https:\\\/\\\/gardenersfriend.eu\\\/fr\\\/produit\\\/herbicide-chwastox-turbo-340-sl\\\/#primaryimage\"},\"image\":{\"@id\":\"https:\\\/\\\/gardenersfriend.eu\\\/fr\\\/produit\\\/herbicide-chwastox-turbo-340-sl\\\/#primaryimage\"},\"thumbnailUrl\":\"https:\\\/\\\/gardenersfriend.eu\\\/wp-content\\\/uploads\\\/2025\\\/06\\\/Chwastox-turbo-340sl-1L-1.png\",\"datePublished\":\"2025-06-04T20:18:08+00:00\",\"dateModified\":\"2026-03-19T19:58:39+00:00\",\"description\":\"CHWASTOX TURBO 340 est un herbicide sous forme de concentr\u00e9, destin\u00e9 \u00e0 la lutte en post-lev\u00e9e contre les mauvaises herbes annuelles dicotyl\u00e9dones.\",\"breadcrumb\":{\"@id\":\"https:\\\/\\\/gardenersfriend.eu\\\/fr\\\/produit\\\/herbicide-chwastox-turbo-340-sl\\\/#breadcrumb\"},\"inLanguage\":\"fr-FR\",\"potentialAction\":[{\"@type\":\"ReadAction\",\"target\":[\"https:\\\/\\\/gardenersfriend.eu\\\/fr\\\/produit\\\/herbicide-chwastox-turbo-340-sl\\\/\"]}]},{\"@type\":\"ImageObject\",\"inLanguage\":\"fr-FR\",\"@id\":\"https:\\\/\\\/gardenersfriend.eu\\\/fr\\\/produit\\\/herbicide-chwastox-turbo-340-sl\\\/#primaryimage\",\"url\":\"https:\\\/\\\/gardenersfriend.eu\\\/wp-content\\\/uploads\\\/2025\\\/06\\\/Chwastox-turbo-340sl-1L-1.png\",\"contentUrl\":\"https:\\\/\\\/gardenersfriend.eu\\\/wp-content\\\/uploads\\\/2025\\\/06\\\/Chwastox-turbo-340sl-1L-1.png\",\"width\":2048,\"height\":2048,\"caption\":\"Chwastox turbo 340 sl 1L\"},{\"@type\":\"BreadcrumbList\",\"@id\":\"https:\\\/\\\/gardenersfriend.eu\\\/fr\\\/produit\\\/herbicide-chwastox-turbo-340-sl\\\/#breadcrumb\",\"itemListElement\":[{\"@type\":\"ListItem\",\"position\":1,\"name\":\"Strona g\u0142\u00f3wna\",\"item\":\"https:\\\/\\\/gardenersfriend.eu\\\/fr\\\/\"},{\"@type\":\"ListItem\",\"position\":2,\"name\":\"Boutique\",\"item\":\"https:\\\/\\\/gardenersfriend.eu\\\/shop\\\/\"},{\"@type\":\"ListItem\",\"position\":3,\"name\":\"Herbicide Chwastox Turbo 340 SL\"}]},{\"@type\":\"WebSite\",\"@id\":\"https:\\\/\\\/gardenersfriend.eu\\\/fr\\\/#website\",\"url\":\"https:\\\/\\\/gardenersfriend.eu\\\/fr\\\/\",\"name\":\"Gardeners Friend\",\"description\":\"herbicides, fertilisers, roundup\",\"publisher\":{\"@id\":\"https:\\\/\\\/gardenersfriend.eu\\\/fr\\\/#organization\"},\"potentialAction\":[{\"@type\":\"SearchAction\",\"target\":{\"@type\":\"EntryPoint\",\"urlTemplate\":\"https:\\\/\\\/gardenersfriend.eu\\\/fr\\\/?s={search_term_string}\"},\"query-input\":{\"@type\":\"PropertyValueSpecification\",\"valueRequired\":true,\"valueName\":\"search_term_string\"}}],\"inLanguage\":\"fr-FR\"},{\"@type\":\"Organization\",\"@id\":\"https:\\\/\\\/gardenersfriend.eu\\\/fr\\\/#organization\",\"name\":\"Gardeners Friend\",\"url\":\"https:\\\/\\\/gardenersfriend.eu\\\/fr\\\/\",\"logo\":{\"@type\":\"ImageObject\",\"inLanguage\":\"fr-FR\",\"@id\":\"https:\\\/\\\/gardenersfriend.eu\\\/fr\\\/#\\\/schema\\\/logo\\\/image\\\/\",\"url\":\"https:\\\/\\\/gardenersfriend.eu\\\/wp-content\\\/uploads\\\/2025\\\/09\\\/gf_accepted_big_logo.png\",\"contentUrl\":\"https:\\\/\\\/gardenersfriend.eu\\\/wp-content\\\/uploads\\\/2025\\\/09\\\/gf_accepted_big_logo.png\",\"width\":2000,\"height\":1000,\"caption\":\"Gardeners Friend\"},\"image\":{\"@id\":\"https:\\\/\\\/gardenersfriend.eu\\\/fr\\\/#\\\/schema\\\/logo\\\/image\\\/\"},\"sameAs\":[\"https:\\\/\\\/www.facebook.com\\\/people\\\/Gardeners-Friend-Store\\\/61566268054378\\\/\",\"https:\\\/\\\/www.instagram.com\\\/gardeners_friend_store\\\/\"]}]}<\/script>\n<!-- \/ Yoast SEO plugin. -->","yoast_head_json":{"title":"Herbicide Chwastox Turbo 340 SL - Gardeners Friend","description":"CHWASTOX TURBO 340 est un herbicide sous forme de concentr\u00e9, destin\u00e9 \u00e0 la lutte en post-lev\u00e9e contre les mauvaises herbes annuelles dicotyl\u00e9dones.","robots":{"index":"index","follow":"follow","max-snippet":"max-snippet:-1","max-image-preview":"max-image-preview:large","max-video-preview":"max-video-preview:-1"},"canonical":"https:\/\/gardenersfriend.eu\/fr\/produit\/herbicide-chwastox-turbo-340-sl\/","og_locale":"fr_FR","og_type":"article","og_title":"Herbicide Chwastox Turbo 340 SL - Gardeners Friend","og_description":"CHWASTOX TURBO 340 est un herbicide sous forme de concentr\u00e9, destin\u00e9 \u00e0 la lutte en post-lev\u00e9e contre les mauvaises herbes annuelles dicotyl\u00e9dones.","og_url":"https:\/\/gardenersfriend.eu\/fr\/produit\/herbicide-chwastox-turbo-340-sl\/","og_site_name":"Gardeners Friend","article_publisher":"https:\/\/www.facebook.com\/people\/Gardeners-Friend-Store\/61566268054378\/","article_modified_time":"2026-03-19T19:58:39+00:00","og_image":[{"width":2048,"height":2048,"url":"https:\/\/gardenersfriend.eu\/wp-content\/uploads\/2025\/06\/Chwastox-turbo-340sl-1L-1.png","type":"image\/png"}],"twitter_card":"summary_large_image","twitter_misc":{"Dur\u00e9e de lecture estim\u00e9e":"2 minutes"},"schema":{"@context":"https:\/\/schema.org","@graph":[{"@type":"WebPage","@id":"https:\/\/gardenersfriend.eu\/fr\/produit\/herbicide-chwastox-turbo-340-sl\/","url":"https:\/\/gardenersfriend.eu\/fr\/produit\/herbicide-chwastox-turbo-340-sl\/","name":"Herbicide Chwastox Turbo 340 SL - Gardeners Friend","isPartOf":{"@id":"https:\/\/gardenersfriend.eu\/fr\/#website"},"primaryImageOfPage":{"@id":"https:\/\/gardenersfriend.eu\/fr\/produit\/herbicide-chwastox-turbo-340-sl\/#primaryimage"},"image":{"@id":"https:\/\/gardenersfriend.eu\/fr\/produit\/herbicide-chwastox-turbo-340-sl\/#primaryimage"},"thumbnailUrl":"https:\/\/gardenersfriend.eu\/wp-content\/uploads\/2025\/06\/Chwastox-turbo-340sl-1L-1.png","datePublished":"2025-06-04T20:18:08+00:00","dateModified":"2026-03-19T19:58:39+00:00","description":"CHWASTOX TURBO 340 est un herbicide sous forme de concentr\u00e9, destin\u00e9 \u00e0 la lutte en post-lev\u00e9e contre les mauvaises herbes annuelles dicotyl\u00e9dones.","breadcrumb":{"@id":"https:\/\/gardenersfriend.eu\/fr\/produit\/herbicide-chwastox-turbo-340-sl\/#breadcrumb"},"inLanguage":"fr-FR","potentialAction":[{"@type":"ReadAction","target":["https:\/\/gardenersfriend.eu\/fr\/produit\/herbicide-chwastox-turbo-340-sl\/"]}]},{"@type":"ImageObject","inLanguage":"fr-FR","@id":"https:\/\/gardenersfriend.eu\/fr\/produit\/herbicide-chwastox-turbo-340-sl\/#primaryimage","url":"https:\/\/gardenersfriend.eu\/wp-content\/uploads\/2025\/06\/Chwastox-turbo-340sl-1L-1.png","contentUrl":"https:\/\/gardenersfriend.eu\/wp-content\/uploads\/2025\/06\/Chwastox-turbo-340sl-1L-1.png","width":2048,"height":2048,"caption":"Chwastox turbo 340 sl 1L"},{"@type":"BreadcrumbList","@id":"https:\/\/gardenersfriend.eu\/fr\/produit\/herbicide-chwastox-turbo-340-sl\/#breadcrumb","itemListElement":[{"@type":"ListItem","position":1,"name":"Strona g\u0142\u00f3wna","item":"https:\/\/gardenersfriend.eu\/fr\/"},{"@type":"ListItem","position":2,"name":"Boutique","item":"https:\/\/gardenersfriend.eu\/shop\/"},{"@type":"ListItem","position":3,"name":"Herbicide Chwastox Turbo 340 SL"}]},{"@type":"WebSite","@id":"https:\/\/gardenersfriend.eu\/fr\/#website","url":"https:\/\/gardenersfriend.eu\/fr\/","name":"Gardeners Friend","description":"herbicides, fertilisers, roundup","publisher":{"@id":"https:\/\/gardenersfriend.eu\/fr\/#organization"},"potentialAction":[{"@type":"SearchAction","target":{"@type":"EntryPoint","urlTemplate":"https:\/\/gardenersfriend.eu\/fr\/?s={search_term_string}"},"query-input":{"@type":"PropertyValueSpecification","valueRequired":true,"valueName":"search_term_string"}}],"inLanguage":"fr-FR"},{"@type":"Organization","@id":"https:\/\/gardenersfriend.eu\/fr\/#organization","name":"Gardeners Friend","url":"https:\/\/gardenersfriend.eu\/fr\/","logo":{"@type":"ImageObject","inLanguage":"fr-FR","@id":"https:\/\/gardenersfriend.eu\/fr\/#\/schema\/logo\/image\/","url":"https:\/\/gardenersfriend.eu\/wp-content\/uploads\/2025\/09\/gf_accepted_big_logo.png","contentUrl":"https:\/\/gardenersfriend.eu\/wp-content\/uploads\/2025\/09\/gf_accepted_big_logo.png","width":2000,"height":1000,"caption":"Gardeners Friend"},"image":{"@id":"https:\/\/gardenersfriend.eu\/fr\/#\/schema\/logo\/image\/"},"sameAs":["https:\/\/www.facebook.com\/people\/Gardeners-Friend-Store\/61566268054378\/","https:\/\/www.instagram.com\/gardeners_friend_store\/"]}]}},"uagb_featured_image_src":{"full":["https:\/\/gardenersfriend.eu\/wp-content\/uploads\/2025\/06\/Chwastox-turbo-340sl-1L-1.png",2048,2048,false],"thumbnail":["https:\/\/gardenersfriend.eu\/wp-content\/uploads\/2025\/06\/Chwastox-turbo-340sl-1L-1-150x150.png",150,150,true],"medium":["https:\/\/gardenersfriend.eu\/wp-content\/uploads\/2025\/06\/Chwastox-turbo-340sl-1L-1-300x300.png",300,300,true],"medium_large":["https:\/\/gardenersfriend.eu\/wp-content\/uploads\/2025\/06\/Chwastox-turbo-340sl-1L-1-768x768.png",768,768,true],"large":["https:\/\/gardenersfriend.eu\/wp-content\/uploads\/2025\/06\/Chwastox-turbo-340sl-1L-1-1024x1024.png",1024,1024,true],"1536x1536":["https:\/\/gardenersfriend.eu\/wp-content\/uploads\/2025\/06\/Chwastox-turbo-340sl-1L-1-1536x1536.png",1536,1536,true],"2048x2048":["https:\/\/gardenersfriend.eu\/wp-content\/uploads\/2025\/06\/Chwastox-turbo-340sl-1L-1.png",2048,2048,false],"woocommerce_thumbnail":["https:\/\/gardenersfriend.eu\/wp-content\/uploads\/2025\/06\/Chwastox-turbo-340sl-1L-1-300x300.png",300,300,true],"woocommerce_single":["https:\/\/gardenersfriend.eu\/wp-content\/uploads\/2025\/06\/Chwastox-turbo-340sl-1L-1-600x600.png",600,600,true],"woocommerce_gallery_thumbnail":["https:\/\/gardenersfriend.eu\/wp-content\/uploads\/2025\/06\/Chwastox-turbo-340sl-1L-1-100x100.png",100,100,true]},"uagb_author_info":{"display_name":"admin","author_link":"https:\/\/gardenersfriend.eu\/fr\/author\/"},"uagb_comment_info":0,"uagb_excerpt":"Chwastox Turbo 340 SL est un herbicide sous forme de concentr\u00e9 pour la pr\u00e9paration d'une solution aqueuse, appliqu\u00e9 par voie foliaire, destin\u00e9 \u00e0 la lutte en post-lev\u00e9e contre les mauvaises herbes annuelles dicotyl\u00e9dones.","jetpack_sharing_enabled":true,"_links":{"self":[{"href":"https:\/\/gardenersfriend.eu\/fr\/wp-json\/wp\/v2\/product\/4535","targetHints":{"allow":["GET"]}}],"collection":[{"href":"https:\/\/gardenersfriend.eu\/fr\/wp-json\/wp\/v2\/product"}],"about":[{"href":"https:\/\/gardenersfriend.eu\/fr\/wp-json\/wp\/v2\/types\/product"}],"replies":[{"embeddable":true,"href":"https:\/\/gardenersfriend.eu\/fr\/wp-json\/wp\/v2\/comments?post=4535"}],"wp:featuredmedia":[{"embeddable":true,"href":"https:\/\/gardenersfriend.eu\/fr\/wp-json\/wp\/v2\/media\/4441"}],"wp:attachment":[{"href":"https:\/\/gardenersfriend.eu\/fr\/wp-json\/wp\/v2\/media?parent=4535"}],"wp:term":[{"taxonomy":"product_brand","embeddable":true,"href":"https:\/\/gardenersfriend.eu\/fr\/wp-json\/wp\/v2\/product_brand?post=4535"},{"taxonomy":"product_cat","embeddable":true,"href":"https:\/\/gardenersfriend.eu\/fr\/wp-json\/wp\/v2\/product_cat?post=4535"},{"taxonomy":"product_tag","embeddable":true,"href":"https:\/\/gardenersfriend.eu\/fr\/wp-json\/wp\/v2\/product_tag?post=4535"}],"curies":[{"name":"wp","href":"https:\/\/api.w.org\/{rel}","templated":true}]}}