{"id":4567,"date":"2025-06-04T21:55:27","date_gmt":"2025-06-04T19:55:27","guid":{"rendered":"https:\/\/gardenersfriend.eu\/product\/herbicide-chwastox-extra-300-sl\/"},"modified":"2026-03-19T20:58:32","modified_gmt":"2026-03-19T19:58:32","slug":"herbicide-chwastox-extra-300-sl","status":"publish","type":"product","link":"https:\/\/gardenersfriend.eu\/fr\/produit\/herbicide-chwastox-extra-300-sl\/","title":{"rendered":"Chwastox Extra 300 SL Herbicide"},"content":{"rendered":"<h2>Chwastox Extra 300 SL &#8211; description du produit<\/h2>\n<p>Chwastox Extra 300 SL est un herbicide destin\u00e9 \u00e0 lutter contre le blanc gourmand, le pigment des champs, les bulles des champs et d&rsquo;autres mauvaises herbes dans les c\u00e9r\u00e9ales de printemps et d&rsquo;hiver, et en m\u00e9lange avec, entre autres, l&rsquo;herbicide agrosar 360 sl &#8211; \u00e9galement dans les pommiers.<\/p>\n<p><strong>Herbicide s\u00e9lectif \u00e0 action syst\u00e9mique pour application foliaire, sous forme de liquide pour la pr\u00e9paration d&rsquo;une solution aqueuse<\/strong>. Dans la culture des pommes, le Chwastox 300 SL utilis\u00e9 en m\u00e9lange avec l&rsquo;herbicide non s\u00e9lectif Agrosar 360 SL permet de lutter, entre autres, contre les mauvaises herbes vivaces g\u00eanantes telles que la pr\u00eale et le chiendent.  <\/p>\n<h2>Comment fonctionne Chwastox Extra 300 ?<\/h2>\n<p>L&rsquo;agent est absorb\u00e9 principalement par les feuilles des mauvaises herbes, provoquant leur d\u00e9formation, puis l&rsquo;inhibition de la croissance et la mort des plantes. Il d\u00e9truit les mauvaises herbes le plus efficacement dans la phase de 2 \u00e0 6 feuilles. <\/p>\n<h2>Quelle est la substance active de Chwastox Extra 300 ?<\/h2>\n<ul>\n<li>MCPA (compos\u00e9 acide ph\u00e9noxy) &#8211; 300 g\/l (26,5 %)<\/li>\n<\/ul>\n<h2>Dosage &#8211; comment utiliser Chwastox Extra 300 ?<\/h2>\n<ul>\n<li>Dose recommand\u00e9e pour un usage unique : 3,0 l\/ha<\/li>\n<li>En combinaison avec Agrosar 360 SL : Chwastox Extra 300 \u00e0 la dose de 2,5 l\/ha + Agrosar 360 SL \u00e0 la dose de 5,0 l\/ha.<\/li>\n<\/ul>\n<h2>Dans quelles cultures Chwastox Extra 300 peut-il \u00eatre utilis\u00e9 ?<\/h2>\n<ul>\n<li>Bl\u00e9 de printemps et d&rsquo;hiver,<\/li>\n<li>triticale de printemps et d&rsquo;hiver,<\/li>\n<li>avoine<\/li>\n<li>seigle<\/li>\n<li>pommier.<\/li>\n<\/ul>\n<h2>Que combat Chwastox Extra 300 ?<\/h2>\n<ul>\n<li><strong>Adventices sensibles<\/strong>: fumeterre commun, moutarde des champs, ch\u00e9nopode blanc, pimpernel des champs, delphinium des champs, \u0153il de faisan, \u0153il de chien, bourse-\u00e0-pasteur, bottes des champs, euphorbe.<\/li>\n<li><strong>Mauvaises herbes moyennement sensibles<\/strong>: bleuet, coquelicot.<\/li>\n<li><strong>Mauvaises herbes moyennement r\u00e9sistantes<\/strong>: mouron des oiseaux, myosotis des champs, liseron (syn. liseron), amarante rugueuse.<\/li>\n<li><strong>Mauvaises herbes sensibles<\/strong>: g\u00e9ranium, \u00e9chinochloa pied-de-coq, mouron des oiseaux, ch\u00e9nopode blanc, pissenlit, chiendent, \u00e9perlan du Canada, renou\u00e9e des oiseaux, pr\u00eale des champs, bourse-\u00e0-pasteur, p\u00e2turin annuel, \u00e9pilobe glanduleux.<\/li>\n<\/ul>\n<h2>Recommandations pour l&rsquo;utilisation de Chwastox Extra 300 SL<\/h2>\n<p>Utilisez le produit du printemps \u00e0 l&rsquo;automne sur les mauvaises herbes vertes pendant leur croissance intensive.<\/p>\n<h2>Avantages de l&rsquo;utilisation de Chwastox Extra 300 SL<\/h2>\n<p>limite l&rsquo;apparition des esp\u00e8ces de mauvaises herbes de base,<br \/>\nenregistr\u00e9 dans les principales esp\u00e8ces de c\u00e9r\u00e9ales,<br \/>\nprolonge et renforce l&rsquo;effet herbicide dans les m\u00e9langes de pulv\u00e9risation,<br \/>\npeut \u00eatre utilis\u00e9 en combinaison avec l&rsquo;herbicide non s\u00e9lectif Agrosar 360 SL.<\/p>\n<p class=\"p1\"><strong>\u00c9tiquette : <\/strong><a title=\"Chwastox 300 SL\" href=\"https:\/\/gardenersfriend.eu\/wp-content\/uploads\/2026\/02\/Chwastox_Extra_300_SL_FR.pdf\" target=\"_blank\" rel=\"noopener\">Chwastox 300 SL_FR<\/a><\/p>\n<p class=\"p1\"><strong>Site de production :<\/strong> <a title=\"Page Qemetica\" href=\"https:\/\/qemetica-agro.pl\/pl\" target=\"_blank\" rel=\"noopener\">Qemetica<\/a><\/p>\n<h5 style=\"color: #bcbcbc;\">Legal Information<\/h5>\n<p style=\"color: #bcbcbc;\">\nHints! Use pesticides carefully. \nBefore use read the label and product information.\nUse by non-professional users permitted.\nException: The buyer from Belgium declares that\nat the time of purchase he has full legal capacity\nand has the appropriate qualifications required from\npersons purchasing plant protection products.\n\nPursuant to Art. 28 of the Act of March 8, 2013 on plant protection products (Journal of Laws 2020, item 2097), from November 26, 2015, plant protection products intended for professional users may be sold to people who:\n\nPoint 1 - have completed training in the use of plant protection products in the Republic of Poland confirmed by a certificate of completion of this training, or\n\nPoint 2 - have completed training in advising on plant protection products in the Republic of Poland confirmed by a certificate of completion of this training, or\n\nPoint 3 - have completed training in integrated crop production confirmed by a certificate of completion of this training, or\n\nPoint 4 - not earlier than 5 years, prior to the purchase of these funds, have completed the training required from professional users in another Member State of the European Union or in a country being a party to the Agreement on the European Economic Area, on the basis of the provisions in force in that country, confirmed by a document of completion of this training, or they have presented another document issued under the regulations in force in that country, confirming that they obtained authorization to purchase plant protection products intended for professional users.\n\nImportent!\n\nOnly people over 18 years of age can use plant protection products.\n\nPlant protection products should be used safely.\n\nBefore each use, read the information provided on the label and product information.\n\n\n<\/p>\n","protected":false},"excerpt":{"rendered":"<p class=\"p1\">Chwastox Extra 300 SL &#8211; herbicide pour lutter contre le blanc gourmand, le pigment des champs, les bulles des champs et d&rsquo;autres mauvaises herbes dans les c\u00e9r\u00e9ales de printemps et d&rsquo;hiver.<\/p>\n","protected":false},"featured_media":4415,"comment_status":"open","ping_status":"closed","template":"","meta":{"_uag_custom_page_level_css":"","site-sidebar-layout":"default","site-content-layout":"","ast-site-content-layout":"default","site-content-style":"default","site-sidebar-style":"default","ast-global-header-display":"","ast-banner-title-visibility":"","ast-main-header-display":"","ast-hfb-above-header-display":"","ast-hfb-below-header-display":"","ast-hfb-mobile-header-display":"","site-post-title":"","ast-breadcrumbs-content":"","ast-featured-img":"","footer-sml-layout":"","ast-disable-related-posts":"","theme-transparent-header-meta":"default","adv-header-id-meta":"","stick-header-meta":"","header-above-stick-meta":"","header-main-stick-meta":"","header-below-stick-meta":"","astra-migrate-meta-layouts":"default","ast-page-background-enabled":"default","ast-page-background-meta":{"desktop":{"background-color":"var(--ast-global-color-4)","background-image":"","background-repeat":"repeat","background-position":"center center","background-size":"auto","background-attachment":"scroll","background-type":"","background-media":"","overlay-type":"","overlay-color":"","overlay-opacity":"","overlay-gradient":""},"tablet":{"background-color":"","background-image":"","background-repeat":"repeat","background-position":"center center","background-size":"auto","background-attachment":"scroll","background-type":"","background-media":"","overlay-type":"","overlay-color":"","overlay-opacity":"","overlay-gradient":""},"mobile":{"background-color":"","background-image":"","background-repeat":"repeat","background-position":"center center","background-size":"auto","background-attachment":"scroll","background-type":"","background-media":"","overlay-type":"","overlay-color":"","overlay-opacity":"","overlay-gradient":""}},"ast-content-background-meta":{"desktop":{"background-color":"var(--ast-global-color-5)","background-image":"","background-repeat":"repeat","background-position":"center center","background-size":"auto","background-attachment":"scroll","background-type":"","background-media":"","overlay-type":"","overlay-color":"","overlay-opacity":"","overlay-gradient":""},"tablet":{"background-color":"var(--ast-global-color-5)","background-image":"","background-repeat":"repeat","background-position":"center center","background-size":"auto","background-attachment":"scroll","background-type":"","background-media":"","overlay-type":"","overlay-color":"","overlay-opacity":"","overlay-gradient":""},"mobile":{"background-color":"var(--ast-global-color-5)","background-image":"","background-repeat":"repeat","background-position":"center center","background-size":"auto","background-attachment":"scroll","background-type":"","background-media":"","overlay-type":"","overlay-color":"","overlay-opacity":"","overlay-gradient":""}}},"product_brand":[],"product_cat":[177,88,87],"product_tag":[],"class_list":{"0":"post-4567","1":"product","2":"type-product","3":"status-publish","4":"has-post-thumbnail","6":"product_cat-herbicide","7":"product_cat-les-plus-populaires","8":"product_cat-tous-les-produits","9":"product_shipping_class-tous","10":"desktop-align-left","11":"tablet-align-left","12":"mobile-align-left","14":"first","15":"instock","16":"taxable","17":"shipping-taxable","18":"purchasable","19":"product-type-variable","20":"has-default-attributes"},"yoast_head":"<!-- This site is optimized with the Yoast SEO plugin v27.4 - https:\/\/yoast.com\/product\/yoast-seo-wordpress\/ -->\n<title>Chwastox Extra 300 SL Herbicide - Gardeners Friend<\/title>\n<meta name=\"description\" content=\"Chwastox Extra 300 SL - HERBICIDE POUR LE CONTROLE DE LA GOURMOSE BLANCHE, DU PIGMENT DE CHAMP, DES BUBBLES DE CHAMP ET D&#039;AUTRES MAUVAISES HERBES DANS LES C\u00c9R\u00c9ALES DE PRINTEMPS ET D&#039;HIVER\" \/>\n<meta name=\"robots\" content=\"index, follow, max-snippet:-1, max-image-preview:large, max-video-preview:-1\" \/>\n<link rel=\"canonical\" href=\"https:\/\/gardenersfriend.eu\/fr\/produit\/herbicide-chwastox-extra-300-sl\/\" \/>\n<meta property=\"og:locale\" content=\"fr_FR\" \/>\n<meta property=\"og:type\" content=\"article\" \/>\n<meta property=\"og:title\" content=\"Chwastox Extra 300 SL Herbicide - Gardeners Friend\" \/>\n<meta property=\"og:description\" content=\"Chwastox Extra 300 SL - HERBICIDE POUR LE CONTROLE DE LA GOURMOSE BLANCHE, DU PIGMENT DE CHAMP, DES BUBBLES DE CHAMP ET D&#039;AUTRES MAUVAISES HERBES DANS LES C\u00c9R\u00c9ALES DE PRINTEMPS ET D&#039;HIVER\" \/>\n<meta property=\"og:url\" content=\"https:\/\/gardenersfriend.eu\/fr\/produit\/herbicide-chwastox-extra-300-sl\/\" \/>\n<meta property=\"og:site_name\" content=\"Gardeners Friend\" \/>\n<meta property=\"article:publisher\" content=\"https:\/\/www.facebook.com\/people\/Gardeners-Friend-Store\/61566268054378\/\" \/>\n<meta property=\"article:modified_time\" content=\"2026-03-19T19:58:32+00:00\" \/>\n<meta property=\"og:image\" content=\"https:\/\/gardenersfriend.eu\/wp-content\/uploads\/2025\/06\/Chwastox-300-1L-1.png\" \/>\n\t<meta property=\"og:image:width\" content=\"2048\" \/>\n\t<meta property=\"og:image:height\" content=\"2048\" \/>\n\t<meta property=\"og:image:type\" content=\"image\/png\" \/>\n<meta name=\"twitter:card\" content=\"summary_large_image\" \/>\n<meta name=\"twitter:label1\" content=\"Dur\u00e9e de lecture estim\u00e9e\" \/>\n\t<meta name=\"twitter:data1\" content=\"2 minutes\" \/>\n<script type=\"application\/ld+json\" class=\"yoast-schema-graph\">{\"@context\":\"https:\\\/\\\/schema.org\",\"@graph\":[{\"@type\":\"WebPage\",\"@id\":\"https:\\\/\\\/gardenersfriend.eu\\\/fr\\\/produit\\\/herbicide-chwastox-extra-300-sl\\\/\",\"url\":\"https:\\\/\\\/gardenersfriend.eu\\\/fr\\\/produit\\\/herbicide-chwastox-extra-300-sl\\\/\",\"name\":\"Chwastox Extra 300 SL Herbicide - Gardeners Friend\",\"isPartOf\":{\"@id\":\"https:\\\/\\\/gardenersfriend.eu\\\/fr\\\/#website\"},\"primaryImageOfPage\":{\"@id\":\"https:\\\/\\\/gardenersfriend.eu\\\/fr\\\/produit\\\/herbicide-chwastox-extra-300-sl\\\/#primaryimage\"},\"image\":{\"@id\":\"https:\\\/\\\/gardenersfriend.eu\\\/fr\\\/produit\\\/herbicide-chwastox-extra-300-sl\\\/#primaryimage\"},\"thumbnailUrl\":\"https:\\\/\\\/gardenersfriend.eu\\\/wp-content\\\/uploads\\\/2025\\\/06\\\/Chwastox-300-1L-1.png\",\"datePublished\":\"2025-06-04T19:55:27+00:00\",\"dateModified\":\"2026-03-19T19:58:32+00:00\",\"description\":\"Chwastox Extra 300 SL - HERBICIDE POUR LE CONTROLE DE LA GOURMOSE BLANCHE, DU PIGMENT DE CHAMP, DES BUBBLES DE CHAMP ET D'AUTRES MAUVAISES HERBES DANS LES C\u00c9R\u00c9ALES DE PRINTEMPS ET D'HIVER\",\"breadcrumb\":{\"@id\":\"https:\\\/\\\/gardenersfriend.eu\\\/fr\\\/produit\\\/herbicide-chwastox-extra-300-sl\\\/#breadcrumb\"},\"inLanguage\":\"fr-FR\",\"potentialAction\":[{\"@type\":\"ReadAction\",\"target\":[\"https:\\\/\\\/gardenersfriend.eu\\\/fr\\\/produit\\\/herbicide-chwastox-extra-300-sl\\\/\"]}]},{\"@type\":\"ImageObject\",\"inLanguage\":\"fr-FR\",\"@id\":\"https:\\\/\\\/gardenersfriend.eu\\\/fr\\\/produit\\\/herbicide-chwastox-extra-300-sl\\\/#primaryimage\",\"url\":\"https:\\\/\\\/gardenersfriend.eu\\\/wp-content\\\/uploads\\\/2025\\\/06\\\/Chwastox-300-1L-1.png\",\"contentUrl\":\"https:\\\/\\\/gardenersfriend.eu\\\/wp-content\\\/uploads\\\/2025\\\/06\\\/Chwastox-300-1L-1.png\",\"width\":2048,\"height\":2048,\"caption\":\"Chwastox 300 1L\"},{\"@type\":\"BreadcrumbList\",\"@id\":\"https:\\\/\\\/gardenersfriend.eu\\\/fr\\\/produit\\\/herbicide-chwastox-extra-300-sl\\\/#breadcrumb\",\"itemListElement\":[{\"@type\":\"ListItem\",\"position\":1,\"name\":\"Strona g\u0142\u00f3wna\",\"item\":\"https:\\\/\\\/gardenersfriend.eu\\\/fr\\\/\"},{\"@type\":\"ListItem\",\"position\":2,\"name\":\"Boutique\",\"item\":\"https:\\\/\\\/gardenersfriend.eu\\\/shop\\\/\"},{\"@type\":\"ListItem\",\"position\":3,\"name\":\"Chwastox Extra 300 SL Herbicide\"}]},{\"@type\":\"WebSite\",\"@id\":\"https:\\\/\\\/gardenersfriend.eu\\\/fr\\\/#website\",\"url\":\"https:\\\/\\\/gardenersfriend.eu\\\/fr\\\/\",\"name\":\"Gardeners Friend\",\"description\":\"herbicides, fertilisers, roundup\",\"publisher\":{\"@id\":\"https:\\\/\\\/gardenersfriend.eu\\\/fr\\\/#organization\"},\"potentialAction\":[{\"@type\":\"SearchAction\",\"target\":{\"@type\":\"EntryPoint\",\"urlTemplate\":\"https:\\\/\\\/gardenersfriend.eu\\\/fr\\\/?s={search_term_string}\"},\"query-input\":{\"@type\":\"PropertyValueSpecification\",\"valueRequired\":true,\"valueName\":\"search_term_string\"}}],\"inLanguage\":\"fr-FR\"},{\"@type\":\"Organization\",\"@id\":\"https:\\\/\\\/gardenersfriend.eu\\\/fr\\\/#organization\",\"name\":\"Gardeners Friend\",\"url\":\"https:\\\/\\\/gardenersfriend.eu\\\/fr\\\/\",\"logo\":{\"@type\":\"ImageObject\",\"inLanguage\":\"fr-FR\",\"@id\":\"https:\\\/\\\/gardenersfriend.eu\\\/fr\\\/#\\\/schema\\\/logo\\\/image\\\/\",\"url\":\"https:\\\/\\\/gardenersfriend.eu\\\/wp-content\\\/uploads\\\/2025\\\/09\\\/gf_accepted_big_logo.png\",\"contentUrl\":\"https:\\\/\\\/gardenersfriend.eu\\\/wp-content\\\/uploads\\\/2025\\\/09\\\/gf_accepted_big_logo.png\",\"width\":2000,\"height\":1000,\"caption\":\"Gardeners Friend\"},\"image\":{\"@id\":\"https:\\\/\\\/gardenersfriend.eu\\\/fr\\\/#\\\/schema\\\/logo\\\/image\\\/\"},\"sameAs\":[\"https:\\\/\\\/www.facebook.com\\\/people\\\/Gardeners-Friend-Store\\\/61566268054378\\\/\",\"https:\\\/\\\/www.instagram.com\\\/gardeners_friend_store\\\/\"]}]}<\/script>\n<!-- \/ Yoast SEO plugin. -->","yoast_head_json":{"title":"Chwastox Extra 300 SL Herbicide - Gardeners Friend","description":"Chwastox Extra 300 SL - HERBICIDE POUR LE CONTROLE DE LA GOURMOSE BLANCHE, DU PIGMENT DE CHAMP, DES BUBBLES DE CHAMP ET D'AUTRES MAUVAISES HERBES DANS LES C\u00c9R\u00c9ALES DE PRINTEMPS ET D'HIVER","robots":{"index":"index","follow":"follow","max-snippet":"max-snippet:-1","max-image-preview":"max-image-preview:large","max-video-preview":"max-video-preview:-1"},"canonical":"https:\/\/gardenersfriend.eu\/fr\/produit\/herbicide-chwastox-extra-300-sl\/","og_locale":"fr_FR","og_type":"article","og_title":"Chwastox Extra 300 SL Herbicide - Gardeners Friend","og_description":"Chwastox Extra 300 SL - HERBICIDE POUR LE CONTROLE DE LA GOURMOSE BLANCHE, DU PIGMENT DE CHAMP, DES BUBBLES DE CHAMP ET D'AUTRES MAUVAISES HERBES DANS LES C\u00c9R\u00c9ALES DE PRINTEMPS ET D'HIVER","og_url":"https:\/\/gardenersfriend.eu\/fr\/produit\/herbicide-chwastox-extra-300-sl\/","og_site_name":"Gardeners Friend","article_publisher":"https:\/\/www.facebook.com\/people\/Gardeners-Friend-Store\/61566268054378\/","article_modified_time":"2026-03-19T19:58:32+00:00","og_image":[{"width":2048,"height":2048,"url":"https:\/\/gardenersfriend.eu\/wp-content\/uploads\/2025\/06\/Chwastox-300-1L-1.png","type":"image\/png"}],"twitter_card":"summary_large_image","twitter_misc":{"Dur\u00e9e de lecture estim\u00e9e":"2 minutes"},"schema":{"@context":"https:\/\/schema.org","@graph":[{"@type":"WebPage","@id":"https:\/\/gardenersfriend.eu\/fr\/produit\/herbicide-chwastox-extra-300-sl\/","url":"https:\/\/gardenersfriend.eu\/fr\/produit\/herbicide-chwastox-extra-300-sl\/","name":"Chwastox Extra 300 SL Herbicide - Gardeners Friend","isPartOf":{"@id":"https:\/\/gardenersfriend.eu\/fr\/#website"},"primaryImageOfPage":{"@id":"https:\/\/gardenersfriend.eu\/fr\/produit\/herbicide-chwastox-extra-300-sl\/#primaryimage"},"image":{"@id":"https:\/\/gardenersfriend.eu\/fr\/produit\/herbicide-chwastox-extra-300-sl\/#primaryimage"},"thumbnailUrl":"https:\/\/gardenersfriend.eu\/wp-content\/uploads\/2025\/06\/Chwastox-300-1L-1.png","datePublished":"2025-06-04T19:55:27+00:00","dateModified":"2026-03-19T19:58:32+00:00","description":"Chwastox Extra 300 SL - HERBICIDE POUR LE CONTROLE DE LA GOURMOSE BLANCHE, DU PIGMENT DE CHAMP, DES BUBBLES DE CHAMP ET D'AUTRES MAUVAISES HERBES DANS LES C\u00c9R\u00c9ALES DE PRINTEMPS ET D'HIVER","breadcrumb":{"@id":"https:\/\/gardenersfriend.eu\/fr\/produit\/herbicide-chwastox-extra-300-sl\/#breadcrumb"},"inLanguage":"fr-FR","potentialAction":[{"@type":"ReadAction","target":["https:\/\/gardenersfriend.eu\/fr\/produit\/herbicide-chwastox-extra-300-sl\/"]}]},{"@type":"ImageObject","inLanguage":"fr-FR","@id":"https:\/\/gardenersfriend.eu\/fr\/produit\/herbicide-chwastox-extra-300-sl\/#primaryimage","url":"https:\/\/gardenersfriend.eu\/wp-content\/uploads\/2025\/06\/Chwastox-300-1L-1.png","contentUrl":"https:\/\/gardenersfriend.eu\/wp-content\/uploads\/2025\/06\/Chwastox-300-1L-1.png","width":2048,"height":2048,"caption":"Chwastox 300 1L"},{"@type":"BreadcrumbList","@id":"https:\/\/gardenersfriend.eu\/fr\/produit\/herbicide-chwastox-extra-300-sl\/#breadcrumb","itemListElement":[{"@type":"ListItem","position":1,"name":"Strona g\u0142\u00f3wna","item":"https:\/\/gardenersfriend.eu\/fr\/"},{"@type":"ListItem","position":2,"name":"Boutique","item":"https:\/\/gardenersfriend.eu\/shop\/"},{"@type":"ListItem","position":3,"name":"Chwastox Extra 300 SL Herbicide"}]},{"@type":"WebSite","@id":"https:\/\/gardenersfriend.eu\/fr\/#website","url":"https:\/\/gardenersfriend.eu\/fr\/","name":"Gardeners Friend","description":"herbicides, fertilisers, roundup","publisher":{"@id":"https:\/\/gardenersfriend.eu\/fr\/#organization"},"potentialAction":[{"@type":"SearchAction","target":{"@type":"EntryPoint","urlTemplate":"https:\/\/gardenersfriend.eu\/fr\/?s={search_term_string}"},"query-input":{"@type":"PropertyValueSpecification","valueRequired":true,"valueName":"search_term_string"}}],"inLanguage":"fr-FR"},{"@type":"Organization","@id":"https:\/\/gardenersfriend.eu\/fr\/#organization","name":"Gardeners Friend","url":"https:\/\/gardenersfriend.eu\/fr\/","logo":{"@type":"ImageObject","inLanguage":"fr-FR","@id":"https:\/\/gardenersfriend.eu\/fr\/#\/schema\/logo\/image\/","url":"https:\/\/gardenersfriend.eu\/wp-content\/uploads\/2025\/09\/gf_accepted_big_logo.png","contentUrl":"https:\/\/gardenersfriend.eu\/wp-content\/uploads\/2025\/09\/gf_accepted_big_logo.png","width":2000,"height":1000,"caption":"Gardeners Friend"},"image":{"@id":"https:\/\/gardenersfriend.eu\/fr\/#\/schema\/logo\/image\/"},"sameAs":["https:\/\/www.facebook.com\/people\/Gardeners-Friend-Store\/61566268054378\/","https:\/\/www.instagram.com\/gardeners_friend_store\/"]}]}},"uagb_featured_image_src":{"full":["https:\/\/gardenersfriend.eu\/wp-content\/uploads\/2025\/06\/Chwastox-300-1L-1.png",2048,2048,false],"thumbnail":["https:\/\/gardenersfriend.eu\/wp-content\/uploads\/2025\/06\/Chwastox-300-1L-1-150x150.png",150,150,true],"medium":["https:\/\/gardenersfriend.eu\/wp-content\/uploads\/2025\/06\/Chwastox-300-1L-1-300x300.png",300,300,true],"medium_large":["https:\/\/gardenersfriend.eu\/wp-content\/uploads\/2025\/06\/Chwastox-300-1L-1-768x768.png",768,768,true],"large":["https:\/\/gardenersfriend.eu\/wp-content\/uploads\/2025\/06\/Chwastox-300-1L-1-1024x1024.png",1024,1024,true],"1536x1536":["https:\/\/gardenersfriend.eu\/wp-content\/uploads\/2025\/06\/Chwastox-300-1L-1-1536x1536.png",1536,1536,true],"2048x2048":["https:\/\/gardenersfriend.eu\/wp-content\/uploads\/2025\/06\/Chwastox-300-1L-1.png",2048,2048,false],"woocommerce_thumbnail":["https:\/\/gardenersfriend.eu\/wp-content\/uploads\/2025\/06\/Chwastox-300-1L-1-300x300.png",300,300,true],"woocommerce_single":["https:\/\/gardenersfriend.eu\/wp-content\/uploads\/2025\/06\/Chwastox-300-1L-1-600x600.png",600,600,true],"woocommerce_gallery_thumbnail":["https:\/\/gardenersfriend.eu\/wp-content\/uploads\/2025\/06\/Chwastox-300-1L-1-100x100.png",100,100,true]},"uagb_author_info":{"display_name":"admin","author_link":"https:\/\/gardenersfriend.eu\/fr\/author\/"},"uagb_comment_info":0,"uagb_excerpt":"Chwastox Extra 300 SL - herbicide pour lutter contre le blanc gourmand, le pigment des champs, les bulles des champs et d'autres mauvaises herbes dans les c\u00e9r\u00e9ales de printemps et d'hiver.","jetpack_sharing_enabled":true,"_links":{"self":[{"href":"https:\/\/gardenersfriend.eu\/fr\/wp-json\/wp\/v2\/product\/4567","targetHints":{"allow":["GET"]}}],"collection":[{"href":"https:\/\/gardenersfriend.eu\/fr\/wp-json\/wp\/v2\/product"}],"about":[{"href":"https:\/\/gardenersfriend.eu\/fr\/wp-json\/wp\/v2\/types\/product"}],"replies":[{"embeddable":true,"href":"https:\/\/gardenersfriend.eu\/fr\/wp-json\/wp\/v2\/comments?post=4567"}],"wp:featuredmedia":[{"embeddable":true,"href":"https:\/\/gardenersfriend.eu\/fr\/wp-json\/wp\/v2\/media\/4415"}],"wp:attachment":[{"href":"https:\/\/gardenersfriend.eu\/fr\/wp-json\/wp\/v2\/media?parent=4567"}],"wp:term":[{"taxonomy":"product_brand","embeddable":true,"href":"https:\/\/gardenersfriend.eu\/fr\/wp-json\/wp\/v2\/product_brand?post=4567"},{"taxonomy":"product_cat","embeddable":true,"href":"https:\/\/gardenersfriend.eu\/fr\/wp-json\/wp\/v2\/product_cat?post=4567"},{"taxonomy":"product_tag","embeddable":true,"href":"https:\/\/gardenersfriend.eu\/fr\/wp-json\/wp\/v2\/product_tag?post=4567"}],"curies":[{"name":"wp","href":"https:\/\/api.w.org\/{rel}","templated":true}]}}