{"id":4586,"date":"2025-06-04T21:35:45","date_gmt":"2025-06-04T19:35:45","guid":{"rendered":"https:\/\/gardenersfriend.eu\/product\/herbicide-chwastox-complex-260-ew\/"},"modified":"2026-03-19T20:58:32","modified_gmt":"2026-03-19T19:58:32","slug":"herbicide-chwastox-complex-260-ew","status":"publish","type":"product","link":"https:\/\/gardenersfriend.eu\/fr\/produit\/herbicide-chwastox-complex-260-ew\/","title":{"rendered":"Herbicide Chwastox Complex 260 EW"},"content":{"rendered":"<p><strong>Chwastox Complex 260 EW<\/strong> est un herbicide sous forme de liquide pour la pr\u00e9paration d&rsquo;une \u00e9mulsion aqueuse (\u00e9mulsion, huile dans l&rsquo;eau), appliqu\u00e9 par voie foliaire, destin\u00e9 \u00e0 la lutte contre les mauvaises herbes dicotyl\u00e9dones dans le bl\u00e9 d&rsquo;hiver et sur les pelouses, les terrains de sport et les terrains de golf. Selon la classification HRAC, les substances actives sont class\u00e9es dans le groupe O. L&rsquo;agent est destin\u00e9 \u00e0 \u00eatre utilis\u00e9 avec des pulv\u00e9risateurs automoteurs ou mont\u00e9s sur tracteur et des pulv\u00e9risateurs portatifs (y compris les sacs \u00e0 dos). <\/p>\n<h2>Action sur les mauvaises herbes :<\/h2>\n<p><strong>Chwastox Complex 260 EW <\/strong>est un agent s\u00e9lectif \u00e0 action syst\u00e9mique. Il est absorb\u00e9 par les feuilles et se d\u00e9place vers les racines des mauvaises herbes, provoquant leur d\u00e9formation, puis l&rsquo;inhibition de leur croissance et leur mort. Les premiers sympt\u00f4mes sur les mauvaises herbes sensibles apparaissent 1 \u00e0 2 jours apr\u00e8s la pulv\u00e9risation. La croissance des mauvaises herbes est inhib\u00e9e et celles-ci meurent apr\u00e8s environ 3 \u00e0 4 semaines. L&rsquo;agent combat le plus efficacement les mauvaises herbes aux premiers stades de leur d\u00e9veloppement. Les conditions m\u00e9t\u00e9orologiques favorables au d\u00e9veloppement des plantes renforcent l&rsquo;effet herbicide de l&rsquo;agent.      <\/p>\n<ul>\n<li><strong>Mauvaises herbes sensibles<\/strong> (dose 2,0 &#8211; 3,0 l\/ha) : mouron des oiseaux, ortie royale, matricaire inodore, coquelicot des champs, chardon des champs, v\u00e9ronique des champs, gaillet gratteron, renou\u00e9e, camomille des champs, camomille commune, bourse-\u00e0-pasteur.<\/li>\n<li>Adventices <strong>moyennement<\/strong> sensibles : violette des champs.<\/li>\n<li><strong>Mauvaises herbes sensibles<\/strong> (dose 2.5 l\/ha) : plantain \u00e0 feuilles \u00e9troites, mouron des oiseaux, mouron des champs, renoncule des champs, renoncule \u00e2cre, \u00e9pervi\u00e8re, tr\u00e8fle blanc, tr\u00e8fle \u00e0 petites t\u00eates, tr\u00e8fle rouge, chardon des champs, ombilic vert, berce rude, \u00e9peautre du Canada, gaillet gratteron, callune, pr\u00eale des champs, oseille fris\u00e9e, oseille des champs, oseille obtuse, oseille commune, bourse-\u00e0-pasteur, vesce \u00e0 feuilles \u00e9troites.<br \/>\nMauvaises herbes moyennement sensibles : plantain commun, armoise, ortie royale, pissenlit.<\/li>\n<li><strong>Mauvaises herbes r\u00e9sistantes :<\/strong> lierre terrestre, achill\u00e9e millefeuille, ortie commune, liseron des champs, v\u00e9ronique des champs, v\u00e9ronique de Perse, v\u00e9ronique germandr\u00e9e.<\/li>\n<li><strong>Mauvaises herbes sensibles<\/strong> (dose 3.5 l\/ha) : ribwort, plantain commun, armoise, mouron commun, mouron des oiseaux, renoncule des champs, renoncule \u00e2cre, ortie royale, \u00e9pervi\u00e8re velue, tr\u00e8fle blanc, tr\u00e8fle \u00e0 petites t\u00eates, tr\u00e8fle rouge, pissenlit, chardon des champs, \u00e9pilobe vert, ortie commune, ch\u00e9nopode rude, v\u00e9ronique des champs, \u00e9peautre du Canada, gaillet gratteron, corneille commune, pr\u00eale des champs, oseille fris\u00e9e, oseille des champs, oseille obtuse, oseille commune, bourse-\u00e0-pasteur, vesce \u00e0 feuilles \u00e9troites.<\/li>\n<li><strong>Mauvaises herbes moyennement r\u00e9sistantes<\/strong>: achill\u00e9e millefeuille, v\u00e9ronique de Perse.<\/li>\n<li><strong>Mauvaises herbes r\u00e9sistantes : <\/strong>lierre terrestre, liseron des champs, v\u00e9ronique germandr\u00e9e.<\/li>\n<\/ul>\n<p><strong>NOTE<\/strong>! Adventices sensibles apr\u00e8s l&rsquo;application de l&rsquo;agent \u00e0 une dose de 3,5 l\/ha et l&rsquo;ex\u00e9cution de 2 traitements au cours de la p\u00e9riode de v\u00e9g\u00e9tation : lierre terrestre, gaillet gratteron et liseron des champs.<\/p>\n<h2>Application de l&rsquo;agent :<\/h2>\n<h3>Bl\u00e9 d&rsquo;hiver<\/h3>\n<ul>\n<li><strong>Date d&rsquo;application :<\/strong> Appliquer au printemps apr\u00e8s le d\u00e9marrage de la v\u00e9g\u00e9tation, du d\u00e9but de la phase de tallage jusqu&rsquo;\u00e0 la phase du 2\u00e8me n\u0153ud (BBCH 21-32).<\/li>\n<li><strong>Dose maximale pour une application unique :<\/strong> 3,0 l\/ha.<\/li>\n<li><strong>Dose recommand\u00e9e pour une application unique :<\/strong> 2,0 &#8211; 3,0 l\/ha.<\/li>\n<li><strong>Quantit\u00e9 d&rsquo;eau recommand\u00e9e :<\/strong> 200 &#8211; 300 l\/ha.<\/li>\n<li><strong>Pulv\u00e9risation recommand\u00e9e :<\/strong> gouttelettes moyennes.<\/li>\n<li><strong>Nombre maximal de traitements pendant la p\u00e9riode de v\u00e9g\u00e9tation :<\/strong> 1.<\/li>\n<\/ul>\n<h3>Pelouses, terrains de sport, terrains de golf<\/h3>\n<ul>\n<li><strong>Date d&rsquo;application :<\/strong> Utilisez le produit pendant les conditions m\u00e9t\u00e9orologiques favorables \u00e0 la croissance des plantes, du printemps au d\u00e9but de l&rsquo;automne, lorsque la temp\u00e9rature de l&rsquo;air est sup\u00e9rieure \u00e0 10\u00b0C. Appliquez le produit sur l&rsquo;ensemble de la pelouse ou uniquement sur les zones envahies par les mauvaises herbes. <\/li>\n<li><strong>Dose maximale pour un usage unique : <\/strong>3,5 l\/ha.<\/li>\n<li><strong>Dose recommand\u00e9e pour un usage unique :<\/strong> 2,5 &#8211; 3,5 l\/ha.<\/li>\n<\/ul>\n<p>Utilisez la plus forte des doses recommand\u00e9es de l&rsquo;agent sur les mauvaises herbes \u00e0 des stades de d\u00e9veloppement plus avanc\u00e9s et en cas de forte infestation de mauvaises herbes, en particulier sur les mauvaises herbes telles que : le plantain commun, le petit g\u00e9ranium, l&rsquo;armoise, l&rsquo;ortie royale, la v\u00e9ronique des champs et la corneille des champs. En cas de forte infestation de mauvaises herbes, il peut \u00eatre n\u00e9cessaire d&rsquo;effectuer un second traitement. <\/p>\n<p><strong>Nombre maximal de traitements au cours de la p\u00e9riode de v\u00e9g\u00e9tation :<\/strong> 2.<br \/>\n<strong>Intervalle entre les traitements :<\/strong> au moins 56 jours.<br \/>\n<strong>Quantit\u00e9 d&rsquo;eau recommand\u00e9e : <\/strong>200 &#8211; 500 l\/ha.<br \/>\n<strong>Pulv\u00e9risation recommand\u00e9e : <\/strong>gouttelettes moyennes.<\/p>\n<p class=\"p1\"><strong>\u00c9tiquette : <\/strong><a title=\"Chwastox 260 EW\" href=\"https:\/\/gardenersfriend.eu\/wp-content\/uploads\/2026\/02\/Chwastox_Complex_260_EW._FR.pdf\" target=\"_blank\" rel=\"noopener\">Chwastox 260 EW_FR<\/a><\/p>\n<p class=\"p1\"><strong>Site de production :<\/strong> <a title=\"Page Qemetica\" href=\"https:\/\/qemetica-agro.pl\/pl\" target=\"_blank\" rel=\"noopener\">Qemetica<\/a><\/p>\n<h5 style=\"color: #bcbcbc;\">Legal Information<\/h5>\n<p style=\"color: #bcbcbc;\">\nHints! Use pesticides carefully. \nBefore use read the label and product information.\nUse by non-professional users permitted.\nException: The buyer from Belgium declares that\nat the time of purchase he has full legal capacity\nand has the appropriate qualifications required from\npersons purchasing plant protection products.\n\nPursuant to Art. 28 of the Act of March 8, 2013 on plant protection products (Journal of Laws 2020, item 2097), from November 26, 2015, plant protection products intended for professional users may be sold to people who:\n\nPoint 1 - have completed training in the use of plant protection products in the Republic of Poland confirmed by a certificate of completion of this training, or\n\nPoint 2 - have completed training in advising on plant protection products in the Republic of Poland confirmed by a certificate of completion of this training, or\n\nPoint 3 - have completed training in integrated crop production confirmed by a certificate of completion of this training, or\n\nPoint 4 - not earlier than 5 years, prior to the purchase of these funds, have completed the training required from professional users in another Member State of the European Union or in a country being a party to the Agreement on the European Economic Area, on the basis of the provisions in force in that country, confirmed by a document of completion of this training, or they have presented another document issued under the regulations in force in that country, confirming that they obtained authorization to purchase plant protection products intended for professional users.\n\nImportent!\n\nOnly people over 18 years of age can use plant protection products.\n\nPlant protection products should be used safely.\n\nBefore each use, read the information provided on the label and product information.\n\n\n<\/p>\n","protected":false},"excerpt":{"rendered":"<p>Chwastox Complex 260 EW est un herbicide liquide, appliqu\u00e9 par voie foliaire, destin\u00e9 \u00e0 lutter contre les dicotyl\u00e9dones dans le bl\u00e9 et sur les pelouses, les terrains de sport et les terrains de golf.<\/p>\n","protected":false},"featured_media":4390,"comment_status":"open","ping_status":"closed","template":"","meta":{"_uag_custom_page_level_css":"","site-sidebar-layout":"default","site-content-layout":"","ast-site-content-layout":"default","site-content-style":"default","site-sidebar-style":"default","ast-global-header-display":"","ast-banner-title-visibility":"","ast-main-header-display":"","ast-hfb-above-header-display":"","ast-hfb-below-header-display":"","ast-hfb-mobile-header-display":"","site-post-title":"","ast-breadcrumbs-content":"","ast-featured-img":"","footer-sml-layout":"","ast-disable-related-posts":"","theme-transparent-header-meta":"default","adv-header-id-meta":"","stick-header-meta":"","header-above-stick-meta":"","header-main-stick-meta":"","header-below-stick-meta":"","astra-migrate-meta-layouts":"default","ast-page-background-enabled":"default","ast-page-background-meta":{"desktop":{"background-color":"var(--ast-global-color-4)","background-image":"","background-repeat":"repeat","background-position":"center center","background-size":"auto","background-attachment":"scroll","background-type":"","background-media":"","overlay-type":"","overlay-color":"","overlay-opacity":"","overlay-gradient":""},"tablet":{"background-color":"","background-image":"","background-repeat":"repeat","background-position":"center center","background-size":"auto","background-attachment":"scroll","background-type":"","background-media":"","overlay-type":"","overlay-color":"","overlay-opacity":"","overlay-gradient":""},"mobile":{"background-color":"","background-image":"","background-repeat":"repeat","background-position":"center center","background-size":"auto","background-attachment":"scroll","background-type":"","background-media":"","overlay-type":"","overlay-color":"","overlay-opacity":"","overlay-gradient":""}},"ast-content-background-meta":{"desktop":{"background-color":"var(--ast-global-color-5)","background-image":"","background-repeat":"repeat","background-position":"center center","background-size":"auto","background-attachment":"scroll","background-type":"","background-media":"","overlay-type":"","overlay-color":"","overlay-opacity":"","overlay-gradient":""},"tablet":{"background-color":"var(--ast-global-color-5)","background-image":"","background-repeat":"repeat","background-position":"center center","background-size":"auto","background-attachment":"scroll","background-type":"","background-media":"","overlay-type":"","overlay-color":"","overlay-opacity":"","overlay-gradient":""},"mobile":{"background-color":"var(--ast-global-color-5)","background-image":"","background-repeat":"repeat","background-position":"center center","background-size":"auto","background-attachment":"scroll","background-type":"","background-media":"","overlay-type":"","overlay-color":"","overlay-opacity":"","overlay-gradient":""}}},"product_brand":[],"product_cat":[177,88,87],"product_tag":[],"class_list":{"0":"post-4586","1":"product","2":"type-product","3":"status-publish","4":"has-post-thumbnail","6":"product_cat-herbicide","7":"product_cat-les-plus-populaires","8":"product_cat-tous-les-produits","9":"product_shipping_class-tous","10":"desktop-align-left","11":"tablet-align-left","12":"mobile-align-left","14":"first","15":"instock","16":"taxable","17":"shipping-taxable","18":"purchasable","19":"product-type-variable","20":"has-default-attributes"},"yoast_head":"<!-- This site is optimized with the Yoast SEO plugin v27.4 - https:\/\/yoast.com\/product\/yoast-seo-wordpress\/ -->\n<title>Herbicide Chwastox Complex 260 EW - Gardeners Friend<\/title>\n<meta name=\"description\" content=\"Chwastox Complex 260 est un herbicide liquide, appliqu\u00e9 par voie foliaire, destin\u00e9 \u00e0 lutter contre les dicotyl\u00e9dones dans le bl\u00e9 et sur les pelouses, les terrains de sport et les terrains de golf.\" \/>\n<meta name=\"robots\" content=\"index, follow, max-snippet:-1, max-image-preview:large, max-video-preview:-1\" \/>\n<link rel=\"canonical\" href=\"https:\/\/gardenersfriend.eu\/fr\/produit\/herbicide-chwastox-complex-260-ew\/\" \/>\n<meta property=\"og:locale\" content=\"fr_FR\" \/>\n<meta property=\"og:type\" content=\"article\" \/>\n<meta property=\"og:title\" content=\"Herbicide Chwastox Complex 260 EW - Gardeners Friend\" \/>\n<meta property=\"og:description\" content=\"Chwastox Complex 260 est un herbicide liquide, appliqu\u00e9 par voie foliaire, destin\u00e9 \u00e0 lutter contre les dicotyl\u00e9dones dans le bl\u00e9 et sur les pelouses, les terrains de sport et les terrains de golf.\" \/>\n<meta property=\"og:url\" content=\"https:\/\/gardenersfriend.eu\/fr\/produit\/herbicide-chwastox-complex-260-ew\/\" \/>\n<meta property=\"og:site_name\" content=\"Gardeners Friend\" \/>\n<meta property=\"article:publisher\" content=\"https:\/\/www.facebook.com\/people\/Gardeners-Friend-Store\/61566268054378\/\" \/>\n<meta property=\"article:modified_time\" content=\"2026-03-19T19:58:32+00:00\" \/>\n<meta property=\"og:image\" content=\"https:\/\/gardenersfriend.eu\/wp-content\/uploads\/2025\/06\/Chwastox-260-Complex-1L.png\" \/>\n\t<meta property=\"og:image:width\" content=\"2048\" \/>\n\t<meta property=\"og:image:height\" content=\"2048\" \/>\n\t<meta property=\"og:image:type\" content=\"image\/png\" \/>\n<meta name=\"twitter:card\" content=\"summary_large_image\" \/>\n<meta name=\"twitter:label1\" content=\"Dur\u00e9e de lecture estim\u00e9e\" \/>\n\t<meta name=\"twitter:data1\" content=\"4 minutes\" \/>\n<script type=\"application\/ld+json\" class=\"yoast-schema-graph\">{\"@context\":\"https:\\\/\\\/schema.org\",\"@graph\":[{\"@type\":\"WebPage\",\"@id\":\"https:\\\/\\\/gardenersfriend.eu\\\/fr\\\/produit\\\/herbicide-chwastox-complex-260-ew\\\/\",\"url\":\"https:\\\/\\\/gardenersfriend.eu\\\/fr\\\/produit\\\/herbicide-chwastox-complex-260-ew\\\/\",\"name\":\"Herbicide Chwastox Complex 260 EW - Gardeners Friend\",\"isPartOf\":{\"@id\":\"https:\\\/\\\/gardenersfriend.eu\\\/fr\\\/#website\"},\"primaryImageOfPage\":{\"@id\":\"https:\\\/\\\/gardenersfriend.eu\\\/fr\\\/produit\\\/herbicide-chwastox-complex-260-ew\\\/#primaryimage\"},\"image\":{\"@id\":\"https:\\\/\\\/gardenersfriend.eu\\\/fr\\\/produit\\\/herbicide-chwastox-complex-260-ew\\\/#primaryimage\"},\"thumbnailUrl\":\"https:\\\/\\\/gardenersfriend.eu\\\/wp-content\\\/uploads\\\/2025\\\/06\\\/Chwastox-260-Complex-1L.png\",\"datePublished\":\"2025-06-04T19:35:45+00:00\",\"dateModified\":\"2026-03-19T19:58:32+00:00\",\"description\":\"Chwastox Complex 260 est un herbicide liquide, appliqu\u00e9 par voie foliaire, destin\u00e9 \u00e0 lutter contre les dicotyl\u00e9dones dans le bl\u00e9 et sur les pelouses, les terrains de sport et les terrains de golf.\",\"breadcrumb\":{\"@id\":\"https:\\\/\\\/gardenersfriend.eu\\\/fr\\\/produit\\\/herbicide-chwastox-complex-260-ew\\\/#breadcrumb\"},\"inLanguage\":\"fr-FR\",\"potentialAction\":[{\"@type\":\"ReadAction\",\"target\":[\"https:\\\/\\\/gardenersfriend.eu\\\/fr\\\/produit\\\/herbicide-chwastox-complex-260-ew\\\/\"]}]},{\"@type\":\"ImageObject\",\"inLanguage\":\"fr-FR\",\"@id\":\"https:\\\/\\\/gardenersfriend.eu\\\/fr\\\/produit\\\/herbicide-chwastox-complex-260-ew\\\/#primaryimage\",\"url\":\"https:\\\/\\\/gardenersfriend.eu\\\/wp-content\\\/uploads\\\/2025\\\/06\\\/Chwastox-260-Complex-1L.png\",\"contentUrl\":\"https:\\\/\\\/gardenersfriend.eu\\\/wp-content\\\/uploads\\\/2025\\\/06\\\/Chwastox-260-Complex-1L.png\",\"width\":2048,\"height\":2048,\"caption\":\"Chwastox-260-Complex-1L\"},{\"@type\":\"BreadcrumbList\",\"@id\":\"https:\\\/\\\/gardenersfriend.eu\\\/fr\\\/produit\\\/herbicide-chwastox-complex-260-ew\\\/#breadcrumb\",\"itemListElement\":[{\"@type\":\"ListItem\",\"position\":1,\"name\":\"Strona g\u0142\u00f3wna\",\"item\":\"https:\\\/\\\/gardenersfriend.eu\\\/fr\\\/\"},{\"@type\":\"ListItem\",\"position\":2,\"name\":\"Boutique\",\"item\":\"https:\\\/\\\/gardenersfriend.eu\\\/shop\\\/\"},{\"@type\":\"ListItem\",\"position\":3,\"name\":\"Herbicide Chwastox Complex 260 EW\"}]},{\"@type\":\"WebSite\",\"@id\":\"https:\\\/\\\/gardenersfriend.eu\\\/fr\\\/#website\",\"url\":\"https:\\\/\\\/gardenersfriend.eu\\\/fr\\\/\",\"name\":\"Gardeners Friend\",\"description\":\"herbicides, fertilisers, roundup\",\"publisher\":{\"@id\":\"https:\\\/\\\/gardenersfriend.eu\\\/fr\\\/#organization\"},\"potentialAction\":[{\"@type\":\"SearchAction\",\"target\":{\"@type\":\"EntryPoint\",\"urlTemplate\":\"https:\\\/\\\/gardenersfriend.eu\\\/fr\\\/?s={search_term_string}\"},\"query-input\":{\"@type\":\"PropertyValueSpecification\",\"valueRequired\":true,\"valueName\":\"search_term_string\"}}],\"inLanguage\":\"fr-FR\"},{\"@type\":\"Organization\",\"@id\":\"https:\\\/\\\/gardenersfriend.eu\\\/fr\\\/#organization\",\"name\":\"Gardeners Friend\",\"url\":\"https:\\\/\\\/gardenersfriend.eu\\\/fr\\\/\",\"logo\":{\"@type\":\"ImageObject\",\"inLanguage\":\"fr-FR\",\"@id\":\"https:\\\/\\\/gardenersfriend.eu\\\/fr\\\/#\\\/schema\\\/logo\\\/image\\\/\",\"url\":\"https:\\\/\\\/gardenersfriend.eu\\\/wp-content\\\/uploads\\\/2025\\\/09\\\/gf_accepted_big_logo.png\",\"contentUrl\":\"https:\\\/\\\/gardenersfriend.eu\\\/wp-content\\\/uploads\\\/2025\\\/09\\\/gf_accepted_big_logo.png\",\"width\":2000,\"height\":1000,\"caption\":\"Gardeners Friend\"},\"image\":{\"@id\":\"https:\\\/\\\/gardenersfriend.eu\\\/fr\\\/#\\\/schema\\\/logo\\\/image\\\/\"},\"sameAs\":[\"https:\\\/\\\/www.facebook.com\\\/people\\\/Gardeners-Friend-Store\\\/61566268054378\\\/\",\"https:\\\/\\\/www.instagram.com\\\/gardeners_friend_store\\\/\"]}]}<\/script>\n<!-- \/ Yoast SEO plugin. -->","yoast_head_json":{"title":"Herbicide Chwastox Complex 260 EW - Gardeners Friend","description":"Chwastox Complex 260 est un herbicide liquide, appliqu\u00e9 par voie foliaire, destin\u00e9 \u00e0 lutter contre les dicotyl\u00e9dones dans le bl\u00e9 et sur les pelouses, les terrains de sport et les terrains de golf.","robots":{"index":"index","follow":"follow","max-snippet":"max-snippet:-1","max-image-preview":"max-image-preview:large","max-video-preview":"max-video-preview:-1"},"canonical":"https:\/\/gardenersfriend.eu\/fr\/produit\/herbicide-chwastox-complex-260-ew\/","og_locale":"fr_FR","og_type":"article","og_title":"Herbicide Chwastox Complex 260 EW - Gardeners Friend","og_description":"Chwastox Complex 260 est un herbicide liquide, appliqu\u00e9 par voie foliaire, destin\u00e9 \u00e0 lutter contre les dicotyl\u00e9dones dans le bl\u00e9 et sur les pelouses, les terrains de sport et les terrains de golf.","og_url":"https:\/\/gardenersfriend.eu\/fr\/produit\/herbicide-chwastox-complex-260-ew\/","og_site_name":"Gardeners Friend","article_publisher":"https:\/\/www.facebook.com\/people\/Gardeners-Friend-Store\/61566268054378\/","article_modified_time":"2026-03-19T19:58:32+00:00","og_image":[{"width":2048,"height":2048,"url":"https:\/\/gardenersfriend.eu\/wp-content\/uploads\/2025\/06\/Chwastox-260-Complex-1L.png","type":"image\/png"}],"twitter_card":"summary_large_image","twitter_misc":{"Dur\u00e9e de lecture estim\u00e9e":"4 minutes"},"schema":{"@context":"https:\/\/schema.org","@graph":[{"@type":"WebPage","@id":"https:\/\/gardenersfriend.eu\/fr\/produit\/herbicide-chwastox-complex-260-ew\/","url":"https:\/\/gardenersfriend.eu\/fr\/produit\/herbicide-chwastox-complex-260-ew\/","name":"Herbicide Chwastox Complex 260 EW - Gardeners Friend","isPartOf":{"@id":"https:\/\/gardenersfriend.eu\/fr\/#website"},"primaryImageOfPage":{"@id":"https:\/\/gardenersfriend.eu\/fr\/produit\/herbicide-chwastox-complex-260-ew\/#primaryimage"},"image":{"@id":"https:\/\/gardenersfriend.eu\/fr\/produit\/herbicide-chwastox-complex-260-ew\/#primaryimage"},"thumbnailUrl":"https:\/\/gardenersfriend.eu\/wp-content\/uploads\/2025\/06\/Chwastox-260-Complex-1L.png","datePublished":"2025-06-04T19:35:45+00:00","dateModified":"2026-03-19T19:58:32+00:00","description":"Chwastox Complex 260 est un herbicide liquide, appliqu\u00e9 par voie foliaire, destin\u00e9 \u00e0 lutter contre les dicotyl\u00e9dones dans le bl\u00e9 et sur les pelouses, les terrains de sport et les terrains de golf.","breadcrumb":{"@id":"https:\/\/gardenersfriend.eu\/fr\/produit\/herbicide-chwastox-complex-260-ew\/#breadcrumb"},"inLanguage":"fr-FR","potentialAction":[{"@type":"ReadAction","target":["https:\/\/gardenersfriend.eu\/fr\/produit\/herbicide-chwastox-complex-260-ew\/"]}]},{"@type":"ImageObject","inLanguage":"fr-FR","@id":"https:\/\/gardenersfriend.eu\/fr\/produit\/herbicide-chwastox-complex-260-ew\/#primaryimage","url":"https:\/\/gardenersfriend.eu\/wp-content\/uploads\/2025\/06\/Chwastox-260-Complex-1L.png","contentUrl":"https:\/\/gardenersfriend.eu\/wp-content\/uploads\/2025\/06\/Chwastox-260-Complex-1L.png","width":2048,"height":2048,"caption":"Chwastox-260-Complex-1L"},{"@type":"BreadcrumbList","@id":"https:\/\/gardenersfriend.eu\/fr\/produit\/herbicide-chwastox-complex-260-ew\/#breadcrumb","itemListElement":[{"@type":"ListItem","position":1,"name":"Strona g\u0142\u00f3wna","item":"https:\/\/gardenersfriend.eu\/fr\/"},{"@type":"ListItem","position":2,"name":"Boutique","item":"https:\/\/gardenersfriend.eu\/shop\/"},{"@type":"ListItem","position":3,"name":"Herbicide Chwastox Complex 260 EW"}]},{"@type":"WebSite","@id":"https:\/\/gardenersfriend.eu\/fr\/#website","url":"https:\/\/gardenersfriend.eu\/fr\/","name":"Gardeners Friend","description":"herbicides, fertilisers, roundup","publisher":{"@id":"https:\/\/gardenersfriend.eu\/fr\/#organization"},"potentialAction":[{"@type":"SearchAction","target":{"@type":"EntryPoint","urlTemplate":"https:\/\/gardenersfriend.eu\/fr\/?s={search_term_string}"},"query-input":{"@type":"PropertyValueSpecification","valueRequired":true,"valueName":"search_term_string"}}],"inLanguage":"fr-FR"},{"@type":"Organization","@id":"https:\/\/gardenersfriend.eu\/fr\/#organization","name":"Gardeners Friend","url":"https:\/\/gardenersfriend.eu\/fr\/","logo":{"@type":"ImageObject","inLanguage":"fr-FR","@id":"https:\/\/gardenersfriend.eu\/fr\/#\/schema\/logo\/image\/","url":"https:\/\/gardenersfriend.eu\/wp-content\/uploads\/2025\/09\/gf_accepted_big_logo.png","contentUrl":"https:\/\/gardenersfriend.eu\/wp-content\/uploads\/2025\/09\/gf_accepted_big_logo.png","width":2000,"height":1000,"caption":"Gardeners Friend"},"image":{"@id":"https:\/\/gardenersfriend.eu\/fr\/#\/schema\/logo\/image\/"},"sameAs":["https:\/\/www.facebook.com\/people\/Gardeners-Friend-Store\/61566268054378\/","https:\/\/www.instagram.com\/gardeners_friend_store\/"]}]}},"uagb_featured_image_src":{"full":["https:\/\/gardenersfriend.eu\/wp-content\/uploads\/2025\/06\/Chwastox-260-Complex-1L.png",2048,2048,false],"thumbnail":["https:\/\/gardenersfriend.eu\/wp-content\/uploads\/2025\/06\/Chwastox-260-Complex-1L-150x150.png",150,150,true],"medium":["https:\/\/gardenersfriend.eu\/wp-content\/uploads\/2025\/06\/Chwastox-260-Complex-1L-300x300.png",300,300,true],"medium_large":["https:\/\/gardenersfriend.eu\/wp-content\/uploads\/2025\/06\/Chwastox-260-Complex-1L-768x768.png",768,768,true],"large":["https:\/\/gardenersfriend.eu\/wp-content\/uploads\/2025\/06\/Chwastox-260-Complex-1L-1024x1024.png",1024,1024,true],"1536x1536":["https:\/\/gardenersfriend.eu\/wp-content\/uploads\/2025\/06\/Chwastox-260-Complex-1L-1536x1536.png",1536,1536,true],"2048x2048":["https:\/\/gardenersfriend.eu\/wp-content\/uploads\/2025\/06\/Chwastox-260-Complex-1L.png",2048,2048,false],"woocommerce_thumbnail":["https:\/\/gardenersfriend.eu\/wp-content\/uploads\/2025\/06\/Chwastox-260-Complex-1L-300x300.png",300,300,true],"woocommerce_single":["https:\/\/gardenersfriend.eu\/wp-content\/uploads\/2025\/06\/Chwastox-260-Complex-1L-600x600.png",600,600,true],"woocommerce_gallery_thumbnail":["https:\/\/gardenersfriend.eu\/wp-content\/uploads\/2025\/06\/Chwastox-260-Complex-1L-100x100.png",100,100,true]},"uagb_author_info":{"display_name":"admin","author_link":"https:\/\/gardenersfriend.eu\/fr\/author\/"},"uagb_comment_info":0,"uagb_excerpt":"Chwastox Complex 260 EW est un herbicide liquide, appliqu\u00e9 par voie foliaire, destin\u00e9 \u00e0 lutter contre les dicotyl\u00e9dones dans le bl\u00e9 et sur les pelouses, les terrains de sport et les terrains de golf.","jetpack_sharing_enabled":true,"_links":{"self":[{"href":"https:\/\/gardenersfriend.eu\/fr\/wp-json\/wp\/v2\/product\/4586","targetHints":{"allow":["GET"]}}],"collection":[{"href":"https:\/\/gardenersfriend.eu\/fr\/wp-json\/wp\/v2\/product"}],"about":[{"href":"https:\/\/gardenersfriend.eu\/fr\/wp-json\/wp\/v2\/types\/product"}],"replies":[{"embeddable":true,"href":"https:\/\/gardenersfriend.eu\/fr\/wp-json\/wp\/v2\/comments?post=4586"}],"wp:featuredmedia":[{"embeddable":true,"href":"https:\/\/gardenersfriend.eu\/fr\/wp-json\/wp\/v2\/media\/4390"}],"wp:attachment":[{"href":"https:\/\/gardenersfriend.eu\/fr\/wp-json\/wp\/v2\/media?parent=4586"}],"wp:term":[{"taxonomy":"product_brand","embeddable":true,"href":"https:\/\/gardenersfriend.eu\/fr\/wp-json\/wp\/v2\/product_brand?post=4586"},{"taxonomy":"product_cat","embeddable":true,"href":"https:\/\/gardenersfriend.eu\/fr\/wp-json\/wp\/v2\/product_cat?post=4586"},{"taxonomy":"product_tag","embeddable":true,"href":"https:\/\/gardenersfriend.eu\/fr\/wp-json\/wp\/v2\/product_tag?post=4586"}],"curies":[{"name":"wp","href":"https:\/\/api.w.org\/{rel}","templated":true}]}}