{"id":7044,"date":"2025-09-16T12:57:17","date_gmt":"2025-09-16T10:57:17","guid":{"rendered":"https:\/\/gardenersfriend.eu\/?post_type=product&#038;p=7044"},"modified":"2026-02-19T09:13:44","modified_gmt":"2026-02-19T08:13:44","slug":"engrais-dautomne-pour-un-hiver-en-toute-securite","status":"publish","type":"product","link":"https:\/\/gardenersfriend.eu\/fr\/produit\/engrais-dautomne-pour-un-hiver-en-toute-securite\/","title":{"rendered":"Engrais d&rsquo;automne pour un hiver en toute s\u00e9curit\u00e9"},"content":{"rendered":"<h2><strong>Engrais d&rsquo;automne pour un hiver en toute s\u00e9curit\u00e9 &#8211; Herbe verte\u00ae.<\/strong><\/h2>\n<p>&nbsp;<\/p>\n<p>&#x2714;&#xfe0f; <strong>Prot\u00e8ge votre pelouse tout au long de l&rsquo;hiver<\/strong><\/p>\n<p>&#x2714;&#xfe0f; <strong>Renforce votre gazon contre les fortes gel\u00e9es<\/strong><\/p>\n<p>&#x2714;&#xfe0f; <strong>Favorise la croissance printani\u00e8re<\/strong><\/p>\n<p>&#x2714;&#xfe0f; <strong>Est respectueux de l&rsquo;environnement<\/strong><\/p>\n<p>&#x2714;&#xfe0f; <strong>Tr\u00e8s appr\u00e9ci\u00e9 par les utilisateurs<\/strong><\/p>\n<p>L&rsquo;engrais d&rsquo;automne longue dur\u00e9e Mr. Green Grass\u00ae &#8211; Safe Winter &#8211; apporte un soutien complet \u00e0 votre pelouse pendant l&rsquo;automne et la pr\u00e9pare \u00e0 l&rsquo;hiver. Ce produit ne prot\u00e8ge pas seulement le gazon des mois d&rsquo;hiver \u00e0 venir, mais le renforce \u00e9galement en augmentant sa r\u00e9sistance aux gel\u00e9es extr\u00eames. <\/p>\n<p>Il stimule \u00e9galement la ramification, contribuant \u00e0 une croissance luxuriante et saine de l&rsquo;herbe au printemps. Des ingr\u00e9dients cl\u00e9s tels que le potassium et le phosphore augmentent non seulement la r\u00e9sistance au froid et aux maladies, mais favorisent \u00e9galement une approche \u00e9cologique de l&rsquo;entretien des pelouses. <\/p>\n<p>La technologie GRF (Gradual Release Fertilizer) utilis\u00e9e dans nos engrais d&rsquo;automne garantit une lib\u00e9ration soutenue et contr\u00f4l\u00e9e des nutriments, assurant leur disponibilit\u00e9 au moment le plus optimal. Ce processus est r\u00e9gul\u00e9 par l&rsquo;humidit\u00e9 et la temp\u00e9rature du sol, ind\u00e9pendamment d&rsquo;autres conditions telles que le pH ou l&rsquo;activit\u00e9 microbienne. Il repose sur une membrane polym\u00e8re qui permet \u00e0 l&rsquo;eau de p\u00e9n\u00e9trer et de dissoudre les nutriments, ce qui, une fois les nutriments \u00e9puis\u00e9s, permet au rev\u00eatement de se biod\u00e9grader dans le sol.  <\/p>\n<p>&#x26a0;&#xfe0f; Les engrais traditionnels sont souvent rapidement lessiv\u00e9s, ce qui peut entra\u00eener des carences en nutriments pendant les p\u00e9riodes de croissance intense de l&rsquo;herbe. Notre produit, en fournissant des nutriments en continu, \u00e9limine ce probl\u00e8me. La technologie GRF am\u00e9lior\u00e9e est ce qui rend l&rsquo;engrais \u00ab\u00a0Safe Winter\u00a0\u00bb exceptionnellement efficace et efficient, en l&rsquo;adaptant parfaitement aux besoins de votre pelouse.  <\/p>\n<h3><\/h3>\n<h3>&#x23f0; <strong>Application<\/strong><\/h3>\n<p>Engrais d&rsquo;automne &#8211; Hiver s\u00fbr &#8211; Mr. Green Grass\u00ae est la quatri\u00e8me \u00e9tape de l&rsquo;entretien. Appliquez-le une fois entre septembre et novembre, de pr\u00e9f\u00e9rence imm\u00e9diatement apr\u00e8s la tonte, \u00e0 une hauteur de 5 cm. <\/p>\n<p>\u00c9pandez l&rsquo;engrais uniform\u00e9ment \u00e0 l&rsquo;aide d&rsquo;un semoir rotatif \u00e0 raison de 3-4 kg par 100 m\u00b2 (30-40 g\/m\u00b2). Remarque : N&rsquo;\u00e9pandez jamais l&rsquo;engrais \u00e0 la main, car cela entra\u00eenerait une croissance irr\u00e9guli\u00e8re, voire br\u00fblerait le gazon ! <\/p>\n<p>Arrosez abondamment la pelouse apr\u00e8s l&rsquo;application. N&rsquo;oubliez pas que certains granul\u00e9s resteront visibles &#8211; ils lib\u00e9reront des \u00e9l\u00e9ments nutritifs tout au long de l&rsquo;hiver. \u00c0 l&rsquo;arriv\u00e9e du printemps, pour poursuivre l&rsquo;entretien, passez \u00e0 la premi\u00e8re \u00e9tape et appliquez l&rsquo;Engrais de d\u00e9but de printemps &#8211; R\u00e9g\u00e9n\u00e9ration rapide &#8211; Herbe verte\u00ae.  <\/p>\n<p>&nbsp;<\/p>\n<h3><strong>&#x2696;&#xfe0f; Quelle quantit\u00e9 d&rsquo;engrais acheter ?  <\/strong><\/h3>\n<h3><strong>Surface de pelouse &#8211; Exigences<\/strong><\/h3>\n<p>&#x2733;&#xfe0f; Surface 60 \u00e0 120 m\u00b2 &#8211; 3 kg<\/p>\n<p>&#x2733;&#xfe0f; Surface 120 \u00e0 180 m\u00b2 &#8211; 5 kg<\/p>\n<p>&#x2733;&#xfe0f; Surface 180 \u00e0 250 m\u00b2 &#8211; 8 kg<\/p>\n<p>&#x2733;&#xfe0f; Surface 250 \u00e0 300 m\u00b2 &#8211; 10 kg<\/p>\n<p>&#x2733;&#xfe0f; Surface 300 \u00e0 350 m\u00b2 &#8211; 13 kg<\/p>\n<p>&#x2733;&#xfe0f; Surface 350 \u00e0 400 m\u00b2 &#8211; 15 kg<\/p>\n<p>&nbsp;<\/p>\n<h3><strong>Param\u00e8tres :<\/strong><\/h3>\n<p><strong>Utilisation<\/strong><br \/>\nSeptembre \/ Octobre \/ Novembre<\/p>\n<p><strong>Emballage<\/strong><br \/>\n3 kg, 5 kg, 10 kg<\/p>\n<p><strong>Azote [N]<\/strong><br \/>\n12% (6,3% d&rsquo;azote nitrique, 5,7% d&rsquo;azote ammoniacal)<\/p>\n<p><strong>Phosphore soluble dans l&rsquo;eau [P2O5]<\/strong><br \/>\n10%<\/p>\n<p><strong>Potassium soluble dans l&rsquo;eau [K2O]<\/strong><br \/>\n15%.<\/p>\n<p><strong>Magn\u00e9sium total [MgO]<\/strong><br \/>\n2,2%<\/p>\n<p><strong>Bore [B]<\/strong><br \/>\n0.002%<\/p>\n<p><strong>Cuivre [Cu]<\/strong><br \/>\n0,08%<\/p>\n<p><strong>Fer [Fe]<\/strong><br \/>\n0,32%<\/p>\n<p>&nbsp;<\/p>\n<p><strong>Commentaires des clients de Pologne :<\/strong><br \/>\n<a title=\"https:\/\/mrgreengrass.pl\/nawoz-jesienny-do-trawy\/#opinie\" href=\"https:\/\/mrgreengrass.pl\/nawoz-jesienny-do-trawy\/#opinie\">https:\/\/mrgreengrass.pl\/nawoz-jesienny-do-trawy\/#opinie<\/a><\/p>\n<p><strong>Voir aussi : herbicide pour plantes dicotyl\u00e9dones :<\/strong><\/p>\n<p><a title=\"Chwastox Trio\" href=\"https:\/\/gardenersfriend.eu\/fr\/produit\/herbicide-chwastox-390-trio-sl\/\">Chwastox 390 Trio<\/a><\/p>\n","protected":false},"excerpt":{"rendered":"<p>Engrais d&rsquo;automne \u00e0 longue dur\u00e9e d&rsquo;action &#8211; Safe Winter &#8211; Mr. Green Grass\u00ae est un soutien complet pour votre pelouse pendant l&rsquo;automne, la pr\u00e9parant \u00e0 l&rsquo;arriv\u00e9e de l&rsquo;hiver.<\/p>\n","protected":false},"featured_media":7031,"comment_status":"open","ping_status":"closed","template":"","meta":{"_uag_custom_page_level_css":"","site-sidebar-layout":"default","site-content-layout":"","ast-site-content-layout":"default","site-content-style":"default","site-sidebar-style":"default","ast-global-header-display":"","ast-banner-title-visibility":"","ast-main-header-display":"","ast-hfb-above-header-display":"","ast-hfb-below-header-display":"","ast-hfb-mobile-header-display":"","site-post-title":"","ast-breadcrumbs-content":"","ast-featured-img":"","footer-sml-layout":"","ast-disable-related-posts":"","theme-transparent-header-meta":"default","adv-header-id-meta":"","stick-header-meta":"","header-above-stick-meta":"","header-main-stick-meta":"","header-below-stick-meta":"","astra-migrate-meta-layouts":"set","ast-page-background-enabled":"default","ast-page-background-meta":{"desktop":{"background-color":"var(--ast-global-color-4)","background-image":"","background-repeat":"repeat","background-position":"center center","background-size":"auto","background-attachment":"scroll","background-type":"","background-media":"","overlay-type":"","overlay-color":"","overlay-opacity":"","overlay-gradient":""},"tablet":{"background-color":"","background-image":"","background-repeat":"repeat","background-position":"center center","background-size":"auto","background-attachment":"scroll","background-type":"","background-media":"","overlay-type":"","overlay-color":"","overlay-opacity":"","overlay-gradient":""},"mobile":{"background-color":"","background-image":"","background-repeat":"repeat","background-position":"center center","background-size":"auto","background-attachment":"scroll","background-type":"","background-media":"","overlay-type":"","overlay-color":"","overlay-opacity":"","overlay-gradient":""}},"ast-content-background-meta":{"desktop":{"background-color":"var(--ast-global-color-5)","background-image":"","background-repeat":"repeat","background-position":"center center","background-size":"auto","background-attachment":"scroll","background-type":"","background-media":"","overlay-type":"","overlay-color":"","overlay-opacity":"","overlay-gradient":""},"tablet":{"background-color":"var(--ast-global-color-5)","background-image":"","background-repeat":"repeat","background-position":"center center","background-size":"auto","background-attachment":"scroll","background-type":"","background-media":"","overlay-type":"","overlay-color":"","overlay-opacity":"","overlay-gradient":""},"mobile":{"background-color":"var(--ast-global-color-5)","background-image":"","background-repeat":"repeat","background-position":"center center","background-size":"auto","background-attachment":"scroll","background-type":"","background-media":"","overlay-type":"","overlay-color":"","overlay-opacity":"","overlay-gradient":""}}},"product_brand":[173],"product_cat":[167,87],"product_tag":[],"class_list":{"0":"post-7044","1":"product","2":"type-product","3":"status-publish","4":"has-post-thumbnail","6":"product_brand-mr-green-grass","7":"product_cat-engrais","8":"product_cat-tous-les-produits","9":"product_shipping_class-tous","10":"desktop-align-left","11":"tablet-align-left","12":"mobile-align-left","14":"first","15":"instock","16":"taxable","17":"shipping-taxable","18":"purchasable","19":"product-type-variable","20":"has-default-attributes"},"yoast_head":"<!-- This site is optimized with the Yoast SEO plugin v27.4 - https:\/\/yoast.com\/product\/yoast-seo-wordpress\/ -->\n<title>Engrais d&#039;automne pour un hiver en toute s\u00e9curit\u00e9 - Gardeners Friend<\/title>\n<meta name=\"description\" content=\"Safe Winter est un engrais d&#039;automne \u00e0 longue dur\u00e9e d&#039;action qui apporte un soutien complet \u00e0 votre pelouse pendant l&#039;automne et la pr\u00e9pare \u00e0 l&#039;arriv\u00e9e de l&#039;hiver.\" \/>\n<meta name=\"robots\" content=\"index, follow, max-snippet:-1, max-image-preview:large, max-video-preview:-1\" \/>\n<link rel=\"canonical\" href=\"https:\/\/gardenersfriend.eu\/fr\/produit\/engrais-dautomne-pour-un-hiver-en-toute-securite\/\" \/>\n<meta property=\"og:locale\" content=\"fr_FR\" \/>\n<meta property=\"og:type\" content=\"article\" \/>\n<meta property=\"og:title\" content=\"Engrais d&#039;automne pour un hiver en toute s\u00e9curit\u00e9 - Gardeners Friend\" \/>\n<meta property=\"og:description\" content=\"Safe Winter est un engrais d&#039;automne \u00e0 longue dur\u00e9e d&#039;action qui apporte un soutien complet \u00e0 votre pelouse pendant l&#039;automne et la pr\u00e9pare \u00e0 l&#039;arriv\u00e9e de l&#039;hiver.\" \/>\n<meta property=\"og:url\" content=\"https:\/\/gardenersfriend.eu\/fr\/produit\/engrais-dautomne-pour-un-hiver-en-toute-securite\/\" \/>\n<meta property=\"og:site_name\" content=\"Gardeners Friend\" \/>\n<meta property=\"article:publisher\" content=\"https:\/\/www.facebook.com\/people\/Gardeners-Friend-Store\/61566268054378\/\" \/>\n<meta property=\"article:modified_time\" content=\"2026-02-19T08:13:44+00:00\" \/>\n<meta property=\"og:image\" content=\"https:\/\/gardenersfriend.eu\/wp-content\/uploads\/2025\/09\/mr_green_grass_1.jpg\" \/>\n\t<meta property=\"og:image:width\" content=\"1100\" \/>\n\t<meta property=\"og:image:height\" content=\"1100\" \/>\n\t<meta property=\"og:image:type\" content=\"image\/jpeg\" \/>\n<meta name=\"twitter:card\" content=\"summary_large_image\" \/>\n<meta name=\"twitter:label1\" content=\"Dur\u00e9e de lecture estim\u00e9e\" \/>\n\t<meta name=\"twitter:data1\" content=\"3 minutes\" \/>\n<script type=\"application\/ld+json\" class=\"yoast-schema-graph\">{\"@context\":\"https:\\\/\\\/schema.org\",\"@graph\":[{\"@type\":\"WebPage\",\"@id\":\"https:\\\/\\\/gardenersfriend.eu\\\/fr\\\/produit\\\/engrais-dautomne-pour-un-hiver-en-toute-securite\\\/\",\"url\":\"https:\\\/\\\/gardenersfriend.eu\\\/fr\\\/produit\\\/engrais-dautomne-pour-un-hiver-en-toute-securite\\\/\",\"name\":\"Engrais d'automne pour un hiver en toute s\u00e9curit\u00e9 - Gardeners Friend\",\"isPartOf\":{\"@id\":\"https:\\\/\\\/gardenersfriend.eu\\\/fr\\\/#website\"},\"primaryImageOfPage\":{\"@id\":\"https:\\\/\\\/gardenersfriend.eu\\\/fr\\\/produit\\\/engrais-dautomne-pour-un-hiver-en-toute-securite\\\/#primaryimage\"},\"image\":{\"@id\":\"https:\\\/\\\/gardenersfriend.eu\\\/fr\\\/produit\\\/engrais-dautomne-pour-un-hiver-en-toute-securite\\\/#primaryimage\"},\"thumbnailUrl\":\"https:\\\/\\\/gardenersfriend.eu\\\/wp-content\\\/uploads\\\/2025\\\/09\\\/mr_green_grass_1.jpg\",\"datePublished\":\"2025-09-16T10:57:17+00:00\",\"dateModified\":\"2026-02-19T08:13:44+00:00\",\"description\":\"Safe Winter est un engrais d'automne \u00e0 longue dur\u00e9e d'action qui apporte un soutien complet \u00e0 votre pelouse pendant l'automne et la pr\u00e9pare \u00e0 l'arriv\u00e9e de l'hiver.\",\"breadcrumb\":{\"@id\":\"https:\\\/\\\/gardenersfriend.eu\\\/fr\\\/produit\\\/engrais-dautomne-pour-un-hiver-en-toute-securite\\\/#breadcrumb\"},\"inLanguage\":\"fr-FR\",\"potentialAction\":[{\"@type\":\"ReadAction\",\"target\":[\"https:\\\/\\\/gardenersfriend.eu\\\/fr\\\/produit\\\/engrais-dautomne-pour-un-hiver-en-toute-securite\\\/\"]}]},{\"@type\":\"ImageObject\",\"inLanguage\":\"fr-FR\",\"@id\":\"https:\\\/\\\/gardenersfriend.eu\\\/fr\\\/produit\\\/engrais-dautomne-pour-un-hiver-en-toute-securite\\\/#primaryimage\",\"url\":\"https:\\\/\\\/gardenersfriend.eu\\\/wp-content\\\/uploads\\\/2025\\\/09\\\/mr_green_grass_1.jpg\",\"contentUrl\":\"https:\\\/\\\/gardenersfriend.eu\\\/wp-content\\\/uploads\\\/2025\\\/09\\\/mr_green_grass_1.jpg\",\"width\":1100,\"height\":1100,\"caption\":\"Engrais d'automne pour un hiver en toute s\u00e9curit\u00e9\"},{\"@type\":\"BreadcrumbList\",\"@id\":\"https:\\\/\\\/gardenersfriend.eu\\\/fr\\\/produit\\\/engrais-dautomne-pour-un-hiver-en-toute-securite\\\/#breadcrumb\",\"itemListElement\":[{\"@type\":\"ListItem\",\"position\":1,\"name\":\"Strona g\u0142\u00f3wna\",\"item\":\"https:\\\/\\\/gardenersfriend.eu\\\/fr\\\/\"},{\"@type\":\"ListItem\",\"position\":2,\"name\":\"Boutique\",\"item\":\"https:\\\/\\\/gardenersfriend.eu\\\/shop\\\/\"},{\"@type\":\"ListItem\",\"position\":3,\"name\":\"Engrais d&rsquo;automne pour un hiver en toute s\u00e9curit\u00e9\"}]},{\"@type\":\"WebSite\",\"@id\":\"https:\\\/\\\/gardenersfriend.eu\\\/fr\\\/#website\",\"url\":\"https:\\\/\\\/gardenersfriend.eu\\\/fr\\\/\",\"name\":\"Gardeners Friend\",\"description\":\"herbicides, fertilisers, roundup\",\"publisher\":{\"@id\":\"https:\\\/\\\/gardenersfriend.eu\\\/fr\\\/#organization\"},\"potentialAction\":[{\"@type\":\"SearchAction\",\"target\":{\"@type\":\"EntryPoint\",\"urlTemplate\":\"https:\\\/\\\/gardenersfriend.eu\\\/fr\\\/?s={search_term_string}\"},\"query-input\":{\"@type\":\"PropertyValueSpecification\",\"valueRequired\":true,\"valueName\":\"search_term_string\"}}],\"inLanguage\":\"fr-FR\"},{\"@type\":\"Organization\",\"@id\":\"https:\\\/\\\/gardenersfriend.eu\\\/fr\\\/#organization\",\"name\":\"Gardeners Friend\",\"url\":\"https:\\\/\\\/gardenersfriend.eu\\\/fr\\\/\",\"logo\":{\"@type\":\"ImageObject\",\"inLanguage\":\"fr-FR\",\"@id\":\"https:\\\/\\\/gardenersfriend.eu\\\/fr\\\/#\\\/schema\\\/logo\\\/image\\\/\",\"url\":\"https:\\\/\\\/gardenersfriend.eu\\\/wp-content\\\/uploads\\\/2025\\\/09\\\/gf_accepted_big_logo.png\",\"contentUrl\":\"https:\\\/\\\/gardenersfriend.eu\\\/wp-content\\\/uploads\\\/2025\\\/09\\\/gf_accepted_big_logo.png\",\"width\":2000,\"height\":1000,\"caption\":\"Gardeners Friend\"},\"image\":{\"@id\":\"https:\\\/\\\/gardenersfriend.eu\\\/fr\\\/#\\\/schema\\\/logo\\\/image\\\/\"},\"sameAs\":[\"https:\\\/\\\/www.facebook.com\\\/people\\\/Gardeners-Friend-Store\\\/61566268054378\\\/\",\"https:\\\/\\\/www.instagram.com\\\/gardeners_friend_store\\\/\"]}]}<\/script>\n<!-- \/ Yoast SEO plugin. -->","yoast_head_json":{"title":"Engrais d'automne pour un hiver en toute s\u00e9curit\u00e9 - Gardeners Friend","description":"Safe Winter est un engrais d'automne \u00e0 longue dur\u00e9e d'action qui apporte un soutien complet \u00e0 votre pelouse pendant l'automne et la pr\u00e9pare \u00e0 l'arriv\u00e9e de l'hiver.","robots":{"index":"index","follow":"follow","max-snippet":"max-snippet:-1","max-image-preview":"max-image-preview:large","max-video-preview":"max-video-preview:-1"},"canonical":"https:\/\/gardenersfriend.eu\/fr\/produit\/engrais-dautomne-pour-un-hiver-en-toute-securite\/","og_locale":"fr_FR","og_type":"article","og_title":"Engrais d'automne pour un hiver en toute s\u00e9curit\u00e9 - Gardeners Friend","og_description":"Safe Winter est un engrais d'automne \u00e0 longue dur\u00e9e d'action qui apporte un soutien complet \u00e0 votre pelouse pendant l'automne et la pr\u00e9pare \u00e0 l'arriv\u00e9e de l'hiver.","og_url":"https:\/\/gardenersfriend.eu\/fr\/produit\/engrais-dautomne-pour-un-hiver-en-toute-securite\/","og_site_name":"Gardeners Friend","article_publisher":"https:\/\/www.facebook.com\/people\/Gardeners-Friend-Store\/61566268054378\/","article_modified_time":"2026-02-19T08:13:44+00:00","og_image":[{"width":1100,"height":1100,"url":"https:\/\/gardenersfriend.eu\/wp-content\/uploads\/2025\/09\/mr_green_grass_1.jpg","type":"image\/jpeg"}],"twitter_card":"summary_large_image","twitter_misc":{"Dur\u00e9e de lecture estim\u00e9e":"3 minutes"},"schema":{"@context":"https:\/\/schema.org","@graph":[{"@type":"WebPage","@id":"https:\/\/gardenersfriend.eu\/fr\/produit\/engrais-dautomne-pour-un-hiver-en-toute-securite\/","url":"https:\/\/gardenersfriend.eu\/fr\/produit\/engrais-dautomne-pour-un-hiver-en-toute-securite\/","name":"Engrais d'automne pour un hiver en toute s\u00e9curit\u00e9 - Gardeners Friend","isPartOf":{"@id":"https:\/\/gardenersfriend.eu\/fr\/#website"},"primaryImageOfPage":{"@id":"https:\/\/gardenersfriend.eu\/fr\/produit\/engrais-dautomne-pour-un-hiver-en-toute-securite\/#primaryimage"},"image":{"@id":"https:\/\/gardenersfriend.eu\/fr\/produit\/engrais-dautomne-pour-un-hiver-en-toute-securite\/#primaryimage"},"thumbnailUrl":"https:\/\/gardenersfriend.eu\/wp-content\/uploads\/2025\/09\/mr_green_grass_1.jpg","datePublished":"2025-09-16T10:57:17+00:00","dateModified":"2026-02-19T08:13:44+00:00","description":"Safe Winter est un engrais d'automne \u00e0 longue dur\u00e9e d'action qui apporte un soutien complet \u00e0 votre pelouse pendant l'automne et la pr\u00e9pare \u00e0 l'arriv\u00e9e de l'hiver.","breadcrumb":{"@id":"https:\/\/gardenersfriend.eu\/fr\/produit\/engrais-dautomne-pour-un-hiver-en-toute-securite\/#breadcrumb"},"inLanguage":"fr-FR","potentialAction":[{"@type":"ReadAction","target":["https:\/\/gardenersfriend.eu\/fr\/produit\/engrais-dautomne-pour-un-hiver-en-toute-securite\/"]}]},{"@type":"ImageObject","inLanguage":"fr-FR","@id":"https:\/\/gardenersfriend.eu\/fr\/produit\/engrais-dautomne-pour-un-hiver-en-toute-securite\/#primaryimage","url":"https:\/\/gardenersfriend.eu\/wp-content\/uploads\/2025\/09\/mr_green_grass_1.jpg","contentUrl":"https:\/\/gardenersfriend.eu\/wp-content\/uploads\/2025\/09\/mr_green_grass_1.jpg","width":1100,"height":1100,"caption":"Engrais d'automne pour un hiver en toute s\u00e9curit\u00e9"},{"@type":"BreadcrumbList","@id":"https:\/\/gardenersfriend.eu\/fr\/produit\/engrais-dautomne-pour-un-hiver-en-toute-securite\/#breadcrumb","itemListElement":[{"@type":"ListItem","position":1,"name":"Strona g\u0142\u00f3wna","item":"https:\/\/gardenersfriend.eu\/fr\/"},{"@type":"ListItem","position":2,"name":"Boutique","item":"https:\/\/gardenersfriend.eu\/shop\/"},{"@type":"ListItem","position":3,"name":"Engrais d&rsquo;automne pour un hiver en toute s\u00e9curit\u00e9"}]},{"@type":"WebSite","@id":"https:\/\/gardenersfriend.eu\/fr\/#website","url":"https:\/\/gardenersfriend.eu\/fr\/","name":"Gardeners Friend","description":"herbicides, fertilisers, roundup","publisher":{"@id":"https:\/\/gardenersfriend.eu\/fr\/#organization"},"potentialAction":[{"@type":"SearchAction","target":{"@type":"EntryPoint","urlTemplate":"https:\/\/gardenersfriend.eu\/fr\/?s={search_term_string}"},"query-input":{"@type":"PropertyValueSpecification","valueRequired":true,"valueName":"search_term_string"}}],"inLanguage":"fr-FR"},{"@type":"Organization","@id":"https:\/\/gardenersfriend.eu\/fr\/#organization","name":"Gardeners Friend","url":"https:\/\/gardenersfriend.eu\/fr\/","logo":{"@type":"ImageObject","inLanguage":"fr-FR","@id":"https:\/\/gardenersfriend.eu\/fr\/#\/schema\/logo\/image\/","url":"https:\/\/gardenersfriend.eu\/wp-content\/uploads\/2025\/09\/gf_accepted_big_logo.png","contentUrl":"https:\/\/gardenersfriend.eu\/wp-content\/uploads\/2025\/09\/gf_accepted_big_logo.png","width":2000,"height":1000,"caption":"Gardeners Friend"},"image":{"@id":"https:\/\/gardenersfriend.eu\/fr\/#\/schema\/logo\/image\/"},"sameAs":["https:\/\/www.facebook.com\/people\/Gardeners-Friend-Store\/61566268054378\/","https:\/\/www.instagram.com\/gardeners_friend_store\/"]}]}},"uagb_featured_image_src":{"full":["https:\/\/gardenersfriend.eu\/wp-content\/uploads\/2025\/09\/mr_green_grass_1.jpg",1100,1100,false],"thumbnail":["https:\/\/gardenersfriend.eu\/wp-content\/uploads\/2025\/09\/mr_green_grass_1-150x150.jpg",150,150,true],"medium":["https:\/\/gardenersfriend.eu\/wp-content\/uploads\/2025\/09\/mr_green_grass_1-300x300.jpg",300,300,true],"medium_large":["https:\/\/gardenersfriend.eu\/wp-content\/uploads\/2025\/09\/mr_green_grass_1-768x768.jpg",768,768,true],"large":["https:\/\/gardenersfriend.eu\/wp-content\/uploads\/2025\/09\/mr_green_grass_1-1024x1024.jpg",1024,1024,true],"1536x1536":["https:\/\/gardenersfriend.eu\/wp-content\/uploads\/2025\/09\/mr_green_grass_1.jpg",1100,1100,false],"2048x2048":["https:\/\/gardenersfriend.eu\/wp-content\/uploads\/2025\/09\/mr_green_grass_1.jpg",1100,1100,false],"woocommerce_thumbnail":["https:\/\/gardenersfriend.eu\/wp-content\/uploads\/2025\/09\/mr_green_grass_1-300x300.jpg",300,300,true],"woocommerce_single":["https:\/\/gardenersfriend.eu\/wp-content\/uploads\/2025\/09\/mr_green_grass_1-600x600.jpg",600,600,true],"woocommerce_gallery_thumbnail":["https:\/\/gardenersfriend.eu\/wp-content\/uploads\/2025\/09\/mr_green_grass_1-100x100.jpg",100,100,true]},"uagb_author_info":{"display_name":"admin","author_link":"https:\/\/gardenersfriend.eu\/fr\/author\/"},"uagb_comment_info":0,"uagb_excerpt":"Engrais d'automne \u00e0 longue dur\u00e9e d'action - Safe Winter - Mr. Green Grass\u00ae est un soutien complet pour votre pelouse pendant l'automne, la pr\u00e9parant \u00e0 l'arriv\u00e9e de l'hiver.","jetpack_sharing_enabled":true,"_links":{"self":[{"href":"https:\/\/gardenersfriend.eu\/fr\/wp-json\/wp\/v2\/product\/7044","targetHints":{"allow":["GET"]}}],"collection":[{"href":"https:\/\/gardenersfriend.eu\/fr\/wp-json\/wp\/v2\/product"}],"about":[{"href":"https:\/\/gardenersfriend.eu\/fr\/wp-json\/wp\/v2\/types\/product"}],"replies":[{"embeddable":true,"href":"https:\/\/gardenersfriend.eu\/fr\/wp-json\/wp\/v2\/comments?post=7044"}],"wp:featuredmedia":[{"embeddable":true,"href":"https:\/\/gardenersfriend.eu\/fr\/wp-json\/wp\/v2\/media\/7031"}],"wp:attachment":[{"href":"https:\/\/gardenersfriend.eu\/fr\/wp-json\/wp\/v2\/media?parent=7044"}],"wp:term":[{"taxonomy":"product_brand","embeddable":true,"href":"https:\/\/gardenersfriend.eu\/fr\/wp-json\/wp\/v2\/product_brand?post=7044"},{"taxonomy":"product_cat","embeddable":true,"href":"https:\/\/gardenersfriend.eu\/fr\/wp-json\/wp\/v2\/product_cat?post=7044"},{"taxonomy":"product_tag","embeddable":true,"href":"https:\/\/gardenersfriend.eu\/fr\/wp-json\/wp\/v2\/product_tag?post=7044"}],"curies":[{"name":"wp","href":"https:\/\/api.w.org\/{rel}","templated":true}]}}