{"id":7168,"date":"2025-09-19T22:41:07","date_gmt":"2025-09-19T20:41:07","guid":{"rendered":"https:\/\/gardenersfriend.eu\/?post_type=product&#038;p=7168"},"modified":"2026-04-23T15:17:48","modified_gmt":"2026-04-23T13:17:48","slug":"fantasia-800-ec-herbicide","status":"publish","type":"product","link":"https:\/\/gardenersfriend.eu\/fr\/produit\/fantasia-800-ec-herbicide\/","title":{"rendered":"Fantasia 800 EC Herbicide"},"content":{"rendered":"<h2 class=\"Polaris-Text--root Polaris-Text--headingLg Polaris-Text--semibold Polaris-Text--base\" tabindex=\"-1\">Fantasia 800 EC<\/h2>\n<p>Fantasia 800 est un herbicide s\u00e9lectif \u00e0 action syst\u00e9mique, pour application au sol et foliaire, sous forme de concentr\u00e9 \u00e9mulsifiable (CE). Selon la classification HRAC, la substance active prosulfocarbe est class\u00e9e dans le groupe 15 (anciennement groupe K3\/N). <\/p>\n<h3>Description de l&rsquo;action<\/h3>\n<p>Cet herbicide, sous forme d&rsquo;\u00e9mulsion aqueuse concentr\u00e9e (EC), est appliqu\u00e9 sur le sol et le feuillage et est destin\u00e9 \u00e0 la lutte s\u00e9lective contre certaines mauvaises herbes annuelles monocotyl\u00e9dones et dicotyl\u00e9dones.<\/p>\n<h3>Action sur les mauvaises herbes<\/h3>\n<p>Le produit est absorb\u00e9 par les mauvaises herbes dans l&rsquo;heure qui suit l&rsquo;application. Les pluies qui surviennent apr\u00e8s ce d\u00e9lai ne r\u00e9duisent pas l&rsquo;efficacit\u00e9 du produit. La p\u00e9riode d&rsquo;application optimale se situe avant et peu apr\u00e8s l&rsquo;\u00e9mergence des mauvaises herbes, dans les premiers stades de d\u00e9veloppement.  <\/p>\n<p><strong>Mauvaises herbes sensibles :<\/strong> mouron des oiseaux, ortie royale, ch\u00e9nopode blanc, gen\u00eat \u00e0 balais, v\u00e9ronique lierre, v\u00e9ronique de Perse, gaillet gratteron.<\/p>\n<p><strong>Mauvaises herbes moyennement sensibles :<\/strong> pens\u00e9e des champs, pavot des champs, liseron, camomille commune, p\u00e2turin annuel.<\/p>\n<p><strong>Mauvaises herbes r\u00e9sistantes :<\/strong> Mauvaise herbe commune<\/p>\n<h3>Fantasia 800 Application<\/h3>\n<p>Ce produit est destin\u00e9 \u00e0 \u00eatre utilis\u00e9 avec des pulv\u00e9risateurs automoteurs ou mont\u00e9s sur tracteur.<\/p>\n<h3>Vous trouverez tous les d\u00e9tails dans l&rsquo;\u00e9tiquette ci-dessous !<\/h3>\n<p>Cliquez ici :<span style=\"color: #f10d0d;\"> <a title=\"Label_Fantasia800_FR\" href=\"https:\/\/gardenersfriend.eu\/wp-content\/uploads\/2026\/02\/Fantasia_800_FR.pdf\">Label_Fantasia800_FR<\/a><\/span><\/p>\n<p>Voir nos autres produits : <a href=\"https:\/\/gardenersfriend.eu\/fr\/boutique\/\">Tous les produits<\/a><\/p>\n\n<h5>Informations l\u00e9gales<\/h5>\n<p>\nConseils\u00a0! Utilisez les pesticides avec pr\u00e9caution.\n\nAvant utilisation, veuillez lire attentivement l\u2019\u00e9tiquette et les informations relatives au produit.\n\nUtilisation autoris\u00e9e par les particuliers.\n\nException\u00a0: L\u2019acheteur belge d\u00e9clare qu\u2019au moment de l\u2019achat, il est pleinement capable juridiquement et qu\u2019il poss\u00e8de les qualifications requises pour l\u2019achat de produits phytosanitaires.\n\nConform\u00e9ment \u00e0 l\u2019article\u00a0[num\u00e9ro de l\u2019article] Conform\u00e9ment \u00e0 l'article 28 de la loi du 8 mars 2013 relative aux produits phytopharmaceutiques (Journal officiel 2020, article 2097), \u00e0 compter du 26 novembre 2015, les produits phytopharmaceutiques destin\u00e9s aux professionnels peuvent \u00eatre vendus aux personnes qui\u00a0:\n\n1) ont suivi une formation \u00e0 l'utilisation des produits phytopharmaceutiques en R\u00e9publique de Pologne, attest\u00e9e par une attestation de r\u00e9ussite\u00a0; ou\n\n2) ont suivi une formation au conseil en produits phytopharmaceutiques en R\u00e9publique de Pologne, attest\u00e9e par une attestation de r\u00e9ussite\u00a0; ou\n\n3) ont suivi une formation \u00e0 la production v\u00e9g\u00e9tale int\u00e9gr\u00e9e, attest\u00e9e par une attestation de r\u00e9ussite\u00a0; ou\n\n4) ont suivi, au plus t\u00f4t cinq ans avant l'achat de ces produits, la formation requise pour les professionnels dans un autre \u00c9tat membre de l'Union europ\u00e9enne ou dans un pays partie \u00e0 l'Accord sur l'Espace \u00e9conomique europ\u00e9en, conform\u00e9ment \u00e0 la r\u00e9glementation en vigueur dans ce pays, et attest\u00e9e par une attestation de r\u00e9ussite\u00a0; ou ont pr\u00e9sent\u00e9 un autre document d\u00e9livr\u00e9 conform\u00e9ment \u00e0 la r\u00e9glementation en vigueur dans ce pays. Ils confirment avoir obtenu l'autorisation d'acheter des produits phytosanitaires destin\u00e9s aux professionnels.\n\nImportant\u00a0!\n\nSeules les personnes \u00e2g\u00e9es de plus de 18\u00a0ans peuvent utiliser des produits phytosanitaires.\n\nLes produits phytosanitaires doivent \u00eatre utilis\u00e9s avec pr\u00e9caution.\n\nAvant chaque utilisation, veuillez lire attentivement les informations figurant sur l'\u00e9tiquette et la notice.\n<\/p>\n","protected":false},"excerpt":{"rendered":"<p>Fantasia 800 EC Fantasia 800 est un herbicide s\u00e9lectif \u00e0 action syst\u00e9mique, pour application au sol et foliaire, sous forme de concentr\u00e9 \u00e9mulsifiable (CE). Selon la classification HRAC, la substance active prosulfocarbe est class\u00e9e dans le groupe 15 (anciennement groupe K3\/N). Description de l&rsquo;action Cet herbicide, sous forme d&rsquo;\u00e9mulsion aqueuse concentr\u00e9e (EC), est appliqu\u00e9 sur [&hellip;]<\/p>\n","protected":false},"featured_media":7155,"comment_status":"open","ping_status":"closed","template":"","meta":{"_uag_custom_page_level_css":"","site-sidebar-layout":"default","site-content-layout":"","ast-site-content-layout":"default","site-content-style":"default","site-sidebar-style":"default","ast-global-header-display":"","ast-banner-title-visibility":"","ast-main-header-display":"","ast-hfb-above-header-display":"","ast-hfb-below-header-display":"","ast-hfb-mobile-header-display":"","site-post-title":"","ast-breadcrumbs-content":"","ast-featured-img":"","footer-sml-layout":"","ast-disable-related-posts":"","theme-transparent-header-meta":"default","adv-header-id-meta":"","stick-header-meta":"","header-above-stick-meta":"","header-main-stick-meta":"","header-below-stick-meta":"","astra-migrate-meta-layouts":"set","ast-page-background-enabled":"default","ast-page-background-meta":{"desktop":{"background-color":"var(--ast-global-color-4)","background-image":"","background-repeat":"repeat","background-position":"center center","background-size":"auto","background-attachment":"scroll","background-type":"","background-media":"","overlay-type":"","overlay-color":"","overlay-opacity":"","overlay-gradient":""},"tablet":{"background-color":"","background-image":"","background-repeat":"repeat","background-position":"center center","background-size":"auto","background-attachment":"scroll","background-type":"","background-media":"","overlay-type":"","overlay-color":"","overlay-opacity":"","overlay-gradient":""},"mobile":{"background-color":"","background-image":"","background-repeat":"repeat","background-position":"center center","background-size":"auto","background-attachment":"scroll","background-type":"","background-media":"","overlay-type":"","overlay-color":"","overlay-opacity":"","overlay-gradient":""}},"ast-content-background-meta":{"desktop":{"background-color":"var(--ast-global-color-5)","background-image":"","background-repeat":"repeat","background-position":"center center","background-size":"auto","background-attachment":"scroll","background-type":"","background-media":"","overlay-type":"","overlay-color":"","overlay-opacity":"","overlay-gradient":""},"tablet":{"background-color":"var(--ast-global-color-5)","background-image":"","background-repeat":"repeat","background-position":"center center","background-size":"auto","background-attachment":"scroll","background-type":"","background-media":"","overlay-type":"","overlay-color":"","overlay-opacity":"","overlay-gradient":""},"mobile":{"background-color":"var(--ast-global-color-5)","background-image":"","background-repeat":"repeat","background-position":"center center","background-size":"auto","background-attachment":"scroll","background-type":"","background-media":"","overlay-type":"","overlay-color":"","overlay-opacity":"","overlay-gradient":""}}},"product_brand":[],"product_cat":[177,87],"product_tag":[],"class_list":{"0":"post-7168","1":"product","2":"type-product","3":"status-publish","4":"has-post-thumbnail","6":"product_cat-herbicide","7":"product_cat-tous-les-produits","8":"product_shipping_class-tous","9":"desktop-align-left","10":"tablet-align-left","11":"mobile-align-left","13":"first","14":"instock","15":"taxable","16":"shipping-taxable","17":"purchasable","18":"product-type-variable","19":"has-default-attributes"},"yoast_head":"<!-- This site is optimized with the Yoast SEO plugin v27.4 - https:\/\/yoast.com\/product\/yoast-seo-wordpress\/ -->\n<title>Fantasia 800 EC Herbicide - Gardeners Friend<\/title>\n<meta name=\"description\" content=\"Fantasia 800 EC est un herbicide s\u00e9lectif \u00e0 action syst\u00e9mique, pour application au sol et foliaire, sous forme de concentr\u00e9 \u00e9mulsifiable.\" \/>\n<meta name=\"robots\" content=\"index, follow, max-snippet:-1, max-image-preview:large, max-video-preview:-1\" \/>\n<link rel=\"canonical\" href=\"https:\/\/gardenersfriend.eu\/fr\/produit\/fantasia-800-ec-herbicide\/\" \/>\n<meta property=\"og:locale\" content=\"fr_FR\" \/>\n<meta property=\"og:type\" content=\"article\" \/>\n<meta property=\"og:title\" content=\"Fantasia 800 EC Herbicide - Gardeners Friend\" \/>\n<meta property=\"og:description\" content=\"Fantasia 800 EC est un herbicide s\u00e9lectif \u00e0 action syst\u00e9mique, pour application au sol et foliaire, sous forme de concentr\u00e9 \u00e9mulsifiable.\" \/>\n<meta property=\"og:url\" content=\"https:\/\/gardenersfriend.eu\/fr\/produit\/fantasia-800-ec-herbicide\/\" \/>\n<meta property=\"og:site_name\" content=\"Gardeners Friend\" \/>\n<meta property=\"article:publisher\" content=\"https:\/\/www.facebook.com\/people\/Gardeners-Friend-Store\/61566268054378\/\" \/>\n<meta property=\"article:modified_time\" content=\"2026-04-23T13:17:48+00:00\" \/>\n<meta property=\"og:image\" content=\"https:\/\/gardenersfriend.eu\/wp-content\/uploads\/2025\/09\/fantasia800ec-1l.jpg\" \/>\n\t<meta property=\"og:image:width\" content=\"482\" \/>\n\t<meta property=\"og:image:height\" content=\"482\" \/>\n\t<meta property=\"og:image:type\" content=\"image\/jpeg\" \/>\n<meta name=\"twitter:card\" content=\"summary_large_image\" \/>\n<meta name=\"twitter:label1\" content=\"Dur\u00e9e de lecture estim\u00e9e\" \/>\n\t<meta name=\"twitter:data1\" content=\"1 minute\" \/>\n<script type=\"application\/ld+json\" class=\"yoast-schema-graph\">{\"@context\":\"https:\\\/\\\/schema.org\",\"@graph\":[{\"@type\":\"WebPage\",\"@id\":\"https:\\\/\\\/gardenersfriend.eu\\\/fr\\\/produit\\\/fantasia-800-ec-herbicide\\\/\",\"url\":\"https:\\\/\\\/gardenersfriend.eu\\\/fr\\\/produit\\\/fantasia-800-ec-herbicide\\\/\",\"name\":\"Fantasia 800 EC Herbicide - Gardeners Friend\",\"isPartOf\":{\"@id\":\"https:\\\/\\\/gardenersfriend.eu\\\/fr\\\/#website\"},\"primaryImageOfPage\":{\"@id\":\"https:\\\/\\\/gardenersfriend.eu\\\/fr\\\/produit\\\/fantasia-800-ec-herbicide\\\/#primaryimage\"},\"image\":{\"@id\":\"https:\\\/\\\/gardenersfriend.eu\\\/fr\\\/produit\\\/fantasia-800-ec-herbicide\\\/#primaryimage\"},\"thumbnailUrl\":\"https:\\\/\\\/gardenersfriend.eu\\\/wp-content\\\/uploads\\\/2025\\\/09\\\/fantasia800ec-1l.jpg\",\"datePublished\":\"2025-09-19T20:41:07+00:00\",\"dateModified\":\"2026-04-23T13:17:48+00:00\",\"description\":\"Fantasia 800 EC est un herbicide s\u00e9lectif \u00e0 action syst\u00e9mique, pour application au sol et foliaire, sous forme de concentr\u00e9 \u00e9mulsifiable.\",\"breadcrumb\":{\"@id\":\"https:\\\/\\\/gardenersfriend.eu\\\/fr\\\/produit\\\/fantasia-800-ec-herbicide\\\/#breadcrumb\"},\"inLanguage\":\"fr-FR\",\"potentialAction\":[{\"@type\":\"ReadAction\",\"target\":[\"https:\\\/\\\/gardenersfriend.eu\\\/fr\\\/produit\\\/fantasia-800-ec-herbicide\\\/\"]}]},{\"@type\":\"ImageObject\",\"inLanguage\":\"fr-FR\",\"@id\":\"https:\\\/\\\/gardenersfriend.eu\\\/fr\\\/produit\\\/fantasia-800-ec-herbicide\\\/#primaryimage\",\"url\":\"https:\\\/\\\/gardenersfriend.eu\\\/wp-content\\\/uploads\\\/2025\\\/09\\\/fantasia800ec-1l.jpg\",\"contentUrl\":\"https:\\\/\\\/gardenersfriend.eu\\\/wp-content\\\/uploads\\\/2025\\\/09\\\/fantasia800ec-1l.jpg\",\"width\":482,\"height\":482,\"caption\":\"Fantasia 800 1L Gardeners Friend\"},{\"@type\":\"BreadcrumbList\",\"@id\":\"https:\\\/\\\/gardenersfriend.eu\\\/fr\\\/produit\\\/fantasia-800-ec-herbicide\\\/#breadcrumb\",\"itemListElement\":[{\"@type\":\"ListItem\",\"position\":1,\"name\":\"Strona g\u0142\u00f3wna\",\"item\":\"https:\\\/\\\/gardenersfriend.eu\\\/fr\\\/\"},{\"@type\":\"ListItem\",\"position\":2,\"name\":\"Boutique\",\"item\":\"https:\\\/\\\/gardenersfriend.eu\\\/shop\\\/\"},{\"@type\":\"ListItem\",\"position\":3,\"name\":\"Fantasia 800 EC Herbicide\"}]},{\"@type\":\"WebSite\",\"@id\":\"https:\\\/\\\/gardenersfriend.eu\\\/fr\\\/#website\",\"url\":\"https:\\\/\\\/gardenersfriend.eu\\\/fr\\\/\",\"name\":\"Gardeners Friend\",\"description\":\"herbicides, fertilisers, roundup\",\"publisher\":{\"@id\":\"https:\\\/\\\/gardenersfriend.eu\\\/fr\\\/#organization\"},\"potentialAction\":[{\"@type\":\"SearchAction\",\"target\":{\"@type\":\"EntryPoint\",\"urlTemplate\":\"https:\\\/\\\/gardenersfriend.eu\\\/fr\\\/?s={search_term_string}\"},\"query-input\":{\"@type\":\"PropertyValueSpecification\",\"valueRequired\":true,\"valueName\":\"search_term_string\"}}],\"inLanguage\":\"fr-FR\"},{\"@type\":\"Organization\",\"@id\":\"https:\\\/\\\/gardenersfriend.eu\\\/fr\\\/#organization\",\"name\":\"Gardeners Friend\",\"url\":\"https:\\\/\\\/gardenersfriend.eu\\\/fr\\\/\",\"logo\":{\"@type\":\"ImageObject\",\"inLanguage\":\"fr-FR\",\"@id\":\"https:\\\/\\\/gardenersfriend.eu\\\/fr\\\/#\\\/schema\\\/logo\\\/image\\\/\",\"url\":\"https:\\\/\\\/gardenersfriend.eu\\\/wp-content\\\/uploads\\\/2025\\\/09\\\/gf_accepted_big_logo.png\",\"contentUrl\":\"https:\\\/\\\/gardenersfriend.eu\\\/wp-content\\\/uploads\\\/2025\\\/09\\\/gf_accepted_big_logo.png\",\"width\":2000,\"height\":1000,\"caption\":\"Gardeners Friend\"},\"image\":{\"@id\":\"https:\\\/\\\/gardenersfriend.eu\\\/fr\\\/#\\\/schema\\\/logo\\\/image\\\/\"},\"sameAs\":[\"https:\\\/\\\/www.facebook.com\\\/people\\\/Gardeners-Friend-Store\\\/61566268054378\\\/\",\"https:\\\/\\\/www.instagram.com\\\/gardeners_friend_store\\\/\"]}]}<\/script>\n<!-- \/ Yoast SEO plugin. -->","yoast_head_json":{"title":"Fantasia 800 EC Herbicide - Gardeners Friend","description":"Fantasia 800 EC est un herbicide s\u00e9lectif \u00e0 action syst\u00e9mique, pour application au sol et foliaire, sous forme de concentr\u00e9 \u00e9mulsifiable.","robots":{"index":"index","follow":"follow","max-snippet":"max-snippet:-1","max-image-preview":"max-image-preview:large","max-video-preview":"max-video-preview:-1"},"canonical":"https:\/\/gardenersfriend.eu\/fr\/produit\/fantasia-800-ec-herbicide\/","og_locale":"fr_FR","og_type":"article","og_title":"Fantasia 800 EC Herbicide - Gardeners Friend","og_description":"Fantasia 800 EC est un herbicide s\u00e9lectif \u00e0 action syst\u00e9mique, pour application au sol et foliaire, sous forme de concentr\u00e9 \u00e9mulsifiable.","og_url":"https:\/\/gardenersfriend.eu\/fr\/produit\/fantasia-800-ec-herbicide\/","og_site_name":"Gardeners Friend","article_publisher":"https:\/\/www.facebook.com\/people\/Gardeners-Friend-Store\/61566268054378\/","article_modified_time":"2026-04-23T13:17:48+00:00","og_image":[{"width":482,"height":482,"url":"https:\/\/gardenersfriend.eu\/wp-content\/uploads\/2025\/09\/fantasia800ec-1l.jpg","type":"image\/jpeg"}],"twitter_card":"summary_large_image","twitter_misc":{"Dur\u00e9e de lecture estim\u00e9e":"1 minute"},"schema":{"@context":"https:\/\/schema.org","@graph":[{"@type":"WebPage","@id":"https:\/\/gardenersfriend.eu\/fr\/produit\/fantasia-800-ec-herbicide\/","url":"https:\/\/gardenersfriend.eu\/fr\/produit\/fantasia-800-ec-herbicide\/","name":"Fantasia 800 EC Herbicide - Gardeners Friend","isPartOf":{"@id":"https:\/\/gardenersfriend.eu\/fr\/#website"},"primaryImageOfPage":{"@id":"https:\/\/gardenersfriend.eu\/fr\/produit\/fantasia-800-ec-herbicide\/#primaryimage"},"image":{"@id":"https:\/\/gardenersfriend.eu\/fr\/produit\/fantasia-800-ec-herbicide\/#primaryimage"},"thumbnailUrl":"https:\/\/gardenersfriend.eu\/wp-content\/uploads\/2025\/09\/fantasia800ec-1l.jpg","datePublished":"2025-09-19T20:41:07+00:00","dateModified":"2026-04-23T13:17:48+00:00","description":"Fantasia 800 EC est un herbicide s\u00e9lectif \u00e0 action syst\u00e9mique, pour application au sol et foliaire, sous forme de concentr\u00e9 \u00e9mulsifiable.","breadcrumb":{"@id":"https:\/\/gardenersfriend.eu\/fr\/produit\/fantasia-800-ec-herbicide\/#breadcrumb"},"inLanguage":"fr-FR","potentialAction":[{"@type":"ReadAction","target":["https:\/\/gardenersfriend.eu\/fr\/produit\/fantasia-800-ec-herbicide\/"]}]},{"@type":"ImageObject","inLanguage":"fr-FR","@id":"https:\/\/gardenersfriend.eu\/fr\/produit\/fantasia-800-ec-herbicide\/#primaryimage","url":"https:\/\/gardenersfriend.eu\/wp-content\/uploads\/2025\/09\/fantasia800ec-1l.jpg","contentUrl":"https:\/\/gardenersfriend.eu\/wp-content\/uploads\/2025\/09\/fantasia800ec-1l.jpg","width":482,"height":482,"caption":"Fantasia 800 1L Gardeners Friend"},{"@type":"BreadcrumbList","@id":"https:\/\/gardenersfriend.eu\/fr\/produit\/fantasia-800-ec-herbicide\/#breadcrumb","itemListElement":[{"@type":"ListItem","position":1,"name":"Strona g\u0142\u00f3wna","item":"https:\/\/gardenersfriend.eu\/fr\/"},{"@type":"ListItem","position":2,"name":"Boutique","item":"https:\/\/gardenersfriend.eu\/shop\/"},{"@type":"ListItem","position":3,"name":"Fantasia 800 EC Herbicide"}]},{"@type":"WebSite","@id":"https:\/\/gardenersfriend.eu\/fr\/#website","url":"https:\/\/gardenersfriend.eu\/fr\/","name":"Gardeners Friend","description":"herbicides, fertilisers, roundup","publisher":{"@id":"https:\/\/gardenersfriend.eu\/fr\/#organization"},"potentialAction":[{"@type":"SearchAction","target":{"@type":"EntryPoint","urlTemplate":"https:\/\/gardenersfriend.eu\/fr\/?s={search_term_string}"},"query-input":{"@type":"PropertyValueSpecification","valueRequired":true,"valueName":"search_term_string"}}],"inLanguage":"fr-FR"},{"@type":"Organization","@id":"https:\/\/gardenersfriend.eu\/fr\/#organization","name":"Gardeners Friend","url":"https:\/\/gardenersfriend.eu\/fr\/","logo":{"@type":"ImageObject","inLanguage":"fr-FR","@id":"https:\/\/gardenersfriend.eu\/fr\/#\/schema\/logo\/image\/","url":"https:\/\/gardenersfriend.eu\/wp-content\/uploads\/2025\/09\/gf_accepted_big_logo.png","contentUrl":"https:\/\/gardenersfriend.eu\/wp-content\/uploads\/2025\/09\/gf_accepted_big_logo.png","width":2000,"height":1000,"caption":"Gardeners Friend"},"image":{"@id":"https:\/\/gardenersfriend.eu\/fr\/#\/schema\/logo\/image\/"},"sameAs":["https:\/\/www.facebook.com\/people\/Gardeners-Friend-Store\/61566268054378\/","https:\/\/www.instagram.com\/gardeners_friend_store\/"]}]}},"uagb_featured_image_src":{"full":["https:\/\/gardenersfriend.eu\/wp-content\/uploads\/2025\/09\/fantasia800ec-1l.jpg",482,482,false],"thumbnail":["https:\/\/gardenersfriend.eu\/wp-content\/uploads\/2025\/09\/fantasia800ec-1l-150x150.jpg",150,150,true],"medium":["https:\/\/gardenersfriend.eu\/wp-content\/uploads\/2025\/09\/fantasia800ec-1l-300x300.jpg",300,300,true],"medium_large":["https:\/\/gardenersfriend.eu\/wp-content\/uploads\/2025\/09\/fantasia800ec-1l.jpg",482,482,false],"large":["https:\/\/gardenersfriend.eu\/wp-content\/uploads\/2025\/09\/fantasia800ec-1l.jpg",482,482,false],"1536x1536":["https:\/\/gardenersfriend.eu\/wp-content\/uploads\/2025\/09\/fantasia800ec-1l.jpg",482,482,false],"2048x2048":["https:\/\/gardenersfriend.eu\/wp-content\/uploads\/2025\/09\/fantasia800ec-1l.jpg",482,482,false],"woocommerce_thumbnail":["https:\/\/gardenersfriend.eu\/wp-content\/uploads\/2025\/09\/fantasia800ec-1l-300x300.jpg",300,300,true],"woocommerce_single":["https:\/\/gardenersfriend.eu\/wp-content\/uploads\/2025\/09\/fantasia800ec-1l.jpg",482,482,false],"woocommerce_gallery_thumbnail":["https:\/\/gardenersfriend.eu\/wp-content\/uploads\/2025\/09\/fantasia800ec-1l-100x100.jpg",100,100,true]},"uagb_author_info":{"display_name":"admin","author_link":"https:\/\/gardenersfriend.eu\/fr\/author\/"},"uagb_comment_info":0,"uagb_excerpt":"Fantasia 800 EC Fantasia 800 est un herbicide s\u00e9lectif \u00e0 action syst\u00e9mique, pour application au sol et foliaire, sous forme de concentr\u00e9 \u00e9mulsifiable (CE). Selon la classification HRAC, la substance active prosulfocarbe est class\u00e9e dans le groupe 15 (anciennement groupe K3\/N). Description de l&rsquo;action Cet herbicide, sous forme d&rsquo;\u00e9mulsion aqueuse concentr\u00e9e (EC), est appliqu\u00e9 sur\u2026","jetpack_sharing_enabled":true,"_links":{"self":[{"href":"https:\/\/gardenersfriend.eu\/fr\/wp-json\/wp\/v2\/product\/7168","targetHints":{"allow":["GET"]}}],"collection":[{"href":"https:\/\/gardenersfriend.eu\/fr\/wp-json\/wp\/v2\/product"}],"about":[{"href":"https:\/\/gardenersfriend.eu\/fr\/wp-json\/wp\/v2\/types\/product"}],"replies":[{"embeddable":true,"href":"https:\/\/gardenersfriend.eu\/fr\/wp-json\/wp\/v2\/comments?post=7168"}],"wp:featuredmedia":[{"embeddable":true,"href":"https:\/\/gardenersfriend.eu\/fr\/wp-json\/wp\/v2\/media\/7155"}],"wp:attachment":[{"href":"https:\/\/gardenersfriend.eu\/fr\/wp-json\/wp\/v2\/media?parent=7168"}],"wp:term":[{"taxonomy":"product_brand","embeddable":true,"href":"https:\/\/gardenersfriend.eu\/fr\/wp-json\/wp\/v2\/product_brand?post=7168"},{"taxonomy":"product_cat","embeddable":true,"href":"https:\/\/gardenersfriend.eu\/fr\/wp-json\/wp\/v2\/product_cat?post=7168"},{"taxonomy":"product_tag","embeddable":true,"href":"https:\/\/gardenersfriend.eu\/fr\/wp-json\/wp\/v2\/product_tag?post=7168"}],"curies":[{"name":"wp","href":"https:\/\/api.w.org\/{rel}","templated":true}]}}